{"id":2805,"date":"2021-09-25T10:07:48","date_gmt":"2021-09-25T02:07:48","guid":{"rendered":"https:\/\/tianhuipackingmachine.com\/?page_id=2805"},"modified":"2022-12-08T11:47:23","modified_gmt":"2022-12-08T03:47:23","slug":"desktop-vacuum-packing-machine","status":"publish","type":"product","link":"https:\/\/tianhuipackingmachine.com\/tr\/desktop-vacuum-packing-machine\/","title":{"rendered":"Masa\u00fcst\u00fc vakum paketleme makinesi"},"content":{"rendered":"<p class=\"translation-block\"><strong>Masa\u00fcst\u00fc vakum paketleme makinesi<\/strong>, \u00e7e\u015fitli g\u0131da vakum paketleme i\u015flemleri i\u00e7in uygundur, raf \u00f6mr\u00fcn\u00fc uzat\u0131r, g\u0131da bozulmas\u0131n\u0131 yava\u015flat\u0131r. K\u00fc\u00e7\u00fck yer kaplama, ta\u015f\u0131nabilirlik, d\u00fc\u015f\u00fck maliyet ve iyi s\u0131zd\u0131rmazl\u0131k etkisi gibi avantajlara sahiptir. Bu t\u00fcr bir masa \u00fcst\u00fc vakum paketleme makinesi, malzemeyi \u00f6nceden yap\u0131lm\u0131\u015f po\u015fetlere manuel olarak yerle\u015ftirmemizi gerektirir, ard\u0131ndan malzeme ile po\u015feti makineye yerle\u015ftirip m\u00fch\u00fcrleriz. Bu nedenle masa\u00fcst\u00fc vakum paketleme makinesine masa\u00fcst\u00fc vakum s\u0131zd\u0131rmaz\u0131 da denir.<\/p>    <h2 class=\"wp-block-heading\" id=\"h-desktop-vacuum-packing-machine-for-sale\">Sat\u0131l\u0131k masa\u00fcst\u00fc vakum paketleme makinesi<\/h2>    <p>Top Packaging Machinery'de sat\u0131l\u0131k ta\u015f\u0131nabilir vakumlama makinesi, DZ-260A, DZ-260B ve DZ-260C'yi alt b\u00f6l\u00fcmlere ay\u0131ran DZ-260 tipini i\u00e7erir. Vakum paketleme makinesi paslanmaz \u00e7elikten yap\u0131lm\u0131\u015ft\u0131r, dayan\u0131kl\u0131d\u0131r ve paslanmas\u0131 kolay de\u011fildir. Vakum pompas\u0131, havay\u0131 h\u0131zl\u0131 ve verimli bir \u015fekilde \u00e7\u0131karan, verimli \u00e7al\u0131\u015fan \u00fcnl\u00fc marka par\u00e7alar\u0131 kullan\u0131r. Kapa\u011f\u0131 \u015feffaft\u0131r, korozyona dayan\u0131kl\u0131d\u0131r ve servis s\u00fcresini uzat\u0131r. Daha verimli bir vakumlama makinesi se\u00e7ip sat\u0131n almak istiyorsan\u0131z hazneli vakum paketleme makinesini veya \u00e7ift vakumlu paketleme makinesini d\u00fc\u015f\u00fcnebilirsiniz.<\/p>    <figure class=\"wp-block-image aligncenter size-full\"><img loading=\"lazy\" decoding=\"async\" width=\"750\" height=\"500\" src=\"https:\/\/tianhuipackingmachine.com\/wp-content\/uploads\/2021\/09\/desktop-vacuum-packing-machine.jpg\" alt=\"masa\u00fcst\u00fc vakum paketleme makinesi\" class=\"wp-image-2806\" srcset=\"https:\/\/tianhuipackingmachine.com\/wp-content\/uploads\/2021\/09\/desktop-vacuum-packing-machine.jpg 750w, https:\/\/tianhuipackingmachine.com\/wp-content\/uploads\/2021\/09\/desktop-vacuum-packing-machine-300x200.jpg 300w\" sizes=\"auto, (max-width: 750px) 100vw, 750px\" \/><figcaption class=\"wp-element-caption\">Masa\u00fcst\u00fc Vakum Paketleme Makinas\u0131<\/figcaption><\/figure>    <h2 class=\"has-text-color wp-block-heading\" id=\"h-table-top-vacuum-sealer-parameters\" style=\"color:#ff5200\">Masa \u00fcst\u00fc vakumlama makinesi parametreleri<\/h2>    <figure class=\"wp-block-table is-style-stripes\"><table><tbody><tr><td>Modeli<\/td><td>DZ-260A<\/td><td>DZ-260B<\/td><td>DZ-260C<\/td><\/tr><tr><td>G\u00fc\u00e7 kayna\u011f\u0131<\/td><td> AC220V\/50Hz 110V\/60Hz <\/td><td>AC220V\/50Hz 110V\/60Hz<\/td><td>AC220V\/50Hz 110V\/60Hz<\/td><\/tr><tr><td>Vakum pompas\u0131 g\u00fcc\u00fc<\/td><td>180W<\/td><td>180W<\/td><td>120W<\/td><\/tr><tr><td>Is\u0131 s\u0131zd\u0131rmazl\u0131k g\u00fcc\u00fc<\/td><td>260W<\/td><td>260W<\/td><td>260W<\/td><\/tr><tr><td>Vakum odas\u0131 boyutu<\/td><td>390*285*50mm<\/td><td>390*285*50mm<\/td><td>330*270*50mm<\/td><\/tr><tr><td>Vakum odas\u0131n\u0131n malzemesi<\/td><td>Paslanmaz \u00e7elik<\/td><td>Paslanmaz \u00e7elik<\/td><td>Paslanmaz \u00e7elik<\/td><\/tr><tr><td>Makine boyutu<\/td><td>490*340*380mm<\/td><td>490*340*380mm<\/td><td>405*320*340mm<\/td><\/tr><\/tbody><\/table><\/figure>    <h2 class=\"wp-block-heading\" id=\"h-features-of-tabletop-vacuum-packing-machine\">Masa \u00fcst\u00fc vakum paketleme makinesinin \u00f6zellikleri<\/h2>    <ol class=\"wp-block-list\" type=\"1\"> <li>Makul tasar\u0131m, basit yap\u0131, iyi s\u0131zd\u0131rmazl\u0131k etkisi, basit kullan\u0131m, geni\u015f uygulamalar<\/li>    <li>K\u00fc\u00e7\u00fck boyutlu, ta\u015f\u0131nabilir, d\u00fc\u015f\u00fck maliyetli, uygun fiyat, k\u00fc\u00e7\u00fck \u00f6l\u00e7ekli i\u015fletmelere uygun, d\u00fc\u015f\u00fck g\u00fcr\u00fclt\u00fc<\/li>    <li>Ak\u0131ll\u0131 kontrol paneli, \u00e7e\u015fitli parametrelerin y\u00f6netimi kolay olan mikrobilgisayar sistemini benimser<\/li>    <li>Makine g\u00f6vdesi paslanmaz \u00e7elikten yap\u0131lm\u0131\u015f, dayan\u0131kl\u0131, iyi g\u00f6r\u00fcn\u00fcm<\/li>    <li>Vakum odas\u0131, malzemenin \u0131slak veya ya\u011fl\u0131 olarak yerle\u015ftirilmesine uygun, e\u011fimli bir tasar\u0131md\u0131r.<\/li>    <li>\u015eeffaf vakum kapa\u011f\u0131, korozyona ve paslanmaya kar\u015f\u0131 dayan\u0131kl\u0131, iyi s\u0131zd\u0131rmazl\u0131k ko\u015fulu<\/li>    <li>Kullan\u0131m\u0131 ve bak\u0131m\u0131 kolay, makinenin arka k\u0131sm\u0131ndan s\u00f6k\u00fclmesi basit<\/li>    <li>Acil durum anahtar\u0131 \u00e7al\u0131\u015ft\u0131\u011f\u0131nda g\u00fcvenlik \u00f6nlemi olarak prosed\u00fcr\u00fc durdurabilir<\/li> <\/ol>    <h2 class=\"wp-block-heading\" id=\"h-wide-applications-of-desktop-vacuum-sealer\">Masa\u00fcst\u00fc vakumlama makinesinin geni\u015f uygulamalar\u0131<\/h2>    <p class=\"translation-block\">Bir t\u00fcr <strong><a href=\"https:\/\/tianhuipackingmachine.com\/tr\/vacuum-packaging-machine\/\">vakum s\u0131zd\u0131rmaz\u0131<\/a><\/strong> olarak, masa\u00fcst\u00fc vakum paketleme makinesi et, meyve, sebze, tah\u0131l, baharat, at\u0131\u015ft\u0131rmal\u0131k, deniz \u00fcr\u00fcnleri vb. i\u00e7in uygundur. S\u0131\u011f\u0131r eti, kuzu eti, domuz eti, bal\u0131k, tavuk, sosis, past\u0131rma, k\u0131zarm\u0131\u015f \u00f6rdek, elma, erik, \u015feftali, portakal, kivi, yaban mersini, limon, ananas, jack meyvesi, havu\u00e7, ye\u015fil sebze, biber, salatal\u0131k, kurutulmu\u015f tofu, <strong><a href=\"https:\/\/tianhuipackingmachine.com\/tr\/rice-packaging-machine\/\">pirin\u00e7<\/a><\/strong>, yulaf ezmesi, soya fasulyesi, ye\u015fil fasulye, k\u0131rm\u0131z\u0131 fasulye, siyah pirin\u00e7, karabiber tozu, <strong><a href=\"https:\/\/tianhuipackingmachine.com\/tr\/chilli-powder-packing-machine\/\">biber tozu<\/a><\/strong>, zencefil tozu, kimyon tozu, kakule tozu, <strong><a href=\"https:\/\/tianhuipackingmachine.com\/tr\/tea-packaging-machine\/\">\u00e7ay<\/a><\/strong>, bisk\u00fcvi, kuru meyve, m\u0131s\u0131r, yer f\u0131st\u0131\u011f\u0131, kuruyemi\u015f, kavun \u00e7ekirde\u011fi vb. i\u00e7in uygundur. Paketleme po\u015fetleri i\u00e7in, genellikle yayg\u0131n vakum paketleme po\u015fetleri kullan\u0131labilir.<\/p>    <figure class=\"wp-block-image aligncenter size-full\"><img loading=\"lazy\" decoding=\"async\" width=\"750\" height=\"500\" src=\"https:\/\/tianhuipackingmachine.com\/wp-content\/uploads\/2021\/09\/table-top-vacuum-packing-machine-applications.jpg\" alt=\"masa \u00fcst\u00fc vakum paketleme makinesi uygulamalar\u0131\" class=\"wp-image-2807\" srcset=\"https:\/\/tianhuipackingmachine.com\/wp-content\/uploads\/2021\/09\/table-top-vacuum-packing-machine-applications.jpg 750w, https:\/\/tianhuipackingmachine.com\/wp-content\/uploads\/2021\/09\/table-top-vacuum-packing-machine-applications-300x200.jpg 300w\" sizes=\"auto, (max-width: 750px) 100vw, 750px\" \/><figcaption class=\"wp-element-caption\">Masa \u00dcst\u00fc Vakum Paketleme Makinas\u0131 Uygulamalar\u0131<\/figcaption><\/figure>    <h2 class=\"wp-block-heading\" id=\"h-desktop-vacuum-packing-machine-structure\">Masa\u00fcst\u00fc vakum paketleme makinesi yap\u0131s\u0131<\/h2>    <p>Masa \u00fcst\u00fc vakum paketleme makinesi bir vakum pompas\u0131, kontrol paneli, bir vakum odas\u0131, s\u0131zd\u0131rmazl\u0131k \u015feridi, \u015feffaf kapak vb. olu\u015fur. \u00d6ncelikle, vakum pompas\u0131 y\u00fcksek g\u00fc\u00e7, h\u0131zl\u0131 pompalama h\u0131z\u0131, y\u00fcksek verimlilik ve d\u00fc\u015f\u00fck g\u00fcr\u00fclt\u00fcd\u00fcr. \u0130kinci olarak, kontrol paneli vakum b\u00f6lmesindeki vakum derecesini, vakumlama s\u00fcresini, kapatmay\u0131, so\u011futmay\u0131 vb. g\u00f6r\u00fcnt\u00fcleyerek vakum parametrelerini y\u00f6netir. \u00dc\u00e7\u00fcnc\u00fcs\u00fc, vakum odas\u0131 y\u00fczeyi e\u011fimlidir, \u0131slak veya ya\u011fl\u0131 malzeme i\u00e7eren vakum torbas\u0131n\u0131 koymak i\u00e7in uygundur. Ayr\u0131ca vakum uzunlu\u011funu ve geni\u015fli\u011fini sa\u011flamak i\u00e7in s\u0131zd\u0131rmazl\u0131k \u015feridi kullan\u0131l\u0131r. \u015eeffaf kapak, \u00e7al\u0131\u015fma s\u00fcrecini g\u00f6r\u00fcn\u00fcr hale getirir ve kullan\u0131m\u0131 kolayla\u015ft\u0131r\u0131r.<\/p>    <h2 class=\"wp-block-heading\" id=\"h-related-machines-to-vacuum-packaging\">Vakumlu paketleme ile ilgili makineler<\/h2>    <p class=\"translation-block\"><strong><a href=\"https:\/\/tianhuipackingmachine.com\/tr\/\">Top(Henan) Paketleme Makineleri<\/a><\/strong> \u00fczerindeki vakum paketleme makineleri aras\u0131nda masa\u00fcst\u00fc vakum paketleyici, tek odal\u0131 vakum paketleyici ve \u00e7ift odal\u0131 vakum paketleyici bulunmaktad\u0131r. Masa\u00fcst\u00fc vakum s\u0131zd\u0131rmaz\u0131 ile kar\u015f\u0131la\u015ft\u0131r\u0131ld\u0131\u011f\u0131nda, <strong><a href=\"https:\/\/tianhuipackingmachine.com\/tr\/single-chamber-vacuum-packaging-machine\/\">tek odal\u0131 vakum paketleme makinesi<\/a><\/strong> vakum s\u0131zd\u0131rmazl\u0131\u011f\u0131 i\u00e7in daha b\u00fcy\u00fck bir alana ve daha y\u00fcksek \u00e7al\u0131\u015fma verimlili\u011fine sahiptir. Daha b\u00fcy\u00fck \u00fcretim \u00e7\u0131kt\u0131s\u0131 ar\u0131yorsan\u0131z, <strong><a href=\"https:\/\/tianhuipackingmachine.com\/tr\/double-chamber-vacuum-packaging-machine\/\">\u00e7ift odal\u0131 vakum paketleme makinesini<\/a><\/strong> se\u00e7mek iyi bir fikirdir. Ayr\u0131ca, dolum makineleri, etiketleme makineleri, tarih yaz\u0131c\u0131lar\u0131 vb. de tedarik ediyoruz. Ayr\u0131ca, \u00f6zel gereksinimlerinize g\u00f6re \u00f6zelle\u015ftirme hizmeti de sunuyoruz. Daha fazla bilgi i\u00e7in <strong><a href=\"https:\/\/tianhuipackingmachine.com\/tr\/contact\/\">bizimle ileti\u015fime ge\u00e7in<\/a><\/strong>.<\/p>    <figure class=\"wp-block-image aligncenter size-full\"><img loading=\"lazy\" decoding=\"async\" width=\"750\" height=\"500\" src=\"https:\/\/tianhuipackingmachine.com\/wp-content\/uploads\/2021\/09\/single-chamber-double-chamber-vacuum-sealer.jpg\" alt=\"tek odac\u0131kl\u0131 ve \u00e7ift odac\u0131kl\u0131 vakumlama makinesi\" class=\"wp-image-2809\" srcset=\"https:\/\/tianhuipackingmachine.com\/wp-content\/uploads\/2021\/09\/single-chamber-double-chamber-vacuum-sealer.jpg 750w, https:\/\/tianhuipackingmachine.com\/wp-content\/uploads\/2021\/09\/single-chamber-double-chamber-vacuum-sealer-300x200.jpg 300w\" sizes=\"auto, (max-width: 750px) 100vw, 750px\" \/><figcaption class=\"wp-element-caption\">Tek Odac\u0131kl\u0131 &amp;Amp; \u00c7ift Odac\u0131kl\u0131 Vakum M\u00fch\u00fcrleyen<\/figcaption><\/figure>","protected":false},"excerpt":{"rendered":"<p>Desktop vacuum packing machine applies to various food vacuum packaging, extending shelf life, slowing down food spoilage. It has the advantages of small occupied space, portability, low cost, and good sealing effect. This kind of tabletop vacuum packaging machine needs us to put the material to fill in pre-made bags manually, then place the pouch [&hellip;]<\/p>\n","protected":false},"author":1,"featured_media":2806,"parent":0,"template":"","tags":[194],"product-type":[140],"class_list":["post-2805","product","type-product","status-publish","has-post-thumbnail","hentry","tag-vacuum-packing-machine","product-type-vacuum-packaging-machines"],"_links":{"self":[{"href":"https:\/\/tianhuipackingmachine.com\/tr\/wp-json\/wp\/v2\/product\/2805","targetHints":{"allow":["GET"]}}],"collection":[{"href":"https:\/\/tianhuipackingmachine.com\/tr\/wp-json\/wp\/v2\/product"}],"about":[{"href":"https:\/\/tianhuipackingmachine.com\/tr\/wp-json\/wp\/v2\/types\/product"}],"author":[{"embeddable":true,"href":"https:\/\/tianhuipackingmachine.com\/tr\/wp-json\/wp\/v2\/users\/1"}],"wp:featuredmedia":[{"embeddable":true,"href":"https:\/\/tianhuipackingmachine.com\/tr\/wp-json\/wp\/v2\/media\/2806"}],"wp:attachment":[{"href":"https:\/\/tianhuipackingmachine.com\/tr\/wp-json\/wp\/v2\/media?parent=2805"}],"wp:term":[{"taxonomy":"post_tag","embeddable":true,"href":"https:\/\/tianhuipackingmachine.com\/tr\/wp-json\/wp\/v2\/tags?post=2805"},{"taxonomy":"product-type","embeddable":true,"href":"https:\/\/tianhuipackingmachine.com\/tr\/wp-json\/wp\/v2\/product-type?post=2805"}],"curies":[{"name":"wp","href":"https:\/\/api.w.org\/{rel}","templated":true}]}}