{"id":2733,"date":"2021-09-24T09:58:04","date_gmt":"2021-09-24T01:58:04","guid":{"rendered":"https:\/\/tianhuipackingmachine.com\/?page_id=2733"},"modified":"2022-04-27T11:43:16","modified_gmt":"2022-04-27T03:43:16","slug":"electric-vertical-packing-machine","status":"publish","type":"product","link":"https:\/\/tianhuipackingmachine.com\/tr\/electric-vertical-packing-machine\/","title":{"rendered":"Elektrikli dikey paketleme makinesi"},"content":{"rendered":"<p class=\"translation-block\"><strong>Elektrikli dikey paketleme makinesi<\/strong> esas olarak iki b\u00f6l\u00fcmden olu\u015fur: besleme sistemi ve paketleme sistemi. Besleme sistemi, toz, gran\u00fcl veya ikisi bir arada k\u00fc\u00e7\u00fck bir dolum makinesidir. Bir\u00e7ok dolum kapsam\u0131 iste\u011fe ba\u011fl\u0131d\u0131r. Paketleme sistemi, besleme sisteminden d\u00fc\u015fen malzemeleri paketlemek i\u00e7in torba yapmak i\u00e7in kullan\u0131l\u0131r. Standart bir gran\u00fcl veya toz paketleme makinesiyle kar\u015f\u0131la\u015ft\u0131r\u0131ld\u0131\u011f\u0131nda, makine kantitatif tart\u0131m ile daha hassas doldurur, ancak paketleme h\u0131z\u0131 daha yava\u015ft\u0131r. D\u00fc\u015f\u00fck maliyetli olup k\u00fc\u00e7\u00fck ve orta \u00f6l\u00e7ekli i\u015fletmeler i\u00e7in uygundur. Ayr\u0131ca, ihtiya\u00e7lar\u0131n\u0131za g\u00f6re \u00f6zelle\u015ftirme hizmeti mevcuttur.<\/p>    <h2 class=\"wp-block-heading\" id=\"h-electric-vertical-packaging-machine-for-sale\">Sat\u0131l\u0131k elektrikli dikey paketleme makinesi<\/h2>    <p class=\"translation-block\"><strong><a href=\"https:\/\/tianhuipackingmachine.com\/tr\/\">Henan Top Packing machinery<\/a><\/strong>'de sat\u0131l\u0131k elektrikli dikey paketleme makinesi, elektrikli yan m\u00fch\u00fcrl\u00fc tip paketleme makinesi ve elektrikli arka m\u00fch\u00fcrl\u00fc tip paketleme makinesi i\u00e7erir. \u0130ki t\u00fcr ekipman torba yap\u0131c\u0131, dikey s\u0131zd\u0131rmazl\u0131k cihaz\u0131 ve u\u00e7 s\u0131zd\u0131rmazl\u0131k ve kesme cihaz\u0131 a\u00e7\u0131s\u0131ndan farkl\u0131d\u0131r. Makine, 3 tarafl\u0131 s\u0131zd\u0131rmaz torbalar veya arka s\u0131zd\u0131rmaz torbalar yapabilir. Tart\u0131m, torba olu\u015fturma, doldurma, s\u0131zd\u0131rmazl\u0131k ve kesme i\u015flemlerini ayr\u0131 ayr\u0131 tamamlayabilir. Kontrol paneli s\u0131zd\u0131rmazl\u0131k s\u0131cakl\u0131\u011f\u0131n\u0131 ve torba uzunlu\u011funu ayarlayabilir ve \u00fcst s\u0131cakl\u0131\u011f\u0131, alt s\u0131cakl\u0131\u011f\u0131 ve ger\u00e7ek uzunlu\u011fu g\u00f6sterebilir.<\/p>    <figure class=\"wp-block-gallery has-nested-images columns-default is-cropped wp-block-gallery-2 is-layout-flex wp-block-gallery-is-layout-flex\"> <figure class=\"wp-block-image size-large\"><img loading=\"lazy\" decoding=\"async\" width=\"750\" height=\"500\" data-id=\"4432\" src=\"https:\/\/tianhuipackingmachine.com\/wp-content\/uploads\/2021\/12\/electric-packaging-machine-750x500.jpg\" alt=\"elektrikli paketleme makinesi\" class=\"wp-image-4432\" srcset=\"https:\/\/tianhuipackingmachine.com\/wp-content\/uploads\/2021\/12\/electric-packaging-machine.jpg 750w, https:\/\/tianhuipackingmachine.com\/wp-content\/uploads\/2021\/12\/electric-packaging-machine-480x320.jpg 480w\" sizes=\"auto, (max-width: 750px) 100vw, 750px\" \/><figcaption>Elektrikli Paketleme Makinas\u0131<\/figcaption><\/figure>    <figure class=\"wp-block-image size-large\"><img loading=\"lazy\" decoding=\"async\" width=\"750\" height=\"500\" data-id=\"3630\" src=\"https:\/\/tianhuipackingmachine.com\/wp-content\/uploads\/2021\/12\/Electric-VFFS-Machine-750x500.jpg\" alt=\"Elektrikli VFFS Makinesi\" class=\"wp-image-3630\" srcset=\"https:\/\/tianhuipackingmachine.com\/wp-content\/uploads\/2021\/12\/Electric-VFFS-Machine.jpg 750w, https:\/\/tianhuipackingmachine.com\/wp-content\/uploads\/2021\/12\/Electric-VFFS-Machine-480x320.jpg 480w\" sizes=\"auto, (max-width: 750px) 100vw, 750px\" \/><figcaption>Elektrikli Vffs Makinesi<\/figcaption><\/figure> <\/figure>    <h2 class=\"wp-block-heading\" id=\"h-features-of-electric-vertical-packaging-machine\">Elektrikli dikey paketleme makinesinin \u00f6zellikleri<\/h2>    <ol class=\"wp-block-list\" type=\"1\"><li>Makul tasar\u0131m, basit yap\u0131, kullan\u0131m\u0131 kolay<\/li><li>Do\u011fru tart\u0131m, y\u00fcksek hassasiyet, d\u00fc\u015f\u00fck maliyet, uygun fiyat<\/li><li>\u0130htiya\u00e7lar\u0131n\u0131za g\u00f6re bir\u00e7ok ambalaj kapsam\u0131 se\u00e7ilebilir<\/li><li>3 taraf\u0131 m\u00fch\u00fcrl\u00fc torba ve arka m\u00fch\u00fcrl\u00fc torba iste\u011fe ba\u011fl\u0131d\u0131r<\/li><li>\u00d6zelle\u015ftirme hizmeti mevcut<\/li><\/ol>    <h2 class=\"wp-block-heading\" id=\"h-wide-applications-of-small-electric-packing-machine\">K\u00fc\u00e7\u00fck elektrikli paketleme makinesinin geni\u015f uygulamalar\u0131<\/h2>    <p class=\"translation-block\">Makine, di\u011fer <strong><a href=\"https:\/\/tianhuipackingmachine.com\/tr\/granule-packing-machine\/\">gran\u00fcl paketleme makineleri<\/a><\/strong> ve toz paketleme makinelerine benzer. F\u0131st\u0131k, kahve \u00e7ekirde\u011fi, kavun \u00e7ekirde\u011fi, tah\u0131l, kuruyemi\u015f, yulaf ezmesi, pirin\u00e7, \u00e7ay, kuru meyve, susam, soya fasulyesi, ye\u015fil fasulye, k\u0131rm\u0131z\u0131 fasulye, monosodyum glutamat, tuz, un, s\u00fct tozu, m\u0131s\u0131r unu, pirin\u00e7 unu, <strong><a href=\"https:\/\/tianhuipackingmachine.com\/tr\/coffee-packaging-machine\/\">kahve tozu<\/a><\/strong>, baharat, <strong><a href=\"https:\/\/tianhuipackingmachine.com\/tr\/chilli-powder-packing-machine\/\">pul biber<\/a><\/strong>, ni\u015fasta, boya tozu, <strong><a href=\"https:\/\/tianhuipackingmachine.com\/tr\/detergent-powder-packing-machine\/\">deterjan tozu<\/a><\/strong> vb. gibi \u00e7e\u015fitli gran\u00fcl ve tozlar i\u00e7in uygundur.<\/p>    <figure class=\"wp-block-gallery has-nested-images columns-default is-cropped wp-block-gallery-3 is-layout-flex wp-block-gallery-is-layout-flex\"> <figure class=\"wp-block-image size-large\"><img loading=\"lazy\" decoding=\"async\" width=\"750\" height=\"500\" data-id=\"4433\" src=\"https:\/\/tianhuipackingmachine.com\/wp-content\/uploads\/2021\/12\/final-packing-effect-750x500.jpg\" alt=\"son paketleme etkisi\" class=\"wp-image-4433\" srcset=\"https:\/\/tianhuipackingmachine.com\/wp-content\/uploads\/2021\/12\/final-packing-effect.jpg 750w, https:\/\/tianhuipackingmachine.com\/wp-content\/uploads\/2021\/12\/final-packing-effect-480x320.jpg 480w\" sizes=\"auto, (max-width: 750px) 100vw, 750px\" \/><figcaption>Nihai Paketleme Etkisi<\/figcaption><\/figure>    <figure class=\"wp-block-image size-large\"><img loading=\"lazy\" decoding=\"async\" width=\"750\" height=\"500\" data-id=\"4434\" src=\"https:\/\/tianhuipackingmachine.com\/wp-content\/uploads\/2021\/12\/packaging-effect-display-1-750x500.jpg\" alt=\"ambalaj efekti ekran\u0131\" class=\"wp-image-4434\" srcset=\"https:\/\/tianhuipackingmachine.com\/wp-content\/uploads\/2021\/12\/packaging-effect-display-1.jpg 750w, https:\/\/tianhuipackingmachine.com\/wp-content\/uploads\/2021\/12\/packaging-effect-display-1-480x320.jpg 480w\" sizes=\"auto, (max-width: 750px) 100vw, 750px\" \/><figcaption>Paketleme Efekti G\u00f6sterimi<\/figcaption><\/figure> <\/figure>    <h2 class=\"wp-block-heading\" id=\"h-electric-vertical-form-filling-sealing-machine-working-video\">Elektrikli dikey form dolum kapatma makinesi \u00e7al\u0131\u015fma videosu <\/h2>   <figure class=\"wp-block-embed-youtube wp-block-embed is-type-video is-provider-youtube wp-embed-aspect-16-9 wp-has-aspect-ratio\"><div class=\"lyte-wrapper\" title=\"Elektrikli Dikey Paketleme Makinas\u0131 | Toz, Gran\u00fcl, \u00c7ubuk Torbal\u0131, Yan Kilitli Torbaya Uygun\" style=\"width:853px;max-width:100%;margin:5px auto;\"><div class=\"lyMe\" id=\"WYL_7TSMlFBWPOY\" itemprop=\"video\" itemscope itemtype=\"https:\/\/schema.org\/VideoObject\"><div><meta itemprop=\"thumbnailUrl\" content=\"https:\/\/i.ytimg.com\/vi\/7TSMlFBWPOY\/hqdefault.jpg\" \/><meta itemprop=\"embedURL\" content=\"https:\/\/www.youtube.com\/embed\/7TSMlFBWPOY\" \/><meta itemprop=\"duration\" content=\"PT4M31S\" \/><meta itemprop=\"uploadDate\" content=\"2021-12-24T04:18:33Z\" \/><\/div><div id=\"lyte_7TSMlFBWPOY\" data-src=\"https:\/\/i.ytimg.com\/vi\/7TSMlFBWPOY\/hqdefault.jpg\" class=\"pL\"><div class=\"tC\"><div class=\"tT\" itemprop=\"name\">Elektrikli Dikey Paketleme Makinas\u0131 | Toz, Gran\u00fcl, \u00c7ubuk Torbal\u0131, Yan Kilitli Torbaya Uygun<\/div><\/div><div class=\"play\"><\/div><div class=\"ctrl\"><div class=\"Lctrl\"><\/div><div class=\"Rctrl\"><\/div><\/div><\/div><noscript><a href=\"https:\/\/youtu.be\/7TSMlFBWPOY\" rel=\"nofollow noopener\" target=\"_blank\"><img loading=\"lazy\" decoding=\"async\" src=\"https:\/\/i.ytimg.com\/vi\/7TSMlFBWPOY\/0.jpg\" alt=\"Elektrikli Dikey Paketleme Makinas\u0131 | Toz, Gran\u00fcl, \u00c7ubuk Torbal\u0131, Yan Kilitli Torbaya Uygun\" width=\"853\" height=\"460\" \/><\/a><\/noscript><meta itemprop=\"description\" content=\"https:\/\/tianhuipackingmachine.com\/electric-vertical-packing-machine\/ If you are interested in it, welcome to consult us. Email: sales@toppackingmachine.com | Whatsapp\/Tel: +86 17329326135 Electric vertical packing machine applies to various powdery and granular material packaging, such as milk powder, coffee powder, spice powder, sugar, salt, peanut, banana chips, rice, etc. It has the characteristics of low cost, small occupied space, wide applicable material, and so on. There are lots of types of machines, and so can choose the suitable one according to your actual needs. If you are interested in it, welcome to consult us. Email: sales@toppackingmachine.com | Whatsapp\/Tel: +86 17329326135 https:\/\/tianhuipackingmachine.com\/electric-vertical-packing-machine\/\"><\/div><\/div><div class=\"lL\" style=\"max-width:100%;width:853px;margin:5px auto;\"> <a href=\"https:\/\/youtu.be\/7TSMlFBWPOY\" target=\"_blank\" rel=\"noopener\">Bu videoyu YouTube'da izleyin<\/a>.<\/div><figcaption><\/figcaption><\/figure>   <h2 class=\"wp-block-heading\" id=\"h-electric-vertical-packing-machine-structure\">Elektrikli dikey paketleme makinesi yap\u0131s\u0131<\/h2>    <p class=\"translation-block\">Elektrikli paketleme makinesi bir t\u00fcr <strong><a href=\"https:\/\/tianhuipackingmachine.com\/tr\/vertical-packaging-machine\/\">dikey form doldurma s\u0131zd\u0131rmazl\u0131k makinesidir<\/a><\/strong>. Paketleme rulo filmi, malzeme hunisi, kantitatif kontrol paneli, torba olu\u015fturucu, kaps\u00fcllenmi\u015f kontrol paneli, g\u00fc\u00e7 anahtar\u0131, ay\u0131r\u0131c\u0131, s\u0131zd\u0131rmazl\u0131k cihaz\u0131, paketleme filmi \u00e7ekme tekerlekleri, de\u015farj deli\u011finden olu\u015fur. Kantitatif tart\u0131m ve doldurma benimser, olduk\u00e7a hassas ve do\u011frudur. Ak\u0131ll\u0131 kontrol panelleri, doldurma ve paketleme ile ilgili \u00e7e\u015fitli parametreleri ayarlayabilir, bu da kullan\u0131m\u0131 basittir. Torba yap\u0131c\u0131, paketleme i\u00e7in torbalar\u0131 \u015fekillendirmek i\u00e7in kullan\u0131l\u0131r. Is\u0131tma contas\u0131 kararl\u0131d\u0131r ve iyi bir etkiye sahiptir. Paketleme filmi \u00e7ekme tekerlekleri, paketleme verimlili\u011fini art\u0131ran filmi a\u015fa\u011f\u0131 do\u011fru \u00e7eker. Ayr\u0131ca, makine tarih yaz\u0131c\u0131s\u0131, y\u00fckleme cihaz\u0131, nitrojen dolum cihaz\u0131 vb. gibi di\u011fer cihazlarla da e\u015fle\u015ftirilebilir. <\/p>    <div class=\"wp-block-image\"><figure class=\"aligncenter size-large\"><img loading=\"lazy\" decoding=\"async\" width=\"750\" height=\"500\" src=\"https:\/\/tianhuipackingmachine.com\/wp-content\/uploads\/2021\/12\/structure-of-electric-verticle-packing-machine-750x500.jpg\" alt=\"elektrikli dikey paketleme makinesinin yap\u0131s\u0131\" class=\"wp-image-4317\" srcset=\"https:\/\/tianhuipackingmachine.com\/wp-content\/uploads\/2021\/12\/structure-of-electric-verticle-packing-machine.jpg 750w, https:\/\/tianhuipackingmachine.com\/wp-content\/uploads\/2021\/12\/structure-of-electric-verticle-packing-machine-480x320.jpg 480w\" sizes=\"auto, (max-width: 750px) 100vw, 750px\" \/><figcaption>elektrikli dikey paketleme makinesinin yap\u0131s\u0131<\/figcaption><\/figure><\/div>    <h2 class=\"wp-block-heading\" id=\"h-detailed-components-of-the-electric-vertical-packer\">Elektrikli dikey paketleyicinin ayr\u0131nt\u0131l\u0131 bile\u015fenleri<\/h2>    <div class=\"wp-block-columns is-layout-flex wp-container-core-columns-is-layout-28f84493 wp-block-columns-is-layout-flex\"> <div class=\"wp-block-column is-layout-flow wp-block-column-is-layout-flow\"> <figure class=\"wp-block-gallery has-nested-images columns-default is-cropped wp-block-gallery-4 is-layout-flex wp-block-gallery-is-layout-flex\"> <figure class=\"wp-block-image size-large\"><img loading=\"lazy\" decoding=\"async\" width=\"750\" height=\"500\" data-id=\"4325\" src=\"https:\/\/tianhuipackingmachine.com\/wp-content\/uploads\/2021\/12\/material-hopper-750x500.jpg\" alt=\"malzeme haznesi\" class=\"wp-image-4325\" srcset=\"https:\/\/tianhuipackingmachine.com\/wp-content\/uploads\/2021\/12\/material-hopper.jpg 750w, https:\/\/tianhuipackingmachine.com\/wp-content\/uploads\/2021\/12\/material-hopper-480x320.jpg 480w\" sizes=\"auto, (max-width: 750px) 100vw, 750px\" \/><figcaption>Malzeme Haznesi<\/figcaption><\/figure>    <figure class=\"wp-block-image size-large\"><img loading=\"lazy\" decoding=\"async\" width=\"750\" height=\"500\" data-id=\"4326\" src=\"https:\/\/tianhuipackingmachine.com\/wp-content\/uploads\/2021\/12\/top-material-holder-750x500.jpg\" alt=\"\u00fcst malzeme tutucusu\" class=\"wp-image-4326\" srcset=\"https:\/\/tianhuipackingmachine.com\/wp-content\/uploads\/2021\/12\/top-material-holder.jpg 750w, https:\/\/tianhuipackingmachine.com\/wp-content\/uploads\/2021\/12\/top-material-holder-480x320.jpg 480w\" sizes=\"auto, (max-width: 750px) 100vw, 750px\" \/><figcaption>\u00dcst Malzeme Tutucu<\/figcaption><\/figure> <\/figure> <\/div>    <div class=\"wp-block-column is-layout-flow wp-block-column-is-layout-flow\"> <figure class=\"wp-block-gallery has-nested-images columns-default is-cropped wp-block-gallery-5 is-layout-flex wp-block-gallery-is-layout-flex\"> <figure class=\"wp-block-image size-large\"><img loading=\"lazy\" decoding=\"async\" width=\"750\" height=\"500\" data-id=\"4320\" src=\"https:\/\/tianhuipackingmachine.com\/wp-content\/uploads\/2021\/12\/control-panel-750x500.jpg\" alt=\"kontrol Paneli\" class=\"wp-image-4320\" srcset=\"https:\/\/tianhuipackingmachine.com\/wp-content\/uploads\/2021\/12\/control-panel.jpg 750w, https:\/\/tianhuipackingmachine.com\/wp-content\/uploads\/2021\/12\/control-panel-480x320.jpg 480w\" sizes=\"auto, (max-width: 750px) 100vw, 750px\" \/><figcaption>Kontrol Paneli<\/figcaption><\/figure>    <figure class=\"wp-block-image size-large\"><img loading=\"lazy\" decoding=\"async\" width=\"750\" height=\"500\" data-id=\"4319\" src=\"https:\/\/tianhuipackingmachine.com\/wp-content\/uploads\/2021\/12\/coding-printer-750x500.jpg\" alt=\"kodlama yaz\u0131c\u0131s\u0131\" class=\"wp-image-4319\" srcset=\"https:\/\/tianhuipackingmachine.com\/wp-content\/uploads\/2021\/12\/coding-printer.jpg 750w, https:\/\/tianhuipackingmachine.com\/wp-content\/uploads\/2021\/12\/coding-printer-480x320.jpg 480w\" sizes=\"auto, (max-width: 750px) 100vw, 750px\" \/><figcaption>Kodlama Yaz\u0131c\u0131s\u0131<\/figcaption><\/figure> <\/figure> <\/div> <\/div>    <div class=\"wp-block-columns is-layout-flex wp-container-core-columns-is-layout-28f84493 wp-block-columns-is-layout-flex\"> <div class=\"wp-block-column is-layout-flow wp-block-column-is-layout-flow\"> <figure class=\"wp-block-gallery has-nested-images columns-default is-cropped wp-block-gallery-6 is-layout-flex wp-block-gallery-is-layout-flex\"> <figure class=\"wp-block-image size-large\"><img loading=\"lazy\" decoding=\"async\" width=\"750\" height=\"500\" data-id=\"4324\" src=\"https:\/\/tianhuipackingmachine.com\/wp-content\/uploads\/2021\/12\/heat-sealing-750x500.jpg\" alt=\"\u0131s\u0131 yal\u0131t\u0131m\u0131\" class=\"wp-image-4324\" srcset=\"https:\/\/tianhuipackingmachine.com\/wp-content\/uploads\/2021\/12\/heat-sealing.jpg 750w, https:\/\/tianhuipackingmachine.com\/wp-content\/uploads\/2021\/12\/heat-sealing-480x320.jpg 480w\" sizes=\"auto, (max-width: 750px) 100vw, 750px\" \/><figcaption>Is\u0131 S\u0131zd\u0131rmazl\u0131\u011f\u0131<\/figcaption><\/figure>    <figure class=\"wp-block-image size-large\"><img loading=\"lazy\" decoding=\"async\" width=\"750\" height=\"500\" data-id=\"4323\" src=\"https:\/\/tianhuipackingmachine.com\/wp-content\/uploads\/2021\/12\/forming-part-750x500.jpg\" alt=\"par\u00e7a olu\u015fturan\" class=\"wp-image-4323\" srcset=\"https:\/\/tianhuipackingmachine.com\/wp-content\/uploads\/2021\/12\/forming-part.jpg 750w, https:\/\/tianhuipackingmachine.com\/wp-content\/uploads\/2021\/12\/forming-part-480x320.jpg 480w\" sizes=\"auto, (max-width: 750px) 100vw, 750px\" \/><figcaption>Par\u00e7ay\u0131 \u015eekillendirme<\/figcaption><\/figure> <\/figure> <\/div>    <div class=\"wp-block-column is-layout-flow wp-block-column-is-layout-flow\"> <figure class=\"wp-block-gallery has-nested-images columns-default is-cropped wp-block-gallery-7 is-layout-flex wp-block-gallery-is-layout-flex\"> <figure class=\"wp-block-image size-large\"><img loading=\"lazy\" decoding=\"async\" width=\"750\" height=\"500\" data-id=\"4321\" src=\"https:\/\/tianhuipackingmachine.com\/wp-content\/uploads\/2021\/12\/cursor-position-tracker-750x500.jpg\" alt=\"imle\u00e7 konumu izleyici\" class=\"wp-image-4321\" srcset=\"https:\/\/tianhuipackingmachine.com\/wp-content\/uploads\/2021\/12\/cursor-position-tracker.jpg 750w, https:\/\/tianhuipackingmachine.com\/wp-content\/uploads\/2021\/12\/cursor-position-tracker-480x320.jpg 480w\" sizes=\"auto, (max-width: 750px) 100vw, 750px\" \/><figcaption>\u0130mle\u00e7 Konumu \u0130zleyici<\/figcaption><\/figure>    <figure class=\"wp-block-image size-large\"><img loading=\"lazy\" decoding=\"async\" width=\"750\" height=\"500\" data-id=\"4322\" src=\"https:\/\/tianhuipackingmachine.com\/wp-content\/uploads\/2021\/12\/feeding-clamp-wheel-750x500.jpg\" alt=\"besleme kelep\u00e7esi tekerle\u011fi\" class=\"wp-image-4322\" srcset=\"https:\/\/tianhuipackingmachine.com\/wp-content\/uploads\/2021\/12\/feeding-clamp-wheel.jpg 750w, https:\/\/tianhuipackingmachine.com\/wp-content\/uploads\/2021\/12\/feeding-clamp-wheel-480x320.jpg 480w\" sizes=\"auto, (max-width: 750px) 100vw, 750px\" \/><figcaption>Besleme Kelep\u00e7esi Tekerle\u011fi<\/figcaption><\/figure> <\/figure> <\/div> <\/div>    <h2 class=\"has-text-color wp-block-heading\" id=\"h-electric-side-seal-vertical-packaging-machine-parameters\" style=\"color:#ff5200\">Elektrikli yan conta dikey paketleme makinesi parametreleri<\/h2>    <figure class=\"wp-block-table is-style-stripes\"><table><tbody><tr><td>Modeli<\/td><td>CF-200<\/td><td>CF-260<\/td><td>CF-300<\/td><\/tr><tr><td>G\u00fc\u00e7<\/td><td>600W<\/td><td>700W<\/td><td>800W<\/td><\/tr><tr><td>Paketleme h\u0131z\u0131<\/td><td>700-1200 torba\/saat<\/td><td>650-1000 torba\/saat<\/td><td>650-1000 torba\/saat<\/td><\/tr><tr><td>Ambalaj filmi geni\u015fli\u011fi<\/td><td>5-20cm<\/td><td>21-26cm<\/td><td>27-30cm<\/td><\/tr><tr><td>\u00c7anta uzunlu\u011fu<\/td><td>3-17cm<\/td><td>3-22cm<\/td><td>3-22cm<\/td><\/tr><tr><td>Makine boyutu<\/td><td>45*55*148cm<\/td><td>56*63*168cm<\/td><td>56*63*168<\/td><\/tr><\/tbody><\/table><\/figure>    <h2 class=\"has-text-color wp-block-heading\" id=\"h-electric-back-seal-vertical-packaging-machine-parameters\" style=\"color:#ff5200\">Elektrikli arka conta dikey paketleme makinesi parametreleri<\/h2>    <figure class=\"wp-block-table is-style-stripes\"><table><tbody><tr><td>Modeli<\/td><td>BF-200<\/td><td>BF-260<\/td><td>BF-340<\/td><td>BF-440<\/td><\/tr><tr><td>G\u00fc\u00e7<\/td><td>600W<\/td><td>700W<\/td><td>800W<\/td><td>900W<\/td><\/tr><tr><td>Paketleme h\u0131z\u0131<\/td><td>700-1200 torba\/saat<\/td><td>650-1000 torba\/saat<\/td><td>650-1000 torba\/saat<\/td><td>600-950 torba\/saat<\/td><\/tr><tr><td>Ambalaj filmi geni\u015fli\u011fi<\/td><td>5-20cm<\/td><td>21-26cm<\/td><td>27-34cm<\/td><td>35-44cm<\/td><\/tr><tr><td>\u00c7anta uzunlu\u011fu<\/td><td>3-17cm<\/td><td>3-22cm<\/td><td>3-22cm<\/td><td>5-27cm<\/td><\/tr><tr><td>Makine boyutu<\/td><td>45*55*148cm<\/td><td>56*63*168cm<\/td><td>56*63*168cm<\/td><td>66*77*180cm<\/td><\/tr><\/tbody><\/table><\/figure>    <h2 class=\"wp-block-heading\" id=\"h-conclusion\">\u00c7\u00f6z\u00fcm<\/h2>    <p class=\"translation-block\">Elektrikli dikey paketleme makinesi, paketleme i\u015flemini otomatik olarak tamamlayabilir. \u00c7al\u0131\u015fma h\u0131z\u0131, standart bir gran\u00fcl paketleyici ve <strong><a href=\"https:\/\/tianhuipackingmachine.com\/tr\/powder-packing-machine\/\">toz paketleyici<\/a><\/strong>den daha yava\u015ft\u0131r, ancak \u00f6l\u00e7\u00fcm kaplar\u0131 veya a\u00e7\u0131lar yerine kantitatif tart\u0131m ve doldurma benimsendi\u011fi i\u00e7in dolum hassasiyeti daha y\u00fcksektir. Ayr\u0131ca, d\u00fc\u015f\u00fck maliyet, uygun fiyat gibi avantajlara sahiptir, k\u00fc\u00e7\u00fck ve orta \u00f6l\u00e7ekli i\u015fletmeler i\u00e7in uygundur. <strong><a href=\"https:\/\/tianhuipackingmachine.com\/tr\/contact\/\">daha fazla ayr\u0131nt\u0131<\/a><\/strong> almak veya distrib\u00fct\u00f6r olmak istiyorsan\u0131z, bizimle ileti\u015fime ge\u00e7ebilirsiniz ve size en k\u0131sa s\u00fcrede geri d\u00f6n\u00fc\u015f yapaca\u011f\u0131z.<\/p>","protected":false},"excerpt":{"rendered":"<p>Electric vertical packing machine mainly consists of two parts, feeding system, and packaging system. The feeding system is a small filling machine for powder, granule, or two-in-one. Many filling scopes are optional. The packaging system is used to make bags to package falling materials from the feeding system. Compared with a standard granule or powder [&hellip;]<\/p>\n","protected":false},"author":1,"featured_media":2743,"parent":0,"template":"","tags":[199],"product-type":[145],"class_list":["post-2733","product","type-product","status-publish","has-post-thumbnail","hentry","tag-vertical-packing-machine","product-type-other-products"],"_links":{"self":[{"href":"https:\/\/tianhuipackingmachine.com\/tr\/wp-json\/wp\/v2\/product\/2733","targetHints":{"allow":["GET"]}}],"collection":[{"href":"https:\/\/tianhuipackingmachine.com\/tr\/wp-json\/wp\/v2\/product"}],"about":[{"href":"https:\/\/tianhuipackingmachine.com\/tr\/wp-json\/wp\/v2\/types\/product"}],"author":[{"embeddable":true,"href":"https:\/\/tianhuipackingmachine.com\/tr\/wp-json\/wp\/v2\/users\/1"}],"wp:featuredmedia":[{"embeddable":true,"href":"https:\/\/tianhuipackingmachine.com\/tr\/wp-json\/wp\/v2\/media\/2743"}],"wp:attachment":[{"href":"https:\/\/tianhuipackingmachine.com\/tr\/wp-json\/wp\/v2\/media?parent=2733"}],"wp:term":[{"taxonomy":"post_tag","embeddable":true,"href":"https:\/\/tianhuipackingmachine.com\/tr\/wp-json\/wp\/v2\/tags?post=2733"},{"taxonomy":"product-type","embeddable":true,"href":"https:\/\/tianhuipackingmachine.com\/tr\/wp-json\/wp\/v2\/product-type?post=2733"}],"curies":[{"name":"wp","href":"https:\/\/api.w.org\/{rel}","templated":true}]}}