{"id":2710,"date":"2021-09-23T15:38:40","date_gmt":"2021-09-23T07:38:40","guid":{"rendered":"https:\/\/tianhuipackingmachine.com\/?page_id=2710"},"modified":"2023-01-18T15:30:04","modified_gmt":"2023-01-18T07:30:04","slug":"shisha-charcoal-packing-machine","status":"publish","type":"product","link":"https:\/\/tianhuipackingmachine.com\/tr\/shisha-charcoal-packing-machine\/","title":{"rendered":"Nargile k\u00f6m\u00fcr\u00fc paketleme makinesi"},"content":{"rendered":"<p class=\"translation-block\"><strong>Shisha k\u00f6m\u00fcr\u00fc ambalaj makinesi<\/strong> veya nargile k\u00f6m\u00fcr\u00fc ambalaj makinesi, bir t\u00fcr yatay ak\u0131\u015f sarma makinesidir. Elektrik ile \u00e7al\u0131\u015f\u0131r ve ak\u0131ll\u0131 bir PLC kontrol sistemi ile kontrol edilir. 304 paslanmaz \u00e7elik malzeme ve makul bir yap\u0131ya sahip olan shisha k\u00f6m\u00fcr\u00fc sarmalama makinesi dayan\u0131kl\u0131d\u0131r ve uzun bir hizmet \u00f6mr\u00fcne sahiptir. Ayr\u0131ca, kurulumu, i\u015fletimi ve bak\u0131m\u0131 olduk\u00e7a kolayd\u0131r. Henan Top Packing Machinery'den sat\u0131l\u0131k shisha k\u00f6m\u00fcr\u00fc ambalaj ekipman\u0131 y\u00fcksek kalitede ve rekabet\u00e7i fiyatlarla sunulmaktad\u0131r. Ve bir\u00e7ok m\u00fc\u015fteri taraf\u0131ndan sevilmektedir. En son fiyat i\u00e7in bizimle ileti\u015fime ge\u00e7mekten \u00e7ekinmeyin.<\/p>    <figure class=\"wp-block-image aligncenter size-large\"><img loading=\"lazy\" decoding=\"async\" width=\"750\" height=\"500\" src=\"https:\/\/tianhuipackingmachine.com\/wp-content\/uploads\/2022\/01\/shisha-charcoal-packing-machine-750x500.jpg\" alt=\"nargile k\u00f6m\u00fcr\u00fc paketleme makinesi\" class=\"wp-image-5054\" srcset=\"https:\/\/tianhuipackingmachine.com\/wp-content\/uploads\/2022\/01\/shisha-charcoal-packing-machine.jpg 750w, https:\/\/tianhuipackingmachine.com\/wp-content\/uploads\/2022\/01\/shisha-charcoal-packing-machine-480x320.jpg 480w\" sizes=\"auto, (max-width: 750px) 100vw, 750px\" \/><figcaption class=\"wp-element-caption\">Nargile K\u00f6m\u00fcr\u00fc Paketleme Makinas\u0131<\/figcaption><\/figure>    <h2 class=\"wp-block-heading\" id=\"h-detailed-components-of-the-ring-shisha-charcoal-packing-equipment\">Halka nargile k\u00f6m\u00fcr\u00fc paketleme makinesinin ayr\u0131nt\u0131l\u0131 bile\u015fenleri<\/h2>    <p class=\"translation-block\">Bir nargile k\u00f6m\u00fcr\u00fc ambalaj \u00fcretim hatt\u0131 esasen bir konvey\u00f6r bant, bir besleme makinesi ve bir yast\u0131k ambalaj makinesinden olu\u015fur. Operat\u00f6r ham maddeleri konvey\u00f6r banda koyduktan sonra, bunlar\u0131 besleme makinesine ta\u015f\u0131r. Malzeme besleyici, bu shisha k\u00f6m\u00fcrlerini ay\u0131rabilir ve ambalajlama i\u00e7in gruplar halinde birle\u015ftirebilir. Ak\u0131\u015f sarma makinesinde, nargile k\u00f6m\u00fcrlerinin silindirik bir \u015fekil ambalaj\u0131 korumas\u0131 i\u00e7in bir\u00e7ok kilit tutucu bulunmaktad\u0131r. Onlar\u0131 kartonlara ambalajlamak istiyorsan\u0131z, <a href=\"https:\/\/tianhuipackingmachine.com\/tr\/carton-sealing-machine\/\">karton kapama ve sarg\u0131 makineleri<\/a> de temin ediyoruz. Bu t\u00fcr bir ambalaj makinesi ile ilgileniyorsan\u0131z bizimle dan\u0131\u015fmaktan \u00e7ekinmeyin.<\/p>    <figure class=\"wp-block-gallery has-nested-images columns-default is-cropped wp-block-gallery-2 is-layout-flex wp-block-gallery-is-layout-flex\"> <figure class=\"wp-block-image size-large\"><img loading=\"lazy\" decoding=\"async\" width=\"750\" height=\"500\" data-id=\"5045\" src=\"https:\/\/tianhuipackingmachine.com\/wp-content\/uploads\/2022\/01\/conveyor-belts-for-hookah-charcoal-750x500.jpg\" alt=\"\" class=\"wp-image-5045\" srcset=\"https:\/\/tianhuipackingmachine.com\/wp-content\/uploads\/2022\/01\/conveyor-belts-for-hookah-charcoal.jpg 750w, https:\/\/tianhuipackingmachine.com\/wp-content\/uploads\/2022\/01\/conveyor-belts-for-hookah-charcoal-480x320.jpg 480w\" sizes=\"auto, (max-width: 750px) 100vw, 750px\" \/><figcaption class=\"wp-element-caption\">Nargile K\u00f6m\u00fcr\u00fc Ta\u015f\u0131ma Bantlar\u0131<\/figcaption><\/figure>    <figure class=\"wp-block-image size-large\"><img loading=\"lazy\" decoding=\"async\" width=\"750\" height=\"500\" data-id=\"5039\" src=\"https:\/\/tianhuipackingmachine.com\/wp-content\/uploads\/2022\/01\/feeding-machine-for-sets-of-shisha-charcoal-750x500.jpg\" alt=\"nargile k\u00f6m\u00fcr\u00fc setleri i\u00e7in besleme makinesi\" class=\"wp-image-5039\" srcset=\"https:\/\/tianhuipackingmachine.com\/wp-content\/uploads\/2022\/01\/feeding-machine-for-sets-of-shisha-charcoal.jpg 750w, https:\/\/tianhuipackingmachine.com\/wp-content\/uploads\/2022\/01\/feeding-machine-for-sets-of-shisha-charcoal-480x320.jpg 480w\" sizes=\"auto, (max-width: 750px) 100vw, 750px\" \/><figcaption class=\"wp-element-caption\">Nargile K\u00f6m\u00fcr\u00fc Setleri \u0130\u00e7in Besleme Makinesi<\/figcaption><\/figure>    <figure class=\"wp-block-image size-large\"><img loading=\"lazy\" decoding=\"async\" width=\"750\" height=\"500\" data-id=\"5044\" src=\"https:\/\/tianhuipackingmachine.com\/wp-content\/uploads\/2022\/01\/the-place-for-putting-a-group-of-hookah-charcoal-750x500.jpg\" alt=\"grup nargile k\u00f6m\u00fcr\u00fc koyulan yer\" class=\"wp-image-5044\" srcset=\"https:\/\/tianhuipackingmachine.com\/wp-content\/uploads\/2022\/01\/the-place-for-putting-a-group-of-hookah-charcoal.jpg 750w, https:\/\/tianhuipackingmachine.com\/wp-content\/uploads\/2022\/01\/the-place-for-putting-a-group-of-hookah-charcoal-480x320.jpg 480w\" sizes=\"auto, (max-width: 750px) 100vw, 750px\" \/><figcaption class=\"wp-element-caption\">Bir Grup Nargile K\u00f6m\u00fcr\u00fc Koyacak Yer<\/figcaption><\/figure> <\/figure>    <figure class=\"wp-block-gallery has-nested-images columns-default is-cropped wp-block-gallery-3 is-layout-flex wp-block-gallery-is-layout-flex\"> <figure class=\"wp-block-image size-large\"><img loading=\"lazy\" decoding=\"async\" width=\"750\" height=\"500\" data-id=\"5041\" src=\"https:\/\/tianhuipackingmachine.com\/wp-content\/uploads\/2022\/01\/shisha-charcoal-packaging-production-line-750x500.jpg\" alt=\"nargile k\u00f6m\u00fcr\u00fc paketleme \u00fcretim hatt\u0131\" class=\"wp-image-5041\" srcset=\"https:\/\/tianhuipackingmachine.com\/wp-content\/uploads\/2022\/01\/shisha-charcoal-packaging-production-line.jpg 750w, https:\/\/tianhuipackingmachine.com\/wp-content\/uploads\/2022\/01\/shisha-charcoal-packaging-production-line-480x320.jpg 480w\" sizes=\"auto, (max-width: 750px) 100vw, 750px\" \/><figcaption class=\"wp-element-caption\">Nargile K\u00f6m\u00fcr\u00fc Paketleme \u00dcretim Hatt\u0131<\/figcaption><\/figure>    <figure class=\"wp-block-image size-large\"><img loading=\"lazy\" decoding=\"async\" width=\"750\" height=\"500\" data-id=\"5051\" src=\"https:\/\/tianhuipackingmachine.com\/wp-content\/uploads\/2022\/01\/upper-roll-film-device-750x500.jpg\" alt=\"\u00fcst rulo film cihaz\u0131\" class=\"wp-image-5051\" srcset=\"https:\/\/tianhuipackingmachine.com\/wp-content\/uploads\/2022\/01\/upper-roll-film-device.jpg 750w, https:\/\/tianhuipackingmachine.com\/wp-content\/uploads\/2022\/01\/upper-roll-film-device-480x320.jpg 480w\" sizes=\"auto, (max-width: 750px) 100vw, 750px\" \/><figcaption class=\"wp-element-caption\">\u00dcst Rulo Film Cihaz\u0131<\/figcaption><\/figure>    <figure class=\"wp-block-image size-large\"><img loading=\"lazy\" decoding=\"async\" width=\"750\" height=\"500\" data-id=\"5048\" src=\"https:\/\/tianhuipackingmachine.com\/wp-content\/uploads\/2022\/01\/PLC-touch-screen-750x500.jpg\" alt=\"PLC&#039;li dokunmatik ekran\" class=\"wp-image-5048\" srcset=\"https:\/\/tianhuipackingmachine.com\/wp-content\/uploads\/2022\/01\/PLC-touch-screen.jpg 750w, https:\/\/tianhuipackingmachine.com\/wp-content\/uploads\/2022\/01\/PLC-touch-screen-480x320.jpg 480w\" sizes=\"auto, (max-width: 750px) 100vw, 750px\" \/><figcaption class=\"wp-element-caption\">Plc Dokunmatik Ekran<\/figcaption><\/figure> <\/figure>    <h2 class=\"wp-block-heading\" id=\"h-features-of-hookah-charcoal-packaging-machine\">Nargile k\u00f6m\u00fcr\u00fc paketleme makinesinin \u00f6zellikleri<\/h2>    <ol class=\"wp-block-list\" type=\"1\"> <li>m\u00fckemmel tasar\u0131m, basit yap\u0131, istikrarl\u0131 performans<\/li>    <li>PLC ak\u0131ll\u0131 kontrol sistemi, kullan\u0131m\u0131 ve y\u00fckseltilmesi kolayd\u0131r<\/li>    <li>Operat\u00f6rlerin g\u00fcvenli\u011fini sa\u011flamak i\u00e7in g\u00fcvenilir g\u00fcvenlik koruma cihazlar\u0131<\/li>    <li>Servo motor sistemi, do\u011fru ve verimli bir \u015fekilde \u00e7al\u0131\u015f\u0131r<\/li>    <li>\u00c7e\u015fitli film malzemelerinin paketlenmesine uygun ba\u011f\u0131ms\u0131z s\u0131cakl\u0131k PID kontrol\u00fc<\/li>    <li>D\u00fc\u015f\u00fck g\u00fcr\u00fclt\u00fc, enerji tasarrufu ve fabrika fiyat\u0131<\/li> <\/ol>    <h2 class=\"wp-block-heading\" id=\"h-how-to-package-shisha-charcoal-by-the-pillow-packing-machine\">Nargile k\u00f6m\u00fcr\u00fc yast\u0131k paketleme makinesiyle nas\u0131l paketlenir?<\/h2>   <figure class=\"wp-block-embed-youtube wp-block-embed is-type-video is-provider-youtube wp-embed-aspect-16-9 wp-has-aspect-ratio\"><div class=\"lyte-wrapper\" title=\"Otomatik Nargile K\u00f6m\u00fcr\u00fc Briket Paketleme Makinas\u0131 | Y\u00fcksek verim\" style=\"width:853px;max-width:100%;margin:5px auto;\"><div class=\"lyMe\" id=\"WYL_XRflGHvTdo8\" itemprop=\"video\" itemscope itemtype=\"https:\/\/schema.org\/VideoObject\"><div><meta itemprop=\"thumbnailUrl\" content=\"https:\/\/i.ytimg.com\/vi\/XRflGHvTdo8\/hqdefault.jpg\" \/><meta itemprop=\"embedURL\" content=\"https:\/\/www.youtube.com\/embed\/XRflGHvTdo8\" \/><meta itemprop=\"duration\" content=\"PT2M34S\" \/><meta itemprop=\"uploadDate\" content=\"2021-09-27T10:20:48Z\" \/><\/div><div id=\"lyte_XRflGHvTdo8\" data-src=\"https:\/\/i.ytimg.com\/vi\/XRflGHvTdo8\/hqdefault.jpg\" class=\"pL\"><div class=\"tC\"><div class=\"tT\" itemprop=\"name\">Otomatik Nargile K\u00f6m\u00fcr\u00fc Briket Paketleme Makinas\u0131 | Y\u00fcksek verim<\/div><\/div><div class=\"play\"><\/div><div class=\"ctrl\"><div class=\"Lctrl\"><\/div><div class=\"Rctrl\"><\/div><\/div><\/div><noscript><a href=\"https:\/\/youtu.be\/XRflGHvTdo8\" rel=\"nofollow noopener\" target=\"_blank\"><img loading=\"lazy\" decoding=\"async\" src=\"https:\/\/i.ytimg.com\/vi\/XRflGHvTdo8\/0.jpg\" alt=\"Otomatik Nargile K\u00f6m\u00fcr\u00fc Briket Paketleme Makinas\u0131 | Y\u00fcksek verim\" width=\"853\" height=\"460\" \/><\/a><\/noscript><meta itemprop=\"description\" content=\"Email: sales@toppackingmachine.com Whatsapp\/Tel: +86 17329326135 Official website: https:\/\/tianhuipackingmachine.com\/shisha-charcoal-packing-machine\/ Shisha charcoal packing machine or hookah charcoal packing machine is a kind of pillow packing machine. It is powered by electricity and controlled by an intelligent PLC control system. With 304 stainless steel material and reasonable structure, the shisha charcoal wrapping machine is durable and has a long service life. Besides, it is quite easy to install, operate, and maintain.\"><\/div><\/div><div class=\"lL\" style=\"max-width:100%;width:853px;margin:5px auto;\"> <a href=\"https:\/\/youtu.be\/XRflGHvTdo8\" target=\"_blank\" rel=\"noopener\">Bu videoyu YouTube'da izleyin<\/a>.<\/div><figcaption><\/figcaption><\/figure>   <h2 class=\"wp-block-heading\" id=\"h-do-you-know-these-about-hookah-charcoal-packing-machine\">Nargile k\u00f6m\u00fcr\u00fc paketleme makinesi hakk\u0131nda bunlar\u0131 biliyor musunuz?<\/h2>    <p class=\"translation-block\">Asl\u0131nda, sat\u0131l\u0131k Shisha k\u00f6m\u00fcr\u00fc ambalaj makinesi bir t\u00fcr <a href=\"https:\/\/tianhuipackingmachine.com\/tr\/pillow-packing-machine\/\">yast\u0131k ambalaj ekipman\u0131d\u0131r<\/a>, shisha k\u00f6m\u00fcr\u00fc briketlerini s\u0131k\u0131 ve g\u00fczel bir \u015fekilde sarabilir. Bu nedenle, depolamak ve satmak i\u00e7in uygundur. \u00c7in'deki \u00f6nde gelen ambalaj makinesi \u00fcreticilerinden biri olarak, g\u00fc\u00e7l\u00fc bir \u00fcretim kapasitemiz var ve v\u00fccut malzemesi, g\u00fc\u00e7, makine boyutu, motor markas\u0131 vb. gibi belirli gereksinimlerinizi kar\u015f\u0131lamak i\u00e7in OEM\/ODM hizmeti sunuyoruz. <\/p>    <p class=\"translation-block\">Nargile k\u00f6m\u00fcr\u00fc ambalaj makinemizin fiyat\u0131n\u0131n kesinlikle cazip oldu\u011funu kabul ediyoruz. Kaliteli bir shisha k\u00f6m\u00fcr\u00fc sarmalama makinesi ar\u0131yorsan\u0131z, i\u015finizi geli\u015ftirmek i\u00e7in bug\u00fcn bizimle ileti\u015fime ge\u00e7in. Ayr\u0131ca <a href=\"https:\/\/tianhuipackingmachine.com\/tr\/be-agent\/\">ajans\u0131m\u0131z olmak<\/a> isterseniz, l\u00fctfen bana bildirin, size ayr\u0131nt\u0131l\u0131 ilgili bilgileri g\u00f6nderece\u011fiz.<\/p>    <figure class=\"wp-block-gallery has-nested-images columns-default is-cropped wp-block-gallery-4 is-layout-flex wp-block-gallery-is-layout-flex\"> <figure class=\"wp-block-image size-large\"><img loading=\"lazy\" decoding=\"async\" width=\"750\" height=\"500\" data-id=\"5049\" src=\"https:\/\/tianhuipackingmachine.com\/wp-content\/uploads\/2022\/01\/shisha-charcoal-packaging-machine-in-factory-750x500.jpg\" alt=\"Fabrikada nargile k\u00f6m\u00fcr\u00fc paketleme makinesi\" class=\"wp-image-5049\" srcset=\"https:\/\/tianhuipackingmachine.com\/wp-content\/uploads\/2022\/01\/shisha-charcoal-packaging-machine-in-factory.jpg 750w, https:\/\/tianhuipackingmachine.com\/wp-content\/uploads\/2022\/01\/shisha-charcoal-packaging-machine-in-factory-480x320.jpg 480w\" sizes=\"auto, (max-width: 750px) 100vw, 750px\" \/><figcaption class=\"wp-element-caption\">Fabrikada Nargile K\u00f6m\u00fcr\u00fc Paketleme Makinesi<\/figcaption><\/figure>    <figure class=\"wp-block-image size-large\"><img loading=\"lazy\" decoding=\"async\" width=\"750\" height=\"500\" data-id=\"5052\" src=\"https:\/\/tianhuipackingmachine.com\/wp-content\/uploads\/2022\/01\/pillow-packaging-equipment-display-750x500.jpg\" alt=\"yast\u0131k paketleme ekipman\u0131 ekran\u0131\" class=\"wp-image-5052\" srcset=\"https:\/\/tianhuipackingmachine.com\/wp-content\/uploads\/2022\/01\/pillow-packaging-equipment-display.jpg 750w, https:\/\/tianhuipackingmachine.com\/wp-content\/uploads\/2022\/01\/pillow-packaging-equipment-display-480x320.jpg 480w\" sizes=\"auto, (max-width: 750px) 100vw, 750px\" \/><figcaption class=\"wp-element-caption\">Yast\u0131k Paketleme Ekipmanlar\u0131 Ekran\u0131<\/figcaption><\/figure> <\/figure>    <h2 class=\"has-luminous-vivid-orange-color has-text-color wp-block-heading\" id=\"h-shisha-charcoal-flow-wrapping-machine-parameter\">Nargile k\u00f6m\u00fcr\u00fc ak\u0131\u015f sarma makinesi parametreleri<\/h2>    <figure class=\"wp-block-table is-style-stripes\"><table><tbody><tr><td>Modeli<\/td><td>TH-280<\/td><\/tr><tr><td>Film geni\u015fli\u011fi<\/td><td>Maksimum 280 mm<\/td><\/tr><tr><td>\u00c7anta geni\u015fli\u011fi<\/td><td>50-110mm<\/td><\/tr><tr><td>\u00dcr\u00fcn y\u00fcksekli\u011fi<\/td><td>Maksimum40mm<\/td><\/tr><tr><td>Film rulosu \u00e7ap\u0131<\/td><td>Maksimum320mm<\/td><\/tr><tr><td>Doku<\/td><td>Paslanmaz \u00e7elik<\/td><\/tr><tr><td>Paketleme uzunlu\u011fu<\/td><td>65-190mm veya 120-280mm<\/td><\/tr><tr><td>Paketleme h\u0131z\u0131<\/td><td>40-230 torba\/dak<\/td><\/tr><tr><td>Gerilim<\/td><td>220V50HZ 2,5kw(ayarlanabilir)<\/td><\/tr><tr><td>Boyut<\/td><td>(U)3920\u00d7(G)670\u00d7(Y)1210mm<\/td><\/tr><tr><td>A\u011f\u0131rl\u0131k<\/td><td>500kg<\/td><\/tr><\/tbody><\/table><\/figure>    <h2 class=\"wp-block-heading\" id=\"h-what-is-the-shisha-charcoal-packing-machine-price\">Nargile k\u00f6m\u00fcr\u00fc paketleme makinesi fiyat\u0131 nedir?<\/h2>    <p>Nargile k\u00f6m\u00fcr\u00fc paketleme makinesi fiyat\u0131, sipari\u015f miktar\u0131, g\u00f6vde malzemesi, aksesuar markas\u0131, nakliye maliyeti vb. gibi bir\u00e7ok fakt\u00f6re ba\u011fl\u0131d\u0131r. Bu nedenle, nargile k\u00f6m\u00fcr\u00fc ak\u0131\u015f sarma makinesinin maliyeti de\u011fi\u015fir ve karars\u0131zd\u0131r. Ancak nargile k\u00f6m\u00fcr\u00fc paketleme makinesi fiyat\u0131m\u0131z\u0131n olduk\u00e7a rekabet\u00e7i ve makul oldu\u011fundan emin olabiliriz. Bu ekipmanla ilgileniyorsan\u0131z, l\u00fctfen bize e-posta g\u00f6nderin veya mesaj\u0131n\u0131z\u0131 a\u015fa\u011f\u0131ya b\u0131rak\u0131n; size en iyi fiyat\u0131 g\u00f6nderece\u011fiz.<\/p>    <h2 class=\"wp-block-heading\" id=\"h-contact-us-to-start-your-business\">\u0130\u015finizi ba\u015flatmak i\u00e7in bizimle ileti\u015fime ge\u00e7in<\/h2>    <p class=\"translation-block\">Kapsaml\u0131 bir ambalaj makinesi \u00fcreticisi ve tedarik\u00e7isi olarak, <a href=\"https:\/\/tianhuipackingmachine.com\/tr\/\">Henan Top Packing Machinery Co., Ltd<\/a>, iyi performans ve makul fiyatla nargile k\u00f6m\u00fcr\u00fc i\u00e7in m\u00fckemmel yatay sarma makineleri sunmaktad\u0131r. Ayr\u0131ca, \u00f6zel ihtiya\u00e7lar\u0131n\u0131z\u0131 kar\u015f\u0131lamak i\u00e7in \u00f6zel hizmet sunuyoruz. Fabrika do\u011frudan ve iyi kalite ile, makinelerimiz i\u015finizi b\u00fcy\u00fck \u00f6l\u00e7\u00fcde fayda sa\u011flayabilir. Gereksinimlerinizi g\u00f6nderin ve size en k\u0131sa s\u00fcrede yan\u0131t verece\u011fiz.<\/p>","protected":false},"excerpt":{"rendered":"<p>Shisha charcoal packing machine or&nbsp;hookah charcoal packing machine is a kind of horizontal flow wrap machine. It is powered by electricity and is controlled by an intelligent PLC control system. With 304 stainless steel material and a reasonable structure, the shisha charcoal wrapping machine is durable and has a long service life. Besides, it is [&hellip;]<\/p>\n","protected":false},"author":1,"featured_media":5054,"parent":0,"template":"","tags":[213],"product-type":[139],"class_list":["post-2710","product","type-product","status-publish","has-post-thumbnail","hentry","tag-flow-wrapping-machine","product-type-pillow-packing-machines"],"_links":{"self":[{"href":"https:\/\/tianhuipackingmachine.com\/tr\/wp-json\/wp\/v2\/product\/2710","targetHints":{"allow":["GET"]}}],"collection":[{"href":"https:\/\/tianhuipackingmachine.com\/tr\/wp-json\/wp\/v2\/product"}],"about":[{"href":"https:\/\/tianhuipackingmachine.com\/tr\/wp-json\/wp\/v2\/types\/product"}],"author":[{"embeddable":true,"href":"https:\/\/tianhuipackingmachine.com\/tr\/wp-json\/wp\/v2\/users\/1"}],"wp:featuredmedia":[{"embeddable":true,"href":"https:\/\/tianhuipackingmachine.com\/tr\/wp-json\/wp\/v2\/media\/5054"}],"wp:attachment":[{"href":"https:\/\/tianhuipackingmachine.com\/tr\/wp-json\/wp\/v2\/media?parent=2710"}],"wp:term":[{"taxonomy":"post_tag","embeddable":true,"href":"https:\/\/tianhuipackingmachine.com\/tr\/wp-json\/wp\/v2\/tags?post=2710"},{"taxonomy":"product-type","embeddable":true,"href":"https:\/\/tianhuipackingmachine.com\/tr\/wp-json\/wp\/v2\/product-type?post=2710"}],"curies":[{"name":"wp","href":"https:\/\/api.w.org\/{rel}","templated":true}]}}