{"id":2692,"date":"2021-09-23T11:35:54","date_gmt":"2021-09-23T03:35:54","guid":{"rendered":"https:\/\/tianhuipackingmachine.com\/?page_id=2692"},"modified":"2025-05-07T15:12:27","modified_gmt":"2025-05-07T07:12:27","slug":"small-filling-machine","status":"publish","type":"product","link":"https:\/\/tianhuipackingmachine.com\/tr\/small-filling-machine\/","title":{"rendered":"K\u00fc\u00e7\u00fck dolum makinas\u0131"},"content":{"rendered":"<p class=\"translation-block\"><strong>K\u00fc\u00e7\u00fck dolum makinesi<\/strong>, malzemeleri tartmak ve doldurmak i\u00e7in kullan\u0131lan k\u00fc\u00e7\u00fck bir kantitatif makinedir. K\u00fc\u00e7\u00fck yer kaplama, hassas tart\u0131m, d\u00fc\u015f\u00fck maliyet, geni\u015f uygulama alanlar\u0131 gibi avantajlara sahiptir; gran\u00fcl, toz, s\u0131v\u0131 veya macun gibi her t\u00fcrl\u00fc malzeme i\u00e7in uygundur, ister torba ister \u015fi\u015fe olsun. Bu makine tek ba\u015f\u0131na veya bir paketleme hatt\u0131n\u0131n par\u00e7as\u0131 olarak kullan\u0131labilir. T\u00fcm paketleme s\u00fcrecini tamamlamak i\u00e7in bir paketleme b\u00f6l\u00fcm\u00fc ile e\u015fle\u015ftirilebilir. \u00d6rne\u011fin, yayg\u0131n bir e\u015fle\u015fme, kokulu \u00e7ay paketlemek i\u00e7in birka\u00e7 k\u00fc\u00e7\u00fck kantitatif gran\u00fcl dolum makinesi ile birlikte kullan\u0131lan zincir kova paketleme makinesidir. Ayr\u0131ca, ihtiya\u00e7lar\u0131n\u0131za g\u00f6re \u00f6zelle\u015ftirme hizmeti mevcuttur.<\/p>   <figure class=\"wp-block-embed-youtube wp-block-embed is-type-video is-provider-youtube wp-embed-aspect-16-9 wp-has-aspect-ratio\"><div class=\"lyte-wrapper\" title=\"Toz, gran\u00fcl i\u00e7in otomatik dolum makinesi | Hassas kantitatif ambalajlama i\u00e7in k\u00fc\u00e7\u00fck dolum makinesi\" style=\"width:853px;max-width:100%;margin:5px auto;\"><div class=\"lyMe\" id=\"WYL_pBURm4vka_Q\" itemprop=\"video\" itemscope itemtype=\"https:\/\/schema.org\/VideoObject\"><div><meta itemprop=\"thumbnailUrl\" content=\"https:\/\/i.ytimg.com\/vi\/pBURm4vka_Q\/hqdefault.jpg\" \/><meta itemprop=\"embedURL\" content=\"https:\/\/www.youtube.com\/embed\/pBURm4vka_Q\" \/><meta itemprop=\"duration\" content=\"PT1M17S\" \/><meta itemprop=\"uploadDate\" content=\"2025-04-17T05:39:35Z\" \/><\/div><div id=\"lyte_pBURm4vka_Q\" data-src=\"https:\/\/i.ytimg.com\/vi\/pBURm4vka_Q\/hqdefault.jpg\" class=\"pL\"><div class=\"tC\"><div class=\"tT\" itemprop=\"name\">Toz, gran\u00fcl i\u00e7in otomatik dolum makinesi | Hassas kantitatif ambalajlama i\u00e7in k\u00fc\u00e7\u00fck dolum makinesi<\/div><\/div><div class=\"play\"><\/div><div class=\"ctrl\"><div class=\"Lctrl\"><\/div><div class=\"Rctrl\"><\/div><\/div><\/div><noscript><a href=\"https:\/\/youtu.be\/pBURm4vka_Q\" rel=\"nofollow noopener\" target=\"_blank\"><img loading=\"lazy\" decoding=\"async\" src=\"https:\/\/i.ytimg.com\/vi\/pBURm4vka_Q\/0.jpg\" alt=\"Toz, gran\u00fcl i\u00e7in otomatik dolum makinesi | Hassas kantitatif ambalajlama i\u00e7in k\u00fc\u00e7\u00fck dolum makinesi\" width=\"853\" height=\"460\" \/><\/a><\/noscript><meta itemprop=\"description\" content=\"WhatsApp No.: https:\/\/wa.me\/+8613673689272 WeChat\/Tel No.:+8613673689272 Email: info@tianhuipackingmachine.com Website: https:\/\/tianhuipackingmachine.com\/small-filling-machine\/ Want to improve your powder filling efficiency? Check out our high-precision automatic filling machine, specially designed for filling fine powder and small particle products such as milk powder, protein powder, flour, coffee powder, spice, cocoa powder, chemical powder, rice, coffee beans, and more. \ud83d\udca1 Features of our powder filling machine: Accurate dosing with minimal error Adjustable filling weight Easy to clean and operate Applicable to jars, bottles, pouches, and cans Optional screw feeder and dust collection system available \ud83c\udfaf Ideal for food, pharmaceutical, and chemical industries. \ud83d\udcde Contact us now to get the best price and customized solution for your production line! \ud83c\udf10 Learn more on our website or leave a comment below for more machine details! WhatsApp No.: https:\/\/wa.me\/+8613673689272 WeChat\/Tel No.:+8613673689272 Email: info@tianhuipackingmachine.com Website: https:\/\/tianhuipackingmachine.com\/small-filling-machine\/\"><\/div><\/div><div class=\"lL\" style=\"max-width:100%;width:853px;margin:5px auto;\"> <a href=\"https:\/\/youtu.be\/pBURm4vka_Q\" target=\"_blank\" rel=\"noopener\">Bu videoyu YouTube'da izleyin<\/a>.<\/div><figcaption>k\u00fc\u00e7\u00fck dolum makinesi videosu<\/figcaption><\/figure>   <h2 class=\"wp-block-heading\" id=\"h-small-filling-machine-for-sale\">Sat\u0131l\u0131k k\u00fc\u00e7\u00fck dolum makinas\u0131<\/h2>    <p>Sat\u0131l\u0131k Top (Henan) Paketleme Makinelerindeki k\u00fc\u00e7\u00fck masa\u00fcst\u00fc kantitatif dolum makinesi, gran\u00fcl kantitatif dolgu, toz kantitatif dolgu, gran\u00fcl ve toz kantitatif dolgu, bir arada, s\u0131v\u0131 dolgu, macun dolgusu i\u00e7erir. Hepsi az yer kaplayan, niceliksel dolum, d\u00fc\u015f\u00fck maliyet, kullan\u0131m kolayl\u0131\u011f\u0131 \u00f6zelliklerine sahiptir. \u00c7ok say\u0131da dolum hacmi mevcuttur. \u0130htiya\u00e7lar\u0131n\u0131za g\u00f6re se\u00e7im yapabilirsiniz. Onlarla ilgileniyor musun? Distrib\u00fct\u00f6r\u00fcm\u00fcz olmak ister misiniz? Cevab\u0131n\u0131z evet ise, daha fazla sat\u0131n ald\u0131\u011f\u0131n\u0131zda daha rekabet\u00e7i fiyatlar sunaca\u011f\u0131z. Daha fazla ayr\u0131nt\u0131 almak i\u00e7in bizimle ileti\u015fime ge\u00e7mekten memnuniyet duyar\u0131z.<\/p>    <div class=\"wp-block-columns is-layout-flex wp-container-core-columns-is-layout-28f84493 wp-block-columns-is-layout-flex\"> <div class=\"wp-block-column is-layout-flow wp-block-column-is-layout-flow\"> <figure class=\"wp-block-image aligncenter size-full\"><img loading=\"lazy\" decoding=\"async\" width=\"750\" height=\"500\" src=\"https:\/\/tianhuipackingmachine.com\/wp-content\/uploads\/2021\/09\/granule-powder-two-in-one-desktop-filling-machine.jpg\" alt=\"gran\u00fcl, toz ve ikisi bir arada masa\u00fcst\u00fc dolum makinesi\" class=\"wp-image-2705\" srcset=\"https:\/\/tianhuipackingmachine.com\/wp-content\/uploads\/2021\/09\/granule-powder-two-in-one-desktop-filling-machine.jpg 750w, https:\/\/tianhuipackingmachine.com\/wp-content\/uploads\/2021\/09\/granule-powder-two-in-one-desktop-filling-machine-300x200.jpg 300w\" sizes=\"auto, (max-width: 750px) 100vw, 750px\" \/><figcaption class=\"wp-element-caption\">Gran\u00fcl, Toz &amp; \u0130ki \u0130\u015flevli Masa\u00fcst\u00fc Doldurma Makinesi<\/figcaption><\/figure> <\/div> <\/div>    <h2 class=\"wp-block-heading\" id=\"h-small-granule-filling-machine\">K\u00fc\u00e7\u00fck gran\u00fcl dolum makinas\u0131<\/h2>    <p class=\"translation-block\">Masa\u00fcst\u00fc gran\u00fcl dolum makinesi<strong> <\/strong>d\u00fc\u015f\u00fck maliyetlidir, k\u00fc\u00e7\u00fck bir yer kaplar, ta\u015f\u0131nabilir, tah\u0131llar, \u00e7ay, s\u00fcs e\u015fyalar\u0131, pirin\u00e7, tah\u0131l, tohumlar, kuru meyveler, kokulu \u00e7ay, \u015fekerleme, g\u00fcl \u00e7ay\u0131, yasemin, krizantem \u00e7ay\u0131, ye\u015fil fasulye, k\u0131rm\u0131z\u0131 fasulye, yer f\u0131st\u0131\u011f\u0131, karpuz \u00e7ekirdekleri, kuruyemi\u015fler gibi \u00e7e\u015fitli gran\u00fcller i\u00e7in uygundur. Kantitatif doldurma aral\u0131\u011f\u0131 0.3-20g, 0.5-50g, 0.5-99g ve 1-200g'dir.&nbsp;<\/p>    <figure class=\"wp-block-image aligncenter size-full\"><img loading=\"lazy\" decoding=\"async\" width=\"750\" height=\"500\" src=\"https:\/\/tianhuipackingmachine.com\/wp-content\/uploads\/2021\/09\/small-granule-filler.jpg\" alt=\"k\u00fc\u00e7\u00fck gran\u00fcl dolgu\" class=\"wp-image-2697\" srcset=\"https:\/\/tianhuipackingmachine.com\/wp-content\/uploads\/2021\/09\/small-granule-filler.jpg 750w, https:\/\/tianhuipackingmachine.com\/wp-content\/uploads\/2021\/09\/small-granule-filler-300x200.jpg 300w\" sizes=\"auto, (max-width: 750px) 100vw, 750px\" \/><figcaption class=\"wp-element-caption\">K\u00fc\u00e7\u00fck Gran\u00fcl Doldurucu<\/figcaption><\/figure>    <h2 class=\"wp-block-heading has-text-color\" id=\"h-desktop-granule-filler-parameters\" style=\"color:#ff5200\">Masa\u00fcst\u00fc gran\u00fcl dolgu parametreleri<\/h2>    <figure class=\"wp-block-table is-style-stripes\"><table><tbody><tr><td>Modeli<\/td><td>KL-20<\/td><td>KL-50<\/td><td>KL-100<\/td><td>KL-200<\/td><\/tr><tr><td>G\u00fc\u00e7<\/td><td>100W<\/td><td>100W<\/td><td>100W<\/td><td>120W<\/td><\/tr><tr><td>Doldurma kapsam\u0131<\/td><td>0.3-20g<\/td><td>0.5-50g<\/td><td>0.5-99.9g<\/td><td>1-200g<\/td><\/tr><tr><td>Sapma<\/td><td>\u00b10.1-0.3g<\/td><td>\u00b10.1-0.3g<\/td><td>\u00b10.1-0.3g<\/td><td>\u00b10.1-0.5g<\/td><\/tr><tr><td>Makine boyutu<\/td><td>38*24*49cm<\/td><td>38*24*49cm<\/td><td>38*24*51cm<\/td><td>38*24*51cm<\/td><\/tr><\/tbody><\/table><\/figure>    <h2 class=\"wp-block-heading\" id=\"h-desktop-powder-filling-machine\">Masa\u00fcst\u00fc toz dolum makinas\u0131<\/h2>    <p>K\u00fc\u00e7\u00fck toz dolum makinesi un, s\u00fct tozu, kahve tozu, baharat tozu, m\u0131s\u0131r unu, pirin\u00e7 unu, boya tozu, beslenme tozu, \u00e7e\u015fni, kakao tozu, kimyasal toz, k\u0131rm\u0131z\u0131 biber tozu, karabiber tozu gibi \u00e7e\u015fitli tozlara uygulan\u0131r. bitki tozu vb. 0,3-20g, 0,5-50g, 0,5-99,9g ve 1-200g dolum kapsamlar\u0131 iste\u011fe ba\u011fl\u0131d\u0131r. Dolum hatas\u0131 \u00b10.1-0.3g'dir.<\/p>    <figure class=\"wp-block-image aligncenter size-full\"><img loading=\"lazy\" decoding=\"async\" width=\"750\" height=\"500\" src=\"https:\/\/tianhuipackingmachine.com\/wp-content\/uploads\/2021\/09\/desktop-powder-weighing-and-filling-machine.jpg\" alt=\"masa\u00fcst\u00fc toz tart\u0131m ve dolum makinas\u0131\" class=\"wp-image-2699\" srcset=\"https:\/\/tianhuipackingmachine.com\/wp-content\/uploads\/2021\/09\/desktop-powder-weighing-and-filling-machine.jpg 750w, https:\/\/tianhuipackingmachine.com\/wp-content\/uploads\/2021\/09\/desktop-powder-weighing-and-filling-machine-300x200.jpg 300w\" sizes=\"auto, (max-width: 750px) 100vw, 750px\" \/><figcaption class=\"wp-element-caption\">Masa\u00fcst\u00fc Toz Tartma ve Doldurma Makinesi<\/figcaption><\/figure>    <h2 class=\"wp-block-heading has-text-color\" id=\"h-small-powder-filler-parameters\" style=\"color:#ff5200\">K\u00fc\u00e7\u00fck toz dolgu parametreleri<\/h2>    <figure class=\"wp-block-table is-style-stripes\"><table><tbody><tr><td>Modeli<\/td><td>F-20<\/td><td>F-50<\/td><td>F-100<\/td><td>F-200<\/td><\/tr><tr><td>G\u00fc\u00e7<\/td><td>100W<\/td><td>100W<\/td><td>100W<\/td><td>120W<\/td><\/tr><tr><td>Doldurma kapsam\u0131<\/td><td>0.3-20g<\/td><td>0.5-50g<\/td><td>0.5-99.9g<\/td><td>1-200g<\/td><\/tr><tr><td>Sapma<\/td><td>\u00b10.1-0.3g<\/td><td>\u00b10.1-0.3g<\/td><td>\u00b10.1-0.3g<\/td><td>\u00b10.1-0.5g<\/td><\/tr><tr><td>Makine boyutu<\/td><td>38*24*51cm<\/td><td>38*24*51cm<\/td><td>38*24*51cm\/38*24*56cm(kare hazne)<\/td><td>42*26*62cm<\/td><\/tr><\/tbody><\/table><\/figure>    <h2 class=\"wp-block-heading\" id=\"h-desktop-granule-and-powder-filling-machine-in-one\">Masa\u00fcst\u00fc gran\u00fcl ve toz dolum makinas\u0131 bir arada<\/h2>    <p>Bu tip makine gran\u00fcl ve tozlar i\u00e7in ikisi bir arada dolum makinesidir. Sadece tozlar\u0131 de\u011fil ayn\u0131 zamanda gran\u00fclleri de tartabilir ve doldurabilir. E\u011fer dolgu malzemesi un ise maksimum dolum a\u011f\u0131rl\u0131\u011f\u0131 500 gr olabilir. Pirin\u00e7 i\u00e7in ise 999 grama ula\u015fabilir. Bu \u00fc\u00e7 masa\u00fcst\u00fc kantitatif dolum makinesinin hepsi \u00f6zelle\u015ftirmeyi destekler ve voltaj de\u011fi\u015ftirilebilir. &nbsp;<\/p>    <figure class=\"wp-block-image aligncenter size-full\"><img loading=\"lazy\" decoding=\"async\" width=\"750\" height=\"500\" src=\"https:\/\/tianhuipackingmachine.com\/wp-content\/uploads\/2021\/09\/small-granule-and-powder-quantitative-filler.jpg\" alt=\"k\u00fc\u00e7\u00fck gran\u00fcl ve toz kantitatif dolgu maddesi\" class=\"wp-image-2701\" srcset=\"https:\/\/tianhuipackingmachine.com\/wp-content\/uploads\/2021\/09\/small-granule-and-powder-quantitative-filler.jpg 750w, https:\/\/tianhuipackingmachine.com\/wp-content\/uploads\/2021\/09\/small-granule-and-powder-quantitative-filler-300x200.jpg 300w\" sizes=\"auto, (max-width: 750px) 100vw, 750px\" \/><figcaption class=\"wp-element-caption\">K\u00fc\u00e7\u00fck Gran\u00fcl ve Toz Kantitatif Doldurucu<\/figcaption><\/figure>    <h2 class=\"wp-block-heading has-text-color\" id=\"h-desktop-powder-and-granule-filler-parameters\" style=\"color:#ff5200\">Masa\u00fcst\u00fc toz ve gran\u00fcl dolgu parametreleri<\/h2>    <figure class=\"wp-block-table is-style-stripes\"><table><tbody><tr><td>Modeli<\/td><td>F-500<\/td><\/tr><tr><td>G\u00fc\u00e7<\/td><td>200W<\/td><\/tr><tr><td>Doldurma kapsam\u0131<\/td><td>1-500g(un)\/1-999g(pirin\u00e7)<\/td><\/tr><tr><td>Sapma<\/td><td>\u00b11-3g<\/td><\/tr><tr><td>Makine boyutu<\/td><td>40*27*80cm<\/td><\/tr><\/tbody><\/table><\/figure>    <h2 class=\"wp-block-heading\" id=\"h-desktop-quantitative-liquid-filling-machine\">Masa\u00fcst\u00fc kantitatif s\u0131v\u0131 dolum makinas\u0131<\/h2>    <p>Masa\u00fcst\u00fc s\u0131v\u0131 dolum makinesi, malzemeyi \u00e7\u0131karmak ve \u00e7\u0131karmak i\u00e7in bir silindir taraf\u0131ndan \u00e7al\u0131\u015ft\u0131r\u0131l\u0131r. Bir\u00e7ok boyutta s\u0131v\u0131 pompas\u0131 iste\u011fe ba\u011fl\u0131d\u0131r ve dolum modellerinin kapsam\u0131 aras\u0131nda 1-10ml, 10-100ml, 100-1000ml, 5-50ml, 50-500ml, 500-5000ml, 30-300ml, 300-3000ml, 1000-5000ml, vb. Sorunsuz akabilen s\u0131v\u0131 i\u00e7in uygundur. Bu makine, k\u00fc\u00e7\u00fck kaplad\u0131\u011f\u0131 alan, ta\u015f\u0131nabilir, basit kullan\u0131m\u0131 ve d\u00fc\u015f\u00fck maliyeti nedeniyle k\u00fc\u00e7\u00fck ve orta \u00f6l\u00e7ekli i\u015fletmeler i\u00e7in pop\u00fclerdir. Standart masa\u00fcst\u00fc s\u0131v\u0131 dolum makinesi tek \u00e7\u0131k\u0131\u015fl\u0131 dolgudur. \u00c7ift nozullu s\u0131v\u0131 dolgusuna ihtiyac\u0131n\u0131z varsa ihtiya\u00e7lar\u0131n\u0131za g\u00f6re \u00f6zelle\u015ftirilebilir.<\/p>    <figure class=\"wp-block-image aligncenter size-full\"><img loading=\"lazy\" decoding=\"async\" width=\"750\" height=\"500\" src=\"https:\/\/tianhuipackingmachine.com\/wp-content\/uploads\/2021\/09\/semi-automatic-single-outlet-liquid-filler.jpg\" alt=\"yar\u0131 otomatik tek \u00e7\u0131k\u0131\u015fl\u0131 s\u0131v\u0131 doldurucu\" class=\"wp-image-2563\" srcset=\"https:\/\/tianhuipackingmachine.com\/wp-content\/uploads\/2021\/09\/semi-automatic-single-outlet-liquid-filler.jpg 750w, https:\/\/tianhuipackingmachine.com\/wp-content\/uploads\/2021\/09\/semi-automatic-single-outlet-liquid-filler-300x200.jpg 300w\" sizes=\"auto, (max-width: 750px) 100vw, 750px\" \/><figcaption class=\"wp-element-caption\">Yar\u0131 Otomatik Tek \u00c7\u0131k\u0131\u015fl\u0131 S\u0131v\u0131 Doldurucu<\/figcaption><\/figure>    <h2 class=\"wp-block-heading\" id=\"h-desktop-paste-filling-machine\">Masa\u00fcst\u00fc macun dolum makinas\u0131<\/h2>    <p>K\u00fc\u00e7\u00fck macun dolgusu iki tipten olu\u015fur; koni bi\u00e7imli hazneli macun dolgusu ve U tipi macun dolgusu. \u0130simlerinden de anla\u015f\u0131laca\u011f\u0131 gibi besleme hunileri bak\u0131m\u0131ndan farkl\u0131l\u0131k g\u00f6sterirler. \u0130lki, iyi ak\u0131\u015fkanl\u0131\u011fa sahip ve gran\u00fcl veya tortu i\u00e7ermeyen macun i\u00e7in uygun, koni \u015feklinde bir hazne ile donat\u0131lm\u0131\u015ft\u0131r. Doldurma malzemesi zararl\u0131ysa doldurmaya yard\u0131mc\u0131 olacak bir kar\u0131\u015ft\u0131rma cihaz\u0131 ile \u0131s\u0131tma fonksiyonunu e\u015fle\u015ftirmek daha iyidir. \u0130kincisi par\u00e7ac\u0131klar veya tortular i\u00e7eren macunlar i\u00e7in ge\u00e7erlidir. U tipi haznedeki bir kar\u0131\u015ft\u0131rma cihaz\u0131, par\u00e7ac\u0131k veya tortu i\u00e7eren malzemenin iyice ve e\u015fit \u015fekilde kar\u0131\u015fmas\u0131n\u0131 sa\u011flar.<\/p>    <div class=\"wp-block-columns is-layout-flex wp-container-core-columns-is-layout-28f84493 wp-block-columns-is-layout-flex\"> <div class=\"wp-block-column is-layout-flow wp-block-column-is-layout-flow\"> <figure class=\"wp-block-image size-full\"><img loading=\"lazy\" decoding=\"async\" width=\"750\" height=\"500\" src=\"https:\/\/tianhuipackingmachine.com\/wp-content\/uploads\/2021\/09\/semi-automatic-cone-shaped-hopper-paste-filler.jpg\" alt=\"yar\u0131 otomatik koni bi\u00e7imli hazne macun dolgusu\" class=\"wp-image-2573\" srcset=\"https:\/\/tianhuipackingmachine.com\/wp-content\/uploads\/2021\/09\/semi-automatic-cone-shaped-hopper-paste-filler.jpg 750w, https:\/\/tianhuipackingmachine.com\/wp-content\/uploads\/2021\/09\/semi-automatic-cone-shaped-hopper-paste-filler-300x200.jpg 300w\" sizes=\"auto, (max-width: 750px) 100vw, 750px\" \/><figcaption class=\"wp-element-caption\">Yar\u0131 Otomatik Koni \u015eekilli Hazne Macun Doldurucu<\/figcaption><\/figure> <\/div>    <div class=\"wp-block-column is-layout-flow wp-block-column-is-layout-flow\"> <figure class=\"wp-block-image size-full\"><img loading=\"lazy\" decoding=\"async\" width=\"750\" height=\"500\" src=\"https:\/\/tianhuipackingmachine.com\/wp-content\/uploads\/2021\/09\/semi-automatic-U-type-paste-filling-machine.jpg\" alt=\"yar\u0131 otomatik U tipi macun dolum makinas\u0131\" class=\"wp-image-2574\" srcset=\"https:\/\/tianhuipackingmachine.com\/wp-content\/uploads\/2021\/09\/semi-automatic-U-type-paste-filling-machine.jpg 750w, https:\/\/tianhuipackingmachine.com\/wp-content\/uploads\/2021\/09\/semi-automatic-U-type-paste-filling-machine-300x200.jpg 300w\" sizes=\"auto, (max-width: 750px) 100vw, 750px\" \/><figcaption class=\"wp-element-caption\">Yar\u0131 Otomatik U Tipi Sal\u00e7a Dolum Makinesi<\/figcaption><\/figure> <\/div> <\/div>    <h2 class=\"wp-block-heading has-text-color\" id=\"h-semi-automatic-paste-filler-parameters\" style=\"color:#ff5200\">Yar\u0131 otomatik macun dolgu parametreleri<\/h2>    <figure class=\"wp-block-table is-style-stripes\"><table><tbody><tr><td>Modeli<\/td><td>500 (toplamda 8 model)<\/td><\/tr><tr><td>Dolgu malzemesi<\/td><td>Yap\u0131\u015ft\u0131rmak<\/td><\/tr><tr><td>Dolum aral\u0131\u011f\u0131<\/td><td>50-500ml (toplamda 8 aral\u0131k)<\/td><\/tr><tr><td>Hava bas\u0131nc\u0131<\/td><td>0.4-0.6Mpa<\/td><\/tr><tr><td>Tolerans kapsam\u0131<\/td><td>0.50%<\/td><\/tr><tr><td>Doldurma ba\u015fl\u0131\u011f\u0131<\/td><td>Bekar<\/td><\/tr><\/tbody><\/table><\/figure>    <h2 class=\"wp-block-heading\" id=\"h-characteristics-of-desktop-filling-machine\">Masa\u00fcst\u00fc dolum makinesinin \u00f6zellikleri<\/h2>    <ol class=\"wp-block-list\"> <li>Az yer kaplayan, ta\u015f\u0131nabilir, d\u00fc\u015f\u00fck maliyetli, uygun fiyat, geni\u015f uygulama alanlar\u0131<\/li>    <li>Kararl\u0131 ve sorunsuz \u00e7al\u0131\u015f\u0131n, d\u00fc\u015f\u00fck g\u00fcr\u00fclt\u00fc, minimum g\u00fc\u00e7, hafif, enerji tasarrufu<\/li>    <li>Mikrobilgisayar kontrol\u00fc, y\u00fcksek hassasiyet, do\u011fru tart\u0131m ve doldurma<\/li>    <li>Kantitatif tart\u0131m ve dolum, d\u00fc\u015f\u00fck sapma, azalt\u0131lm\u0131\u015f malzeme israf\u0131<\/li>    <li>Farkl\u0131 talepler i\u00e7in bir\u00e7ok \u00e7e\u015fit dolum kapsam\u0131 iste\u011fe ba\u011fl\u0131d\u0131r<\/li>    <li>Temas malzemesi par\u00e7alar\u0131 i\u00e7in paslanmaz \u00e7eli\u011fi benimseyin, dayan\u0131kl\u0131 ve temizlenmesi kolay<\/li>    <li>\u0130htiya\u00e7lar\u0131n\u0131za g\u00f6re voltaj\u0131n de\u011fi\u015ftirilmesi de dahil olmak \u00fczere OEM hizmetini destekleyin<\/li> <\/ol>    <h2 class=\"wp-block-heading\" id=\"h-structure-of-small-filler-for-powder-and-granules\">Toz ve gran\u00fcller i\u00e7in k\u00fc\u00e7\u00fck dolgu maddesinin yap\u0131s\u0131<\/h2>    <p>Masa\u00fcst\u00fc gran\u00fcl ve toz masa\u00fcst\u00fc dolum makinesi yap\u0131s\u0131, depolama hunisi, ak\u0131ll\u0131 kontrol paneli, ayak pedi, \u00e7\u0131k\u0131\u015f, k\u0131z\u0131l\u00f6tesi sens\u00f6r, veri ba\u011flant\u0131 noktas\u0131n\u0131 i\u00e7erir. Depolama haznesi \u00e7ok say\u0131da malzeme y\u00fckleyerek besleme s\u00fcresinden tasarruf sa\u011flar. Ak\u0131ll\u0131 bir kontrol panelinin kullan\u0131m\u0131 kolayd\u0131r, \u00e7e\u015fitli parametrelerin ayarlanmas\u0131 kolayd\u0131r, son derece hassas ve do\u011frudur. Temas malzemesi k\u0131sm\u0131 dayan\u0131kl\u0131 paslanmaz \u00e7elikten yap\u0131lm\u0131\u015f, hijyenik ve temizdir. \u00dcr\u00fcn\u00fcn g\u00fc\u00e7 kablosu s\u0131z\u0131nt\u0131y\u0131 \u00f6nlemek i\u00e7in y\u00fcksek d\u00fczeyde yal\u0131t\u0131lm\u0131\u015ft\u0131r. \u00d6zelle\u015ftirilmi\u015f voltaj mevcuttur.<\/p>    <figure class=\"wp-block-image aligncenter size-full\"><img loading=\"lazy\" decoding=\"async\" width=\"750\" height=\"500\" src=\"https:\/\/tianhuipackingmachine.com\/wp-content\/uploads\/2021\/09\/small-quantitative-powder-filler-structure.jpg\" alt=\"k\u00fc\u00e7\u00fck kantitatif toz dolgu yap\u0131s\u0131\" class=\"wp-image-2702\" srcset=\"https:\/\/tianhuipackingmachine.com\/wp-content\/uploads\/2021\/09\/small-quantitative-powder-filler-structure.jpg 750w, https:\/\/tianhuipackingmachine.com\/wp-content\/uploads\/2021\/09\/small-quantitative-powder-filler-structure-300x200.jpg 300w\" sizes=\"auto, (max-width: 750px) 100vw, 750px\" \/><figcaption class=\"wp-element-caption\">K\u00fc\u00e7\u00fck Kantitatif Toz Doldurucu Yap\u0131s\u0131<\/figcaption><\/figure>    <h2 class=\"wp-block-heading\" id=\"h-why-choose-us-as-your-top-supplier\">Neden bizi en iyi tedarik\u00e7iniz olarak se\u00e7melisiniz?<\/h2>    <p class=\"translation-block\">\u00d6ncelikle, firmam\u0131z Top(Henan) Packing Machinery Co., Ltd<strong><a href=\"https:\/\/tianhuipackingmachine.com\/tr\/\">bir \u00fcretici ve tedarik\u00e7idir<\/a><\/strong>. Makine do\u011frudan fabrikadan teslim edilmektedir ve m\u00fc\u015fterilere iyi bir fiyat sunabiliyoruz. Sevkiyattan \u00f6nce al\u0131c\u0131ya foto\u011fraf ve videolar g\u00f6nderece\u011fiz. \u0130\u015fletme makinesi i\u00e7in \u0130ngilizce bir k\u0131lavuz ve video sa\u011flayaca\u011f\u0131z. M\u00fc\u015fterilerimiz ekipman\u0131m\u0131z\u0131 kullan\u0131rken baz\u0131 sorunlar ya\u015farsa, 24 saat \u00e7evrimi\u00e7i hizmet mevcuttur. Ayr\u0131ca, \u00f6zel gereksinimlerinize g\u00f6re OEM hizmeti destekliyoruz.<\/p>    <h2 class=\"wp-block-heading\" id=\"h-related-machines\">\u0130lgili makineler<\/h2>    <p class=\"translation-block\">Yukar\u0131da belirtilenler, toz, gran\u00fcl, s\u0131v\u0131 veya macun i\u00e7in k\u00fc\u00e7\u00fck dolum makineleridir. Ayr\u0131ca, 5-50kg toz dolum makineleri, otomatik toz paketleme makinesi, <strong><a href=\"https:\/\/tianhuipackingmachine.com\/tr\/5-50kg-granule-filling-machine\/\">5-50kg gran\u00fcl dolum makinesi<\/a><\/strong>, tam otomatik gran\u00fcl paketleme makinesi, \u00e7ok ba\u015fl\u0131 tart\u0131m makinesi, zincir kova paketleme makinesi, \u00e7ok ba\u015fl\u0131 nozul macun dolum makinesi, \u00e7ok ba\u015fl\u0131 \u00e7\u0131k\u0131\u015f <strong><a href=\"https:\/\/tianhuipackingmachine.com\/tr\/liquid-filling-machines\/\">s\u0131v\u0131 dolum makinesi<\/a><\/strong>, s\u0131v\u0131 torba paketleme makinesi, sos po\u015feti paketleme makinesi de sunmaktay\u0131z. Bir\u00e7ok dolum hacmi se\u00e7ene\u011fi mevcuttur. \u0130htiya\u00e7lar\u0131n\u0131za g\u00f6re se\u00e7ebilir veya <strong><a href=\"https:\/\/tianhuipackingmachine.com\/tr\/contact\/\">bize ula\u015fabilirsiniz<\/a><\/strong> ve faydal\u0131 \u00f6neriler alabilirsiniz.<\/p>    <figure class=\"wp-block-image aligncenter size-full\"><img loading=\"lazy\" decoding=\"async\" width=\"600\" height=\"450\" src=\"https:\/\/tianhuipackingmachine.com\/wp-content\/uploads\/2021\/07\/multi-head-liquid-bottle-packaging-machine.jpg\" alt=\"\u00e7ok kafal\u0131 s\u0131v\u0131 \u015fi\u015fe paketleme makinesi\" class=\"wp-image-1959\" srcset=\"https:\/\/tianhuipackingmachine.com\/wp-content\/uploads\/2021\/07\/multi-head-liquid-bottle-packaging-machine.jpg 600w, https:\/\/tianhuipackingmachine.com\/wp-content\/uploads\/2021\/07\/multi-head-liquid-bottle-packaging-machine-300x225.jpg 300w\" sizes=\"auto, (max-width: 600px) 100vw, 600px\" \/><figcaption class=\"wp-element-caption\">\u00c7ok Kafal\u0131 S\u0131v\u0131 \u015ei\u015fe Paketleme Makinas\u0131<\/figcaption><\/figure>    <h2 class=\"wp-block-heading\" id=\"h-conclusion\">\u00c7\u00f6z\u00fcm<\/h2>    <p class=\"translation-block\">Paketleme makineleri \u00fcreticisi ve tedarik\u00e7isi olarak, Top(Henan) paketleme makineleri her t\u00fcrl\u00fc paketleme makinesi, m\u00fch\u00fcrleme makineleri, <strong><a href=\"https:\/\/tianhuipackingmachine.com\/tr\/filling-machines\/\">dolum makineleri<\/a><\/strong>, kapak kapama makineleri, etiketleme makineleri, <strong><a href=\"https:\/\/tianhuipackingmachine.com\/tr\/shrink-packing-machine\/\">shrink ambalaj makineleri<\/a><\/strong> vb. sunmaktad\u0131r. Ayr\u0131ca, y\u00fckleme makineleri, konvey\u00f6r bantlar, kodlama yaz\u0131c\u0131lar\u0131 gibi bir\u00e7ok destekleyici makine de sat\u0131\u015ftad\u0131r. Ayr\u0131ca, gereksinimlerinize g\u00f6re \u00f6zelle\u015ftirme hizmeti destekliyoruz. Makine ihtiya\u00e7lar\u0131n\u0131z\u0131 kar\u015f\u0131lamak i\u00e7in elimizden gelenin en iyisini yapaca\u011f\u0131z. Daha fazla bilgi ve en iyi fiyat\u0131 m\u0131 istiyorsunuz? \u0130leti\u015fim i\u00e7in bize ula\u015f\u0131n, en k\u0131sa s\u00fcrede size d\u00f6n\u00fc\u015f yapaca\u011f\u0131z.<\/p>","protected":false},"excerpt":{"rendered":"<p>Small filling machine is a kind of small quantitative machine for weighing and filling materials. It has the advantages of small occupied place, accurate weighing, low cost, wide applications, etc., suitable for various granule, powder, liquid, or paste, no matter bags or bottles. This machine can be used individually or as a part of a [&hellip;]<\/p>\n","protected":false},"author":1,"featured_media":2705,"parent":0,"template":"","tags":[162],"product-type":[141],"class_list":["post-2692","product","type-product","status-publish","has-post-thumbnail","hentry","tag-filling-machine","product-type-filling-machines"],"_links":{"self":[{"href":"https:\/\/tianhuipackingmachine.com\/tr\/wp-json\/wp\/v2\/product\/2692","targetHints":{"allow":["GET"]}}],"collection":[{"href":"https:\/\/tianhuipackingmachine.com\/tr\/wp-json\/wp\/v2\/product"}],"about":[{"href":"https:\/\/tianhuipackingmachine.com\/tr\/wp-json\/wp\/v2\/types\/product"}],"author":[{"embeddable":true,"href":"https:\/\/tianhuipackingmachine.com\/tr\/wp-json\/wp\/v2\/users\/1"}],"wp:featuredmedia":[{"embeddable":true,"href":"https:\/\/tianhuipackingmachine.com\/tr\/wp-json\/wp\/v2\/media\/2705"}],"wp:attachment":[{"href":"https:\/\/tianhuipackingmachine.com\/tr\/wp-json\/wp\/v2\/media?parent=2692"}],"wp:term":[{"taxonomy":"post_tag","embeddable":true,"href":"https:\/\/tianhuipackingmachine.com\/tr\/wp-json\/wp\/v2\/tags?post=2692"},{"taxonomy":"product-type","embeddable":true,"href":"https:\/\/tianhuipackingmachine.com\/tr\/wp-json\/wp\/v2\/product-type?post=2692"}],"curies":[{"name":"wp","href":"https:\/\/api.w.org\/{rel}","templated":true}]}}