{"id":2601,"date":"2021-09-14T18:02:34","date_gmt":"2021-09-14T10:02:34","guid":{"rendered":"https:\/\/tianhuipackingmachine.com\/?page_id=2601"},"modified":"2025-04-28T17:02:29","modified_gmt":"2025-04-28T09:02:29","slug":"chain-bucket-packing-machine","status":"publish","type":"product","link":"https:\/\/tianhuipackingmachine.com\/tr\/chain-bucket-packing-machine\/","title":{"rendered":"Zincir kova paketleme makinesi"},"content":{"rendered":"<p class=\"translation-block\"><strong>Zincir kovas\u0131 paketleme makinesi<\/strong>, paketleme s\u00fcrecinde malzeme tartmayan bir t\u00fcr ekipmand\u0131r. F\u0131st\u0131k, patates cipsi, muz cipsi, karides krakeri, bugles at\u0131\u015ft\u0131rmal\u0131klar\u0131, so\u011fan halkalar\u0131, bisk\u00fcvi, bakla, ye\u015fil fasulye, k\u0131rm\u0131z\u0131 hurma, tah\u0131l vb. gibi \u00e7e\u015fitli gran\u00fcllere geni\u015f bir \u015fekilde uygulan\u0131r. Ayr\u0131ca, farkl\u0131 malzemeleri bir torbada paketlemeyi m\u00fcmk\u00fcn k\u0131lar, \u00f6rne\u011fin kokulu \u00e7ay. Malzemeyi zincir kovalar\u0131na manuel olarak koymay\u0131 veya tamamen otomatik hale getirmek i\u00e7in tart\u0131m dolum makinesi ile e\u015fle\u015ftirmeyi se\u00e7ebilirsiniz, bu da \u00fcretim verimlili\u011fini \u00f6nemli \u00f6l\u00e7\u00fcde art\u0131r\u0131r ve i\u015f g\u00fcc\u00fc ile zaman\u0131 tasarruf sa\u011flar.<\/p>   <figure class=\"wp-block-embed-youtube wp-block-embed is-type-video is-provider-youtube wp-embed-aspect-16-9 wp-has-aspect-ratio\"><div class=\"lyte-wrapper\" title=\"Zincir kovas\u0131 konvey\u00f6r paketleme makinesi | Sat\u0131l\u0131k otomatik d\u00f6kme tipi paketleme makinesi #gran\u00fcl\" style=\"width:853px;max-width:100%;margin:5px auto;\"><div class=\"lyMe\" id=\"WYL_yw1mwP7_aCI\" itemprop=\"video\" itemscope itemtype=\"https:\/\/schema.org\/VideoObject\"><div><meta itemprop=\"thumbnailUrl\" content=\"https:\/\/i.ytimg.com\/vi\/yw1mwP7_aCI\/hqdefault.jpg\" \/><meta itemprop=\"embedURL\" content=\"https:\/\/www.youtube.com\/embed\/yw1mwP7_aCI\" \/><meta itemprop=\"duration\" content=\"PT1M7S\" \/><meta itemprop=\"uploadDate\" content=\"2025-04-28T09:01:59Z\" \/><\/div><div id=\"lyte_yw1mwP7_aCI\" data-src=\"https:\/\/i.ytimg.com\/vi\/yw1mwP7_aCI\/hqdefault.jpg\" class=\"pL\"><div class=\"tC\"><div class=\"tT\" itemprop=\"name\">Zincir kovas\u0131 konvey\u00f6r paketleme makinesi | Sat\u0131l\u0131k otomatik d\u00f6kme tipi paketleme makinesi #gran\u00fcl<\/div><\/div><div class=\"play\"><\/div><div class=\"ctrl\"><div class=\"Lctrl\"><\/div><div class=\"Rctrl\"><\/div><\/div><\/div><noscript><a href=\"https:\/\/youtu.be\/yw1mwP7_aCI\" rel=\"nofollow noopener\" target=\"_blank\"><img loading=\"lazy\" decoding=\"async\" src=\"https:\/\/i.ytimg.com\/vi\/yw1mwP7_aCI\/0.jpg\" alt=\"Zincir kovas\u0131 konvey\u00f6r paketleme makinesi | Sat\u0131l\u0131k otomatik d\u00f6kme tipi paketleme makinesi #gran\u00fcl\" width=\"853\" height=\"460\" \/><\/a><\/noscript><meta itemprop=\"description\" content=\"#granulepackingmachine #granules #packingmachine #packagingmachine WhatsApp No.: https:\/\/wa.me\/+8613673689272 WeChat\/Tel No.:+8613673689272 Email: info@tianhuipackingmachine.com Website: https:\/\/tianhuipackingmachine.com\/chain-bucket-packing-machine\/ Discover the working process of our efficient bucket conveyor packing machine! This automatic dump type packaging machine is perfect for various granular, powder, and irregular products. It features precise filling, stable operation, and easy maintenance, making it ideal for industries like food, agriculture, and chemicals. If you&#039;re looking for a reliable and high-efficiency packing solution, don&#039;t miss this video! \u2705 Contact us now for professional advice and best price! \ud83c\udf1f Application: rice, seeds, nuts, beans, snacks, chemical powders, fertilizers, etc. \ud83c\udf1f Features: high efficiency, precise weighing, smooth dumping, customizable solutions. \ud83d\udce9 Inquiry for more details and machine quotation! WhatsApp No.: https:\/\/wa.me\/+8613673689272 WeChat\/Tel No.:+8613673689272 Email: info@tianhuipackingmachine.com Website: https:\/\/tianhuipackingmachine.com\/chain-bucket-packing-machine\/\"><\/div><\/div><div class=\"lL\" style=\"max-width:100%;width:853px;margin:5px auto;\"> <a href=\"https:\/\/youtu.be\/yw1mwP7_aCI\" target=\"_blank\" rel=\"noopener\">Bu videoyu YouTube'da izleyin<\/a>.<\/div><figcaption>zincir kovas\u0131 paketleme makinesi videosu<\/figcaption><\/figure>   <h2 class=\"wp-block-heading\" id=\"h-chain-bucket-packing-machine-for-sale\">Sat\u0131l\u0131k zincir kova paketleme makinesi<\/h2>    <p>Top(Henan) Paketleme Makineleri'nde sat\u0131l\u0131k zincir koval\u0131 torba paketleme makinesi TH-320 ve TH-450 olmak \u00fczere 2 model i\u00e7erir. Maksimum ambalaj filmi geni\u015fli\u011fine g\u00f6re adland\u0131r\u0131l\u0131rlar. Hepsi torba yap\u0131m\u0131n\u0131, doldurmay\u0131, kapatmay\u0131, kesmeyi ve saymay\u0131 otomatik olarak tamamlayabilir. \u00c7al\u0131\u015ft\u0131\u011f\u0131 zaman ne kadar malzeme olursa olsun zincirli kovadaki malzemeleri tek tek paketler.<\/p>    <figure class=\"wp-block-image aligncenter size-full\"><img loading=\"lazy\" decoding=\"async\" width=\"600\" height=\"450\" src=\"https:\/\/tianhuipackingmachine.com\/wp-content\/uploads\/2021\/09\/chain-bucket-packing-machine.jpg\" alt=\"zincir kova paketleme makinesi\" class=\"wp-image-2605\" srcset=\"https:\/\/tianhuipackingmachine.com\/wp-content\/uploads\/2021\/09\/chain-bucket-packing-machine.jpg 600w, https:\/\/tianhuipackingmachine.com\/wp-content\/uploads\/2021\/09\/chain-bucket-packing-machine-300x225.jpg 300w\" sizes=\"auto, (max-width: 600px) 100vw, 600px\" \/><figcaption class=\"wp-element-caption\">Zincirli Kova Paketleme Makinas\u0131<\/figcaption><\/figure>    <h2 class=\"wp-block-heading has-text-color\" id=\"h-chain-bucket-granule-packaging-machine-parameters\" style=\"color:#ff5200\">Zincir kova gran\u00fcl paketleme makinesi parametreleri<\/h2>    <figure class=\"wp-block-table is-style-stripes\"><table><tbody><tr><td>G\u00fc\u00e7<\/td><td>2,2 kW<\/td><\/tr><tr><td>Ambalaj po\u015feti uzunlu\u011fu<\/td><td>50-300mm<\/td><\/tr><tr><td>Ambalaj po\u015feti geni\u015fli\u011fi<\/td><td>80-200mm<\/td><\/tr><tr><td>Paketleme h\u0131z\u0131<\/td><td>20-60 torba\/dak<\/td><\/tr><tr><td>Paketleme kapasitesi<\/td><td>Manuel malzeme koyma veya kibrit doldurma makinesi<\/td><\/tr><tr><td>S\u0131zd\u0131rmazl\u0131k stili<\/td><td>Arka m\u00fch\u00fcr<\/td><\/tr><tr><td>A\u011f\u0131rl\u0131k<\/td><td>400kg<\/td><\/tr><tr><td>Boyut<\/td><td>820*1220*2000mm<\/td><\/tr><\/tbody><\/table><\/figure>    <p>(Parametreler m\u00fc\u015fterinin gereksinimlerine g\u00f6re ayarlanabilir)<\/p>    <h2 class=\"wp-block-heading\" id=\"h-bucket-chain-packing-machine-working-video\">Kova zincir paketleme makinesi \u00e7al\u0131\u015fma videosu <\/h2>   <figure class=\"wp-block-embed-youtube wp-block-embed is-type-video is-provider-youtube wp-embed-aspect-16-9 wp-has-aspect-ratio\"><div class=\"lyte-wrapper\" title=\"Zincirli Kova Paketleme Makinesi Bu \u015eekilde \u00c7al\u0131\u015f\u0131r | Ak\u0131ll\u0131, \u00c7ok Fonksiyonlu, Yar\u0131 Otomatik, Otomatik\" style=\"width:853px;max-width:100%;margin:5px auto;\"><div class=\"lyMe\" id=\"WYL_Fl8qAtw3M4o\" itemprop=\"video\" itemscope itemtype=\"https:\/\/schema.org\/VideoObject\"><div><meta itemprop=\"thumbnailUrl\" content=\"https:\/\/i.ytimg.com\/vi\/Fl8qAtw3M4o\/hqdefault.jpg\" \/><meta itemprop=\"embedURL\" content=\"https:\/\/www.youtube.com\/embed\/Fl8qAtw3M4o\" \/><meta itemprop=\"duration\" content=\"PT2M14S\" \/><meta itemprop=\"uploadDate\" content=\"2022-01-11T09:10:20Z\" \/><\/div><div id=\"lyte_Fl8qAtw3M4o\" data-src=\"https:\/\/i.ytimg.com\/vi\/Fl8qAtw3M4o\/hqdefault.jpg\" class=\"pL\"><div class=\"tC\"><div class=\"tT\" itemprop=\"name\">Zincirli Kova Paketleme Makinesi Bu \u015eekilde \u00c7al\u0131\u015f\u0131r | Ak\u0131ll\u0131, \u00c7ok Fonksiyonlu, Yar\u0131 Otomatik, Otomatik<\/div><\/div><div class=\"play\"><\/div><div class=\"ctrl\"><div class=\"Lctrl\"><\/div><div class=\"Rctrl\"><\/div><\/div><\/div><noscript><a href=\"https:\/\/youtu.be\/Fl8qAtw3M4o\" rel=\"nofollow noopener\" target=\"_blank\"><img loading=\"lazy\" decoding=\"async\" src=\"https:\/\/i.ytimg.com\/vi\/Fl8qAtw3M4o\/0.jpg\" alt=\"Zincirli Kova Paketleme Makinesi Bu \u015eekilde \u00c7al\u0131\u015f\u0131r | Ak\u0131ll\u0131, \u00c7ok Fonksiyonlu, Yar\u0131 Otomatik, Otomatik\" width=\"853\" height=\"460\" \/><\/a><\/noscript><meta itemprop=\"description\" content=\"If you are interested in it, welcome to consult us. Website: https:\/\/tianhuipackingmachine.com\/chain-bucket-packing-machine\/ Whatsapp\/Tel: +86 17329326135 Email: sales@toppackingmachine.com Chain bucket packing machine is a kind of special equipment. The pouch can package the material in each bucket as long as the packaging bag has enough capacity. The operator can choose to place material manually or match one or several feeders based on the needs. The size of the machine support customization service for different packaging raw material and actual requirements. It is composed of a PLC touch screen, bucket chain, bag maker, film roll fixing device, vertical sealing device, horizontal sealing, and cutting device, etc. The operator can set up using language, packaging bag length, packing speed, etc. The sealing temperature is adjustable according to the packaging effect. When the bucket chain reaches to bag maker, it will tip the material into the packaging bag automatically. The tripping bucket packing machine is suitable for single or multiple objects per bag. And it can be equipped with a date cording machine, nitrogen filling device, output conveyor, etc. The sealing style includes bag center seal, 3-side seal, 4-side seal, gusset pouch, flat bag, pouch with a hole, plain end seal, sawtooth end seal, etc. This type of packaging machine has a wide range of applications, such as scented tea, coffee bean, peanut, broad bean, melon seeds, puffed food, oatmeal, rice crust, green beans, red beans, popcorn, candy, apple chips, potato\u00a0chips, french chips, banana chips, prawn cracker, bugles snacks, onion ring, biscuit,\u00a0snacks, jelly, dried fruit, dried vegetable, and so on. If you want to know more about granule packing machines, you can see them here. Vertical granule packing machine: https:\/\/youtu.be\/WL8gU11AWqI Four-head weigher packing machine: https:\/\/www.youtube.com\/watch?v=m3XHQ9LlhgY&amp;t=19s 10-Head scale packing machine for potato chips: https:\/\/youtu.be\/fIU65zNNvU4 Whatsapp\/Tel: +86 17329326135 Email: sales@toppackingmachine.com\"><\/div><\/div><div class=\"lL\" style=\"max-width:100%;width:853px;margin:5px auto;\"> <a href=\"https:\/\/youtu.be\/Fl8qAtw3M4o\" target=\"_blank\" rel=\"noopener\">Bu videoyu YouTube'da izleyin<\/a>.<\/div><figcaption><\/figcaption><\/figure>   <h2 class=\"wp-block-heading\" id=\"h-features-of-chain-bucket-packaging-machine\">Zincir kova paketleme makinesinin \u00f6zellikleri<\/h2>    <ol class=\"wp-block-list\"> <li>Makul tasar\u0131m, basit yap\u0131, yatay zincirli kova, kullan\u0131m\u0131 kolay<\/li>    <li>Dili, paketleme h\u0131z\u0131n\u0131, torba uzunlu\u011funu vb. kullanarak ayarlamak i\u00e7in dokunmatik ekranda geli\u015fmi\u015f mikro bilgisayar \u00e7ip kontrol\u00fc.<\/li>    <li>Torba olu\u015fturma, doldurma, kapatma, kesme ve sayma i\u015flemlerinin tamam\u0131n\u0131 otomatik olarak tamamlayabilir.<\/li>    <li>Do\u011fru konumland\u0131rma ve hassas kesim sa\u011flamak i\u00e7in fotoelektrik g\u00f6zle donat\u0131lm\u0131\u015ft\u0131r<\/li>    <li>Geni\u015f ekran g\u00f6r\u00fcnt\u00fcs\u00fcnde \u00e7e\u015fitli parametrelerin ekranda g\u00f6r\u00fclmesi kolayd\u0131r.<\/li>    <li>Dikey ve yatay yap\u0131\u015ft\u0131rma s\u0131cakl\u0131\u011f\u0131n\u0131 g\u00f6rmek kolayd\u0131r<\/li>    <li>Ak\u0131ll\u0131 ar\u0131za te\u015fhisi, ar\u0131za konumunu g\u00f6r\u00fcnt\u00fcleme, bak\u0131m\u0131 kolay<\/li>    <li>Acil durum butonu tedbir ama\u00e7l\u0131 olarak tasarlanm\u0131\u015ft\u0131r<\/li>    <li>\u00d6zelle\u015ftirme hizmeti mevcut<\/li> <\/ol>    <h2 class=\"wp-block-heading\" id=\"h-wide-applications-of-chain-bucket-packing-equipment\">Zincirli kova paketleme ekipmanlar\u0131n\u0131n geni\u015f uygulamalar\u0131<\/h2>    <p class=\"translation-block\">Zincir kovalar\u0131 ile arka kapak paketleme makinesi, kokulu \u00e7ay, kahve \u00e7ekirde\u011fi, f\u0131st\u0131k, bakla, kavun \u00e7ekirdekleri, \u015fi\u015firilmi\u015f g\u0131da, yulaf ezmesi, pirin\u00e7 kabu\u011fu, ye\u015fil fasulye, k\u0131rm\u0131z\u0131 fasulye, patlam\u0131\u015f m\u0131s\u0131r, \u015fekerleme, elma cipsi, patates <strong><a href=\"https:\/\/tianhuipackingmachine.com\/tr\/chips-packaging-machine\/\">cips<\/a><\/strong>, frans\u0131z cipsi, muz cipsi, karides krakeri, bugles at\u0131\u015ft\u0131rmal\u0131klar\u0131, so\u011fan halkas\u0131, bisk\u00fcvi, <strong><a href=\"https:\/\/tianhuipackingmachine.com\/tr\/snacks-packing-machine\/\">at\u0131\u015ft\u0131rmal\u0131klar<\/a><\/strong>, jelatin, kuru meyve, kuru sebze vb. gibi yap\u0131\u015fmaz gran\u00fcllerin her t\u00fcrl\u00fc i\u00e7in uygundur. &nbsp;<\/p>    <figure class=\"wp-block-image aligncenter size-full\"><img loading=\"lazy\" decoding=\"async\" width=\"750\" height=\"500\" src=\"https:\/\/tianhuipackingmachine.com\/wp-content\/uploads\/2021\/09\/applications-of-chain-bucket-packaging-machine.jpg\" alt=\"zincir kova paketleme makinesinin uygulamalar\u0131\" class=\"wp-image-2610\" srcset=\"https:\/\/tianhuipackingmachine.com\/wp-content\/uploads\/2021\/09\/applications-of-chain-bucket-packaging-machine.jpg 750w, https:\/\/tianhuipackingmachine.com\/wp-content\/uploads\/2021\/09\/applications-of-chain-bucket-packaging-machine-300x200.jpg 300w\" sizes=\"auto, (max-width: 750px) 100vw, 750px\" \/><figcaption class=\"wp-element-caption\">Zincir Kova Paketleme Makinesi Uygulamalar\u0131<\/figcaption><\/figure>    <h2 class=\"wp-block-heading\" id=\"h-chain-granule-packing-machine-structure\">Zincir gran\u00fcl paketleme makinesi yap\u0131s\u0131<\/h2>    <p>Ekipman, dokunmatik ekran, zincir kovalar, torba olu\u015fturucu, film rulosu sabitleme cihaz\u0131, dikey kapatma cihaz\u0131, yatay yap\u0131\u015ft\u0131rma ve kesme cihaz\u0131 vb.'den olu\u015fur. Operat\u00f6r dili, paketleme po\u015feti uzunlu\u011funu, paketleme h\u0131z\u0131n\u0131 vb. kullanarak kurulum yapabilir. Malzemelere y\u00f6nelik zincirli kova, gran\u00fcllerin paketleme torbas\u0131na ta\u015f\u0131nmas\u0131 ve beslenmesi i\u00e7in kullan\u0131l\u0131r. Ve malzeme i\u00e7in zincir kovas\u0131n\u0131n boyutu, farkl\u0131 m\u00fc\u015fteri gereksinimlerine g\u00f6re birka\u00e7 farkl\u0131l\u0131k g\u00f6sterir. Farkl\u0131 boyutlarda po\u015fet paketlemek istiyorsan\u0131z koordineli po\u015fet yap\u0131c\u0131y\u0131 de\u011fi\u015ftirmeniz gerekir. Ayr\u0131ca istenirse nitrojen dolum cihazlar\u0131 da sa\u011fl\u0131yoruz. Ayr\u0131ca OEM hizmeti mevcuttur.<\/p>    <figure class=\"wp-block-image aligncenter size-full\"><img loading=\"lazy\" decoding=\"async\" width=\"750\" height=\"500\" src=\"https:\/\/tianhuipackingmachine.com\/wp-content\/uploads\/2021\/09\/chain-bucket-packaging-machine-structure.jpg\" alt=\"zincir kova paketleme makinesi yap\u0131s\u0131\" class=\"wp-image-2606\" srcset=\"https:\/\/tianhuipackingmachine.com\/wp-content\/uploads\/2021\/09\/chain-bucket-packaging-machine-structure.jpg 750w, https:\/\/tianhuipackingmachine.com\/wp-content\/uploads\/2021\/09\/chain-bucket-packaging-machine-structure-300x200.jpg 300w\" sizes=\"auto, (max-width: 750px) 100vw, 750px\" \/><figcaption class=\"wp-element-caption\">Zincir Kovas\u0131 Paketleme Makinesi Yap\u0131s\u0131<\/figcaption><\/figure>    <h2 class=\"wp-block-heading\" id=\"h-do-you-know-these-about-chain-bucket-packing-equipment-price\">Zincirli kova paketleme ekipman\u0131 fiyat\u0131 hakk\u0131nda bunlar\u0131 biliyor musunuz?<\/h2>    <p class=\"translation-block\">Zincir gran\u00fcl paketleme makinesi fiyat\u0131, imalat malzemesi, teknoloji ve e\u015fle\u015ftirilecek di\u011fer iste\u011fe ba\u011fl\u0131 cihazlarla yak\u0131ndan ili\u015fkilidir. Makine i\u00e7in daha iyi yap\u0131m malzemesi, malzeme maliyetinin daha y\u00fcksek olmas\u0131n\u0131 sa\u011flar. Daha geli\u015fmi\u015f teknoloji, bunu ger\u00e7ekle\u015ftirmek i\u00e7in daha fazla i\u015f g\u00fcc\u00fc maliyeti gerektirir. \u0130ste\u011fe ba\u011fl\u0131 cihazlar ise sizin tercihlerinize ba\u011fl\u0131d\u0131r. Zincir kovas\u0131na malzeme doldurmak i\u00e7in bir besleme cihaz\u0131na ihtiyac\u0131n\u0131z varsa, d\u00fc\u015f\u00fck maliyetli bir veya birka\u00e7 nicel tart\u0131m ve dolum cihaz\u0131 ile e\u015fle\u015ftirmeyi se\u00e7ebilirsiniz. Ayr\u0131ca, bir kodlama yaz\u0131c\u0131s\u0131, \u00e7\u0131k\u0131\u015f konvey\u00f6r\u00fc, azot doldurma cihaz\u0131 vb. bulunmaktad\u0131r. Bu nedenle, nihai fiyat belirli makineye g\u00f6re belirlenir. \u0130lginizi \u00e7ekiyor mu? <strong><a href=\"https:\/\/tianhuipackingmachine.com\/tr\/contact\/\">Bizimle ileti\u015fime ge\u00e7in<\/a><\/strong> daha fazla ayr\u0131nt\u0131 ve en iyi fiyat i\u00e7in.<\/p>    <h2 class=\"wp-block-heading\" id=\"h-contact-us-to-learn-more-information\">Daha fazla bilgi edinmek i\u00e7in bizimle ileti\u015fime ge\u00e7in<\/h2>    <p class=\"translation-block\">Di\u011fer <strong><a href=\"https:\/\/tianhuipackingmachine.com\/tr\/granule-packing-machine\/\">gran\u00fcl paketleme makineleri<\/a><\/strong> ile kar\u015f\u0131la\u015ft\u0131r\u0131ld\u0131\u011f\u0131nda, zincir kovas\u0131 ve paketleme torbas\u0131 kapsam\u0131ndaki \u00e7e\u015fitli boyutlardaki gran\u00fclleri paketleyebilir. Nicel besleme cihazlar\u0131 ile \u00e7al\u0131\u015ft\u0131\u011f\u0131nda, belirli bir oranda farkl\u0131 malzemeleri paketlemek m\u00fcmk\u00fcnd\u00fcr. Top(Henan) Paketleme Makineleri'nde yayg\u0131n modeller TH-320 ve TH-450'dir, ancak gereksinimlerinize g\u00f6re makine boyutunu \u00f6zelle\u015ftirebiliriz. Ayr\u0131ca, s\u0131v\u0131, macun, par\u00e7a, toz veya gran\u00fcl, vakumlu s\u0131zd\u0131rmazl\u0131k, kapama makineleri, s\u0131zd\u0131rmazl\u0131k makineleri, yast\u0131k paketleme makineleri vb. i\u00e7in <strong><a href=\"https:\/\/tianhuipackingmachine.com\/tr\/\">paketleme makineleri<\/a><\/strong> de sa\u011fl\u0131yoruz. \u0130leti\u015fim bilgilerinizi ve daha fazla ileti\u015fim i\u00e7in sab\u0131rs\u0131zlan\u0131yoruz.<\/p>","protected":false},"excerpt":{"rendered":"<p>Chain bucket packing machine is a kind of equipment that does not weigh the material when during the packaging process. It widely applies to various granules, such as peanuts, potato chips, banana chips, prawn crackers, bugles snacks, onion rings, biscuits, broad beans, green beans, red dates, cereal, etc. Besides, it can make it possible to [&hellip;]<\/p>\n","protected":false},"author":1,"featured_media":2606,"parent":0,"template":"","tags":[184],"product-type":[145],"class_list":["post-2601","product","type-product","status-publish","has-post-thumbnail","hentry","tag-chain-bucket-packing-machine","product-type-other-products"],"_links":{"self":[{"href":"https:\/\/tianhuipackingmachine.com\/tr\/wp-json\/wp\/v2\/product\/2601","targetHints":{"allow":["GET"]}}],"collection":[{"href":"https:\/\/tianhuipackingmachine.com\/tr\/wp-json\/wp\/v2\/product"}],"about":[{"href":"https:\/\/tianhuipackingmachine.com\/tr\/wp-json\/wp\/v2\/types\/product"}],"author":[{"embeddable":true,"href":"https:\/\/tianhuipackingmachine.com\/tr\/wp-json\/wp\/v2\/users\/1"}],"wp:featuredmedia":[{"embeddable":true,"href":"https:\/\/tianhuipackingmachine.com\/tr\/wp-json\/wp\/v2\/media\/2606"}],"wp:attachment":[{"href":"https:\/\/tianhuipackingmachine.com\/tr\/wp-json\/wp\/v2\/media?parent=2601"}],"wp:term":[{"taxonomy":"post_tag","embeddable":true,"href":"https:\/\/tianhuipackingmachine.com\/tr\/wp-json\/wp\/v2\/tags?post=2601"},{"taxonomy":"product-type","embeddable":true,"href":"https:\/\/tianhuipackingmachine.com\/tr\/wp-json\/wp\/v2\/product-type?post=2601"}],"curies":[{"name":"wp","href":"https:\/\/api.w.org\/{rel}","templated":true}]}}