{"id":2571,"date":"2021-09-14T11:13:10","date_gmt":"2021-09-14T03:13:10","guid":{"rendered":"https:\/\/tianhuipackingmachine.com\/?page_id=2571"},"modified":"2022-04-27T11:20:26","modified_gmt":"2022-04-27T03:20:26","slug":"paste-filling-machines","status":"publish","type":"product","link":"https:\/\/tianhuipackingmachine.com\/tr\/paste-filling-machines\/","title":{"rendered":"Yap\u0131\u015ft\u0131r dolum makinas\u0131"},"content":{"rendered":"<p class=\"translation-block\"><strong>Macun doldurma makinesi<\/strong>, macunu torbalara, \u015fi\u015felere veya kutulara doldurmak i\u00e7in kullan\u0131lan ekipmand\u0131r. Soslar, g\u00fcnl\u00fck ihtiya\u00e7 maddeleri, kimyasallar vb. gibi \u00e7e\u015fitli macunlar i\u00e7in uygundur. Yar\u0131 otomatik macun doldurucu ve otomatik \u00e7ok kafal\u0131 doldurucu bulunur. \u0130lki az yer kaplar, basit yap\u0131dad\u0131r, maliyeti d\u00fc\u015f\u00fckt\u00fcr. \u0130kincisi, \u00fcretim verimlili\u011fini art\u0131ran ve i\u015f\u00e7ilikten tasarruf sa\u011flayan birden fazla \u00e7\u0131k\u0131\u015f ve otomatik doldurma ile donat\u0131lm\u0131\u015ft\u0131r. Otomatik olan, \u015fi\u015fe a\u00e7\u0131c\u0131, temizleme makinesi, kapak kapatma makinesi, etiketleme makinesi, kodlama yaz\u0131c\u0131s\u0131 vb. gibi di\u011fer makinelerle birle\u015ftirilerek bir \u00fcretim hatt\u0131 olu\u015fturabilir. Ayr\u0131ca \u00f6zelle\u015ftirme hizmeti de mevcuttur.<\/p>    <h2 class=\"wp-block-heading\" id=\"h-paste-filling-machine-for-sale\">Sat\u0131l\u0131k macun dolum makinas\u0131<\/h2>    <p>Sat\u0131l\u0131k \u00dcst (Henan) Paketleme Makinesindeki macun dolum ekipman\u0131, koni \u015feklinde hazneli veya U tipi hazneli, \u00e7ok kafal\u0131 macun otomatik dolgulu macun yar\u0131 otomatik dolgu maddesini i\u00e7erir. Yar\u0131 otomatik macun dolgusu i\u00e7in 8 model dolum kapsam\u0131 iste\u011fe ba\u011fl\u0131d\u0131r: 5-50ml, 10-100ml, 30-300ml, 50-500ml, 100-1000ml, 250-2500ml, 300-3000ml ve 500-5000ml.<\/p>    <div class=\"wp-block-columns is-layout-flex wp-container-core-columns-is-layout-28f84493 wp-block-columns-is-layout-flex\"> <div class=\"wp-block-column is-layout-flow wp-block-column-is-layout-flow\"> <figure class=\"wp-block-image size-full\"><img loading=\"lazy\" decoding=\"async\" width=\"750\" height=\"500\" src=\"https:\/\/tianhuipackingmachine.com\/wp-content\/uploads\/2021\/09\/semi-automatic-cone-shaped-hopper-paste-filler.jpg\" alt=\"yar\u0131 otomatik koni bi\u00e7imli hazne macun dolgusu\" class=\"wp-image-2573\" srcset=\"https:\/\/tianhuipackingmachine.com\/wp-content\/uploads\/2021\/09\/semi-automatic-cone-shaped-hopper-paste-filler.jpg 750w, https:\/\/tianhuipackingmachine.com\/wp-content\/uploads\/2021\/09\/semi-automatic-cone-shaped-hopper-paste-filler-300x200.jpg 300w\" sizes=\"auto, (max-width: 750px) 100vw, 750px\" \/><figcaption>Yar\u0131 Otomatik Koni \u015eekilli Hazne Macun Doldurucu<\/figcaption><\/figure> <\/div>    <div class=\"wp-block-column is-layout-flow wp-block-column-is-layout-flow\"> <figure class=\"wp-block-image size-full\"><img loading=\"lazy\" decoding=\"async\" width=\"750\" height=\"500\" src=\"https:\/\/tianhuipackingmachine.com\/wp-content\/uploads\/2021\/09\/semi-automatic-U-type-paste-filling-machine.jpg\" alt=\"yar\u0131 otomatik U tipi macun dolum makinas\u0131\" class=\"wp-image-2574\" srcset=\"https:\/\/tianhuipackingmachine.com\/wp-content\/uploads\/2021\/09\/semi-automatic-U-type-paste-filling-machine.jpg 750w, https:\/\/tianhuipackingmachine.com\/wp-content\/uploads\/2021\/09\/semi-automatic-U-type-paste-filling-machine-300x200.jpg 300w\" sizes=\"auto, (max-width: 750px) 100vw, 750px\" \/><figcaption>Yar\u0131 Otomatik U Tipi Sal\u00e7a Dolum Makinesi<\/figcaption><\/figure> <\/div> <\/div>    <h2 class=\"wp-block-heading\" id=\"h-cone-shaped-hopper-semi-auto-paste-filler\">Koni bi\u00e7imli hazne yar\u0131 otomatik macun doldurucu<\/h2>    <p>Koni bi\u00e7imli bir hazneye sahip yar\u0131 otomatik macun dolgusu, k\u00fc\u00e7\u00fck gran\u00fcller veya tortular i\u00e7ermeyen \u00e7e\u015fitli macunlar i\u00e7in uygundur. Malzeme \u00e7ok viskozsa doldurma i\u015flemini kolayla\u015ft\u0131rmak i\u00e7in bir \u0131s\u0131tma ve kar\u0131\u015ft\u0131rma cihaz\u0131 eklemek daha iyidir. Bu t\u00fcr macun dolum makinas\u0131 torba dolumu, \u015fi\u015fe dolumu veya teneke dolum uygular. Dolum h\u0131z\u0131 ve dolum hacmi ihtiya\u00e7lar\u0131n\u0131za g\u00f6re ayarlanabilir. <\/p>    <h2 class=\"wp-block-heading\" id=\"h-cone-shaped-hopper-paste-filling-machine-structure\">Koni \u015feklindeki hazne macunu dolum makinas\u0131 yap\u0131s\u0131<\/h2>    <p>Hazne, \u00e7\u0131k\u0131\u015f, ayak pedal\u0131, d\u00f6ner valf, silindir, barometre, kol vb. par\u00e7alardan olu\u015fur. Malzeme ile temas k\u0131sm\u0131 304 paslanmaz \u00e7elikten yap\u0131lm\u0131\u015ft\u0131r. \u00c7\u0131k\u0131\u015f nozulu damlamaya kar\u015f\u0131 dayan\u0131kl\u0131d\u0131r, \u00e7al\u0131\u015fma do\u011frulu\u011funu art\u0131r\u0131r ve dolum ortam\u0131n\u0131n temiz kalmas\u0131n\u0131 sa\u011flar. D\u00f6ner valf macun doldurma i\u015flemini kontrol eder. Sap\u0131n d\u00f6nd\u00fcr\u00fclmesi doldurma hacmini ayarlar. Pn\u00f6matik kontrol\u00fcn, istikrarl\u0131 bir \u015fekilde \u00e7al\u0131\u015fan hava kompres\u00f6r\u00fc ile e\u015fle\u015fmesi gerekir. Doldurma do\u011frulu\u011fu, hava bas\u0131nc\u0131 stabilitesinden, malzeme b\u00fct\u00fcnl\u00fc\u011f\u00fcnden ve doldurma h\u0131z\u0131ndan etkilenir. \u00c7al\u0131\u015fma h\u0131z\u0131 malzemenin viskozitesine, \u00e7\u0131k\u0131\u015f nozulunun boyutuna ve \u00e7al\u0131\u015fan\u0131n \u00e7al\u0131\u015fma h\u0131z\u0131na ba\u011fl\u0131d\u0131r.<\/p>    <figure class=\"wp-block-gallery has-nested-images columns-default is-cropped wp-block-gallery-2 is-layout-flex wp-block-gallery-is-layout-flex\"> <figure class=\"wp-block-image size-large\"><img loading=\"lazy\" decoding=\"async\" width=\"750\" height=\"500\" data-id=\"2575\" src=\"https:\/\/tianhuipackingmachine.com\/wp-content\/uploads\/2021\/09\/cone-shaped-hopper-paste-semi-automatic-filler-structure.jpg\" alt=\"koni \u015feklindeki hazne macunu yar\u0131 otomatik dolgu yap\u0131s\u0131\" class=\"wp-image-2575\" srcset=\"https:\/\/tianhuipackingmachine.com\/wp-content\/uploads\/2021\/09\/cone-shaped-hopper-paste-semi-automatic-filler-structure.jpg 750w, https:\/\/tianhuipackingmachine.com\/wp-content\/uploads\/2021\/09\/cone-shaped-hopper-paste-semi-automatic-filler-structure-300x200.jpg 300w\" sizes=\"auto, (max-width: 750px) 100vw, 750px\" \/><figcaption>Koni \u015eekilli Hazne Pastas\u0131 Yar\u0131 Otomatik Dolgu Yap\u0131s\u0131<\/figcaption><\/figure>    <figure class=\"wp-block-image size-large\"><img loading=\"lazy\" decoding=\"async\" width=\"750\" height=\"500\" data-id=\"4482\" src=\"https:\/\/tianhuipackingmachine.com\/wp-content\/uploads\/2021\/12\/details-of-cone-hopper-type-sauce-filler-750x500.jpg\" alt=\"koni hazneli tip sos dolgusunun detaylar\u0131\" class=\"wp-image-4482\" srcset=\"https:\/\/tianhuipackingmachine.com\/wp-content\/uploads\/2021\/12\/details-of-cone-hopper-type-sauce-filler.jpg 750w, https:\/\/tianhuipackingmachine.com\/wp-content\/uploads\/2021\/12\/details-of-cone-hopper-type-sauce-filler-480x320.jpg 480w\" sizes=\"auto, (max-width: 750px) 100vw, 750px\" \/><figcaption>Koni Hazneli Tip Sos Doldurucu Detaylar\u0131<\/figcaption><\/figure> <\/figure>    <h2 class=\"wp-block-heading\" id=\"h-u-type-hopper-semi-automatic-paste-filler\">U tipi hazne yar\u0131 otomatik macun doldurucu<\/h2>    <p>U tipi hazne macunu yar\u0131 otomatik dolum ekipman\u0131 bir t\u00fcr yatay dolum makinesidir. Koni \u015feklindeki hazneli macun dolumuyla kar\u015f\u0131la\u015ft\u0131r\u0131ld\u0131\u011f\u0131nda, U tipi hazneli macun dolum makinesi daha b\u00fcy\u00fck doldurma kapasitesine ve daha y\u00fcksek maliyete sahiptir. Macunun par\u00e7ac\u0131klar\u0131 veya \u00e7\u00f6keltileri varsa, biber sosu, ball\u0131 a\u011fa\u00e7 kavunu, \u00e7ark\u0131felek meyvesi sosu, k\u00fc\u00e7\u00fck gran\u00fcll\u00fc re\u00e7eller, s\u0131\u011f\u0131r eti ezmesi vb. gibi U tipi hazne iyi bir se\u00e7imdir. Operat\u00f6r, doldurma h\u0131z\u0131n\u0131 ve hacmini d\u00f6nd\u00fcrerek de\u011fi\u015ftirebilir. kolu.<\/p>    <h2 class=\"wp-block-heading\" id=\"h-u-type-hopper-paste-filling-machine-structure\">U tipi hazne macunu dolum makinas\u0131 yap\u0131s\u0131<\/h2>    <p>Makine bir \u00e7\u0131k\u0131\u015f, d\u00f6ner valf, kar\u0131\u015ft\u0131rma hunisi, ayak pedal\u0131, silindir, barometre, motor, ayar par\u00e7as\u0131 vb. par\u00e7alardan olu\u015fur. \u00c7\u0131k\u0131\u015f nozulu, damlama \u00f6nleyici teknolojiyi benimser ve daha do\u011fru bir \u015fekilde doldurur. Hazne, malzemeyi e\u015fit \u015fekilde kar\u0131\u015ft\u0131rmak i\u00e7in bir kar\u0131\u015ft\u0131r\u0131c\u0131 ile donat\u0131lm\u0131\u015ft\u0131r. Ayak pedal\u0131, makineyi kulland\u0131\u011f\u0131n\u0131zda uygun bir yer koymak i\u00e7in uygundur. Kolun d\u00f6nd\u00fcr\u00fclmesi silindirin d\u0131\u015f\u0131ndaki \u00f6l\u00e7ekteki g\u00f6stergeyi ayarlar, ard\u0131ndan doldurma hacmi de\u011fi\u015ftirilir. Pn\u00f6matik kuvvetle \u00e7al\u0131\u015ft\u0131r\u0131l\u0131r ve makineyi kullan\u0131rken bir hava kompres\u00f6r\u00fcne ihtiya\u00e7 duyar.<\/p>    <figure class=\"wp-block-gallery has-nested-images columns-default is-cropped wp-block-gallery-3 is-layout-flex wp-block-gallery-is-layout-flex\"> <figure class=\"wp-block-image size-large\"><img loading=\"lazy\" decoding=\"async\" width=\"750\" height=\"500\" data-id=\"2596\" src=\"https:\/\/tianhuipackingmachine.com\/wp-content\/uploads\/2021\/09\/structure-of-U-type-hopper-paste-filling-machine.jpg\" alt=\"U tipi hazne macunu dolum makinas\u0131n\u0131n yap\u0131s\u0131\" class=\"wp-image-2596\" srcset=\"https:\/\/tianhuipackingmachine.com\/wp-content\/uploads\/2021\/09\/structure-of-U-type-hopper-paste-filling-machine.jpg 750w, https:\/\/tianhuipackingmachine.com\/wp-content\/uploads\/2021\/09\/structure-of-U-type-hopper-paste-filling-machine-300x200.jpg 300w\" sizes=\"auto, (max-width: 750px) 100vw, 750px\" \/><figcaption>U-Tipi Hazne Sal\u00e7as\u0131 Dolum Makinesinin Yap\u0131s\u0131<\/figcaption><\/figure>    <figure class=\"wp-block-image size-large\"><img loading=\"lazy\" decoding=\"async\" width=\"750\" height=\"500\" data-id=\"4485\" src=\"https:\/\/tianhuipackingmachine.com\/wp-content\/uploads\/2021\/12\/detailed-parts-of-U-type-hopper-sauce-filler-750x500.jpg\" alt=\"U tipi hazne sos dolgusunun detayl\u0131 par\u00e7alar\u0131\" class=\"wp-image-4485\" srcset=\"https:\/\/tianhuipackingmachine.com\/wp-content\/uploads\/2021\/12\/detailed-parts-of-U-type-hopper-sauce-filler.jpg 750w, https:\/\/tianhuipackingmachine.com\/wp-content\/uploads\/2021\/12\/detailed-parts-of-U-type-hopper-sauce-filler-480x320.jpg 480w\" sizes=\"auto, (max-width: 750px) 100vw, 750px\" \/><figcaption>U Tipi Hazne Sos Doldurucunun Detayl\u0131 Par\u00e7alar\u0131<\/figcaption><\/figure> <\/figure>    <h2 class=\"has-text-color wp-block-heading\" id=\"h-parameters-of-semi-automatic-paste-filler\" style=\"color:#ff5200\">Yar\u0131 otomatik macun dolgusunun parametreleri<\/h2>    <figure class=\"wp-block-table is-style-stripes\"><table><tbody><tr><td>Modeli<\/td><td>500 (toplamda 8 model)<\/td><\/tr><tr><td>Dolgu malzemesi<\/td><td>Yap\u0131\u015ft\u0131rmak<\/td><\/tr><tr><td>Dolum aral\u0131\u011f\u0131<\/td><td>50-500ml (toplamda 8 aral\u0131k)<\/td><\/tr><tr><td>Hava bas\u0131nc\u0131<\/td><td>0.4-0.6Mpa<\/td><\/tr><tr><td>Tolerans kapsam\u0131<\/td><td>0.50%<\/td><\/tr><tr><td>Doldurma ba\u015fl\u0131\u011f\u0131<\/td><td>Bekar<\/td><\/tr><\/tbody><\/table><\/figure>    <h2 class=\"wp-block-heading\" id=\"h-multi-head-automatic-paste-filling-machine\">\u00c7ok kafal\u0131 otomatik macun dolum makinas\u0131<\/h2>    <p>\u00c7ok kafal\u0131 macun otomatik dolum ekipman\u0131, birden fazla \u015fi\u015fenin macun dolumunu bir defada otomatik olarak tamamlayabilir, bu da \u00fcretim verimlili\u011fini b\u00fcy\u00fck \u00f6l\u00e7\u00fcde art\u0131r\u0131r. \u00c7\u0131k\u0131\u015f nozullar\u0131n\u0131n say\u0131s\u0131 ihtiya\u00e7lar\u0131n\u0131za g\u00f6re \u00f6zelle\u015ftirilebilir. Ayr\u0131ca \u015fi\u015fe \u00e7\u00f6z\u00fcc\u00fc, vakumlu kapatma makinesi, plastik \u015fi\u015fe kapatma makinesi, etiketleme makinesi, kodlama yaz\u0131c\u0131s\u0131 vb. gibi di\u011fer makinelerle birlikte bir \u00fcretim hatt\u0131 olu\u015fturabilir.<\/p>    <h2 class=\"wp-block-heading\" id=\"h-multi-head-automatic-paste-filler-structure\">\u00c7ok kafal\u0131 otomatik macun doldurma yap\u0131s\u0131<\/h2>    <p>Ekipman bir kontrol paneli, hazne, y\u00fcksekli\u011fi ayarlamak i\u00e7in d\u00f6ner d\u00fc\u011fme, doldurma nozulu, konvey\u00f6r, elektrikli g\u00f6z, makine kasas\u0131 vb.'den olu\u015fur. PLC dokunmatik ekranl\u0131 kontrol paneli, \u00e7e\u015fitli parametreleri h\u0131zl\u0131 ve rahat bir \u015fekilde ayarlayabilir. Doldurma a\u011fz\u0131, damlama \u00f6nleyici bir cihaz\u0131 benimser. Konvey\u00f6r band\u0131n\u0131n geni\u015fli\u011fi ihtiya\u00e7lar\u0131n\u0131za g\u00f6re \u00f6zelle\u015ftirilebilir.<\/p>    <div class=\"wp-block-image\"><figure class=\"aligncenter size-full\"><img loading=\"lazy\" decoding=\"async\" width=\"750\" height=\"500\" src=\"https:\/\/tianhuipackingmachine.com\/wp-content\/uploads\/2021\/09\/multi-head-paste-filling-equipment-structure.jpg\" alt=\"\u00e7ok kafal\u0131 macun dolum ekipman\u0131 yap\u0131s\u0131\" class=\"wp-image-2582\" srcset=\"https:\/\/tianhuipackingmachine.com\/wp-content\/uploads\/2021\/09\/multi-head-paste-filling-equipment-structure.jpg 750w, https:\/\/tianhuipackingmachine.com\/wp-content\/uploads\/2021\/09\/multi-head-paste-filling-equipment-structure-300x200.jpg 300w\" sizes=\"auto, (max-width: 750px) 100vw, 750px\" \/><figcaption>\u00e7ok kafal\u0131 macun dolum ekipman\u0131 yap\u0131s\u0131<\/figcaption><\/figure><\/div>    <h2 class=\"has-text-color wp-block-heading\" id=\"h-parameters-of-automatic-paste-filler\" style=\"color:#ff5200\">Otomatik macun dolgusunun parametreleri <\/h2>    <figure class=\"wp-block-table is-style-stripes\"><table><tbody><tr><td>Pudra<\/td><td>220V \/ 50Hz<\/td><\/tr><tr><td>Dolum aral\u0131\u011f\u0131<\/td><td>50-500, 100-1000<\/td><\/tr><tr><td>Doldurma do\u011frulu\u011fu<\/td><td>&lt;\u00b11%<\/td><\/tr><tr><td>Doldurma h\u0131z\u0131<\/td><td>2000-2400\u015fi\u015fe\/saat<\/td><\/tr><tr><td>Not<\/td><td>\u00d6zelle\u015ftirme hizmeti mevcut<\/td><\/tr><\/tbody><\/table><\/figure>    <h2 class=\"wp-block-heading\" id=\"h-features-of-paste-filling-machine\">Macun dolum makinas\u0131n\u0131n \u00f6zellikleri<\/h2>    <ol class=\"wp-block-list\" type=\"1\"><li>Kompakt yap\u0131, basit yap\u0131, kullan\u0131m\u0131 kolay<\/li><li>Pn\u00f6matik kuvvetle tahrik edilmeli, istikrarl\u0131 bir \u015fekilde \u00e7al\u0131\u015fmal\u0131<\/li><li>Damlama \u00f6nleyici cihazla donat\u0131lm\u0131\u015ft\u0131r, do\u011fru \u015fekilde doldurulur<\/li><li>Temas malzemesinin bir k\u0131sm\u0131 paslanmaz \u00e7elikten yap\u0131lm\u0131\u015ft\u0131r, dayan\u0131kl\u0131d\u0131r ve temizlenmesi kolayd\u0131r<\/li><li>Dolum h\u0131z\u0131 ve hacmi ihtiya\u00e7lar\u0131n\u0131za g\u00f6re ayarlanabilir<\/li><li>Yar\u0131 otomatik sal\u00e7a dolum makinas\u0131n\u0131n pedall\u0131 ve otomatik olmak \u00fczere iki dolum y\u00f6ntemi vard\u0131r. Ve iki doldurma y\u00f6ntemi iste\u011fe ba\u011fl\u0131 olarak de\u011fi\u015ftirilebilir.<\/li><li>Yatay yar\u0131 otomatik macun doldurucu, malzemeyi e\u015fit \u015fekilde kar\u0131\u015ft\u0131ran kar\u0131\u015ft\u0131r\u0131c\u0131 ile donat\u0131lm\u0131\u015ft\u0131r<\/li><li>Otomatik yap\u0131\u015ft\u0131rma dolum makinesi, dokunmatik ekranda parametreleri ayarlad\u0131ktan sonra malzemeyi otomatik olarak doldurabilir.<\/li><li>OEM hizmeti mevcuttur<\/li><\/ol>    <h2 class=\"wp-block-heading\" id=\"h-wide-applications-of-paste-filling-equipment\">Macun doldurma ekipman\u0131n\u0131n geni\u015f uygulamalar\u0131<\/h2>    <p>Macun dolum makinesi yayg\u0131n olarak bal, \u00e7ilek re\u00e7eli, yaban mersini re\u00e7eli, marmelat, bal a\u011fa\u00e7 kavunu, \u00e7ark\u0131felek meyvesi sosu, tahin, salata sosu, yemeklik ya\u011f, ket\u00e7ap, sos, biber sosu, tereya\u011f\u0131, susam ezmesi, f\u0131st\u0131k ezmesi, s\u0131\u011f\u0131r eti ezmesi, kuru \u00fcz\u00fcm i\u00e7in ge\u00e7erlidir. sos, istiridye sosu, deterjan, el dezenfektan\u0131, \u015fampuan, sa\u00e7 kremi, aloe vera jeli, kozmetik, yap\u0131\u015ft\u0131r\u0131c\u0131 vb. Par\u00e7ac\u0131kl\u0131 macunlar i\u00e7in U tipi hazneyi se\u00e7mek daha iyidir. Malzeme viskoz ise, malzeme dolumunu kolayla\u015ft\u0131rmak i\u00e7in bir \u0131s\u0131tma ve kar\u0131\u015ft\u0131rma cihaz\u0131 eklemek iyi bir fikirdir.<\/p>    <figure class=\"wp-block-gallery has-nested-images columns-default is-cropped wp-block-gallery-4 is-layout-flex wp-block-gallery-is-layout-flex\"> <figure class=\"wp-block-image size-large\"><img loading=\"lazy\" decoding=\"async\" width=\"750\" height=\"500\" data-id=\"2595\" src=\"https:\/\/tianhuipackingmachine.com\/wp-content\/uploads\/2021\/09\/wide-applications-of-paste-filling-equipment.jpg\" alt=\"macun dolum ekipmanlar\u0131n\u0131n geni\u015f uygulamalar\u0131\" class=\"wp-image-2595\" srcset=\"https:\/\/tianhuipackingmachine.com\/wp-content\/uploads\/2021\/09\/wide-applications-of-paste-filling-equipment.jpg 750w, https:\/\/tianhuipackingmachine.com\/wp-content\/uploads\/2021\/09\/wide-applications-of-paste-filling-equipment-300x200.jpg 300w\" sizes=\"auto, (max-width: 750px) 100vw, 750px\" \/><figcaption>Macun Dolum Ekipmanlar\u0131n\u0131n Geni\u015f Uygulamalar\u0131<\/figcaption><\/figure>    <figure class=\"wp-block-image size-large\"><img loading=\"lazy\" decoding=\"async\" width=\"750\" height=\"500\" data-id=\"4480\" src=\"https:\/\/tianhuipackingmachine.com\/wp-content\/uploads\/2021\/12\/applicable-filling-products-750x500.jpg\" alt=\"uygulanabilir dolgu \u00fcr\u00fcnleri\" class=\"wp-image-4480\" srcset=\"https:\/\/tianhuipackingmachine.com\/wp-content\/uploads\/2021\/12\/applicable-filling-products.jpg 750w, https:\/\/tianhuipackingmachine.com\/wp-content\/uploads\/2021\/12\/applicable-filling-products-480x320.jpg 480w\" sizes=\"auto, (max-width: 750px) 100vw, 750px\" \/><figcaption>Uygulanabilir Dolum \u00dcr\u00fcnleri<\/figcaption><\/figure> <\/figure>    <h2 class=\"wp-block-heading\" id=\"h-related-machines-in-henan-top-packing-machinery\">Henan Top Paketleme Makineleri i\u00e7indeki ilgili makineler<\/h2>    <p class=\"translation-block\">Macun doldurma makinesi, Henan Top Packing Machinery Co., Ltd taraf\u0131ndan tedarik edilen \u00fcr\u00fcnlerin bir par\u00e7as\u0131d\u0131r. G\u00fcvenilir bir paketleme makinesi \u00fcreticisi ve tedarik\u00e7isi olarak, toz paketleyici, gran\u00fcl paketleme makinesi, <a href=\"https:\/\/tianhuipackingmachine.com\/tr\/liquid-packing-machine\/\" target=\"_blank\" rel=\"noreferrer noopener\">s\u0131v\u0131 paketleme makinesi<\/a>, macun paketleme makinesi, vakum kapat\u0131c\u0131, yast\u0131k paketleme makinesi vb. gibi \u00e7e\u015fitli paketleme makineleri mevcuttur. Ayr\u0131ca toz, gran\u00fcl, s\u0131v\u0131 veya macun i\u00e7in doldurma makinelerimiz bulunmaktad\u0131r. Bunun yan\u0131 s\u0131ra, torba kapatma makinesi, <a href=\"https:\/\/tianhuipackingmachine.com\/tr\/vacuum-capping-machines\/\" target=\"_blank\" rel=\"noreferrer noopener\">kapak kapatma makinesi<\/a>, kodlama makinesi, <a href=\"https:\/\/tianhuipackingmachine.com\/tr\/automatic-round-bottle-labeling-machine-sale\/\" target=\"_blank\" rel=\"noreferrer noopener\">etiketleme makinesi<\/a>, karton kapatma makinesi ve benzerlerini de sa\u011fl\u0131yoruz. Daha fazla bilgi almak i\u00e7in bizimle ileti\u015fime ge\u00e7in.<\/p>    <figure class=\"wp-block-gallery has-nested-images columns-default is-cropped wp-block-gallery-5 is-layout-flex wp-block-gallery-is-layout-flex\"> <figure class=\"wp-block-image size-large\"><img loading=\"lazy\" decoding=\"async\" width=\"750\" height=\"500\" data-id=\"2014\" src=\"https:\/\/tianhuipackingmachine.com\/wp-content\/uploads\/2021\/08\/vacuum-capping-machine-1.jpg\" alt=\"vakum kapatma makinesi\" class=\"wp-image-2014\" srcset=\"https:\/\/tianhuipackingmachine.com\/wp-content\/uploads\/2021\/08\/vacuum-capping-machine-1.jpg 750w, https:\/\/tianhuipackingmachine.com\/wp-content\/uploads\/2021\/08\/vacuum-capping-machine-1-300x200.jpg 300w\" sizes=\"auto, (max-width: 750px) 100vw, 750px\" \/><figcaption>Vakum Kapatma Makinas\u0131<\/figcaption><\/figure>    <figure class=\"wp-block-image size-large\"><img loading=\"lazy\" decoding=\"async\" width=\"750\" height=\"500\" data-id=\"1988\" src=\"https:\/\/tianhuipackingmachine.com\/wp-content\/uploads\/2021\/07\/automatic-round-bottle-labeler.jpg\" alt=\"otomatik yuvarlak \u015fi\u015fe etiketleme makinesi\" class=\"wp-image-1988\" srcset=\"https:\/\/tianhuipackingmachine.com\/wp-content\/uploads\/2021\/07\/automatic-round-bottle-labeler.jpg 750w, https:\/\/tianhuipackingmachine.com\/wp-content\/uploads\/2021\/07\/automatic-round-bottle-labeler-300x200.jpg 300w\" sizes=\"auto, (max-width: 750px) 100vw, 750px\" \/><figcaption>Otomatik Yuvarlak \u015ei\u015fe Etiketleme Makinesi<\/figcaption><\/figure> <\/figure>    <figure class=\"wp-block-gallery has-nested-images columns-default is-cropped wp-block-gallery-6 is-layout-flex wp-block-gallery-is-layout-flex\"> <figure class=\"wp-block-image size-large\"><img loading=\"lazy\" decoding=\"async\" width=\"750\" height=\"500\" data-id=\"4484\" src=\"https:\/\/tianhuipackingmachine.com\/wp-content\/uploads\/2021\/12\/U-type-paste-filler-in-factory-750x500.jpg\" alt=\"Fabrikada U tipi macun dolgusu\" class=\"wp-image-4484\" srcset=\"https:\/\/tianhuipackingmachine.com\/wp-content\/uploads\/2021\/12\/U-type-paste-filler-in-factory.jpg 750w, https:\/\/tianhuipackingmachine.com\/wp-content\/uploads\/2021\/12\/U-type-paste-filler-in-factory-480x320.jpg 480w\" sizes=\"auto, (max-width: 750px) 100vw, 750px\" \/><figcaption>Fabrikada U Tipi Macun Dolgusu<\/figcaption><\/figure>    <figure class=\"wp-block-image size-large\"><img loading=\"lazy\" decoding=\"async\" width=\"750\" height=\"500\" data-id=\"4483\" src=\"https:\/\/tianhuipackingmachine.com\/wp-content\/uploads\/2021\/12\/paste-fillling-pump-in-factory-display-750x500.jpg\" alt=\"dolum pompas\u0131n\u0131 fabrika ekran\u0131nda yap\u0131\u015ft\u0131r\u0131n\" class=\"wp-image-4483\" srcset=\"https:\/\/tianhuipackingmachine.com\/wp-content\/uploads\/2021\/12\/paste-fillling-pump-in-factory-display.jpg 750w, https:\/\/tianhuipackingmachine.com\/wp-content\/uploads\/2021\/12\/paste-fillling-pump-in-factory-display-480x320.jpg 480w\" sizes=\"auto, (max-width: 750px) 100vw, 750px\" \/><figcaption>Dolum Pompas\u0131n\u0131 Fabrika Ekran\u0131na Yap\u0131\u015ft\u0131r\u0131n<\/figcaption><\/figure> <\/figure>","protected":false},"excerpt":{"rendered":"<p>Paste filling machine is the equipment to fill paste into bags, bottles, or cans. It\u2019s suitable for various pastes, like sauces, daily necessities, chemicals, etc. There is semi-automatic paste filler and automatic multi-head filler. The former occupies a small space, simple structure, low cost. The latter is equipped with multiple outlets, automatic filling, improving production [&hellip;]<\/p>\n","protected":false},"author":1,"featured_media":2573,"parent":0,"template":"","tags":[162],"product-type":[141],"class_list":["post-2571","product","type-product","status-publish","has-post-thumbnail","hentry","tag-filling-machine","product-type-filling-machines"],"_links":{"self":[{"href":"https:\/\/tianhuipackingmachine.com\/tr\/wp-json\/wp\/v2\/product\/2571","targetHints":{"allow":["GET"]}}],"collection":[{"href":"https:\/\/tianhuipackingmachine.com\/tr\/wp-json\/wp\/v2\/product"}],"about":[{"href":"https:\/\/tianhuipackingmachine.com\/tr\/wp-json\/wp\/v2\/types\/product"}],"author":[{"embeddable":true,"href":"https:\/\/tianhuipackingmachine.com\/tr\/wp-json\/wp\/v2\/users\/1"}],"wp:featuredmedia":[{"embeddable":true,"href":"https:\/\/tianhuipackingmachine.com\/tr\/wp-json\/wp\/v2\/media\/2573"}],"wp:attachment":[{"href":"https:\/\/tianhuipackingmachine.com\/tr\/wp-json\/wp\/v2\/media?parent=2571"}],"wp:term":[{"taxonomy":"post_tag","embeddable":true,"href":"https:\/\/tianhuipackingmachine.com\/tr\/wp-json\/wp\/v2\/tags?post=2571"},{"taxonomy":"product-type","embeddable":true,"href":"https:\/\/tianhuipackingmachine.com\/tr\/wp-json\/wp\/v2\/product-type?post=2571"}],"curies":[{"name":"wp","href":"https:\/\/api.w.org\/{rel}","templated":true}]}}