{"id":2556,"date":"2021-09-11T11:45:26","date_gmt":"2021-09-11T03:45:26","guid":{"rendered":"https:\/\/tianhuipackingmachine.com\/?page_id=2556"},"modified":"2022-04-27T11:18:46","modified_gmt":"2022-04-27T03:18:46","slug":"liquid-filling-machines","status":"publish","type":"product","link":"https:\/\/tianhuipackingmachine.com\/tr\/liquid-filling-machines\/","title":{"rendered":"S\u0131v\u0131 dolum makinas\u0131"},"content":{"rendered":"<p class=\"translation-block\"><strong>S\u0131v\u0131 dolum makinesi<\/strong>, e\u015fit \u015fekilde dolum yapan, kullan\u0131m\u0131 basit bir t\u00fcr kantitatif dolum makinesidir. Ekipman, su, meyve suyu, s\u00fct, \u015farap, bira, alkol, sirke, i\u00e7ecek, ya\u011f, ya\u011flay\u0131c\u0131, makyaj suyu gibi iyi ak\u0131\u015fkanl\u0131k g\u00f6steren \u00e7e\u015fitli s\u0131v\u0131lar i\u00e7in uygundur. \u0130htiya\u00e7lar\u0131n\u0131za g\u00f6re en uygun dolum cihaz\u0131n\u0131 se\u00e7ebilmeniz i\u00e7in \u00e7e\u015fitli s\u0131v\u0131 dolum pompa modelleri mevcuttur. Ayr\u0131ca, ger\u00e7ek gereksinimlerinize dayal\u0131 \u00f6zelle\u015ftirme hizmetini de destekliyoruz.<\/p>    <h2 class=\"wp-block-heading\" id=\"h-liquid-filling-machine-for-sale\">Sat\u0131l\u0131k s\u0131v\u0131 dolum makinas\u0131<\/h2>    <p>Sat\u0131l\u0131k Top(Henan) Paketleme Makinelerinde yar\u0131 otomatik tek \u00e7\u0131k\u0131\u015fl\u0131 s\u0131v\u0131 dolum ve otomatik \u00e7ok kafal\u0131 s\u0131v\u0131 dolum olmak \u00fczere iki \u00e7e\u015fit s\u0131v\u0131 dolum makinesi bulunmaktad\u0131r. \u0130lki, k\u00fc\u00e7\u00fck i\u015fletmelere uygun, d\u00fc\u015f\u00fck maliyetli, az yer kaplayan ve geni\u015f uygulama avantajlar\u0131na sahiptir. \u0130kincisi ve di\u011fer makineler, \u015fifresiz \u015fi\u015fe makinesi, kapak kapatma makinesi, etiketleme makinesi, kodlama yaz\u0131c\u0131s\u0131 vb. gibi verimli ve do\u011fru \u00e7al\u0131\u015fan, toplu s\u0131v\u0131 dolum \u00fcretimine uygun bir s\u0131v\u0131 paketleme \u00fcretim hatt\u0131 olu\u015fturabilir.<\/p>    <div class=\"wp-block-columns is-layout-flex wp-container-core-columns-is-layout-28f84493 wp-block-columns-is-layout-flex\"> <div class=\"wp-block-column is-layout-flow wp-block-column-is-layout-flow\"> <figure class=\"wp-block-image size-full\"><img loading=\"lazy\" decoding=\"async\" width=\"750\" height=\"500\" src=\"https:\/\/tianhuipackingmachine.com\/wp-content\/uploads\/2021\/09\/semi-automatic-single-outlet-liquid-filler.jpg\" alt=\"yar\u0131 otomatik tek \u00e7\u0131k\u0131\u015fl\u0131 s\u0131v\u0131 doldurucu\" class=\"wp-image-2563\" srcset=\"https:\/\/tianhuipackingmachine.com\/wp-content\/uploads\/2021\/09\/semi-automatic-single-outlet-liquid-filler.jpg 750w, https:\/\/tianhuipackingmachine.com\/wp-content\/uploads\/2021\/09\/semi-automatic-single-outlet-liquid-filler-300x200.jpg 300w\" sizes=\"auto, (max-width: 750px) 100vw, 750px\" \/><figcaption>Yar\u0131 Otomatik Tek \u00c7\u0131k\u0131\u015fl\u0131 S\u0131v\u0131 Doldurucu<\/figcaption><\/figure> <\/div>    <div class=\"wp-block-column is-layout-flow wp-block-column-is-layout-flow\"> <figure class=\"wp-block-image size-full\"><img loading=\"lazy\" decoding=\"async\" width=\"750\" height=\"500\" src=\"https:\/\/tianhuipackingmachine.com\/wp-content\/uploads\/2021\/09\/multi-head-automatic-liquid-filler.jpg\" alt=\"\u00e7ok kafal\u0131 otomatik s\u0131v\u0131 doldurucu\" class=\"wp-image-2564\" srcset=\"https:\/\/tianhuipackingmachine.com\/wp-content\/uploads\/2021\/09\/multi-head-automatic-liquid-filler.jpg 750w, https:\/\/tianhuipackingmachine.com\/wp-content\/uploads\/2021\/09\/multi-head-automatic-liquid-filler-300x200.jpg 300w\" sizes=\"auto, (max-width: 750px) 100vw, 750px\" \/><figcaption>\u00c7ok Kafal\u0131 Otomatik S\u0131v\u0131 Doldurucu<\/figcaption><\/figure> <\/div> <\/div>    <h2 class=\"wp-block-heading\" id=\"h-semi-automatic-single-outlet-liquid-filling-machine\">Yar\u0131 otomatik tek \u00e7\u0131k\u0131\u015fl\u0131 s\u0131v\u0131 dolum makinas\u0131<\/h2>    <p>Tek \u00e7\u0131k\u0131\u015fl\u0131 s\u0131v\u0131 dolum makinesi, malzemeleri \u00e7\u0131karmak ve \u00e7\u0131karmak i\u00e7in bir silindir taraf\u0131ndan \u00e7al\u0131\u015ft\u0131r\u0131lan yar\u0131 otomatik bir pistonlu dolum makinesidir. Makine g\u00f6vdesi paslanmaz \u00e7elikten yap\u0131lm\u0131\u015ft\u0131r, dayan\u0131kl\u0131d\u0131r ve temizlenmesi ve bak\u0131m\u0131 kolayd\u0131r. Doldurma hacmini ayarlamak i\u00e7in cihaz\u0131n \u00fczerinde, \u00e7al\u0131\u015ft\u0131rmaya uygun bir \u00f6l\u00e7ek bulunmaktad\u0131r. Bir\u00e7ok boyutta s\u0131v\u0131 pompas\u0131 iste\u011fe ba\u011fl\u0131d\u0131r. Dolum pompas\u0131 modellerinin kapsam\u0131na 1-10ml, 10-100ml, 100-1000ml, 5-50ml, 50-500ml, 500-5000ml, 3-30ml, 30-300ml, 300-3000ml, 1000-5000ml vb. dahildir. ihtiya\u00e7lar\u0131n\u0131za g\u00f6re se\u00e7im yapabilirsiniz. Makine, az yer kaplamas\u0131, kaliteli ve d\u00fc\u015f\u00fck maliyetli olmas\u0131 nedeniyle k\u00fc\u00e7\u00fck i\u015fletmeler aras\u0131nda pop\u00fclerdir.<\/p>    <h2 class=\"wp-block-heading\" id=\"h-single-outlet-liquid-filling-machine-structure\">Tek \u00e7\u0131k\u0131\u015fl\u0131 s\u0131v\u0131 dolum makinas\u0131 yap\u0131s\u0131<\/h2>    <div class=\"wp-block-image\"><figure class=\"aligncenter size-full\"><img loading=\"lazy\" decoding=\"async\" width=\"750\" height=\"500\" src=\"https:\/\/tianhuipackingmachine.com\/wp-content\/uploads\/2021\/09\/semi-automatic-liquid-filling-machine-structure.jpg\" alt=\"yar\u0131 otomatik s\u0131v\u0131 dolum makinas\u0131 yap\u0131s\u0131\" class=\"wp-image-2560\" srcset=\"https:\/\/tianhuipackingmachine.com\/wp-content\/uploads\/2021\/09\/semi-automatic-liquid-filling-machine-structure.jpg 750w, https:\/\/tianhuipackingmachine.com\/wp-content\/uploads\/2021\/09\/semi-automatic-liquid-filling-machine-structure-300x200.jpg 300w\" sizes=\"auto, (max-width: 750px) 100vw, 750px\" \/><figcaption>yar\u0131 otomatik s\u0131v\u0131 dolum makinas\u0131 yap\u0131s\u0131<\/figcaption><\/figure><\/div>    <h2 class=\"wp-block-heading\" id=\"h-automatic-multi-head-liquid-filling-equipment\">Otomatik \u00e7ok kafal\u0131 s\u0131v\u0131 dolum ekipman\u0131<\/h2>    <p>Otomatik \u00e7ok kafal\u0131 s\u0131v\u0131 doldurucu, ad\u0131ndan da anla\u015f\u0131laca\u011f\u0131 gibi, dolum i\u00e7in birden fazla kafay\u0131 benimser ve \u00e7al\u0131\u015fma \u00fcretimini olduk\u00e7a art\u0131r\u0131r. Bunlar aras\u0131nda 12 kafal\u0131 s\u0131v\u0131 dolum ekipmanlar\u0131 saatte 3000 \u015fi\u015feye ula\u015fabilmektedir. Minimum dolum ba\u015fl\u0131\u011f\u0131 say\u0131s\u0131 ikidir ve say\u0131 \u00f6zelle\u015ftirilebilir. \u00dcretim \u00f6l\u00e7e\u011finize g\u00f6re se\u00e7im yapabilirsiniz. Ayr\u0131ca do\u011frusal dolum ba\u015fl\u0131\u011f\u0131 cihaz\u0131, malzeme israf\u0131n\u0131 etkili bir \u015fekilde \u00f6nleyen bir damlama \u00f6nleyici cihazla donat\u0131lm\u0131\u015ft\u0131r. Doldurma kapsam\u0131 pompa modelleri 10-100ml, 50-500ml, 100-1000ml, 500-3000ml, 1000-5000ml vb.'dir. Doldurma sonucu do\u011fru ve e\u015fittir. Ayr\u0131ca orta ve b\u00fcy\u00fck i\u015fletmelere uygun bir \u00fcretim hatt\u0131 olu\u015fturmak i\u00e7in di\u011fer makinelerle de e\u015fle\u015febilir. \u00a0<\/p>    <h2 class=\"wp-block-heading\" id=\"h-multi-head-bottle-filling-machine-structure\">\u00c7ok kafal\u0131 \u015fi\u015fe dolum makinas\u0131 yap\u0131s\u0131<\/h2>    <div class=\"wp-block-image\"><figure class=\"aligncenter size-full\"><img loading=\"lazy\" decoding=\"async\" width=\"750\" height=\"500\" src=\"https:\/\/tianhuipackingmachine.com\/wp-content\/uploads\/2021\/09\/multi-head-automatic-liquid-filling-equipment-structure.jpg\" alt=\"\u00e7ok kafal\u0131 otomatik s\u0131v\u0131 dolum ekipman\u0131 yap\u0131s\u0131\" class=\"wp-image-2568\" srcset=\"https:\/\/tianhuipackingmachine.com\/wp-content\/uploads\/2021\/09\/multi-head-automatic-liquid-filling-equipment-structure.jpg 750w, https:\/\/tianhuipackingmachine.com\/wp-content\/uploads\/2021\/09\/multi-head-automatic-liquid-filling-equipment-structure-300x200.jpg 300w\" sizes=\"auto, (max-width: 750px) 100vw, 750px\" \/><figcaption>\u00e7ok kafal\u0131 otomatik s\u0131v\u0131 dolum ekipman\u0131 yap\u0131s\u0131<\/figcaption><\/figure><\/div>    <h2 class=\"wp-block-heading\" id=\"h-features-benefits-of-liquid-filling-machines\">S\u0131v\u0131 dolum makinelerinin \u00f6zellikleri ve faydalar\u0131<\/h2>    <ol class=\"wp-block-list\" type=\"1\"><li>Makul tasar\u0131m, basit yap\u0131, niceliksel doldurma, kullan\u0131m\u0131 kolay<\/li><li>S\u0131v\u0131 dolum pompas\u0131n\u0131n \u00e7e\u015fitli kapsamlar\u0131 iste\u011fe ba\u011fl\u0131, dolum hacmi ve h\u0131z\u0131 ayarlanabilir<\/li><li>Ekipman g\u00f6vdesi paslanmaz \u00e7elikten yap\u0131lm\u0131\u015ft\u0131r, dayan\u0131kl\u0131d\u0131r ve temizlenmesi ve bak\u0131m\u0131 kolayd\u0131r<\/li><li>Do\u011fru dolumu sa\u011flamak i\u00e7in damlama \u00f6nleyici cihazla donat\u0131lm\u0131\u015ft\u0131r.<\/li><li>Yar\u0131 otomatik s\u0131v\u0131 doldurucu az yer kaplar, yat\u0131r\u0131m\u0131 azd\u0131r, g\u00fcr\u00fclt\u00fcs\u00fc d\u00fc\u015f\u00fckt\u00fcr<\/li><li>Otomatik \u00e7ok kafal\u0131 dolgu, tam otomasyonu ger\u00e7ekle\u015ftirerek, verimlili\u011fi art\u0131rarak ve i\u015f\u00e7ilikten tasarruf ederek t\u00fcm bir \u00fcretim hatt\u0131n\u0131 olu\u015fturmak i\u00e7in di\u011fer makinelerle e\u015fle\u015febilir.<\/li><li>Hava kompres\u00f6r\u00fc ile birlikte \u00e7al\u0131\u015fman\u0131z gerekiyor<\/li><li>\u00d6zelle\u015ftirme hizmeti mevcut<\/li><\/ol>    <h2 class=\"wp-block-heading\" id=\"h-multi-head-water-bottle-filling-machine-working-video\">\u00c7ok kafal\u0131 su \u015fi\u015fesi dolum makinas\u0131 \u00e7al\u0131\u015fma videosu<\/h2>   <figure class=\"wp-block-embed-youtube wp-block-embed is-type-video is-provider-youtube wp-embed-aspect-16-9 wp-has-aspect-ratio\"><div class=\"lyte-wrapper\" title=\"\u00c7ok Kafal\u0131 \u015ei\u015fe Dolum Makinesi | Y\u00fcksek Verimlilik ve Do\u011fruluk\" style=\"width:853px;max-width:100%;margin:5px auto;\"><div class=\"lyMe\" id=\"WYL_FyQd0tZFAAA\" itemprop=\"video\" itemscope itemtype=\"https:\/\/schema.org\/VideoObject\"><div><meta itemprop=\"thumbnailUrl\" content=\"https:\/\/i.ytimg.com\/vi\/FyQd0tZFAAA\/hqdefault.jpg\" \/><meta itemprop=\"embedURL\" content=\"https:\/\/www.youtube.com\/embed\/FyQd0tZFAAA\" \/><meta itemprop=\"duration\" content=\"PT1M34S\" \/><meta itemprop=\"uploadDate\" content=\"2021-08-06T10:47:45Z\" \/><\/div><div id=\"lyte_FyQd0tZFAAA\" data-src=\"https:\/\/i.ytimg.com\/vi\/FyQd0tZFAAA\/hqdefault.jpg\" class=\"pL\"><div class=\"tC\"><div class=\"tT\" itemprop=\"name\">\u00c7ok Kafal\u0131 \u015ei\u015fe Dolum Makinesi | Y\u00fcksek Verimlilik ve Do\u011fruluk<\/div><\/div><div class=\"play\"><\/div><div class=\"ctrl\"><div class=\"Lctrl\"><\/div><div class=\"Rctrl\"><\/div><\/div><\/div><noscript><a href=\"https:\/\/youtu.be\/FyQd0tZFAAA\" rel=\"nofollow noopener\" target=\"_blank\"><img loading=\"lazy\" decoding=\"async\" src=\"https:\/\/i.ytimg.com\/vi\/FyQd0tZFAAA\/0.jpg\" alt=\"\u00c7ok Kafal\u0131 \u015ei\u015fe Dolum Makinesi | Y\u00fcksek Verimlilik ve Do\u011fruluk\" width=\"853\" height=\"460\" \/><\/a><\/noscript><meta itemprop=\"description\" content=\"Multi-head bottle filling and packaging machine is suitable for various kinds of liquids to realize high-volume production, filling with multiple heads, efficiently and accurately. It also can match with some other machines, such as unscramble bottle machine, screwing cap machine, labeling machine, date printer, etc. Get more details: https:\/\/tianhuipackingmachine.com\/water-packing-machine\/ Email: toppacking@163.com\"><\/div><\/div><div class=\"lL\" style=\"max-width:100%;width:853px;margin:5px auto;\"> <a href=\"https:\/\/youtu.be\/FyQd0tZFAAA\" target=\"_blank\" rel=\"noopener\">Bu videoyu YouTube'da izleyin<\/a>.<\/div><figcaption><\/figcaption><\/figure>   <h2 class=\"wp-block-heading\" id=\"h-applications-of-liquid-filling-equipment\">S\u0131v\u0131 dolum ekipman\u0131 uygulamalar\u0131<\/h2>    <p class=\"translation-block\">S\u0131v\u0131 dolum makineleri, iyi ak\u0131\u015fkanl\u0131\u011fa sahip s\u0131v\u0131lar\u0131n dolumunda uygundur ve <strong><a href=\"https:\/\/tianhuipackingmachine.com\/tr\/water-packing-machine\/\">su<\/a><\/strong>, i\u00e7ecekler, soslar, <strong><a href=\"https:\/\/tianhuipackingmachine.com\/tr\/oil-packaging-machine\/\">ya\u011flar<\/a><\/strong>, g\u00fcnl\u00fck ihtiya\u00e7lar, ila\u00e7lar, kozmetikler, kimyasallar, katk\u0131 maddeleri gibi alanlarda yayg\u0131n olarak uygulanmaktad\u0131r. Ekipman, maden suyu, soda, gazl\u0131 su, meyve suyu, s\u00fct, bira, \u015farap, sirke, lik\u00f6r, alkol, a\u011f\u0131z s\u0131v\u0131lar\u0131, yemeklik ya\u011f, zeytinya\u011f\u0131, yer f\u0131st\u0131\u011f\u0131 ya\u011f\u0131, ya\u011flay\u0131c\u0131, makyaj suyu, deterjan s\u0131v\u0131s\u0131, el dezenfektan\u0131, \u015fampuan, du\u015f jeli, dezenfektanlar, antifriz, pestisitler, herbisitler ve benzeri s\u0131v\u0131lar\u0131 doldurabilir. Viskoz s\u0131v\u0131 dolumu i\u00e7in, bir macun dolum makinesi kullanman\u0131z gerekecektir.<\/p>    <h2 class=\"wp-block-heading\" id=\"h-liquid-filling-machine-price\">S\u0131v\u0131 dolum makinas\u0131 fiyat\u0131<\/h2>    <p class=\"translation-block\">S\u0131v\u0131 dolum makinesi fiyat\u0131, makine t\u00fcr\u00fc, dolum pompas\u0131n\u0131n boyutu, dolum \u00e7\u0131k\u0131\u015f say\u0131s\u0131 gibi unsurlarla ili\u015fkilidir. Yar\u0131 otomatik tek \u00e7\u0131k\u0131\u015fl\u0131 s\u0131v\u0131 dolum makinesi ile otomatik \u00e7ok ba\u015fl\u0131 s\u0131v\u0131 dolum makinesi fiyat\u0131 kar\u015f\u0131la\u015ft\u0131r\u0131ld\u0131\u011f\u0131nda, ikincisi daha y\u00fcksek \u00fcretim maliyeti gerektirdi\u011finden fiyat\u0131 daha y\u00fcksektir. Farkl\u0131 boyutlardaki s\u0131v\u0131 dolum pompalar\u0131 i\u00e7in, daha b\u00fcy\u00fck olan\u0131 daha pahal\u0131d\u0131r. Ayr\u0131ca, \u00e7ok ba\u015fl\u0131 s\u0131v\u0131 dolum makineleri i\u00e7in, daha fazla dolum ba\u015f\u0131 da daha y\u00fcksek maliyet gerektirir. Bir <strong><a href=\"https:\/\/tianhuipackingmachine.com\/tr\/\">ambalaj \u00fcreticisi ve tedarik\u00e7isi<\/a><\/strong> olarak, y\u00fcksek maliyet performans\u0131na sahip makineler sa\u011flamak i\u00e7in elimizden gelenin en iyisini yapaca\u011f\u0131z. Ancak, bir s\u00f6z oldu\u011fu gibi, \u00f6dedi\u011finiz paray\u0131 al\u0131rs\u0131n\u0131z. Bu nedenle, fiyat nedeniyle kaliteyi ve di\u011fer \u00f6zellikleri g\u00f6z ard\u0131 etmemek daha iyidir. <strong><a href=\"https:\/\/tianhuipackingmachine.com\/tr\/contact\/\">Bizimle ileti\u015fime ge\u00e7in<\/a><\/strong> daha fazla bilgi almak i\u00e7in.<\/p>","protected":false},"excerpt":{"rendered":"<p>Liquid filling machine is one kind of quantitative filling machine, filling evenly, simple to operate. The equipment is suitable for a variety of liquids that flow well, such as water, juice, milk, wine, beer, alcohol, vinegar, beverage, oil, lubricant, make-up water, etc. A variety of liquid filling pump models are optional. You can choose the [&hellip;]<\/p>\n","protected":false},"author":1,"featured_media":2563,"parent":0,"template":"","tags":[162],"product-type":[141],"class_list":["post-2556","product","type-product","status-publish","has-post-thumbnail","hentry","tag-filling-machine","product-type-filling-machines"],"_links":{"self":[{"href":"https:\/\/tianhuipackingmachine.com\/tr\/wp-json\/wp\/v2\/product\/2556","targetHints":{"allow":["GET"]}}],"collection":[{"href":"https:\/\/tianhuipackingmachine.com\/tr\/wp-json\/wp\/v2\/product"}],"about":[{"href":"https:\/\/tianhuipackingmachine.com\/tr\/wp-json\/wp\/v2\/types\/product"}],"author":[{"embeddable":true,"href":"https:\/\/tianhuipackingmachine.com\/tr\/wp-json\/wp\/v2\/users\/1"}],"wp:featuredmedia":[{"embeddable":true,"href":"https:\/\/tianhuipackingmachine.com\/tr\/wp-json\/wp\/v2\/media\/2563"}],"wp:attachment":[{"href":"https:\/\/tianhuipackingmachine.com\/tr\/wp-json\/wp\/v2\/media?parent=2556"}],"wp:term":[{"taxonomy":"post_tag","embeddable":true,"href":"https:\/\/tianhuipackingmachine.com\/tr\/wp-json\/wp\/v2\/tags?post=2556"},{"taxonomy":"product-type","embeddable":true,"href":"https:\/\/tianhuipackingmachine.com\/tr\/wp-json\/wp\/v2\/product-type?post=2556"}],"curies":[{"name":"wp","href":"https:\/\/api.w.org\/{rel}","templated":true}]}}