{"id":2522,"date":"2021-09-09T11:06:51","date_gmt":"2021-09-09T03:06:51","guid":{"rendered":"https:\/\/tianhuipackingmachine.com\/?page_id=2522"},"modified":"2023-02-15T10:24:05","modified_gmt":"2023-02-15T02:24:05","slug":"yogurt-cup-filling-machine","status":"publish","type":"product","link":"https:\/\/tianhuipackingmachine.com\/tr\/yogurt-cup-filling-machine\/","title":{"rendered":"Yo\u011furt kab\u0131 dolum makinas\u0131"},"content":{"rendered":"<p class=\"translation-block\"><strong>Yo\u011furt kaplama makinesi<\/strong>, ad\u0131ndan da anla\u015f\u0131laca\u011f\u0131 gibi, kap doldurma ve m\u00fch\u00fcrleme i\u00e7in bir t\u00fcr ekipmand\u0131r. Inline s\u0131v\u0131 doldurma makinesi ile kar\u015f\u0131la\u015ft\u0131r\u0131ld\u0131\u011f\u0131nda, bu yo\u011furt paketleme makinesi d\u00f6ner bir plaka ile donat\u0131lm\u0131\u015ft\u0131r. <strong>Yo\u011furt kaplama ve m\u00fch\u00fcrleme makinesi<\/strong>, kaplar\u0131n beslenmesi, doldurulmas\u0131, m\u00fch\u00fcrlenmesi ve bitmi\u015f \u00fcr\u00fcnlerin \u00e7\u0131kar\u0131lmas\u0131 i\u015flemlerini otomatik olarak tamamlayabilir. \u00d6nceden yap\u0131lm\u0131\u015f kaplar ve kap \u00f6rt\u00fcleri i\u00e7in uygundur. <\/p>    <p>Tek \u00e7\u0131k\u0131\u015fl\u0131 ve \u00e7ift dolum ba\u015fl\u0131kl\u0131 yayg\u0131n tiplerdir. Ayr\u0131ca bu t\u00fcr makineler, bardak ve kapaklar\u0131n boyut ve \u015fekillerine g\u00f6re \u00f6zelle\u015ftirmeyi gerektirdi\u011finden, m\u00fc\u015fterimizin bizimle ileti\u015fime ge\u00e7ti\u011finde \u00fcr\u00fcn\u00fcn \u015fekli ve kapasitesi hakk\u0131nda detayl\u0131 bilgi vermesini \u00f6neririz.<\/p>    <figure class=\"wp-block-image aligncenter size-full\"><img loading=\"lazy\" decoding=\"async\" width=\"750\" height=\"500\" src=\"https:\/\/tianhuipackingmachine.com\/wp-content\/uploads\/2021\/09\/yogurt-cup-filler.jpg\" alt=\"yo\u011furt kab\u0131 dolgusu\" class=\"wp-image-2523\" srcset=\"https:\/\/tianhuipackingmachine.com\/wp-content\/uploads\/2021\/09\/yogurt-cup-filler.jpg 750w, https:\/\/tianhuipackingmachine.com\/wp-content\/uploads\/2021\/09\/yogurt-cup-filler-300x200.jpg 300w\" sizes=\"auto, (max-width: 750px) 100vw, 750px\" \/><figcaption class=\"wp-element-caption\">Yo\u011furt Kab\u0131 Doldurucu<\/figcaption><\/figure>    <h2 class=\"wp-block-heading\" id=\"h-features-benefits-of-yogurt-cup-filling-machine\">Yo\u011furt kab\u0131 dolum makinas\u0131n\u0131n \u00f6zellikleri ve faydalar\u0131<\/h2>    <ol class=\"wp-block-list\" type=\"1\"> <li>D\u00f6ner yap\u0131, makul tasar\u0131m, y\u00fcksek verimlilik ve hassasiyet, tam i\u015flevler.<\/li>    <li>Makinenin \u00e7e\u015fitli parametrelerini ayarlamak i\u00e7in dokunmatik ekran, kullan\u0131m\u0131 kolayd\u0131r.<\/li>    <li>Y\u00fcksek otomasyon: Otomatik bardak besleme, doldurma, kapatma ve bitmi\u015f \u00fcr\u00fcnleri d\u0131\u015far\u0131 \u00e7ekme.<\/li>    <li>Ba\u011f\u0131ms\u0131z s\u0131cakl\u0131k kontrol\u00fcn\u00fc kullanarak istikrarl\u0131 bir \u015fekilde \u00e7al\u0131\u015farak k\u00fc\u00e7\u00fck bir alan\u0131 i\u015fgal edin.<\/li>    <li>Bardak d\u00fc\u015fmezse makine duracak ve bardak besleme sonras\u0131nda yeniden ba\u015flayacakt\u0131r.<\/li>    <li>Paslanmaz \u00e7elik ve al\u00fcminyum ala\u015f\u0131mdan yap\u0131lm\u0131\u015ft\u0131r, sa\u011flam ve dayan\u0131kl\u0131d\u0131r ve temizlenmesi kolayd\u0131r.<\/li>    <li>D\u00fcnyaca \u00fcnl\u00fc kontrol sistemi ve pn\u00f6matik bile\u015fenleri, kaliteli ve uzun hizmet \u00f6mr\u00fcn\u00fc benimseyin.<\/li>    <li>\u00d6zelle\u015ftirme hizmeti mevcut.<\/li> <\/ol>    <h2 class=\"wp-block-heading\" id=\"how-does-a-yogurt-cup-filling-and-sealing-machine-work\">Yo\u011furt kab\u0131 doldurma ve kapatma makinesi nas\u0131l \u00e7al\u0131\u015f\u0131r?<\/h2>   <figure class=\"wp-block-embed-youtube wp-block-embed is-type-video is-provider-youtube wp-embed-aspect-16-9 wp-has-aspect-ratio lyte-align aligncenter\"><div class=\"lyte-wrapper\" title=\"D\u00f6ner Tip Otomatik Yo\u011furt Kab\u0131 Dolum ve Kapama Makinesi\" style=\"width:853px;max-width:100%;margin:5px auto;\"><div class=\"lyMe\" id=\"WYL_HicsfkDOUwI\" itemprop=\"video\" itemscope itemtype=\"https:\/\/schema.org\/VideoObject\"><div><meta itemprop=\"thumbnailUrl\" content=\"https:\/\/i.ytimg.com\/vi\/HicsfkDOUwI\/hqdefault.jpg\" \/><meta itemprop=\"embedURL\" content=\"https:\/\/www.youtube.com\/embed\/HicsfkDOUwI\" \/><meta itemprop=\"duration\" content=\"PT3M10S\" \/><meta itemprop=\"uploadDate\" content=\"2021-09-17T09:58:33Z\" \/><\/div><div id=\"lyte_HicsfkDOUwI\" data-src=\"https:\/\/i.ytimg.com\/vi\/HicsfkDOUwI\/hqdefault.jpg\" class=\"pL\"><div class=\"tC\"><div class=\"tT\" itemprop=\"name\">D\u00f6ner Tip Otomatik Yo\u011furt Kab\u0131 Dolum ve Kapama Makinesi<\/div><\/div><div class=\"play\"><\/div><div class=\"ctrl\"><div class=\"Lctrl\"><\/div><div class=\"Rctrl\"><\/div><\/div><\/div><noscript><a href=\"https:\/\/youtu.be\/HicsfkDOUwI\" rel=\"nofollow noopener\" target=\"_blank\"><img loading=\"lazy\" decoding=\"async\" src=\"https:\/\/i.ytimg.com\/vi\/HicsfkDOUwI\/0.jpg\" alt=\"D\u00f6ner Tip Otomatik Yo\u011furt Kab\u0131 Dolum ve Kapama Makinesi\" width=\"853\" height=\"460\" \/><\/a><\/noscript><meta itemprop=\"description\" content=\"#yogurt #yogurtrecipe #yogurtpackaging Email\ud83d\udc49 sales@tianhuipackingmachine.com WhatsApp\/Tel\ud83d\udc49 +86 17329326135 Useful reference\ud83d\udc49 https:\/\/tianhuipackingmachine.com\/yogurt-cup-filling-machine\/ ----------------------------------------------------------------------- Yogurt cup filling sealing machine is a kind of equipment for cup yogurt packaging. Compared with a single outlet liquid filling machine and multi-head liquid filling machine, this yogurt packaging machine for cups can automatically complete the whole process of feeding cups, filling, sealing, pulling out finished products. Besides, this kind of machine requires to customize according to the sizes and shapes of cups and covers, so we suggest our customer tell us the details of the product\u2019s shape and capacity when getting in touch with us. Yogurt cup filling machine is composed of an automatic touch screen, cup dropping system, gearing and pulling system, filling system, film putting device, sealing system, and cup discharging device with an output conveyor belt. ----------------------------------------------------------------------- Email\ud83d\udc49 sales@tianhuipackingmachine.com WhatsApp\/Tel\ud83d\udc49 +86 17329326135 Useful reference\ud83d\udc49 https:\/\/tianhuipackingmachine.com\/yogurt-cup-filling-machine\/\"><\/div><\/div><div class=\"lL\" style=\"max-width:100%;width:853px;margin:5px auto;\"> <a href=\"https:\/\/youtu.be\/HicsfkDOUwI\" target=\"_blank\" rel=\"noopener\">Bu videoyu YouTube'da izleyin<\/a>.<\/div><figcaption><\/figcaption><\/figure>   <h2 class=\"wp-block-heading\" id=\"h-yogurt-cup-filler-structure\">Yo\u011furt kab\u0131 doldurma yap\u0131s\u0131<\/h2>    <p>Yo\u011furt kab\u0131 dolum makinesi, otomatik dokunmatik ekran, bardak d\u00fc\u015f\u00fcrme sistemi, di\u015fli ve \u00e7ekme sistemi, dolum sistemi, film koyma cihaz\u0131, s\u0131zd\u0131rmazl\u0131k sistemi ve \u00e7\u0131k\u0131\u015f konvey\u00f6r bantl\u0131 bardak bo\u015faltma cihaz\u0131ndan olu\u015fur. Dokunmatik ekran, bardak d\u00fc\u015f\u00fcrme, doldurma, film koyma, kapatma, bo\u015faltma ve bitmi\u015f \u00fcr\u00fcn say\u0131m\u0131n\u0131n g\u00f6r\u00fcnt\u00fclenmesi anahtarlar\u0131n\u0131 kontrol eder. Ger\u00e7ekle\u015ftirilen bardak d\u00fc\u015f\u00fcrme cihaz\u0131, istikrarl\u0131 ve hassas bir \u015fekilde \u00e7al\u0131\u015fan, pn\u00f6matik g\u00fc\u00e7le tahrik edilir. <\/p>    <p>Di\u015fli ve \u00e7ekme sistemi, bir tahrik motoru, h\u0131z d\u00fc\u015f\u00fcr\u00fcc\u00fc, sabit di\u015fli tertibat\u0131 ve kaplar\u0131 dolum sistemine ta\u015f\u0131may\u0131 i\u00e7erir. Doldurma cihaz\u0131, doldurma i\u00e7in tek bir \u00e7\u0131k\u0131\u015f ve \u00e7ift kafa i\u00e7erir ve ikincisi daha verimlidir. Bardak kapa\u011f\u0131 koyma sistemi do\u011fru \u015fekilde yerle\u015ftirir. Ekipman fincan kenar\u0131n\u0131 s\u0131k\u0131ca kapat\u0131r ve bunlar\u0131 \u00e7\u0131k\u0131\u015f konvey\u00f6r band\u0131na iter.<\/p>    <figure class=\"wp-block-image aligncenter size-full\"><img loading=\"lazy\" decoding=\"async\" width=\"750\" height=\"500\" src=\"https:\/\/tianhuipackingmachine.com\/wp-content\/uploads\/2021\/09\/yogurt-cup-filling-machine-structure.jpg\" alt=\"yo\u011furt kab\u0131 dolum makinas\u0131 yap\u0131s\u0131\" class=\"wp-image-2524\" srcset=\"https:\/\/tianhuipackingmachine.com\/wp-content\/uploads\/2021\/09\/yogurt-cup-filling-machine-structure.jpg 750w, https:\/\/tianhuipackingmachine.com\/wp-content\/uploads\/2021\/09\/yogurt-cup-filling-machine-structure-300x200.jpg 300w\" sizes=\"auto, (max-width: 750px) 100vw, 750px\" \/><figcaption class=\"wp-element-caption\">Yo\u011furt Kab\u0131 Dolum Makinesi Yap\u0131s\u0131<\/figcaption><\/figure>    <h2 class=\"has-text-color wp-block-heading\" id=\"h-yogurt-filling-equipment-parameters\" style=\"color:#ff5200\">Yo\u011furt dolum ekipman\u0131 parametreleri<\/h2>    <figure class=\"wp-block-table is-style-stripes\"><table><tbody><tr><td>G\u00fc\u00e7<\/td><td>220V \u00a0\u00a01200W<\/td><\/tr><tr><td>Paketleme h\u0131z\u0131<\/td><td>800-900 bardak\/saat (tek \u00e7\u0131k\u0131\u015fl\u0131) 1600-1800 bardak\/saat (\u00e7ift \u00e7\u0131k\u0131\u015fl\u0131)<\/td><\/tr><tr><td>Hava bas\u0131nc\u0131<\/td><td>0.5-0.75Mpa<\/td><\/tr><tr><td>Maksimum hava t\u00fcketimi<\/td><td>0,45m<sup>3<\/sup>\/M<\/td><\/tr><tr><td>Boyut<\/td><td>100*80*120cm<\/td><\/tr><tr><td>A\u011f\u0131rl\u0131k<\/td><td>350kg<\/td><\/tr><\/tbody><\/table><\/figure>    <p>Yo\u011furt kab\u0131 dolum makinesi genellikle \u00f6zelle\u015ftirilmi\u015f oldu\u011fundan, ger\u00e7ek teknik ger\u00e7ek duruma g\u00f6re baz\u0131 farkl\u0131l\u0131klar olacakt\u0131r. <\/p>    <h2 class=\"wp-block-heading\" id=\"h-applications-of-yogurt-filling-machine\">Yo\u011furt dolum makinas\u0131 uygulamalar\u0131<\/h2>    <p>Yo\u011furt kab\u0131 doldurucu yaln\u0131zca yo\u011furt kaplar\u0131n\u0131 doldurup kapatmakla kalmaz, ayn\u0131 zamanda i\u00e7ecekler, s\u00fct, kahve, meyve suyu, kahve kremas\u0131, dondurma, j\u00f6le, soya s\u00fct\u00fc, erik \u015furubu, pirin\u00e7 \u015farab\u0131, re\u00e7el, sos, biber sosu, s\u0131\u011f\u0131r eti i\u00e7in de ge\u00e7erli olabilir farkl\u0131 dolum sistemleriyle donat\u0131larak macun vb. Plastik bardaklar, ka\u011f\u0131t bardaklar, al\u00fcminyum bardaklar vb. i\u00e7in uygundur. Doldurma cihaz\u0131 i\u00e7in, 1-10ml, 10-100ml, 5-50ml, 50-500ml, 30-300ml vb. gibi \u00e7e\u015fitli dolum hacimleri iste\u011fe ba\u011fl\u0131d\u0131r. (500 ml'ye kadar). Ger\u00e7ek ihtiya\u00e7lar\u0131n\u0131za g\u00f6re se\u00e7im yapabilirsiniz. <\/p>    <figure class=\"wp-block-gallery has-nested-images columns-default is-cropped wp-block-gallery-2 is-layout-flex wp-block-gallery-is-layout-flex\"> <figure class=\"wp-block-image size-large\"><img loading=\"lazy\" decoding=\"async\" width=\"750\" height=\"500\" data-id=\"2526\" src=\"https:\/\/tianhuipackingmachine.com\/wp-content\/uploads\/2021\/09\/yogurt-cup-filling-equipment-applications-display.jpg\" alt=\"yo\u011furt kab\u0131 dolum ekipman\u0131 uygulamalar\u0131 ekran\u0131\" class=\"wp-image-2526\" srcset=\"https:\/\/tianhuipackingmachine.com\/wp-content\/uploads\/2021\/09\/yogurt-cup-filling-equipment-applications-display.jpg 750w, https:\/\/tianhuipackingmachine.com\/wp-content\/uploads\/2021\/09\/yogurt-cup-filling-equipment-applications-display-300x200.jpg 300w\" sizes=\"auto, (max-width: 750px) 100vw, 750px\" \/><figcaption class=\"wp-element-caption\">Yo\u011furt Kab\u0131 Dolum Ekipmanlar\u0131 Uygulamalar\u0131 Ekran\u0131<\/figcaption><\/figure>    <figure class=\"wp-block-image size-large\"><img loading=\"lazy\" decoding=\"async\" width=\"750\" height=\"500\" data-id=\"4684\" src=\"https:\/\/tianhuipackingmachine.com\/wp-content\/uploads\/2021\/12\/coffee-mate-750x500.jpg\" alt=\"Kahve arkada\u015f\u0131\" class=\"wp-image-4684\" srcset=\"https:\/\/tianhuipackingmachine.com\/wp-content\/uploads\/2021\/12\/coffee-mate.jpg 750w, https:\/\/tianhuipackingmachine.com\/wp-content\/uploads\/2021\/12\/coffee-mate-480x320.jpg 480w\" sizes=\"auto, (max-width: 750px) 100vw, 750px\" \/><figcaption class=\"wp-element-caption\">Kahve arkada\u015f\u0131<\/figcaption><\/figure> <\/figure>    <h2 class=\"wp-block-heading\" id=\"do-you-need-a-yogurt-cup-filling-and-sealing-machine-for-larger-output\">Daha b\u00fcy\u00fck \u00e7\u0131kt\u0131 elde etmek i\u00e7in yo\u011furt kab\u0131 dolum ve kapatma makinesine mi ihtiyac\u0131n\u0131z var?<\/h2>    <p>Cevab\u0131n\u0131z evet ise s\u00fcrekli bardak dolum ve kapatma makinesine g\u00f6z atabilirsiniz. Montaj hatlar\u0131 ve b\u00fcy\u00fck seri \u00fcretim i\u00e7in bardak paketleme i\u00e7in ideal bir ekipmand\u0131r. Bu kap paketleme makinesi yo\u011furt, j\u00f6le, meyve suyu, dondurma, puding, yulaf lapas\u0131, di\u011fer s\u0131v\u0131 veya macun vb. i\u00e7in ge\u00e7erlidir. Ekipman, kaplar\u0131n modellere d\u00fc\u015f\u00fcr\u00fclmesi, malzemenin kaplara doldurulmas\u0131, besleme filmi, m\u00fch\u00fcrleme ve kapatma i\u015flemlerini otomatik olarak tamamlayabilir. ambalaj filminin kesilmesi. <\/p>    <p>Kompakt bir yap\u0131, y\u00fcksek derecede otomasyon, rahat kullan\u0131m, basit bak\u0131m ve y\u00fcksek \u00fcretim verimlili\u011fi gibi avantajlara sahiptir. Ve ekipman istikrarl\u0131 kaliteye ve uzun hizmet \u00f6mr\u00fcne, geli\u015fmi\u015f performansa ve g\u00fcvenilir kaliteye sahiptir. S\u0131ra ba\u015f\u0131na fincan say\u0131s\u0131 m\u00fc\u015fterinin \u00fcretim gereksinimlerine g\u00f6re \u00f6zelle\u015ftirilebilir.<\/p>    <figure class=\"wp-block-image aligncenter size-large\"><img loading=\"lazy\" decoding=\"async\" width=\"750\" height=\"500\" src=\"https:\/\/tianhuipackingmachine.com\/wp-content\/uploads\/2022\/02\/cup-filling-and-sealing-machine-750x500.jpg\" alt=\"bardak doldurma ve kapatma makinesi\" class=\"wp-image-5183\" srcset=\"https:\/\/tianhuipackingmachine.com\/wp-content\/uploads\/2022\/02\/cup-filling-and-sealing-machine.jpg 750w, https:\/\/tianhuipackingmachine.com\/wp-content\/uploads\/2022\/02\/cup-filling-and-sealing-machine-480x320.jpg 480w\" sizes=\"auto, (max-width: 750px) 100vw, 750px\" \/><figcaption class=\"wp-element-caption\">Bardak Dolum ve Kapama Makinas\u0131<\/figcaption><\/figure>    <h2 class=\"wp-block-heading\" id=\"what-are-characteristics-of-the-continuous-yogurt-cup-filling-and-sealing-machine\">S\u00fcrekli yo\u011furt kab\u0131 dolum ve kapatma makinesinin \u00f6zellikleri nelerdir?<\/h2>    <ol class=\"wp-block-list\" type=\"1\"> <li>Geli\u015fmi\u015f tasar\u0131m, makul yap\u0131, y\u00fcksek otomasyon ve g\u00fcvenilir performans.<\/li>    <li>Basit kullan\u0131m, i\u015f verimlili\u011fini art\u0131r\u0131r ve insan eme\u011fini azalt\u0131r.<\/li>    <li>Makinenin tamam\u0131 g\u0131da hijyeni ve g\u00fcvenlik standartlar\u0131na uygun olarak paslanmaz \u00e7elik, al\u00fcminyum ala\u015f\u0131m\u0131, bak\u0131r ve di\u011fer korozyon \u00f6nleyici malzemelerden yap\u0131lm\u0131\u015ft\u0131r.<\/li>    <li>Bardak yerle\u015ftirme kal\u0131b\u0131 \u00f6zelle\u015ftirilebilir. Yuvarlak ve kare kal\u0131plar yayg\u0131n olarak kullan\u0131lan tiplerdir. <\/li>    <li>Fotoelektrik g\u00f6z dedekt\u00f6rleri dolum ve kapatmay\u0131 hassas ve do\u011fru bir \u015fekilde sa\u011flar.<\/li>    <li>\u00dcretim h\u0131z\u0131 ve s\u0131zd\u0131rmazl\u0131k bas\u0131nc\u0131 ger\u00e7ek ihtiya\u00e7lara g\u00f6re ayarlanabilir.<\/li>    <li>M\u00fch\u00fcr sa\u011flamd\u0131r ve kenarlar p\u00fcr\u00fczs\u00fcz ve kusursuzdur.<\/li> <\/ol>    <figure class=\"wp-block-gallery has-nested-images columns-default is-cropped wp-block-gallery-3 is-layout-flex wp-block-gallery-is-layout-flex\"> <figure class=\"wp-block-image size-large\"><img loading=\"lazy\" decoding=\"async\" width=\"750\" height=\"500\" data-id=\"5185\" src=\"https:\/\/tianhuipackingmachine.com\/wp-content\/uploads\/2022\/02\/round-cup-type-filling-system-for-liquid.jpg\" alt=\"s\u0131v\u0131 i\u00e7in yuvarlak bardak tipi dolum sistemi\" class=\"wp-image-5185\" srcset=\"https:\/\/tianhuipackingmachine.com\/wp-content\/uploads\/2022\/02\/round-cup-type-filling-system-for-liquid.jpg 750w, https:\/\/tianhuipackingmachine.com\/wp-content\/uploads\/2022\/02\/round-cup-type-filling-system-for-liquid-480x320.jpg 480w\" sizes=\"auto, (max-width: 750px) 100vw, 750px\" \/><figcaption class=\"wp-element-caption\">S\u0131v\u0131 \u0130\u00e7in Yuvarlak Bardak Tipi Dolum Sistemi<\/figcaption><\/figure>    <figure class=\"wp-block-image size-large\"><img loading=\"lazy\" decoding=\"async\" width=\"750\" height=\"500\" data-id=\"5184\" src=\"https:\/\/tianhuipackingmachine.com\/wp-content\/uploads\/2022\/02\/quadrate-cup-type-filling-system.jpg\" alt=\"d\u00f6rtgen bardak tipi dolum sistemi\" class=\"wp-image-5184\" srcset=\"https:\/\/tianhuipackingmachine.com\/wp-content\/uploads\/2022\/02\/quadrate-cup-type-filling-system.jpg 750w, https:\/\/tianhuipackingmachine.com\/wp-content\/uploads\/2022\/02\/quadrate-cup-type-filling-system-480x320.jpg 480w\" sizes=\"auto, (max-width: 750px) 100vw, 750px\" \/><figcaption class=\"wp-element-caption\">D\u00f6rtl\u00fc Bardak Tipi Dolum Sistemi<\/figcaption><\/figure> <\/figure>    <h2 class=\"has-luminous-vivid-orange-color has-text-color wp-block-heading\" id=\"multiline-linear-automatic-cup-packing-machine-parameter\">\u00c7ok hatl\u0131 do\u011frusal otomatik bardak paketleme makinesi parametreleri<\/h2>    <figure class=\"wp-block-table\"><table><tbody><tr><td>Tip<\/td><td>XBG60-4<\/td><td>JXS-1680<\/td><\/tr><tr><td>G\u00fc\u00e7<\/td><td>\u00dc\u00e7 fazl\u0131 d\u00f6rt telli, 380V\/50HZ, 2,4Kw\/h<\/td><td>380V, 2,2Kw<\/td><\/tr><tr><td>S\u0131cakl\u0131k kontrol aral\u0131\u011f\u0131<\/td><td>0-400\u00b0C<\/td><td>\/<\/td><\/tr><tr><td>Hava t\u00fcketimi<\/td><td>0,6 m<sup>3<\/sup>\/S<\/td><td>\/<\/td><\/tr><tr><td>Hava bas\u0131nc\u0131<\/td><td>0.65-0.85Mpa<\/td><td>0.6-0.8Mpa<\/td><\/tr><tr><td>Paketleme h\u0131z\u0131<\/td><td>1800-2000 fincan\/saat<\/td><td>1200-7200 fincan\/saat<\/td><\/tr><tr><td>A\u011f\u0131rl\u0131k<\/td><td>700kg<\/td><td>1050kg<\/td><\/tr><tr><td>Boyut<\/td><td>3000mm*600mm*1600mm<\/td><td>3200*1350*1720mm<\/td><\/tr><\/tbody><\/table><\/figure>    <p>Ger\u00e7ek teknik veriler ger\u00e7ek duruma ve gereksinimlere g\u00f6re ayarlanacakt\u0131r. <\/p>    <h2 class=\"wp-block-heading\" id=\"h-get-in-touch-with-us-to-get-more-information\">Daha fazla bilgi almak i\u00e7in bizimle ileti\u015fime ge\u00e7in<\/h2>    <p class=\"translation-block\">D\u00f6ner otomatik yo\u011furt kaplama ve m\u00fch\u00fcrleme makinesi genellikle, kap ve kap \u00f6rt\u00fcn\u00fcz\u00fcn boyut ve \u015fekline uygun olacak \u015fekilde \u00f6zelle\u015ftirilir. Henan Top Packing makinelerinde, <a href=\"https:\/\/tianhuipackingmachine.com\/tr\/\">paketleme makineleri<\/a> sat\u0131\u015f\u0131 i\u00e7in bir\u00e7ok se\u00e7enek bulunmaktad\u0131r, bunlar aras\u0131nda <a href=\"https:\/\/tianhuipackingmachine.com\/tr\/liquid-packing-machine\/\">s\u0131v\u0131 paketleme makinesi<\/a>, toz paketleme makinesi, gran\u00fcl paketleme makinesi, vakum paketleme makinesi, yast\u0131k paketleme makinesi, etiketleme makinesi, tarih yaz\u0131c\u0131, <a href=\"https:\/\/tianhuipackingmachine.com\/tr\/carton-sealing-machine\/\">karton m\u00fch\u00fcrleme makinesi<\/a> vb. var. Bu t\u00fcr ekipmanlar m\u0131 ar\u0131yorsunuz? Daha fazla bilgi ve en iyi fiyat i\u00e7in bizimle ileti\u015fime ge\u00e7in.<\/p>","protected":false},"excerpt":{"rendered":"<p>Yogurt cup filling machine, as the name implies, is a kind of equipment for cup filling and sealing. Compared with the inline liquid filling machine, this yogurt packaging machine for cups is equipped with a rotary plate. The yogurt cup filling and sealing machine can automatically complete the whole process of feeding cups, filling, sealing, [&hellip;]<\/p>\n","protected":false},"author":1,"featured_media":2523,"parent":0,"template":"","tags":[162],"product-type":[141],"class_list":["post-2522","product","type-product","status-publish","has-post-thumbnail","hentry","tag-filling-machine","product-type-filling-machines"],"_links":{"self":[{"href":"https:\/\/tianhuipackingmachine.com\/tr\/wp-json\/wp\/v2\/product\/2522","targetHints":{"allow":["GET"]}}],"collection":[{"href":"https:\/\/tianhuipackingmachine.com\/tr\/wp-json\/wp\/v2\/product"}],"about":[{"href":"https:\/\/tianhuipackingmachine.com\/tr\/wp-json\/wp\/v2\/types\/product"}],"author":[{"embeddable":true,"href":"https:\/\/tianhuipackingmachine.com\/tr\/wp-json\/wp\/v2\/users\/1"}],"wp:featuredmedia":[{"embeddable":true,"href":"https:\/\/tianhuipackingmachine.com\/tr\/wp-json\/wp\/v2\/media\/2523"}],"wp:attachment":[{"href":"https:\/\/tianhuipackingmachine.com\/tr\/wp-json\/wp\/v2\/media?parent=2522"}],"wp:term":[{"taxonomy":"post_tag","embeddable":true,"href":"https:\/\/tianhuipackingmachine.com\/tr\/wp-json\/wp\/v2\/tags?post=2522"},{"taxonomy":"product-type","embeddable":true,"href":"https:\/\/tianhuipackingmachine.com\/tr\/wp-json\/wp\/v2\/product-type?post=2522"}],"curies":[{"name":"wp","href":"https:\/\/api.w.org\/{rel}","templated":true}]}}