{"id":2510,"date":"2021-09-08T11:10:06","date_gmt":"2021-09-08T03:10:06","guid":{"rendered":"https:\/\/tianhuipackingmachine.com\/?page_id=2510"},"modified":"2026-03-11T15:10:18","modified_gmt":"2026-03-11T07:10:18","slug":"1-10kg-powder-filling-machine","status":"publish","type":"product","link":"https:\/\/tianhuipackingmachine.com\/tr\/1-10kg-powder-filling-machine\/","title":{"rendered":"1-10kg Toz Dolum Makinesi"},"content":{"rendered":"<p class=\"translation-block\"><strong>Toz doldurma makinesi<\/strong>, 1-10 kg aras\u0131nda toz doldurmak i\u00e7in verimli ve g\u00fcvenilir bir ara\u00e7t\u0131r. Di\u011fer toz paketleme makinelerinde oldu\u011fu gibi, dolum malzemesinin hacmini \u00f6l\u00e7en bir vida ile donat\u0131lm\u0131\u015ft\u0131r. Ekipman, s\u00fct tozu, un, ni\u015fasta, baharat, biber tozu, deterjan tozu, kimyasal toz, tar\u0131m ve yan \u00fcr\u00fcnler, katk\u0131 tozu, boya tozu, yem tozu gibi \u00e7e\u015fitli toz t\u00fcrleri i\u00e7in uygundur. <\/p>    <p>Daha verimli paketleme yapmak i\u00e7in baz\u0131 cihazlarla e\u015fle\u015ftirerek kullanabilirsiniz. \u00d6rne\u011fin, e\u011fer po\u015fetin a\u011fz\u0131n\u0131 da kapatmak istiyorsan\u0131z, bir po\u015fet kapama makinesini birlikte sat\u0131n alman\u0131z daha do\u011fru olacakt\u0131r. Paketleme i\u00e7in \u015fi\u015fe kullan\u0131yorsan\u0131z i\u015f\u00e7ilikten tasarruf etmek i\u00e7in bir ta\u015f\u0131ma band\u0131 sat\u0131n alabilirsiniz. Ayr\u0131ca ihtiya\u00e7lar\u0131n\u0131za g\u00f6re OEM hizmeti mevcuttur.<\/p>    <figure class=\"wp-block-image size-full\"><img loading=\"lazy\" decoding=\"async\" width=\"750\" height=\"500\" src=\"https:\/\/tianhuipackingmachine.com\/wp-content\/uploads\/2021\/09\/powder-weighing-and-filing-machine.jpg\" alt=\"toz tart\u0131m ve dolum makinas\u0131\" class=\"wp-image-6246\"\/><figcaption class=\"wp-element-caption\">Toz Tart\u0131m ve Dolum Makinas\u0131<\/figcaption><\/figure>    <h2 class=\"has-black-color has-text-color wp-block-heading\" id=\"h-features-benefits-of-1-10kg-powder-filling-machine\">Kuru toz tart\u0131m ve dolum makinas\u0131n\u0131n \u00f6zellikleri ve faydalar\u0131<\/h2>    <ol class=\"wp-block-list\" type=\"1\"> <li>Makul tasar\u0131m, basit yap\u0131, kurulumu, \u00e7al\u0131\u015ft\u0131r\u0131lmas\u0131 ve bak\u0131m\u0131 kolay<\/li>    <li>Otomatik kantitatif tart\u0131m, doldurma ve \u00f6l\u00e7\u00fcm hatas\u0131n\u0131 ayarlama<\/li>    <li>\u0130htiya\u00e7lar\u0131n\u0131za g\u00f6re tu\u015flar ve PLC dokunmatik ekran iste\u011fe ba\u011fl\u0131d\u0131r<\/li>    <li>B\u00fcy\u00fck bir hacmi doldurmak amac\u0131yla paketleme torbas\u0131n\u0131 sabitlemek i\u00e7in bo\u015faltma portuna b\u00fcy\u00fck bir kelep\u00e7e ekleyin<\/li>    <li>Farkl\u0131 boyutlardaki burgular\u0131n de\u011fi\u015ftirilmesi, farkl\u0131 hacimdeki malzemenin paketlenmesini kontrol edebilir<\/li>    <li>Kantitatif tart\u0131m sistemini do\u011fru, verimli ve rahat bir \u015fekilde benimseyin<\/li>    <li>Step motor ve elektronik tart\u0131m teknolojisini, y\u00fcksek hassasiyeti kullan\u0131n<\/li>    <li>Ambalaj po\u015fetini, \u015fi\u015feyi ve kutular\u0131 doldurmak i\u00e7in uygundur<\/li>    <li>\u00d6zelle\u015ftirme hizmeti mevcut<\/li> <\/ol>    <h2 class=\"has-text-color wp-block-heading\" id=\"h-semi-automatic-1-10-kg-powder-packing-equipment-parameters\" style=\"color:#ff5200\">Yar\u0131 otomatik toz dolum makinas\u0131 parametreleri<\/h2>    <figure class=\"wp-block-table is-style-stripes\"><table><tbody><tr><td>G\u00fc\u00e7<\/td><td>AC380V 900W<\/td><\/tr><tr><td>Ambalaj \u00f6zellikleri<\/td><td>1-10 kg<\/td><\/tr><tr><td>Paketleme do\u011frulu\u011fu<\/td><td>\u00b11%<\/td><\/tr><tr><td>Paketleme h\u0131z\u0131<\/td><td>500-1500 torba\/saat (ambalaj boyutuna ve \u00fcr\u00fcnlere g\u00f6re)<\/td><\/tr><tr><td>Boyut<\/td><td>1000*850*1850mm<\/td><\/tr><tr><td>A\u011f\u0131rl\u0131k<\/td><td>280kg<\/td><\/tr><\/tbody><\/table><\/figure>    <h2 class=\"has-black-color has-text-color wp-block-heading\" id=\"h-1-10kg-powder-auger-filler-structure\">1-10kg toz burgu doldurma makinesi yap\u0131s\u0131<\/h2>    <p>Burgu doldurucusu, bir malzeme hunisi, bo\u015faltma \u00e7\u0131k\u0131\u015f\u0131, elektronik kontrol paneli, tepsi, hazneli vidal\u0131 konvey\u00f6r ve bir motordan olu\u015fur. Malzeme haznesi, doldurulacak tozu depolamak i\u00e7in kullan\u0131l\u0131r. Burgulu bir bo\u015faltma \u00e7\u0131k\u0131\u015f\u0131 dolum hacmini kontrol etmek i\u00e7indir. B\u00fcy\u00fck torba dolumu i\u00e7in torbay\u0131 sabitlemek \u00fczere bir kelep\u00e7e cihaz\u0131 bulunacakt\u0131r. Tepsinin torbalar, \u015fi\u015feler veya teneke kutular i\u00e7in destekleyici bir i\u015flevi vard\u0131r. \u0130ste\u011fe ba\u011fl\u0131 iki t\u00fcr kontrol paneli vard\u0131r; tu\u015flar ve bir PLC dokunmatik ekran. Vidal\u0131 konvey\u00f6r, kendi motorunun g\u00fcc\u00fcyle malzemeyi dolum makinas\u0131n\u0131n haznesine ta\u015f\u0131r. <\/p>    <p class=\"translation-block\">Ayr\u0131ca, ihtiya\u00e7lar\u0131n\u0131za g\u00f6re \u00f6zelle\u015ftirilmi\u015f makineleri de destekliyoruz. Daha fazla ayr\u0131nt\u0131 almak i\u00e7in <strong><a href=\"https:\/\/tianhuipackingmachine.com\/tr\/contact\/\">bizimle ileti\u015fime ge\u00e7ebilirsiniz<\/a><\/strong> ve bu makalenin en alt\u0131ndaki formu doldurabilirsiniz.<\/p>    <figure class=\"wp-block-image aligncenter size-full\"><img loading=\"lazy\" decoding=\"async\" width=\"750\" height=\"500\" src=\"https:\/\/tianhuipackingmachine.com\/wp-content\/uploads\/2021\/09\/1-10kg-powder-filling-equipment-structure.jpg\" alt=\"1-10kg toz dolum ekipman\u0131 yap\u0131s\u0131\" class=\"wp-image-2512\" srcset=\"https:\/\/tianhuipackingmachine.com\/wp-content\/uploads\/2021\/09\/1-10kg-powder-filling-equipment-structure.jpg 750w, https:\/\/tianhuipackingmachine.com\/wp-content\/uploads\/2021\/09\/1-10kg-powder-filling-equipment-structure-300x200.jpg 300w\" sizes=\"auto, (max-width: 750px) 100vw, 750px\" \/><figcaption class=\"wp-element-caption\">1-10Kg Toz Dolum Ekipman\u0131 Yap\u0131s\u0131<\/figcaption><\/figure>    <h2 class=\"has-text-color wp-block-heading\" id=\"h-screw-conveyor-parameters\" style=\"color:#ff5200\">Vidal\u0131 konvey\u00f6r parametreleri<\/h2>    <figure class=\"wp-block-table is-style-stripes\"><table><tbody><tr><td>G\u00fc\u00e7<\/td><td>AC380V 1100W<\/td><\/tr><tr><td>Y\u00fckseltme kapasitesi<\/td><td>1000-3000kg\/saat<\/td><\/tr><tr><td>Hazne kapasitesi<\/td><td>100-300kg<\/td><\/tr><tr><td>Doldurma cihaz\u0131n\u0131n y\u00fcksekli\u011fi<\/td><td>2000mm (\u00f6zel hizmeti destekler)<\/td><\/tr><tr><td>Ekipman\u0131n malzemesi<\/td><td>Paslanmaz \u00e7elik<\/td><\/tr><tr><td>A\u011f\u0131rl\u0131k<\/td><td>150kg<\/td><\/tr><\/tbody><\/table><\/figure>    <h2 class=\"has-black-color has-text-color wp-block-heading\" id=\"h-wide-applications-in-food-non-food-bags-bottles-or-cans\">G\u0131da ve g\u0131da d\u0131\u015f\u0131 \u00fcr\u00fcnlerde, torbalarda, \u015fi\u015felerde veya kutularda geni\u015f uygulamalar<\/h2>    <p class=\"translation-block\">1-10 kg'l\u0131k toz doldurma makinesi, s\u00fct tozu, kahve tozu, un, m\u0131s\u0131r unu, pirin\u00e7 unu, s\u00fct \u00e7ay\u0131 tozu, yumurta beyaz\u0131 tozu, ni\u015fasta, <strong><a href=\"https:\/\/tianhuipackingmachine.com\/tr\/spice-packaging-machine\/\">baharatlar<\/a><\/strong>, matcha tozu, kakao tozu, biber, <strong><a href=\"https:\/\/tianhuipackingmachine.com\/tr\/chilli-powder-packing-machine\/\">biber tozu<\/a><\/strong>, karabiber, kimyon, k\u00f6ri, masala, boya tozu, pestisit tozu, katk\u0131, yem tozu gibi \u00e7e\u015fitli tozlar i\u00e7in uygundur. Ve dolum ekipman\u0131, torbalar, \u015fi\u015feler ve kutular i\u00e7in uygulan\u0131r. <\/p>    <figure class=\"wp-block-image size-large\"><img loading=\"lazy\" decoding=\"async\" width=\"750\" height=\"500\" src=\"https:\/\/tianhuipackingmachine.com\/wp-content\/uploads\/2021\/12\/applicable-powder-750x500.jpg\" alt=\"uygulanabilir toz\" class=\"wp-image-4449\" srcset=\"https:\/\/tianhuipackingmachine.com\/wp-content\/uploads\/2021\/12\/applicable-powder.jpg 750w, https:\/\/tianhuipackingmachine.com\/wp-content\/uploads\/2021\/12\/applicable-powder-480x320.jpg 480w\" sizes=\"auto, (max-width: 750px) 100vw, 750px\" \/><figcaption class=\"wp-element-caption\">Uygulanabilir Toz<\/figcaption><\/figure>    <h2 class=\"has-black-color has-text-color wp-block-heading\" id=\"h-related-machines-in-top-packing-machinery\">Henan Top Paketleme Makineleri'nin ilgili makineleri<\/h2>    <p class=\"translation-block\">1-10 kg toz doldurma makinesi ile bir \u00fcretim hatt\u0131 istiyorsan\u0131z, <strong><a href=\"https:\/\/tianhuipackingmachine.com\/tr\/\">Henan Top Packing Machinery<\/a><\/strong> 'de bir\u00e7ok se\u00e7enek mevcut, \u00f6rne\u011fin \u015fi\u015fe veya kutular i\u00e7in konvey\u00f6r bantlar\u0131, <strong><a href=\"https:\/\/tianhuipackingmachine.com\/tr\/continuous-bag-sealing-machine\/\">s\u00fcrekli torba kapama makinesi<\/a><\/strong>, kapak makineleri, vakumlu kapama makinesi, tarih yaz\u0131c\u0131, karton kapama makinesi ve daha fazlas\u0131. Ayr\u0131ca, 0-80g\/torba, 20-200g\/torba, 500-1000g\/torba, 1000-3000g\/torba, 5-50kg\/torba gibi <strong><a href=\"https:\/\/tianhuipackingmachine.com\/tr\/powder-packing-machine\/\">toz paketleme makineleri<\/a><\/strong> de sa\u011fl\u0131yoruz. Ayr\u0131ca, \u00f6zelle\u015ftirme hizmetleri de sunuyoruz. Daha fazla bilgi ve en iyi fiyat i\u00e7in bizimle ileti\u015fime ge\u00e7in.<\/p>    <figure class=\"wp-block-image size-full\"><img loading=\"lazy\" decoding=\"async\" width=\"750\" height=\"500\" src=\"https:\/\/tianhuipackingmachine.com\/wp-content\/uploads\/2021\/09\/powder-filling-machine-factory.jpg\" alt=\"toz dolum makinas\u0131 fabrikas\u0131\" class=\"wp-image-6240\"\/><figcaption class=\"wp-element-caption\">Toz Dolum Makinesi Fabrikas\u0131<\/figcaption><\/figure>    <h2 class=\"wp-block-heading\">\u00c7\u00f6z\u00fcm <\/h2>    <p class=\"translation-block\"><strong>Toz doldurma makineleri<\/strong>, ila\u00e7, g\u0131da ve i\u00e7ecek, kimyasallar ve tar\u0131m gibi \u00e7e\u015fitli end\u00fcstrilerde \u00f6nemli bir ara\u00e7t\u0131r. Bu makineler, tozlar\u0131 kaplara y\u00fcksek bir do\u011fruluk ve tutarl\u0131l\u0131k ile doldurmak i\u00e7in kullan\u0131l\u0131r. Vida dolgu, hacimsel dolgu ve gravimetrik dolgu gibi farkl\u0131 t\u00fcrlerde mevcuttur ve her birinin kendine \u00f6zg\u00fc \u00f6zellikleri ve kullan\u0131mlar\u0131 vard\u0131r. Toz doldurma makinelerinin temel \u00f6zellikleri aras\u0131nda h\u0131z ve do\u011fruluk, hassasiyet ve tutarl\u0131l\u0131k, kullan\u0131m ve bak\u0131m kolayl\u0131\u011f\u0131 ve g\u00fcvenlik \u00f6zellikleri bulunur. Teknolojinin s\u00fcrekli b\u00fcy\u00fcmesi ve ilerlemesi ile, toz doldurma makineleri, \u00e7e\u015fitli end\u00fcstrilerde verimli ve etkili \u00fcretimi sa\u011flamak i\u00e7in hayati bir rol oynamaya devam edecektir.<\/p>","protected":false},"excerpt":{"rendered":"<p>Powder filling machine here is a tool to fill powder within 1-10kg efficiently and reliably. The same as other powder packing machines, it\u2019s equipped with an auger that measures the volume of filling material. The equipment is suitable for various kinds of powders, such as milk powder, flour, starch, condiment, chili powder, detergent powder, chemical [&hellip;]<\/p>\n","protected":false},"author":1,"featured_media":6238,"parent":0,"template":"","tags":[162],"product-type":[141],"class_list":["post-2510","product","type-product","status-publish","has-post-thumbnail","hentry","tag-filling-machine","product-type-filling-machines"],"_links":{"self":[{"href":"https:\/\/tianhuipackingmachine.com\/tr\/wp-json\/wp\/v2\/product\/2510","targetHints":{"allow":["GET"]}}],"collection":[{"href":"https:\/\/tianhuipackingmachine.com\/tr\/wp-json\/wp\/v2\/product"}],"about":[{"href":"https:\/\/tianhuipackingmachine.com\/tr\/wp-json\/wp\/v2\/types\/product"}],"author":[{"embeddable":true,"href":"https:\/\/tianhuipackingmachine.com\/tr\/wp-json\/wp\/v2\/users\/1"}],"wp:featuredmedia":[{"embeddable":true,"href":"https:\/\/tianhuipackingmachine.com\/tr\/wp-json\/wp\/v2\/media\/6238"}],"wp:attachment":[{"href":"https:\/\/tianhuipackingmachine.com\/tr\/wp-json\/wp\/v2\/media?parent=2510"}],"wp:term":[{"taxonomy":"post_tag","embeddable":true,"href":"https:\/\/tianhuipackingmachine.com\/tr\/wp-json\/wp\/v2\/tags?post=2510"},{"taxonomy":"product-type","embeddable":true,"href":"https:\/\/tianhuipackingmachine.com\/tr\/wp-json\/wp\/v2\/product-type?post=2510"}],"curies":[{"name":"wp","href":"https:\/\/api.w.org\/{rel}","templated":true}]}}