{"id":2464,"date":"2021-09-07T10:28:43","date_gmt":"2021-09-07T02:28:43","guid":{"rendered":"https:\/\/tianhuipackingmachine.com\/?page_id=2464"},"modified":"2023-01-18T15:53:55","modified_gmt":"2023-01-18T07:53:55","slug":"5-50kg-granule-filling-machine","status":"publish","type":"product","link":"https:\/\/tianhuipackingmachine.com\/tr\/5-50kg-granule-filling-machine\/","title":{"rendered":"5-50kg gran\u00fcl dolum makinas\u0131"},"content":{"rendered":"<p class=\"translation-block\"><strong>Gran\u00fcl dolum makinesi<\/strong>, temel olarak dolum sistemi ve s\u0131zd\u0131rmazl\u0131k sistemi olmak \u00fczere iki ana b\u00f6l\u00fcmden olu\u015fan bir s\u0131zd\u0131rmazl\u0131k cihaz\u0131 ile donat\u0131lm\u0131\u015ft\u0131r. Dolum sistemi, do\u011fru ve verimli bir \u015fekilde kantitatif tart\u0131m kullan\u0131r. Ambalaj malzemelerinin a\u011f\u0131rl\u0131\u011f\u0131n\u0131 \u00f6nceden ayarlayabilir, bu da h\u0131zl\u0131 doldurma sa\u011flar. S\u0131zd\u0131rmazl\u0131k k\u0131sm\u0131 ise iki t\u00fcr makineyi ifade eder: plastik torbalar i\u00e7in s\u0131zd\u0131rmazl\u0131k makinesi ve dokuma torbalar i\u00e7in diki\u015f makinesi. \u0130htiya\u00e7lar\u0131n\u0131za g\u00f6re bunlardan birini veya her ikisini birden se\u00e7ebilirsiniz. Dolum ekipman\u0131 pirin\u00e7, bu\u011fday, dar\u0131, m\u0131s\u0131r, tah\u0131l, kedi mamas\u0131, k\u00f6pek mamas\u0131, kimyasal g\u00fcbre vb. alanlarda yayg\u0131n olarak kullan\u0131lmaktad\u0131r. Ayr\u0131ca, ger\u00e7ek gereksinimlerinize g\u00f6re \u00f6zelle\u015ftirme hizmetleri de sunmaktay\u0131z.<\/p>   <figure class=\"wp-block-embed-youtube wp-block-embed is-type-video is-provider-youtube wp-embed-aspect-16-9 wp-has-aspect-ratio\"><div class=\"lyte-wrapper\" title=\"5-50kg Gran\u00fcl Tart\u0131m ve Dolum Makinesi Genel Bak\u0131\u015f ve \u00c7al\u0131\u015ft\u0131rma\" style=\"width:853px;max-width:100%;margin:5px auto;\"><div class=\"lyMe\" id=\"WYL_f7g3DJ9Ghb8\" itemprop=\"video\" itemscope itemtype=\"https:\/\/schema.org\/VideoObject\"><div><meta itemprop=\"thumbnailUrl\" content=\"https:\/\/i.ytimg.com\/vi\/f7g3DJ9Ghb8\/hqdefault.jpg\" \/><meta itemprop=\"embedURL\" content=\"https:\/\/www.youtube.com\/embed\/f7g3DJ9Ghb8\" \/><meta itemprop=\"duration\" content=\"PT1M23S\" \/><meta itemprop=\"uploadDate\" content=\"2021-09-02T06:11:57Z\" \/><\/div><div id=\"lyte_f7g3DJ9Ghb8\" data-src=\"https:\/\/i.ytimg.com\/vi\/f7g3DJ9Ghb8\/hqdefault.jpg\" class=\"pL\"><div class=\"tC\"><div class=\"tT\" itemprop=\"name\">5-50kg Gran\u00fcl Tart\u0131m ve Dolum Makinesi Genel Bak\u0131\u015f ve \u00c7al\u0131\u015ft\u0131rma<\/div><\/div><div class=\"play\"><\/div><div class=\"ctrl\"><div class=\"Lctrl\"><\/div><div class=\"Rctrl\"><\/div><\/div><\/div><noscript><a href=\"https:\/\/youtu.be\/f7g3DJ9Ghb8\" rel=\"nofollow noopener\" target=\"_blank\"><img loading=\"lazy\" decoding=\"async\" src=\"https:\/\/i.ytimg.com\/vi\/f7g3DJ9Ghb8\/0.jpg\" alt=\"5-50kg Gran\u00fcl Tart\u0131m ve Dolum Makinesi Genel Bak\u0131\u015f ve \u00c7al\u0131\u015ft\u0131rma\" width=\"853\" height=\"460\" \/><\/a><\/noscript><meta itemprop=\"description\" content=\"Official website: https:\/\/tianhuipackingmachine.com\/5-50kg-granule-filling-machine\/ If you are interested in this machine, welcome to contact us to get a free quotation\uff01 Email: sales@toppackingmachine.com Whatsapp\/Tel: +86 17329326135 This kind of filling machine is specially designed and manufactured for granule items. It has the features of accurate weighing, intelligent control, easy operation, and good performance. Besides, particle filling machine from us has factory price and excellent after-sales service. Automatic granule packing machine: https:\/\/www.youtube.com\/watch?v=yDA78_loRBo Pillow packing machine: https:\/\/www.youtube.com\/watch?v=Xu9HTPWpcEI Vegetable packaging machine: https:\/\/www.youtube.com\/watch?v=5GtmU8TboFk Vertical powder packing machine: https:\/\/www.youtube.com\/watch?v=-dsZnBZpzUg Double chamber vacuum packaging machine: https:\/\/www.youtube.com\/watch?v=HrAGjwRJopI Chips pouch packing machine: https:\/\/www.youtube.com\/watch?v=fIU65zNNvU4 Peanut pre-made bag packaging machine: https:\/\/www.youtube.com\/watch?v=gSZ43wJ7sFw&amp;t=1s Email us: Email: sales@toppackingmachine.com | Whatsapp\/Tel: +86 17329326135\"><\/div><\/div><div class=\"lL\" style=\"max-width:100%;width:853px;margin:5px auto;\"> <a href=\"https:\/\/youtu.be\/f7g3DJ9Ghb8\" target=\"_blank\" rel=\"noopener\">Bu videoyu YouTube'da izleyin<\/a>.<\/div><figcaption><\/figcaption><\/figure>   <h2 class=\"wp-block-heading\" id=\"h-5-50kg-granule-filling-sealing-machine-for-sale\">Sat\u0131l\u0131k 5-50kg gran\u00fcl dolum ve kapatma makinesi<\/h2>    <p>Top(Henan) Paketleme Makinalar\u0131nda torba ba\u015f\u0131na 5-50kg'l\u0131k gran\u00fcl dolum makinas\u0131 sat\u0131l\u0131kt\u0131r. Paketleme makinesi otomatik olarak tartabilir, doldurabilir ve kapatabilir (veya dikebilir). Ak\u0131ll\u0131 ve hassas bir \u015fekilde elektronik tart\u0131m sistemini benimser. Bo\u015faltma \u00e7\u0131k\u0131\u015f\u0131, torbay\u0131 doldurmak \u00fczere sabitlemek i\u00e7in b\u00fcy\u00fck bir kelep\u00e7eyle donat\u0131lm\u0131\u015ft\u0131r. Standart donan\u0131m tek dolum deli\u011fidir ancak ihtiyac\u0131n\u0131z olmas\u0131 halinde \u00e7ift dolum \u00e7\u0131k\u0131\u015f\u0131n\u0131 da destekliyoruz. \u0130nsanlar 5-50 kg'l\u0131k gran\u00fcl tart\u0131ml\u0131 paketleme makinesi al\u0131rken genellikle bir malzeme asans\u00f6r\u00fc de sat\u0131n al\u0131rlar \u00e7\u00fcnk\u00fc malzeme giri\u015fi y\u00fcksektir ve manuel olarak y\u00fckleme yapmak sak\u0131ncal\u0131d\u0131r. Ayr\u0131ca OEM hizmeti de sa\u011fl\u0131yoruz. Daha detayl\u0131 bilgi almak i\u00e7in bizimle ileti\u015fime ge\u00e7in.<\/p>    <figure class=\"wp-block-image aligncenter size-full\"><img loading=\"lazy\" decoding=\"async\" width=\"750\" height=\"500\" src=\"https:\/\/tianhuipackingmachine.com\/wp-content\/uploads\/2021\/09\/5-50kg-weighing-granule-filling-equipment.jpg\" alt=\"5-50kg tart\u0131ml\u0131 gran\u00fcl dolum ekipman\u0131\" class=\"wp-image-2499\" srcset=\"https:\/\/tianhuipackingmachine.com\/wp-content\/uploads\/2021\/09\/5-50kg-weighing-granule-filling-equipment.jpg 750w, https:\/\/tianhuipackingmachine.com\/wp-content\/uploads\/2021\/09\/5-50kg-weighing-granule-filling-equipment-300x200.jpg 300w\" sizes=\"auto, (max-width: 750px) 100vw, 750px\" \/><figcaption class=\"wp-element-caption\">5-50Kg Tart\u0131ml\u0131 Gran\u00fcl Dolum Ekipmanlar\u0131<\/figcaption><\/figure>    <h2 class=\"wp-block-heading\" id=\"h-features-benefits-of-5-50kg-granule-filling-equipment\">5-50kg gran\u00fcl dolum makinas\u0131 ekipman\u0131n\u0131n \u00f6zellikleri ve faydalar\u0131<\/h2>    <ol class=\"wp-block-list\" type=\"1\"> <li>Makul tasar\u0131m, ak\u0131ll\u0131 kontrol sistemi, iste\u011fe ba\u011fl\u0131 \u00e7oklu dil, geni\u015f uygulamalar<\/li>    <li>Dengeli bir \u015fekilde \u00e7al\u0131\u015f\u0131n, do\u011fru tart\u0131n, rahat\u00e7a \u00e7al\u0131\u015f\u0131n, s\u0131k\u0131ca kapat\u0131n (veya dikin)<\/li>    <li>\u00dcretim verimlili\u011fini art\u0131r\u0131n, i\u015f\u00e7ilikten ve paketleme s\u00fcresinden tasarruf edin<\/li>    <li>Dedekt\u00f6r, dolum olup olmad\u0131\u011f\u0131n\u0131 kontrol etmek i\u00e7in bo\u015faltma \u00e7\u0131k\u0131\u015f\u0131nda donat\u0131lm\u0131\u015ft\u0131r.<\/li>    <li>Dolum i\u00e7in paketleme torbas\u0131n\u0131 sabitlemek i\u00e7in b\u00fcy\u00fck bir kelep\u00e7e kullan\u0131l\u0131r.<\/li>    <li>Paketleme nesnelerinin \u00f6nceden ayarlanm\u0131\u015f a\u011f\u0131rl\u0131\u011f\u0131n\u0131 destekleyerek h\u0131zl\u0131 ve do\u011fru bir \u015fekilde doldurur. \u00a0\u00a0\u00a0\u00a0<\/li>    <li>\u00d6zelle\u015ftirme hizmeti mevcuttur.<\/li> <\/ol>    <figure class=\"wp-block-image aligncenter size-full\"><img loading=\"lazy\" decoding=\"async\" width=\"750\" height=\"500\" src=\"https:\/\/tianhuipackingmachine.com\/wp-content\/uploads\/2021\/09\/5-50kg-granule-filling-sealing-machine-with-a-material-elevator.jpg\" alt=\"Malzeme asans\u00f6rl\u00fc 5-50kg gran\u00fcl dolum ve kapatma makinesi\" class=\"wp-image-2500\" srcset=\"https:\/\/tianhuipackingmachine.com\/wp-content\/uploads\/2021\/09\/5-50kg-granule-filling-sealing-machine-with-a-material-elevator.jpg 750w, https:\/\/tianhuipackingmachine.com\/wp-content\/uploads\/2021\/09\/5-50kg-granule-filling-sealing-machine-with-a-material-elevator-300x200.jpg 300w\" sizes=\"auto, (max-width: 750px) 100vw, 750px\" \/><figcaption class=\"wp-element-caption\">5-50Kg Gran\u00fcl Dolum &amp;Amp; Malzeme Asans\u00f6rl\u00fc Kapama Makinesi<\/figcaption><\/figure>    <h2 class=\"wp-block-heading\" id=\"h-wide-applications-in-food-and-non-food\">G\u0131da ve g\u0131da d\u0131\u015f\u0131 alanlarda geni\u015f uygulamalar<\/h2>    <p class=\"translation-block\">5-50 kg'l\u0131k gran\u00fcl dolum makinesi, pirin\u00e7, bu\u011fday, dar\u0131, m\u0131s\u0131r, yer f\u0131st\u0131\u011f\u0131, ma\u015f fasulyesi, k\u0131rm\u0131z\u0131 fasulye, soya fasulyesi, susam, karabu\u011fday, kavun \u00e7ekirde\u011fi, k\u0131rm\u0131z\u0131 hurma, kuru biber, ceviz, tah\u0131l, kuruyemi\u015f, kedi mamas\u0131, k\u00f6pek mamas\u0131, kimyasal g\u00fcbre gibi \u00e7e\u015fitli gran\u00fcl t\u00fcrleri i\u00e7in yayg\u0131n olarak kullan\u0131lmaktad\u0131r. Torba ba\u015f\u0131na 5-50 kg i\u00e7in uygundur. Plastik torbalar ve dokuma torbalar iste\u011fe ba\u011fl\u0131d\u0131r. Plastik torbalar <strong><a href=\"https:\/\/tianhuipackingmachine.com\/tr\/continuous-bag-sealing-machine\/\">\u0131s\u0131 s\u0131zd\u0131rmazl\u0131k makinesi<\/a><\/strong> kullan\u0131rken, dokuma torbalar diki\u015f makinesi gerektirir. <\/p>    <figure class=\"wp-block-image aligncenter size-full\"><img loading=\"lazy\" decoding=\"async\" width=\"750\" height=\"500\" src=\"https:\/\/tianhuipackingmachine.com\/wp-content\/uploads\/2021\/09\/various-grains.jpg\" alt=\"\u00e7e\u015fitli tah\u0131llar\" class=\"wp-image-2483\" srcset=\"https:\/\/tianhuipackingmachine.com\/wp-content\/uploads\/2021\/09\/various-grains.jpg 750w, https:\/\/tianhuipackingmachine.com\/wp-content\/uploads\/2021\/09\/various-grains-300x200.jpg 300w\" sizes=\"auto, (max-width: 750px) 100vw, 750px\" \/><figcaption class=\"wp-element-caption\">\u00c7e\u015fitli Tah\u0131llar<\/figcaption><\/figure>    <h2 class=\"wp-block-heading\">Do\u011fru gran\u00fcl dolum makinas\u0131 nas\u0131l se\u00e7ilir? <\/h2>    <p>\u00d6zel ihtiya\u00e7lar\u0131n\u0131z i\u00e7in do\u011fru gran\u00fcl dolum makinesini se\u00e7mek g\u00f6z korkutucu bir i\u015f olabilir. Gran\u00fcl dolum makinesi se\u00e7erken g\u00f6z \u00f6n\u00fcnde bulundurulmas\u0131 gereken baz\u0131 fakt\u00f6rler:<\/p>    <ol class=\"wp-block-list\"> <li><strong>\u00dcretim hacmi:<\/strong> G\u00fcnde veya saatte ka\u00e7 kab\u0131n doldurulmas\u0131 gerekti\u011fini d\u00fc\u015f\u00fcn\u00fcn. Bu, gerekli makinenin h\u0131z\u0131n\u0131 ve boyutunu belirlemenize yard\u0131mc\u0131 olacakt\u0131r.<\/li>    <li><strong>Gran\u00fcl T\u00fcr\u00fc:<\/strong> Farkl\u0131 gran\u00fcl t\u00fcrleri farkl\u0131 doldurma teknikleri gerektirebilir. \u00d6rne\u011fin, gran\u00fcller \u00e7ok k\u00fc\u00e7\u00fckse veya topaklanma e\u011filimi varsa hacimsel bir dolgu maddesi daha uygun olabilirken daha b\u00fcy\u00fck veya d\u00fczensiz \u015fekilli gran\u00fcller, helezonlu bir dolgu gerektirebilir.<\/li>    <li><strong>Konteyner Boyutu ve \u015eekli:<\/strong> Doldurulacak kaplar\u0131n boyutunu ve \u015feklini d\u00fc\u015f\u00fcn\u00fcn. Baz\u0131 makineler belirli kap \u015fekilleri ve boyutlar\u0131 i\u00e7in daha uygun olabilir.<\/li>    <li><strong>Do\u011fruluk ve hassasiyet:<\/strong> Uygulaman\u0131z i\u00e7in gereken do\u011fruluk ve hassasiyet d\u00fczeyini g\u00f6z \u00f6n\u00fcnde bulundurun. Baz\u0131 makineler di\u011ferlerinden daha hassas ve do\u011fru dolum sa\u011flayabilmektedir.<\/li>    <li><strong>Kullan\u0131m ve Bak\u0131m Kolayl\u0131\u011f\u0131:<\/strong> Makinenin kullan\u0131m ve bak\u0131m kolayl\u0131\u011f\u0131n\u0131 g\u00f6z \u00f6n\u00fcnde bulundurun. Kullan\u0131m\u0131 ve bak\u0131m\u0131 kolay, yedek par\u00e7alar\u0131 kolayca bulunabilen makineler aray\u0131n.<\/li>    <li><strong>G\u00fcvenlik \u00f6zellikleri:<\/strong> Operat\u00f6r\u00fc koruyan acil durdurma, korumalar ve sens\u00f6rler gibi g\u00fcvenlik \u00f6zelliklerini aray\u0131n.<\/li>    <li><strong>\u00dcreticinin kalitesi:<\/strong> Kaliteli makineler \u00fcretme konusunda iyi bir ge\u00e7mi\u015fe sahip, sayg\u0131n ve g\u00fcvenilir bir \u00fcreticiyi se\u00e7mek \u00f6nemlidir.<\/li>    <li><strong>B\u00fct\u00e7e:<\/strong> Gran\u00fcl dolum makinesi se\u00e7erken elbette b\u00fct\u00e7e de dikkate al\u0131n\u0131r, bu nedenle yat\u0131r\u0131m\u0131n\u0131za en iyi de\u011feri sa\u011flayacak makineyi araman\u0131z \u00f6nemlidir.<\/li> <\/ol>    <p>\u00d6zel ihtiya\u00e7lar\u0131n\u0131z i\u00e7in do\u011fru se\u00e7imi yapt\u0131\u011f\u0131n\u0131zdan emin olmak i\u00e7in her zaman bir \u00fcreticinin temsilcisine veya bu alandaki bir profesyonele dan\u0131\u015fman\u0131z \u00f6nerilir.<\/p>    <h2 class=\"wp-block-heading\" id=\"h-contact-us-for-more-information\">Daha faydal\u0131 ayr\u0131nt\u0131lar i\u00e7in bizimle ileti\u015fime ge\u00e7in <\/h2>    <p class=\"translation-block\">Gran\u00fcl dolum makinesi \u00fcreticileri ve tedarik\u00e7ilerinden biri olarak Henan Top Packing Machinery Co., Ltd, \u00e7e\u015fitli <strong><a href=\"https:\/\/tianhuipackingmachine.com\/tr\/\">paketleme makineleri<\/a><\/strong>, dolum makineleri, s\u0131zd\u0131rmazl\u0131k makineleri, kapak makineleri vb. sunmaktad\u0131r. \u0130htiya\u00e7lar\u0131n\u0131za uygun cihazlar\u0131 se\u00e7ebilirsiniz. Daha fazla ayr\u0131nt\u0131 almak i\u00e7in <strong><a href=\"https:\/\/tianhuipackingmachine.com\/tr\/contact\/\">bizimle ileti\u015fime ge\u00e7in<\/a><\/strong>, size en k\u0131sa s\u00fcrede yan\u0131t verece\u011fiz.<\/p>","protected":false},"excerpt":{"rendered":"<p>Granule filling machine is equipped with a sealing device, mainly including two parts, the filling system, and a sealing system. The filling system adopts quantitative weighing, accurately and efficiently. It can preset the weight of packaging materials, which fills quickly. The sealing one refers to two sorts of machines, the sealing machine for plastic bags [&hellip;]<\/p>\n","protected":false},"author":1,"featured_media":2500,"parent":0,"template":"","tags":[162],"product-type":[141],"class_list":["post-2464","product","type-product","status-publish","has-post-thumbnail","hentry","tag-filling-machine","product-type-filling-machines"],"_links":{"self":[{"href":"https:\/\/tianhuipackingmachine.com\/tr\/wp-json\/wp\/v2\/product\/2464","targetHints":{"allow":["GET"]}}],"collection":[{"href":"https:\/\/tianhuipackingmachine.com\/tr\/wp-json\/wp\/v2\/product"}],"about":[{"href":"https:\/\/tianhuipackingmachine.com\/tr\/wp-json\/wp\/v2\/types\/product"}],"author":[{"embeddable":true,"href":"https:\/\/tianhuipackingmachine.com\/tr\/wp-json\/wp\/v2\/users\/1"}],"wp:featuredmedia":[{"embeddable":true,"href":"https:\/\/tianhuipackingmachine.com\/tr\/wp-json\/wp\/v2\/media\/2500"}],"wp:attachment":[{"href":"https:\/\/tianhuipackingmachine.com\/tr\/wp-json\/wp\/v2\/media?parent=2464"}],"wp:term":[{"taxonomy":"post_tag","embeddable":true,"href":"https:\/\/tianhuipackingmachine.com\/tr\/wp-json\/wp\/v2\/tags?post=2464"},{"taxonomy":"product-type","embeddable":true,"href":"https:\/\/tianhuipackingmachine.com\/tr\/wp-json\/wp\/v2\/product-type?post=2464"}],"curies":[{"name":"wp","href":"https:\/\/api.w.org\/{rel}","templated":true}]}}