{"id":2354,"date":"2021-08-31T16:27:02","date_gmt":"2021-08-31T08:27:02","guid":{"rendered":"https:\/\/tianhuipackingmachine.com\/?page_id=2354"},"modified":"2024-12-11T11:32:54","modified_gmt":"2024-12-11T03:32:54","slug":"reciprocating-pillow-packing-machine","status":"publish","type":"product","link":"https:\/\/tianhuipackingmachine.com\/tr\/reciprocating-pillow-packing-machine\/","title":{"rendered":"Pistonlu yast\u0131k paketleme makinesi"},"content":{"rendered":"<p class=\"translation-block\">Bu <strong>kar\u015f\u0131l\u0131kl\u0131 yast\u0131k paketleme makinesi<\/strong>, kurabiye, ekmek vb. \u00fcr\u00fcnleri bir gusset torbas\u0131na sarmak i\u00e7in tam servo yast\u0131k paketleme makinesidir. Paketleme h\u0131z\u0131 20-80 torba\/dk'd\u0131r ve \u00fcr\u00fcn\u00fcn maksimum y\u00fcksekli\u011fi 10 cm'dir.<\/p>    <p>Yast\u0131k tipi paketleme makinesi, e\u015fyalar\u0131 ta\u015f\u0131mak i\u00e7in bir kay\u0131\u015f kullan\u0131r ve buna \u00e7al\u0131\u015f\u0131rken daha g\u00fcvenli olan \u015feffaf bir koruyucu kapak eklenir. Y\u00fcksek verimlili\u011fi, geni\u015f uygulama alan\u0131 ve sat\u0131\u015f sonras\u0131 hizmetiyle bu makine ambalaj sekt\u00f6r\u00fcnde pop\u00fclerdir. <\/p>    <p>Yatay ak\u0131\u015fl\u0131 sarma makinesi mi ar\u0131yorsunuz? Cevab\u0131n\u0131z evet ise, daha fazla ayr\u0131nt\u0131 i\u00e7in bizimle ileti\u015fime ge\u00e7ebilirsiniz.<\/p>   <figure class=\"wp-block-embed-youtube wp-block-embed is-type-video is-provider-youtube wp-embed-aspect-16-9 wp-has-aspect-ratio\"><div class=\"lyte-wrapper\" title=\"Ekmek, bisk\u00fcvi, sabun vb. i\u00e7in k\u00f6\u015febent torbal\u0131 pistonlu ak\u0131\u015fl\u0131 sarma makinesi #packingmachine\" style=\"width:853px;max-width:100%;margin:5px auto;\"><div class=\"lyMe\" id=\"WYL_gK-ot64b-Nc\" itemprop=\"video\" itemscope itemtype=\"https:\/\/schema.org\/VideoObject\"><div><meta itemprop=\"thumbnailUrl\" content=\"https:\/\/i.ytimg.com\/vi\/gK-ot64b-Nc\/hqdefault.jpg\" \/><meta itemprop=\"embedURL\" content=\"https:\/\/www.youtube.com\/embed\/gK-ot64b-Nc\" \/><meta itemprop=\"duration\" content=\"PT4M35S\" \/><meta itemprop=\"uploadDate\" content=\"2024-12-11T03:29:57Z\" \/><\/div><meta itemprop=\"accessibilityFeature\" content=\"captions\" \/><div id=\"lyte_gK-ot64b-Nc\" data-src=\"https:\/\/i.ytimg.com\/vi\/gK-ot64b-Nc\/hqdefault.jpg\" class=\"pL\"><div class=\"tC\"><div class=\"tT\" itemprop=\"name\">Ekmek, bisk\u00fcvi, sabun vb. i\u00e7in k\u00f6\u015febent torbal\u0131 pistonlu ak\u0131\u015fl\u0131 sarma makinesi #packingmachine<\/div><\/div><div class=\"play\"><\/div><div class=\"ctrl\"><div class=\"Lctrl\"><\/div><div class=\"Rctrl\"><\/div><\/div><\/div><noscript><a href=\"https:\/\/youtu.be\/gK-ot64b-Nc\" rel=\"nofollow noopener\" target=\"_blank\"><img loading=\"lazy\" decoding=\"async\" src=\"https:\/\/i.ytimg.com\/vi\/gK-ot64b-Nc\/0.jpg\" alt=\"Ekmek, bisk\u00fcvi, sabun vb. i\u00e7in k\u00f6\u015febent torbal\u0131 pistonlu ak\u0131\u015fl\u0131 sarma makinesi #packingmachine\" width=\"853\" height=\"460\" \/><\/a><\/noscript><meta itemprop=\"description\" content=\"#automaticpackagingequipment #pillowpackingmachine #flowwrappingmachine #packagingmachine #packagingsolution WhatsApp No.: https:\/\/wa.me\/+8613673689272 WeChat\/Tel No.:+8613673689272 Email: info@tianhuipackingmachine.com Website: https:\/\/tianhuipackingmachine.com\/reciprocating-pillow-packing-machine\/ Explore the versatility of the reciprocating pillow packaging machine, designed to handle a wide range of products with precision and efficiency. This flow wrap machine is perfect for packaging items like snacks, biscuits, vegetables, small tools, and more. Its user-friendly interface, high-speed performance, and durable structure make it ideal for businesses aiming to optimize their packaging process. Watch this video to see the machine in action and discover how it can elevate your production line. WhatsApp No.: https:\/\/wa.me\/+8613673689272 WeChat\/Tel No.:+8613673689272 Email: info@tianhuipackingmachine.com Website: https:\/\/tianhuipackingmachine.com\/reciprocating-pillow-packing-machine\/\"><\/div><\/div><div class=\"lL\" style=\"max-width:100%;width:853px;margin:5px auto;\"> <a href=\"https:\/\/youtu.be\/gK-ot64b-Nc\" target=\"_blank\" rel=\"noopener\">Bu videoyu YouTube'da izleyin<\/a>.<\/div><figcaption>pistonlu paketleme makinesinin videosu<\/figcaption><\/figure>   <h2 class=\"wp-block-heading\" id=\"h-features-benefits-of-reciprocating-pillow-packing-machine\"><strong>Pistonlu yast\u0131k paketleme makinesinin avantajlar\u0131<\/strong><\/h2>    <ul class=\"wp-block-list\"> <li>Bir kullan\u0131r <strong>tam servo sistemi<\/strong>, servo konvey\u00f6r bant \u00fcr\u00fcn uzunlu\u011funa, s\u0131zd\u0131rmazl\u0131k ve kesime hassast\u0131r.<\/li>    <li>Ak\u0131\u015f sarma makinesi <strong>PLC taraf\u0131ndan kontrol edilir<\/strong>, paketleme h\u0131z\u0131n\u0131, torba uzunlu\u011funu vb. ayarlaman\u0131n kullan\u0131m\u0131 kolayd\u0131r.<\/li>    <li>BT <strong>paketleme s\u00fcresinden ve filmden tasarruf sa\u011flar<\/strong> Geli\u015fmi\u015f \u00e7ift d\u00f6n\u00fc\u015ft\u00fcr\u00fcc\u00fcler nedeniyle.<\/li>    <li>Bu yast\u0131k paketleme makinesi a\u015fa\u011f\u0131dakilerle donat\u0131lm\u0131\u015ft\u0131r: <strong>Do\u011fru konumland\u0131rma i\u00e7in fotoelektrik dedekt\u00f6r<\/strong>.<\/li>    <li>The <strong>cam kapakl\u0131 u\u00e7 s\u0131zd\u0131rmazl\u0131k cihaz\u0131<\/strong> g\u00fcvenlik \u00f6nlemi olarak tasarlanm\u0131\u015ft\u0131r.<\/li>    <li>B\u0131\u00e7aklar\u0131n yap\u0131\u015fmas\u0131 yok, ambalaj filmi israf\u0131 yok, ar\u0131zalar i\u00e7in kendi kendine te\u015fhis fonksiyonu.<\/li> <\/ul>    <figure class=\"wp-block-image size-large\"><img loading=\"lazy\" decoding=\"async\" width=\"667\" height=\"500\" src=\"https:\/\/tianhuipackingmachine.com\/wp-content\/uploads\/2021\/08\/quality-pillow-packaging-machine-667x500.webp\" alt=\"Kaliteli Yast\u0131k Ambalaj Makinesi\" class=\"wp-image-8315\" srcset=\"https:\/\/tianhuipackingmachine.com\/wp-content\/uploads\/2021\/08\/quality-pillow-packaging-machine-667x500.webp 667w, https:\/\/tianhuipackingmachine.com\/wp-content\/uploads\/2021\/08\/quality-pillow-packaging-machine-480x360.webp 480w, https:\/\/tianhuipackingmachine.com\/wp-content\/uploads\/2021\/08\/quality-pillow-packaging-machine-16x12.webp 16w, https:\/\/tianhuipackingmachine.com\/wp-content\/uploads\/2021\/08\/quality-pillow-packaging-machine.webp 720w\" sizes=\"auto, (max-width: 667px) 100vw, 667px\" \/><figcaption class=\"wp-element-caption\">Kaliteli Yast\u0131k Paketleme Makinas\u0131<\/figcaption><\/figure>    <h2 class=\"wp-block-heading has-black-color has-text-color\" id=\"h-reciprocating-pillow-packing-equipment-parameters\"><strong>Otomatik pistonlu yast\u0131k paketleme makinesinin teknik parametreleri<\/strong><\/h2>    <figure class=\"wp-block-table is-style-stripes\"><table><tbody><tr><td>Tip<\/td><td>SL-450W<\/td><td>SL-600W<\/td><\/tr><tr><td>Film geni\u015fli\u011fi<\/td><td>Maks.450mm<\/td><td>Maks.600mm<\/td><\/tr><tr><td>\u00c7anta yap\u0131m\u0131 uzunlu\u011fu<\/td><td>120-450mm<\/td><td>120-450mm<\/td><\/tr><tr><td>\u00c7anta yapma geni\u015fli\u011fi<\/td><td>50-160mm<\/td><td>50-200mm<\/td><\/tr><tr><td>\u00dcretim y\u00fcksekli\u011fi<\/td><td>10-100mm<\/td><td>10-100mm<\/td><\/tr><tr><td>Paketleme h\u0131z\u0131<\/td><td>20-80 torba\/dak<\/td><td>20-80 torba\/dak<\/td><\/tr><tr><td>G\u00fc\u00e7 spesifikasyonu<\/td><td>4.2KW\/220V, 50\/60HZ<\/td><td>4.6KW\/220V, 50\/60HZ<\/td><\/tr><tr><td>Makine boyutu<\/td><td>(U)4380*(G)870*(Y)1500mm<\/td><td>(U)4380*(G)970*(Y)1500mm<\/td><\/tr><tr><td>Br\u00fct a\u011f\u0131rl\u0131k<\/td><td>800kg<\/td><td>900kg<\/td><\/tr><\/tbody><\/table><figcaption class=\"wp-element-caption\">pistonlu yast\u0131k tipi paketleme makinesinin teknik verileri<\/figcaption><\/figure>    <p>Profesyonel bir paketleme makinesi \u00fcreticisi olarak, iki tip pistonlu yast\u0131k paketleme makinemiz bulunmaktad\u0131r: SL-450W ve SL-600W.SL-450W'nin torba yap\u0131m uzunlu\u011fu 120-450 mm ve geni\u015fli\u011fi 50-160 mm'dir. SL-600W'nin torba uzunlu\u011fu 120-450 mm, geni\u015fli\u011fi ise 50-200 mm'dir. Ayr\u0131ca makine voltaj\u0131n\u0131, g\u00fcc\u00fcn\u00fc, makine boyutunu ve a\u011f\u0131rl\u0131\u011f\u0131n\u0131 vb. \u00f6\u011frenebilirsiniz. \u00d6zel parametre bilgileri i\u00e7in l\u00fctfen yukar\u0131daki tabloya bak\u0131n.<\/p>    <figure class=\"wp-block-image size-full\"><img loading=\"lazy\" decoding=\"async\" width=\"720\" height=\"540\" src=\"https:\/\/tianhuipackingmachine.com\/wp-content\/uploads\/2021\/08\/reciprocating-flow-wrapping-machine-in-the-factory.webp\" alt=\"fabrikada pistonlu ak\u0131\u015f sarma makinesi\" class=\"wp-image-8313\" srcset=\"https:\/\/tianhuipackingmachine.com\/wp-content\/uploads\/2021\/08\/reciprocating-flow-wrapping-machine-in-the-factory.webp 720w, https:\/\/tianhuipackingmachine.com\/wp-content\/uploads\/2021\/08\/reciprocating-flow-wrapping-machine-in-the-factory-480x360.webp 480w, https:\/\/tianhuipackingmachine.com\/wp-content\/uploads\/2021\/08\/reciprocating-flow-wrapping-machine-in-the-factory-667x500.webp 667w, https:\/\/tianhuipackingmachine.com\/wp-content\/uploads\/2021\/08\/reciprocating-flow-wrapping-machine-in-the-factory-16x12.webp 16w\" sizes=\"auto, (max-width: 720px) 100vw, 720px\" \/><figcaption class=\"wp-element-caption\">Fabrikada Pistonlu Ak\u0131\u015f Sarma Makinesi<\/figcaption><\/figure>    <h2 class=\"wp-block-heading\" id=\"h-reciprocating-pillow-packaging-equipment-structure\"><strong>Pistonlu ak\u0131\u015f sarma makinesinin yap\u0131s\u0131<\/strong><\/h2>    <p>Pistonlu yast\u0131k paketleme makinemiz konvey\u00f6r bant, film besleme cihaz\u0131, torba yap\u0131c\u0131, dokunmatik ekran, orta kapatma cihaz\u0131, u\u00e7 yap\u0131\u015ft\u0131rma ve kesme cihaz\u0131 ve bo\u015faltma portundan olu\u015fur.<\/p>    <figure class=\"wp-block-image aligncenter size-full\"><img loading=\"lazy\" decoding=\"async\" width=\"750\" height=\"500\" src=\"https:\/\/tianhuipackingmachine.com\/wp-content\/uploads\/2021\/08\/reciprocating-pillow-packing-machine-structure.jpg\" alt=\"pistonlu yast\u0131k paketleme makinesi yap\u0131s\u0131\" class=\"wp-image-2357\" srcset=\"https:\/\/tianhuipackingmachine.com\/wp-content\/uploads\/2021\/08\/reciprocating-pillow-packing-machine-structure.jpg 750w, https:\/\/tianhuipackingmachine.com\/wp-content\/uploads\/2021\/08\/reciprocating-pillow-packing-machine-structure-300x200.jpg 300w\" sizes=\"auto, (max-width: 750px) 100vw, 750px\" \/><figcaption class=\"wp-element-caption\">Pistonlu Yast\u0131k Paketleme Makinas\u0131 Yap\u0131s\u0131<\/figcaption><\/figure>    <ul class=\"wp-block-list\"> <li><strong>Ta\u015f\u0131ma band\u0131<\/strong>: servo one, bant \u00fczerindeki nesnelerin uzunlu\u011funa duyarl\u0131, s\u0131zd\u0131rmazl\u0131k ve kesme do\u011frulu\u011fu a\u00e7\u0131s\u0131ndan faydal\u0131d\u0131r.<\/li>    <li><strong>Dokunmatik ekran<\/strong>: Paketleme h\u0131z\u0131n\u0131, torba yap\u0131m uzunlu\u011funu, dil kullan\u0131m\u0131n\u0131 vb. ayarlay\u0131n.<\/li>    <li><strong>\u00c7ok ba\u011flant\u0131l\u0131 film rulosu mili<\/strong>: Filmin \u00e7ekilmesini koordine eder ve filmi p\u00fcr\u00fczs\u00fcz hale getirir.<\/li>    <li><strong>U\u00e7 kapatma ve kesme cihaz\u0131<\/strong>: \u0130yi bir g\u00f6r\u00fcn\u00fcme sahip bir \u00e7anta yapmak i\u00e7in k\u00f6\u015febent cihaz\u0131yla donat\u0131labilir. K\u00f6\u015febent cihaz\u0131n\u0131 eklerken hava kompres\u00f6r\u00fc gereklidir.<\/li> <\/ul>    <figure class=\"wp-block-gallery has-nested-images columns-default is-cropped wp-block-gallery-2 is-layout-flex wp-block-gallery-is-layout-flex\"> <figure class=\"wp-block-image size-large\"><img loading=\"lazy\" decoding=\"async\" width=\"667\" height=\"500\" data-id=\"8307\" src=\"https:\/\/tianhuipackingmachine.com\/wp-content\/uploads\/2021\/08\/touch-screen-667x500.webp\" alt=\"dokunmatik ekran\" class=\"wp-image-8307\" srcset=\"https:\/\/tianhuipackingmachine.com\/wp-content\/uploads\/2021\/08\/touch-screen-667x500.webp 667w, https:\/\/tianhuipackingmachine.com\/wp-content\/uploads\/2021\/08\/touch-screen-480x360.webp 480w, https:\/\/tianhuipackingmachine.com\/wp-content\/uploads\/2021\/08\/touch-screen-16x12.webp 16w, https:\/\/tianhuipackingmachine.com\/wp-content\/uploads\/2021\/08\/touch-screen.webp 720w\" sizes=\"auto, (max-width: 667px) 100vw, 667px\" \/><figcaption class=\"wp-element-caption\">Dokunmatik Ekran<\/figcaption><\/figure>    <figure class=\"wp-block-image size-large\"><img loading=\"lazy\" decoding=\"async\" width=\"667\" height=\"500\" data-id=\"8308\" src=\"https:\/\/tianhuipackingmachine.com\/wp-content\/uploads\/2021\/08\/multi-link-film-roll-shaft-667x500.webp\" alt=\"\u00c7ok ba\u011flant\u0131l\u0131 film rulo \u015faft\u0131\" class=\"wp-image-8308\" srcset=\"https:\/\/tianhuipackingmachine.com\/wp-content\/uploads\/2021\/08\/multi-link-film-roll-shaft-667x500.webp 667w, https:\/\/tianhuipackingmachine.com\/wp-content\/uploads\/2021\/08\/multi-link-film-roll-shaft-480x360.webp 480w, https:\/\/tianhuipackingmachine.com\/wp-content\/uploads\/2021\/08\/multi-link-film-roll-shaft-16x12.webp 16w, https:\/\/tianhuipackingmachine.com\/wp-content\/uploads\/2021\/08\/multi-link-film-roll-shaft.webp 720w\" sizes=\"auto, (max-width: 667px) 100vw, 667px\" \/><figcaption class=\"wp-element-caption\">\u00c7ok Ba\u011flant\u0131l\u0131 Film Rulosu \u015eaft\u0131<\/figcaption><\/figure> <\/figure>    <h2 class=\"wp-block-heading\" id=\"h-reciprocating-pillow-packaging-machine-vs-ordinary-pillow-packaging-machine\"><strong>Pistonlu yast\u0131k paketleme makinesi VS s\u0131radan yast\u0131k paketleme makinesi<\/strong><\/h2>    <p>Bu paketleme makinesi, a\u015fa\u011f\u0131daki temel farklarla normal paketleme makinesinin g\u00fcncellenmi\u015f bir versiyonu olarak tan\u0131mlanabilir:<\/p>    <figure class=\"wp-block-table\"><table class=\"has-fixed-layout\"><tbody><tr><td>Makine tipi<\/td><td>Pistonlu yast\u0131k paketleme makinesi<\/td><td>S\u0131radan <a href=\"https:\/\/tianhuipackingmachine.com\/tr\/pillow-packing-machine\/\">yast\u0131k paketleme makinesi<\/a><\/td><\/tr><tr><td>Besleme konvey\u00f6r\u00fc<\/td><td>Servo konvey\u00f6r band\u0131<\/td><td>Zincir klipsli konvey\u00f6r<\/td><\/tr><tr><td>Kesici<\/td><td>D\u00fcz b\u0131\u00e7ak (\u00fcst ve alt kesici)<\/td><td>Tek kesici, \u00e7ift kesici, \u00fc\u00e7 kesici iste\u011fe ba\u011fl\u0131<\/td><\/tr><tr><td>Egzoz s\u00fcngeri<\/td><td>S\u00fcngerli \u00fc\u00e7 taraf\u0131<\/td><td>Ekstra ekleme<\/td><\/tr><tr><td>K\u00f6\u015febent \u00e7anta cihaz\u0131<\/td><td>Daha iyi se\u00e7im<\/td><td>Ekstra ekleme<\/td><\/tr><tr><td>Koruyucu cihaz<\/td><td>S\u0131zd\u0131rmazl\u0131k ve kesme cihaz\u0131n\u0131n yerindeki cam kapak<\/td><td>HAYIR<\/td><\/tr><\/tbody><\/table><figcaption class=\"wp-element-caption\">farkl\u0131 yatay yast\u0131k paketleme makinelerinin kar\u015f\u0131la\u015ft\u0131r\u0131lmas\u0131<\/figcaption><\/figure>    <figure class=\"wp-block-gallery has-nested-images columns-default is-cropped wp-block-gallery-3 is-layout-flex wp-block-gallery-is-layout-flex\"> <figure class=\"wp-block-image size-large\"><img loading=\"lazy\" decoding=\"async\" width=\"667\" height=\"500\" data-id=\"8310\" src=\"https:\/\/tianhuipackingmachine.com\/wp-content\/uploads\/2021\/08\/cutter-for-reciprocating-pillow-packing-machine-667x500.webp\" alt=\"Pistonlu yast\u0131k paketleme makinesi i\u00e7in kesici\" class=\"wp-image-8310\" srcset=\"https:\/\/tianhuipackingmachine.com\/wp-content\/uploads\/2021\/08\/cutter-for-reciprocating-pillow-packing-machine-667x500.webp 667w, https:\/\/tianhuipackingmachine.com\/wp-content\/uploads\/2021\/08\/cutter-for-reciprocating-pillow-packing-machine-480x360.webp 480w, https:\/\/tianhuipackingmachine.com\/wp-content\/uploads\/2021\/08\/cutter-for-reciprocating-pillow-packing-machine-16x12.webp 16w, https:\/\/tianhuipackingmachine.com\/wp-content\/uploads\/2021\/08\/cutter-for-reciprocating-pillow-packing-machine.webp 720w\" sizes=\"auto, (max-width: 667px) 100vw, 667px\" \/><figcaption class=\"wp-element-caption\">Pistonlu Yast\u0131k Paketleme Makinesi \u0130\u00e7in Kesici<\/figcaption><\/figure>    <figure class=\"wp-block-image size-large\"><img loading=\"lazy\" decoding=\"async\" width=\"667\" height=\"500\" data-id=\"8311\" src=\"https:\/\/tianhuipackingmachine.com\/wp-content\/uploads\/2021\/08\/end-sealing-device-for-reciprocating-pillow-type-packing-machine-667x500.webp\" alt=\"Pistonlu yast\u0131k tipi paketleme makinesi i\u00e7in u\u00e7 s\u0131zd\u0131rmazl\u0131k cihaz\u0131\" class=\"wp-image-8311\" srcset=\"https:\/\/tianhuipackingmachine.com\/wp-content\/uploads\/2021\/08\/end-sealing-device-for-reciprocating-pillow-type-packing-machine-667x500.webp 667w, https:\/\/tianhuipackingmachine.com\/wp-content\/uploads\/2021\/08\/end-sealing-device-for-reciprocating-pillow-type-packing-machine-480x360.webp 480w, https:\/\/tianhuipackingmachine.com\/wp-content\/uploads\/2021\/08\/end-sealing-device-for-reciprocating-pillow-type-packing-machine-16x12.webp 16w, https:\/\/tianhuipackingmachine.com\/wp-content\/uploads\/2021\/08\/end-sealing-device-for-reciprocating-pillow-type-packing-machine.webp 720w\" sizes=\"auto, (max-width: 667px) 100vw, 667px\" \/><figcaption class=\"wp-element-caption\">Pistonlu Yast\u0131k Tipi Paketleme Makinesi \u0130\u00e7in U\u00e7 S\u0131zd\u0131rmazl\u0131k Cihaz\u0131<\/figcaption><\/figure> <\/figure>    <h2 class=\"wp-block-heading\" id=\"h-wide-applications-of-reciprocating-wrapping-machine\"><strong>Pistonlu yast\u0131k paketleme makinesinin geni\u015f uygulamalar\u0131<\/strong><\/h2>    <p>Pistonlu ak\u0131\u015fl\u0131 sarma makinemiz, kutusu olsun ya da olmas\u0131n, d\u00fczenli \u015fekillere sahip kat\u0131 nesnelere yayg\u0131n olarak uygulan\u0131r, \u00f6rne\u011fin:<\/p>    <p class=\"translation-block\"><strong>Ekmek, bisk\u00fcvi, ay \u00e7\u00f6re\u011fi, haz\u0131r eri\u015fte, sebze, meyve, tek kullan\u0131ml\u0131k otel malzemeleri, tek kullan\u0131ml\u0131k sofra tak\u0131mlar\u0131, tek kullan\u0131ml\u0131k t\u0131bbi \u00fcr\u00fcnler, t\u0131bbi \u00f6nl\u00fckler, maskeler, tek kullan\u0131ml\u0131k \u015f\u0131r\u0131ngalar, y\u00fcz havlular\u0131, ka\u011f\u0131t kutular, tepsiler, plastik hamur, silgiler, elektrik aksesuarlar\u0131, talimatlar, plastik \u00fcr\u00fcnler, sabun, s\u00fcnger, temizleme toplar\u0131, kau\u00e7uk eldivenler, havlu, donan\u0131m, ah\u015fap i\u015fleri<\/strong> vb.<\/p>    <p>Bu \u00fcr\u00fcnler genellikle k\u00f6\u015febent torbalarda paketlenir. Baz\u0131 e\u015fyalar\u0131 paketlemek istiyorsan\u0131z l\u00fctfen bizimle ileti\u015fime ge\u00e7in; ger\u00e7ek durumunuza g\u00f6re sizin i\u00e7in en uygun makineyi \u00f6nerece\u011fiz.<\/p>    <figure class=\"wp-block-image size-full\"><img loading=\"lazy\" decoding=\"async\" width=\"750\" height=\"500\" src=\"https:\/\/tianhuipackingmachine.com\/wp-content\/uploads\/2021\/08\/reciprocating-pillow-packing-equipment-applications.jpg\" alt=\"pistonlu yast\u0131k paketleme ekipman\u0131 uygulamalar\u0131\" class=\"wp-image-2359\" srcset=\"https:\/\/tianhuipackingmachine.com\/wp-content\/uploads\/2021\/08\/reciprocating-pillow-packing-equipment-applications.jpg 750w, https:\/\/tianhuipackingmachine.com\/wp-content\/uploads\/2021\/08\/reciprocating-pillow-packing-equipment-applications-300x200.jpg 300w\" sizes=\"auto, (max-width: 750px) 100vw, 750px\" \/><figcaption class=\"wp-element-caption\">Pistonlu Yast\u0131k Paketleme Ekipman\u0131 Uygulamalar\u0131<\/figcaption><\/figure>    <h2 class=\"wp-block-heading\"><strong>Daha detayl\u0131 bilgi i\u00e7in hemen bizimle ileti\u015fime ge\u00e7in!<\/strong><\/h2>    <p class=\"translation-block\"><a href=\"https:\/\/en.wikipedia.org\/wiki\/Gusset\" target=\"_blank\" rel=\"noopener\">Gusset<\/a> ile \u00fcr\u00fcn paketleme i\u00e7in bir kar\u015f\u0131l\u0131kl\u0131 paketleme makinesi mi istiyorsunuz? E\u011fer \u00f6yleyse, hemen bizimle ileti\u015fime ge\u00e7in ve paketleme i\u015finizi geli\u015ftirmek i\u00e7in en iyi \u00e7\u00f6z\u00fcm\u00fc sa\u011flayal\u0131m.<\/p>   <figure class=\"wp-block-embed-youtube wp-block-embed is-type-video is-provider-youtube wp-embed-aspect-16-9 wp-has-aspect-ratio\"><div class=\"lyte-wrapper\" title=\"Pistonlu Yast\u0131k Paketleme Makinas\u0131 | Yast\u0131k Paketleme Makinas\u0131\" style=\"width:853px;max-width:100%;margin:5px auto;\"><div class=\"lyMe\" id=\"WYL_Ojf_it2csts\" itemprop=\"video\" itemscope itemtype=\"https:\/\/schema.org\/VideoObject\"><div><meta itemprop=\"thumbnailUrl\" content=\"https:\/\/i.ytimg.com\/vi\/Ojf_it2csts\/hqdefault.jpg\" \/><meta itemprop=\"embedURL\" content=\"https:\/\/www.youtube.com\/embed\/Ojf_it2csts\" \/><meta itemprop=\"duration\" content=\"PT1M40S\" \/><meta itemprop=\"uploadDate\" content=\"2021-09-11T10:42:51Z\" \/><\/div><div id=\"lyte_Ojf_it2csts\" data-src=\"https:\/\/i.ytimg.com\/vi\/Ojf_it2csts\/hqdefault.jpg\" class=\"pL\"><div class=\"tC\"><div class=\"tT\" itemprop=\"name\">Pistonlu Yast\u0131k Paketleme Makinas\u0131 | Yast\u0131k Paketleme Makinas\u0131<\/div><\/div><div class=\"play\"><\/div><div class=\"ctrl\"><div class=\"Lctrl\"><\/div><div class=\"Rctrl\"><\/div><\/div><\/div><noscript><a href=\"https:\/\/youtu.be\/Ojf_it2csts\" rel=\"nofollow noopener\" target=\"_blank\"><img loading=\"lazy\" decoding=\"async\" src=\"https:\/\/i.ytimg.com\/vi\/Ojf_it2csts\/0.jpg\" alt=\"Pistonlu Yast\u0131k Paketleme Makinas\u0131 | Yast\u0131k Paketleme Makinas\u0131\" width=\"853\" height=\"460\" \/><\/a><\/noscript><meta itemprop=\"description\" content=\"Reciprocating pillow packing machine can be regarded as an upgraded pillow packing machine. It can complete the process of feeding, middle sealing, end sealing, and cutting. This kind of machine can package gusset bags with pretty shapes. It&#039;s suitable for packaging food, vegetable, fruit, disposable products, plasticine, stationery, electrical accessories, instructions, plastic products, medical products, laundry supplies, cleaning tools, etc. Email: sales@toppackingmachine.com Whatsapp\/Tel: +86 17329326135 Website: https:\/\/tianhuipackingmachine.com\/reciprocating-pillow-packing-machine\/\"><\/div><\/div><div class=\"lL\" style=\"max-width:100%;width:853px;margin:5px auto;\"> <a href=\"https:\/\/youtu.be\/Ojf_it2csts\" target=\"_blank\" rel=\"noopener\">Bu videoyu YouTube'da izleyin<\/a>.<\/div><figcaption>pistonlu yast\u0131k tipi paketleme makinesinin videosu<\/figcaption><\/figure>","protected":false},"excerpt":{"rendered":"<p>Bu pistonlu yast\u0131k paketleme makinesi, kurabiye, ekmek vb. k\u00f6\u015febent torbaya sarmak i\u00e7in kullan\u0131lan tam servo yast\u0131k paketleme makinesidir.<\/p>","protected":false},"author":1,"featured_media":2356,"parent":0,"template":"","tags":[213],"product-type":[139],"class_list":["post-2354","product","type-product","status-publish","has-post-thumbnail","hentry","tag-flow-wrapping-machine","product-type-pillow-packing-machines"],"_links":{"self":[{"href":"https:\/\/tianhuipackingmachine.com\/tr\/wp-json\/wp\/v2\/product\/2354","targetHints":{"allow":["GET"]}}],"collection":[{"href":"https:\/\/tianhuipackingmachine.com\/tr\/wp-json\/wp\/v2\/product"}],"about":[{"href":"https:\/\/tianhuipackingmachine.com\/tr\/wp-json\/wp\/v2\/types\/product"}],"author":[{"embeddable":true,"href":"https:\/\/tianhuipackingmachine.com\/tr\/wp-json\/wp\/v2\/users\/1"}],"wp:featuredmedia":[{"embeddable":true,"href":"https:\/\/tianhuipackingmachine.com\/tr\/wp-json\/wp\/v2\/media\/2356"}],"wp:attachment":[{"href":"https:\/\/tianhuipackingmachine.com\/tr\/wp-json\/wp\/v2\/media?parent=2354"}],"wp:term":[{"taxonomy":"post_tag","embeddable":true,"href":"https:\/\/tianhuipackingmachine.com\/tr\/wp-json\/wp\/v2\/tags?post=2354"},{"taxonomy":"product-type","embeddable":true,"href":"https:\/\/tianhuipackingmachine.com\/tr\/wp-json\/wp\/v2\/product-type?post=2354"}],"curies":[{"name":"wp","href":"https:\/\/api.w.org\/{rel}","templated":true}]}}