{"id":2263,"date":"2021-08-26T10:15:34","date_gmt":"2021-08-26T02:15:34","guid":{"rendered":"https:\/\/tianhuipackingmachine.com\/?page_id=2263"},"modified":"2023-02-02T10:17:43","modified_gmt":"2023-02-02T02:17:43","slug":"carton-sealing-machine","status":"publish","type":"product","link":"https:\/\/tianhuipackingmachine.com\/tr\/carton-sealing-machine\/","title":{"rendered":"Karton kapatma makinesi"},"content":{"rendered":"<p class=\"translation-block\"><strong>Karton m\u00fch\u00fcrleme makinesi<\/strong> veya kutu paketleme makinesi, karton kutular\u0131 bant ile kapatmak i\u00e7in kullan\u0131lan ekipmand\u0131r. G\u0131da, i\u00e7ecek, \u015farap, ila\u00e7, kitap, mobilya, lamba, baharat, mutfak e\u015fyas\u0131, donan\u0131m, ah\u015fap i\u015fleri, kimyasallar, giysiler, seramikler, cam kapaklar gibi \u00e7e\u015fitli nesnelerin kartonlara paketlenmesinde yayg\u0131n olarak uygulan\u0131r. Tek bir makine kullanarak veya karton paketleme \u00fcretim hatt\u0131n\u0131n bir par\u00e7as\u0131 olarak iki kullan\u0131m y\u00f6ntemi vard\u0131r. Bu makine genellikle a\u00e7ma makinesi, etiketleme makinesi, kodlama cihaz\u0131, \u0131s\u0131 b\u00fcz\u00fc\u015fme filmi sarma makinesi vb. ile e\u015fle\u015ftirilir. <\/p>    <figure class=\"wp-block-gallery aligncenter has-nested-images columns-default is-cropped wp-block-gallery-2 is-layout-flex wp-block-gallery-is-layout-flex\"> <figure class=\"wp-block-image size-large\"><img loading=\"lazy\" decoding=\"async\" width=\"750\" height=\"500\" data-id=\"4742\" src=\"https:\/\/tianhuipackingmachine.com\/wp-content\/uploads\/2021\/12\/carton-sealing-machine-strapping-machine-750x500.jpg\" alt=\"karton kapatma makinesi ve \u00e7emberleme makinesi\" class=\"wp-image-4742\" srcset=\"https:\/\/tianhuipackingmachine.com\/wp-content\/uploads\/2021\/12\/carton-sealing-machine-strapping-machine.jpg 750w, https:\/\/tianhuipackingmachine.com\/wp-content\/uploads\/2021\/12\/carton-sealing-machine-strapping-machine-480x320.jpg 480w\" sizes=\"auto, (max-width: 750px) 100vw, 750px\" \/><figcaption class=\"wp-element-caption\">Karton Kapama Makinesi &amp;Amp; Bantlama makinesi<\/figcaption><\/figure>    <figure class=\"wp-block-image size-large\"><img loading=\"lazy\" decoding=\"async\" width=\"750\" height=\"500\" data-id=\"4750\" src=\"https:\/\/tianhuipackingmachine.com\/wp-content\/uploads\/2021\/12\/the-carton-sealing-strapping-machine-in-factory-750x500.jpg\" alt=\"fabrikada karton yap\u0131\u015ft\u0131rma ve \u00e7emberleme makinesi\" class=\"wp-image-4750\" srcset=\"https:\/\/tianhuipackingmachine.com\/wp-content\/uploads\/2021\/12\/the-carton-sealing-strapping-machine-in-factory.jpg 750w, https:\/\/tianhuipackingmachine.com\/wp-content\/uploads\/2021\/12\/the-carton-sealing-strapping-machine-in-factory-480x320.jpg 480w\" sizes=\"auto, (max-width: 750px) 100vw, 750px\" \/><figcaption class=\"wp-element-caption\">Karton S\u0131zd\u0131rmazl\u0131k &amp;Amp; Fabrikada \u00c7emberleme Makinas\u0131<\/figcaption><\/figure> <\/figure>    <h2 class=\"wp-block-heading\" id=\"h-carton-sealing-machine-structure\">Karton yap\u0131\u015ft\u0131rma makinesi yap\u0131s\u0131<\/h2>    <p>Karton kapatma makinesi, d\u00f6nd\u00fcrme silindirleri, sol ve sa\u011f konvey\u00f6r bantlar\u0131, karton konumland\u0131rma silindirleri, konvey\u00f6r platformunun y\u00fcksekli\u011fini ayarlamak i\u00e7in el saplar\u0131 ve \u00fcst kapatma cihaz\u0131, uzun bir metal plaka, terazili bir destek \u00e7er\u00e7evesi i\u00e7eren bir konvey\u00f6r platformundan olu\u015fur. g\u00fc\u00e7 anahtar\u0131, acil durum d\u00fc\u011fmesi, makinenin alt\u0131ndaki d\u00f6rt tekerlek vb. D\u00f6nd\u00fcrme silindirleri, \u00e7e\u015fitli boyutlardaki kartonlar\u0131n ta\u015f\u0131nmas\u0131na uygun olacak \u015fekilde birbirine yak\u0131n \u015fekilde d\u00fczenlenmi\u015ftir. Sol ve sa\u011f konvey\u00f6r bantlar\u0131, s\u0131zd\u0131rmazl\u0131k i\u00e7in kartonu otomatik olarak ileri do\u011fru g\u00f6t\u00fcr\u00fcr. S\u0131zd\u0131rmazl\u0131k y\u00fcksekli\u011fi ve geni\u015fli\u011fi el saplar\u0131 arac\u0131l\u0131\u011f\u0131yla ayarlanabilir. Uzun metal plaka kutunun \u00fcst\u00fcn\u00fc d\u00fczle\u015ftirerek d\u00fczg\u00fcn bir \u015fekilde kapat\u0131yor.<\/p>    <figure class=\"wp-block-gallery has-nested-images columns-default is-cropped wp-block-gallery-3 is-layout-flex wp-block-gallery-is-layout-flex\"> <figure class=\"wp-block-image size-large\"><img loading=\"lazy\" decoding=\"async\" width=\"750\" height=\"500\" data-id=\"4746\" src=\"https:\/\/tianhuipackingmachine.com\/wp-content\/uploads\/2021\/12\/double-belts-on-both-sides-750x500.jpg\" alt=\"her iki tarafta \u00e7ift kay\u0131\u015f\" class=\"wp-image-4746\" srcset=\"https:\/\/tianhuipackingmachine.com\/wp-content\/uploads\/2021\/12\/double-belts-on-both-sides.jpg 750w, https:\/\/tianhuipackingmachine.com\/wp-content\/uploads\/2021\/12\/double-belts-on-both-sides-480x320.jpg 480w\" sizes=\"auto, (max-width: 750px) 100vw, 750px\" \/><figcaption class=\"wp-element-caption\">Her \u0130ki Tarafta \u00c7ift Kay\u0131\u015f<\/figcaption><\/figure>    <figure class=\"wp-block-image size-large\"><img loading=\"lazy\" decoding=\"async\" width=\"750\" height=\"500\" data-id=\"4745\" src=\"https:\/\/tianhuipackingmachine.com\/wp-content\/uploads\/2021\/12\/tape-sealing-device-for-the-bottom-of-the-carton-750x500.jpg\" alt=\"kartonun alt k\u0131sm\u0131 i\u00e7in bant kapatma cihaz\u0131\" class=\"wp-image-4745\" srcset=\"https:\/\/tianhuipackingmachine.com\/wp-content\/uploads\/2021\/12\/tape-sealing-device-for-the-bottom-of-the-carton.jpg 750w, https:\/\/tianhuipackingmachine.com\/wp-content\/uploads\/2021\/12\/tape-sealing-device-for-the-bottom-of-the-carton-480x320.jpg 480w\" sizes=\"auto, (max-width: 750px) 100vw, 750px\" \/><figcaption class=\"wp-element-caption\">Kartonun Taban\u0131 \u0130\u00e7in Bant Kapama Cihaz\u0131<\/figcaption><\/figure> <\/figure>    <h2 class=\"wp-block-heading\">Karton paketleme makinesi \u00e7al\u0131\u015fma videosu <\/h2>   <figure class=\"wp-block-embed-youtube wp-block-embed is-type-video is-provider-youtube wp-embed-aspect-16-9 wp-has-aspect-ratio\"><div class=\"lyte-wrapper\" title=\"Karton Kapama ve \u00c7emberleme Makinas\u0131 | Bant Kutusu S\u0131zd\u0131rmazl\u0131k Ekipmanlar\u0131 | Birden \u00c7ok Boyutun Uygulanmas\u0131\" style=\"width:853px;max-width:100%;margin:5px auto;\"><div class=\"lyMe\" id=\"WYL_49oUgXl1olI\" itemprop=\"video\" itemscope itemtype=\"https:\/\/schema.org\/VideoObject\"><div><meta itemprop=\"thumbnailUrl\" content=\"https:\/\/i.ytimg.com\/vi\/49oUgXl1olI\/hqdefault.jpg\" \/><meta itemprop=\"embedURL\" content=\"https:\/\/www.youtube.com\/embed\/49oUgXl1olI\" \/><meta itemprop=\"duration\" content=\"PT1M20S\" \/><meta itemprop=\"uploadDate\" content=\"2022-01-07T10:07:57Z\" \/><\/div><div id=\"lyte_49oUgXl1olI\" data-src=\"https:\/\/i.ytimg.com\/vi\/49oUgXl1olI\/hqdefault.jpg\" class=\"pL\"><div class=\"tC\"><div class=\"tT\" itemprop=\"name\">Karton Kapama ve \u00c7emberleme Makinas\u0131 | Bant Kutusu S\u0131zd\u0131rmazl\u0131k Ekipmanlar\u0131 | Birden \u00c7ok Boyutun Uygulanmas\u0131<\/div><\/div><div class=\"play\"><\/div><div class=\"ctrl\"><div class=\"Lctrl\"><\/div><div class=\"Rctrl\"><\/div><\/div><\/div><noscript><a href=\"https:\/\/youtu.be\/49oUgXl1olI\" rel=\"nofollow noopener\" target=\"_blank\"><img loading=\"lazy\" decoding=\"async\" src=\"https:\/\/i.ytimg.com\/vi\/49oUgXl1olI\/0.jpg\" alt=\"Karton Kapama ve \u00c7emberleme Makinas\u0131 | Bant Kutusu S\u0131zd\u0131rmazl\u0131k Ekipmanlar\u0131 | Birden \u00c7ok Boyutun Uygulanmas\u0131\" width=\"853\" height=\"460\" \/><\/a><\/noscript><meta itemprop=\"description\" content=\"If you are interested in it, welcome to contact us. https:\/\/tianhuipackingmachine.com\/carton-sealing-machine\/ Whatsapp\/Tel: +86 17329326135 Email: sales@toppackingmachine.com Carton sealing and strapping machine is a set of equipment for box tape sealing and strapping. The carton sealing machine can seal the bottom and top of the box at the same time. It has a wide range of applications in many industries, such as cookers, dishes, furniture, shampoo, wine, juice, etc. Whatsapp\/Tel: +86 17329326135 Email: sales@toppackingmachine.com\"><\/div><\/div><div class=\"lL\" style=\"max-width:100%;width:853px;margin:5px auto;\"> <a href=\"https:\/\/youtu.be\/49oUgXl1olI\" target=\"_blank\" rel=\"noopener\">Bu videoyu YouTube'da izleyin<\/a>.<\/div><figcaption><\/figcaption><\/figure>   <h2 class=\"wp-block-heading\" id=\"h-features-of-the-carton-sealing-machine\">Karton kapatma makinesinin \u00f6zellikleri<\/h2>    <ol class=\"wp-block-list\" type=\"1\"> <li>Makul tasar\u0131m, dayan\u0131kl\u0131 malzeme, sorunsuz \u00e7al\u0131\u015fma, verimli \u00e7al\u0131\u015fma<\/li>    <li>Konvey\u00f6r\u00fcn y\u00fcksekli\u011fi ihtiya\u00e7lar\u0131n\u0131za g\u00f6re ayarlanabilir<\/li>    <li>Farkl\u0131 boyutlardaki kartonlar i\u00e7in geni\u015f uygulamalar<\/li>    <li>Silindirlerin yak\u0131ndan d\u00fczenlenmesi, farkl\u0131 boyutlardaki kartonlar, \u00f6zellikle k\u00fc\u00e7\u00fck kutular i\u00e7in uygundur<\/li>    <li>Bant sabitleme bile\u015feni \u00e7\u0131kar\u0131labilir ve bantlar\u0131n de\u011fi\u015ftirilmesi kolayd\u0131r.<\/li>    <li>Alt s\u0131zd\u0131rmazl\u0131k ve \u00fcst s\u0131zd\u0131rmazl\u0131k i\u015flemini bir kez bitirin, g\u00fczel bir g\u00f6r\u00fcn\u00fcmle s\u0131k\u0131 ve p\u00fcr\u00fczs\u00fcz bir \u015fekilde kapat\u0131n<\/li>    <li>Acil durum butonu g\u00fcvenlik \u00f6nlemi olarak tasarlanm\u0131\u015ft\u0131r.<\/li>    <li>\u00d6zelle\u015ftirme hizmeti mevcuttur.<\/li> <\/ol>    <figure class=\"wp-block-gallery has-nested-images columns-default is-cropped wp-block-gallery-4 is-layout-flex wp-block-gallery-is-layout-flex\"> <figure class=\"wp-block-image size-large\"><img loading=\"lazy\" decoding=\"async\" width=\"750\" height=\"500\" data-id=\"4749\" src=\"https:\/\/tianhuipackingmachine.com\/wp-content\/uploads\/2021\/12\/the-applicable-cartons-750x500.jpg\" alt=\"ge\u00e7erli kartonlar\" class=\"wp-image-4749\" srcset=\"https:\/\/tianhuipackingmachine.com\/wp-content\/uploads\/2021\/12\/the-applicable-cartons.jpg 750w, https:\/\/tianhuipackingmachine.com\/wp-content\/uploads\/2021\/12\/the-applicable-cartons-480x320.jpg 480w\" sizes=\"auto, (max-width: 750px) 100vw, 750px\" \/><figcaption class=\"wp-element-caption\">Ge\u00e7erli Kartonlar<\/figcaption><\/figure>    <figure class=\"wp-block-image size-large\"><img loading=\"lazy\" decoding=\"async\" width=\"750\" height=\"500\" data-id=\"4748\" src=\"https:\/\/tianhuipackingmachine.com\/wp-content\/uploads\/2021\/12\/various-applicable-sizes-of-cartons-750x500.jpg\" alt=\"\u00e7e\u015fitli uygulanabilir boyutlarda kartonlar\" class=\"wp-image-4748\" srcset=\"https:\/\/tianhuipackingmachine.com\/wp-content\/uploads\/2021\/12\/various-applicable-sizes-of-cartons.jpg 750w, https:\/\/tianhuipackingmachine.com\/wp-content\/uploads\/2021\/12\/various-applicable-sizes-of-cartons-480x320.jpg 480w\" sizes=\"auto, (max-width: 750px) 100vw, 750px\" \/><figcaption class=\"wp-element-caption\">Uygulanabilir \u00c7e\u015fitli Boyutlardaki Kartonlar<\/figcaption><\/figure> <\/figure>    <h2 class=\"wp-block-heading\" id=\"h-operation-procedure-of-the-single-machine\">Tek makinenin \u00e7al\u0131\u015fma prosed\u00fcr\u00fc<\/h2>    <ol class=\"wp-block-list\" type=\"1\"> <li>\u0130ki yap\u0131\u015fkan band\u0131 s\u0131zd\u0131rmazl\u0131k cihazlar\u0131na tak\u0131n<\/li>    <li>\u00c7e\u015fitli parametreleri ayarlay\u0131n ve makineyi ba\u015flat\u0131n<\/li>    <li>Karton kutular\u0131 a\u00e7\u0131n<\/li>    <li>Nesneleri kutuya koyun<\/li>    <li>Kutuyu konvey\u00f6re yerle\u015ftirin<\/li>    <li>Kartonu ve kapatma cihaz\u0131n\u0131 itin<\/li>    <li>Makine kartonun \u00fcst\u00fcn\u00fc ve alt\u0131n\u0131 otomatik olarak bantlayacakt\u0131r.<\/li> <\/ol>    <h2 class=\"wp-block-heading\" id=\"h-various-machines-waiting-for-you\">\u00c7e\u015fitli makineler sizi bekliyor<\/h2>    <p class=\"translation-block\">Bir paketleme makinesi \u00fcreticisi ve tedarik\u00e7isi olarak, bir\u00e7ok paketleme makinesi sa\u011fl\u0131yoruz. Karton m\u00fch\u00fcrleme makinesi en pop\u00fcler \u00fcr\u00fcnlerimizden biridir. Ayr\u0131ca toz paketleme makineleri, gran\u00fcl paketleme makineleri, s\u0131v\u0131 doldurma ve paketleme makineleri, vakum paketleme makineleri, yast\u0131k paketleme makineleri, otomatik kapama makineleri, vakum kapama makineleri, <strong><a href=\"https:\/\/tianhuipackingmachine.com\/tr\/continuous-bag-sealing-machine\/\">s\u00fcrekli torba m\u00fch\u00fcrleme makineleri<\/a><\/strong> vb. tedarik ediyoruz. Bunlarla ilgileniyor musunuz? Daha fazla bilgi almak i\u00e7in bizimle ileti\u015fime ge\u00e7in ve size en k\u0131sa s\u00fcrede geri d\u00f6nece\u011fiz. <\/p>    <h2 class=\"has-luminous-vivid-orange-color has-text-color wp-block-heading\" id=\"h-parameters\">Henan Top karton paketleme makinesinin parametreleri<\/h2>    <figure class=\"wp-block-table is-style-stripes\"><table><tbody><tr><td>Tip<\/td><td>FXJ-4030<\/td><td>FXJ-6050<\/td><\/tr><tr><td>G\u00fc\u00e7<\/td><td>220V\/50Hz\/180W<\/td><td>220V\/50Hz\/180W <\/td><\/tr><tr><td>Kapasite<\/td><td>1000 kutu\/saat<\/td><td>1000 kutu\/saat <\/td><\/tr><tr><td>Bant geni\u015fli\u011fi<\/td><td>45mm<\/td><td>45mm <\/td><\/tr><tr><td>S\u0131zd\u0131rmazl\u0131k geni\u015fli\u011fi<\/td><td>80-300mm<\/td><td>250-500mm <\/td><\/tr><tr><td>S\u0131zd\u0131rmazl\u0131k y\u00fcksekli\u011fi<\/td><td>90-400mm<\/td><td>180-600mm <\/td><\/tr><tr><td>Masa y\u00fcksekli\u011fi<\/td><td>min550mm\/max730mm<\/td><td>min570mm\/max730mm <\/td><\/tr><tr><td>Makine boyutu<\/td><td>1060*660*1010mm<\/td><td>1000*830*1350mm <\/td><\/tr><\/tbody><\/table><\/figure>    <h2 class=\"wp-block-heading\">Sat\u0131l\u0131k tam otomatik karton kapatma makinesi<\/h2>    <p>Tam otomatik karton kapatma makineleri, bir kutunun varl\u0131\u011f\u0131n\u0131 alg\u0131layan ve makinenin ayarlar\u0131n\u0131 kutunun boyutuna ve \u015fekline uyacak \u015fekilde otomatik olarak ayarlayan sens\u00f6rlerle donat\u0131lm\u0131\u015ft\u0131r. Makine daha sonra kutunun \u00fcst ve\/veya alt kapaklar\u0131na bas\u0131nca duyarl\u0131 bant uygulayarak kutuyu g\u00fcvenli bir \u015fekilde kapat\u0131yor. Makinenin h\u0131z\u0131 ve verimlili\u011fi kullan\u0131c\u0131n\u0131n ihtiya\u00e7lar\u0131na g\u00f6re ayarlanabilir.<\/p>    <h2 class=\"wp-block-heading\">\u00c7\u00f6z\u00fcm <\/h2>    <p>Sonu\u00e7 olarak karton kapatma makinesi, \u00e7e\u015fitli end\u00fcstrilerde verimlili\u011fi art\u0131rmak ve paketleme s\u00fcrecini kolayla\u015ft\u0131rmak i\u00e7in de\u011ferli bir ara\u00e7t\u0131r. Kutular\u0131 h\u0131zl\u0131 ve g\u00fcvenli bir \u015fekilde kapatma yetene\u011fi sayesinde paketleme i\u00e7in gereken s\u00fcreyi ve el eme\u011fini \u00f6nemli \u00f6l\u00e7\u00fcde azaltabilir. Henan Top Paketleme Makineleri profesyonel bir kutu paketleme makinesi \u00fcreticisidir. Bu makineyle ilgileniyor musunuz? H\u0131zl\u0131 teklif i\u00e7in bizimle ileti\u015fime ge\u00e7in. <\/p>","protected":false},"excerpt":{"rendered":"<p>Carton sealing machine or box packing machine is the equipment to seal cardboard boxes with tape. It widely applies to packing various kinds of objects into cartons, such as foods, beverages, wines, medicines, books, furniture, lamps, spices, kitchenware, hardware, woodwork, chemicals, clothes, ceramics, glass caps, etc. It has two methods of usage, just using a [&hellip;]<\/p>\n","protected":false},"author":1,"featured_media":4742,"parent":0,"template":"","tags":[182],"product-type":[144],"class_list":["post-2263","product","type-product","status-publish","has-post-thumbnail","hentry","tag-sealing-machine","product-type-supporting-equipment"],"_links":{"self":[{"href":"https:\/\/tianhuipackingmachine.com\/tr\/wp-json\/wp\/v2\/product\/2263","targetHints":{"allow":["GET"]}}],"collection":[{"href":"https:\/\/tianhuipackingmachine.com\/tr\/wp-json\/wp\/v2\/product"}],"about":[{"href":"https:\/\/tianhuipackingmachine.com\/tr\/wp-json\/wp\/v2\/types\/product"}],"author":[{"embeddable":true,"href":"https:\/\/tianhuipackingmachine.com\/tr\/wp-json\/wp\/v2\/users\/1"}],"wp:featuredmedia":[{"embeddable":true,"href":"https:\/\/tianhuipackingmachine.com\/tr\/wp-json\/wp\/v2\/media\/4742"}],"wp:attachment":[{"href":"https:\/\/tianhuipackingmachine.com\/tr\/wp-json\/wp\/v2\/media?parent=2263"}],"wp:term":[{"taxonomy":"post_tag","embeddable":true,"href":"https:\/\/tianhuipackingmachine.com\/tr\/wp-json\/wp\/v2\/tags?post=2263"},{"taxonomy":"product-type","embeddable":true,"href":"https:\/\/tianhuipackingmachine.com\/tr\/wp-json\/wp\/v2\/product-type?post=2263"}],"curies":[{"name":"wp","href":"https:\/\/api.w.org\/{rel}","templated":true}]}}