{"id":2241,"date":"2021-08-24T14:31:39","date_gmt":"2021-08-24T06:31:39","guid":{"rendered":"https:\/\/tianhuipackingmachine.com\/?page_id=2241"},"modified":"2022-12-08T14:11:07","modified_gmt":"2022-12-08T06:11:07","slug":"automatic-capping-machine","status":"publish","type":"product","link":"https:\/\/tianhuipackingmachine.com\/tr\/automatic-capping-machine\/","title":{"rendered":"Otomatik kapatma makinesi"},"content":{"rendered":"<p class=\"translation-block\"><strong>Otomatik kapak kapatma makinesi<\/strong>, vidal\u0131 di\u015flere sahip \u00e7e\u015fitli plastik yuvarlak kapaklar i\u00e7in uygundur. G\u0131da, i\u00e7ecek, g\u00fcnl\u00fck ihtiya\u00e7lar, kozmetik, ila\u00e7, ya\u011f vb. bir\u00e7ok alanda yayg\u0131n olarak kullan\u0131l\u0131r. Ekipman, dayan\u0131kl\u0131 ve bak\u0131m\u0131 kolay paslanmaz \u00e7elikten yap\u0131lm\u0131\u015ft\u0131r. D\u00f6rt s\u00fcrt\u00fcnme tekerle\u011fine sahip otomatik kapak kapatma makinesi, s\u0131radan motor arac\u0131l\u0131\u011f\u0131yla yuvarlak kapaklar\u0131 d\u00f6nd\u00fcrerek s\u0131kar. Kapak kapatma h\u0131z\u0131, \u00fcretim \u00e7\u0131kt\u0131s\u0131na g\u00f6re ayarlanabilir. Ayr\u0131ca, gereksinimlerinize g\u00f6re OEM hizmeti de sunuyoruz.<\/p>    <figure class=\"wp-block-image aligncenter size-full\"><img loading=\"lazy\" decoding=\"async\" width=\"750\" height=\"500\" src=\"https:\/\/tianhuipackingmachine.com\/wp-content\/uploads\/2021\/08\/automatic-capping-machine-1.jpg\" alt=\"otomatik kapatma makinesi\" class=\"wp-image-2256\" srcset=\"https:\/\/tianhuipackingmachine.com\/wp-content\/uploads\/2021\/08\/automatic-capping-machine-1.jpg 750w, https:\/\/tianhuipackingmachine.com\/wp-content\/uploads\/2021\/08\/automatic-capping-machine-1-300x200.jpg 300w\" sizes=\"auto, (max-width: 750px) 100vw, 750px\" \/><figcaption class=\"wp-element-caption\">Otomatik Kapak Kapatma Makinas\u0131<\/figcaption><\/figure>    <h2 class=\"wp-block-heading\">Otomatik kapatma makinesi parametresi<\/h2>    <figure class=\"wp-block-table is-style-stripes\"><table><tbody><tr><td>G\u00fc\u00e7<\/td><td>300W &nbsp;<\/td><\/tr><tr><td>Gerilim<\/td><td>AC220V\/50hz<\/td><\/tr><tr><td>Uygulanabilir kapak boyutlar\u0131<\/td><td>15 \u2013 70 mm \u00a0\u00a040-100 mm<\/td><\/tr><tr><td>S\u0131n\u0131rlama h\u0131z\u0131<\/td><td>0 \u2013 40 \u015fi\u015fe\/dak<\/td><\/tr><tr><td>\u015ei\u015felerin \u00e7ap\u0131<\/td><td>50 \u2013 280mm<\/td><\/tr><tr><td>Hava bas\u0131nc\u0131<\/td><td>0,4 \u2013 0,6 MPa<\/td><\/tr><tr><td>A\u011f\u0131rl\u0131k<\/td><td>108 kg<\/td><\/tr><tr><td>Boyut<\/td><td>3500*470*1600mm<\/td><\/tr><\/tbody><\/table><\/figure>    <h2 class=\"wp-block-heading\">Otomatik kapatma makinesinin \u00f6zellikleri<\/h2>    <ol class=\"wp-block-list\" type=\"1\"> <li>Kompakt yap\u0131, makul tasar\u0131m, az yer kaplar, kullan\u0131m\u0131 basit<\/li>    <li>Stabil \u00e7al\u0131\u015f\u0131r, kapaklar\u0131 otomatik olarak yerle\u015ftirir, s\u0131k\u0131ca s\u0131kar, kapa\u011f\u0131 verimli bir \u015fekilde kilitler<\/li>    <li>Konvey\u00f6r band\u0131n\u0131n \u00e7al\u0131\u015fma h\u0131z\u0131n\u0131 ayarlayabilen bir dokunmatik ekran ile donat\u0131lm\u0131\u015ft\u0131r.<\/li>    <li>Bir\u00e7ok kullan\u0131m iste\u011fe ba\u011fl\u0131d\u0131r: ba\u011f\u0131ms\u0131z kullan\u0131m veya dolum makinesi, etiketleme makinesi, tarih yaz\u0131c\u0131s\u0131 vb. ile e\u015fle\u015ftirme.<\/li>    <li>Ana motor, kademe ayar h\u0131z\u0131 olmayan, d\u0131\u015fa aktar\u0131lan frekans d\u00f6n\u00fc\u015ft\u00fcr\u00fcc\u00fcy\u00fc kullan\u0131r.<\/li>    <li>\u00d6zelle\u015ftirme hizmeti mevcuttur.<\/li> <\/ol>    <h2 class=\"wp-block-heading\">Otomatik vidal\u0131 kapaklay\u0131c\u0131n\u0131n geni\u015f uygulamalar\u0131<\/h2>    <p class=\"translation-block\">Otomatik kapak kapatma makinesi genellikle plastik yuvarlak kapakl\u0131 \u00e7e\u015fitli \u015fi\u015feler i\u00e7in kullan\u0131l\u0131r, \u015feker, at\u0131\u015ft\u0131rmal\u0131klar, su, meyve suyu, s\u00fct, yo\u011furt, bal, ya\u011f, s\u0131v\u0131 deterjan, dezenfektan, \u015fampuan, kozmetik, ila\u00e7, b\u00f6cek ilac\u0131 vb. bir\u00e7ok alanda yayg\u0131n olarak kullan\u0131l\u0131r. Ayr\u0131ca \u00fcretim hatt\u0131 olu\u015fturmak i\u00e7in dolum makinesi ve etiketleme makinesi ile de e\u015fle\u015ftirilebilir. Daha fazla ayr\u0131nt\u0131 \u00f6\u011frenmek ister misiniz? <strong><a href=\"https:\/\/tianhuipackingmachine.com\/tr\/contact\/\">Bizimle ileti\u015fime ge\u00e7in<\/a><\/strong> ve size en k\u0131sa s\u00fcrede geri d\u00f6n\u00fc\u015f yapaca\u011f\u0131z.<\/p>    <figure class=\"wp-block-image aligncenter size-full\"><img loading=\"lazy\" decoding=\"async\" width=\"750\" height=\"500\" src=\"https:\/\/tianhuipackingmachine.com\/wp-content\/uploads\/2021\/09\/applications-of-automatic-capping-equipment.jpg\" alt=\"otomatik kapatma ekipman\u0131 uygulamalar\u0131\" class=\"wp-image-2862\" srcset=\"https:\/\/tianhuipackingmachine.com\/wp-content\/uploads\/2021\/09\/applications-of-automatic-capping-equipment.jpg 750w, https:\/\/tianhuipackingmachine.com\/wp-content\/uploads\/2021\/09\/applications-of-automatic-capping-equipment-300x200.jpg 300w\" sizes=\"auto, (max-width: 750px) 100vw, 750px\" \/><figcaption class=\"wp-element-caption\">Otomatik Kapatma Ekipmanlar\u0131n\u0131n Uygulamalar\u0131<\/figcaption><\/figure>    <h2 class=\"wp-block-heading\">Otomatik kapatma makinesi yap\u0131s\u0131<\/h2>    <p>Kapatma ekipman\u0131 bir dokunmatik ekran, b\u00f6lmeli konvey\u00f6r band\u0131, s\u0131radan motor, step motor, d\u00f6rt s\u00fcrt\u00fcnmeli tekerlek, bas\u0131n\u00e7 kapa\u011f\u0131 geni\u015fli\u011fi, s\u00fcrt\u00fcnmeli tekerle\u011fin y\u00fckseklik ayar tekerle\u011fi, yan konvey\u00f6r band\u0131, \u015fi\u015feleri koymak i\u00e7in y\u00fckseklik ayar tekerle\u011finden olu\u015fur konvey\u00f6r band\u0131, geni\u015f \u015ei\u015fe ta\u015f\u0131ma band\u0131 vb. koymak i\u00e7in ayar \u00e7ark\u0131. G\u00f6vdesi paslanmaz \u00e7elikten yap\u0131lm\u0131\u015ft\u0131r.<\/p>    <h2 class=\"wp-block-heading\">Kapatma ekipman\u0131n\u0131n baz\u0131 detaylar\u0131 <\/h2>    <ul class=\"wp-block-list\"> <li><strong>S\u00fcrt\u00fcnmeli tekerlekler<\/strong><\/li> <\/ul>    <p>Kapak, motorun kontrol\u00fc alt\u0131ndaki s\u00fcrt\u00fcnmeli tekerlekler taraf\u0131ndan s\u0131k\u0131ca vidalan\u0131r. D\u00f6rt \u00e7eneli s\u00fcrt\u00fcnmeli tekerlekler, dedekt\u00f6r \u015fi\u015fenin kapa\u011f\u0131n\u0131 kontrol ederken plastik vidal\u0131 kapa\u011f\u0131 s\u0131k\u0131\u015ft\u0131r\u0131r ve d\u00f6nd\u00fcr\u00fcr.<\/p>    <ul class=\"wp-block-list\"> <li><strong>Fotoelektrik g\u00f6z<\/strong><\/li> <\/ul>    <p>\u015ei\u015feyi tespit etmek i\u00e7in fotoelektrik g\u00f6z kullan\u0131l\u0131r. \u015ei\u015feyi alg\u0131lad\u0131\u011f\u0131nda s\u00fcrt\u00fcnmeli tekerlekler \u00e7al\u0131\u015fmaya ba\u015flayacakt\u0131r.<\/p>    <ul class=\"wp-block-list\"> <li><strong>B\u00fcy\u00fck harf widget'\u0131na bas\u0131n<\/strong><\/li> <\/ul>    <p>D\u00f6rt \u00e7eneli s\u00fcrt\u00fcnmeli tekerleklerdeki k\u00fc\u00e7\u00fck bir alet, vidalama i\u015flemi s\u0131ras\u0131nda \u015fi\u015fenin kaymas\u0131n\u0131 \u00f6nlemek i\u00e7in \u015fi\u015fe kapa\u011f\u0131na bask\u0131 yapabilir. Bu nedenle ekipman daha sert \u015fi\u015feler i\u00e7in uygundur.<\/p>    <ul class=\"wp-block-list\"> <li><strong>Konvey\u00f6r bant ve motor<\/strong><\/li> <\/ul>    <p>Konvey\u00f6r bant, motorun tahriki boyunca hareket eder ve \u015fi\u015fe veya teneke kutular\u0131n boyutuna g\u00f6re konvey\u00f6r bant i\u00e7in \u00f6zelle\u015ftirme hizmeti mevcuttur.<\/p>    <ul class=\"wp-block-list\"> <li>S\u00fcrt\u00fcnme tekerle\u011fi y\u00fckseklik ayar tekerle\u011fi<\/li> <\/ul>    <p>S\u00fcrt\u00fcnme tekerle\u011fi y\u00fckseklik ayar \u00e7ark\u0131, \u015fi\u015fe a\u011fz\u0131n\u0131n y\u00fcksekli\u011fine g\u00f6re d\u00f6rt \u00e7eneli s\u00fcrt\u00fcnme \u00e7ark\u0131n\u0131n y\u00fcksekli\u011fini ayarlayabilir.<\/p>    <ul class=\"wp-block-list\"> <li><strong>Yan ta\u015f\u0131ma band\u0131 ve ayarlama cihaz\u0131<\/strong><\/li> <\/ul>    <p>Yan konvey\u00f6r band\u0131, \u015fi\u015feleri d\u00f6rt \u00e7eneli vidal\u0131 \u00e7ark\u0131n alt\u0131na do\u011fru bir \u015fekilde besleyebilen bir ad\u0131ml\u0131 motor taraf\u0131ndan tahrik edilir. \u015ei\u015fe ta\u015f\u0131ma band\u0131n\u0131n geni\u015flik ayar \u00e7ark\u0131, vidalanacak \u015fi\u015fenin s\u0131k\u0131\u015ft\u0131r\u0131lmas\u0131n\u0131 kolayla\u015ft\u0131rmak i\u00e7in yan b\u00f6lmenin geni\u015fli\u011fini ayarlayabilir. Konvey\u00f6r band\u0131n\u0131n y\u00fckseklik ayar \u00e7ark\u0131, yan konvey\u00f6r band\u0131n\u0131n y\u00fcksekli\u011fini ayarlayabilir.<\/p>    <ul class=\"wp-block-list\"> <li><strong>Dokunmatik ekran<\/strong><\/li> <\/ul>    <p>Dokunmatik ekran, ta\u015f\u0131ma band\u0131n\u0131n \u00e7al\u0131\u015fma h\u0131z\u0131n\u0131, kapatma s\u00fcresini ve yan ta\u015f\u0131ma band\u0131n\u0131n \u00e7al\u0131\u015fma mesafesini ayarlayabilir.<\/p>","protected":false},"excerpt":{"rendered":"<p>Automatic capping machine is suitable for various plastic round caps with screw threads. It widely applies to many foods, beverages, daily necessities, cosmetics, medicines, oil, etc. The equipment adopts stainless steel, which is durable and convenient for maintenance. The automatic capping machine with four frictional wheels rotates and tightens round caps through ordinary motor. The [&hellip;]<\/p>\n","protected":false},"author":1,"featured_media":2256,"parent":0,"template":"","tags":[168],"product-type":[144],"class_list":["post-2241","product","type-product","status-publish","has-post-thumbnail","hentry","tag-capping-machine","product-type-supporting-equipment"],"_links":{"self":[{"href":"https:\/\/tianhuipackingmachine.com\/tr\/wp-json\/wp\/v2\/product\/2241","targetHints":{"allow":["GET"]}}],"collection":[{"href":"https:\/\/tianhuipackingmachine.com\/tr\/wp-json\/wp\/v2\/product"}],"about":[{"href":"https:\/\/tianhuipackingmachine.com\/tr\/wp-json\/wp\/v2\/types\/product"}],"author":[{"embeddable":true,"href":"https:\/\/tianhuipackingmachine.com\/tr\/wp-json\/wp\/v2\/users\/1"}],"wp:featuredmedia":[{"embeddable":true,"href":"https:\/\/tianhuipackingmachine.com\/tr\/wp-json\/wp\/v2\/media\/2256"}],"wp:attachment":[{"href":"https:\/\/tianhuipackingmachine.com\/tr\/wp-json\/wp\/v2\/media?parent=2241"}],"wp:term":[{"taxonomy":"post_tag","embeddable":true,"href":"https:\/\/tianhuipackingmachine.com\/tr\/wp-json\/wp\/v2\/tags?post=2241"},{"taxonomy":"product-type","embeddable":true,"href":"https:\/\/tianhuipackingmachine.com\/tr\/wp-json\/wp\/v2\/product-type?post=2241"}],"curies":[{"name":"wp","href":"https:\/\/api.w.org\/{rel}","templated":true}]}}