{"id":2114,"date":"2021-08-10T10:41:22","date_gmt":"2021-08-10T02:41:22","guid":{"rendered":"https:\/\/tianhuipackingmachine.com\/?page_id=2114"},"modified":"2024-03-11T17:35:48","modified_gmt":"2024-03-11T09:35:48","slug":"semi-automatic-round-bottle-labeling-machine","status":"publish","type":"product","link":"https:\/\/tianhuipackingmachine.com\/tr\/semi-automatic-round-bottle-labeling-machine\/","title":{"rendered":"Yar\u0131 otomatik yuvarlak \u015fi\u015fe etiketleme makinesi"},"content":{"rendered":"<p class=\"translation-block\"><strong>Yar\u0131 otomatik yuvarlak \u015fi\u015fe etiketleme makinesi<\/strong>, ayr\u0131ca manuel yuvarlak \u015fi\u015fe etiketleme makinesi olarak da bilinir, yar\u0131 otomatik bir etiketleme makinesinin t\u00fcr\u00fcd\u00fcr. K\u00fc\u00e7\u00fck bir alanda yer kaplar, \u00e7e\u015fitli yuvarlak \u015fi\u015feler ve konserve kutular i\u00e7in uygundur. Bu yar\u0131 otomatik etiketleyici g\u0131da, i\u00e7ecek, s\u00fct, meyve suyu, soslar, ila\u00e7, g\u00fcnl\u00fck kullan\u0131ma y\u00f6nelik \u00fcr\u00fcnler, kozmetik, ila\u00e7 vb. i\u00e7in uygulanabilir. Kullan\u0131m s\u0131ras\u0131nda farkl\u0131 yuvarlak \u015fi\u015fe boyutlar\u0131n\u0131 kar\u015f\u0131layabilir ve herhangi bir par\u00e7ay\u0131 de\u011fi\u015ftirmenize gerek yoktur. Ayr\u0131ca otomatik yuvarlak \u015fi\u015fe etiketleme makinesi, kare \u015fi\u015fe etiketleme makinesi vb. de sa\u011fl\u0131yoruz. Ayr\u0131ca, ihtiya\u00e7lar\u0131n\u0131za g\u00f6re \u00f6zelle\u015ftirme hizmeti bulunmaktad\u0131r.<\/p>    <div class=\"wp-block-columns is-layout-flex wp-container-core-columns-is-layout-28f84493 wp-block-columns-is-layout-flex\"> <div class=\"wp-block-column is-layout-flow wp-block-column-is-layout-flow\"> <figure class=\"wp-block-image aligncenter size-full\"><img loading=\"lazy\" decoding=\"async\" width=\"750\" height=\"500\" src=\"https:\/\/tianhuipackingmachine.com\/wp-content\/uploads\/2021\/08\/semi-automatic-round-bottle-labeler-1.jpg\" alt=\"yar\u0131 otomatik yuvarlak \u015fi\u015fe etiketleme makinesi\" class=\"wp-image-2118\" srcset=\"https:\/\/tianhuipackingmachine.com\/wp-content\/uploads\/2021\/08\/semi-automatic-round-bottle-labeler-1.jpg 750w, https:\/\/tianhuipackingmachine.com\/wp-content\/uploads\/2021\/08\/semi-automatic-round-bottle-labeler-1-300x200.jpg 300w\" sizes=\"auto, (max-width: 750px) 100vw, 750px\" \/><figcaption>Yar\u0131 Otomatik Yuvarlak \u015ei\u015fe Etiketleme Makinesi<\/figcaption><\/figure> <\/div> <\/div>    <h2 class=\"has-text-color wp-block-heading\" id=\"h-semi-automatic-round-bottle-labeling-machine-parameters\" style=\"color:#ff5200\">Yar\u0131 otomatik yuvarlak \u015fi\u015fe etiketleme makinesi parametreleri<\/h2>    <figure class=\"wp-block-table is-style-stripes\"><table><tbody><tr><td>Modeli<\/td><td>TZ-100<\/td><\/tr><tr><td>G\u00fc\u00e7<\/td><td>100W<\/td><\/tr><tr><td>\u015ei\u015fe \u00e7ap\u0131<\/td><td>15-120mm<\/td><\/tr><tr><td>Etiket h\u0131z\u0131<\/td><td>20-40 \u015fi\u015fe\/dak<\/td><\/tr><tr><td>Etiket boyutu<\/td><td>W26L25-W150L300<\/td><\/tr><tr><td>Etiket rulosunun i\u00e7 \u00e7ap\u0131<\/td><td>75mm<\/td><\/tr><tr><td>Etiket rulosunun d\u0131\u015f \u00e7ap\u0131<\/td><td>275 mm<\/td><\/tr><tr><td>Makine boyutu<\/td><td>650*345*450mm<\/td><\/tr><\/tbody><\/table><\/figure>    <h2 class=\"wp-block-heading\" id=\"h-features-of-semi-automatic-round-bottle-labeling-machine\">Yar\u0131 otomatik yuvarlak \u015fi\u015fe etiketleme makinesinin \u00f6zellikleri<\/h2>    <ol class=\"wp-block-list\" type=\"1\"><li>Basit yap\u0131, makul tasar\u0131m, kurulumu, \u00e7al\u0131\u015ft\u0131r\u0131lmas\u0131 ve bak\u0131m\u0131 kolay;<\/li><li>\u0130stikrarl\u0131 \u00e7al\u0131\u015f\u0131n, d\u00fc\u015f\u00fck g\u00fcr\u00fclt\u00fc, uygun fiyat, geni\u015f uygulama;<\/li><li>Etiketleme konusunda son derece ak\u0131ll\u0131 olan geli\u015fmi\u015f fotoelektrik sens\u00f6rle donat\u0131lm\u0131\u015ft\u0131r.<\/li><li>Etiketleme g\u00f6vdesi hafif ve iyi d\u00f6k\u00fcm \u00f6zelliklerine sahip al\u00fcminyum ala\u015f\u0131mdan yap\u0131lm\u0131\u015ft\u0131r.<\/li><li>Yuvarlak \u015fi\u015fe ihtiya\u00e7lar\u0131n\u0131n \u00e7o\u011funu kar\u015f\u0131lay\u0131n.<\/li><li>Yar\u0131 otomatik \u015fi\u015fe etiketleme makinesi, m\u00fckemmel aktar\u0131ma sahip y\u00fcksek kaliteli kau\u00e7uk silindirleri kullan\u0131r.<\/li><li>Yar\u0131 otomatik etiketleme makinas\u0131 fiyat\u0131 otomatik etiketleme makinas\u0131na g\u00f6re daha d\u00fc\u015f\u00fckt\u00fcr.<\/li><li>G\u00fc\u00e7 kayna\u011f\u0131 a\u015f\u0131r\u0131 ak\u0131m koruma fonksiyonu ile donat\u0131lm\u0131\u015ft\u0131r. Normal kullan\u0131m aral\u0131\u011f\u0131n\u0131 a\u015farsa sigorta makineyi korumak i\u00e7in otomatik olarak atacakt\u0131r.<\/li><\/ol>    <h2 class=\"wp-block-heading\" id=\"h-various-applications-of-semi-automatic-labeling-machine-for-round-bottle\">Yuvarlak \u015fi\u015fe i\u00e7in yar\u0131 otomatik etiketleme makinesinin \u00e7e\u015fitli uygulamalar\u0131<\/h2>    <p>Yar\u0131 otomatik etiketleme makinesi, \u015fi\u015fenin malzemesi plastik, cam veya metal vb. olursa olsun \u00e7e\u015fitli yuvarlak \u015fi\u015feler veya kutular i\u00e7in uygundur. \u0130\u00e7ecek, meyve suyu, su, s\u00fct, ya\u011f \u015fi\u015felerine veya kutular\u0131na uygulanabilir. sos, baharat, biber tozu, at\u0131\u015ft\u0131rmal\u0131klar, \u015feker, bisk\u00fcvi, cips, patlam\u0131\u015f m\u0131s\u0131r, kuru meyve, g\u00fcnl\u00fck kullan\u0131m \u00fcr\u00fcnleri, kozmetik, ila\u00e7 vb. Etiket \u015fi\u015feyi daire \u015feklinde kapatabilir veya kapatamaz. Etiketin uzunlu\u011fu ihtiya\u00e7lar\u0131n\u0131za ba\u011fl\u0131d\u0131r. Ayr\u0131ca etiketin \u015fi\u015fenin bir k\u0131sm\u0131na yap\u0131\u015ft\u0131r\u0131lmas\u0131n\u0131 da sa\u011flayabilirsiniz. <\/p>    <figure class=\"wp-block-image aligncenter size-full\"><img loading=\"lazy\" decoding=\"async\" width=\"750\" height=\"500\" src=\"https:\/\/tianhuipackingmachine.com\/wp-content\/uploads\/2021\/08\/applications-of-semi-automatic-round-bottle-labeler.jpg\" alt=\"yar\u0131 otomatik yuvarlak \u015fi\u015fe etiketleme makinesinin uygulamalar\u0131\" class=\"wp-image-2120\" srcset=\"https:\/\/tianhuipackingmachine.com\/wp-content\/uploads\/2021\/08\/applications-of-semi-automatic-round-bottle-labeler.jpg 750w, https:\/\/tianhuipackingmachine.com\/wp-content\/uploads\/2021\/08\/applications-of-semi-automatic-round-bottle-labeler-300x200.jpg 300w\" sizes=\"auto, (max-width: 750px) 100vw, 750px\" \/><figcaption>Yar\u0131 Otomatik Yuvarlak \u015ei\u015fe Etiketleme Uygulamalar\u0131<\/figcaption><\/figure>    <h2 class=\"wp-block-heading\" id=\"h-structures-manual-round-bottle-labeling-machine\">Yap\u0131lar manuel yuvarlak \u015fi\u015fe etiketleme makinesi<\/h2>    <p class=\"translation-block\">Yar\u0131 otomatik yuvarlak \u015fi\u015fe etiketleme makinesi esas olarak bir motor, elektrolitik kaplamal\u0131 al\u00fcminyum ala\u015f\u0131m g\u00f6vde, ka\u011f\u0131t tedarik tepsisi, tepsi ayar civatas\u0131, y\u00fcksek kaliteli sens\u00f6r, optik fiber, \u015fi\u015fe bask\u0131l\u0131 sal\u0131n\u0131m kolu, \u015fi\u015fe destek silindiri vb. ile olu\u015fur. Elektrolitik kaplamal\u0131 al\u00fcminyum ala\u015f\u0131m\u0131 hafif olup iyi d\u00f6k\u00fcm \u00f6zelli\u011fine sahiptir. Ayar civatal\u0131 ka\u011f\u0131t tedarik tepsisi, etiketin sabitlenmesi ve kolayca \u00e7al\u0131\u015fmas\u0131 i\u00e7in kullan\u0131l\u0131r. Y\u00fcksek kaliteli sens\u00f6r, etiketin tespit edilmesi i\u00e7in hassast\u0131r. Optik fiber konumlar\u0131 do\u011frudur. Bask\u0131 kolu sal\u0131n\u0131m\u0131, etiketleme s\u0131ras\u0131nda \u015fi\u015feyi veya konserve kutuyu destek silindiri \u00fczerinde konumland\u0131rmay\u0131 kolayla\u015ft\u0131r\u0131r ve etiketlemeyi d\u00fczg\u00fcn ve temiz hale getirir. Daha fazla bilgi almak isterseniz, <strong><a href=\"https:\/\/tianhuipackingmachine.com\/tr\/contact\/\">bizimle ileti\u015fime ge\u00e7in<\/a><\/strong> ve size en k\u0131sa s\u00fcrede yan\u0131t verece\u011fiz.<\/p>    <figure class=\"wp-block-image aligncenter size-full\"><img loading=\"lazy\" decoding=\"async\" width=\"750\" height=\"500\" src=\"https:\/\/tianhuipackingmachine.com\/wp-content\/uploads\/2021\/08\/the-structure-of-manual-round-bottle-labeler.jpg\" alt=\"manuel yuvarlak \u015fi\u015fe etiketleme makinesinin yap\u0131s\u0131\" class=\"wp-image-2119\" srcset=\"https:\/\/tianhuipackingmachine.com\/wp-content\/uploads\/2021\/08\/the-structure-of-manual-round-bottle-labeler.jpg 750w, https:\/\/tianhuipackingmachine.com\/wp-content\/uploads\/2021\/08\/the-structure-of-manual-round-bottle-labeler-300x200.jpg 300w\" sizes=\"auto, (max-width: 750px) 100vw, 750px\" \/><figcaption>Manuel Yuvarlak \u015ei\u015fe Etiketleme Yap\u0131s\u0131<\/figcaption><\/figure>    <h2 class=\"wp-block-heading\" id=\"h-operation-procedures\">Operasyon prosed\u00fcrleri<\/h2>    <ol class=\"wp-block-list\" type=\"1\"><li>Makinenin t\u00fcm par\u00e7alar\u0131n\u0131n iyi monte edildi\u011finden emin olun.<\/li><li>\u015ei\u015feyi elle destek silindirlerine yerle\u015ftirin.<\/li><li>\u015ei\u015feyi sabitlemek i\u00e7in \u015fi\u015fe sal\u0131n\u0131m koluna manuel olarak bas\u0131lmas\u0131 etiketleme anahtar\u0131n\u0131 tetikleyecektir.<\/li><li>\u015ei\u015fe ve ka\u011f\u0131t besleme tepsisi \u015fi\u015fe \u00fczerindeki etiketlemeyi tamamlamak i\u00e7in d\u00f6ner.<\/li><li>\u015ei\u015fe sal\u0131n\u0131m kolunu kald\u0131rd\u0131\u011f\u0131n\u0131zda etiketleme i\u015flemi tamamlan\u0131r.<\/li><\/ol>    <h2 class=\"wp-block-heading\" id=\"h-faqs-about-semi-automatic-round-bottle-labeling-machine\">Yar\u0131 otomatik yuvarlak \u015fi\u015fe etiketleme makinesi hakk\u0131nda SSS<\/h2>    <ul class=\"wp-block-list\"><li>S1: Etiketleme makinesi ne t\u00fcr \u015fi\u015felere uygulanabilir?<\/li><li>A1: Plastik yuvarlak \u015fi\u015fe, cam yuvarlak \u015fi\u015fe, metal yuvarlak \u015fi\u015fe vb.<\/li><li>S2: Bir dakikada ka\u00e7 \u015fi\u015fe etiketlenebilir?<\/li><li>A2: Manuel h\u0131z\u0131n\u0131za ve etiketin uzunlu\u011funa ba\u011fl\u0131d\u0131r.<\/li><li>S3: Hangi boyutlarda \u015fi\u015feler kullan\u0131labilir?<\/li><li>A3: Etiketleyici, \u00e7ap\u0131 3,5 cm'nin \u00fczerinde olan \u015fi\u015feler i\u00e7in kullanabilir. \u015ei\u015fenizin \u00e7ap\u0131 3,5 cm'den k\u00fc\u00e7\u00fckse yatay etiketleme makinesi iyi bir se\u00e7imdir.<\/li><\/ul>    <h2 class=\"wp-block-heading\" id=\"h-related-machines\">\u0130lgili makineler<\/h2>    <p class=\"translation-block\">Bir paketleme makinesi \u00fcreticisi ve tedarik\u00e7isi olarak, <strong><a href=\"https:\/\/tianhuipackingmachine.com\/tr\/\">Henan Top Packing Machinery Co., Ltd<\/a><\/strong>, \u00fcretim hatt\u0131 i\u00e7in ambalajla ilgili \u00e7e\u015fitli makineler sunar. \u00d6rne\u011fin paketleme makineleri, <strong><a href=\"https:\/\/tianhuipackingmachine.com\/tr\/automatic-round-bottle-labeling-machine-sale\/\">etiketleme makineleri<\/a><\/strong>, doldurma makineleri, <strong><a href=\"https:\/\/tianhuipackingmachine.com\/tr\/vacuum-capping-machines\/\">vida kapama makineleri<\/a><\/strong>, tarih yaz\u0131c\u0131lar\u0131, <strong><a href=\"https:\/\/tianhuipackingmachine.com\/tr\/continuous-bag-sealing-machine\/\">kapama makineleri<\/a><\/strong>, y\u00fckleme konvey\u00f6r cihazlar\u0131, konvey\u00f6r bantlar\u0131, nitrasyon dolum cihazlar\u0131 vb. Se\u00e7iminizi ve ihtiyac\u0131n\u0131za g\u00f6re sat\u0131n alman\u0131z\u0131 sa\u011flayabilir. Daha fazla bilgi almak isterseniz bizimle ileti\u015fime ge\u00e7in, size m\u00fcmk\u00fcn olan en k\u0131sa s\u00fcrede yan\u0131t verece\u011fiz. E-posta, mesaj veya telefonunuzu bekliyoruz.<\/p>","protected":false},"excerpt":{"rendered":"<p>Semi automatic round bottle labeling machine, also called manual round bottle labeling machine, is a kind of semi-automatic labeling machine. It\u2019s occupied with small space, suitable various round bottles and cans. This semi-automatic labeler\u00a0can apply to food, beverage, milk, juice, sauces, medicine, daily use products, cosmetics, medicine, etc. During the process of using, it can [&hellip;]<\/p>\n","protected":false},"author":1,"featured_media":2118,"parent":0,"template":"","tags":[172],"product-type":[144],"class_list":["post-2114","product","type-product","status-publish","has-post-thumbnail","hentry","tag-labeling-machine","product-type-supporting-equipment"],"_links":{"self":[{"href":"https:\/\/tianhuipackingmachine.com\/tr\/wp-json\/wp\/v2\/product\/2114","targetHints":{"allow":["GET"]}}],"collection":[{"href":"https:\/\/tianhuipackingmachine.com\/tr\/wp-json\/wp\/v2\/product"}],"about":[{"href":"https:\/\/tianhuipackingmachine.com\/tr\/wp-json\/wp\/v2\/types\/product"}],"author":[{"embeddable":true,"href":"https:\/\/tianhuipackingmachine.com\/tr\/wp-json\/wp\/v2\/users\/1"}],"wp:featuredmedia":[{"embeddable":true,"href":"https:\/\/tianhuipackingmachine.com\/tr\/wp-json\/wp\/v2\/media\/2118"}],"wp:attachment":[{"href":"https:\/\/tianhuipackingmachine.com\/tr\/wp-json\/wp\/v2\/media?parent=2114"}],"wp:term":[{"taxonomy":"post_tag","embeddable":true,"href":"https:\/\/tianhuipackingmachine.com\/tr\/wp-json\/wp\/v2\/tags?post=2114"},{"taxonomy":"product-type","embeddable":true,"href":"https:\/\/tianhuipackingmachine.com\/tr\/wp-json\/wp\/v2\/product-type?post=2114"}],"curies":[{"name":"wp","href":"https:\/\/api.w.org\/{rel}","templated":true}]}}