{"id":2062,"date":"2021-08-04T14:09:42","date_gmt":"2021-08-04T06:09:42","guid":{"rendered":"https:\/\/tianhuipackingmachine.com\/?page_id=2062"},"modified":"2024-03-08T14:01:26","modified_gmt":"2024-03-08T06:01:26","slug":"continuous-bag-sealing-machine","status":"publish","type":"product","link":"https:\/\/tianhuipackingmachine.com\/tr\/continuous-bag-sealing-machine\/","title":{"rendered":"S\u00fcrekli torba kapatma makinesi"},"content":{"rendered":"<p class=\"translation-block\"><strong>S\u00fcrekli \u00e7anta yap\u0131\u015ft\u0131rma makinesi<\/strong>, po\u015fetler i\u00e7in k\u00fc\u00e7\u00fck bir \u0131s\u0131 yap\u0131\u015ft\u0131r\u0131c\u0131s\u0131d\u0131r. Kullan\u0131rken masan\u0131n \u00fczerine koymak uygundur. \u0130ki t\u00fcr makine vard\u0131r. Biri, konvey\u00f6r bant \u00fczerinde paketi yatay olarak yap\u0131\u015ft\u0131rabilirken, di\u011feri konvey\u00f6r bant \u00fczerinde paketi dikey olarak yap\u0131\u015ft\u0131rabilir. \u00c7anta yap\u0131\u015ft\u0131r\u0131c\u0131, toz, gran\u00fcl, s\u0131v\u0131, macun, par\u00e7a vb. po\u015fet yap\u0131\u015ft\u0131rma i\u00e7in uygundur. Ayr\u0131ca, yap\u0131\u015ft\u0131rma deseni \u0131zgara, tarihli \u0131zgara, p\u00fcr\u00fczs\u00fczl\u00fck, \u015ferit i\u00e7erir. \u0130ki tarih yaz\u0131c\u0131 kategorisi iste\u011fe ba\u011fl\u0131d\u0131r, yani m\u00fcrekkep tekerlekli kod ve kartu\u015f kod. Ayr\u0131ca, s\u00fcrekli po\u015fet yap\u0131\u015ft\u0131rma makineleri i\u00e7in konvey\u00f6r bant geni\u015fli\u011fi, yap\u0131\u015ft\u0131rma cihaz\u0131 ile konvey\u00f6r bant aras\u0131ndaki y\u00fckseklik vb. i\u00e7in \u00f6zelle\u015ftirme hizmetleri sunuyoruz. Daha fazla bilgi almak i\u00e7in bizimle ileti\u015fime ge\u00e7in.<\/p>    <div class=\"wp-block-columns is-layout-flex wp-container-core-columns-is-layout-28f84493 wp-block-columns-is-layout-flex\"> <div class=\"wp-block-column is-layout-flow wp-block-column-is-layout-flow\"> <figure class=\"wp-block-image size-full\"><img loading=\"lazy\" decoding=\"async\" width=\"750\" height=\"500\" src=\"https:\/\/tianhuipackingmachine.com\/wp-content\/uploads\/2021\/08\/flat-bag-heat-sealing-machine.jpg\" alt=\"d\u00fcz torba \u0131s\u0131 yap\u0131\u015ft\u0131rma makinesi\" class=\"wp-image-2075\" srcset=\"https:\/\/tianhuipackingmachine.com\/wp-content\/uploads\/2021\/08\/flat-bag-heat-sealing-machine.jpg 750w, https:\/\/tianhuipackingmachine.com\/wp-content\/uploads\/2021\/08\/flat-bag-heat-sealing-machine-300x200.jpg 300w\" sizes=\"auto, (max-width: 750px) 100vw, 750px\" \/><figcaption>D\u00fcz Torba Is\u0131 Kapama Makinesi<\/figcaption><\/figure> <\/div>    <div class=\"wp-block-column is-layout-flow wp-block-column-is-layout-flow\"> <figure class=\"wp-block-image size-full\"><img loading=\"lazy\" decoding=\"async\" width=\"750\" height=\"500\" src=\"https:\/\/tianhuipackingmachine.com\/wp-content\/uploads\/2021\/08\/vertical-bag-heat-sealing-machine.jpg\" alt=\"dikey torba \u0131s\u0131 yap\u0131\u015ft\u0131rma makinesi\" class=\"wp-image-2076\" srcset=\"https:\/\/tianhuipackingmachine.com\/wp-content\/uploads\/2021\/08\/vertical-bag-heat-sealing-machine.jpg 750w, https:\/\/tianhuipackingmachine.com\/wp-content\/uploads\/2021\/08\/vertical-bag-heat-sealing-machine-300x200.jpg 300w\" sizes=\"auto, (max-width: 750px) 100vw, 750px\" \/><figcaption>Dikey Torba Is\u0131 Kapama Makinesi<\/figcaption><\/figure> <\/div> <\/div>    <h2 class=\"wp-block-heading\" id=\"h-wide-application-of-continuous-bag-sealer\">S\u00fcrekli torba kapat\u0131c\u0131n\u0131n geni\u015f uygulamas\u0131<\/h2>    <p class=\"translation-block\">S\u00fcrekli \u00e7anta yap\u0131\u015ft\u0131rma makinesi, toz, gran\u00fcl, s\u0131v\u0131, macun, par\u00e7a vb. i\u00e7in al\u00fcminyum folyo torbalar\u0131 ve plastik torbalar\u0131 yap\u0131\u015ft\u0131rmada geni\u015f bir uygulamaya sahiptir. Yayg\u0131n uygulamalar aras\u0131nda kahve tozu, s\u00fct tozu, <strong><a href=\"https:\/\/tianhuipackingmachine.com\/tr\/spice-packaging-machine\/\">baharat<\/a><\/strong>, un, ac\u0131 biber tozu, deterjan tozu, at\u0131\u015ft\u0131rmal\u0131klar, <strong><a href=\"https:\/\/tianhuipackingmachine.com\/tr\/tea-packaging-machine\/\">\u00e7ay<\/a><\/strong>, kahve \u00e7ekirde\u011fi, \u015fekerleme, tohumlar, tah\u0131llar, bisk\u00fcvi, ekmek, pirin\u00e7, s\u00fct, meyve suyu, sirke, soya sosu, domates sosu, spagetti sosu, salata sosu, re\u00e7el, maske, donan\u0131m, ah\u015fap i\u015fleri vb. torba yap\u0131\u015ft\u0131rma yer al\u0131r. K\u00fc\u00e7\u00fck \u0131s\u0131 yap\u0131\u015ft\u0131r\u0131c\u0131s\u0131 \u00e7al\u0131\u015f\u0131rken, malzemenin hacmi ve durumu nedeniyle \u00e7anta konvey\u00f6r bant \u00fczerinde yatar veya ayakta durur. Ger\u00e7ek ihtiya\u00e7lar\u0131n\u0131za g\u00f6re uygun olan\u0131 se\u00e7ebilirsiniz. Faydal\u0131 \u00f6neriler almak i\u00e7in <strong><a href=\"https:\/\/tianhuipackingmachine.com\/tr\/contact\/\">bizimle ileti\u015fime ge\u00e7in<\/a><\/strong>.<\/p>    <div class=\"wp-block-image\"><figure class=\"aligncenter size-full\"><img loading=\"lazy\" decoding=\"async\" width=\"750\" height=\"500\" src=\"https:\/\/tianhuipackingmachine.com\/wp-content\/uploads\/2021\/08\/applications-of-continuous-pouch-sealer.jpg\" alt=\"s\u00fcrekli kese kapat\u0131c\u0131 uygulamalar\u0131\" class=\"wp-image-2071\" srcset=\"https:\/\/tianhuipackingmachine.com\/wp-content\/uploads\/2021\/08\/applications-of-continuous-pouch-sealer.jpg 750w, https:\/\/tianhuipackingmachine.com\/wp-content\/uploads\/2021\/08\/applications-of-continuous-pouch-sealer-300x200.jpg 300w\" sizes=\"auto, (max-width: 750px) 100vw, 750px\" \/><figcaption>s\u00fcrekli kese kapat\u0131c\u0131 uygulamalar\u0131<\/figcaption><\/figure><\/div>    <h2 class=\"wp-block-heading\" id=\"h-benefits-of-continuous-bag-sealing-machine\">S\u00fcrekli torba kapatma makinesinin faydalar\u0131<\/h2>    <ol class=\"wp-block-list\" type=\"1\"><li>Kurulumu, \u00e7al\u0131\u015ft\u0131rmas\u0131 ve bak\u0131m\u0131 basit yap\u0131;<\/li><li>Az yer kaplar, d\u00fc\u015f\u00fck g\u00fcr\u00fclt\u00fcl\u00fcd\u00fcr, d\u00fc\u015f\u00fck maliyetlidir, verimlidir ve zamandan ve enerjiden tasarruf sa\u011flar;<\/li><li>Saf bak\u0131r blok h\u0131zl\u0131 ve e\u015fit \u015fekilde \u0131s\u0131t\u0131l\u0131r ve hava so\u011futmal\u0131 \u0131s\u0131 da\u011f\u0131l\u0131m\u0131 daha h\u0131zl\u0131d\u0131r.<\/li><li>Kal\u0131nla\u015fma a\u015f\u0131nmaya dayan\u0131kl\u0131 konvey\u00f6r bant, daha dayan\u0131kl\u0131 ve uygun fiyat;<\/li><li>Toz, gran\u00fcl, s\u0131v\u0131, macun, par\u00e7a vb. torbalar i\u00e7in \u00e7e\u015fitli uygulamalar.<\/li><li>\u0130htiya\u00e7lar\u0131n\u0131za g\u00f6re d\u00f6rt s\u0131zd\u0131rmazl\u0131k modeli iste\u011fe ba\u011fl\u0131d\u0131r.<\/li><li>Konvey\u00f6r bant h\u0131z\u0131 ayarlanabilir.<\/li><li>Acil durum butonu g\u00fcvenlik \u00f6nlemi olarak tasarlanm\u0131\u015ft\u0131r.<\/li><\/ol>    <h2 class=\"wp-block-heading\" id=\"h-continuous-bag-sealing-machine-structure\">S\u00fcrekli torba kapatma makinesi yap\u0131s\u0131<\/h2>    <p>S\u00fcrekli torba kapatma makinesi, termostatik s\u0131cakl\u0131k kontrol cihaz\u0131, konvey\u00f6r band\u0131, konvey\u00f6r masas\u0131, kabartma tekerle\u011fi, bas\u0131n\u00e7 ayar d\u00fc\u011fmesi, so\u011futma tekerle\u011fi, \u0131s\u0131 blo\u011fu, acil durum anahtar\u0131, s\u0131cakl\u0131k kontroll\u00fc saya\u00e7, konvey\u00f6r masas\u0131n\u0131n enine ayar\u0131, konvey\u00f6r ayar d\u00fc\u011fmesinden olu\u015fur. masa. Bir bak\u0131\u015fta s\u0131cakl\u0131k g\u00f6stergesi olan termostatik s\u0131cakl\u0131k kontrol cihaz\u0131, \u00fcr\u00fcn kalitesini ve verimlili\u011fini art\u0131rmak i\u00e7in \u00e7al\u0131\u015fma s\u0131cakl\u0131\u011f\u0131n\u0131 korur. Konvey\u00f6r band\u0131 ihtiya\u00e7lar\u0131n\u0131za g\u00f6re geni\u015fletilebilir. D\u00f6rt tip kabartma \u00e7ark\u0131 iste\u011fe ba\u011fl\u0131d\u0131r; \u0131zgara \u00e7ark\u0131, tarih \u00e7ark\u0131 \u00e7ark\u0131, p\u00fcr\u00fczs\u00fczl\u00fck \u00e7ark\u0131 ve \u015ferit \u00e7ark\u0131. Is\u0131 blo\u011fu saf bak\u0131r malzemesini benimser, h\u0131zl\u0131 ve e\u015fit bir \u015fekilde \u0131s\u0131n\u0131r.<\/p>    <div class=\"wp-block-image\"><figure class=\"aligncenter size-full\"><img loading=\"lazy\" decoding=\"async\" width=\"750\" height=\"500\" src=\"https:\/\/tianhuipackingmachine.com\/wp-content\/uploads\/2021\/08\/the-structure-of-continuous-bag-sealer.jpg\" alt=\"s\u00fcrekli torba kapat\u0131c\u0131n\u0131n yap\u0131s\u0131\" class=\"wp-image-2068\" srcset=\"https:\/\/tianhuipackingmachine.com\/wp-content\/uploads\/2021\/08\/the-structure-of-continuous-bag-sealer.jpg 750w, https:\/\/tianhuipackingmachine.com\/wp-content\/uploads\/2021\/08\/the-structure-of-continuous-bag-sealer-300x200.jpg 300w\" sizes=\"auto, (max-width: 750px) 100vw, 750px\" \/><figcaption>s\u00fcrekli torba kapat\u0131c\u0131n\u0131n yap\u0131s\u0131<\/figcaption><\/figure><\/div>    <h2 class=\"wp-block-heading\" id=\"h-do-you-know-why-others-choose-our-machines\">Ba\u015fkalar\u0131n\u0131n neden bizim makinelerimizi se\u00e7ti\u011fini biliyor musunuz?<\/h2>    <p class=\"translation-block\">\u0130lk olarak, s\u0131k\u0131 bir kalite kontrol sistemimiz var ve yetenekli \u00e7al\u0131\u015fanlar\u0131m\u0131z sevkiyat \u00f6ncesinde makineleri dikkatlice kontrol edecektir. Makinelerimizin ger\u00e7ek kalite g\u00fcvencesi vard\u0131r. \u0130kinci olarak, \u0130ngilizce kullan\u0131m k\u0131lavuzu ve video e\u011fitimi sa\u011fl\u0131yoruz. 24 saat \u00e7evrimi\u00e7i hizmet mevcuttur. \u00dc\u00e7\u00fcnc\u00fc olarak, s\u00fcrekli \u00e7anta yap\u0131\u015ft\u0131rma makinesi i\u00e7in gereksinimlerinize g\u00f6re konvey\u00f6r bant geni\u015fli\u011fini ve yap\u0131\u015ft\u0131rma cihaz\u0131 ile konvey\u00f6r bant aras\u0131ndaki y\u00fcksekli\u011fi vb. \u00f6zelle\u015ftirebiliriz. Ayr\u0131ca, dolum makineleri, <strong><a href=\"https:\/\/tianhuipackingmachine.com\/tr\/\">paketleme makineleri<\/a><\/strong>, vakum yap\u0131\u015ft\u0131rma makineleri, <strong><a href=\"https:\/\/tianhuipackingmachine.com\/tr\/automatic-round-bottle-labeling-machine-sale\/\">etiketleme makineleri<\/a><\/strong>, tarih yaz\u0131c\u0131lar\u0131 vb. tedarik ediyoruz. \u00c7e\u015fitli makineler iste\u011fe ba\u011fl\u0131d\u0131r. Daha fazla ayr\u0131nt\u0131 i\u00e7in bizimle ileti\u015fime ge\u00e7in.<\/p>","protected":false},"excerpt":{"rendered":"<p>Continuous bag sealing machine is a small heat sealer for pouches. It\u2019s convenient to put it on a table when using it. There are two kinds of machines. One can make the packaging bag horizontally on the conveyor belt, while the other one can make the packaging bag vertically on the conveyor belt. The bag [&hellip;]<\/p>\n","protected":false},"author":1,"featured_media":2075,"parent":0,"template":"","tags":[182],"product-type":[144],"class_list":["post-2062","product","type-product","status-publish","has-post-thumbnail","hentry","tag-sealing-machine","product-type-supporting-equipment"],"_links":{"self":[{"href":"https:\/\/tianhuipackingmachine.com\/tr\/wp-json\/wp\/v2\/product\/2062","targetHints":{"allow":["GET"]}}],"collection":[{"href":"https:\/\/tianhuipackingmachine.com\/tr\/wp-json\/wp\/v2\/product"}],"about":[{"href":"https:\/\/tianhuipackingmachine.com\/tr\/wp-json\/wp\/v2\/types\/product"}],"author":[{"embeddable":true,"href":"https:\/\/tianhuipackingmachine.com\/tr\/wp-json\/wp\/v2\/users\/1"}],"wp:featuredmedia":[{"embeddable":true,"href":"https:\/\/tianhuipackingmachine.com\/tr\/wp-json\/wp\/v2\/media\/2075"}],"wp:attachment":[{"href":"https:\/\/tianhuipackingmachine.com\/tr\/wp-json\/wp\/v2\/media?parent=2062"}],"wp:term":[{"taxonomy":"post_tag","embeddable":true,"href":"https:\/\/tianhuipackingmachine.com\/tr\/wp-json\/wp\/v2\/tags?post=2062"},{"taxonomy":"product-type","embeddable":true,"href":"https:\/\/tianhuipackingmachine.com\/tr\/wp-json\/wp\/v2\/product-type?post=2062"}],"curies":[{"name":"wp","href":"https:\/\/api.w.org\/{rel}","templated":true}]}}