{"id":2012,"date":"2021-08-02T17:28:39","date_gmt":"2021-08-02T09:28:39","guid":{"rendered":"https:\/\/tianhuipackingmachine.com\/?page_id=2012"},"modified":"2022-12-08T14:08:31","modified_gmt":"2022-12-08T06:08:31","slug":"vacuum-capping-machines","status":"publish","type":"product","link":"https:\/\/tianhuipackingmachine.com\/tr\/vacuum-capping-machines\/","title":{"rendered":"Vakum kapatma makinesi"},"content":{"rendered":"<p class=\"translation-block\"><strong>Vakum kapak makinesi<\/strong>, g\u0131da maddelerinin vakum ortam\u0131nda saklama s\u00fcresini uzatmak i\u00e7in vakum pompas\u0131 arac\u0131l\u0131\u011f\u0131yla \u015fi\u015fe veya kutular\u0131n havas\u0131n\u0131 bo\u015faltabilen vidal\u0131 bir kapak makinesidir. Ekipman g\u00f6vdesi dayan\u0131kl\u0131 paslanmaz \u00e7elik malzemeden yap\u0131lm\u0131\u015ft\u0131r. Bu vakumlu \u015fi\u015fe kapat\u0131c\u0131, PLC dokunmatik ekran ve d\u00f6rt kal\u0131p ile donat\u0131lm\u0131\u015ft\u0131r. Kal\u0131p, \u015fi\u015fe veya kutular\u0131n boyut ve \u015fekline g\u00f6re tasarlanm\u0131\u015ft\u0131r. Kullan\u0131c\u0131n\u0131n \u015fi\u015feyi kapakla birlikte kal\u0131ba elle yerle\u015ftirmesi gerekir. Cam \u015fi\u015feler ve demir kapakl\u0131 kutular i\u00e7in uygundur. Ayr\u0131ca, gereksinimlerinize g\u00f6re \u00f6zelle\u015ftirme hizmeti de sunuyoruz. Daha fazla ayr\u0131nt\u0131 almak ister misiniz? Bize ula\u015f\u0131n, size en k\u0131sa s\u00fcrede yan\u0131t verelim.<\/p>    <h2 class=\"wp-block-heading\" id=\"h-various-applications-of-vacuum-capping-equipment\">Vakum kapatma ekipman\u0131n\u0131n \u00e7e\u015fitli uygulamalar\u0131<\/h2>    <p>Vakum paketleme makinesi s\u00fct, yo\u011furt, meyve suyu, re\u00e7el, f\u0131st\u0131k ezmesi, domates sosu, salata sosu, biber sosu, meyve konservesi vb. gibi demir kapakl\u0131 cam \u015fi\u015fe veya kutular i\u00e7in uygundur. \u015ei\u015fe veya kutular\u0131n \u015fekilleri yuvarlak, kare, d\u00fcz, alt\u0131gen, sekizgen, \u00e7okgen, d\u00fczensiz vb. Bu makine vidal\u0131 kapaklar\u0131 pn\u00f6matik s\u00fcr\u00fc\u015fle yapar, bu nedenle bir hava kompres\u00f6r\u00fcyle e\u015fle\u015ftirmek iyi bir fikirdir. Ayr\u0131ca \u00fcretim s\u00fcrecinde olu\u015fan suyun boru yoluyla makineye akmas\u0131n\u0131 \u00f6nlemek i\u00e7in ya\u011f-su ay\u0131r\u0131c\u0131s\u0131 kullanman\u0131z daha iyi olacakt\u0131r.<\/p>    <figure class=\"wp-block-image aligncenter size-full\"><img loading=\"lazy\" decoding=\"async\" width=\"750\" height=\"500\" src=\"https:\/\/tianhuipackingmachine.com\/wp-content\/uploads\/2021\/08\/vacuum-capping-machine-1.jpg\" alt=\"vakum kapatma makinesi\" class=\"wp-image-2014\" srcset=\"https:\/\/tianhuipackingmachine.com\/wp-content\/uploads\/2021\/08\/vacuum-capping-machine-1.jpg 750w, https:\/\/tianhuipackingmachine.com\/wp-content\/uploads\/2021\/08\/vacuum-capping-machine-1-300x200.jpg 300w\" sizes=\"auto, (max-width: 750px) 100vw, 750px\" \/><figcaption class=\"wp-element-caption\">Vakum Kapatma Makinas\u0131<\/figcaption><\/figure>    <h2 class=\"has-text-color wp-block-heading\" id=\"h-vacuum-capping-machine-parameters\" style=\"color:#ff5200\">Vakum kapatma makinesi parametreleri<\/h2>    <figure class=\"wp-block-table is-style-stripes\"><table><tbody><tr><td>Modeli<\/td><td> TZ-40 <\/td><\/tr><tr><td>G\u00fc\u00e7<\/td><td> 0.87kw <\/td><\/tr><tr><td>Uygun kapak \u00e7ap\u0131<\/td><td> 45-80mm <\/td><\/tr><tr><td> \u015ei\u015fe \u00c7ap\u0131 <\/td><td> 40-80mm <\/td><\/tr><tr><td> \u015ei\u015fe Y\u00fcksekli\u011fi <\/td><td> 60-130mm <\/td><\/tr><tr><td> S\u0131n\u0131rlama H\u0131z\u0131 <\/td><td> 10-20\u015fi\u015fe\/dak <\/td><\/tr><tr><td> Makine Boyutu <\/td><td> 750*650*1400mm <\/td><\/tr><tr><td> Makina a\u011f\u0131rl\u0131\u011f\u0131 <\/td><td> 160kg <\/td><\/tr><\/tbody><\/table><\/figure>    <h2 class=\"wp-block-heading\" id=\"h-semi-automatic-vacuum-capping-machine-working-video\">Yar\u0131 otomatik vakum kapatma makinas\u0131 \u00e7al\u0131\u015fma videosu<\/h2>   <figure class=\"wp-block-embed-youtube wp-block-embed is-type-video is-provider-youtube wp-embed-aspect-16-9 wp-has-aspect-ratio\"><div class=\"lyte-wrapper\" title=\"Vakum Kapatma Makinas\u0131 | Re\u00e7el, Bal, F\u0131st\u0131k Ezmesi, \u00c7ikolata Sosu, Biber Sosu Kutular\u0131n\u0131n S\u0131zd\u0131rmazl\u0131\u011f\u0131\" style=\"width:853px;max-width:100%;margin:5px auto;\"><div class=\"lyMe\" id=\"WYL_32nMxgQSOaI\" itemprop=\"video\" itemscope itemtype=\"https:\/\/schema.org\/VideoObject\"><div><meta itemprop=\"thumbnailUrl\" content=\"https:\/\/i.ytimg.com\/vi\/32nMxgQSOaI\/hqdefault.jpg\" \/><meta itemprop=\"embedURL\" content=\"https:\/\/www.youtube.com\/embed\/32nMxgQSOaI\" \/><meta itemprop=\"duration\" content=\"PT1M7S\" \/><meta itemprop=\"uploadDate\" content=\"2022-02-14T07:15:13Z\" \/><\/div><meta itemprop=\"accessibilityFeature\" content=\"captions\" \/><div id=\"lyte_32nMxgQSOaI\" data-src=\"https:\/\/i.ytimg.com\/vi\/32nMxgQSOaI\/hqdefault.jpg\" class=\"pL\"><div class=\"tC\"><div class=\"tT\" itemprop=\"name\">Vakum Kapatma Makinas\u0131 | Re\u00e7el, Bal, F\u0131st\u0131k Ezmesi, \u00c7ikolata Sosu, Biber Sosu Kutular\u0131n\u0131n S\u0131zd\u0131rmazl\u0131\u011f\u0131<\/div><\/div><div class=\"play\"><\/div><div class=\"ctrl\"><div class=\"Lctrl\"><\/div><div class=\"Rctrl\"><\/div><\/div><\/div><noscript><a href=\"https:\/\/youtu.be\/32nMxgQSOaI\" rel=\"nofollow noopener\" target=\"_blank\"><img loading=\"lazy\" decoding=\"async\" src=\"https:\/\/i.ytimg.com\/vi\/32nMxgQSOaI\/0.jpg\" alt=\"Vakum Kapatma Makinas\u0131 | Re\u00e7el, Bal, F\u0131st\u0131k Ezmesi, \u00c7ikolata Sosu, Biber Sosu Kutular\u0131n\u0131n S\u0131zd\u0131rmazl\u0131\u011f\u0131\" width=\"853\" height=\"460\" \/><\/a><\/noscript><meta itemprop=\"description\" content=\"Website: https:\/\/tianhuipackingmachine.com\/vacuum-capping-machines\/ Email: sales@tianhuipackingmachine.com WhatsApp\/Tel: +86 17329326135 Vacuum capping machine has a wide range of applications in various kinds of sauces in jars. They are common in supermarkets and convenience stores, such as strawberry jam, blueberry sauce, marmalade, honey, peanut butter, chocolate sauce, chili sauce, salad dressing, tahini sauce, etc. Vacuum capping equipment is mainly composed of a touch screen, a rotary air cylinder, precision screw cap, screw cap mold, vacuum pump, stainless steel body. On the touch screen, the operator can set up various parameters, such as using language, output counting, capping time, vacuuming time, the delay time of bottle taking, capping, and so on. After setting data, put the glass cans into molds that will spin automatically so that the jars are easy to exhaust air from cans one by one. A vacuum capping machine is equipped with four molds that are the same and apply to the same jars. There are round, square, hexagonal, octagonal, and irregular shapes of cans optional. Furthermore, the mold is customized in accordance with the cans, so it requires different molds if you want to cap different shapes of jars. The vacuuming process is driven by the vacuum pump. Stainless steel material is durable and easy to maintain. Generally, one machine can produce 10-20 cans per minute. The production speed is related to the speed of placing jars manually and the size of the cans. If you are interested in the equipment, welcome to consult us. Email: sales@toppackingmachine.com WhatsApp\/Tel: +86 17329326135\"><\/div><\/div><div class=\"lL\" style=\"max-width:100%;width:853px;margin:5px auto;\"> <a href=\"https:\/\/youtu.be\/32nMxgQSOaI\" target=\"_blank\" rel=\"noopener\">Bu videoyu YouTube'da izleyin<\/a>.<\/div><figcaption><\/figcaption><\/figure>   <h2 class=\"wp-block-heading\" id=\"h-features-benefits-of-vacuum-capping-machine\">Vakumlu kapatma makinesinin \u00f6zellikleri ve faydalar\u0131<\/h2>    <ol class=\"wp-block-list\" type=\"1\"> <li>Kurulumu, \u00e7al\u0131\u015ft\u0131rmas\u0131 ve bak\u0131m\u0131 i\u00e7in basit yap\u0131 ve makul tasar\u0131m;<\/li>    <li>Kararl\u0131 bir \u015fekilde \u00e7al\u0131\u015f\u0131n, d\u00fc\u015f\u00fck g\u00fcr\u00fclt\u00fc ve az yer kaplay\u0131n;<\/li>    <li>\u0130ste\u011fe ba\u011fl\u0131 olarak d\u00f6rt sabit ayak veya d\u00f6rt tekerlek; sabit ayak daha stabildir;<\/li>    <li>Kal\u0131p, \u015fi\u015felerinizin veya kutular\u0131n\u0131z\u0131n boyutuna ve \u015fekline g\u00f6re \u00f6zelle\u015ftirilebilir.<\/li>    <li>Demir kapakl\u0131 cam \u015fi\u015fe, vakumlu kapaklama i\u00e7in en iyi se\u00e7imdir.<\/li>    <li>\u00d6zelle\u015ftirme hizmeti mevcuttur. &nbsp;<\/li> <\/ol>    <h2 class=\"wp-block-heading\" id=\"h-the-structure-and-details-of-the-vacuum-capping-machine\">Vakum kapatma makinesinin yap\u0131s\u0131 ve detaylar\u0131<\/h2>    <p>Vakumlu kapatma makinesi, PLC dokunmatik ekran, d\u00f6ner silindir, vidal\u0131 kapak kal\u0131b\u0131, vakum pompas\u0131 vb.'den olu\u015fur. PLC dokunmatik ekran, dil kullan\u0131m\u0131, vakum s\u00fcresi, vidal\u0131 kapatma gecikmesi, kald\u0131rma s\u00fcresi gibi bir\u00e7ok parametreyi ayarlayabilir , vb. Bir dizi vidal\u0131 kapak kal\u0131b\u0131, ayn\u0131 boyut ve \u015fekle sahip d\u00f6rt adettir. Kapatma h\u0131z\u0131 dakikada 10-20 \u015fi\u015fe veya kutudur. Her kal\u0131p seti, \u015fi\u015fenin veya teneke kutunun boyutuna ve \u015fekline g\u00f6re \u00f6zelle\u015ftirilir. Vakum pompas\u0131, \u015fi\u015feler veya teneke kutular kal\u0131b\u0131n i\u00e7indeyken bir boru arac\u0131l\u0131\u011f\u0131yla havay\u0131 d\u0131\u015far\u0131 atar.<\/p>    <figure class=\"wp-block-image aligncenter size-full\"><img loading=\"lazy\" decoding=\"async\" width=\"750\" height=\"500\" src=\"https:\/\/tianhuipackingmachine.com\/wp-content\/uploads\/2021\/08\/the-structure-of-vacuum-capping-machine.jpg\" alt=\"vakum kapatma makinesinin yap\u0131s\u0131\" class=\"wp-image-2017\" srcset=\"https:\/\/tianhuipackingmachine.com\/wp-content\/uploads\/2021\/08\/the-structure-of-vacuum-capping-machine.jpg 750w, https:\/\/tianhuipackingmachine.com\/wp-content\/uploads\/2021\/08\/the-structure-of-vacuum-capping-machine-300x200.jpg 300w\" sizes=\"auto, (max-width: 750px) 100vw, 750px\" \/><figcaption class=\"wp-element-caption\">Vakumlu Kapatma Makinas\u0131n\u0131n Yap\u0131s\u0131<\/figcaption><\/figure>    <h2 class=\"wp-block-heading\" id=\"h-why-a-glass-bottle-or-can-with-an-iron-cover-is-the-best-choice\">Neden demir kapakl\u0131 bir cam \u015fi\u015fe veya kutu en iyi se\u00e7imdir?<\/h2>    <p>Vakum kapatma makinesi, vakum ortam\u0131 olu\u015fturacak \u015fekilde \u015fi\u015fedeki havay\u0131 bo\u015faltacakt\u0131r. Plastik bir \u015fi\u015fe kullan\u0131yorsan\u0131z, vakumla kapatma s\u0131ras\u0131nda deforme olmas\u0131 muhtemeldir. Kapak demir de\u011filse kapak ve s\u0131zd\u0131rmazl\u0131k s\u0131k\u0131 olmayabilir. Demir kapakl\u0131 cam \u015fi\u015feler veya teneke kutular, cam ve demir malzemelerin \u00f6zelli\u011fine ba\u011fl\u0131 olarak iyi bir \u015fekilde kapat\u0131labilir ve uzun s\u00fcre vakumda kalabilir. Saklama s\u00fcresini uzatmak i\u00e7in cam \u015fi\u015fe veya demir kapakl\u0131 teneke kutu en iyi se\u00e7imdir. Vakumlu kapatma, g\u0131dan\u0131n bozulmas\u0131n\u0131 etkili bir \u015fekilde yava\u015flatacakt\u0131r.<\/p>    <h2 class=\"wp-block-heading\" id=\"h-related-machines\">\u0130lgili makineler<\/h2>    <p class=\"translation-block\"><strong><a href=\"https:\/\/tianhuipackingmachine.com\/tr\/\">Bir paketleme makinesi \u00fcreticisi ve tedarik\u00e7isi olarak<\/a><\/strong>, torba paketleme makinesi, toz paketleme makinesi, gran\u00fcl paketleme makinesi, s\u0131v\u0131 paketleme makinesi, vakum paketleme makinesi, yast\u0131k paketleme makinesi, otomatik \u015fi\u015fe doldurma ve paketleme makinesi, <strong><a href=\"https:\/\/tianhuipackingmachine.com\/tr\/automatic-round-bottle-labeling-machine-sale\/\">otomatik yuvarlak \u015fi\u015fe etiketleme makinesi<\/a><\/strong> vb. de sa\u011fl\u0131yoruz. \u00c7e\u015fitli paketleme makineleri mevcuttur. Ayr\u0131ca, konvey\u00f6r bant, tarih yaz\u0131c\u0131, hava kompres\u00f6r\u00fc de mevcuttur. Bu arada, OEM hizmetini destekliyoruz. Daha fazla ayr\u0131nt\u0131 almak i\u00e7in bize ula\u015f\u0131n, size en k\u0131sa s\u00fcrede yan\u0131t verelim.<\/p>","protected":false},"excerpt":{"rendered":"<p>Vacuum capping machine is a screw capper that can exhaust the air of bottles or cans through a vacuum pump so that the food in a vacuum circumstance extend storage time. The equipment body adopts durable stainless steel material. This vacuum bottle sealer is equipped with a PLC touch screen, four moulds. The mould is [&hellip;]<\/p>\n","protected":false},"author":1,"featured_media":2014,"parent":0,"template":"","tags":[168],"product-type":[144],"class_list":["post-2012","product","type-product","status-publish","has-post-thumbnail","hentry","tag-capping-machine","product-type-supporting-equipment"],"_links":{"self":[{"href":"https:\/\/tianhuipackingmachine.com\/tr\/wp-json\/wp\/v2\/product\/2012","targetHints":{"allow":["GET"]}}],"collection":[{"href":"https:\/\/tianhuipackingmachine.com\/tr\/wp-json\/wp\/v2\/product"}],"about":[{"href":"https:\/\/tianhuipackingmachine.com\/tr\/wp-json\/wp\/v2\/types\/product"}],"author":[{"embeddable":true,"href":"https:\/\/tianhuipackingmachine.com\/tr\/wp-json\/wp\/v2\/users\/1"}],"wp:featuredmedia":[{"embeddable":true,"href":"https:\/\/tianhuipackingmachine.com\/tr\/wp-json\/wp\/v2\/media\/2014"}],"wp:attachment":[{"href":"https:\/\/tianhuipackingmachine.com\/tr\/wp-json\/wp\/v2\/media?parent=2012"}],"wp:term":[{"taxonomy":"post_tag","embeddable":true,"href":"https:\/\/tianhuipackingmachine.com\/tr\/wp-json\/wp\/v2\/tags?post=2012"},{"taxonomy":"product-type","embeddable":true,"href":"https:\/\/tianhuipackingmachine.com\/tr\/wp-json\/wp\/v2\/product-type?post=2012"}],"curies":[{"name":"wp","href":"https:\/\/api.w.org\/{rel}","templated":true}]}}