{"id":1984,"date":"2021-07-29T16:56:16","date_gmt":"2021-07-29T08:56:16","guid":{"rendered":"https:\/\/tianhuipackingmachine.com\/?page_id=1984"},"modified":"2022-04-27T11:26:38","modified_gmt":"2022-04-27T03:26:38","slug":"automatic-round-bottle-labeling-machine-sale","status":"publish","type":"product","link":"https:\/\/tianhuipackingmachine.com\/tr\/automatic-round-bottle-labeling-machine-sale\/","title":{"rendered":"Otomatik yuvarlak \u015fi\u015fe etiketleme makinesi"},"content":{"rendered":"<p class=\"translation-block\"><strong>Otomatik dairesel \u015fi\u015fe etiketleme makinesi<\/strong> yuvarlak \u015fi\u015felere etiket ka\u011f\u0131d\u0131 rulolar\u0131n\u0131 yap\u0131\u015ft\u0131rabilen ekipmand\u0131r. Etiketler, \u015fi\u015fenin \u00e7evresine tam etiket veya \u00e7ift etiket halinde olabilir. Plastik \u015fi\u015feler, cam \u015fi\u015feler, metal \u015fi\u015feler vb. i\u00e7in uygundur. PLC dokunmatik ekranla kontrol edilen, dil kullan\u0131m\u0131, etiketleme h\u0131z\u0131, \u015fi\u015fe sayma \u00fcretim temizli\u011fi, etiket \u00e7\u0131k\u0131\u015f testi, kilit \u015fi\u015fe parametre ayar\u0131 gibi \u00f6zelliklerle donat\u0131lm\u0131\u015ft\u0131r. Ayr\u0131ca, \u015fi\u015fe \u00e7\u00f6z\u00fcc\u00fc, otomatik s\u0131v\u0131 veya yap\u0131\u015ft\u0131r\u0131c\u0131 dolum ve ambalaj makinesi, konvey\u00f6r band\u0131, vidal\u0131 kapaklama makinesi, tarih yaz\u0131c\u0131 vb. gibi \u00fcr\u00fcnler de sunuyoruz. Ayn\u0131 zamanda ger\u00e7ek gereksinimlerinize g\u00f6re OEM hizmeti de mevcuttur. Daha fazla bilgi ve en iyi fiyat i\u00e7in bizimle ileti\u015fime ge\u00e7in.<\/p>    <div class=\"wp-block-columns is-layout-flex wp-container-core-columns-is-layout-28f84493 wp-block-columns-is-layout-flex\"> <div class=\"wp-block-column is-layout-flow wp-block-column-is-layout-flow\"> <div class=\"wp-block-image\"><figure class=\"aligncenter size-full\"><img loading=\"lazy\" decoding=\"async\" width=\"750\" height=\"500\" src=\"https:\/\/tianhuipackingmachine.com\/wp-content\/uploads\/2021\/07\/automatic-round-bottle-labeler.jpg\" alt=\"otomatik yuvarlak \u015fi\u015fe etiketleme makinesi\" class=\"wp-image-1988\" srcset=\"https:\/\/tianhuipackingmachine.com\/wp-content\/uploads\/2021\/07\/automatic-round-bottle-labeler.jpg 750w, https:\/\/tianhuipackingmachine.com\/wp-content\/uploads\/2021\/07\/automatic-round-bottle-labeler-300x200.jpg 300w\" sizes=\"auto, (max-width: 750px) 100vw, 750px\" \/><figcaption>otomatik yuvarlak \u015fi\u015fe etiketleme makinesi<\/figcaption><\/figure><\/div> <\/div> <\/div>    <h2 class=\"wp-block-heading\" id=\"h-structures-of-automatic-round-bottle-labeling-machine\">Otomatik yuvarlak \u015fi\u015fe etiketleme makinesinin yap\u0131lar\u0131<\/h2>    <p class=\"translation-block\">Otomatik dairesel \u015fi\u015fe etiketleme makinesi PLC dokunmatik ekran\u0131, etiketleme motoru, makaralar, \u015fi\u015fe durdurma tekeri olan ayr\u0131 bir \u015fi\u015fe ayg\u0131t\u0131, elektrik panosu, rulo etiket ayg\u0131t\u0131, \u00e7\u0131k\u0131\u015f konvey\u00f6r\u00fc vb. ile olu\u015fur. G\u00f6vdesi dayan\u0131kl\u0131 paslanmaz \u00e7elikten yap\u0131lm\u0131\u015ft\u0131r. Dil kullan\u0131m\u0131, ayr\u0131 \u015fi\u015fe ayg\u0131t\u0131n\u0131n \u00e7al\u0131\u015fma h\u0131z\u0131, etiketleme s\u00fcresi vb. PLC dokunmatik ekranda ayarlan\u0131r ve toplam \u00fcretim, etiketleme say\u0131m\u0131 gibi bilgiler g\u00f6sterilir. Etiketler motorla tahrik edilen makaralar\u0131n \u00fczerinden ge\u00e7er. Konvey\u00f6r band\u0131ndaki \u015fi\u015feler durdurma tekeri ile ayr\u0131l\u0131r. Otomatik \u015fi\u015fe etiketleme makinesinin bile\u015fenlerinin boyutlar\u0131 ihtiya\u00e7lar\u0131n\u0131z do\u011frultusunda \u00f6zelle\u015ftirilir. Daha fazla bilgi mi istiyorsunuz? <strong><a href=\"https:\/\/tianhuipackingmachine.com\/tr\/contact\/\">Bizimle ileti\u015fim kurun<\/a><\/strong> ve en k\u0131sa s\u00fcrede size d\u00f6n\u00fc\u015f yapaca\u011f\u0131z.<\/p>    <div class=\"wp-block-image\"><figure class=\"aligncenter size-full\"><img loading=\"lazy\" decoding=\"async\" width=\"750\" height=\"500\" src=\"https:\/\/tianhuipackingmachine.com\/wp-content\/uploads\/2021\/07\/structure-of-automatic-round-bottle-labeling-machine.jpg\" alt=\"otomatik yuvarlak \u015fi\u015fe etiketleme makinesinin yap\u0131s\u0131\" class=\"wp-image-2001\" srcset=\"https:\/\/tianhuipackingmachine.com\/wp-content\/uploads\/2021\/07\/structure-of-automatic-round-bottle-labeling-machine.jpg 750w, https:\/\/tianhuipackingmachine.com\/wp-content\/uploads\/2021\/07\/structure-of-automatic-round-bottle-labeling-machine-300x200.jpg 300w\" sizes=\"auto, (max-width: 750px) 100vw, 750px\" \/><figcaption>otomatik yuvarlak \u015fi\u015fe etiketleme makinesinin yap\u0131s\u0131<\/figcaption><\/figure><\/div>    <h2 class=\"wp-block-heading\" id=\"h-features-benefits\">\u00d6zellikler ve avantajlar<\/h2>    <ol class=\"wp-block-list\" type=\"1\"><li>Kurulumu, \u00e7al\u0131\u015ft\u0131rmas\u0131 ve bak\u0131m\u0131 basit yap\u0131.<\/li><li>Kararl\u0131, makul tasar\u0131ml\u0131, d\u00fc\u015f\u00fck g\u00fcr\u00fclt\u00fcl\u00fc, verimli ve do\u011fru bir \u015fekilde \u00e7al\u0131\u015ft\u0131r\u0131n.<\/li><li>PLC dokunmatik ekran\u0131n kullan\u0131m\u0131 kolayd\u0131r.<\/li><li>Konvey\u00f6r bant geni\u015fli\u011fi, etiketleme tekerle\u011fi geni\u015fli\u011fi ve y\u00fcksekli\u011fi ayarlanabilir.<\/li><li>D\u00f6rt tekerlek veya sabit alt iste\u011fe ba\u011fl\u0131<\/li><li>\u00d6zelle\u015ftirme hizmeti mevcut<\/li><\/ol>    <h2 class=\"wp-block-heading\" id=\"h-automatic-round-bottle-labeler-working-video\">Otomatik yuvarlak \u015fi\u015fe etiketleme makinesi \u00e7al\u0131\u015fma videosu <\/h2>   <figure class=\"wp-block-embed-youtube wp-block-embed is-type-video is-provider-youtube wp-embed-aspect-16-9 wp-has-aspect-ratio\"><div class=\"lyte-wrapper\" title=\"Otomatik Yuvarlak \u015ei\u015fe Etiketleme Makinas\u0131 | Etiket Aplikat\u00f6r\u00fc\" style=\"width:853px;max-width:100%;margin:5px auto;\"><div class=\"lyMe\" id=\"WYL_hKvurQpWX5I\" itemprop=\"video\" itemscope itemtype=\"https:\/\/schema.org\/VideoObject\"><div><meta itemprop=\"thumbnailUrl\" content=\"https:\/\/i.ytimg.com\/vi\/hKvurQpWX5I\/hqdefault.jpg\" \/><meta itemprop=\"embedURL\" content=\"https:\/\/www.youtube.com\/embed\/hKvurQpWX5I\" \/><meta itemprop=\"duration\" content=\"PT2M37S\" \/><meta itemprop=\"uploadDate\" content=\"2021-10-14T07:39:26Z\" \/><\/div><div id=\"lyte_hKvurQpWX5I\" data-src=\"https:\/\/i.ytimg.com\/vi\/hKvurQpWX5I\/hqdefault.jpg\" class=\"pL\"><div class=\"tC\"><div class=\"tT\" itemprop=\"name\">Otomatik Yuvarlak \u015ei\u015fe Etiketleme Makinas\u0131 | Etiket Aplikat\u00f6r\u00fc<\/div><\/div><div class=\"play\"><\/div><div class=\"ctrl\"><div class=\"Lctrl\"><\/div><div class=\"Rctrl\"><\/div><\/div><\/div><noscript><a href=\"https:\/\/youtu.be\/hKvurQpWX5I\" rel=\"nofollow noopener\" target=\"_blank\"><img loading=\"lazy\" decoding=\"async\" src=\"https:\/\/i.ytimg.com\/vi\/hKvurQpWX5I\/0.jpg\" alt=\"Otomatik Yuvarlak \u015ei\u015fe Etiketleme Makinas\u0131 | Etiket Aplikat\u00f6r\u00fc\" width=\"853\" height=\"460\" \/><\/a><\/noscript><meta itemprop=\"description\" content=\"The automatic round bottle labeling machine can paste a whole long label or double short labels on the round bottles. The equipment size can be customized according to the diameter and the height of the round bottle. It can not only be used alone but also match with other machines to compose a production line, such as filling machine, capping machine, heat shrink packing machine, carton sealing machine, and so on. Email: sales@toppackingmachine.com Whatsapp\/Tel: +86 17329326135 More details on the website: https:\/\/tianhuipackingmachine.com\/automatic-round-bottle-labeling-machine-sale\/\"><\/div><\/div><div class=\"lL\" style=\"max-width:100%;width:853px;margin:5px auto;\"> <a href=\"https:\/\/youtu.be\/hKvurQpWX5I\" target=\"_blank\" rel=\"noopener\">Bu videoyu YouTube'da izleyin<\/a>.<\/div><figcaption><\/figcaption><\/figure>   <h2 class=\"wp-block-heading\" id=\"h-various-applications-of-automatic-round-bottle-labeling-equipment\">Otomatik yuvarlak \u015fi\u015fe etiketleme ekipman\u0131n\u0131n \u00e7e\u015fitli uygulamalar\u0131<\/h2>    <p class=\"translation-block\">Otomatik dairesel \u015fi\u015fe paketleme makinesi plastik \u015fi\u015feler, cam \u015fi\u015feler, metal \u015fi\u015feler vb. i\u00e7in uygundur ve g\u0131da, i\u00e7ecek, g\u00fcnl\u00fck ihtiya\u00e7lar, ila\u00e7, soslar, kozmetik, kimyasallar vb. end\u00fcstrilerde geni\u015f kullan\u0131m alan\u0131na sahiptir. G\u00fcnl\u00fck ya\u015fam\u0131m\u0131zda su, bira, \u015farap, <strong><a href=\"https:\/\/tianhuipackingmachine.com\/tr\/oil-packaging-machine\/\">ya\u011f<\/a><\/strong>, baharat, souse, ila\u00e7, s\u00fct, at\u0131\u015ft\u0131rmal\u0131k kutular\u0131 vb. bulunan \u015fi\u015feler g\u00f6r\u00fcr\u00fcz. Otomatik bir dairesel \u015fi\u015fe etiketleyici yaln\u0131zca \u015fi\u015fe \u00e7evresine bir b\u00fct\u00fcn etiket yap\u0131\u015ft\u0131rabilirken \u00f6n ve arkaya iki etiket yap\u0131\u015ft\u0131rabilir. Ayr\u0131ca di\u011fer makinelerle \u00e7al\u0131\u015fabilir, \u00f6rne\u011fin \u015fi\u015fe \u00e7\u00f6z\u00fcc\u00fc, otomatik s\u0131v\u0131 dolum, paketleme makinesi, konvey\u00f6r bant, vidal\u0131 kapaklama makinesi, tarih yaz\u0131c\u0131 vb. Bu makineler birlikte \u00e7al\u0131\u015ft\u0131\u011f\u0131nda \u00fcretim otomasyonunu \u00f6nemli \u00f6l\u00e7\u00fcde art\u0131rabilir. Bunlar\u0131 ar\u0131yorsan\u0131z, daha fazla bilgi ve en iyi fiyat i\u00e7in bizimle ileti\u015fime ge\u00e7in.<\/p>    <div class=\"wp-block-image\"><figure class=\"aligncenter size-full\"><img loading=\"lazy\" decoding=\"async\" width=\"750\" height=\"500\" src=\"https:\/\/tianhuipackingmachine.com\/wp-content\/uploads\/2021\/07\/labeling-machines-for-all-kinds-of-round-bottles.jpg\" alt=\"her t\u00fcrl\u00fc yuvarlak \u015fi\u015fe i\u00e7in etiketleme makineleri\" class=\"wp-image-2003\" srcset=\"https:\/\/tianhuipackingmachine.com\/wp-content\/uploads\/2021\/07\/labeling-machines-for-all-kinds-of-round-bottles.jpg 750w, https:\/\/tianhuipackingmachine.com\/wp-content\/uploads\/2021\/07\/labeling-machines-for-all-kinds-of-round-bottles-300x200.jpg 300w\" sizes=\"auto, (max-width: 750px) 100vw, 750px\" \/><figcaption>her t\u00fcrl\u00fc yuvarlak \u015fi\u015fe i\u00e7in etiketleme makineleri<\/figcaption><\/figure><\/div>    <h2 class=\"wp-block-heading\" id=\"h-operating-procedures\">\u00c7al\u0131\u015ft\u0131rma prosed\u00fcrleri<\/h2>    <ol class=\"wp-block-list\" type=\"1\"><li>Etiketleri \u015femaya g\u00f6re tak\u0131n ve her par\u00e7an\u0131n y\u00fcksekli\u011fini ayarlay\u0131n.<\/li><li>Etiketin konumunun do\u011fru olup olmad\u0131\u011f\u0131n\u0131 kontrol edin.<\/li><li>Ayr\u0131 \u015fi\u015fe cihaz\u0131n\u0131n geni\u015fli\u011fini ayarlay\u0131n.<\/li><li>G\u00fc\u00e7 kayna\u011f\u0131n\u0131 ba\u011flay\u0131n, fotoelektrik dedekt\u00f6r\u00fcn anahtar\u0131n\u0131 a\u00e7\u0131n. \u00a0<\/li><li>Makineyi test ederek motor ve etiket g\u00f6nderme anahtar\u0131n\u0131 a\u00e7\u0131n. Yanl\u0131\u015f bir \u015fey varsa d\u00fczeltin.<\/li><li>Ekipman\u0131n hatas\u0131z oldu\u011fundan emin olduktan sonra \u00fcretime ba\u015flayabilirsiniz.<\/li><li>Kullanmad\u0131\u011f\u0131n\u0131zda g\u00fc\u00e7 kayna\u011f\u0131n\u0131n ba\u011flant\u0131s\u0131n\u0131 kesin.<\/li><\/ol>    <h2 class=\"wp-block-heading\" id=\"h-attentions\">Dikkat<\/h2>    <ul class=\"wp-block-list\" type=\"1\"><li>G\u00fcc\u00fc a\u00e7madan \u00f6nce makinenin t\u00fcm par\u00e7alar\u0131n\u0131n yerine tak\u0131l\u0131 olup olmad\u0131\u011f\u0131n\u0131 kontrol edin.<\/li><li>Kullan\u0131rken topraklama kablosunun ba\u011fland\u0131\u011f\u0131ndan emin olun.<\/li><li>Etiketlerin y\u00f6n\u00fcn\u00fcn ekipmana uygun olup olmad\u0131\u011f\u0131na dikkat edin.<\/li><li>Etiketleri d\u00fczle\u015ftirip gerdi\u011finizden emin olun.<\/li><li>Fotoelektrik dedekt\u00f6r\u00fc yanl\u0131\u015f konuma getirin, aksi takdirde yap\u0131\u015fkan etiket d\u00fczg\u00fcn olmaz.<\/li><li>Biberon ta\u015f\u0131ma ve etiket yolunun engellenmedi\u011finden emin olun.<\/li><\/ul>    <h2 class=\"wp-block-heading\" id=\"h-related-bottle-labeling-machine-for-sale\">Sat\u0131l\u0131k ilgili \u015fi\u015fe etiketleme makinesi<\/h2>    <p class=\"translation-block\"><strong><a href=\"https:\/\/tianhuipackingmachine.com\/tr\/\">bir makine \u00fcreticisi ve tedarik\u00e7isi<\/a><\/strong> olarak, otomatik dairesel \u015fi\u015fe etiketleme makinesinin yan\u0131 s\u0131ra d\u00fcz \u015fi\u015fe etiketleme makinesi, k\u00fc\u00e7\u00fck \u015fi\u015fe etiketleme makinesi, k\u0131sa etiketler i\u00e7in dairesel \u015fi\u015fe etiketleme makinesi, d\u00fcz kutu veya \u00e7anta etiketleme makinesi, manuel dairesel \u015fi\u015fe etiketleme makinesi vb. sunuyoruz. D\u00fcz \u015fi\u015fe etiketleyici bir d\u00fcz taraf ya da iki d\u00fcz taraf iste\u011fe ba\u011fl\u0131 olarak yap\u0131\u015ft\u0131rabilir. K\u00fc\u00e7\u00fck \u015fi\u015fe etiketleyici, dudak parlat\u0131c\u0131s\u0131, kat\u0131 sak\u0131z, dairesel \u015fi\u015felerle kozmetik numuneleri gibi k\u00fc\u00e7\u00fck nesneler i\u00e7in uygundur. Manuel dairesel \u015fi\u015fe etiketleme makinesi, ayn\u0131 zamanda yar\u0131 otomatik dairesel \u015fi\u015fe etiketleme makinesi olarak da adland\u0131r\u0131l\u0131r; etiket i\u00e7in ki\u015finin etikete yap\u0131\u015ft\u0131raca\u011f\u0131 konuma el ile \u015fi\u015feyi koymas\u0131n\u0131 gerektirir. Ayr\u0131ca \u00f6zel gereksinimlere g\u00f6re \u00f6zelle\u015ftirme hizmetleri sunuyoruz. Bunlardan ilginiz varsa, daha fazla bilgi i\u00e7in bizimle ileti\u015fime ge\u00e7in.<\/p>","protected":false},"excerpt":{"rendered":"<p>Automatic round bottle labeling machine is the equipment that can paste rolls of sticker paper label on the round bottles. The labels include a whole label or double labels around the circumference of the bottle. It is suitable for various bottles, referring to plastic bottles, glass bottles, metal bottles, etc.&nbsp;It\u2019s equipped with a PLC touch [&hellip;]<\/p>\n","protected":false},"author":1,"featured_media":1988,"parent":0,"template":"","tags":[173],"product-type":[144],"class_list":["post-1984","product","type-product","status-publish","has-post-thumbnail","hentry","tag-bottle-labeling-machine","product-type-supporting-equipment"],"_links":{"self":[{"href":"https:\/\/tianhuipackingmachine.com\/tr\/wp-json\/wp\/v2\/product\/1984","targetHints":{"allow":["GET"]}}],"collection":[{"href":"https:\/\/tianhuipackingmachine.com\/tr\/wp-json\/wp\/v2\/product"}],"about":[{"href":"https:\/\/tianhuipackingmachine.com\/tr\/wp-json\/wp\/v2\/types\/product"}],"author":[{"embeddable":true,"href":"https:\/\/tianhuipackingmachine.com\/tr\/wp-json\/wp\/v2\/users\/1"}],"wp:featuredmedia":[{"embeddable":true,"href":"https:\/\/tianhuipackingmachine.com\/tr\/wp-json\/wp\/v2\/media\/1988"}],"wp:attachment":[{"href":"https:\/\/tianhuipackingmachine.com\/tr\/wp-json\/wp\/v2\/media?parent=1984"}],"wp:term":[{"taxonomy":"post_tag","embeddable":true,"href":"https:\/\/tianhuipackingmachine.com\/tr\/wp-json\/wp\/v2\/tags?post=1984"},{"taxonomy":"product-type","embeddable":true,"href":"https:\/\/tianhuipackingmachine.com\/tr\/wp-json\/wp\/v2\/product-type?post=1984"}],"curies":[{"name":"wp","href":"https:\/\/api.w.org\/{rel}","templated":true}]}}