{"id":1721,"date":"2021-07-06T17:53:50","date_gmt":"2021-07-06T09:53:50","guid":{"rendered":"https:\/\/tianhuipackingmachine.com\/?page_id=1721"},"modified":"2024-03-08T09:30:29","modified_gmt":"2024-03-08T01:30:29","slug":"bag-packaging-machine","status":"publish","type":"product","link":"https:\/\/tianhuipackingmachine.com\/tr\/bag-packaging-machine\/","title":{"rendered":"\u00c7anta paketleme makinesi"},"content":{"rendered":"<p class=\"translation-block\"><strong>Po\u015fet paketleme makinesi<\/strong>, \u00e7e\u015fitli toz, kat\u0131, s\u0131v\u0131 ve macun t\u00fcrlerinin paketlenmesi i\u00e7in uygundur. Po\u015fet paketleme \u00fcr\u00fcnleri, s\u00fcpermarketler, marketler, kozmetik d\u00fckkanlar\u0131, eczaneler, h\u0131rdavat\u00e7\u0131lar gibi g\u00fcnl\u00fck ya\u015fam\u0131m\u0131zda her yerde bulunmaktad\u0131r. Otomasyon derecesine g\u00f6re, po\u015fet paketleme makinesi tam otomatik paketleme makinesi ve yar\u0131 otomatik paketleme makinesi olarak ikiye ayr\u0131lmaktad\u0131r. Tam otomatik po\u015fet paketleme makinesi, tartma, po\u015fet olu\u015fturma, doldurma, m\u00fch\u00fcrleme, kesme ve sayma i\u015flemlerinin tamam\u0131n\u0131 otomatik olarak ger\u00e7ekle\u015ftirebilir. Yar\u0131 otomatik po\u015fet paketleme makinesi ise po\u015feti makineye elle yerle\u015ftirmeyi gerektirir. Bir po\u015fet paketleme makinesi sat\u0131n almadan \u00f6nce, paketlemek istedi\u011finiz \u00fcr\u00fcnleri ve istedi\u011finiz paketleme torbalar\u0131n\u0131n boyutlar\u0131n\u0131 bize bildirmeniz daha iyi olur, b\u00f6ylece size daha faydal\u0131 \u00f6nerilerde bulunabiliriz. Ayr\u0131ca, \u00f6zel hizmet sunuyoruz. Daha fazla detay almak i\u00e7in hemen bizimle ileti\u015fime ge\u00e7in.<\/p>    <h2 class=\"wp-block-heading\" id=\"h-various-excellent-bag-packaging-machine-for-sale\">Sat\u0131l\u0131k \u00e7e\u015fitli m\u00fckemmel torba paketleme makinesi<\/h2>    <p>\u00dcst Paketleme Makineleri'de sat\u0131l\u0131k torba paketleme makinesi, toz paketleme makinesi, gran\u00fcl paketleme makinesi, s\u0131v\u0131 paketleme makinesi, yaka paketleme makinesi, devrilme koval\u0131 paketleme makinesi, vakum paketleme makinesi vb. ile ilgilidir. Toz torba paketleme makinesi, malzemeleri 50kg i\u00e7inde paketleyebilir . 0-80g otomatik po\u015fet toz paketleme makinas\u0131, 0-1kg otomatik toz paketleme makinas\u0131, 1-5kg yar\u0131 otomatik toz paketleme makinas\u0131, 5-50kg yar\u0131 otomatik paketleme makinas\u0131 bulunmaktad\u0131r. Gran\u00fcl i\u00e7in ayr\u0131ca k\u00fc\u00e7\u00fck bir gran\u00fcl paketleme makinesi veya b\u00fcy\u00fck bir gran\u00fcl paketleme makinesi de se\u00e7ebilirsiniz. Vakum paketleme makinesi, tek hazneli paketleme makinesi, \u00e7ift hazneli paketleme makinesi ve stre\u00e7 film paketleme makinesinden olu\u015fur. Ayr\u0131ca paketleme po\u015feti stilleri arka contal\u0131, 3 tarafl\u0131 contal\u0131, 4 tarafl\u0131 contal\u0131, iste\u011fe ba\u011fl\u0131 piramit torbad\u0131r. Ayr\u0131ca ger\u00e7ek gereksinimlerinize g\u00f6re ki\u015fiselle\u015ftirme hizmetini de destekliyoruz. Torba paketleme ekipmanlar\u0131m\u0131zla ilgileniyor musunuz? Daha fazla bilgi i\u00e7in bizimle ileti\u015fime ge\u00e7in.<\/p>    <div class=\"wp-block-columns is-layout-flex wp-container-core-columns-is-layout-28f84493 wp-block-columns-is-layout-flex\"> <div class=\"wp-block-column is-layout-flow wp-block-column-is-layout-flow\"> <figure class=\"wp-block-image size-large\"><img loading=\"lazy\" decoding=\"async\" width=\"600\" height=\"450\" src=\"https:\/\/tianhuipackingmachine.com\/wp-content\/uploads\/2021\/06\/powder-pouch-packing-machine-2.jpg\" alt=\"toz kese paketleme makinesi tedarik\u00e7isi\" class=\"wp-image-1351\" srcset=\"https:\/\/tianhuipackingmachine.com\/wp-content\/uploads\/2021\/06\/powder-pouch-packing-machine-2.jpg 600w, https:\/\/tianhuipackingmachine.com\/wp-content\/uploads\/2021\/06\/powder-pouch-packing-machine-2-300x225.jpg 300w\" sizes=\"auto, (max-width: 600px) 100vw, 600px\" \/><figcaption>Toz Kese Paketleme Makinas\u0131<\/figcaption><\/figure> <\/div>    <div class=\"wp-block-column is-layout-flow wp-block-column-is-layout-flow\"> <h3 class=\"has-text-color wp-block-heading\" id=\"h-0-80g-pouch-powder-packing-equipment-parameters\" style=\"color:#ff5200\">0-80g kese tozu paketleme ekipman\u0131 parametreleri<\/h3>    <ul class=\"wp-block-list\"><li>Ambalaj stili (\u00c7anta stili): 3 tarafl\u0131 conta \/ arka conta \/ 4 tarafl\u0131 conta<\/li><li>Paketleme h\u0131z\u0131: 20-80 torba\/dak<\/li><li>G\u00fc\u00e7 T\u00fcketimi: 1.8kw<\/li><li>A\u011f\u0131rl\u0131k: 250 kg<\/li><li>Boyutlar: 650*1050*1950mm<\/li><li>Ambalaj a\u011f\u0131rl\u0131\u011f\u0131: 0-80g<\/li><li>Torba geni\u015fli\u011fi: 20-150 mm (eski torbay\u0131 de\u011fi\u015ftirin)<\/li><li>\u00c7anta uzunlu\u011fu: 30-180mm ayarlama<\/li><li>Not: \u00f6zel servis mevcut<\/li><\/ul> <\/div> <\/div>    <div class=\"wp-block-columns is-layout-flex wp-container-core-columns-is-layout-28f84493 wp-block-columns-is-layout-flex\"> <div class=\"wp-block-column is-layout-flow wp-block-column-is-layout-flow\"> <figure class=\"wp-block-image size-large\"><img loading=\"lazy\" decoding=\"async\" width=\"600\" height=\"450\" src=\"https:\/\/tianhuipackingmachine.com\/wp-content\/uploads\/2021\/06\/snacks-granule-packing-machine.jpg\" alt=\"sat\u0131l\u0131k aperatifler gran\u00fcl paketleme makinesi\" class=\"wp-image-1060\" srcset=\"https:\/\/tianhuipackingmachine.com\/wp-content\/uploads\/2021\/06\/snacks-granule-packing-machine.jpg 600w, https:\/\/tianhuipackingmachine.com\/wp-content\/uploads\/2021\/06\/snacks-granule-packing-machine-300x225.jpg 300w\" sizes=\"auto, (max-width: 600px) 100vw, 600px\" \/><figcaption>At\u0131\u015ft\u0131rmal\u0131klar Gran\u00fcl Paketleme Makinas\u0131<\/figcaption><\/figure> <\/div>    <div class=\"wp-block-column is-layout-flow wp-block-column-is-layout-flow\"> <h3 class=\"has-text-color wp-block-heading\" id=\"h-th-450-granule-packing-machine-parameters\" style=\"color:#ff5200\">TH-450 Gran\u00fcl Paketleme Makinas\u0131 Parametreleri<\/h3>    <ul class=\"wp-block-list\"><li>Paketleme \u00c7antas\u0131 stili (se\u00e7enek se\u00e7in): Arka conta\/3 tarafl\u0131 conta<\/li><li>Paketleme h\u0131z\u0131: 20-80 torba\/dak<\/li><li>G\u00fc\u00e7 T\u00fcketimi: 2.2kw<\/li><li>A\u011f\u0131rl\u0131k: 420 kg<\/li><li>Boyutlar: 750*750*21000mm<\/li><li>Ambalaj a\u011f\u0131rl\u0131\u011f\u0131: 100-1000 Gram<\/li><li>\u00c7anta geni\u015fli\u011fi: 20-200mm<\/li><li>\u00c7anta uzunlu\u011fu: 30-180mm ayarlama<\/li><li>Not: \u00d6zel mevcut<\/li><\/ul> <\/div> <\/div>    <div class=\"wp-block-columns is-layout-flex wp-container-core-columns-is-layout-28f84493 wp-block-columns-is-layout-flex\"> <div class=\"wp-block-column is-layout-flow wp-block-column-is-layout-flow\"> <figure class=\"wp-block-image size-large\"><img loading=\"lazy\" decoding=\"async\" width=\"600\" height=\"450\" src=\"https:\/\/tianhuipackingmachine.com\/wp-content\/uploads\/2021\/07\/multi-head-weigher-bag-lapel-packaging-machine-1.jpg\" alt=\"\u00e7ok kafal\u0131 tart\u0131 \u00e7antas\u0131 yaka paketleme makinesi\" class=\"wp-image-1734\" srcset=\"https:\/\/tianhuipackingmachine.com\/wp-content\/uploads\/2021\/07\/multi-head-weigher-bag-lapel-packaging-machine-1.jpg 600w, https:\/\/tianhuipackingmachine.com\/wp-content\/uploads\/2021\/07\/multi-head-weigher-bag-lapel-packaging-machine-1-300x225.jpg 300w\" sizes=\"auto, (max-width: 600px) 100vw, 600px\" \/><figcaption>\u00c7ok Kafal\u0131 Kantar \u00c7anta Yaka Paketleme Makinas\u0131<\/figcaption><\/figure> <\/div>    <div class=\"wp-block-column is-layout-flow wp-block-column-is-layout-flow\"> <h3 class=\"has-text-color wp-block-heading\" id=\"h-tz-520-multi-head-weigher-packaging-machine-parameters\" style=\"color:#ff5200\">TZ-520 \u00c7ok kafal\u0131 kantar paketleme makinesi parametreleri<\/h3>    <ul class=\"wp-block-list\"><li>Film geni\u015fli\u011fi: Maks.520<\/li><li>Torba uzunlu\u011fu (mm): 80-350<\/li><li>\u00c7anta geni\u015fli\u011fi (mm): 100-250<\/li><li>Film \u00e7ap\u0131 (mm): Maks.320<\/li><li>Paketleme h\u0131z\u0131 (P\/dak): 5-60<\/li><li>\u00d6l\u00e7\u00fcm aral\u0131\u011f\u0131: 2000<\/li><li>G\u00fc\u00e7(220v 50\/60HZ):3KW<\/li><li>Boyut (mm): 1488*1080*1490<\/li><li>Not: OEM servisi mevcuttur<\/li><\/ul> <\/div> <\/div>    <div class=\"wp-block-columns is-layout-flex wp-container-core-columns-is-layout-28f84493 wp-block-columns-is-layout-flex\"> <div class=\"wp-block-column is-layout-flow wp-block-column-is-layout-flow\"> <figure class=\"wp-block-image size-full\"><img loading=\"lazy\" decoding=\"async\" width=\"600\" height=\"450\" src=\"https:\/\/tianhuipackingmachine.com\/wp-content\/uploads\/2021\/12\/automatic-pillow-packing-machine.jpg\" alt=\"otomatik yast\u0131k paketleme makinesi\" class=\"wp-image-3611\" srcset=\"https:\/\/tianhuipackingmachine.com\/wp-content\/uploads\/2021\/12\/automatic-pillow-packing-machine.jpg 600w, https:\/\/tianhuipackingmachine.com\/wp-content\/uploads\/2021\/12\/automatic-pillow-packing-machine-480x360.jpg 480w\" sizes=\"auto, (max-width: 600px) 100vw, 600px\" \/><figcaption>Otomatik Yast\u0131k Paketleme Makinas\u0131<\/figcaption><\/figure> <\/div>    <div class=\"wp-block-column is-layout-flow wp-block-column-is-layout-flow\"> <h3 class=\"has-text-color wp-block-heading\" id=\"h-th-450-pillow-packing-equipment-parameters\" style=\"color:#ff5200\">TH-450 Yast\u0131k Paketleme Ekipman\u0131 Parametreleri<\/h3>    <ul class=\"wp-block-list\" id=\"block-2b2732e3-9ecb-491e-b7cd-ef8fd6cac921\"><li>Film geni\u015fli\u011fi: Maksimum 450 mm<\/li><li>\u00c7anta Uzunlu\u011fu: 130-450 mm<\/li><li>\u00c7anta Geni\u015fli\u011fi: 50-80 mm<\/li><li>\u00dcr\u00fcn Y\u00fcksekli\u011fi: Max.70 mm<\/li><li>Paketleme h\u0131z\u0131: 30-180 torba\/dak<\/li><li>G\u00fc\u00e7: 220V,50\/60HZ,2.6KVA<\/li><li>A\u011f\u0131rl\u0131k: 900 kg<\/li><li>Boyut: 4020*745*1450 mm<\/li><li>Not: \u00f6zelle\u015ftirilebilir<\/li><\/ul> <\/div> <\/div>    <h2 class=\"wp-block-heading\" id=\"h-characteristics-of-automatic-bag-pouch-packing-machine\">Otomatik torba kese paketleme makinesinin \u00f6zellikleri<\/h2>    <ol class=\"wp-block-list\" type=\"1\"><li>Kurulumu, \u00e7al\u0131\u015ft\u0131rmas\u0131 ve bak\u0131m\u0131 basit yap\u0131;<\/li><li>Neredeyse g\u00f6vde malzemeleri paslanmaz \u00e7elikten yap\u0131lm\u0131\u015ft\u0131r, dayan\u0131kl\u0131d\u0131r ve temizlenmesi kolayd\u0131r;<\/li><li>Kontrol panelinde dili, yap\u0131\u015ft\u0131rma s\u0131cakl\u0131\u011f\u0131n\u0131, paketleme h\u0131z\u0131n\u0131 vb. kullanarak ayarlay\u0131n.<\/li><li>\u00c7e\u015fitli torba ambalajlar\u0131 i\u00e7in uygundur; k\u00fc\u00e7\u00fck, orta veya b\u00fcy\u00fck; arka conta, 3 tarafl\u0131 conta, 4 tarafl\u0131 conta veya piramit torba;<\/li><li>Tamamen <strong><a href=\"https:\/\/tianhuipackingmachine.com\/tr\/automatic-packing-machine\/\">otomatik torba paketleme makinesi<\/a><\/strong> tart\u0131m, torba olu\u015fturma, doldurma, kapatma, kesme ve sayma i\u015flemlerinin tamam\u0131n\u0131 tamamlayabilir.<\/li><li>K\u00fc\u00e7\u00fck dikey torba paketleme makinesi, ta\u015f\u0131nmas\u0131 kolay d\u00f6rt tekerlekle donat\u0131lm\u0131\u015ft\u0131r.<\/li><li>Acil durum butonu g\u00fcvenlik \u00f6nlemi olarak tasarlanm\u0131\u015ft\u0131r.<\/li><li>OEM hizmeti mevcuttur.<\/li><\/ol>    <h2 class=\"wp-block-heading\" id=\"h-wide-applications-of-automatic-bag-packing-equipment\"><strong>Otomatik torba paketleme ekipman\u0131n\u0131n geni\u015f uygulamalar\u0131<\/strong><\/h2>    <p class=\"translation-block\">Po\u015fet paketleme makinesi, <strong><a href=\"https:\/\/tianhuipackingmachine.com\/tr\/powder-packing-machine\/\">toz paketleme makinesi<\/a><\/strong>, gran\u00fcl paketleme makinesi, s\u0131v\u0131 paketleme makinesi, yast\u0131k paketleme makinesi, vakum paketleme makinesi vb. ile ili\u015fkilidir.<\/p>    <ol class=\"wp-block-list\" type=\"1\"><li>Toz torba paketleme makinesi: kahve tozu, baharat tozu, s\u00fct tozu, un, m\u0131s\u0131r unu, amylum, kakao tozu, \u00e7e\u015fni, kimyasal toz vb.<\/li><li><strong><a href=\"https:\/\/tianhuipackingmachine.com\/tr\/granule-packing-machine\/\">Gran\u00fcl torba paketleme makinesi<\/a><\/strong>: Kahve \u00e7ekirde\u011fi, bakla, ye\u015fil soya fasulyesi, at\u0131\u015ft\u0131rmal\u0131klar, \u015feker, f\u0131st\u0131k, bisk\u00fcvi, yulaf ezmesi, \u015feker, patlam\u0131\u015f m\u0131s\u0131r, pirin\u00e7, \u00e7ay, tohum vb.<\/li><li>S\u0131v\u0131 torba paketleme makinesi: s\u00fct, meyve suyu, sirke, soya s\u00fct\u00fc, soda suyu vb.<\/li><li><strong><a href=\"https:\/\/tianhuipackingmachine.com\/tr\/pillow-packing-machine\/\">Yast\u0131k \u00e7anta paketleme makinesi<\/a><\/strong>: ekmek, bisk\u00fcvi, ay \u00e7\u00f6re\u011fi, \u0130svi\u00e7re b\u00f6re\u011fi, sebze, meyve, maske, havlu, k\u0131yafet, ah\u015fap i\u015fleri, sabun vb.<\/li><li><strong><a href=\"https:\/\/tianhuipackingmachine.com\/tr\/vacuum-packaging-machine\/\">Vakum po\u015feti paketleme makinesi<\/a><\/strong>: sosis, domuz past\u0131rmas\u0131, k\u0131zarm\u0131\u015f \u00f6rdek, tereya\u011f\u0131, pirin\u00e7, yer f\u0131st\u0131\u011f\u0131, m\u0131s\u0131r, kurutulmu\u015f meyve, bisk\u00fcvi, un, s\u0131\u011f\u0131r eti, domuz eti, tavuk, kurutulmu\u015f tofu, sebze, meyve vb.<\/li><\/ol>    <div class=\"wp-block-columns is-layout-flex wp-container-core-columns-is-layout-28f84493 wp-block-columns-is-layout-flex\"> <div class=\"wp-block-column is-layout-flow wp-block-column-is-layout-flow\"> <figure class=\"wp-block-image size-large\"><img loading=\"lazy\" decoding=\"async\" width=\"600\" height=\"450\" src=\"https:\/\/tianhuipackingmachine.com\/wp-content\/uploads\/2021\/05\/powder-packing-equipment-applications.jpg\" alt=\"toz paketleme ekipman\u0131 uygulamalar\u0131\" class=\"wp-image-700\" srcset=\"https:\/\/tianhuipackingmachine.com\/wp-content\/uploads\/2021\/05\/powder-packing-equipment-applications.jpg 600w, https:\/\/tianhuipackingmachine.com\/wp-content\/uploads\/2021\/05\/powder-packing-equipment-applications-300x225.jpg 300w\" sizes=\"auto, (max-width: 600px) 100vw, 600px\" \/><figcaption>Toz Paketleme Ekipman\u0131 Uygulamalar\u0131<\/figcaption><\/figure> <\/div>    <div class=\"wp-block-column is-layout-flow wp-block-column-is-layout-flow\"> <figure class=\"wp-block-image size-large\"><img loading=\"lazy\" decoding=\"async\" width=\"720\" height=\"484\" src=\"https:\/\/tianhuipackingmachine.com\/wp-content\/uploads\/2021\/05\/liquid-packing-products-display.jpg\" alt=\"s\u0131v\u0131 ambalaj \u00fcr\u00fcnleri ekran\u0131\" class=\"wp-image-720\" srcset=\"https:\/\/tianhuipackingmachine.com\/wp-content\/uploads\/2021\/05\/liquid-packing-products-display.jpg 720w, https:\/\/tianhuipackingmachine.com\/wp-content\/uploads\/2021\/05\/liquid-packing-products-display-300x202.jpg 300w, https:\/\/tianhuipackingmachine.com\/wp-content\/uploads\/2021\/05\/liquid-packing-products-display-272x182.jpg 272w\" sizes=\"auto, (max-width: 720px) 100vw, 720px\" \/><figcaption>S\u0131v\u0131 Ambalaj \u00dcr\u00fcnleri Te\u015fhir<\/figcaption><\/figure> <\/div> <\/div>    <h2 class=\"wp-block-heading\" id=\"h-do-you-know-about-price\"><strong>Fiyat hakk\u0131nda bilginiz var m\u0131? <\/strong><\/h2>    <p>Torba paketleme makinesi fiyat\u0131, dolgu malzemesinin durumu ve \u015fekilleri, paketleme torbas\u0131n\u0131n boyutu ve hangi cihazlar\u0131n e\u015fle\u015fece\u011fi ile yak\u0131ndan ilgilidir. \u00d6ncelikle torba paketleme makinesi toz, gran\u00fcl, par\u00e7a, s\u0131v\u0131, macun vb. paketleme ekipmanlar\u0131yla ilgilidir. Farkl\u0131 durum ve \u015fekillerdeki malzemeler i\u00e7in paketleme makinelerinin fiyatlar\u0131 farkl\u0131 yap\u0131 ve i\u015flevlere ihtiya\u00e7 duydu\u011fundan fiyatlar\u0131 da farkl\u0131d\u0131r. \u0130kinci olarak, \u00e7anta geni\u015fli\u011fi ve uzunlu\u011fu konusunda \u00f6zel gereksinimleriniz var m\u0131? Baz\u0131 makineler k\u00fc\u00e7\u00fck po\u015fetleri paketleyebilir, baz\u0131lar\u0131 ise b\u00fcy\u00fck po\u015fetleri paketleyebilir. Ambalaj po\u015fetlerinin boyutlar\u0131na g\u00f6re fiyatlar\u0131 farkl\u0131l\u0131k g\u00f6stermektedir. Son olarak tarih yaz\u0131c\u0131lar\u0131, nitrojen dolum cihazlar\u0131, ta\u015f\u0131ma bantlar\u0131, y\u00fckleme cihazlar\u0131 vb. gibi baz\u0131 cihazlar\u0131 opsiyonel olarak sunuyoruz. Eklenen cihazlara g\u00f6re fiyat de\u011fi\u015fecektir. Ayr\u0131ca, ger\u00e7ek ihtiya\u00e7lar\u0131n\u0131za g\u00f6re \u00f6zel bir hizmeti destekliyoruz. En iyi fiyat i\u00e7in bug\u00fcn bizimle ileti\u015fime ge\u00e7in.<\/p>    <h2 class=\"wp-block-heading\" id=\"h-similarity-differences\"><strong>Benzerlik ve farkl\u0131l\u0131klar<\/strong><strong><\/strong><\/h2>    <ol class=\"wp-block-list\" type=\"1\"><li>Toz, gran\u00fcl, s\u0131v\u0131 i\u00e7in torba paketleme makinesi dikey makinelerdir. Yaka paketleme ekipmanlar\u0131, devrilme koval\u0131 paketleme makinesi ve tek hazneli vakum paketleme makinesi de dikey makinelerdir.<\/li><li>Malzemelerin doldurulmas\u0131 i\u00e7in toz paketleme makinesi genellikle yatay, dikey veya e\u011fimli bir vidayla donat\u0131lm\u0131\u015ft\u0131r. Gran\u00fcl paketleme makinesi, dolum hacmini \u00f6l\u00e7mek i\u00e7in \u00f6l\u00e7\u00fcm kaplar\u0131 olan d\u00f6ner tablay\u0131 kullan\u0131r. S\u0131v\u0131 paketleme makinesi borular\u0131 benimser. Yaka paketleme makinesi \u00e7ok kafal\u0131 kantarla e\u015fle\u015fir. Devrilme kovas\u0131 paketleme makinesinde \u00e7ok say\u0131da kova bulunur.<\/li><li>S\u0131zd\u0131rmazl\u0131k i\u00e7in, hazneli vakum paketleme makinesi s\u0131zd\u0131rmazl\u0131k \u015feridini kullan\u0131rken, torbay\u0131 eski torbadan yapmas\u0131 gereken torba paketleme makinesi \u0131s\u0131yla yap\u0131\u015ft\u0131rma ve kesme cihaz\u0131n\u0131 benimser.<\/li><\/ol>    <div class=\"wp-block-columns is-layout-flex wp-container-core-columns-is-layout-28f84493 wp-block-columns-is-layout-flex\"> <div class=\"wp-block-column is-layout-flow wp-block-column-is-layout-flow\"> <figure class=\"wp-block-image size-large\"><img loading=\"lazy\" decoding=\"async\" width=\"600\" height=\"450\" src=\"https:\/\/tianhuipackingmachine.com\/wp-content\/uploads\/2021\/07\/the-screw-used-in-powder-packer.jpg\" alt=\"toz paketleyicide kullan\u0131lan vida\" class=\"wp-image-1758\" srcset=\"https:\/\/tianhuipackingmachine.com\/wp-content\/uploads\/2021\/07\/the-screw-used-in-powder-packer.jpg 600w, https:\/\/tianhuipackingmachine.com\/wp-content\/uploads\/2021\/07\/the-screw-used-in-powder-packer-300x225.jpg 300w\" sizes=\"auto, (max-width: 600px) 100vw, 600px\" \/><figcaption>Toz Paketleyicide Kullan\u0131lan Vida<\/figcaption><\/figure> <\/div>    <div class=\"wp-block-column is-layout-flow wp-block-column-is-layout-flow\"> <figure class=\"wp-block-image size-large\"><img loading=\"lazy\" decoding=\"async\" width=\"600\" height=\"450\" src=\"https:\/\/tianhuipackingmachine.com\/wp-content\/uploads\/2021\/06\/rotary-table-and-measuring-cup.jpg\" alt=\"paketleme makinesi \u00f6l\u00e7\u00fcm kab\u0131\" class=\"wp-image-1053\" srcset=\"https:\/\/tianhuipackingmachine.com\/wp-content\/uploads\/2021\/06\/rotary-table-and-measuring-cup.jpg 600w, https:\/\/tianhuipackingmachine.com\/wp-content\/uploads\/2021\/06\/rotary-table-and-measuring-cup-300x225.jpg 300w\" sizes=\"auto, (max-width: 600px) 100vw, 600px\" \/><figcaption>D\u00f6ner Tabla ve \u00d6l\u00e7me Kab\u0131<\/figcaption><\/figure> <\/div> <\/div>    <h2 class=\"wp-block-heading\" id=\"h-why-choosing-us-is-a-good-idea-for-you\"><strong>Bizi se\u00e7meniz neden sizin i\u00e7in iyi bir fikir?<\/strong><strong><\/strong><\/h2>    <ol class=\"wp-block-list\" type=\"1\"><li>Torba paketleme makinesinde zengin deneyime sahibiz. 1992 y\u0131l\u0131nda kurulan firmam\u0131z Henan Top Packaging Machinery Co., Ltd, neredeyse 30 y\u0131ld\u0131r torba paketleme makinesi alan\u0131nda faaliyet g\u00f6stermektedir.<\/li><li>\u0130yi kalite ve rekabet\u00e7i fiyata dayanarak ABD, Kanada, Avustralya, \u0130ngiltere, Hindistan, Pakistan, Malezya, Filipinler, Endonezya, Banglade\u015f, Nijerya vb. gibi 100'den fazla \u00fclkeden komple sipari\u015flerimiz var.<\/li><li>\u00dcr\u00fcnlerimiz i\u00e7in son derece s\u0131k\u0131 bir denetim sistemimiz var. Sevkiyattan \u00f6nce foto\u011fraf ve videolar\u0131 \u00e7ekip size g\u00f6nderece\u011fiz. Makinelerimiz hakk\u0131nda herhangi bir sorunuz varsa bizimle ileti\u015fime ge\u00e7ebilirsiniz, size en k\u0131sa s\u00fcrede cevap verece\u011fiz. 24 saat \u00e7evrimi\u00e7i hizmet sizin i\u00e7in mevcuttur.<\/li><li>\u00dcretici ve tedarik\u00e7i olarak \u00f6zel gereksinimlerinize g\u00f6re OEM hizmetini destekliyoruz. Sizlere daha iyi hizmet verebilmek i\u00e7in elimizden geleni yapaca\u011f\u0131z.<\/li><\/ol>    <h2 class=\"wp-block-heading\" id=\"h-contact-us-for-useful-details-and-the-best-price\"><strong>Faydal\u0131 detaylar ve en iyi fiyat i\u00e7in bizimle ileti\u015fime ge\u00e7in<\/strong><strong><\/strong><\/h2>    <p class=\"translation-block\"><strong><a href=\"https:\/\/tianhuipackingmachine.com\/tr\/\">Henan Top Packing Machinery<\/a><\/strong> i\u00e7indeki po\u015fet paketleme makinesi, toz paketleme, gran\u00fcl paketleme, s\u0131v\u0131 paketleme, vakum paketleme vb. ile ilgilidir. Po\u015fet paketleme makinesi, <strong><a href=\"https:\/\/tianhuipackingmachine.com\/tr\/coffee-packaging-machine\/\">kahve<\/a><\/strong>, s\u00fct, un, baharat, <strong><a href=\"https:\/\/tianhuipackingmachine.com\/tr\/spice-packaging-machine\/\">baharat<\/a><\/strong>, bakla, ye\u015fil soya fasulyesi, <strong><a href=\"https:\/\/tianhuipackingmachine.com\/tr\/snacks-packing-machine\/\">at\u0131\u015ft\u0131rmal\u0131klar<\/a><\/strong>, \u015feker, f\u0131st\u0131k, bisk\u00fcvi, yulaf ezmesi, \u015fekerleme, patlam\u0131\u015f m\u0131s\u0131r, \u00e7ay, <strong><a href=\"https:\/\/tianhuipackingmachine.com\/tr\/rice-packaging-machine\/\">pirin\u00e7<\/a><\/strong>, meyve suyu, sirke, gazoz, ekmek, ay \u00e7i\u00e7e\u011fi, et, <strong><a href=\"https:\/\/tianhuipackingmachine.com\/tr\/vegetable-packaging-machine\/\">sebze,<\/a><\/strong> meyve, maske, havlu, giysi,<strong><a href=\"https:\/\/tianhuipackingmachine.com\/tr\/soap-packaging-machines\/\"> sabun<\/a><\/strong>, deterjan, kimyasal \u00fcr\u00fcnler vb. i\u00e7in geni\u015f bir uygulama alan\u0131na sahiptir. Ayr\u0131ca, y\u00fckleme cihazlar\u0131, konvey\u00f6r bantlar\u0131, tarih yaz\u0131c\u0131lar\u0131, azot dolum cihazlar\u0131 vb. sa\u011fl\u0131yoruz. \u0130htiya\u00e7lar\u0131n\u0131za g\u00f6re se\u00e7ebilir ve sat\u0131n alabilirsiniz. Ayr\u0131ca, sizin i\u00e7in \u00f6zel hizmet sunmaktay\u0131z. Makinelerimizle ilgileniyor musunuz? Daha faydal\u0131 \u00f6neriler ve en iyi fiyat i\u00e7in hemen bizimle ileti\u015fime ge\u00e7in.<\/p>","protected":false},"excerpt":{"rendered":"<p>Bag packing machine applies for packaging various kinds of powder, solid, liquid, and paste. Bag packing products are everywhere in our daily life, such as supermarkets, convenience stores, cosmetic shops, drug stores, hardware stores, etc. Based on the degree of automation, the bag packaging machine includes a fully automatic packaging machine and a semi-automatic packaging [&hellip;]<\/p>\n","protected":false},"author":1,"featured_media":1734,"parent":0,"template":"","tags":[175],"product-type":[145],"class_list":["post-1721","product","type-product","status-publish","has-post-thumbnail","hentry","tag-bag-packing-machine","product-type-other-products"],"_links":{"self":[{"href":"https:\/\/tianhuipackingmachine.com\/tr\/wp-json\/wp\/v2\/product\/1721","targetHints":{"allow":["GET"]}}],"collection":[{"href":"https:\/\/tianhuipackingmachine.com\/tr\/wp-json\/wp\/v2\/product"}],"about":[{"href":"https:\/\/tianhuipackingmachine.com\/tr\/wp-json\/wp\/v2\/types\/product"}],"author":[{"embeddable":true,"href":"https:\/\/tianhuipackingmachine.com\/tr\/wp-json\/wp\/v2\/users\/1"}],"wp:featuredmedia":[{"embeddable":true,"href":"https:\/\/tianhuipackingmachine.com\/tr\/wp-json\/wp\/v2\/media\/1734"}],"wp:attachment":[{"href":"https:\/\/tianhuipackingmachine.com\/tr\/wp-json\/wp\/v2\/media?parent=1721"}],"wp:term":[{"taxonomy":"post_tag","embeddable":true,"href":"https:\/\/tianhuipackingmachine.com\/tr\/wp-json\/wp\/v2\/tags?post=1721"},{"taxonomy":"product-type","embeddable":true,"href":"https:\/\/tianhuipackingmachine.com\/tr\/wp-json\/wp\/v2\/product-type?post=1721"}],"curies":[{"name":"wp","href":"https:\/\/api.w.org\/{rel}","templated":true}]}}