{"id":1704,"date":"2021-07-02T18:39:31","date_gmt":"2021-07-02T10:39:31","guid":{"rendered":"https:\/\/tianhuipackingmachine.com\/?page_id=1704"},"modified":"2024-12-03T16:23:14","modified_gmt":"2024-12-03T08:23:14","slug":"soap-packaging-machines","status":"publish","type":"product","link":"https:\/\/tianhuipackingmachine.com\/tr\/soap-packaging-machines\/","title":{"rendered":"Sabun paketleme makinesi"},"content":{"rendered":"<p class=\"translation-block\">Shuliy <strong>sabun paketleme makinesi<\/strong>, sabun k\u00fcp\u00fc, tuvalet sabunu, yuvarlak sabun gibi \u00e7e\u015fitli \u015fekillerdeki sabunlar\u0131 torbalara tam otomatik olarak paketleyen bir yast\u0131k paketleme makinesidir. G\u00fcnl\u00fck kimyasallar ve deterjanlar end\u00fcstrilerinde yayg\u0131n olarak kullan\u0131l\u0131r.<\/p>    <p>Paketleme h\u0131z\u0131 dakikada 5-200 torba olup, i\u015f taleplerinize g\u00f6re ayarlanabilir. Y\u00fcksek verimlili\u011fi, iyi fiyat\u0131 ve ki\u015fiselle\u015ftirmesi ile bu kal\u0131p sabun paketleme makinesi BAE, G\u00fcrcistan, Uganda vb. \u00dclkelere ihra\u00e7 edilmi\u015ftir.<\/p>    <p>Sabun paketleme makinesi mi ar\u0131yorsunuz? Daha fazla ayr\u0131nt\u0131 i\u00e7in bizimle ileti\u015fime ge\u00e7mekten memnuniyet duyar\u0131z.<\/p>   <figure class=\"wp-block-embed-youtube wp-block-embed is-type-video is-provider-youtube wp-embed-aspect-16-9 wp-has-aspect-ratio\"><div class=\"lyte-wrapper\" title=\"Otomatik sabun paketleme makinesi | Y\u00fcksek h\u0131zl\u0131 sabun sarma makinesi #soapppacking\" style=\"width:853px;max-width:100%;margin:5px auto;\"><div class=\"lyMe\" id=\"WYL_tHWV9_ADpxs\" itemprop=\"video\" itemscope itemtype=\"https:\/\/schema.org\/VideoObject\"><div><meta itemprop=\"thumbnailUrl\" content=\"https:\/\/i.ytimg.com\/vi\/tHWV9_ADpxs\/hqdefault.jpg\" \/><meta itemprop=\"embedURL\" content=\"https:\/\/www.youtube.com\/embed\/tHWV9_ADpxs\" \/><meta itemprop=\"duration\" content=\"PT2M32S\" \/><meta itemprop=\"uploadDate\" content=\"2024-12-03T03:46:36Z\" \/><\/div><div id=\"lyte_tHWV9_ADpxs\" data-src=\"https:\/\/i.ytimg.com\/vi\/tHWV9_ADpxs\/hqdefault.jpg\" class=\"pL\"><div class=\"tC\"><div class=\"tT\" itemprop=\"name\">Otomatik sabun paketleme makinesi | Y\u00fcksek h\u0131zl\u0131 sabun sarma makinesi #soapppacking<\/div><\/div><div class=\"play\"><\/div><div class=\"ctrl\"><div class=\"Lctrl\"><\/div><div class=\"Rctrl\"><\/div><\/div><\/div><noscript><a href=\"https:\/\/youtu.be\/tHWV9_ADpxs\" rel=\"nofollow noopener\" target=\"_blank\"><img loading=\"lazy\" decoding=\"async\" src=\"https:\/\/i.ytimg.com\/vi\/tHWV9_ADpxs\/0.jpg\" alt=\"Otomatik sabun paketleme makinesi | Y\u00fcksek h\u0131zl\u0131 sabun sarma makinesi #soapppacking\" width=\"853\" height=\"460\" \/><\/a><\/noscript><meta itemprop=\"description\" content=\"#soapwrapper #soappacking #packagingmachine #horizontalpackingmachine WhatsApp No.: https:\/\/wa.me\/+8613673689272 WeChat\/Tel No.:+8613673689272 Email: info@tianhuipackingmachine.com Website: https:\/\/tianhuipackingmachine.com\/soap-packaging-machines\/ Discover the efficiency of our automatic soap packaging machine in this high-speed demonstration. Perfect for packing bar soap, round soap, or custom-shaped soap, this machine ensures precise wrapping, durability, and attractive presentation. Designed for optimal performance, it supports a variety of packaging materials and styles, including transparent and printed film. Whether you&#039;re in cosmetics or cleaning product manufacturing, this machine adapts to your production needs. Contact us today for more details or a personalized solution for your packaging requirements! WhatsApp No.: https:\/\/wa.me\/+8613673689272 WeChat\/Tel No.:+8613673689272 Email: info@tianhuipackingmachine.com Website: https:\/\/tianhuipackingmachine.com\/soap-packaging-machines\/\"><\/div><\/div><div class=\"lL\" style=\"max-width:100%;width:853px;margin:5px auto;\"> <a href=\"https:\/\/youtu.be\/tHWV9_ADpxs\" target=\"_blank\" rel=\"noopener\">Bu videoyu YouTube'da izleyin<\/a>.<\/div><figcaption>kal\u0131p sabun sarma makinesi videosu<\/figcaption><\/figure>   <h2 class=\"wp-block-heading\" id=\"h-soap-packaging-machine-for-sale\"><strong>Y\u00fcksek kaliteli sabun k\u00fcp\u00fc paketleme makinesi sat\u0131l\u0131k<\/strong><\/h2>    <p>Profesyonel bir paketleme makinesi \u00fcreticisi ve tedarik\u00e7isi olarak, \u00e7e\u015fitli sabun paketleme makineleri sat\u0131\u015fa sunulmaktad\u0131r. Ana modeller aras\u0131nda SL-250, SL-350, SL-450 ve SL-600 bulunur. Referans\u0131n\u0131z i\u00e7in SL-350 sabun sarma makinesinin parametre bilgileri a\u015fa\u011f\u0131dad\u0131r.<\/p>    <p>Makine parametreleri hakk\u0131nda daha fazla bilgi edinmek isterseniz bizimle ileti\u015fime ge\u00e7ebilirsiniz!<\/p>    <div class=\"wp-block-columns is-layout-flex wp-container-core-columns-is-layout-28f84493 wp-block-columns-is-layout-flex\"> <div class=\"wp-block-column is-layout-flow wp-block-column-is-layout-flow\"> <figure class=\"wp-block-image size-full\"><img loading=\"lazy\" decoding=\"async\" width=\"600\" height=\"450\" src=\"https:\/\/tianhuipackingmachine.com\/wp-content\/uploads\/2021\/12\/soap-packaging-machine.jpg\" alt=\"sabun paketleme makinesi\" class=\"wp-image-3590\" srcset=\"https:\/\/tianhuipackingmachine.com\/wp-content\/uploads\/2021\/12\/soap-packaging-machine.jpg 600w, https:\/\/tianhuipackingmachine.com\/wp-content\/uploads\/2021\/12\/soap-packaging-machine-480x360.jpg 480w\" sizes=\"auto, (max-width: 600px) 100vw, 600px\" \/><figcaption class=\"wp-element-caption\">Sabun Paketleme Makinas\u0131<\/figcaption><\/figure> <\/div>    <div class=\"wp-block-column is-vertically-aligned-center is-layout-flow wp-block-column-is-layout-flow\"> <h3 class=\"wp-block-heading has-text-color\" id=\"h-th-250-pillow-packing-equipment-parameters\" style=\"color:#ff5200\">SL-350 Yast\u0131k Paketleme Ekipman\u0131 Parametreleri<\/h3>    <ul class=\"wp-block-list\"> <li>\u00c7anta uzunlu\u011fu: 100-600mm<\/li>    <li>\u00c7anta geni\u015fli\u011fi: 50-160mm<\/li>    <li>\u00dcr\u00fcn y\u00fcksekli\u011fi: max.70mm<\/li>    <li>Paketleme h\u0131z\u0131: 5-200 torba\/dak<\/li>    <li>G\u00fc\u00e7: 220V, 50\/60Hz, 2.4KVA<\/li>    <li>A\u011f\u0131rl\u0131k: 800kg<\/li>    <li>Boyut: (U)4020*(G)720*(Y)1450mm<\/li>    <li>Not: \u00f6zelle\u015ftirilebilir<\/li> <\/ul> <\/div> <\/div>    <h2 class=\"wp-block-heading\" id=\"h-features-of-soap-wrapping-machine\"><strong>Otomatik sabun sarma makinesinin avantajlar\u0131<\/strong><\/h2>    <ul class=\"wp-block-list\"> <li>Bu olabilir <strong>5-200 torba sabunu bir dakika i\u00e7inde paketleyin<\/strong>olduk\u00e7a verimlidir.<\/li>    <li>Shuliy sabun kese paketleme makinesi <strong>maksimum \u00fcr\u00fcn y\u00fcksekli\u011fi 100 mm, torba uzunlu\u011fu 100-600 mm ve torba geni\u015fli\u011fi 50-280 mm<\/strong>.<\/li>    <li>Sabun ambalaj malzemesi \u00e7e\u015fitli olabilir; <strong>\u015feffaf film, bask\u0131l\u0131 film<\/strong>, vesaire.<\/li>    <li>Yapabilirsiniz <strong>PLC kontrol panelindeki parametreleri ayarlay\u0131n<\/strong>, basit ve kullan\u0131m\u0131 kolayd\u0131r.<\/li>    <li>Gereksinimlerinize g\u00f6re, <strong>tek b\u0131\u00e7ak, \u00e7ift b\u0131\u00e7ak ve \u00fc\u00e7l\u00fc b\u0131\u00e7ak<\/strong> iste\u011fe ba\u011fl\u0131d\u0131r.<\/li>    <li>Yapabiliriz <strong>makine voltaj\u0131n\u0131, g\u00fcc\u00fcn\u00fc, rengini \u00f6zelle\u015ftirin<\/strong>vb. ihtiya\u00e7lar\u0131n\u0131z\u0131 kar\u015f\u0131lamak i\u00e7in.<\/li> <\/ul>    <figure class=\"wp-block-image size-large\"><img loading=\"lazy\" decoding=\"async\" width=\"667\" height=\"500\" src=\"https:\/\/tianhuipackingmachine.com\/wp-content\/uploads\/2024\/05\/soap-packing-machine-667x500.webp\" alt=\"sabun paketleme makinesi\" class=\"wp-image-6673\" srcset=\"https:\/\/tianhuipackingmachine.com\/wp-content\/uploads\/2024\/05\/soap-packing-machine-667x500.webp 667w, https:\/\/tianhuipackingmachine.com\/wp-content\/uploads\/2024\/05\/soap-packing-machine-480x360.webp 480w, https:\/\/tianhuipackingmachine.com\/wp-content\/uploads\/2024\/05\/soap-packing-machine-16x12.webp 16w, https:\/\/tianhuipackingmachine.com\/wp-content\/uploads\/2024\/05\/soap-packing-machine.webp 720w\" sizes=\"auto, (max-width: 667px) 100vw, 667px\" \/><figcaption class=\"wp-element-caption\">Sabun Paketleme Makinas\u0131<\/figcaption><\/figure>    <h2 class=\"wp-block-heading\" id=\"h-various-applications-of-soap-packaging-machine\"><strong>Kal\u0131p sabun paketleme makinesinin \u00e7e\u015fitli uygulamalar\u0131<\/strong><\/h2>    <p>Tuvalet sabunu paketleme makinemiz, \u00e7e\u015fitli boyutlardaki sabunlara yayg\u0131n olarak uygulan\u0131r. A\u015fa\u011f\u0131dakiler i\u00e7in uygundur:<\/p>    <p>Kare sabun, yuvarlak sabun, oval sadun, k\u00fcp sabun, kal\u0131p sabun, tuvalet sabunu, banyo sabunu, bebek sabunu ve di\u011ferleri. <\/p>    <p class=\"translation-block\">Sabun paketlemeye ek olarak, bu <a href=\"https:\/\/tianhuipackingmachine.com\/tr\/pillow-packing-machine\/\">yatay yast\u0131k paketleme makinesi<\/a> maskeleri, havlular\u0131, giysileri, ah\u015fap i\u015flerini, ekmekleri, ay keklerini, bisk\u00fcvileri, sebzeleri, meyveleri vb. paketleyebilir. <\/p>    <p>Siz de ba\u015fka \u00fcr\u00fcnleri paketlemek istiyorsan\u0131z bizimle ileti\u015fime ge\u00e7erek daha fazla bilgi alabilirsiniz.<\/p>    <figure class=\"wp-block-image size-large\"><img loading=\"lazy\" decoding=\"async\" width=\"750\" height=\"500\" src=\"https:\/\/tianhuipackingmachine.com\/wp-content\/uploads\/2022\/01\/soap-bar-packaging-style-display-750x500.jpg\" alt=\"sabun kal\u0131b\u0131 ambalaj tarz\u0131 ekran\" class=\"wp-image-4787\" srcset=\"https:\/\/tianhuipackingmachine.com\/wp-content\/uploads\/2022\/01\/soap-bar-packaging-style-display.jpg 750w, https:\/\/tianhuipackingmachine.com\/wp-content\/uploads\/2022\/01\/soap-bar-packaging-style-display-480x320.jpg 480w\" sizes=\"auto, (max-width: 750px) 100vw, 750px\" \/><figcaption class=\"wp-element-caption\">Sabun Bar Ambalaj Stili Ekran\u0131<\/figcaption><\/figure>    <h2 class=\"wp-block-heading\" id=\"h-structures-and-details-about-soap-packing-machine\"><strong>Banyo sabunu paketleme makinesi hakk\u0131nda yap\u0131sal detaylar<\/strong><\/h2>    <p>Bu sabun paketleme makinesi, bir PLC kontrol paneli, paslanmaz \u00e7elik besleme platformu, konvey\u00f6r bant, film rulo cihaz\u0131, torba olu\u015fturucu, film \u00e7ekme tekerlekleri, \u0131s\u0131yla yap\u0131\u015ft\u0131rma kesici vb.'den olu\u015fur. <\/p>    <ul class=\"wp-block-list\"> <li>PLC kontrol paneli: dil, paketleme h\u0131z\u0131, torba uzunlu\u011fu, fotoelektrik g\u00f6z izleme anahtar\u0131, orta ve u\u00e7 kapatma s\u0131cakl\u0131\u011f\u0131 vb. ayarlar\u0131 yap\u0131n. <\/li>    <li>Konvey\u00f6r bantl\u0131 besleme platformu: Malzemelerin s\u0131raya konulmas\u0131 i\u00e7in hizmet sa\u011flar.<\/li>    <li>Servo film ta\u015f\u0131ma band\u0131: daha ak\u0131ll\u0131, malzeme uzunlu\u011funu tespit eder ve film tasarrufu sa\u011flar.<\/li>    <li>Film rulosu cihaz\u0131: Filmi el yap\u0131m\u0131 sabun paketlemeye haz\u0131r hale getirin.<\/li>    <li>Film tekerleklerinin \u00e7ekilmesi: Filmin \u00e7ekilmesinden, filmin ileri do\u011fru hareket etmesinin sa\u011flanmas\u0131ndan sorumludur.<\/li>    <li>Is\u0131 yal\u0131t\u0131m kesicisi: farkl\u0131 torba uzunluklar\u0131na uyacak \u015fekilde filmi kesin.<\/li> <\/ul>    <figure class=\"wp-block-gallery has-nested-images columns-default is-cropped wp-block-gallery-2 is-layout-flex wp-block-gallery-is-layout-flex\"> <figure class=\"wp-block-image size-large\"><img loading=\"lazy\" decoding=\"async\" width=\"600\" height=\"450\" data-id=\"4040\" src=\"https:\/\/tianhuipackingmachine.com\/wp-content\/uploads\/2021\/12\/servo-belt-conveying-type.jpg\" alt=\"servo kay\u0131\u015f ta\u015f\u0131ma tipi\" class=\"wp-image-4040\" srcset=\"https:\/\/tianhuipackingmachine.com\/wp-content\/uploads\/2021\/12\/servo-belt-conveying-type.jpg 600w, https:\/\/tianhuipackingmachine.com\/wp-content\/uploads\/2021\/12\/servo-belt-conveying-type-480x360.jpg 480w\" sizes=\"auto, (max-width: 600px) 100vw, 600px\" \/><figcaption class=\"wp-element-caption\">Servo Bantl\u0131 Ta\u015f\u0131ma Tipi<\/figcaption><\/figure>    <figure class=\"wp-block-image size-large\"><img loading=\"lazy\" decoding=\"async\" width=\"600\" height=\"450\" data-id=\"4034\" src=\"https:\/\/tianhuipackingmachine.com\/wp-content\/uploads\/2021\/12\/chain-and-lock-catches-feeding-type.jpg\" alt=\"zincir ve kilit mandallar\u0131 besleme tipi\" class=\"wp-image-4034\" srcset=\"https:\/\/tianhuipackingmachine.com\/wp-content\/uploads\/2021\/12\/chain-and-lock-catches-feeding-type.jpg 600w, https:\/\/tianhuipackingmachine.com\/wp-content\/uploads\/2021\/12\/chain-and-lock-catches-feeding-type-480x360.jpg 480w\" sizes=\"auto, (max-width: 600px) 100vw, 600px\" \/><figcaption class=\"wp-element-caption\">Zincirli ve Kilitli Mandal Besleme Tipi<\/figcaption><\/figure>    <figure class=\"wp-block-image size-large\"><img loading=\"lazy\" decoding=\"async\" width=\"750\" height=\"500\" data-id=\"4035\" src=\"https:\/\/tianhuipackingmachine.com\/wp-content\/uploads\/2021\/12\/end-sealing-and-cutting-device-three-cutters-750x500.jpg\" alt=\"u\u00e7 s\u0131zd\u0131rmazl\u0131k ve kesme cihaz\u0131 (\u00fc\u00e7 kesici)\" class=\"wp-image-4035\" srcset=\"https:\/\/tianhuipackingmachine.com\/wp-content\/uploads\/2021\/12\/end-sealing-and-cutting-device-three-cutters.jpg 750w, https:\/\/tianhuipackingmachine.com\/wp-content\/uploads\/2021\/12\/end-sealing-and-cutting-device-three-cutters-480x320.jpg 480w\" sizes=\"auto, (max-width: 750px) 100vw, 750px\" \/><figcaption class=\"wp-element-caption\">U\u00e7 S\u0131zd\u0131rmazl\u0131k ve Kesme Cihaz\u0131 (\u00dc\u00e7 Kesici)<\/figcaption><\/figure> <\/figure>    <figure class=\"wp-block-gallery has-nested-images columns-default is-cropped wp-block-gallery-3 is-layout-flex wp-block-gallery-is-layout-flex\"> <figure class=\"wp-block-image size-large\"><img loading=\"lazy\" decoding=\"async\" width=\"750\" height=\"500\" data-id=\"4039\" src=\"https:\/\/tianhuipackingmachine.com\/wp-content\/uploads\/2021\/12\/PLC-control-panel-of-pillow-packaging-equipment-750x500.jpg\" alt=\"Yast\u0131k paketleme ekipman\u0131n\u0131n PLC kontrol paneli\" class=\"wp-image-4039\" srcset=\"https:\/\/tianhuipackingmachine.com\/wp-content\/uploads\/2021\/12\/PLC-control-panel-of-pillow-packaging-equipment.jpg 750w, https:\/\/tianhuipackingmachine.com\/wp-content\/uploads\/2021\/12\/PLC-control-panel-of-pillow-packaging-equipment-480x320.jpg 480w\" sizes=\"auto, (max-width: 750px) 100vw, 750px\" \/><figcaption class=\"wp-element-caption\">Yast\u0131k Paketleme Ekipmanlar\u0131n\u0131n Plc Kontrol Paneli<\/figcaption><\/figure>    <figure class=\"wp-block-image size-large\"><img loading=\"lazy\" decoding=\"async\" width=\"600\" height=\"450\" data-id=\"4038\" src=\"https:\/\/tianhuipackingmachine.com\/wp-content\/uploads\/2021\/12\/mid-sealing-device-for-upper-film-equipment.jpg\" alt=\"\u00fcst film ekipman\u0131 i\u00e7in orta s\u0131zd\u0131rmazl\u0131k cihaz\u0131\" class=\"wp-image-4038\" srcset=\"https:\/\/tianhuipackingmachine.com\/wp-content\/uploads\/2021\/12\/mid-sealing-device-for-upper-film-equipment.jpg 600w, https:\/\/tianhuipackingmachine.com\/wp-content\/uploads\/2021\/12\/mid-sealing-device-for-upper-film-equipment-480x360.jpg 480w\" sizes=\"auto, (max-width: 600px) 100vw, 600px\" \/><figcaption class=\"wp-element-caption\">\u00dcst Film Ekipmanlar\u0131 \u0130\u00e7in Orta S\u0131zd\u0131rmazl\u0131k Cihaz\u0131<\/figcaption><\/figure>    <figure class=\"wp-block-image size-large\"><img loading=\"lazy\" decoding=\"async\" width=\"600\" height=\"450\" data-id=\"4037\" src=\"https:\/\/tianhuipackingmachine.com\/wp-content\/uploads\/2021\/12\/mid-sealing-device-for-down-film-roll-equipment.jpg\" alt=\"a\u015fa\u011f\u0131 film rulosu ekipman\u0131 i\u00e7in orta s\u0131zd\u0131rmazl\u0131k cihaz\u0131\" class=\"wp-image-4037\" srcset=\"https:\/\/tianhuipackingmachine.com\/wp-content\/uploads\/2021\/12\/mid-sealing-device-for-down-film-roll-equipment.jpg 600w, https:\/\/tianhuipackingmachine.com\/wp-content\/uploads\/2021\/12\/mid-sealing-device-for-down-film-roll-equipment-480x360.jpg 480w\" sizes=\"auto, (max-width: 600px) 100vw, 600px\" \/><figcaption class=\"wp-element-caption\">A\u015fa\u011f\u0131 Film Rulosu Ekipmanlar\u0131 \u0130\u00e7in Orta S\u0131zd\u0131rmazl\u0131k Cihaz\u0131<\/figcaption><\/figure> <\/figure>    <h2 class=\"wp-block-heading\" id=\"h-what-affects-the-soap-packing-machine-price\"><strong>Sabun paketleme makinesi fiyat\u0131n\u0131 neler etkiler?<\/strong><\/h2>    <p>Otomatik sabun paketleme makinesinin fiyat\u0131, ekipman bile\u015fenleriyle yak\u0131ndan ilgilidir. <\/p>    <ul class=\"wp-block-list\"> <li>\u0130lk olarak konvey\u00f6r bant ve torba olu\u015fturucunun geni\u015flikleri paketleme malzemelerine g\u00f6re tasarlan\u0131r. Maliyetleri boyut olarak farkl\u0131l\u0131k g\u00f6sterir. <\/li>    <li>\u0130kinci olarak, iste\u011fe ba\u011fl\u0131 olarak servo film konvey\u00f6r band\u0131 ve zincirli ve kilit bloklu konvey\u00f6r band\u0131 bulunmaktad\u0131r. Birincisi ikincisinden daha pahal\u0131d\u0131r. <\/li>    <li>\u00dc\u00e7\u00fcnc\u00fcs\u00fc, tek kesici, \u00e7ift kesici ve \u00fc\u00e7l\u00fc kesicinin maliyeti de\u011fi\u015fmektedir. Ne kadar \u00e7ok kesici b\u0131\u00e7a\u011f\u0131 varsa fiyat\u0131 da o kadar y\u00fcksek olur.<\/li>    <li>D\u00f6rd\u00fcnc\u00fcs\u00fc, ba\u015fka cihazlara ihtiyac\u0131n\u0131z var m\u0131? Tarih yaz\u0131c\u0131lar\u0131, s\u00fcngerler, f\u0131r\u00e7alar vb. Ne kadar fazla ek donan\u0131ma sahipseniz, fiyat da o kadar y\u00fcksek olur.<\/li> <\/ul>    <p>Yukar\u0131dakilerin t\u00fcm\u00fc, k\u00fc\u00e7\u00fck sabun sarma makinesinin nihai fiyat\u0131n\u0131 etkileyebilecek fakt\u00f6rlerdir. En uygun fiyat i\u00e7in bizimle ileti\u015fime ge\u00e7in.<\/p>    <figure class=\"wp-block-image size-large\"><img loading=\"lazy\" decoding=\"async\" width=\"667\" height=\"500\" src=\"https:\/\/tianhuipackingmachine.com\/wp-content\/uploads\/2024\/05\/automatic-soap-packing-machine-for-sale-667x500.webp\" alt=\"sat\u0131l\u0131k otomatik sabun paketleme makinesi\" class=\"wp-image-6674\" srcset=\"https:\/\/tianhuipackingmachine.com\/wp-content\/uploads\/2024\/05\/automatic-soap-packing-machine-for-sale-667x500.webp 667w, https:\/\/tianhuipackingmachine.com\/wp-content\/uploads\/2024\/05\/automatic-soap-packing-machine-for-sale-480x360.webp 480w, https:\/\/tianhuipackingmachine.com\/wp-content\/uploads\/2024\/05\/automatic-soap-packing-machine-for-sale-16x12.webp 16w, https:\/\/tianhuipackingmachine.com\/wp-content\/uploads\/2024\/05\/automatic-soap-packing-machine-for-sale.webp 720w\" sizes=\"auto, (max-width: 667px) 100vw, 667px\" \/><figcaption class=\"wp-element-caption\">Sat\u0131l\u0131k Otomatik Sabun Paketleme Makinas\u0131<\/figcaption><\/figure>    <h2 class=\"wp-block-heading\" id=\"h-why-choose-us-as-your-top-manufacturer-and-supplier\"><strong>Neden bizi en iyi sabun paketleme makinesi \u00fcreticiniz olarak se\u00e7melisiniz?<\/strong><\/h2>    <p>Piyasada bir\u00e7ok otomatik sabun paketleme makinesi \u00fcreticisi var, ancak neden tedarik\u00e7i olarak bizi se\u00e7melisiniz? Ana noktalar a\u015fa\u011f\u0131daki gibidir:<\/p>    <ul class=\"wp-block-list\"> <li>\u00c7e\u015fitli paketleme makineleri tasarlama, ara\u015ft\u0131rma, \u00fcretme ve tedarik etme konusunda zengin deneyim <ul class=\"wp-block-list\"> <li>1992 y\u0131l\u0131nda kurulan Shuliy, onlarca y\u0131ld\u0131r paketleme makinesi sekt\u00f6r\u00fcnde faaliyet g\u00f6steriyor. Banyo sabunu k\u00fcp paketleme makinemiz, kaliteli ve rekabet\u00e7i fiyat\u0131yla b\u00fcy\u00fck bir \u00fcne sahiptir.<\/li> <\/ul> <\/li>    <li>Makinelerimiz i\u00e7in son derece s\u0131k\u0131 denetim ve teslimat sistemi <ul class=\"wp-block-list\"> <li>Sevkiyattan \u00f6nce kontrol i\u00e7in size foto\u011fraf ve video g\u00f6nderece\u011fiz. Normalde, nakliye s\u0131ras\u0131nda hasar g\u00f6rmesini \u00f6nlemek i\u00e7in makineyi ah\u015fap kasalara paketliyoruz.<\/li> <\/ul> <\/li> <\/ul>    <figure class=\"wp-block-gallery has-nested-images columns-default is-cropped wp-block-gallery-4 is-layout-flex wp-block-gallery-is-layout-flex\"> <figure class=\"wp-block-image size-large\"><img loading=\"lazy\" decoding=\"async\" width=\"750\" height=\"500\" data-id=\"4080\" src=\"https:\/\/tianhuipackingmachine.com\/wp-content\/uploads\/2021\/12\/packing-display-of-the-machine-before-shipment-750x500.jpg\" alt=\"makinenin sevk\u0131yattan \u00f6nce ambalaj g\u00f6sterimi\" class=\"wp-image-4080\" srcset=\"https:\/\/tianhuipackingmachine.com\/wp-content\/uploads\/2021\/12\/packing-display-of-the-machine-before-shipment.jpg 750w, https:\/\/tianhuipackingmachine.com\/wp-content\/uploads\/2021\/12\/packing-display-of-the-machine-before-shipment-480x320.jpg 480w\" sizes=\"auto, (max-width: 750px) 100vw, 750px\" \/><figcaption class=\"wp-element-caption\">Sevkiyat \u00d6ncesi Makinenin Ambalaj G\u00f6sterimi<\/figcaption><\/figure>    <figure class=\"wp-block-image size-large\"><img loading=\"lazy\" decoding=\"async\" width=\"750\" height=\"500\" data-id=\"4078\" src=\"https:\/\/tianhuipackingmachine.com\/wp-content\/uploads\/2021\/12\/packaged-in-wooden-cases-750x500.jpg\" alt=\"ah\u015fap durumlarda paketlenmi\u015f\" class=\"wp-image-4078\" srcset=\"https:\/\/tianhuipackingmachine.com\/wp-content\/uploads\/2021\/12\/packaged-in-wooden-cases.jpg 750w, https:\/\/tianhuipackingmachine.com\/wp-content\/uploads\/2021\/12\/packaged-in-wooden-cases-480x320.jpg 480w\" sizes=\"auto, (max-width: 750px) 100vw, 750px\" \/><figcaption class=\"wp-element-caption\">Ah\u015fap Kutularda Paketlenmi\u015f<\/figcaption><\/figure> <\/figure>    <ul class=\"wp-block-list\"> <li>Sat\u0131\u015f sonras\u0131 servis <ul class=\"wp-block-list\"> <li>Makineyi kurman\u0131za ve \u00e7al\u0131\u015ft\u0131rman\u0131za yard\u0131mc\u0131 olmak i\u00e7in \u0130ngilizce k\u0131lavuz ve video sa\u011flanm\u0131\u015ft\u0131r. \u00dcr\u00fcnlerimizle ilgili herhangi bir sorunuz varsa 24 saat \u00e7evrimi\u00e7i hizmet mevcuttur.<\/li> <\/ul> <\/li>    <li>\u00d6zelle\u015ftirme hizmeti <ul class=\"wp-block-list\"> <li>Tuvalet sabunu sarma makinesini \u00f6zel gereksinimlerinize g\u00f6re \u00f6zelle\u015ftirebiliriz. Ve voltaj\u0131 \u00fclkenize g\u00f6re \u00f6zelle\u015ftirebiliriz.<\/li> <\/ul> <\/li> <\/ul>    <h2 class=\"wp-block-heading\" id=\"h-get-in-touch-with-us\"><strong>Bizimle temasa ge\u00e7in!<\/strong><\/h2>    <p class=\"translation-block\">Sabun i\u00e7in <a href=\"https:\/\/en.wikipedia.org\/wiki\/Soap\" target=\"_blank\" rel=\"noopener\">sabun<\/a> paketleme makinemiz hakk\u0131nda herhangi bir sorunuz olursa veya daha fazla bilgi edinmek isterseniz, l\u00fctfen bizimle ileti\u015fime ge\u00e7mekten \u00e7ekinmeyin. Size profesyonel cevaplar ve kaliteli hizmetler sunaca\u011f\u0131z!<\/p>   <figure class=\"wp-block-embed-youtube wp-block-embed is-type-video is-provider-youtube wp-embed-aspect-16-9 wp-has-aspect-ratio lyte-align aligncenter\"><div class=\"lyte-wrapper\" title=\"Sabun Paketleme Makinas\u0131 | Sabun Yatay Ak\u0131\u015f Sarma Makinesi\" style=\"width:853px;max-width:100%;margin:5px auto;\"><div class=\"lyMe\" id=\"WYL_NqpZTmjrjgc\" itemprop=\"video\" itemscope itemtype=\"https:\/\/schema.org\/VideoObject\"><div><meta itemprop=\"thumbnailUrl\" content=\"https:\/\/i.ytimg.com\/vi\/NqpZTmjrjgc\/hqdefault.jpg\" \/><meta itemprop=\"embedURL\" content=\"https:\/\/www.youtube.com\/embed\/NqpZTmjrjgc\" \/><meta itemprop=\"duration\" content=\"PT44S\" \/><meta itemprop=\"uploadDate\" content=\"2021-10-22T05:55:46Z\" \/><\/div><div id=\"lyte_NqpZTmjrjgc\" data-src=\"https:\/\/i.ytimg.com\/vi\/NqpZTmjrjgc\/hqdefault.jpg\" class=\"pL\"><div class=\"tC\"><div class=\"tT\" itemprop=\"name\">Sabun Paketleme Makinas\u0131 | Sabun Yatay Ak\u0131\u015f Sarma Makinesi<\/div><\/div><div class=\"play\"><\/div><div class=\"ctrl\"><div class=\"Lctrl\"><\/div><div class=\"Rctrl\"><\/div><\/div><\/div><noscript><a href=\"https:\/\/youtu.be\/NqpZTmjrjgc\" rel=\"nofollow noopener\" target=\"_blank\"><img loading=\"lazy\" decoding=\"async\" src=\"https:\/\/i.ytimg.com\/vi\/NqpZTmjrjgc\/0.jpg\" alt=\"Sabun Paketleme Makinas\u0131 | Sabun Yatay Ak\u0131\u015f Sarma Makinesi\" width=\"853\" height=\"460\" \/><\/a><\/noscript><meta itemprop=\"description\" content=\"For more details: https:\/\/tianhuipackingmachine.com\/soap-packaging-machines\/ sales@toppackingmachine.com Whatsapp\/Tel: +86 17329326135 Soap packing machine is a kind of horizontal flow wrapping machine. It is widely used to package various shapes of soaps. With two electric motors and intelligent PLC control system, the soap wrapping machine is easy to operate and is super-efficient. Besides, different models of soap packing machine are available to fit different soap sizes. And we support customization service. Henan Top Packing Machinery Co., Ltd is a professional packing machine manufacturer and supplier. Our soap packaging machines have the features of good performance and affordable price. Welcome to get in touch with us for more details.\"><\/div><\/div><div class=\"lL\" style=\"max-width:100%;width:853px;margin:5px auto;\"> <a href=\"https:\/\/youtu.be\/NqpZTmjrjgc\" target=\"_blank\" rel=\"noopener\">Bu videoyu YouTube'da izleyin<\/a>.<\/div><figcaption>yuvarlak sabun sarma makinesi \u00e7al\u0131\u015fma videosu<\/figcaption><\/figure>","protected":false},"excerpt":{"rendered":"<p>Shuliy sabun paketleme makinesi, sopa k\u00fcp\u00fc, tuvalet sabunu, yuvarlak sabun vb. Gibi \u00e7e\u015fitli sabun \u015fekillerini tam otomatik olarak po\u015fetlere paketler.<\/p>","protected":false},"author":1,"featured_media":3590,"parent":0,"template":"","tags":[213],"product-type":[139],"class_list":["post-1704","product","type-product","status-publish","has-post-thumbnail","hentry","tag-flow-wrapping-machine","product-type-pillow-packing-machines"],"_links":{"self":[{"href":"https:\/\/tianhuipackingmachine.com\/tr\/wp-json\/wp\/v2\/product\/1704","targetHints":{"allow":["GET"]}}],"collection":[{"href":"https:\/\/tianhuipackingmachine.com\/tr\/wp-json\/wp\/v2\/product"}],"about":[{"href":"https:\/\/tianhuipackingmachine.com\/tr\/wp-json\/wp\/v2\/types\/product"}],"author":[{"embeddable":true,"href":"https:\/\/tianhuipackingmachine.com\/tr\/wp-json\/wp\/v2\/users\/1"}],"wp:featuredmedia":[{"embeddable":true,"href":"https:\/\/tianhuipackingmachine.com\/tr\/wp-json\/wp\/v2\/media\/3590"}],"wp:attachment":[{"href":"https:\/\/tianhuipackingmachine.com\/tr\/wp-json\/wp\/v2\/media?parent=1704"}],"wp:term":[{"taxonomy":"post_tag","embeddable":true,"href":"https:\/\/tianhuipackingmachine.com\/tr\/wp-json\/wp\/v2\/tags?post=1704"},{"taxonomy":"product-type","embeddable":true,"href":"https:\/\/tianhuipackingmachine.com\/tr\/wp-json\/wp\/v2\/product-type?post=1704"}],"curies":[{"name":"wp","href":"https:\/\/api.w.org\/{rel}","templated":true}]}}