{"id":1455,"date":"2021-06-25T10:31:26","date_gmt":"2021-06-25T02:31:26","guid":{"rendered":"https:\/\/tianhuipackingmachine.com\/?page_id=1455"},"modified":"2022-09-26T14:04:22","modified_gmt":"2022-09-26T06:04:22","slug":"automatic-packing-machine","status":"publish","type":"product","link":"https:\/\/tianhuipackingmachine.com\/tr\/automatic-packing-machine\/","title":{"rendered":"Otomatik paketleme makinesi"},"content":{"rendered":"<p class=\"translation-block\"><strong>Otomatik paketleme makinesi<\/strong> g\u0131da, i\u00e7ecek, ila\u00e7, donan\u0131m, ah\u015fap i\u015fleri vb. alanlarda uygulanm\u0131\u015ft\u0131r. Paketleme \u00fcr\u00fcnlerini g\u00fcnl\u00fck hayat\u0131m\u0131zda her yerde g\u00f6rebiliriz. Farkl\u0131 paketleme t\u00fcrleri ve boyutlar\u0131 insanlar\u0131n ihtiya\u00e7lar\u0131n\u0131 b\u00fcy\u00fck \u00f6l\u00e7\u00fcde kar\u015f\u0131lam\u0131\u015ft\u0131r. \u0130nsanlar sat\u0131n al\u0131rken sadece \u00fcr\u00fcne de\u011fil, ayn\u0131 zamanda ambalaj\u0131na da dikkat edeceklerdir. G\u00fczel ve d\u00fczenli bir ambalaj \u00e7ok say\u0131da m\u00fc\u015fteri \u00e7ekecektir. Dahas\u0131, m\u00fckemmel bir otomatik paketleme makinesi verimlili\u011fi b\u00fcy\u00fck \u00f6l\u00e7\u00fcde art\u0131rabilir ve insan g\u00fcc\u00fcnden tasarruf sa\u011flayabilir. Otomasyon derecesine g\u00f6re paketleme ekipmanlar\u0131 tam otomatik paketleme makinesi ve yar\u0131 otomatik paketleme makinesi olarak ikiye ayr\u0131l\u0131r. \u0130htiya\u00e7lar\u0131n\u0131za g\u00f6re uygun bir paketleme makinesi se\u00e7ebilirsiniz. Ve \u00f6zel hizmet sunuyoruz. Daha fazla bilgi almak i\u00e7in bize ula\u015f\u0131n.<\/p>    <h2 class=\"wp-block-heading\" id=\"h-various-types-of-automatic-packing-machine-for-sale\"><strong>Sat\u0131l\u0131k \u00e7e\u015fitli otomatik paketleme makinesi t\u00fcrleri<\/strong><\/h2>    <p>TOP Paketleme Makinelerinde sat\u0131l\u0131k otomatik paketleme makineleri a\u011f\u0131rl\u0131kl\u0131 olarak toz paketleme makinesi, gran\u00fcl paketleme ekipman\u0131, s\u0131v\u0131 paketleme ekipman\u0131, vakum paketleme makinesi, dikey paketleme ekipman\u0131, yast\u0131k paketleme makinesi vb.'dir. Toz, gran\u00fcl, s\u0131v\u0131 paketleme makineleri genellikle dikey paketleme ekipmanlar\u0131d\u0131r. Vakum paketleme makinesi taze et, meyve, sebze gibi \u00e7abuk bozulan g\u0131dalar\u0131n paketlenmesinde kullan\u0131l\u0131r. Yast\u0131k paketleme makinesi ise ekmek, ay \u00e7\u00f6re\u011fi, bisk\u00fcvi, maske, k\u0131yafet vb. normal \u015fekillerdeki \u00fcr\u00fcnler i\u00e7in uygundur. Birka\u00e7 k\u00fc\u00e7\u00fck po\u015feti tek bir po\u015fete s\u0131\u011fd\u0131rmak istiyorsan\u0131z yast\u0131k paketleme ekipmanlar\u0131n\u0131 se\u00e7mek iyi bir fikirdir. Ayr\u0131ca, i\u00e7 torba ve d\u0131\u015f torba paketleme i\u015fleminin tamam\u0131n\u0131 otomatik olarak tamamlayabilen otomatik \u00e7ay po\u015feti paketleme makinesi gibi \u00f6zel otomatik paketleme makinesi de sa\u011fl\u0131yoruz. Bu arada \u00f6zelle\u015ftirme hizmeti mevcuttur. \u00dcr\u00fcnlerimizle ilgileniyorsan\u0131z, daha fazla ayr\u0131nt\u0131 i\u00e7in bizimle ileti\u015fime ge\u00e7in.<\/p>    <div class=\"wp-block-columns is-layout-flex wp-container-core-columns-is-layout-28f84493 wp-block-columns-is-layout-flex\"> <div class=\"wp-block-column is-layout-flow wp-block-column-is-layout-flow\"> <figure class=\"wp-block-image size-large\"><img loading=\"lazy\" decoding=\"async\" width=\"600\" height=\"450\" src=\"https:\/\/tianhuipackingmachine.com\/wp-content\/uploads\/2021\/06\/powder-pouch-packing-machine-2.jpg\" alt=\"toz kese paketleme makinesi tedarik\u00e7isi\" class=\"wp-image-1351\" srcset=\"https:\/\/tianhuipackingmachine.com\/wp-content\/uploads\/2021\/06\/powder-pouch-packing-machine-2.jpg 600w, https:\/\/tianhuipackingmachine.com\/wp-content\/uploads\/2021\/06\/powder-pouch-packing-machine-2-300x225.jpg 300w\" sizes=\"auto, (max-width: 600px) 100vw, 600px\" \/><figcaption>Toz Kese Paketleme Makinas\u0131<\/figcaption><\/figure> <\/div>    <div class=\"wp-block-column is-layout-flow wp-block-column-is-layout-flow\"> <h3 class=\"has-text-color wp-block-heading\" id=\"h-1-80g-automatic-powder-packing-machine-parameters\" style=\"color:#ff5200\">1-80g otomatik toz paketleme makinesi parametreleri<\/h3>    <ul class=\"wp-block-list\"><li>Ambalaj stili (\u00c7anta stili): 3 tarafl\u0131 conta \/ arka conta \/ 4 tarafl\u0131 conta<\/li><li>Paketleme h\u0131z\u0131: 20-80 torba\/dak<\/li><li>G\u00fc\u00e7 T\u00fcketimi: 1.8kw<\/li><li>G\u00fc\u00e7 T\u00fcketimi: 1.8kw<\/li><li>A\u011f\u0131rl\u0131k: 250 kg<\/li><li>Boyutlar: 650*1050*1950mm<\/li><li>Ambalaj a\u011f\u0131rl\u0131\u011f\u0131: 0-80g<\/li><li>Torba geni\u015fli\u011fi: 20-150 mm (eski torbay\u0131 de\u011fi\u015ftirin)<\/li><li>\u00c7anta uzunlu\u011fu: 30-180mm ayarlama<\/li><li>Not: \u00f6zel servis mevcut<\/li><\/ul> <\/div> <\/div>    <div class=\"wp-block-columns is-layout-flex wp-container-core-columns-is-layout-28f84493 wp-block-columns-is-layout-flex\"> <div class=\"wp-block-column is-layout-flow wp-block-column-is-layout-flow\"> <figure class=\"wp-block-image size-large\"><img loading=\"lazy\" decoding=\"async\" width=\"600\" height=\"450\" src=\"https:\/\/tianhuipackingmachine.com\/wp-content\/uploads\/2021\/06\/automatic-granule-packing-machine.jpg\" alt=\"otomatik gran\u00fcl paketleme makinesi\" class=\"wp-image-1457\" srcset=\"https:\/\/tianhuipackingmachine.com\/wp-content\/uploads\/2021\/06\/automatic-granule-packing-machine.jpg 600w, https:\/\/tianhuipackingmachine.com\/wp-content\/uploads\/2021\/06\/automatic-granule-packing-machine-300x225.jpg 300w\" sizes=\"auto, (max-width: 600px) 100vw, 600px\" \/><figcaption>Otomatik Gran\u00fcl Paketleme Makinas\u0131<\/figcaption><\/figure> <\/div>    <div class=\"wp-block-column is-layout-flow wp-block-column-is-layout-flow\"> <h3 class=\"has-text-color wp-block-heading\" id=\"h-th-320-granule-packing-machine-parameters\" style=\"color:#ff5200\">TH-320 Gran\u00fcl Paketleme Makinas\u0131 Parametreleri<\/h3>    <ul class=\"wp-block-list\"><li>\u00c7anta stili: Arka m\u00fch\u00fcr<\/li><li>Paketleme h\u0131z\u0131: 32-72 torba\/dakika veya 50-100 torba\/dakika<\/li><li>\u00c7anta uzunlu\u011fu: 30-180mm<\/li><li>\u00c7anta geni\u015fli\u011fi: 25-145 mm (Eskinin de\u011fi\u015ftirilmesi gerekir)<\/li><li>Doldurma aral\u0131\u011f\u0131: 22-220 ml<\/li><li>G\u00fc\u00e7 T\u00fcketimi: 1,8 KW<\/li><li>A\u011f\u0131rl\u0131k: 250kg<\/li><li>Boyutlar: 650*1050*1950mm<\/li><li>Karton boyutu: 1100*750*1820mm<\/li><li>Not: OEM hizmeti mevcuttur<\/li><\/ul> <\/div> <\/div>    <div class=\"wp-block-columns is-layout-flex wp-container-core-columns-is-layout-28f84493 wp-block-columns-is-layout-flex\"> <div class=\"wp-block-column is-layout-flow wp-block-column-is-layout-flow\"> <figure class=\"wp-block-image size-large\"><img loading=\"lazy\" decoding=\"async\" width=\"600\" height=\"450\" src=\"https:\/\/tianhuipackingmachine.com\/wp-content\/uploads\/2021\/06\/automatic-liquid-packing-machine.jpg\" alt=\"otomatik s\u0131v\u0131 paketleme makinesi\" class=\"wp-image-1460\" srcset=\"https:\/\/tianhuipackingmachine.com\/wp-content\/uploads\/2021\/06\/automatic-liquid-packing-machine.jpg 600w, https:\/\/tianhuipackingmachine.com\/wp-content\/uploads\/2021\/06\/automatic-liquid-packing-machine-300x225.jpg 300w\" sizes=\"auto, (max-width: 600px) 100vw, 600px\" \/><figcaption>Otomatik S\u0131v\u0131 Paketleme Makinas\u0131<\/figcaption><\/figure> <\/div>    <div class=\"wp-block-column is-layout-flow wp-block-column-is-layout-flow\"> <h3 class=\"has-text-color wp-block-heading\" id=\"h-th-420-liquid-packaging-machine-parameters\" style=\"color:#ff5200\">TH-420 S\u0131v\u0131 Paketleme Makinas\u0131 Parametreleri<\/h3>    <ul class=\"wp-block-list\"><li>T\u00fcr\u00fc: TH-420 s\u0131v\u0131 paketleme makinesi<\/li><li>\u00c7anta uzunlu\u011fu: 80-300mm(L)<\/li><li>\u00c7anta geni\u015fli\u011fi: 50-200mm(W)<\/li><li>Paketleme h\u0131z\u0131: 5-30 torba\/dak<\/li><li>\u00d6l\u00e7\u00fcm aral\u0131\u011f\u0131: 5-1000ml<\/li><li>Hava t\u00fcketimi: 0,65mpa<\/li><li>Gaz t\u00fcketimi: 0,3m\u00b3\/dak<\/li><li>Gerilim: 220V<\/li><li>G\u00fc\u00e7 :2.2KW<\/li><li>Boyut:(U)1320mm\u00d7(G)950mm\u00d7(Y)1360mm<\/li><li>A\u011f\u0131rl\u0131k :540Kg<\/li><li>Not: \u00d6zel servis mevcuttur<\/li><\/ul> <\/div> <\/div>    <div class=\"wp-block-columns is-layout-flex wp-container-core-columns-is-layout-28f84493 wp-block-columns-is-layout-flex\"> <div class=\"wp-block-column is-layout-flow wp-block-column-is-layout-flow\"> <figure class=\"wp-block-image size-full\"><img loading=\"lazy\" decoding=\"async\" width=\"600\" height=\"450\" src=\"https:\/\/tianhuipackingmachine.com\/wp-content\/uploads\/2021\/12\/automatic-pillow-packing-machine.jpg\" alt=\"otomatik yast\u0131k paketleme makinesi\" class=\"wp-image-3611\" srcset=\"https:\/\/tianhuipackingmachine.com\/wp-content\/uploads\/2021\/12\/automatic-pillow-packing-machine.jpg 600w, https:\/\/tianhuipackingmachine.com\/wp-content\/uploads\/2021\/12\/automatic-pillow-packing-machine-480x360.jpg 480w\" sizes=\"auto, (max-width: 600px) 100vw, 600px\" \/><figcaption>Otomatik Yast\u0131k Paketleme Makinas\u0131<\/figcaption><\/figure> <\/div>    <div class=\"wp-block-column is-layout-flow wp-block-column-is-layout-flow\"> <h3 class=\"has-text-color wp-block-heading\" id=\"h-th-450-pillow-packing-equipment-parameters\" style=\"color:#ff5200\">TH-450 Yast\u0131k Paketleme Ekipman\u0131 Parametreleri<\/h3>    <ul class=\"wp-block-list\" id=\"block-2b2732e3-9ecb-491e-b7cd-ef8fd6cac921\"><li>Film geni\u015fli\u011fi: maksimum 450 mm<\/li><li>\u00c7anta Uzunlu\u011fu: 130-450 mm<\/li><li>\u00c7anta Geni\u015fli\u011fi: 50-80 mm<\/li><li>\u00dcr\u00fcn Y\u00fcksekli\u011fi: Max.70 mm<\/li><li>Paketleme h\u0131z\u0131: 30-180 torba\/dak<\/li><li>G\u00fc\u00e7: 220V,50\/60HZ,2.6KVA<\/li><li>A\u011f\u0131rl\u0131k: 900 kg<\/li><li>Boyut: 4020*745*1450 mm<\/li><li>Not: \u00d6zelle\u015ftirme mevcut<\/li><\/ul> <\/div> <\/div>    <h2 class=\"wp-block-heading\" id=\"h-fully-automatic-packaging-machine-vs-semi-automatic-packing-machine\"><strong>Tam otomatik paketleme makinesi VS yar\u0131 otomatik paketleme makinesi<\/strong><\/h2>    <p>Tam otomatik paketleme ekipmanlar\u0131 ile yar\u0131 otomatik paketleme ekipmanlar\u0131 aras\u0131nda a\u015fa\u011f\u0131daki benzerlikler ve farkl\u0131l\u0131klar bulunmaktad\u0131r. \u0130lk olarak, tam otomatik veya yar\u0131 otomatik paketleme makineleri, tamamen manuel \u00e7al\u0131\u015fmayla kar\u015f\u0131la\u015ft\u0131r\u0131ld\u0131\u011f\u0131nda, her ikisi de i\u015f verimlili\u011fini bir dereceye kadar art\u0131r\u0131r. \u0130kincisi, tart\u0131mlar\u0131 ve dolumlar\u0131 olduk\u00e7a do\u011fru ve kullan\u0131\u015fl\u0131d\u0131r. \u00dc\u00e7\u00fcnc\u00fcs\u00fc, tam otomatik bir paketleme makinesi, torba olu\u015fturma, tarih yazd\u0131rma, tartma, doldurma, m\u00fch\u00fcrleme, kesme ve sayma i\u015flemlerinin tamam\u0131n\u0131 tamamlayabilir. Yar\u0131 otomatik paketleme ekipman\u0131, doldurma ve kapatma i\u00e7in personelin torbay\u0131 makineye koymas\u0131n\u0131 gerektirir. K\u0131saca tam otomatik paketleme ekipmanlar\u0131, yar\u0131 otomatik paketleme makinelerine g\u00f6re daha fazla zaman, insan g\u00fcc\u00fc ve daha verimli \u00e7al\u0131\u015fma tasarrufu sa\u011flar.<\/p>    <h2 class=\"wp-block-heading\" id=\"h-wide-applications-of-automatic-packing-machine\"><strong>Otomatik paketleme makinesinin geni\u015f uygulamalar\u0131<\/strong><\/h2>    <p>Otomatik paketleme ekipmanlar\u0131, g\u0131da, g\u00fcnl\u00fck kullan\u0131m kimyasallar\u0131, kozmetik, ila\u00e7, t\u00fct\u00fcn, \u00e7ay, h\u0131rdavat, f\u0131r\u0131nc\u0131l\u0131k, haz\u0131r giyim, i\u00e7ecek, sos vb. end\u00fcstriler gibi \u00e7e\u015fitli end\u00fcstrilerde yayg\u0131n bir uygulamaya sahiptir. Doldurma durumuna g\u00f6re malzemeler, otomatik paketleme ekipmanlar\u0131 toz, gran\u00fcl, macun ve s\u0131v\u0131 paketleme makinesini i\u00e7erir.<\/p>    <ul class=\"wp-block-list\"><li><strong><a href=\"https:\/\/tianhuipackingmachine.com\/tr\/powder-packing-machine\/\">Toz paketleme makinesi<\/a><\/strong> s\u00fct tozu, kahve tozu, karabiber tozu, kimyon tozu, masala tozu, farmas\u00f6tik toz, un, m\u0131s\u0131r unu vb. i\u00e7in ge\u00e7erlidir.<\/li><li>The <strong><a href=\"https:\/\/tianhuipackingmachine.com\/tr\/granule-packing-machine\/\">gran\u00fcl paketleme makinesi<\/a><\/strong> kahve \u00e7ekirdekleri, at\u0131\u015ft\u0131rmal\u0131k yiyecekler, patlam\u0131\u015f m\u0131s\u0131r, cips, karides krakerleri, pirin\u00e7, \u015feker, tohumlar, tah\u0131llar, tabletler, k\u00fc\u00e7\u00fck \u00e7elik bilyalar, deterjanlar vb. paketlemek i\u00e7in uygundur.<\/li><li>The <strong><a href=\"https:\/\/tianhuipackingmachine.com\/tr\/liquid-packing-machine\/\">s\u0131v\u0131 paketleme makinesi<\/a><\/strong> su, s\u00fct, kahve, meyve suyu, bira, \u015farap, yemeklik ya\u011f, sirke, soya sosu vb. gibi ak\u0131\u015fkanl\u0131\u011f\u0131 iyi olan s\u0131v\u0131y\u0131 paketlemek daha iyi olurdu.<\/li><li>Macun paketleme ekipmanlar\u0131 \u00e7ikolata sosu, domates sosu, spagetti sosu, salata sosu, f\u0131st\u0131k ezmesi, re\u00e7el vb. i\u00e7in ge\u00e7erlidir.<\/li><\/ul>    <p class=\"translation-block\">Ayr\u0131ca, yast\u0131k tipi paketleme makinesi ile havlu, maske, giysi, ekmek, bisk\u00fcvi gibi d\u00fczenli \u015fekillere sahip kat\u0131lar paketlenebilir. Ve bozulabilir g\u0131dalar, taze et, meyve ve sebzeler gibi raf \u00f6mr\u00fcn\u00fc uzatmak i\u00e7in<strong><a href=\"https:\/\/tianhuipackingmachine.com\/tr\/vacuum-packaging-machine\/\"> vakum paketleme makinesi<\/a><\/strong> kullanmak iyi bir fikirdir.<\/p>    <div class=\"wp-block-columns is-layout-flex wp-container-core-columns-is-layout-28f84493 wp-block-columns-is-layout-flex\"> <div class=\"wp-block-column is-layout-flow wp-block-column-is-layout-flow\"> <figure class=\"wp-block-image size-large\"><img loading=\"lazy\" decoding=\"async\" width=\"600\" height=\"450\" src=\"https:\/\/tianhuipackingmachine.com\/wp-content\/uploads\/2021\/05\/powder-packing-equipment-applications.jpg\" alt=\"toz paketleme ekipman\u0131 uygulamalar\u0131\" class=\"wp-image-700\" srcset=\"https:\/\/tianhuipackingmachine.com\/wp-content\/uploads\/2021\/05\/powder-packing-equipment-applications.jpg 600w, https:\/\/tianhuipackingmachine.com\/wp-content\/uploads\/2021\/05\/powder-packing-equipment-applications-300x225.jpg 300w\" sizes=\"auto, (max-width: 600px) 100vw, 600px\" \/><figcaption>Toz Paketleme Ekipman\u0131 Uygulamalar\u0131<\/figcaption><\/figure> <\/div>    <div class=\"wp-block-column is-layout-flow wp-block-column-is-layout-flow\"> <figure class=\"wp-block-image size-large\"><img loading=\"lazy\" decoding=\"async\" width=\"600\" height=\"450\" src=\"https:\/\/tianhuipackingmachine.com\/wp-content\/uploads\/2021\/05\/horizontal-packing-machine-applications.jpg\" alt=\"yatay paketleme makinesi uygulamalar\u0131\" class=\"wp-image-748\" srcset=\"https:\/\/tianhuipackingmachine.com\/wp-content\/uploads\/2021\/05\/horizontal-packing-machine-applications.jpg 600w, https:\/\/tianhuipackingmachine.com\/wp-content\/uploads\/2021\/05\/horizontal-packing-machine-applications-300x225.jpg 300w\" sizes=\"auto, (max-width: 600px) 100vw, 600px\" \/><figcaption>Yatay Paketleme Makinas\u0131 Uygulamalar\u0131<\/figcaption><\/figure> <\/div> <\/div>    <h2 class=\"wp-block-heading\" id=\"h-how-to-choose-a-satisfactory-automatic-packing-machine\"><strong>Tatmin edici bir otomatik paketleme makinesi nas\u0131l se\u00e7ilir?<\/strong><strong><\/strong><\/h2>    <p class=\"translation-block\">Bir otomatik paketleme makinesi se\u00e7erken ve sat\u0131n al\u0131rken, a\u015fa\u011f\u0131daki noktalara dikkat etmelisiniz. Birincisi, hangi dolum malzemelerini paketlemeyi planl\u0131yorsunuz? Durumuna, toz, kat\u0131, s\u0131v\u0131 veya macun aras\u0131ndan se\u00e7im yapabilirsiniz. \u0130kincisi, ne kadar paketleme h\u0131z\u0131 ve boyutu istiyorsunuz? Farkl\u0131 t\u00fcrdeki otomatik paketleme makineleri farkl\u0131 paketleme h\u0131zlar\u0131na ve boyutlar\u0131na sahiptir. \u00dcr\u00fcnleriniz i\u00e7in en uygun olan\u0131 se\u00e7meniz daha iyi olur. \u00dc\u00e7\u00fcnc\u00fcs\u00fc, hangi paketleme stilini se\u00e7iyorsunuz? Arka s\u0131zd\u0131rmazl\u0131k, 3 tarafl\u0131 s\u0131zd\u0131rmazl\u0131k, 4 tarafl\u0131 s\u0131zd\u0131rmazl\u0131k, piramit torba vb. vard\u0131r. Bunlar aras\u0131ndan se\u00e7im yap\u0131n. Ek olarak, ger\u00e7ek ihtiya\u00e7lar\u0131n\u0131za g\u00f6re ekipman\u0131 \u00f6zelle\u015ftirmek i\u00e7in<strong><a href=\"https:\/\/tianhuipackingmachine.com\/tr\/\"> g\u00fcvenilir bir \u00fcretici ve tedarik\u00e7i<\/a><\/strong> de bulabilirsiniz.<\/p>    <h2 class=\"wp-block-heading\" id=\"h-what-s-the-automatic-packing-equipment-price\"><strong>Ne<\/strong><strong>'<\/strong><strong>otomatik paketleme ekipman\u0131 fiyat\u0131 m\u0131?<\/strong><strong><\/strong><\/h2>    <p>Otomatik paketleme makinesi, paketleme makinesi \u00e7e\u015fitleri ba\u015fta olmak \u00fczere bir\u00e7ok fakt\u00f6rden etkilenir. \u00d6rne\u011fin toz paketleme ekipmanlar\u0131, gran\u00fcl paketleme makinesi, s\u0131v\u0131 paketleme makinesi dikey paketleme makinesidir. Toz dolumu i\u00e7in bir vidaya, \u00f6l\u00e7\u00fcm kab\u0131na sahip bir gran\u00fcle ve boru ve pompayla donat\u0131lm\u0131\u015f bir s\u0131v\u0131ya ihtiya\u00e7 vard\u0131r. Ayr\u0131ca, vakum paketleme ekipman\u0131 tek odac\u0131kl\u0131 veya \u00e7ift odac\u0131kl\u0131 bir sistemi benimser. Yast\u0131k paketleme makinesi, iste\u011fe ba\u011fl\u0131 olarak iki \u00e7e\u015fit konvey\u00f6r band\u0131 sunar; zincir ve kilit mandall\u0131 bir \u00e7e\u015fit konvey\u00f6r band\u0131 ve bir t\u00fcr servo film konvey\u00f6r band\u0131. Bu farkl\u0131l\u0131klar fiyat\u0131n farkl\u0131 olmas\u0131na neden olur. Ayr\u0131ca size \u00f6zel hizmet de sa\u011fl\u0131yoruz. Fiyat ger\u00e7ek gereksinimlerinize ba\u011fl\u0131d\u0131r.<\/p>    <h2 class=\"wp-block-heading\" id=\"h-different-structures-of-automatic-packing-equipment\"><strong>Otomatik paketleme ekipmanlar\u0131n\u0131n farkl\u0131 yap\u0131lar\u0131<\/strong><strong><\/strong><\/h2>    <p class=\"translation-block\">Yar\u0131 otomatik paketleme ekipman\u0131 bir hazne, tart\u0131m cihaz\u0131, dolum cihaz\u0131, s\u0131zd\u0131rmazl\u0131k ve kesme cihaz\u0131 ile donat\u0131lm\u0131\u015ft\u0131r. Tam otomatik paketleme makineleri ise PLC, hazne, paketleme filmi tutucu, torba formeri, film \u00e7ekme tekerlekleri, s\u0131zd\u0131rmazl\u0131k ve kesme cihaz\u0131 sunar. Tam otomatik paketleme ekipmanlar\u0131 aras\u0131nda, toz paketleme makinesi dolum hacmini kontrol etmek i\u00e7in bir vida kullan\u0131r. Gran\u00fcl paketleme makinesi dolum i\u00e7in platformda \u00f6l\u00e7\u00fcm kab\u0131 kullan\u0131r. S\u0131v\u0131 paketleme makinesi malzemeleri bir pompa ile doldurur. Vakum paketleme makinesi ise<strong><a href=\"https:\/\/tianhuipackingmachine.com\/tr\/single-chamber-vacuum-packaging-machine\/\"> tek odac\u0131kl\u0131 vakum paketleme ekipman\u0131<\/a><\/strong> ve<strong><a href=\"https:\/\/tianhuipackingmachine.com\/tr\/double-chamber-vacuum-packaging-machine\/\"> \u00e7ift odac\u0131kl\u0131 vakum paketleme ekipman\u0131<\/a><\/strong> olarak ayr\u0131l\u0131r. Yast\u0131k tipi paketleme makinesi i\u00e7in iste\u011fe ba\u011fl\u0131 iki t\u00fcr konvey\u00f6r bant vard\u0131r, biri zincirli ve kilitli konvey\u00f6r bant, di\u011feri ise servo film konvey\u00f6r bantt\u0131r. \u0130kincisi ilkinden daha ak\u0131ll\u0131d\u0131r.<\/p>    <div class=\"wp-block-columns is-layout-flex wp-container-core-columns-is-layout-28f84493 wp-block-columns-is-layout-flex\"> <div class=\"wp-block-column is-layout-flow wp-block-column-is-layout-flow\"> <figure class=\"wp-block-image size-large\"><img loading=\"lazy\" decoding=\"async\" width=\"600\" height=\"450\" src=\"https:\/\/tianhuipackingmachine.com\/wp-content\/uploads\/2021\/05\/powder-packing-equipment-parts.jpg\" alt=\"toz paketleme ekipman\u0131 par\u00e7alar\u0131\" class=\"wp-image-701\" srcset=\"https:\/\/tianhuipackingmachine.com\/wp-content\/uploads\/2021\/05\/powder-packing-equipment-parts.jpg 600w, https:\/\/tianhuipackingmachine.com\/wp-content\/uploads\/2021\/05\/powder-packing-equipment-parts-300x225.jpg 300w\" sizes=\"auto, (max-width: 600px) 100vw, 600px\" \/><figcaption>Toz Paketleme Ekipman\u0131 Par\u00e7alar\u0131<\/figcaption><\/figure> <\/div>    <div class=\"wp-block-column is-layout-flow wp-block-column-is-layout-flow\"> <figure class=\"wp-block-image size-large\"><img loading=\"lazy\" decoding=\"async\" width=\"600\" height=\"450\" src=\"https:\/\/tianhuipackingmachine.com\/wp-content\/uploads\/2021\/06\/rotary-table-and-measuring-cup.jpg\" alt=\"paketleme makinesi \u00f6l\u00e7\u00fcm kab\u0131\" class=\"wp-image-1053\" srcset=\"https:\/\/tianhuipackingmachine.com\/wp-content\/uploads\/2021\/06\/rotary-table-and-measuring-cup.jpg 600w, https:\/\/tianhuipackingmachine.com\/wp-content\/uploads\/2021\/06\/rotary-table-and-measuring-cup-300x225.jpg 300w\" sizes=\"auto, (max-width: 600px) 100vw, 600px\" \/><figcaption>D\u00f6ner Tabla ve \u00d6l\u00e7me Kab\u0131<\/figcaption><\/figure> <\/div> <\/div>    <h2 class=\"wp-block-heading\" id=\"h-features-benefits-of-automatic-packing-equipment\"><strong>Otomatik paketleme ekipman\u0131n\u0131n \u00f6zellikleri ve faydalar\u0131<\/strong><strong><\/strong><\/h2>    <ol class=\"wp-block-list\" type=\"1\"><li>Basit yap\u0131, kurulumu ve \u00e7al\u0131\u015ft\u0131r\u0131lmas\u0131 kolayd\u0131r;<\/li><li>Elektrik motorlar\u0131, makinenin bile\u015fenlerini ayr\u0131 ayr\u0131 kontrol ederek istikrarl\u0131 ve verimli \u00e7al\u0131\u015f\u0131r;<\/li><li>Tam otomatik paketleme makinesi, paketleme h\u0131z\u0131n\u0131, torba uzunluklar\u0131n\u0131, kapatma s\u0131cakl\u0131\u011f\u0131n\u0131 vb. ayarlamak i\u00e7in PLC'yi kullan\u0131r;<\/li><li>Otomatik paketleme ekipman\u0131, g\u00fcvenlik \u00f6nlemi olarak kapatma ve kesme cihazlar\u0131n\u0131n etraf\u0131nda \u015feffaf bir cam kapakla donat\u0131lm\u0131\u015ft\u0131r;<\/li><li>Acil durdurma ve ad\u0131m butonlar\u0131 \u00f6zel duruma g\u00f6re tasarlanm\u0131\u015ft\u0131r;<\/li><li>Vida, otomatik toz paketleme makinesinde dolgu malzemelerinin hacmini kontrol etmek i\u00e7in kullan\u0131l\u0131r;<\/li><li>\u0130ki film \u00e7ekme tekerle\u011fi filmi yap\u0131\u015ft\u0131rmak i\u00e7in \u00e7ekerek filmin hareketini sa\u011flar;<\/li><li>Arka conta, 3 tarafl\u0131 conta, 4 tarafl\u0131 conta, piramit vb. gibi \u00e7e\u015fitli paketleme stilleri iste\u011fe ba\u011fl\u0131d\u0131r;<\/li><li>Dikey paketleme makinesinin alt\u0131ndaki d\u00f6rt tekerlek, rahat\u00e7a hareket ettirilebilir.<\/li><li>OEM hizmeti mevcut<\/li><\/ol>    <h2 class=\"wp-block-heading\" id=\"h-contact-us-and-get-a-custom-automatic-packing-machine\"><strong>Bize ula\u015f\u0131n ve g<\/strong><strong>ve<\/strong><strong>&nbsp;<\/strong><strong>bir gelenek<\/strong><strong>&nbsp;otomatik paketleme makinesi<\/strong><strong><\/strong><\/h2>    <p class=\"translation-block\">M\u00fckemmel bir otomatik paketleme makinesi \u00fcr\u00fcnleri hasardan korur, \u00e7ok say\u0131da m\u00fc\u015fteri sat\u0131n almas\u0131n\u0131 sa\u011flar, i\u015f verimlili\u011fini ve do\u011frulu\u011funu b\u00fcy\u00fck \u00f6l\u00e7\u00fcde art\u0131r\u0131r. Bu otomatik paketleme makinelerine bakt\u0131\u011f\u0131n\u0131zda, ilginizi \u00e7eken bir veya birka\u00e7 makine buldunuz mu? \u00dcr\u00fcnlerimiz hakk\u0131nda daha fazla bilgi almak i\u00e7in<strong><a href=\"https:\/\/tianhuipackingmachine.com\/tr\/contact\/\"> bizimle ileti\u015fime ge\u00e7in<\/a><\/strong>. Kendi otomatik paketleme ekipman\u0131n\u0131z\u0131 \u00f6zelle\u015ftirmek isterseniz, ger\u00e7ek gereksinimlerinize g\u00f6re \u00fcretece\u011fiz. Bize ho\u015f geldiniz, ihtiya\u00e7lar\u0131n\u0131z\u0131 kar\u015f\u0131lamak i\u00e7in elimizden geleni yapaca\u011f\u0131z.<\/p>","protected":false},"excerpt":{"rendered":"<p>Automatic packaging machine has been applied to food, drink, medicine, hardware, woodwork, etc. We can see packing products everywhere in our daily life. Different packaging types and sizes have greatly satisfied people&#8217;s needs. People will not only notice the product itself but also consider its packaging when they purchase something. A pretty and neat packing [&hellip;]<\/p>\n","protected":false},"author":1,"featured_media":1351,"parent":0,"template":"","tags":[171],"product-type":[145],"class_list":["post-1455","product","type-product","status-publish","has-post-thumbnail","hentry","tag-automatic-packing-machine","product-type-other-products"],"_links":{"self":[{"href":"https:\/\/tianhuipackingmachine.com\/tr\/wp-json\/wp\/v2\/product\/1455","targetHints":{"allow":["GET"]}}],"collection":[{"href":"https:\/\/tianhuipackingmachine.com\/tr\/wp-json\/wp\/v2\/product"}],"about":[{"href":"https:\/\/tianhuipackingmachine.com\/tr\/wp-json\/wp\/v2\/types\/product"}],"author":[{"embeddable":true,"href":"https:\/\/tianhuipackingmachine.com\/tr\/wp-json\/wp\/v2\/users\/1"}],"wp:featuredmedia":[{"embeddable":true,"href":"https:\/\/tianhuipackingmachine.com\/tr\/wp-json\/wp\/v2\/media\/1351"}],"wp:attachment":[{"href":"https:\/\/tianhuipackingmachine.com\/tr\/wp-json\/wp\/v2\/media?parent=1455"}],"wp:term":[{"taxonomy":"post_tag","embeddable":true,"href":"https:\/\/tianhuipackingmachine.com\/tr\/wp-json\/wp\/v2\/tags?post=1455"},{"taxonomy":"product-type","embeddable":true,"href":"https:\/\/tianhuipackingmachine.com\/tr\/wp-json\/wp\/v2\/product-type?post=1455"}],"curies":[{"name":"wp","href":"https:\/\/api.w.org\/{rel}","templated":true}]}}