{"id":1384,"date":"2021-06-23T15:04:36","date_gmt":"2021-06-23T07:04:36","guid":{"rendered":"https:\/\/tianhuipackingmachine.com\/?page_id=1384"},"modified":"2024-10-16T14:17:18","modified_gmt":"2024-10-16T06:17:18","slug":"single-chamber-vacuum-packaging-machine","status":"publish","type":"product","link":"https:\/\/tianhuipackingmachine.com\/tr\/single-chamber-vacuum-packaging-machine\/","title":{"rendered":"Tek odac\u0131kl\u0131 vakum paketleme makinesi"},"content":{"rendered":"<p class=\"translation-block\">Shuliy <strong>tek hazne vakum paketleme makinesi<\/strong>, g\u0131dalar\u0131n raf \u00f6mr\u00fcn\u00fc uzatmak i\u00e7in havay\u0131 gidererek g\u0131da, tah\u0131l, et, sebze vb. vakumla kapatmaya uygundur. Paketteki az miktarda hava mikrop \u00fcremesini \u00f6nler ve g\u0131da bozulmas\u0131n\u0131 yava\u015flat\u0131r.<\/p>    <p>Dakikada 1-10 torba kapasiteli bir vakumlama makinesidir. Bu vakum paketleme makinesi hem ev hem de ticari uygulamalar i\u00e7in uygundur. <\/p>    <p>Tek odal\u0131 vakum paketleme makinesi, basit bir i\u015flemle s\u0131radan boyutlardaki torba paketlemeyi kar\u015f\u0131layabilir. Ayr\u0131ca, tam ihtiya\u00e7lar\u0131n\u0131za g\u00f6re OEM hizmetini destekliyoruz. <\/p>    <p>G\u00fcvenilir bir vakum paketleme makinesi ar\u0131yorsan\u0131z, daha fazla makine bilgisi i\u00e7in l\u00fctfen en k\u0131sa s\u00fcrede bizimle ileti\u015fime ge\u00e7in!<\/p>   <figure class=\"wp-block-embed-youtube wp-block-embed is-type-video is-provider-youtube wp-embed-aspect-16-9 wp-has-aspect-ratio\"><div class=\"lyte-wrapper\" title=\"Pirin\u00e7 ve un i\u00e7in tek odac\u0131kl\u0131 vakum paketleme makinesi\uff5cG\u0131da muhafazas\u0131 i\u00e7in en iyi se\u00e7im #pack\" style=\"width:853px;max-width:100%;margin:5px auto;\"><div class=\"lyMe\" id=\"WYL_q9kFbJGuf88\" itemprop=\"video\" itemscope itemtype=\"https:\/\/schema.org\/VideoObject\"><div><meta itemprop=\"thumbnailUrl\" content=\"https:\/\/i.ytimg.com\/vi\/q9kFbJGuf88\/hqdefault.jpg\" \/><meta itemprop=\"embedURL\" content=\"https:\/\/www.youtube.com\/embed\/q9kFbJGuf88\" \/><meta itemprop=\"duration\" content=\"PT1M12S\" \/><meta itemprop=\"uploadDate\" content=\"2024-09-26T06:56:41Z\" \/><\/div><meta itemprop=\"accessibilityFeature\" content=\"captions\" \/><div id=\"lyte_q9kFbJGuf88\" data-src=\"https:\/\/i.ytimg.com\/vi\/q9kFbJGuf88\/hqdefault.jpg\" class=\"pL\"><div class=\"tC\"><div class=\"tT\" itemprop=\"name\">Pirin\u00e7 ve un i\u00e7in tek odac\u0131kl\u0131 vakum paketleme makinesi\uff5cG\u0131da muhafazas\u0131 i\u00e7in en iyi se\u00e7im #pack<\/div><\/div><div class=\"play\"><\/div><div class=\"ctrl\"><div class=\"Lctrl\"><\/div><div class=\"Rctrl\"><\/div><\/div><\/div><noscript><a href=\"https:\/\/youtu.be\/q9kFbJGuf88\" rel=\"nofollow noopener\" target=\"_blank\"><img loading=\"lazy\" decoding=\"async\" src=\"https:\/\/i.ytimg.com\/vi\/q9kFbJGuf88\/0.jpg\" alt=\"Pirin\u00e7 ve un i\u00e7in tek odac\u0131kl\u0131 vakum paketleme makinesi\uff5cG\u0131da muhafazas\u0131 i\u00e7in en iyi se\u00e7im #pack\" width=\"853\" height=\"460\" \/><\/a><\/noscript><meta itemprop=\"description\" content=\"#vacuumsealer #vacuumpackingmachine #vacuumpackaging #vacuumpacking #packingsolution WhatsApp No.: https:\/\/wa.me\/+8613673689272 WeChat\/Tel No.:+8613673689272 Email: sales@tianhuipackingmachine.com Website: https:\/\/tianhuipackingmachine.com\/single-chamber-vacuum-packaging-machine\/ In this video, we demonstrate the excellent performance of the Schulich Single Chamber Vacuum Packaging Machine for vacuum packaging of rice and flour. The vacuum sealer machine is easy to operate and efficiently seals to ensure long term food freshness. Whether it&#039;s rice or flour, this vacuum packaging machine ensures tight packaging and maximizes shelf life, making it especially suitable for grain storage and food processing industries. Feel free to watch the machine in action and see how it can help you improve your productivity. WhatsApp No.: https:\/\/wa.me\/+8613673689272 WeChat\/Tel No.:+8613673689272 Email: sales@tianhuipackingmachine.com Website: https:\/\/tianhuipackingmachine.com\/single-chamber-vacuum-packaging-machine\/\"><\/div><\/div><div class=\"lL\" style=\"max-width:100%;width:853px;margin:5px auto;\"> <a href=\"https:\/\/youtu.be\/q9kFbJGuf88\" target=\"_blank\" rel=\"noopener\">Bu videoyu YouTube'da izleyin<\/a>.<\/div><figcaption>tek odac\u0131kl\u0131 vakum m\u00fch\u00fcrleyen<\/figcaption><\/figure>   <h2 class=\"wp-block-heading\" id=\"h-advantages-of-single-room-vacuum-sealer\"><strong>Tek odal\u0131 vakumlama makinesinin avantajlar\u0131<\/strong><\/h2>    <ol style=\"list-style-type:1\" class=\"wp-block-list\"> <li>Bir benimser <strong>d\u0131\u015fb\u00fckey \u015feffaf perspex kapak<\/strong>, vakumlu s\u0131zd\u0131rmazl\u0131k i\u015flemini g\u00f6rmek kolayd\u0131r.<\/li>    <li>Gerilim <strong>ev uygulamalar\u0131 i\u00e7in uygun<\/strong>.<\/li>    <li>The <strong>ak\u0131ll\u0131 kontrol paneli<\/strong> rahat ve g\u00fcvenli bir \u015fekilde \u00e7al\u0131\u015f\u0131r.<\/li>    <li>Shuliy vakum paketleme makinesi g\u0131da \u00fcr\u00fcnlerinin raf \u00f6mr\u00fcn\u00fc uzatabilir. \u00d6zellikle tazelik ihtiya\u00e7lar\u0131na uygundur. <strong>G\u0131da, et, f\u0131nd\u0131k, bal\u0131k, kaju f\u0131st\u0131\u011f\u0131, tavuk, sebze, meyve<\/strong>, vesaire.<\/li>    <li>Bizim makinemiz <strong>makinenin alt k\u0131sm\u0131nda d\u00f6rt tekerlekle donat\u0131lm\u0131\u015ft\u0131r<\/strong>, ta\u015f\u0131nmas\u0131 kolay.<\/li>    <li>Yapabiliriz <strong>makinenin rengini, voltaj\u0131n\u0131, g\u00fcc\u00fcn\u00fc \u00f6zelle\u015ftirin<\/strong>, vesaire.<\/li> <\/ol>    <h2 class=\"wp-block-heading\"><strong>Tek odac\u0131kl\u0131 vakum paketleme makinesinin teknik parametreleri<\/strong><\/h2>    <div class=\"wp-block-columns is-layout-flex wp-container-core-columns-is-layout-28f84493 wp-block-columns-is-layout-flex\"> <div class=\"wp-block-column is-layout-flow wp-block-column-is-layout-flow\"> <figure class=\"wp-block-image size-full\"><img loading=\"lazy\" decoding=\"async\" width=\"600\" height=\"450\" src=\"https:\/\/tianhuipackingmachine.com\/wp-content\/uploads\/2021\/08\/single-chamber-vacuum-packing-machine.jpg\" alt=\"tek odac\u0131kl\u0131 vakum paketleme makinesi\" class=\"wp-image-2337\" srcset=\"https:\/\/tianhuipackingmachine.com\/wp-content\/uploads\/2021\/08\/single-chamber-vacuum-packing-machine.jpg 600w, https:\/\/tianhuipackingmachine.com\/wp-content\/uploads\/2021\/08\/single-chamber-vacuum-packing-machine-300x225.jpg 300w\" sizes=\"auto, (max-width: 600px) 100vw, 600px\" \/><figcaption class=\"wp-element-caption\">Tek Odac\u0131kl\u0131 Vakum Paketleme Makinas\u0131<\/figcaption><\/figure> <\/div>    <div class=\"wp-block-column is-vertically-aligned-center is-layout-flow wp-block-column-is-layout-flow\"> <ul class=\"wp-block-list\"> <li>Modeli: SL-500<\/li>    <li>Gerilim: 220V\/50HZ<\/li>    <li>Vakum pompas\u0131 g\u00fcc\u00fc: 0.9KW<\/li>    <li>S\u0131zd\u0131rmazl\u0131k g\u00fcc\u00fc: 0.6KW<\/li>    <li>Mutlak bas\u0131n\u00e7: 0,1pa<\/li>    <li>S\u0131zd\u0131rmazl\u0131k \u015feridi say\u0131s\u0131: 1<\/li>    <li>S\u0131zd\u0131rmazl\u0131k \u015feritleri boyutu: 500mm*10mm*2<\/li>    <li>Hazne malzemesi: 304 paslanmaz \u00e7elik<\/li>    <li>Kapak malzemesi: organik cam<\/li>    <li>Oda boyutu: 525*520*130mm<\/li>    <li>Makine boyutu: 650*580*960mm<\/li>    <li>Makine a\u011f\u0131rl\u0131\u011f\u0131: 80kg<\/li> <\/ul> <\/div> <\/div>    <p>Bu makine parametreleri, bir makine sat\u0131n almadan \u00f6nce referans olmas\u0131 i\u00e7indir. Ayr\u0131ca \u00f6zelle\u015ftirilmi\u015f vakum paketleme makinesi i\u00e7in bizimle ileti\u015fime ge\u00e7ebilirsiniz.<\/p>    <h2 class=\"wp-block-heading\" id=\"h-single-chamber-vacuum-packaging-machine-for-sale\"><strong>Shuliy tek odac\u0131kl\u0131 vakum paketleme makinesini olu\u015fturan unsurlar nelerdir?<\/strong><\/h2>    <p>Sat\u0131l\u0131k tek odac\u0131kl\u0131 vakum paketleme makinemiz d\u0131\u015fb\u00fckey \u015feffaf perspex kapak, vakum odas\u0131, elektrik kontrol sistemi ve vakum sisteminden olu\u015fur. Anlamak ve kullanmay\u0131 \u00f6\u011frenmek kolayd\u0131r.<\/p>    <h2 class=\"wp-block-heading\" id=\"h-working-principles-of-single-chamber-vacuum-seal-machine\"><strong>Tek odac\u0131kl\u0131 vakum kapatma makinesi nas\u0131l \u00e7al\u0131\u015f\u0131r?<\/strong><\/h2>    <p>Tek odac\u0131kl\u0131 vakumlu paketleme makinesinin temel i\u015f ak\u0131\u015f\u0131 \u015f\u00f6yledir:<\/p>    <ol class=\"wp-block-list\"> <li><strong>Haz\u0131rl\u0131k<\/strong>. E\u015fyalar\u0131 vakumlu paketleme po\u015fetine koyun ve po\u015fet a\u011fz\u0131n\u0131 d\u00fczg\u00fcn bir \u015fekilde s\u0131zd\u0131rmazl\u0131k \u015feridinin \u00fczerine yerle\u015ftirin.<\/li>    <li><strong>Vakum ekstraksiyonu<\/strong>. Makinenin kapa\u011f\u0131n\u0131 kapat\u0131n ve makineyi \u00e7al\u0131\u015ft\u0131r\u0131n. Makine, vakum olu\u015fturmak i\u00e7in torbadaki havay\u0131 \u00e7ekecektir.<\/li>    <li><strong>S\u0131zd\u0131rmazl\u0131k<\/strong>. Vakum durumunda makine, torban\u0131n a\u011fz\u0131n\u0131 kapatmak i\u00e7in torbay\u0131 \u0131s\u0131tma \u015feridi boyunca \u0131s\u0131yla kapat\u0131r.<\/li>    <li><strong>Tamamlama<\/strong>. S\u0131zd\u0131rmazl\u0131k tamamland\u0131ktan sonra makine otomatik olarak atmosferik bas\u0131n\u00e7 durumuna geri d\u00f6necektir. Torba, kapal\u0131 bir paket olu\u015fturacak \u015fekilde \u00fcr\u00fcne yap\u0131\u015facakt\u0131r.<\/li>    <li><strong>Enflasyon (iste\u011fe ba\u011fl\u0131)<\/strong>. \u015ei\u015firilmi\u015f yiyecekler gibi baz\u0131 \u00fcr\u00fcnler, raf \u00f6mr\u00fcn\u00fc uzatmak i\u00e7in kapatmadan \u00f6nce inert gazla doldurulabilir.<\/li> <\/ol>   <figure class=\"wp-block-embed-youtube wp-block-embed is-type-video is-provider-youtube wp-embed-aspect-16-9 wp-has-aspect-ratio\"><div class=\"lyte-wrapper\" title=\"Tek Odac\u0131kl\u0131 Vakum Paketleme Makinas\u0131 | Tek Ki\u015filik Oda Vakum Makinesi\" style=\"width:853px;max-width:100%;margin:5px auto;\"><div class=\"lyMe\" id=\"WYL_g91PoEzoRlQ\" itemprop=\"video\" itemscope itemtype=\"https:\/\/schema.org\/VideoObject\"><div><meta itemprop=\"thumbnailUrl\" content=\"https:\/\/i.ytimg.com\/vi\/g91PoEzoRlQ\/hqdefault.jpg\" \/><meta itemprop=\"embedURL\" content=\"https:\/\/www.youtube.com\/embed\/g91PoEzoRlQ\" \/><meta itemprop=\"duration\" content=\"PT49S\" \/><meta itemprop=\"uploadDate\" content=\"2021-08-14T10:48:28Z\" \/><\/div><div id=\"lyte_g91PoEzoRlQ\" data-src=\"https:\/\/i.ytimg.com\/vi\/g91PoEzoRlQ\/hqdefault.jpg\" class=\"pL\"><div class=\"tC\"><div class=\"tT\" itemprop=\"name\">Tek Odac\u0131kl\u0131 Vakum Paketleme Makinas\u0131 | Tek Ki\u015filik Oda Vakum Makinesi<\/div><\/div><div class=\"play\"><\/div><div class=\"ctrl\"><div class=\"Lctrl\"><\/div><div class=\"Rctrl\"><\/div><\/div><\/div><noscript><a href=\"https:\/\/youtu.be\/g91PoEzoRlQ\" rel=\"nofollow noopener\" target=\"_blank\"><img loading=\"lazy\" decoding=\"async\" src=\"https:\/\/i.ytimg.com\/vi\/g91PoEzoRlQ\/0.jpg\" alt=\"Tek Odac\u0131kl\u0131 Vakum Paketleme Makinas\u0131 | Tek Ki\u015filik Oda Vakum Makinesi\" width=\"853\" height=\"460\" \/><\/a><\/noscript><meta itemprop=\"description\" content=\"Single chamber vacuum packing machine has a widespread application in a variety of food in order to prevent oxidization and prolong shelf life, such as sausage, bacon, roast duck, dried tofu, beef, mutton, pork, chicken, fruit, vegetables, butter, nuts, dried fruit, biscuits, corns, peanut, flour, etc. Get more details: https:\/\/tianhuipackingmachine.com\/single-chamber-vacuum-packaging-machine\/ Email: toppacking@163.com Whatsapp\/Tel: +86 17329326135\"><\/div><\/div><div class=\"lL\" style=\"max-width:100%;width:853px;margin:5px auto;\"> <a href=\"https:\/\/youtu.be\/g91PoEzoRlQ\" target=\"_blank\" rel=\"noopener\">Bu videoyu YouTube'da izleyin<\/a>.<\/div><figcaption>tek odal\u0131 vakum yap\u0131\u015ft\u0131rma makinesi<\/figcaption><\/figure>   <h2 class=\"wp-block-heading\" id=\"h-applications-of-single-chamber-vacuum-packaging-machine\"><strong>Tek odac\u0131kl\u0131 vakum paketleme makinesinin uygulamalar\u0131<\/strong><\/h2>    <p>Tek odac\u0131kl\u0131 vakum paketleme makinesinin voltaj\u0131 hem end\u00fcstrilerde hem de ailelerde ge\u00e7erlidir. Boyutlar\u0131 k\u00fc\u00e7\u00fckt\u00fcr ve kullan\u0131m\u0131 kolayd\u0131r. <\/p>    <p>Tek odal\u0131 vakumlama makinesinin a\u015fa\u011f\u0131daki gibi \u00e7e\u015fitli alanlarda yayg\u0131n bir uygulamas\u0131 vard\u0131r:<\/p>    <ul class=\"wp-block-list\"> <li><strong>Et<\/strong>: sosis, domuz past\u0131rmas\u0131, k\u0131zarm\u0131\u015f \u00f6rdek, s\u0131\u011f\u0131r eti, koyun eti, domuz eti, tavuk vb.<\/li>    <li><strong>Tah\u0131l<\/strong>: m\u0131s\u0131r, f\u0131st\u0131k, un ve di\u011ferleri.<\/li>    <li><strong>Yiyecek<\/strong>: kurutulmu\u015f tofu, f\u0131nd\u0131k, bisk\u00fcvi, <a href=\"https:\/\/en.wikipedia.org\/wiki\/Marination\" target=\"_blank\" rel=\"noopener\">marine edilmi\u015f<\/a> \u00fcr\u00fcnler, meyveler, kurutulmu\u015f meyveler, sebzeler vb.<\/li>    <li><strong>Di\u011ferleri<\/strong>: tereya\u011f\u0131 vb.<\/li> <\/ul>    <figure class=\"wp-block-image size-large\"><img loading=\"lazy\" decoding=\"async\" width=\"600\" height=\"450\" src=\"https:\/\/tianhuipackingmachine.com\/wp-content\/uploads\/2021\/06\/applications-of-vacuum-packing-machine.jpg\" alt=\"vakum paketleme makinesi uygulamalar\u0131\" class=\"wp-image-1386\" srcset=\"https:\/\/tianhuipackingmachine.com\/wp-content\/uploads\/2021\/06\/applications-of-vacuum-packing-machine.jpg 600w, https:\/\/tianhuipackingmachine.com\/wp-content\/uploads\/2021\/06\/applications-of-vacuum-packing-machine-300x225.jpg 300w\" sizes=\"auto, (max-width: 600px) 100vw, 600px\" \/><figcaption class=\"wp-element-caption\">Vakum Paketleme Makinesi Uygulamalar\u0131<\/figcaption><\/figure>    <h2 class=\"wp-block-heading\" id=\"h-various-types-of-vacuum-packing-film-materials\"><strong>\u00c7e\u015fitli vakum paketleme filmi malzemeleri<\/strong><\/h2>    <p>Art\u0131k hepimiz vakum paketleme makinelerinin geni\u015f uygulama alanlar\u0131n\u0131 biliyoruz, ancak vakum paketleme i\u00e7in hangi malzemelerin kullan\u0131ld\u0131\u011f\u0131n\u0131 biliyor musunuz?<\/p>    <p class=\"translation-block\"><a href=\"https:\/\/tianhuipackingmachine.com\/tr\/vacuum-packaging-machine\/\">Vakum paketleme makinelerinin<\/a> film malzemeleri a\u011f\u0131rl\u0131kl\u0131 olarak PE, RCPP, AL ve PET'tir. \u00d6zellikleri a\u015fa\u011f\u0131daki gibidir. <\/p>    <ul class=\"wp-block-list\"> <li>PE d\u00fc\u015f\u00fck s\u0131cakl\u0131klar i\u00e7in uygundur. <\/li>    <li>RCPP y\u00fcksek s\u0131cakl\u0131klara dayanabilir. AL \u0131\u015f\u0131k engellemeye uygulan\u0131r. <\/li>    <li>PET mekanik mukavemeti artt\u0131r\u0131r.<\/li> <\/ul>    <p>Ayr\u0131ca a\u015fa\u011f\u0131daki gibi kompozitler de mevcuttur: <\/p>    <ul class=\"wp-block-list\"> <li>PA\/PE, PA\/RCPP ve PET\/RCPP<\/li>    <li>PET\/PA\/PE, PET\/AL\/RCPP, PA\/AL\/RAPP ve PET\/PA\/AL\/RCPP<\/li> <\/ul>    <p> Malzemenin \u00f6zelliklerini geli\u015ftirmek i\u00e7in \u00fc\u00e7 veya d\u00f6rt \u00e7e\u015fit malzemeyle kompozitler.<\/p>    <p>Vakum paketleme film malzemesinin g\u00f6r\u00fcn\u00fcm\u00fc, raf \u00f6mr\u00fc ve g\u0131da tad\u0131 gibi paketleme sonucunu do\u011frudan etkiler. Vakumlu paketleme i\u00e7in iyi bir film malzemesi se\u00e7mek \u00e7ok \u00f6nemlidir. Daha fazla bilgi istiyorsan\u0131z l\u00fctfen \u015fimdi bizimle ileti\u015fime ge\u00e7in!<\/p>    <figure class=\"wp-block-gallery has-nested-images columns-default is-cropped wp-block-gallery-2 is-layout-flex wp-block-gallery-is-layout-flex\"> <figure class=\"wp-block-image size-large\"><img loading=\"lazy\" decoding=\"async\" width=\"667\" height=\"500\" data-id=\"6861\" src=\"https:\/\/tianhuipackingmachine.com\/wp-content\/uploads\/2021\/06\/vacuum-packing-film-667x500.webp\" alt=\"vakum paketleme filmi\" class=\"wp-image-6861\" srcset=\"https:\/\/tianhuipackingmachine.com\/wp-content\/uploads\/2021\/06\/vacuum-packing-film-667x500.webp 667w, https:\/\/tianhuipackingmachine.com\/wp-content\/uploads\/2021\/06\/vacuum-packing-film-480x360.webp 480w, https:\/\/tianhuipackingmachine.com\/wp-content\/uploads\/2021\/06\/vacuum-packing-film-16x12.webp 16w, https:\/\/tianhuipackingmachine.com\/wp-content\/uploads\/2021\/06\/vacuum-packing-film.webp 720w\" sizes=\"auto, (max-width: 667px) 100vw, 667px\" \/><figcaption class=\"wp-element-caption\">Vakum Paketleme Filmi<\/figcaption><\/figure>    <figure class=\"wp-block-image size-large\"><img loading=\"lazy\" decoding=\"async\" width=\"667\" height=\"500\" data-id=\"6862\" src=\"https:\/\/tianhuipackingmachine.com\/wp-content\/uploads\/2021\/06\/various-types-of-package-bags-667x500.webp\" alt=\"\u00e7e\u015fitli paket po\u015fetleri\" class=\"wp-image-6862\" srcset=\"https:\/\/tianhuipackingmachine.com\/wp-content\/uploads\/2021\/06\/various-types-of-package-bags-667x500.webp 667w, https:\/\/tianhuipackingmachine.com\/wp-content\/uploads\/2021\/06\/various-types-of-package-bags-480x360.webp 480w, https:\/\/tianhuipackingmachine.com\/wp-content\/uploads\/2021\/06\/various-types-of-package-bags-16x12.webp 16w, https:\/\/tianhuipackingmachine.com\/wp-content\/uploads\/2021\/06\/various-types-of-package-bags.webp 720w\" sizes=\"auto, (max-width: 667px) 100vw, 667px\" \/><figcaption class=\"wp-element-caption\">\u00c7e\u015fitli Paket Po\u015fet \u00c7e\u015fitleri<\/figcaption><\/figure> <\/figure>    <h2 class=\"wp-block-heading\" id=\"h-single-chamber-vacuum-packaging-machine-cost\"><strong>Tek odac\u0131kl\u0131 vakum paketleme makinesinin maliyeti nedir?<\/strong><\/h2>    <p>Tek odac\u0131kl\u0131 vakum paketleme makinesinin fiyat\u0131, makine malzemesinden, s\u0131zd\u0131rmazl\u0131k \u015feridi numaras\u0131ndan, ki\u015fiselle\u015ftirmeden vb. etkilenir. <\/p>    <ul class=\"wp-block-list\"> <li>\u00d6rne\u011fin, 304 paslanmaz \u00e7elik, tek odal\u0131 vakumlu paketleme ekipman\u0131n\u0131n g\u00f6vdesini kaplamaktad\u0131r. Bu nedenle makine fiyat\u0131 normal malzemeli makineden farkl\u0131d\u0131r. <\/li>    <li>S\u0131zd\u0131rmazl\u0131k \u015feridi boyutlar\u0131 ve donat\u0131lan numaralar da fiyat\u0131 etkileyebilir. Ne kadar \u00e7ok ihtiyac\u0131n\u0131z olursa, fiyat da o kadar y\u00fcksek olur.<\/li>    <li>Standart tek odac\u0131kl\u0131 vakum paketleme makinesiyle kar\u015f\u0131la\u015ft\u0131r\u0131ld\u0131\u011f\u0131nda, \u00f6zelle\u015ftirilmi\u015f paketleme makinesinin fiyat\u0131 daha y\u00fcksektir.<\/li> <\/ul>    <p>Daha fazla ayr\u0131nt\u0131 i\u00e7in \u015fimdi bizimle ileti\u015fime ge\u00e7in. Size faydal\u0131 \u00f6neriler sunaca\u011f\u0131z ve uygun ekipman\u0131 en iyi fiyata se\u00e7menize yard\u0131mc\u0131 olaca\u011f\u0131z.<\/p>    <div class=\"wp-block-columns is-layout-flex wp-container-core-columns-is-layout-28f84493 wp-block-columns-is-layout-flex\"> <div class=\"wp-block-column is-layout-flow wp-block-column-is-layout-flow\"> <figure class=\"wp-block-image size-large\"><img loading=\"lazy\" decoding=\"async\" width=\"600\" height=\"450\" src=\"https:\/\/tianhuipackingmachine.com\/wp-content\/uploads\/2021\/06\/single-chamber-vacuum-packaging-machine.jpg\" alt=\"tek odac\u0131kl\u0131 vakum paketleme makinesi\" class=\"wp-image-1387\" srcset=\"https:\/\/tianhuipackingmachine.com\/wp-content\/uploads\/2021\/06\/single-chamber-vacuum-packaging-machine.jpg 600w, https:\/\/tianhuipackingmachine.com\/wp-content\/uploads\/2021\/06\/single-chamber-vacuum-packaging-machine-300x225.jpg 300w\" sizes=\"auto, (max-width: 600px) 100vw, 600px\" \/><figcaption class=\"wp-element-caption\">Tek Odac\u0131kl\u0131 Vakum Paketleme Makinas\u0131<\/figcaption><\/figure> <\/div>    <div class=\"wp-block-column is-layout-flow wp-block-column-is-layout-flow\"> <figure class=\"wp-block-image size-large\"><img loading=\"lazy\" decoding=\"async\" width=\"600\" height=\"450\" src=\"https:\/\/tianhuipackingmachine.com\/wp-content\/uploads\/2021\/06\/double-chamber-vacuum-packing-machine.jpg\" alt=\"\u00e7ift \u200b\u200bodac\u0131kl\u0131 vakum paketleme makinesi\" class=\"wp-image-1388\" srcset=\"https:\/\/tianhuipackingmachine.com\/wp-content\/uploads\/2021\/06\/double-chamber-vacuum-packing-machine.jpg 600w, https:\/\/tianhuipackingmachine.com\/wp-content\/uploads\/2021\/06\/double-chamber-vacuum-packing-machine-300x225.jpg 300w\" sizes=\"auto, (max-width: 600px) 100vw, 600px\" \/><figcaption class=\"wp-element-caption\">\u00c7ift Odac\u0131kl\u0131 Vakum Paketleme Makinas\u0131<\/figcaption><\/figure> <\/div> <\/div>    <h2 class=\"wp-block-heading\" id=\"h-why-choose-us-as-your-top-vacuum-packaging-machine-supplier\"><strong>Neden Shuliy'i en iyi vakum paketleme makinesi tedarik\u00e7iniz olarak se\u00e7melisiniz?<\/strong><\/h2>    <p>Bir\u00e7ok vakum kapatma makinesi i\u015f\u00e7isi tedarik\u00e7isi aras\u0131nda a\u015fa\u011f\u0131daki spesifik avantajlara sahibiz:<\/p>    <ul class=\"wp-block-list\"> <li>\u015eirketimiz olduk\u00e7a <strong>profesyonel teknik personel<\/strong> tek odac\u0131kl\u0131 g\u0131da vakumlama makineleri i\u00e7in. <\/li>    <li>\u0130le <strong>m\u00fckemmel makine kalitesi, rekabet\u00e7i fiyat ve iyi hizmet<\/strong>, d\u00fcnyan\u0131n her yerinden \u00e7ok say\u0131da sipari\u015fi tamamlad\u0131k.<\/li>    <li>Biz son derece <strong>s\u0131k\u0131 kalite kontrol sistemi<\/strong>. Sevkiyattan \u00f6nce sizin i\u00e7in foto\u011fraf ve video \u00e7ekece\u011fiz.<\/li>    <li>destekliyoruz <strong>24 saat \u00e7evrimi\u00e7i hizmet<\/strong> Ve <strong>\u00f6m\u00fcr boyu bak\u0131m<\/strong>. <strong>\u0130ngilizce manuel ve video \u00f6\u011fretimi<\/strong> da sa\u011flanmaktad\u0131r.<\/li>    <li>Shuliy <strong>\u00f6zel hizmet<\/strong> mevcuttur. Paketleme makinesini voltaj, boyut, paketleme h\u0131z\u0131 vb. ile ilgili ger\u00e7ek gereksinimlerinize g\u00f6re \u00fcretebiliriz.<\/li> <\/ul>    <p>Ayr\u0131ca, daha fazla bilgi almak istiyorsan\u0131z bizimle ileti\u015fime ge\u00e7in; ihtiya\u00e7lar\u0131n\u0131z\u0131 kar\u015f\u0131lamak i\u00e7in elimizden geleni yapaca\u011f\u0131z.<\/p>    <figure class=\"wp-block-image size-large\"><img loading=\"lazy\" decoding=\"async\" width=\"500\" height=\"500\" src=\"https:\/\/tianhuipackingmachine.com\/wp-content\/uploads\/2021\/06\/vacuum-bag-packing-machine-manufacturer-500x500.webp\" alt=\"vakum po\u015feti paketleme makinesi \u00fcreticisi\" class=\"wp-image-6865\" srcset=\"https:\/\/tianhuipackingmachine.com\/wp-content\/uploads\/2021\/06\/vacuum-bag-packing-machine-manufacturer-500x500.webp 500w, https:\/\/tianhuipackingmachine.com\/wp-content\/uploads\/2021\/06\/vacuum-bag-packing-machine-manufacturer-360x360.webp 360w, https:\/\/tianhuipackingmachine.com\/wp-content\/uploads\/2021\/06\/vacuum-bag-packing-machine-manufacturer-150x150.webp 150w, https:\/\/tianhuipackingmachine.com\/wp-content\/uploads\/2021\/06\/vacuum-bag-packing-machine-manufacturer-12x12.webp 12w, https:\/\/tianhuipackingmachine.com\/wp-content\/uploads\/2021\/06\/vacuum-bag-packing-machine-manufacturer.webp 720w\" sizes=\"auto, (max-width: 500px) 100vw, 500px\" \/><figcaption class=\"wp-element-caption\">Vakum Torbas\u0131 Paketleme Makinas\u0131 \u00dcreticisi<\/figcaption><\/figure>    <h2 class=\"wp-block-heading\" id=\"h-contact-us-for-the-best-price\"><strong>En iyi fiyat i\u00e7in bizimle ileti\u015fime ge\u00e7in!<\/strong><\/h2>    <p>Profesyonel bir paketleme makinesi \u00fcreticisi ve tedarik\u00e7isi olarak, tek odac\u0131kl\u0131 vakum paketleme makinesinin yan\u0131 s\u0131ra a\u015fa\u011f\u0131dakilere de sahibiz: <\/p>    <ul class=\"wp-block-list\"> <li><a href=\"https:\/\/tianhuipackingmachine.com\/tr\/double-chamber-vacuum-packaging-machine\/\">\u00c7ift odac\u0131kl\u0131 vakum paketleme makinesi<\/a><\/li>    <li>Stre\u00e7 film vakum paketleme makinesi<\/li>    <li>Masa\u00fcst\u00fc vakumlama makinesi<\/li>    <li>Harici emme vakum paketleme makinesi<\/li> <\/ul>    <p>G\u00fcvenilir bir \u00fcretici ve tedarik\u00e7i ar\u0131yorsan\u0131z bizimle i\u015fbirli\u011fi yapmak iyi bir fikirdir. Daha fazla ayr\u0131nt\u0131 ve en iyi fiyat i\u00e7in bizimle ileti\u015fime ge\u00e7mekten memnuniyet duyar\u0131z.<\/p>","protected":false},"excerpt":{"rendered":"<p>Shuliy tek odac\u0131kl\u0131 vakum paketleme makinesi, havay\u0131 \u00e7\u0131kararak g\u0131dan\u0131n raf \u00f6mr\u00fcn\u00fc uzatmak i\u00e7in g\u0131da, tah\u0131l, et, sebze vb. vakumlu s\u0131zd\u0131rmazl\u0131k i\u00e7in ge\u00e7erlidir. Dakikada 1-10 torba kapasitelidir.<\/p>","protected":false},"author":1,"featured_media":6939,"parent":0,"template":"","tags":[194],"product-type":[140],"class_list":["post-1384","product","type-product","status-publish","has-post-thumbnail","hentry","tag-vacuum-packing-machine","product-type-vacuum-packaging-machines"],"_links":{"self":[{"href":"https:\/\/tianhuipackingmachine.com\/tr\/wp-json\/wp\/v2\/product\/1384","targetHints":{"allow":["GET"]}}],"collection":[{"href":"https:\/\/tianhuipackingmachine.com\/tr\/wp-json\/wp\/v2\/product"}],"about":[{"href":"https:\/\/tianhuipackingmachine.com\/tr\/wp-json\/wp\/v2\/types\/product"}],"author":[{"embeddable":true,"href":"https:\/\/tianhuipackingmachine.com\/tr\/wp-json\/wp\/v2\/users\/1"}],"wp:featuredmedia":[{"embeddable":true,"href":"https:\/\/tianhuipackingmachine.com\/tr\/wp-json\/wp\/v2\/media\/6939"}],"wp:attachment":[{"href":"https:\/\/tianhuipackingmachine.com\/tr\/wp-json\/wp\/v2\/media?parent=1384"}],"wp:term":[{"taxonomy":"post_tag","embeddable":true,"href":"https:\/\/tianhuipackingmachine.com\/tr\/wp-json\/wp\/v2\/tags?post=1384"},{"taxonomy":"product-type","embeddable":true,"href":"https:\/\/tianhuipackingmachine.com\/tr\/wp-json\/wp\/v2\/product-type?post=1384"}],"curies":[{"name":"wp","href":"https:\/\/api.w.org\/{rel}","templated":true}]}}