{"id":365,"date":"2021-05-12T07:20:48","date_gmt":"2021-05-12T07:20:48","guid":{"rendered":"https:\/\/tianhuipackingmachine.com\/?page_id=365"},"modified":"2025-09-12T09:46:19","modified_gmt":"2025-09-12T01:46:19","slug":"be-agent","status":"publish","type":"page","link":"https:\/\/tianhuipackingmachine.com\/tr\/be-agent\/","title":{"rendered":"Temsilci Olun"},"content":{"rendered":"<h2 class=\"wp-block-heading has-text-color\" id=\"h-who-we-are\" style=\"color:#ff4301\"><strong>Biz Kimiz<\/strong><\/h2>    <p>1993 y\u0131l\u0131nda kurulan \u00c7in'in \u00f6nde gelen profesyonel paketleme makinesi \u00fcreticilerinden biriyiz. Paketleme ekipmanlar\u0131n\u0131n tasar\u0131m\u0131, ara\u015ft\u0131rmas\u0131, \u00fcretimi ve pazarlanmas\u0131nda zengin deneyime sahip olan TOP paketleme makineleri, d\u00fcnya \u00e7ap\u0131nda 80'den fazla \u00fclke ve b\u00f6lgeye ihra\u00e7 edilmi\u015ftir. Art\u0131k kazan-kazan durumu i\u00e7in k\u00fcresel stratejik ortaklar\u0131m\u0131z olarak distrib\u00fct\u00f6rler ar\u0131yoruz.<\/p>    <h2 class=\"wp-block-heading has-text-color\" id=\"h-what-we-supply\" style=\"color:#ff4301\"><strong>Ne sa\u011fl\u0131yoruz?<\/strong><\/h2>    <p class=\"translation-block\">Biz profesyonel bir paketleme makinesi \u00fcreticisiyiz. \u00dcr\u00fcnlerimiz <a href=\"https:\/\/tianhuipackingmachine.com\/tr\/powder-packing-machine\/\">toz paketleme makinesi<\/a>, <a href=\"https:\/\/tianhuipackingmachine.com\/tr\/granule-packing-machine\/\">gran\u00fcl paketleme makinesi<\/a>, <a href=\"https:\/\/tianhuipackingmachine.com\/tr\/liquid-packing-machine\/\">s\u0131v\u0131 paketleme makinesi<\/a>, macun paketleme makinesini kapsamaktad\u0131r. Makine yap\u0131s\u0131na gelince, <a href=\"https:\/\/tianhuipackingmachine.com\/tr\/vertical-packaging-machine\/\">dikey paketleme makinesi<\/a> ve <a href=\"https:\/\/tianhuipackingmachine.com\/tr\/pillow-packing-machine\/\">yast\u0131k paketleme makinesi<\/a> bulunmaktad\u0131r. Di\u011fer bir deyi\u015fle, \u00e7ay, kahve, cips, at\u0131\u015ft\u0131rmal\u0131k, \u00e7ikolata, pirin\u00e7, sebze, patlam\u0131\u015f m\u0131s\u0131r, \u015fekerleme, \u015feker, hap, ya\u011f, s\u00fct, meyve suyu, f\u0131r\u0131n \u00fcr\u00fcnleri, kurabiye gibi g\u0131da ve g\u0131da d\u0131\u015f\u0131 malzemeler i\u00e7in \u00e7e\u015fitli paketleme ekipmanlar\u0131 sunuyoruz.<\/p>    <h2 class=\"wp-block-heading has-text-color\" id=\"h-what-we-support\" style=\"color:#ff4301\"><strong>Neyi destekliyoruz<\/strong><\/h2>    <p>S\u00fcrekli ve istikrarl\u0131 tedarik zinciri sistemi<\/p>    <p>Eksiksiz ve rekabet\u00e7i fiyatland\u0131rma sistemi<\/p>    <p>Tan\u0131t\u0131m\u0131 tam olarak destekleyin: D\u00fcnya Sergileri, Resmi Web Siteleri, Sosyal a\u011flar, D\u00fcnya \u00c7ap\u0131nda Reklam<\/p>    <p>Lojistik: D\u00fcnya \u00e7ap\u0131nda lojistik ve m\u00fc\u015fterinin belirledi\u011fi lojistik<\/p>    <p>Marka stratejisi ve olu\u015fturma: kendi markam\u0131za veya OEM\/ODM'ye dayal\u0131 marka pazarlamas\u0131<\/p>    <h2 class=\"wp-block-heading has-text-color\" id=\"h-how-to-start\" style=\"color:#ff4301\"><strong>Nas\u0131l ba\u015flan\u0131r<\/strong><\/h2>    <ol class=\"wp-block-list\" style=\"list-style-type:1\"> <li>Ba\u015fvuru sahibi bilgileri ve niyetinin g\u00f6nderilmesi<\/li>    <li>De\u011ferlendirme ve inceleme<\/li>    <li>\u0130\u015f teklifi ve plan\u0131<\/li>    <li>Sipari\u015fin y\u00fcr\u00fct\u00fclmesi ve i\u015flenmesi<\/li> <\/ol>    <hr class=\"wp-block-separator has-text-color has-css-opacity has-background is-style-wide\" style=\"background-color:#ff4301;color:#ff4301\"\/>    <p class=\"has-black-color has-text-color translation-block\">Operat\u00f6r\u00fcn paketlemek istedi\u011fi malzemeyi tartmak i\u00e7in elektrikli kantar kullan\u0131r. Doldurma hacmi veya a\u011f\u0131rl\u0131\u011f\u0131 kontrol panelinde ayarlanabilir. \u015eeker po\u015fet paketleme makinesi ayr\u0131ca tah\u0131llar, kuruyemi\u015fler, \u00e7ay gibi \u00e7e\u015fitli par\u00e7ac\u0131klar ve tozlar i\u00e7in de uygulanabilir,<\/p>    <p class=\"translation-block\">yulaf ezmesi<\/p>    <p><\/p>    <p class=\"translation-block\">, pirin\u00e7, kuru meyve, f\u0131st\u0131k, kahve tozu, s\u00fct tozu, baharatlar vb.<\/p>    <p>Tel\/ WhatsApp: +8613673689272 (Bayan Malinda)<\/p>    <h3 class=\"wp-block-heading has-text-align-center has-text-color has-background\" id=\"h-want-to-start-your-successful-business\" style=\"color:#ff5200;background-color:#eeeeee\"><strong>Ba\u015far\u0131l\u0131 \u0130\u015finize \u015eimdi Ba\u015flamak \u0130ster misiniz? <\/strong><\/h3>    <p>Bize mesaj b\u0131rakmaktan \u00e7ekinmeyin! Mesaj\u0131n\u0131z ve bilgileriniz do\u011frultusunda sizinle en k\u0131sa s\u00fcrede ileti\u015fime ge\u00e7ece\u011fiz.<\/p>","protected":false},"excerpt":{"rendered":"<p>Who we are Founded in 1993, we are one of the leading professional packing machine manufacturers in China. With rich experience in the design, research, manufacturing, and marketing of packaging equipment, TOP packing machines have been exported to more than 80 countries and regions around the world. Now, we are looking for distributors as our [&hellip;]<\/p>\n","protected":false},"author":1,"featured_media":0,"parent":0,"menu_order":0,"comment_status":"closed","ping_status":"closed","template":"","meta":{"footnotes":""},"class_list":["post-365","page","type-page","status-publish","hentry"],"_links":{"self":[{"href":"https:\/\/tianhuipackingmachine.com\/tr\/wp-json\/wp\/v2\/pages\/365","targetHints":{"allow":["GET"]}}],"collection":[{"href":"https:\/\/tianhuipackingmachine.com\/tr\/wp-json\/wp\/v2\/pages"}],"about":[{"href":"https:\/\/tianhuipackingmachine.com\/tr\/wp-json\/wp\/v2\/types\/page"}],"author":[{"embeddable":true,"href":"https:\/\/tianhuipackingmachine.com\/tr\/wp-json\/wp\/v2\/users\/1"}],"replies":[{"embeddable":true,"href":"https:\/\/tianhuipackingmachine.com\/tr\/wp-json\/wp\/v2\/comments?post=365"}],"version-history":[{"count":0,"href":"https:\/\/tianhuipackingmachine.com\/tr\/wp-json\/wp\/v2\/pages\/365\/revisions"}],"wp:attachment":[{"href":"https:\/\/tianhuipackingmachine.com\/tr\/wp-json\/wp\/v2\/media?parent=365"}],"curies":[{"name":"wp","href":"https:\/\/api.w.org\/{rel}","templated":true}]}}