{"id":320,"date":"2021-05-12T01:52:32","date_gmt":"2021-05-12T01:52:32","guid":{"rendered":"https:\/\/tianhuipackingmachine.com\/?page_id=320"},"modified":"2025-09-12T09:47:44","modified_gmt":"2025-09-12T01:47:44","slug":"faq","status":"publish","type":"page","link":"https:\/\/tianhuipackingmachine.com\/tr\/faq\/","title":{"rendered":"SSS"},"content":{"rendered":"<div id=\"rank-math-faq\" class=\"rank-math-block\"> <div class=\"rank-math-list\"> <div id=\"faq-question-1664413497532\" class=\"rank-math-list-item\"> <h3 class=\"rank-math-question\"><strong>S: Belirli bir b\u00f6lgede distrib\u00fct\u00f6r\u00fcn\u00fcz olabilir miyim?<\/strong><\/h3> <div class=\"rank-math-answer\">  <p>C: Elbette distrib\u00fct\u00f6rleri memnuniyetle kar\u015f\u0131l\u0131yoruz, farkl\u0131 miktarda paketleme makinesi sat\u0131n ald\u0131\u011f\u0131n\u0131zda daha rekabet\u00e7i fiyatlar ve hizmetler sunaca\u011f\u0131z.<\/p>  <\/div> <\/div> <div id=\"faq-question-1664413502438\" class=\"rank-math-list-item\"> <h3 class=\"rank-math-question\"><strong>S: Lider zaman ve nakliye yolu nedir?<\/strong><\/h3> <div class=\"rank-math-answer\">  <p>C: Sipari\u015f miktar\u0131na ve makine \u00f6\u011felerine dayanmaktad\u0131r! Standart makinenin k\u00fc\u00e7\u00fck sipari\u015f miktar\u0131 i\u00e7in her zaman stoklar\u0131m\u0131z vard\u0131r. \u00c7ok say\u0131da standart makine ve di\u011fer \u00f6zelle\u015ftirilmi\u015f makineler i\u00e7in 15 ~ 45 g\u00fcn gerekir. Sipari\u015f vermeden \u00f6nce ayr\u0131nt\u0131lar\u0131 m\u00fc\u015fterilerle teyit edece\u011fiz.<\/p>  <\/div> <\/div> <div id=\"faq-question-1664413519158\" class=\"rank-math-list-item\"> <h3 class=\"rank-math-question\"><strong>S: Makineniz i\u00e7in ne t\u00fcr rulo film kullan\u0131labilir?<\/strong><\/h3> <div class=\"rank-math-answer\">  <p>A: Polipropilen\/polietilen, al\u00fcminyum folyo\/polietilen, polyester\/al\u00fcminyum\/polietilen, naylon\/g\u00fc\u00e7lendirilmi\u015f polietilen, ka\u011f\u0131t\/polietilen, filtre ka\u011f\u0131d\u0131 vb.<\/p>  <\/div> <\/div> <div id=\"faq-question-1664413534934\" class=\"rank-math-list-item\"> <h3 class=\"rank-math-question\"><strong>S: Ne t\u00fcr paketleme makineleri sa\u011fl\u0131yorsunuz?<\/strong><\/h3> <div class=\"rank-math-answer\">  <p>C: Ambalaj malzemesine gelince, \u00e7e\u015fitli tiplerde toz paketleme makineleri, gran\u00fcl paketleme makineleri, s\u0131v\u0131 paketleme makineleri ve macun paketleme makineleri sa\u011fl\u0131yoruz. Makine yap\u0131s\u0131na g\u00f6re yast\u0131k paketleme ekipmanlar\u0131 ve dikey paketleme ekipmanlar\u0131 olmak \u00fczere farkl\u0131 tiplerde bulunmaktad\u0131r. Ve farkl\u0131 \u00e7ok kafal\u0131 kantar paketleme makineleri mevcuttur.<\/p>  <\/div> <\/div> <div id=\"faq-question-1664413560534\" class=\"rank-math-list-item\"> <h3 class=\"rank-math-question\"><strong>S: Gran\u00fcl paketleme makinesi i\u00e7in, \u00f6l\u00e7\u00fcm kab\u0131n\u0131n \u00e7\u0131kar\u0131lmas\u0131yla a\u011f\u0131rl\u0131k ne kadar azalacakt\u0131r?<\/strong><\/h3> <div class=\"rank-math-answer\">  <p>C: Farkl\u0131 nesneler farkl\u0131d\u0131r \u00e7\u00fcnk\u00fc nesnelerin yo\u011funlu\u011fu farkl\u0131d\u0131r. Ger\u00e7ek durumunuza g\u00f6re sizin i\u00e7in \u00f6nerilerde bulunaca\u011f\u0131z.<\/p>  <\/div> <\/div> <div id=\"faq-question-1664413578629\" class=\"rank-math-list-item\"> <h3 class=\"rank-math-question\"><strong>S: Paketleme makineniz tarihi yazd\u0131rabilir mi?<\/strong><\/h3> <div class=\"rank-math-answer\">  <p>C: Evet. \u00dcretim tarihini \/ Parti Numaras\u0131n\u0131 \/ Son kullanma tarihini yazd\u0131rmak i\u00e7in bir cihaz ekleyebiliriz.<\/p>  <\/div> <\/div> <div id=\"faq-question-1664413653783\" class=\"rank-math-list-item\"> <h3 class=\"rank-math-question\"><strong>S: Yast\u0131k paketleme makinesi i\u00e7in torba geni\u015fli\u011fini kendim ayarlayabilir miyim?<\/strong><\/h3> <div class=\"rank-math-answer\">  <p>C: Elbette. Geni\u015fli\u011fi belirli bir aral\u0131kta ayarlayabilirsiniz. Size tavsiyelerde bulunaca\u011f\u0131z.<\/p>  <\/div> <\/div> <div id=\"faq-question-1664413673286\" class=\"rank-math-list-item\"> <h3 class=\"rank-math-question\"><strong>S: Sipari\u015fi verdikten sonra makinenin kalitesinden nas\u0131l emin olabiliriz?<\/strong><\/h3> <div class=\"rank-math-answer\">  <p>C: Teslimattan \u00f6nce, kaliteyi kontrol etmeniz i\u00e7in size resim ve videolar g\u00f6nderece\u011fiz ve ayr\u0131ca kendiniz veya Zhengzhou'daki ki\u015fileriniz taraf\u0131ndan kalite kontrol\u00fcn\u00fc ayarlayabilirsiniz.<\/p>  <\/div> <\/div> <div id=\"faq-question-1664413689222\" class=\"rank-math-list-item\"> <h3 class=\"rank-math-question\"><strong>S: Neden \u015firketinizi se\u00e7meliyiz?<\/strong><\/h3> <div class=\"rank-math-answer\">  <p>C: Yakla\u015f\u0131k 30 y\u0131ld\u0131r paketleme makinelerinin tasar\u0131m\u0131, ara\u015ft\u0131rmas\u0131, \u00fcretimi ve pazarlanmas\u0131yla ilgileniyoruz. Ayr\u0131ca m\u00fckemmel kalite ve samimi hizmet ile \u00fcr\u00fcnlerimiz k\u00fcresel pazarda olduk\u00e7a rekabet\u00e7idir.<\/p>  <\/div> <\/div> <div id=\"faq-question-1664413702814\" class=\"rank-math-list-item\"> <h3 class=\"rank-math-question\"><strong>S:\u00a0\u015eirketiniz nerede bulunuyor? Oray\u0131 nas\u0131l ziyaret edebilirim?<\/strong><\/h3> <div class=\"rank-math-answer\">  <p>C: Fabrikam\u0131z \u00c7in'in Henan eyaletinin Zhengzhou \u015fehrinde bulunuyor. Xinzheng Uluslararas\u0131 Havaalan\u0131'na \u00e7ok yak\u0131nd\u0131r. Sizi almas\u0131 i\u00e7in \u015fof\u00f6rlerimizi ayarlayabiliriz. Her m\u00fc\u015fteriye dostumuz olarak sayg\u0131 duyuyoruz ve onlarla i\u00e7tenlikle i\u015f yap\u0131yor ve arkada\u015f oluyoruz. Daha fazla i\u015fbirli\u011fi i\u00e7in fabrikam\u0131z\u0131 ziyaret etmeye ho\u015f geldiniz.<\/p>  <\/div> <\/div> <\/div> <\/div>   <hr class=\"wp-block-separator has-css-opacity is-style-default\"\/>    <h3 class=\"wp-block-heading has-text-color\" id=\"h-any-other-questions-please-feel-free-to-leave-your-message-below-we-will-get-back-to-you-as-soon-as-possible-or-you-can-contact-us-by-whatsapp-tel-or-email\" style=\"color:#eb5e0b\"><em>Ba\u015fka sorular\u0131n\u0131z varsa, l\u00fctfen mesaj\u0131n\u0131z\u0131 a\u015fa\u011f\u0131ya b\u0131rakmaktan \u00e7ekinmeyin, size en k\u0131sa s\u00fcrede geri d\u00f6n\u00fc\u015f yapaca\u011f\u0131z. Veya bizimle WhatsApp\/Tel veya E-posta yoluyla ileti\u015fime ge\u00e7ebilirsiniz.<\/em><\/h3>    <h3 class=\"wp-block-heading has-text-color\" id=\"h-whatsapp-tel-86-17329326135-email-sales-tianhuipackingmachine-com\" style=\"color:#eb5e0b\"><strong><em>Whatsapp\/Tel:<\/em><\/strong> +86 13673689272, <strong><em>E-posta:<\/em><\/strong> <a href=\"mailto:sales@tianhuipackingmachine.com\">sales@tianhuipackingmachine.com<\/a><\/h3>","protected":false},"excerpt":{"rendered":"<p>Ba\u015fka sorular\u0131n\u0131z varsa, l\u00fctfen mesaj\u0131n\u0131z\u0131 a\u015fa\u011f\u0131ya b\u0131rakmaktan \u00e7ekinmeyin, size en k\u0131sa s\u00fcrede geri d\u00f6n\u00fc\u015f yapaca\u011f\u0131z. Veya bizimle WhatsApp\/Tel veya E-posta yoluyla ileti\u015fime ge\u00e7ebilirsiniz. Whatsapp\/Tel: +86 13673689272, E-posta: sales@tianhuipackingmachine.com<\/p>","protected":false},"author":1,"featured_media":0,"parent":0,"menu_order":0,"comment_status":"closed","ping_status":"closed","template":"","meta":{"footnotes":""},"class_list":["post-320","page","type-page","status-publish","hentry"],"_links":{"self":[{"href":"https:\/\/tianhuipackingmachine.com\/tr\/wp-json\/wp\/v2\/pages\/320","targetHints":{"allow":["GET"]}}],"collection":[{"href":"https:\/\/tianhuipackingmachine.com\/tr\/wp-json\/wp\/v2\/pages"}],"about":[{"href":"https:\/\/tianhuipackingmachine.com\/tr\/wp-json\/wp\/v2\/types\/page"}],"author":[{"embeddable":true,"href":"https:\/\/tianhuipackingmachine.com\/tr\/wp-json\/wp\/v2\/users\/1"}],"replies":[{"embeddable":true,"href":"https:\/\/tianhuipackingmachine.com\/tr\/wp-json\/wp\/v2\/comments?post=320"}],"version-history":[{"count":0,"href":"https:\/\/tianhuipackingmachine.com\/tr\/wp-json\/wp\/v2\/pages\/320\/revisions"}],"wp:attachment":[{"href":"https:\/\/tianhuipackingmachine.com\/tr\/wp-json\/wp\/v2\/media?parent=320"}],"curies":[{"name":"wp","href":"https:\/\/api.w.org\/{rel}","templated":true}]}}