{"id":139,"date":"2021-05-07T03:01:26","date_gmt":"2021-05-07T03:01:26","guid":{"rendered":"https:\/\/tianhuipackingmachine.com\/?page_id=139"},"modified":"2025-09-12T09:45:44","modified_gmt":"2025-09-12T01:45:44","slug":"contact","status":"publish","type":"page","link":"https:\/\/tianhuipackingmachine.com\/tr\/contact\/","title":{"rendered":"Bize Ula\u015f\u0131n"},"content":{"rendered":"<p><\/p>    <h2 class=\"wp-block-heading has-text-align-center\" id=\"h-contact-information\">\u0130leti\u015fim bilgileri<\/h2>    <div class=\"wp-block-columns is-layout-flex wp-container-core-columns-is-layout-28f84493 wp-block-columns-is-layout-flex\"> <div class=\"wp-block-column is-layout-flow wp-block-column-is-layout-flow\"> <figure class=\"wp-block-image aligncenter size-large\"><img loading=\"lazy\" decoding=\"async\" width=\"115\" height=\"115\" src=\"https:\/\/tianhuipackingmachine.com\/wp-content\/uploads\/2021\/05\/icon-1.png\" alt=\"\" class=\"wp-image-175\"\/><\/figure>    <p class=\"has-text-align-center\">B\u0130Z\u0130 Z\u0130YARET ET<\/p>    <p class=\"has-text-align-center\">Hanghai Yolu Do\u011fu, Zhengzhou Ekonomik ve Teknolojik Kalk\u0131nma B\u00f6lgesi, <\/p>    <p class=\"has-text-align-center has-vivid-cyan-blue-color has-text-color translation-block\"><strong>Zhengzhou \u015eehri, Henan, \u00c7in<\/strong><\/p> <\/div>    <div class=\"wp-block-column is-layout-flow wp-block-column-is-layout-flow\"> <figure class=\"wp-block-image aligncenter size-large is-resized\"><img loading=\"lazy\" decoding=\"async\" width=\"123\" height=\"115\" src=\"https:\/\/tianhuipackingmachine.com\/wp-content\/uploads\/2021\/05\/icon-3.png\" alt=\"\" class=\"wp-image-178\" style=\"width:115px\"\/><\/figure>    <p class=\"has-text-align-center\">B\u0130Z\u0130 ARAYIN<\/p>    <p class=\"has-text-align-center\">Kaliteli ve uygun fiyatl\u0131 paketleme makineleriyle ilgileniyor musunuz? Bizi aray\u0131n<\/p>    <p class=\"has-text-align-center has-vivid-cyan-blue-color has-text-color translation-block\"><strong>Tel\/Whatsapp: +86 13673689272<\/strong><\/p> <\/div>    <div class=\"wp-block-column is-layout-flow wp-block-column-is-layout-flow\"> <figure class=\"wp-block-image aligncenter size-large is-resized\"><img loading=\"lazy\" decoding=\"async\" width=\"135\" height=\"123\" src=\"https:\/\/tianhuipackingmachine.com\/wp-content\/uploads\/2021\/05\/icon-2.png\" alt=\"\" class=\"wp-image-179\" style=\"width:115px;height:115px\"\/><\/figure>    <p class=\"has-text-align-center\">B\u0130ZE E-POSTA<\/p>    <p class=\"has-text-align-center\">\u00dccretsiz fiyat teklifi veya daha fazla \u00fcr\u00fcn profiline mi ihtiyac\u0131n\u0131z var? Bug\u00fcn bize e-posta g\u00f6nderin.<\/p>    <p class=\"has-text-align-center has-vivid-cyan-blue-color has-text-color translation-block\"><strong>sales@tianhuipackingmachine.com<\/strong><\/p> <\/div> <\/div>   <style>.kb-row-layout-id139_d2bc09-3c > .kt-row-column-wrap{align-content:start;}:where(.kb-row-layout-id139_d2bc09-3c > .kt-row-column-wrap) > .wp-block-kadence-column{justify-content:start;}.kb-row-layout-id139_d2bc09-3c > .kt-row-column-wrap{column-gap:var(--global-kb-gap-md, 2rem);row-gap:var(--global-kb-gap-md, 2rem);padding-top:var(--global-kb-spacing-sm, 1.5rem);padding-bottom:var(--global-kb-spacing-sm, 1.5rem);grid-template-columns:minmax(0, 1fr);}.kb-row-layout-id139_d2bc09-3c > .kt-row-layout-overlay{opacity:0.30;}@media all and (max-width: 1024px){.kb-row-layout-id139_d2bc09-3c > .kt-row-column-wrap{grid-template-columns:minmax(0, 1fr);}}@media all and (max-width: 767px){.kb-row-layout-id139_d2bc09-3c > .kt-row-column-wrap{grid-template-columns:minmax(0, 1fr);}}<\/style><div class=\"kb-row-layout-wrap kb-row-layout-id139_d2bc09-3c alignnone wp-block-kadence-rowlayout\"><div class=\"kt-row-column-wrap kt-has-1-columns kt-row-layout-equal kt-tab-layout-inherit kt-mobile-layout-row kt-row-valign-top\"> <style>.kadence-column139_d7407d-2a > .kt-inside-inner-col,.kadence-column139_d7407d-2a > .kt-inside-inner-col:before{border-top-left-radius:0px;border-top-right-radius:0px;border-bottom-right-radius:0px;border-bottom-left-radius:0px;}.kadence-column139_d7407d-2a > .kt-inside-inner-col{column-gap:var(--global-kb-gap-sm, 1rem);}.kadence-column139_d7407d-2a > .kt-inside-inner-col{flex-direction:column;}.kadence-column139_d7407d-2a > .kt-inside-inner-col > .aligncenter{width:100%;}.kadence-column139_d7407d-2a > .kt-inside-inner-col:before{opacity:0.3;}.kadence-column139_d7407d-2a{position:relative;}@media all and (max-width: 1024px){.kadence-column139_d7407d-2a > .kt-inside-inner-col{flex-direction:column;justify-content:center;}}@media all and (max-width: 767px){.kadence-column139_d7407d-2a > .kt-inside-inner-col{flex-direction:column;justify-content:center;}}<\/style> <div class=\"wp-block-kadence-column kadence-column139_d7407d-2a\"><div class=\"kt-inside-inner-col\"><style>.kb-google-maps-container139_24f5d6-82{height:450px;}<\/style><div class=\"kb-google-maps-container kb-google-maps-container139_24f5d6-82  wp-block-kadence-googlemaps\" data-mapid=\"139_24f5d682\"><iframe width=\"100%\" height=\"100%\" \t\t\t\t\t\t\tstyle=\"border:0\" loading=\"lazy\" \t\t\t\t\t\t\tsrc=\"https:\/\/www.google.com\/maps\/embed\/v1\/place?key=AIzaSyBAM2o7PiQqwk15LC1XRH2e_KJ-jUa7KYk&#038;zoom=11&#038;maptype=roadmap&#038;q=Hanghai+Road+East%2C+Zhengzhou+Economic%2C+and+Technological+Development+Zone%2C+++Zhengzhou+City%2C+Henan%2C+China\" \t\t\t\t\t\t\ttitle=\"Hanghai Yolu Do\u011fu Google haritas\u0131, Zhengzhou Ekonomik ve Teknolojik Kalk\u0131nma B\u00f6lgesi, Zhengzhou \u015eehri, Henan, \u00c7in\"><\/iframe><\/div><script>function kb_google_map139_24f5d682() { let center = { lat: 37.8201, lng: -122.4781}; let map = new google.maps.Map(document.getElementById(\"kb-google-map139_24f5d682\"), {\n\t\t\t\t\t    zoom: 11,\n\t\t\t\t\t    center: center,});let marker = new google.maps.Marker({   position: { lat: 37.8201, lng: -122.4781},    map: map,  });}<\/script><\/div><\/div>  <\/div><\/div>","protected":false},"excerpt":{"rendered":"<p>\u0130leti\u015fim Bilgileri ABD'Y\u0130 Z\u0130YARET ED\u0130N Hanghai Road East, Zhengzhou Ekonomik ve Teknolojik Kalk\u0131nma B\u00f6lgesi, Zhengzhou \u015eehri, Henan, \u00c7in B\u0130Z\u0130 ARAYIN Kaliteli ve uygun fiyatl\u0131 paketleme makineleriyle ilgileniyor musunuz? Bizi aray\u0131n Tel\/Whatsapp: +86 13673689272 ABD'ye E-POSTA ATIN \u00dccretsiz fiyat teklifi veya daha fazla \u00fcr\u00fcn profiline mi ihtiyac\u0131n\u0131z var? Bug\u00fcn bize e-posta g\u00f6nderin. sales@tianhuipackingmachine.com<\/p>","protected":false},"author":1,"featured_media":0,"parent":0,"menu_order":0,"comment_status":"closed","ping_status":"closed","template":"","meta":{"footnotes":""},"class_list":["post-139","page","type-page","status-publish","hentry"],"_links":{"self":[{"href":"https:\/\/tianhuipackingmachine.com\/tr\/wp-json\/wp\/v2\/pages\/139","targetHints":{"allow":["GET"]}}],"collection":[{"href":"https:\/\/tianhuipackingmachine.com\/tr\/wp-json\/wp\/v2\/pages"}],"about":[{"href":"https:\/\/tianhuipackingmachine.com\/tr\/wp-json\/wp\/v2\/types\/page"}],"author":[{"embeddable":true,"href":"https:\/\/tianhuipackingmachine.com\/tr\/wp-json\/wp\/v2\/users\/1"}],"replies":[{"embeddable":true,"href":"https:\/\/tianhuipackingmachine.com\/tr\/wp-json\/wp\/v2\/comments?post=139"}],"version-history":[{"count":0,"href":"https:\/\/tianhuipackingmachine.com\/tr\/wp-json\/wp\/v2\/pages\/139\/revisions"}],"wp:attachment":[{"href":"https:\/\/tianhuipackingmachine.com\/tr\/wp-json\/wp\/v2\/media?parent=139"}],"curies":[{"name":"wp","href":"https:\/\/api.w.org\/{rel}","templated":true}]}}