{"id":121,"date":"2021-05-06T09:31:24","date_gmt":"2021-05-06T09:31:24","guid":{"rendered":"https:\/\/tianhuipackingmachine.com\/?page_id=121"},"modified":"2025-09-12T09:46:50","modified_gmt":"2025-09-12T01:46:50","slug":"about-us","status":"publish","type":"page","link":"https:\/\/tianhuipackingmachine.com\/tr\/about-us\/","title":{"rendered":"Hakk\u0131m\u0131zda"},"content":{"rendered":"<p>1993 y\u0131l\u0131nda kurulan Henan Shuliy Machinery Co., Ltd, yakla\u015f\u0131k 30 y\u0131ld\u0131r \u00e7e\u015fitli kalitede paketleme makineleri, dolum makineleri, kapatma makineleri, etiketleme makineleri ve kapak kapatma makinelerinin tasar\u0131m\u0131, ara\u015ft\u0131rmas\u0131, \u00fcretimi ve pazarlanmas\u0131yla ilgilenmektedir. D\u00fcnya \u00e7ap\u0131ndaki acenteler, distrib\u00fct\u00f6rler ve giri\u015fimciler i\u00e7in en g\u00fcvenilir, \u00fcnl\u00fc ve m\u00fckemmel paketleme makinesi tedarik\u00e7ilerinden biri olmay\u0131 hedefliyoruz. Bu y\u0131llarda b\u00fcy\u00fck ba\u015far\u0131lara imza att\u0131k. \u00dcr\u00fcnlerimiz 80'den fazla \u00fclke ve b\u00f6lgeye ba\u015far\u0131yla ihra\u00e7 edilmi\u015f ve ortaklar\u0131m\u0131za b\u00fcy\u00fck faydalar sa\u011flam\u0131\u015ft\u0131r. Ayr\u0131ca k\u00fc\u00e7\u00fck i\u015fletmelerle de i\u015fbirli\u011fi yapmaya haz\u0131r\u0131z. Kaliteli ve rekabet\u00e7i makinelerimizle daha fazla kar elde etmelerine yard\u0131mc\u0131 olun.<\/p>    <h2 class=\"wp-block-heading has-text-align-center\" id=\"h-pre-sales-service\">Sat\u0131\u015f \u00d6ncesi Hizmet<\/h2>    <div class=\"wp-block-columns is-layout-flex wp-container-core-columns-is-layout-28f84493 wp-block-columns-is-layout-flex\"> <div class=\"wp-block-column is-layout-flow wp-block-column-is-layout-flow\"> <figure class=\"wp-block-image size-large\"><img loading=\"lazy\" decoding=\"async\" width=\"750\" height=\"500\" src=\"https:\/\/tianhuipackingmachine.com\/wp-content\/uploads\/2021\/12\/team-750x500.jpg\" alt=\"tak\u0131m\" class=\"wp-image-4184\" srcset=\"https:\/\/tianhuipackingmachine.com\/wp-content\/uploads\/2021\/12\/team.jpg 750w, https:\/\/tianhuipackingmachine.com\/wp-content\/uploads\/2021\/12\/team-480x320.jpg 480w\" sizes=\"auto, (max-width: 750px) 100vw, 750px\" \/><figcaption class=\"wp-element-caption\">Tak\u0131m<\/figcaption><\/figure> <\/div>    <div class=\"wp-block-column is-layout-flow wp-block-column-is-layout-flow\"> <p>M\u00fc\u015fterilerimizin taleplerini ara\u015ft\u0131r\u0131p onaylayaca\u011f\u0131z, ard\u0131ndan \u00fccretsiz paketleme \u00e7\u00f6z\u00fcmleri sunaca\u011f\u0131z.<\/p>    <p>Uygun makineyi se\u00e7mek i\u00e7in m\u00fc\u015fterilerimize referans olarak bir dizi video sa\u011flayabiliriz.<\/p>    <p>Henan Shuliy Machinery, ekipmanlar\u0131m\u0131z\u0131 kullanarak m\u00fc\u015fterilerimizin numunelerini test etmeyi destekliyor ve biz de geri bildirimde bulunaca\u011f\u0131z.<\/p>    <p>Fabrikam\u0131z\u0131 g\u00f6rmek isterseniz ziyaretinizi memnuniyetle kar\u015f\u0131lar\u0131z veya \u00e7evrimi\u00e7i bir video yapabiliriz.<\/p> <\/div> <\/div>    <h2 class=\"wp-block-heading has-text-align-center\">Sat\u0131\u015f sonras\u0131 servis<\/h2>    <p>Makinelerimizin her biri, ilgili \u0130ngilizce k\u0131lavuz k\u0131lavuzlara ve kurulum, ayar, \u00e7al\u0131\u015ft\u0131rma, bak\u0131m vb. videolara sahiptir.<\/p>    <p>24 saat \u00e7evrimi\u00e7i hizmetimiz var. Dan\u0131\u015fmak istedi\u011finiz sorular\u0131n\u0131z olursa istedi\u011finiz zaman bizimle ileti\u015fime ge\u00e7ebilirsiniz.<\/p>    <p>\u015eirketimiz, makinenin \u00e7al\u0131\u015fmas\u0131n\u0131n kurulumuna, ayarlanmas\u0131na ve y\u00f6nlendirilmesine yard\u0131mc\u0131 olmak i\u00e7in \u00fclkenize teknisyenler ve m\u00fchendisler g\u00f6nderebilir.<\/p>    <p>Henan Shuliy makineleri, kendi garantilerindeki ekipmanlardan sorumlu olacakt\u0131r.<\/p>    <p>Acil bir durumunuz varsa, l\u00fctfen istedi\u011finiz zaman bizimle ileti\u015fime ge\u00e7in; size en k\u0131sa s\u00fcrede cevap verece\u011fiz.<\/p>    <h2 class=\"wp-block-heading has-text-align-center\">Ayak izi<\/h2>    <p class=\"has-text-align-center\">Paketleme i\u015fimize ba\u015flad\u0131\u011f\u0131m\u0131zdan bu yana paketleme ekipmanlar\u0131m\u0131z g\u0131da end\u00fcstrisi, i\u00e7ecek end\u00fcstrisi, kimya end\u00fcstrisi, kozmetik end\u00fcstrisi, ila\u00e7 end\u00fcstrisi vb. gibi hayat\u0131n her alan\u0131nda kullan\u0131lmaktad\u0131r. G\u00fcn\u00fcm\u00fczde \u00fcr\u00fcnlerimiz ba\u015far\u0131l\u0131 bir \u015fekilde daha fazla \u00fclkeye ihra\u00e7 edilmi\u015ftir. ABD, Kanada, Avustralya, \u0130ngiltere, Hindistan, Pakistan, Malezya, Filipinler, Endonezya, Banglade\u015f, Kenya, Nijerya vb. gibi 80 \u00fclke ve b\u00f6lge. Makinelerimiz iyi performanslar\u0131 ve rekabet\u00e7i fiyatlar\u0131 nedeniyle iyi bir \u00fcne sahiptir.<\/p>    <figure class=\"wp-block-image aligncenter size-full\"><img loading=\"lazy\" decoding=\"async\" width=\"1024\" height=\"486\" src=\"https:\/\/tianhuipackingmachine.com\/wp-content\/uploads\/2021\/08\/global-market.jpg\" alt=\"Tianhui paketleme makinelerinin k\u00fcresel pazar\u0131\" class=\"wp-image-2153\" srcset=\"https:\/\/tianhuipackingmachine.com\/wp-content\/uploads\/2021\/08\/global-market.jpg 1024w, https:\/\/tianhuipackingmachine.com\/wp-content\/uploads\/2021\/08\/global-market-300x142.jpg 300w, https:\/\/tianhuipackingmachine.com\/wp-content\/uploads\/2021\/08\/global-market-768x365.jpg 768w\" sizes=\"auto, (max-width: 1024px) 100vw, 1024px\" \/><figcaption class=\"wp-element-caption\">Tianhui Paketleme Makinelerinin K\u00fcresel Pazar\u0131<\/figcaption><\/figure>    <h2 class=\"wp-block-heading has-text-align-center\">Sertifikalar<\/h2>    <figure class=\"wp-block-image aligncenter size-large\"><img loading=\"lazy\" decoding=\"async\" width=\"1024\" height=\"355\" src=\"https:\/\/tianhuipackingmachine.com\/wp-content\/uploads\/2021\/09\/certificates-1024x355.jpg\" alt=\"sertifikalar\" class=\"wp-image-2678\" srcset=\"https:\/\/tianhuipackingmachine.com\/wp-content\/uploads\/2021\/09\/certificates-1024x355.jpg 1024w, https:\/\/tianhuipackingmachine.com\/wp-content\/uploads\/2021\/09\/certificates-300x104.jpg 300w, https:\/\/tianhuipackingmachine.com\/wp-content\/uploads\/2021\/09\/certificates-768x266.jpg 768w, https:\/\/tianhuipackingmachine.com\/wp-content\/uploads\/2021\/09\/certificates-1536x533.jpg 1536w, https:\/\/tianhuipackingmachine.com\/wp-content\/uploads\/2021\/09\/certificates.jpg 1920w\" sizes=\"auto, (max-width: 1024px) 100vw, 1024px\" \/><figcaption class=\"wp-element-caption\">Sertifikalar<\/figcaption><\/figure>","protected":false},"excerpt":{"rendered":"<p>Founded in 1993, Henan Shuliy Machinery Co., Ltd has been involved in the design, research, manufacturing, and marketing of various quality packing machines, filling machines, sealing machines, labeling machines, and capping machines for almost 30 years. We aim to be one of the most reliable, famous, and excellent packing machine suppliers for worldwide agents, distributors, [&hellip;]<\/p>\n","protected":false},"author":1,"featured_media":0,"parent":0,"menu_order":0,"comment_status":"closed","ping_status":"closed","template":"","meta":{"footnotes":""},"class_list":["post-121","page","type-page","status-publish","hentry"],"_links":{"self":[{"href":"https:\/\/tianhuipackingmachine.com\/tr\/wp-json\/wp\/v2\/pages\/121","targetHints":{"allow":["GET"]}}],"collection":[{"href":"https:\/\/tianhuipackingmachine.com\/tr\/wp-json\/wp\/v2\/pages"}],"about":[{"href":"https:\/\/tianhuipackingmachine.com\/tr\/wp-json\/wp\/v2\/types\/page"}],"author":[{"embeddable":true,"href":"https:\/\/tianhuipackingmachine.com\/tr\/wp-json\/wp\/v2\/users\/1"}],"replies":[{"embeddable":true,"href":"https:\/\/tianhuipackingmachine.com\/tr\/wp-json\/wp\/v2\/comments?post=121"}],"version-history":[{"count":0,"href":"https:\/\/tianhuipackingmachine.com\/tr\/wp-json\/wp\/v2\/pages\/121\/revisions"}],"wp:attachment":[{"href":"https:\/\/tianhuipackingmachine.com\/tr\/wp-json\/wp\/v2\/media?parent=121"}],"curies":[{"name":"wp","href":"https:\/\/api.w.org\/{rel}","templated":true}]}}