{"id":485,"date":"2021-05-13T11:03:45","date_gmt":"2021-05-13T03:03:45","guid":{"rendered":"https:\/\/tianhuipackingmachine.com\/?page_id=485"},"modified":"2022-12-08T10:01:58","modified_gmt":"2022-12-08T02:01:58","slug":"vertical-packaging-machine","status":"publish","type":"product","link":"https:\/\/tianhuipackingmachine.com\/sw\/vertical-packaging-machine\/","title":{"rendered":"Mashine ya ufungaji ya wima"},"content":{"rendered":"<p class=\"translation-block\"><strong>Vertikal f\u00f6rpackningsmaskin<\/strong> eller vertikal formfyllnings- och f\u00f6rseglingsmaskin \u00e4r en ny typ av f\u00f6rpackningsmaskin som kan anv\u00e4ndas inom livsmedels-, dryckes-, l\u00e4kemedels-, kemikalie- och m\u00e5nga andra industrier. Den inkluderar huvudsakligen flytande vertikala f\u00f6rpackningsmaskiner, granulat vertikala f\u00f6rpackningsmaskiner och pulver vertikala f\u00f6rpackningsmaskiner. De \u00e4r i grunden alla desamma i huvudstrukturen. F\u00f6rutom tr\u00e5get \u00e4r den tidigare l\u00e4mplig f\u00f6r olika storlekar p\u00e5 f\u00f6rpackningsmaterial. V\u00e5r f\u00f6rpackningsmaskin anv\u00e4nder avancerad mikrodatorkontrollteknik och har egenskaper som vacker design, h\u00f6g precision och snabb hastighet. Vi kan anpassa den enligt olika behov och rekommendera den mest l\u00e4mpliga f\u00f6rpackningsmaskinen f\u00f6r dig. Dessutom \u00e4r kvaliteten garanterad, och vi tror att du aldrig kommer att \u00e5ngra att du investerade i v\u00e5r vertikala f\u00f6rpackningsmaskin.<\/p>    <h2 class=\"has-contrast-color has-text-color wp-block-heading\" id=\"h-different-types-of-vertical-packaging-machine-for-sale\">Aina tofauti za mashine ya ufungaji wima ya kuuza <\/h2>    <p class=\"translation-block\">Vi har fyra olika typer av vertikala f\u00f6rpackningsmaskiner f\u00f6r dig att v\u00e4lja mellan, <a href=\"https:\/\/tianhuipackingmachine.com\/sw\/powder-packing-machine\/\"><strong>pulverf\u00f6rpackningsmaskin<\/strong><\/a>, <a href=\"https:\/\/tianhuipackingmachine.com\/sw\/granule-packing-machine\/\"><strong>granulatf\u00f6rpackningsmaskin<\/strong><\/a>, <a href=\"https:\/\/tianhuipackingmachine.com\/sw\/liquid-packing-machine\/\"><strong>flytande f\u00f6rpackningsmaskin<\/strong><\/a> och pastaf\u00f6rpackningsmaskin. De flesta av deras delar \u00e4r desamma, endast matarsystemen \u00e4r olika. D\u00e4rf\u00f6r, om du vill k\u00f6pa en vertikal f\u00f6rpackningsmaskin, erbjuder vi olika typer av maskiner f\u00f6r dig. Men olika f\u00f6rpackningsmaskiner har olika till\u00e4mpningar. Innan du k\u00f6per vertikal f\u00f6rpackningsutrustning beh\u00f6ver du ber\u00e4tta f\u00f6r oss vilket material du packar, f\u00f6rpackningshastighet, budget osv. S\u00e5 att vi kan f\u00f6resl\u00e5 den mest l\u00e4mpliga maskinen f\u00f6r din aktuella situation. Och vi st\u00f6der anpassningstj\u00e4nster. Kontakta oss idag f\u00f6r att starta ditt framg\u00e5ngsrika f\u00f6retag. <\/p>    <div class=\"wp-block-columns is-layout-flex wp-container-core-columns-is-layout-28f84493 wp-block-columns-is-layout-flex\"> <div class=\"wp-block-column is-layout-flow wp-block-column-is-layout-flow\"> <figure class=\"wp-block-image size-large\"><img loading=\"lazy\" decoding=\"async\" width=\"600\" height=\"450\" src=\"https:\/\/tianhuipackingmachine.com\/wp-content\/uploads\/2021\/07\/coffee-granule-packing-machine.jpg\" alt=\"mashine ya kufunga granule ya kahawa\" class=\"wp-image-1819\" srcset=\"https:\/\/tianhuipackingmachine.com\/wp-content\/uploads\/2021\/07\/coffee-granule-packing-machine.jpg 600w, https:\/\/tianhuipackingmachine.com\/wp-content\/uploads\/2021\/07\/coffee-granule-packing-machine-300x225.jpg 300w\" sizes=\"auto, (max-width: 600px) 100vw, 600px\" \/><figcaption class=\"wp-element-caption\">Mashine ya Ufungashaji wa Granule ya Kahawa<\/figcaption><\/figure> <\/div>    <div class=\"wp-block-column is-layout-flow wp-block-column-is-layout-flow\"> <p><\/p>    <h3 class=\"has-text-color wp-block-heading\" id=\"h-th-320-granule-packing-machine-parameters\" style=\"color:#ff5200\">Vigezo vya Mashine ya Ufungashaji wa Granule ya TH-320<\/h3>    <ul class=\"wp-block-list\"> <li>Mtindo wa mfuko: Muhuri wa nyuma \/ muhuri wa pande tatu \/ muhuri wa pande nne<\/li>    <li>Kasi ya kufunga: 32-72 mfuko\/dak au \u00a050-100 mfuko\/dak<\/li>    <li>Urefu wa mfuko: 30-180 mm<\/li>    <li>Upana wa mfuko: 25-145mm (Inahitaji kubadilisha\u00a0\u00a0Ya Zamani)<\/li>    <li>Aina ya kujaza:\u00a022-220ml<\/li>    <li>Matumizi ya Nguvu: 1.8 KW<\/li>    <li>Uzito: 250kg<\/li>    <li>Vipimo: 650 * 1050 * 1950mm<\/li>    <li>Ukubwa wa katoni: 1100 * 750 * 1820mm<\/li>    <li>Kumbuka: Huduma maalum inapatikana<\/li> <\/ul> <\/div> <\/div>    <div class=\"wp-block-columns is-layout-flex wp-container-core-columns-is-layout-28f84493 wp-block-columns-is-layout-flex\"> <div class=\"wp-block-column is-layout-flow wp-block-column-is-layout-flow\"> <figure class=\"wp-block-image size-large\"><img loading=\"lazy\" decoding=\"async\" width=\"600\" height=\"450\" src=\"https:\/\/tianhuipackingmachine.com\/wp-content\/uploads\/2021\/06\/powder-pouch-packing-machine-2.jpg\" alt=\"poda pouch kufunga mashine wasambazaji\" class=\"wp-image-1351\" srcset=\"https:\/\/tianhuipackingmachine.com\/wp-content\/uploads\/2021\/06\/powder-pouch-packing-machine-2.jpg 600w, https:\/\/tianhuipackingmachine.com\/wp-content\/uploads\/2021\/06\/powder-pouch-packing-machine-2-300x225.jpg 300w\" sizes=\"auto, (max-width: 600px) 100vw, 600px\" \/><figcaption class=\"wp-element-caption\">Mashine ya Kufunga Kifuko cha Poda<\/figcaption><\/figure> <\/div>    <div class=\"wp-block-column is-layout-flow wp-block-column-is-layout-flow\"> <p><\/p>    <h3 class=\"has-text-color wp-block-heading\" id=\"h-vertical-powder-packing-machine-parameters\" style=\"color:#ff5200\">Vigezo vya mashine ya kufunga poda ya wima <\/h3>    <ul class=\"wp-block-list\"> <li>Mtindo wa Ufungashaji (Mtindo wa Mfuko): Muhuri wa pande 3 \/ muhuri wa nyuma \/ muhuri wa upande 4<\/li>    <li>Kasi ya kufunga: 20-80 mfuko \/ min<\/li>    <li>Matumizi ya Nguvu: 1.8kw<\/li>    <li>Matumizi ya Nguvu: 1.8kw<\/li>    <li>Uzito:\u00a0250kg<\/li>    <li>Vipimo: 650 * 1050 * 1950mm<\/li>    <li>Uzito wa ufungaji: 0-100 g<\/li>    <li>Upana wa begi: 20-150mm (badilisha begi la zamani)<\/li>    <li>Urefu wa mfuko: 30-180mm kurekebisha<\/li>    <li>Kumbuka: huduma maalum inapatikana<\/li> <\/ul> <\/div> <\/div>    <div class=\"wp-block-columns is-layout-flex wp-container-core-columns-is-layout-28f84493 wp-block-columns-is-layout-flex\"> <div class=\"wp-block-column is-layout-flow wp-block-column-is-layout-flow\"> <figure class=\"wp-block-image size-large\"><img loading=\"lazy\" decoding=\"async\" width=\"600\" height=\"450\" src=\"https:\/\/tianhuipackingmachine.com\/wp-content\/uploads\/2021\/05\/TH-liquid-packaging-machine.jpg\" alt=\"mashine ya ufungaji wa kioevu\" class=\"wp-image-721\" srcset=\"https:\/\/tianhuipackingmachine.com\/wp-content\/uploads\/2021\/05\/TH-liquid-packaging-machine.jpg 600w, https:\/\/tianhuipackingmachine.com\/wp-content\/uploads\/2021\/05\/TH-liquid-packaging-machine-300x225.jpg 300w\" sizes=\"auto, (max-width: 600px) 100vw, 600px\" \/><figcaption class=\"wp-element-caption\">Mashine ya Kufungasha Kioevu Wima<\/figcaption><\/figure> <\/div>    <div class=\"wp-block-column is-layout-flow wp-block-column-is-layout-flow\"> <p><\/p>    <h3 class=\"has-text-color wp-block-heading\" id=\"h-vertical-liquid-packing-machine-parameters\" style=\"color:#ff5200\">Vigezo vya mashine ya kufunga kioevu ya wima <\/h3>    <ul class=\"wp-block-list\"> <li>Urefu wa mfuko: 80-300mm(L)<\/li>    <li>Upana wa mfuko: 50-200mm(W)<\/li>    <li>Kasi ya Ufungashaji: Mifuko 5-30\/min<\/li>    <li>Kiwango cha kupima: 5-1000ml<\/li>    <li>Matumizi ya hewa: 0.65mpa<\/li>    <li>Matumizi ya gesi:0.3m\u00b3\/dak<\/li>    <li>Voltage: 220V<\/li>    <li>Nguvu: 2.2KW<\/li>    <li>Kipimo:(L)1320mm\u00d7(W)950mm\u00d7(H)1360mm<\/li>    <li>Uzito: 540Kg<\/li>    <li>Kumbuka: Maalum inapatikana<\/li> <\/ul> <\/div> <\/div>    <div class=\"wp-block-columns is-layout-flex wp-container-core-columns-is-layout-28f84493 wp-block-columns-is-layout-flex\"> <div class=\"wp-block-column is-layout-flow wp-block-column-is-layout-flow\"> <figure class=\"wp-block-image size-large\"><a href=\"https:\/\/tianhuipackingmachine.com\/sw\/candy-packaging-machine\/\"><img loading=\"lazy\" decoding=\"async\" width=\"600\" height=\"450\" src=\"https:\/\/tianhuipackingmachine.com\/wp-content\/uploads\/2021\/06\/multi-head-weigher-candy-packaging-machine.jpg\" alt=\"mashine ya ufungaji ya pipi yenye vichwa vingi\" class=\"wp-image-1338\" srcset=\"https:\/\/tianhuipackingmachine.com\/wp-content\/uploads\/2021\/06\/multi-head-weigher-candy-packaging-machine.jpg 600w, https:\/\/tianhuipackingmachine.com\/wp-content\/uploads\/2021\/06\/multi-head-weigher-candy-packaging-machine-300x225.jpg 300w\" sizes=\"auto, (max-width: 600px) 100vw, 600px\" \/><\/a><figcaption class=\"wp-element-caption\">Mashine ya Kufunga Pipi yenye Vipimo vingi vya Kichwa<\/figcaption><\/figure> <\/div>    <div class=\"wp-block-column is-layout-flow wp-block-column-is-layout-flow\"> <h3 class=\"has-text-color wp-block-heading\" id=\"h-tz-520-multi-head-weigher-packaging-machine-parameters\" style=\"color:#ff5200\">TZ-520 Vigezo vya mashine ya ufungaji wa vizio vingi vya kichwa<\/h3>    <ul class=\"wp-block-list\"> <li>Upana wa filamu: Max.520<\/li>    <li>Urefu wa mfuko\u00a0(mm):80-350<\/li>    <li>Upana wa mfuko\u00a0(mm):100-250<\/li>    <li>Kipenyo cha filamu\u00a0(mm): Max.320<\/li>    <li>Kasi ya kufunga\u00a0(P\/dakika):5-60<\/li>    <li>Kiwango cha kipimo: 2000<\/li>    <li>Nguvu (220v 50\/60HZ):3KW<\/li>    <li>Kipimo (mm): 1488*1080*1490<\/li>    <li>Kumbuka: Huduma ya OEM inapatikana<\/li> <\/ul> <\/div> <\/div>    <h2 class=\"has-contrast-color has-text-color wp-block-heading\" id=\"h-features-of-henan-top-vertical-form-filling-sealing-machine\">Vipengele vya mashine ya kuziba ya kujaza fomu ya wima ya Henan <\/h2>    <ul class=\"wp-block-list\"> <li>Muundo wa usahihi wa juu, uendeshaji rahisi, na matengenezo;<\/li>    <li>Mashine nzima inafanywa kwa chuma cha pua 304, isipokuwa kwa chemchemi na wakataji, ambayo haifai kwa kufanya chuma cha pua 304;<\/li>    <li>Inaweza kukamilisha kiotomatiki utengenezaji wa begi, kuweka mita, kuweka wazi, kuziba, kukata, kuhesabu, na kazi zingine, na inaweza kuchapisha nambari za bechi kulingana na mahitaji ya mteja;<\/li>    <li>Utumiaji wa nguvu na utumiaji mpana;<\/li>    <li>Kupitisha kidhibiti cha kompyuta ndogo ya hali ya juu na injini ya kukanyaga ili kudhibiti urefu wa begi, utendakazi ni thabiti, urekebishaji unafaa, na utambuzi ni sahihi.<\/li> <\/ul>    <h2 class=\"has-contrast-color has-text-color wp-block-heading\" id=\"h-wide-applications-of-vertical-packaging-machine\">Utumizi mpana wa mashine ya ufungaji wima <\/h2>    <p class=\"translation-block\"><strong>Vertikal f\u00f6rpackningsmaskin<\/strong> \u00e4r l\u00e4mplig f\u00f6r f\u00f6rpackning av olika material, s\u00e5som <strong><a href=\"https:\/\/tianhuipackingmachine.com\/sw\/popcorn-packaging-machine\/\">popcorn<\/a><\/strong>, fr\u00f6n, n\u00f6tter och andra partiklar, eller v\u00e4tskor och pastas\u00e5ser som vatten, drycker, chiliolja, kan ocks\u00e5 passa olika pulverf\u00f6rpackningsmaterial. Den kan tillfredsst\u00e4lla anv\u00e4ndarnas olika behov och har ett brett anv\u00e4ndningsomr\u00e5de.<\/p>    <div class=\"wp-block-columns is-layout-flex wp-container-core-columns-is-layout-28f84493 wp-block-columns-is-layout-flex\"> <div class=\"wp-block-column is-layout-flow wp-block-column-is-layout-flow\"> <figure class=\"wp-block-image size-large\"><img loading=\"lazy\" decoding=\"async\" width=\"600\" height=\"450\" src=\"https:\/\/tianhuipackingmachine.com\/wp-content\/uploads\/2021\/07\/applications-of-powder-packaging-machine.jpg\" alt=\"matumizi ya mashine ya ufungaji wa unga\" class=\"wp-image-1742\" srcset=\"https:\/\/tianhuipackingmachine.com\/wp-content\/uploads\/2021\/07\/applications-of-powder-packaging-machine.jpg 600w, https:\/\/tianhuipackingmachine.com\/wp-content\/uploads\/2021\/07\/applications-of-powder-packaging-machine-300x225.jpg 300w\" sizes=\"auto, (max-width: 600px) 100vw, 600px\" \/><figcaption class=\"wp-element-caption\">Matumizi Ya Mashine Ya Kufungashia Poda<\/figcaption><\/figure> <\/div>    <div class=\"wp-block-column is-layout-flow wp-block-column-is-layout-flow\"> <figure class=\"wp-block-image size-large\"><img loading=\"lazy\" decoding=\"async\" width=\"600\" height=\"450\" src=\"https:\/\/tianhuipackingmachine.com\/wp-content\/uploads\/2021\/07\/snacks-packing-equipment-applications.jpg\" alt=\"maombi ya vifaa vya kufunga granule\" class=\"wp-image-1712\" srcset=\"https:\/\/tianhuipackingmachine.com\/wp-content\/uploads\/2021\/07\/snacks-packing-equipment-applications.jpg 600w, https:\/\/tianhuipackingmachine.com\/wp-content\/uploads\/2021\/07\/snacks-packing-equipment-applications-300x225.jpg 300w\" sizes=\"auto, (max-width: 600px) 100vw, 600px\" \/><figcaption class=\"wp-element-caption\">Maombi ya Vifaa vya Ufungashaji wa Granule<\/figcaption><\/figure> <\/div>    <div class=\"wp-block-column is-layout-flow wp-block-column-is-layout-flow\"> <figure class=\"wp-block-image size-large\"><img loading=\"lazy\" decoding=\"async\" width=\"720\" height=\"484\" src=\"https:\/\/tianhuipackingmachine.com\/wp-content\/uploads\/2021\/05\/liquid-packing-products-display.jpg\" alt=\"onyesho la bidhaa za kufunga kioevu\" class=\"wp-image-720\" srcset=\"https:\/\/tianhuipackingmachine.com\/wp-content\/uploads\/2021\/05\/liquid-packing-products-display.jpg 720w, https:\/\/tianhuipackingmachine.com\/wp-content\/uploads\/2021\/05\/liquid-packing-products-display-300x202.jpg 300w, https:\/\/tianhuipackingmachine.com\/wp-content\/uploads\/2021\/05\/liquid-packing-products-display-272x182.jpg 272w\" sizes=\"auto, (max-width: 720px) 100vw, 720px\" \/><figcaption class=\"wp-element-caption\">Onyesho la Bidhaa za Ufungashaji wa Kioevu<\/figcaption><\/figure> <\/div> <\/div>    <h2 class=\"has-contrast-color has-text-color wp-block-heading\" id=\"h-what-is-the-cost-of-vertical-form-packing-equipment\">Je, ni gharama gani ya vifaa vya kufunga fomu ya wima? <\/h2>    <p>Kulingana na uelewa wa hali ya soko, mashine ya kufungasha wima\u00a0ina aina mbalimbali za mitindo, na bei ni tofauti sana. Miongoni mwao, mambo yanayoathiri bei ya mashine ya ufungaji wa wima ni hasa vipengele viwili: mfano na vigezo. Gharama ya mashine ya ufungaji ya wima inahusiana hasa na muundo wake wa ndani, ikiwa ni pamoja na pipa, zamani, cutter, na muundo wa nyenzo za chuma cha pua 304, na ukubwa wa zamani na cutter ni tofauti, na gharama ya utengenezaji ni tofauti.\u2002<\/p>    <p class=\"translation-block\"><a href=\"https:\/\/tianhuipackingmachine.com\/sw\/about-us\/\"><strong>Henan TOP Machinery<\/strong><\/a> \u00e4r en professionell tillverkare av f\u00f6rpackningsmaskiner. N\u00e4r du k\u00f6per v\u00e5r f\u00f6rpackningsmaskin \u00e4r inte bara utrustningens kvalitet garanterad, utan \u00e4ven eftermarknadsservicen \u00e4r ocks\u00e5 garanterad. Sj\u00e4lvklart kommer vi ocks\u00e5 att rekommendera den f\u00f6rpackningsmaskin som b\u00e4st uppfyller dina krav enligt dina faktiska behov. L\u00e5t dig vara bekymmersfri, oroa dig inte f\u00f6r n\u00e5gra kvalitetsproblem.<\/p>    <h2 class=\"has-contrast-color has-text-color wp-block-heading\" id=\"h-vertical-packing-machine-vs-pillow-packing-machine\">Mashine ya kufunga wima dhidi ya mashine ya kufunga mto <\/h2>    <p class=\"translation-block\"><strong>Vertikal f\u00f6rpackningsmaskin<\/strong> avser en vertikal formfyllnings- och f\u00f6rseglingsmaskin (VFFS-maskin), spolen \u00e4r vanligtvis i den \u00f6vre delen av maskinen. Spolen g\u00f6rs till en formad f\u00f6rpackningsp\u00e5se av p\u00e5sproducenten, och sedan genomg\u00e5r fyllning, f\u00f6rpackning och f\u00f6rsegling. Den kan anv\u00e4ndas f\u00f6r granuler, pulver, v\u00e4tskor och pastas\u00e5ser. Den har ett brett anv\u00e4ndningsomr\u00e5de och kan spara mycket fabriksyta.<\/p>    <p class=\"translation-block\"><strong>Kuddf\u00f6rpackningsmaskin<\/strong> avser en horisontell formfyllnings- och f\u00f6rseglingsmaskin (HFFS-maskin), de f\u00f6rpackade f\u00f6rem\u00e5len transporteras horisontellt av transport\u00f6ren till filmens inlopp (vid denna tidpunkt \u00e4r filmen redan cylindrisk genom p\u00e5sproducenten, och de f\u00f6rpackade f\u00f6rem\u00e5len kommer att g\u00e5 in i det cylindriska f\u00f6rpackningsmaterialet), och genomg\u00e5r sedan v\u00e4rmef\u00f6rsegling, processen av pumpning eller sugning, sk\u00e4rning osv. slutf\u00f6r f\u00f6rpackningen. Livsmedel som bullar, choklad, kex, snabbnudlar osv. f\u00f6rpackas alla av kuddf\u00f6rpackningsmaskiner. J\u00e4mf\u00f6rt med vertikal f\u00f6rpackning anv\u00e4nds <a href=\"https:\/\/tianhuipackingmachine.com\/sw\/pillow-packing-machine\/\"><strong>Kuddf\u00f6rpackningsutrustning<\/strong><\/a> fr\u00e4mst f\u00f6r att packa relativt stiliga enskilda f\u00f6rem\u00e5l eller integrerade f\u00f6rem\u00e5l som block, remmar och bollar.&nbsp;<\/p>    <div class=\"wp-block-columns is-layout-flex wp-container-core-columns-is-layout-28f84493 wp-block-columns-is-layout-flex\"> <div class=\"wp-block-column is-layout-flow wp-block-column-is-layout-flow\"> <figure class=\"wp-block-image size-large\"><img loading=\"lazy\" decoding=\"async\" width=\"600\" height=\"450\" src=\"https:\/\/tianhuipackingmachine.com\/wp-content\/uploads\/2021\/07\/vertical-packing-machines-in-stock.jpg\" alt=\"mashine za kufunga wima katika hisa\" class=\"wp-image-1825\" srcset=\"https:\/\/tianhuipackingmachine.com\/wp-content\/uploads\/2021\/07\/vertical-packing-machines-in-stock.jpg 600w, https:\/\/tianhuipackingmachine.com\/wp-content\/uploads\/2021\/07\/vertical-packing-machines-in-stock-300x225.jpg 300w\" sizes=\"auto, (max-width: 600px) 100vw, 600px\" \/><figcaption class=\"wp-element-caption\">Mashine za Ufungashaji Wima Zipo Hisa<\/figcaption><\/figure> <\/div>    <div class=\"wp-block-column is-layout-flow wp-block-column-is-layout-flow\"> <figure class=\"wp-block-image size-large\"><img loading=\"lazy\" decoding=\"async\" width=\"600\" height=\"450\" src=\"https:\/\/tianhuipackingmachine.com\/wp-content\/uploads\/2021\/07\/pillow-packaging-machine-in-stock.jpg\" alt=\"mashine ya ufungaji ya mto iko kwenye hisa\" class=\"wp-image-1770\" srcset=\"https:\/\/tianhuipackingmachine.com\/wp-content\/uploads\/2021\/07\/pillow-packaging-machine-in-stock.jpg 600w, https:\/\/tianhuipackingmachine.com\/wp-content\/uploads\/2021\/07\/pillow-packaging-machine-in-stock-300x225.jpg 300w\" sizes=\"auto, (max-width: 600px) 100vw, 600px\" \/><figcaption class=\"wp-element-caption\">Mashine ya Kupakia Mto Ipo Hisa<\/figcaption><\/figure> <\/div> <\/div>    <h2 class=\"has-contrast-color has-text-color wp-block-heading\" id=\"h-how-to-choose-a-reliable-vertical-packing-machine-manufacturer\">Jinsi ya kuchagua mtengenezaji wa kuaminika wa mashine ya kufunga wima? <\/h2>    <p>Labda, pia una wasiwasi sana juu ya maswala anuwai wakati wa ununuzi wa bidhaa, kwa hivyo kuchagua mtengenezaji wa kuaminika wa mashine ya ufungaji kunaweza kukuletea urahisi mkubwa. Unaweza kuzingatia pointi zifuatazo wakati wa kuchagua mtengenezaji wa kuaminika:<\/p>    <p>1. Awali ya yote, utendaji wa gharama kubwa ni kanuni ya kwanza. Wakati wa kuchagua\u00a0mtengenezaji wa mashine\u00a0ya pakiti, ni lazima tuzingatie kuchagua\u00a0mtengenezaji aliye na teknolojia ya uzalishaji iliyokomaa na ubora thabiti, ili kifungashio kiwe cha haraka na thabiti zaidi, ili kufikia matumizi ya chini ya nishati, kazi ya chini ya mikono na kiwango cha chini cha upotevu. ;<\/p>    <p>2. Kwa upande wa huduma ya baada ya mauzo, ni muhimu kuchagua \"katika mzunguko\" kuwa na sifa nzuri. Huduma ya wakati baada ya mauzo, inapatikana kwa simu ili kuhakikisha kuwa huduma ya baada ya mauzo imehakikishwa;<\/p>    <p>3. Mashine ya ufungaji inayoaminiwa na sekta inaweza kupewa kipaumbele, na lazima itofautishwe ikiwa ni mtengenezaji au kampuni ya biashara;<\/p>    <p>4. Kutafuta wazalishaji wa kitaalamu wa kubuni desturi. Anaweza kubinafsisha muundo wa mstari wa kusanyiko kulingana na sifa za bidhaa, vifaa vya filamu ya ufungaji, na hali ya tovuti, na mstari wa uzalishaji umekomaa na umekamilika.<\/p>    <p class=\"translation-block\">Henan TOP Machinery Company \u00e4r en <a href=\"https:\/\/tianhuipackingmachine.com\/sw\/\"><strong>professionell f\u00f6rpackningsmaskinfabrik<\/strong><\/a>. Vi har varit verksamma inom f\u00f6rpackningsmaskintillverkningsindustrin i m\u00e5nga \u00e5r. V\u00e5ra produkter \u00e4lskas av kunder \u00f6ver hela v\u00e4rlden. Och vi \u00e4r v\u00e4rda ditt f\u00f6rtroende!<\/p>    <h2 class=\"has-contrast-color has-text-color wp-block-heading\" id=\"h-tips-to-choose-a-correct-vertical-form-filling-sealing-machine\">Vidokezo vya kuchagua mashine sahihi ya kujaza fomu ya wima ya kuziba<\/h2>    <p>Wanunuzi wengi ni wanunuzi wa mwanzo na hawajui jinsi ya kununua mashine ya ufungaji ya wima, kwa hivyo tafadhali tuambie maelezo muhimu yafuatayo unapouliza kuhusu mpango wa mashine ya upakiaji, ili tuweze kukupa suluhisho zinazofaa za kufunga kwa biashara yako. Mpango huo ni wa kumbukumbu na chaguo lako:<\/p>    <p>1. Ni nyenzo gani unahitaji kufunga?<\/p>    <p>2. Ni aina gani ya mfuko inahitajika? (Mkoba wa muhuri wa nyuma, muhuri wa pande tatu, muhuri wa pande nne, au kitu kingine chochote)<\/p>    <p>3. Je, unahitaji kufunga zaidi ya pakiti moja? Au ngapi\/kifurushi?<\/p>    <p>4. Je, ninahitaji kuchapisha tarehe ya uzalishaji?<\/p>    <p>5. Je, kuna mahitaji yoyote ya fuselage? Je! miili yote ya chuma cha pua inahitajika? Au sehemu ya kugusa nyenzo inapaswa kufanywa kwa mwili wa chuma cha pua?<\/p>    <p>6. Je, usahihi wa kipimo ni wa juu? (Kwa mashine ya ufungaji otomatiki)<\/p>    <h2 class=\"has-contrast-color has-text-color wp-block-heading\" id=\"h-contact-us-today-for-the-best-price\">Wasiliana nasi leo kwa bei nzuri zaidi <\/h2>    <p class=\"translation-block\"><strong>Vertikal f\u00f6rpackningsmaskin<\/strong> till salu fr\u00e5n v\u00e5r fabrik har bra prestanda och absolut utm\u00e4rkt eftermarknadsservice. Dessutom har den l\u00e4gre driftskostnader och fabrikspriser, och kan ocks\u00e5 spara utrymme i din fabrik, samt enkel och effektiv drift, s\u00e5 att v\u00e4lja en kvalitets vertikal f\u00f6rpackningsmaskin kan ge stora f\u00f6rdelar f\u00f6r ditt f\u00f6retag. Vidare erbjuder vi \u00e4ven andra olika typer av f\u00f6rpackningsmaskiner, s\u00e5som kuddf\u00f6rpackningsmaskiner, <a href=\"https:\/\/tianhuipackingmachine.com\/sw\/vacuum-packaging-machine\/\"><strong>vakuumf\u00f6rpackningsmaskin<\/strong><\/a> osv. V\u00e4lkommen att kontakta oss idag och vi ser fram emot att h\u00f6ra fr\u00e5n dig.<\/p>","protected":false},"excerpt":{"rendered":"<p>Vertical packaging machine&nbsp;or vertical form fill seal machine is a new type of packaging machine that can be used in food, beverage, medicine, chemical, and many other industries.&nbsp;It&nbsp;mainly includes liquid vertical packaging machines, granule&nbsp;vertical packaging machines, and powder vertical packaging machines. They are all basically the same in the main structure. Except for the hopper, [&hellip;]<\/p>\n","protected":false},"author":1,"featured_media":1819,"parent":0,"template":"","tags":[199],"product-type":[145],"class_list":["post-485","product","type-product","status-publish","has-post-thumbnail","hentry","tag-vertical-packing-machine","product-type-other-products"],"_links":{"self":[{"href":"https:\/\/tianhuipackingmachine.com\/sw\/wp-json\/wp\/v2\/product\/485","targetHints":{"allow":["GET"]}}],"collection":[{"href":"https:\/\/tianhuipackingmachine.com\/sw\/wp-json\/wp\/v2\/product"}],"about":[{"href":"https:\/\/tianhuipackingmachine.com\/sw\/wp-json\/wp\/v2\/types\/product"}],"author":[{"embeddable":true,"href":"https:\/\/tianhuipackingmachine.com\/sw\/wp-json\/wp\/v2\/users\/1"}],"wp:featuredmedia":[{"embeddable":true,"href":"https:\/\/tianhuipackingmachine.com\/sw\/wp-json\/wp\/v2\/media\/1819"}],"wp:attachment":[{"href":"https:\/\/tianhuipackingmachine.com\/sw\/wp-json\/wp\/v2\/media?parent=485"}],"wp:term":[{"taxonomy":"post_tag","embeddable":true,"href":"https:\/\/tianhuipackingmachine.com\/sw\/wp-json\/wp\/v2\/tags?post=485"},{"taxonomy":"product-type","embeddable":true,"href":"https:\/\/tianhuipackingmachine.com\/sw\/wp-json\/wp\/v2\/product-type?post=485"}],"curies":[{"name":"wp","href":"https:\/\/api.w.org\/{rel}","templated":true}]}}