{"id":2876,"date":"2021-10-11T14:28:12","date_gmt":"2021-10-11T06:28:12","guid":{"rendered":"https:\/\/tianhuipackingmachine.com\/?page_id=2876"},"modified":"2024-03-08T15:03:08","modified_gmt":"2024-03-08T07:03:08","slug":"multi-head-filling-machine","status":"publish","type":"product","link":"https:\/\/tianhuipackingmachine.com\/sw\/multi-head-filling-machine\/","title":{"rendered":"Mashine ya kujaza vichwa vingi"},"content":{"rendered":"<p class=\"translation-block\"><strong>Multi-head filling machine<\/strong> \u00e4r utrustad med flera v\u00e5gar eller utg\u00e5ngar f\u00f6r att fylla material. Det \u00e4r en typ av kvantitativ fyllningsmaskin. Maskinen kan fylla material i p\u00e5sar, flaskor, burkar, etc. Det finns en m\u00e4ngd olika multi-head fyllningsmaskiner f\u00f6r pulver, granulat, v\u00e4tska eller pasta. Dessutom kan multi-head fyllningsutrustningen matcha med en \u00f6verensst\u00e4mmande f\u00f6rpackningssystem f\u00f6r att bli f\u00f6rpackningsmaskiner. Multi-head p\u00e5sfyllningsmaskiner inkluderar den multi-head pneumatiska p\u00e5sfyllningsmaskinen och multi-head kombinationsfyllningsmaskinen. Den pneumatiska drivs av pneumatiska krafter och fungerar stabilt. Dessutom finns anpassningstj\u00e4nster tillg\u00e4ngliga enligt dina faktiska krav.<\/p>    <h2 class=\"wp-block-heading\" id=\"h-multi-head-filling-machine-for-sale\">Mashine ya kujaza vichwa vingi inauzwa<\/h2>    <h3 class=\"wp-block-heading\" id=\"h-pneumatic-electronic-scale-filling-machine\">Mashine ya kujaza mizani ya elektroniki ya nyumatiki<\/h3>    <p>Mashine za kujaza nyumatiki za elektroniki ni kichwa mara mbili, vichwa vitatu, vinne na vitano vya hiari. Aina tofauti za nyenzo zinaweza kuwekwa kwenye hopa tofauti zenye mizani ili kupima gramu tofauti tofauti, na nyenzo hizi zinaweza kuwekwa kwenye begi moja, chupa, au kopo moja. Kwa bidhaa sawa, maduka ya kujaza vichwa vingi yanaweza kuwekwa kwa zamu ili kuboresha ufanisi wa uzalishaji. Inafaa kwa chembe na poda mbalimbali, kama vile unga wa maziwa, unga wa kahawa, unga, nafaka, chai yenye harufu nzuri, maharagwe ya kahawa, mchele, mtama, popcorn, vitafunio, karanga, mbegu, chakula kilichopunjwa, wolfberry, nafaka, matunda yaliyokaushwa, chestnut. , chakula cha mbwa, trinket, vifaa vya vifaa, na kadhalika. Mbali na hilo, mashine ya uzani na kujaza inaweza kuwa na mfumo wa ufungaji, kukamilisha uzani, kutengeneza begi, kujaza, kuziba, na kukata. Muhuri wa nyuma na muhuri wa upande ni wa hiari.<\/p>    <div class=\"wp-block-image\"><figure class=\"aligncenter size-full\"><img loading=\"lazy\" decoding=\"async\" width=\"750\" height=\"500\" src=\"https:\/\/tianhuipackingmachine.com\/wp-content\/uploads\/2021\/10\/pneumatic-multi-head-weigher-filler.jpg\" alt=\"kichujio cha kipima uzito cha nyumatiki nyingi\" class=\"wp-image-2879\" srcset=\"https:\/\/tianhuipackingmachine.com\/wp-content\/uploads\/2021\/10\/pneumatic-multi-head-weigher-filler.jpg 750w, https:\/\/tianhuipackingmachine.com\/wp-content\/uploads\/2021\/10\/pneumatic-multi-head-weigher-filler-300x200.jpg 300w\" sizes=\"auto, (max-width: 750px) 100vw, 750px\" \/><figcaption>kichujio cha kipima uzito cha nyumatiki nyingi<\/figcaption><\/figure><\/div>    <h3 class=\"wp-block-heading\" id=\"h-multi-head-liquid-filling-machine\">Mashine ya kujaza kioevu yenye vichwa vingi<\/h3>    <p class=\"translation-block\">Multi-outlet <strong><a href=\"https:\/\/tianhuipackingmachine.com\/sw\/liquid-filling-machines\/\">v\u00e4tskefyllningsutrustning<\/a><\/strong> kan anv\u00e4ndas oberoende eller som en del av produktionslinjen. Den kan fylla flera flaskor eller burkar p\u00e5 en g\u00e5ng. Fyllningsomr\u00e5det f\u00f6r pumpmodeller inkluderar 10-100ml, 50-500ml, 100-1000ml, 500-3000ml, 1000-5000ml, etc. Och antalet fyllningsutg\u00e5ngar kan anpassas baserat p\u00e5 dina behov. Den multi-head v\u00e4tskefyllaren antar en droppskyddanordning f\u00f6r att s\u00e4kerst\u00e4lla fyllningsnoggrannhet utan dropp. Dessutom kan den matcha med andra maskiner f\u00f6r att bilda en hel produktionslinje, som flaskor som osorteras, <strong><a href=\"https:\/\/tianhuipackingmachine.com\/sw\/vacuum-capping-machines\/\">lockmaskin<\/a><\/strong>, etiketteringsmaskin, <strong><a href=\"https:\/\/tianhuipackingmachine.com\/sw\/carton-sealing-machine\/\">kartongf\u00f6rslutningsmaskin<\/a><\/strong>, etc. Om du vill fylla pasta, finns det pastafyllare som \u00e4r utrustade med pastapumpar. Och anpassningstj\u00e4nster erbjuds.<\/p>    <div class=\"wp-block-image\"><figure class=\"aligncenter size-full\"><img loading=\"lazy\" decoding=\"async\" width=\"750\" height=\"500\" src=\"https:\/\/tianhuipackingmachine.com\/wp-content\/uploads\/2021\/09\/multi-head-automatic-liquid-filler.jpg\" alt=\"kichungi cha kioevu kiotomatiki cha vichwa vingi\" class=\"wp-image-2564\" srcset=\"https:\/\/tianhuipackingmachine.com\/wp-content\/uploads\/2021\/09\/multi-head-automatic-liquid-filler.jpg 750w, https:\/\/tianhuipackingmachine.com\/wp-content\/uploads\/2021\/09\/multi-head-automatic-liquid-filler-300x200.jpg 300w\" sizes=\"auto, (max-width: 750px) 100vw, 750px\" \/><figcaption>kichungi cha kioevu kiotomatiki cha vichwa vingi<\/figcaption><\/figure><\/div>    <h2 class=\"wp-block-heading\" id=\"h-pneumatic-multi-head-pouch-packing-machine-chain-bucket-packing-machine\">Mashine ya kufunga mifuko ya nyumatiki yenye vichwa vingi &amp; mashine ya kufunga ndoo ya mnyororo<\/h2>    <p class=\"translation-block\">Pneumatisk multitrack p\u00e5sfyllningsmaskiner kan inte bara st\u00e4lla in fyllningsutg\u00e5ngar f\u00f6r att turas om att fylla samma material utan ocks\u00e5 v\u00e4ga olika typer av material i olika gram separat och paketera dem i en p\u00e5se. Medan kedjebucket-fyllningsmaskinen i sig inte har funktionen av att v\u00e4ga. Den kan matcha med flera sm\u00e5 <strong><a href=\"https:\/\/tianhuipackingmachine.com\/sw\/small-filling-machine\/\">desktop kvantitativa fyllningsmaskiner<\/a><\/strong> f\u00f6r granulat eller pulver f\u00f6r att paketera en viss vikt av olika material, som doftande te, spannm\u00e5l och andra blandade produkter. J\u00e4mf\u00f6rt med den tidigare kr\u00e4ver <strong><a href=\"https:\/\/tianhuipackingmachine.com\/sw\/chain-bucket-packing-machine\/\">kedjebucket-f\u00f6rpackningsmaskinen<\/a><\/strong> mer kostnader. B\u00e5da kan arbeta tillsammans med st\u00f6dmaskiner, som matningsmaskiner, utmatningskonveyor, datummaskiner, kv\u00e4vgasfyllnadsanordningar, etc.<\/p>    <div class=\"wp-block-columns is-layout-flex wp-container-core-columns-is-layout-28f84493 wp-block-columns-is-layout-flex\"> <div class=\"wp-block-column is-layout-flow wp-block-column-is-layout-flow\"> <figure class=\"wp-block-image size-full\"><img loading=\"lazy\" decoding=\"async\" width=\"600\" height=\"450\" src=\"https:\/\/tianhuipackingmachine.com\/wp-content\/uploads\/2021\/10\/pneumatic-multitrack-pouch-packing-machine.jpg\" alt=\"mashine ya kufunga pochi ya multitrack ya nyumatiki\" class=\"wp-image-2880\" srcset=\"https:\/\/tianhuipackingmachine.com\/wp-content\/uploads\/2021\/10\/pneumatic-multitrack-pouch-packing-machine.jpg 600w, https:\/\/tianhuipackingmachine.com\/wp-content\/uploads\/2021\/10\/pneumatic-multitrack-pouch-packing-machine-300x225.jpg 300w\" sizes=\"auto, (max-width: 600px) 100vw, 600px\" \/><figcaption>Pneumatic Multitrack Pouch Packing Machine<\/figcaption><\/figure> <\/div>    <div class=\"wp-block-column is-layout-flow wp-block-column-is-layout-flow\"> <figure class=\"wp-block-image size-full\"><img loading=\"lazy\" decoding=\"async\" width=\"600\" height=\"450\" src=\"https:\/\/tianhuipackingmachine.com\/wp-content\/uploads\/2021\/09\/chain-bucket-packing-machine.jpg\" alt=\"mashine ya kufunga ndoo ya mnyororo\" class=\"wp-image-2605\" srcset=\"https:\/\/tianhuipackingmachine.com\/wp-content\/uploads\/2021\/09\/chain-bucket-packing-machine.jpg 600w, https:\/\/tianhuipackingmachine.com\/wp-content\/uploads\/2021\/09\/chain-bucket-packing-machine-300x225.jpg 300w\" sizes=\"auto, (max-width: 600px) 100vw, 600px\" \/><figcaption>Mashine ya Kupakia Ndoo ya Chain<\/figcaption><\/figure> <\/div> <\/div>    <h2 class=\"wp-block-heading\" id=\"h-conclusion\">Hitimisho<\/h2>    <p class=\"translation-block\">Multi-head filling machine \u00e4r utrustningen f\u00f6r att fylla material. Den pneumatiska multi-head elektriska skalan kan turas om att fylla enskilt material, eller v\u00e4ga olika gram av material separat och fylla samtidigt tillsammans. Oavsett pulver, granulat, v\u00e4tska eller pasta, finns det korresponderande fyllningssystem och f\u00f6rpackningssystem tillg\u00e4ngliga. Som en <strong><a href=\"https:\/\/tianhuipackingmachine.com\/sw\/\">f\u00f6rpackningsmaskinstillverkare och leverant\u00f6r<\/a><\/strong> erbjuder vi \u00e4ven kuddf\u00f6rpackningsmaskiner, <strong><a href=\"https:\/\/tianhuipackingmachine.com\/sw\/vacuum-packaging-machine\/\">vakuumf\u00f6rpackningsmaskiner<\/a><\/strong>, kontinuerliga f\u00f6rslutningsmaskiner, lockmaskiner, <strong><a href=\"https:\/\/tianhuipackingmachine.com\/sw\/semi-automatic-round-bottle-labeling-machine\/\">etiketteringsmaskiner<\/a><\/strong>, kartongf\u00f6rslutningsmaskiner, lastningskonveyor, utmatningskonveyorband, kodningsskrivare, och s\u00e5 vidare. Dessutom st\u00f6djer vi OEM-tj\u00e4nster baserat p\u00e5 dina specifika krav. <strong><a href=\"https:\/\/tianhuipackingmachine.com\/sw\/contact\/\">Kontakta oss<\/a><\/strong> f\u00f6r att f\u00e5 mer information och det b\u00e4sta priset, och vi kommer att svara dig s\u00e5 snart som m\u00f6jligt.<\/p>","protected":false},"excerpt":{"rendered":"<p>Multi-head filling machine is equipped with multiple weighers or outlets to fill materials. It\u2019s one kind of quantitative filling machine. The machine can fill materials into bags, bottles, cans, etc. There are a variety of multi-head filling machines for powder, granules, liquid, or paste. Besides, the multi-head filling equipment can match with accordant packaging system [&hellip;]<\/p>\n","protected":false},"author":1,"featured_media":2879,"parent":0,"template":"","tags":[162],"product-type":[141],"class_list":["post-2876","product","type-product","status-publish","has-post-thumbnail","hentry","tag-filling-machine","product-type-filling-machines"],"_links":{"self":[{"href":"https:\/\/tianhuipackingmachine.com\/sw\/wp-json\/wp\/v2\/product\/2876","targetHints":{"allow":["GET"]}}],"collection":[{"href":"https:\/\/tianhuipackingmachine.com\/sw\/wp-json\/wp\/v2\/product"}],"about":[{"href":"https:\/\/tianhuipackingmachine.com\/sw\/wp-json\/wp\/v2\/types\/product"}],"author":[{"embeddable":true,"href":"https:\/\/tianhuipackingmachine.com\/sw\/wp-json\/wp\/v2\/users\/1"}],"wp:featuredmedia":[{"embeddable":true,"href":"https:\/\/tianhuipackingmachine.com\/sw\/wp-json\/wp\/v2\/media\/2879"}],"wp:attachment":[{"href":"https:\/\/tianhuipackingmachine.com\/sw\/wp-json\/wp\/v2\/media?parent=2876"}],"wp:term":[{"taxonomy":"post_tag","embeddable":true,"href":"https:\/\/tianhuipackingmachine.com\/sw\/wp-json\/wp\/v2\/tags?post=2876"},{"taxonomy":"product-type","embeddable":true,"href":"https:\/\/tianhuipackingmachine.com\/sw\/wp-json\/wp\/v2\/product-type?post=2876"}],"curies":[{"name":"wp","href":"https:\/\/api.w.org\/{rel}","templated":true}]}}