{"id":2733,"date":"2021-09-24T09:58:04","date_gmt":"2021-09-24T01:58:04","guid":{"rendered":"https:\/\/tianhuipackingmachine.com\/?page_id=2733"},"modified":"2022-04-27T11:43:16","modified_gmt":"2022-04-27T03:43:16","slug":"electric-vertical-packing-machine","status":"publish","type":"product","link":"https:\/\/tianhuipackingmachine.com\/sw\/electric-vertical-packing-machine\/","title":{"rendered":"Mashine ya kufunga ya wima ya umeme"},"content":{"rendered":"<p class=\"translation-block\"><strong>Electric vertical packing machine<\/strong> best\u00e5r huvudsakligen av tv\u00e5 delar, matningssystem och f\u00f6rpackningssystem. Matningssystemet \u00e4r en liten fyllmaskin f\u00f6r pulver, korn eller tv\u00e5-i-ett. M\u00e5nga fyllningsomg\u00e5ngar \u00e4r valfria. F\u00f6rpackningssystemet anv\u00e4nds f\u00f6r att tillverka p\u00e5sar f\u00f6r att f\u00f6rpacka fallande material fr\u00e5n matningssystemet. J\u00e4mf\u00f6rt med en standard korn- eller pulverf\u00f6rpackningsmaskin fyller maskinen h\u00f6gre noggrant genom kvantitativ v\u00e4gning, men f\u00f6rpackningshastigheten \u00e4r l\u00e5ngsammare. Och den har l\u00e5gt pris, l\u00e4mplig f\u00f6r sm\u00e5 och medelstora f\u00f6retag. Dessutom finns anpassningstj\u00e4nst tillg\u00e4nglig enligt dina behov.<\/p>    <h2 class=\"wp-block-heading\" id=\"h-electric-vertical-packaging-machine-for-sale\">Mashine ya ufungaji ya wima ya umeme inauzwa<\/h2>    <p class=\"translation-block\">Electric vertical packing machine i <strong><a href=\"https:\/\/tianhuipackingmachine.com\/sw\/\">Henan Top Packing machinery<\/a><\/strong> till salu inkluderar elektrisk sida-s\u00f6ml\u00f6s typ f\u00f6rpackningsmaskin och elektrisk bak-s\u00f6ml\u00f6s typ f\u00f6rpackningsmaskin. De tv\u00e5 typerna av utrustning skiljer sig \u00e5t i p\u00e5smaskin, vertikalt f\u00f6rslutningsdon och slutf\u00f6rslutnings- och sk\u00e4rare. Maskinen kan tillverka 3-sidiga slutf\u00f6rslutningsp\u00e5sar eller bakslutf\u00f6rslutningsp\u00e5sar. Den kan separat slutf\u00f6ra processen v\u00e4gning, p\u00e5sformning, fyllning, f\u00f6rsegling och sk\u00e4rning. Kontrollpanelen kan st\u00e4lla in t\u00e4tningstemperatur och p\u00e5sl\u00e4ngd, samt visa \u00f6vre temperatur, nedre temperatur och faktisk l\u00e4ngd.<\/p>    <figure class=\"wp-block-gallery has-nested-images columns-default is-cropped wp-block-gallery-2 is-layout-flex wp-block-gallery-is-layout-flex\"> <figure class=\"wp-block-image size-large\"><img loading=\"lazy\" decoding=\"async\" width=\"750\" height=\"500\" data-id=\"4432\" src=\"https:\/\/tianhuipackingmachine.com\/wp-content\/uploads\/2021\/12\/electric-packaging-machine-750x500.jpg\" alt=\"mashine ya ufungaji ya umeme\" class=\"wp-image-4432\" srcset=\"https:\/\/tianhuipackingmachine.com\/wp-content\/uploads\/2021\/12\/electric-packaging-machine.jpg 750w, https:\/\/tianhuipackingmachine.com\/wp-content\/uploads\/2021\/12\/electric-packaging-machine-480x320.jpg 480w\" sizes=\"auto, (max-width: 750px) 100vw, 750px\" \/><figcaption>Mashine ya Kufungasha Umeme<\/figcaption><\/figure>    <figure class=\"wp-block-image size-large\"><img loading=\"lazy\" decoding=\"async\" width=\"750\" height=\"500\" data-id=\"3630\" src=\"https:\/\/tianhuipackingmachine.com\/wp-content\/uploads\/2021\/12\/Electric-VFFS-Machine-750x500.jpg\" alt=\"Mashine ya VFFS ya Umeme\" class=\"wp-image-3630\" srcset=\"https:\/\/tianhuipackingmachine.com\/wp-content\/uploads\/2021\/12\/Electric-VFFS-Machine.jpg 750w, https:\/\/tianhuipackingmachine.com\/wp-content\/uploads\/2021\/12\/Electric-VFFS-Machine-480x320.jpg 480w\" sizes=\"auto, (max-width: 750px) 100vw, 750px\" \/><figcaption>Mashine ya Vffs ya Umeme<\/figcaption><\/figure> <\/figure>    <h2 class=\"wp-block-heading\" id=\"h-features-of-electric-vertical-packaging-machine\">Vipengele vya mashine ya ufungaji ya wima ya umeme<\/h2>    <ol class=\"wp-block-list\" type=\"1\"><li>Ubunifu wa busara, muundo rahisi, rahisi kufanya kazi<\/li><li>Upimaji sahihi, usahihi wa juu, gharama ya chini, bei nafuu<\/li><li>Vipengee vingi vya ufungaji vinaweza kuchaguliwa kulingana na mahitaji yako<\/li><li>Mfuko wa muhuri wa pande 3, na begi la muhuri wa nyuma ni chaguo<\/li><li>Huduma ya ubinafsishaji inapatikana<\/li><\/ol>    <h2 class=\"wp-block-heading\" id=\"h-wide-applications-of-small-electric-packing-machine\">Utumizi mpana wa mashine ndogo ya kufunga ya umeme<\/h2>    <p class=\"translation-block\">Maskinen liknar andra <strong><a href=\"https:\/\/tianhuipackingmachine.com\/sw\/granule-packing-machine\/\">kornf\u00f6rpackningsmaskiner<\/a><\/strong> och pulvverpackningsmaskiner. Den till\u00e4mpas p\u00e5 olika korn och pulver, s\u00e5som jordn\u00f6t, kaffeb\u00f6nor, melonfr\u00f6n, spannm\u00e5l, n\u00f6tter, havregryn, ris, te, torkad frukt, sesam, sojab\u00f6nor, gr\u00f6na b\u00f6nor, r\u00f6da b\u00f6nor, monosodiumglutamat, salt, mj\u00f6l, mj\u00f6lkpulver, majsmj\u00f6l, rismj\u00f6l, <strong><a href=\"https:\/\/tianhuipackingmachine.com\/sw\/coffee-packaging-machine\/\">kaffepulver<\/a><\/strong>, krydda, <strong><a href=\"https:\/\/tianhuipackingmachine.com\/sw\/chilli-powder-packing-machine\/\">chilipulver<\/a><\/strong>, st\u00e4rkelse, f\u00e4rgpulver, <strong><a href=\"https:\/\/tianhuipackingmachine.com\/sw\/detergent-powder-packing-machine\/\">tv\u00e4ttmedelpulver<\/a><\/strong>, osv.<\/p>    <figure class=\"wp-block-gallery has-nested-images columns-default is-cropped wp-block-gallery-3 is-layout-flex wp-block-gallery-is-layout-flex\"> <figure class=\"wp-block-image size-large\"><img loading=\"lazy\" decoding=\"async\" width=\"750\" height=\"500\" data-id=\"4433\" src=\"https:\/\/tianhuipackingmachine.com\/wp-content\/uploads\/2021\/12\/final-packing-effect-750x500.jpg\" alt=\"athari ya mwisho ya ufungaji\" class=\"wp-image-4433\" srcset=\"https:\/\/tianhuipackingmachine.com\/wp-content\/uploads\/2021\/12\/final-packing-effect.jpg 750w, https:\/\/tianhuipackingmachine.com\/wp-content\/uploads\/2021\/12\/final-packing-effect-480x320.jpg 480w\" sizes=\"auto, (max-width: 750px) 100vw, 750px\" \/><figcaption>Athari ya Ufungashaji ya Mwisho<\/figcaption><\/figure>    <figure class=\"wp-block-image size-large\"><img loading=\"lazy\" decoding=\"async\" width=\"750\" height=\"500\" data-id=\"4434\" src=\"https:\/\/tianhuipackingmachine.com\/wp-content\/uploads\/2021\/12\/packaging-effect-display-1-750x500.jpg\" alt=\"onyesho la athari ya ufungaji\" class=\"wp-image-4434\" srcset=\"https:\/\/tianhuipackingmachine.com\/wp-content\/uploads\/2021\/12\/packaging-effect-display-1.jpg 750w, https:\/\/tianhuipackingmachine.com\/wp-content\/uploads\/2021\/12\/packaging-effect-display-1-480x320.jpg 480w\" sizes=\"auto, (max-width: 750px) 100vw, 750px\" \/><figcaption>Onyesho la Athari ya Ufungaji<\/figcaption><\/figure> <\/figure>    <h2 class=\"wp-block-heading\" id=\"h-electric-vertical-form-filling-sealing-machine-working-video\">Mashine ya kuziba ya kujaza fomu ya wima ya umeme ya kufanya kazi ya video <\/h2>   <figure class=\"wp-block-embed-youtube wp-block-embed is-type-video is-provider-youtube wp-embed-aspect-16-9 wp-has-aspect-ratio\"><div class=\"lyte-wrapper\" title=\"Mashine ya Ufungashaji Wima ya Umeme | Inafaa kwa Poda, Chembechembe zenye Mfuko wa Fimbo, Mfuko wa Muhuri wa Upande\" style=\"width:853px;max-width:100%;margin:5px auto;\"><div class=\"lyMe\" id=\"WYL_7TSMlFBWPOY\" itemprop=\"video\" itemscope itemtype=\"https:\/\/schema.org\/VideoObject\"><div><meta itemprop=\"thumbnailUrl\" content=\"https:\/\/i.ytimg.com\/vi\/7TSMlFBWPOY\/hqdefault.jpg\" \/><meta itemprop=\"embedURL\" content=\"https:\/\/www.youtube.com\/embed\/7TSMlFBWPOY\" \/><meta itemprop=\"duration\" content=\"PT4M31S\" \/><meta itemprop=\"uploadDate\" content=\"2021-12-24T04:18:33Z\" \/><\/div><div id=\"lyte_7TSMlFBWPOY\" data-src=\"https:\/\/i.ytimg.com\/vi\/7TSMlFBWPOY\/hqdefault.jpg\" class=\"pL\"><div class=\"tC\"><div class=\"tT\" itemprop=\"name\">Mashine ya Ufungashaji Wima ya Umeme | Inafaa kwa Poda, Chembechembe zenye Mfuko wa Fimbo, Mfuko wa Muhuri wa Upande<\/div><\/div><div class=\"play\"><\/div><div class=\"ctrl\"><div class=\"Lctrl\"><\/div><div class=\"Rctrl\"><\/div><\/div><\/div><noscript><a href=\"https:\/\/youtu.be\/7TSMlFBWPOY\" rel=\"nofollow noopener\" target=\"_blank\"><img loading=\"lazy\" decoding=\"async\" src=\"https:\/\/i.ytimg.com\/vi\/7TSMlFBWPOY\/0.jpg\" alt=\"Mashine ya Ufungashaji Wima ya Umeme | Inafaa kwa Poda, Chembechembe zenye Mfuko wa Fimbo, Mfuko wa Muhuri wa Upande\" width=\"853\" height=\"460\" \/><\/a><\/noscript><meta itemprop=\"description\" content=\"https:\/\/tianhuipackingmachine.com\/electric-vertical-packing-machine\/ If you are interested in it, welcome to consult us. Email: sales@toppackingmachine.com | Whatsapp\/Tel: +86 17329326135 Electric vertical packing machine applies to various powdery and granular material packaging, such as milk powder, coffee powder, spice powder, sugar, salt, peanut, banana chips, rice, etc. It has the characteristics of low cost, small occupied space, wide applicable material, and so on. There are lots of types of machines, and so can choose the suitable one according to your actual needs. If you are interested in it, welcome to consult us. Email: sales@toppackingmachine.com | Whatsapp\/Tel: +86 17329326135 https:\/\/tianhuipackingmachine.com\/electric-vertical-packing-machine\/\"><\/div><\/div><div class=\"lL\" style=\"max-width:100%;width:853px;margin:5px auto;\"> <a href=\"https:\/\/youtu.be\/7TSMlFBWPOY\" target=\"_blank\" rel=\"noopener\">Tazama video hii kwenye YouTube<\/a>.<\/div><figcaption><\/figcaption><\/figure>   <h2 class=\"wp-block-heading\" id=\"h-electric-vertical-packing-machine-structure\">Muundo wa mashine ya kufunga wima ya umeme<\/h2>    <p class=\"translation-block\">Den elektriska f\u00f6rpackningsmaskinen \u00e4r en typ av <strong><a href=\"https:\/\/tianhuipackingmachine.com\/sw\/vertical-packaging-machine\/\">vertikal form-fyll-seal-maskin<\/a><\/strong>. Den best\u00e5r av f\u00f6rpackningsrullfilm, materialhopp, kvantitetsstyrpanel, p\u00e5sformare, inkapslad styrpanel, str\u00f6mbrytare, separator, f\u00f6rsegelsdon, draghjul f\u00f6r f\u00f6rpackningsfilm, avledningsh\u00e5l. Den till\u00e4mpar kvantitativ v\u00e4gning och fyllning, mycket exakt och precis. De intelligenta kontrollpanelen kan st\u00e4lla in olika parametrar om fyllning och f\u00f6rpackning, vilket \u00e4r enkelt att driva. P\u00e5smaskinen anv\u00e4nds f\u00f6r att forma p\u00e5sar f\u00f6r f\u00f6rpackning. V\u00e4rmef\u00f6rseglingen \u00e4r stabil och har bra effekt. F\u00f6rpackningsfilmen draghjul drar filmen ned\u00e5t, vilket \u00f6kar f\u00f6rpackningens effektivitet. Dessutom kan maskinen \u00e4ven matchas med andra enheter, s\u00e5som ett datumskrivare, lastningsenhet, kv\u00e4vegassynkroniseringsenhet, etc. <\/p>    <div class=\"wp-block-image\"><figure class=\"aligncenter size-large\"><img loading=\"lazy\" decoding=\"async\" width=\"750\" height=\"500\" src=\"https:\/\/tianhuipackingmachine.com\/wp-content\/uploads\/2021\/12\/structure-of-electric-verticle-packing-machine-750x500.jpg\" alt=\"muundo wa mashine ya kufunga wima ya umeme\" class=\"wp-image-4317\" srcset=\"https:\/\/tianhuipackingmachine.com\/wp-content\/uploads\/2021\/12\/structure-of-electric-verticle-packing-machine.jpg 750w, https:\/\/tianhuipackingmachine.com\/wp-content\/uploads\/2021\/12\/structure-of-electric-verticle-packing-machine-480x320.jpg 480w\" sizes=\"auto, (max-width: 750px) 100vw, 750px\" \/><figcaption>muundo wa mashine ya kufunga wima ya umeme<\/figcaption><\/figure><\/div>    <h2 class=\"wp-block-heading\" id=\"h-detailed-components-of-the-electric-vertical-packer\">Vipengele vya kina vya pakiti ya wima ya umeme<\/h2>    <div class=\"wp-block-columns is-layout-flex wp-container-core-columns-is-layout-28f84493 wp-block-columns-is-layout-flex\"> <div class=\"wp-block-column is-layout-flow wp-block-column-is-layout-flow\"> <figure class=\"wp-block-gallery has-nested-images columns-default is-cropped wp-block-gallery-4 is-layout-flex wp-block-gallery-is-layout-flex\"> <figure class=\"wp-block-image size-large\"><img loading=\"lazy\" decoding=\"async\" width=\"750\" height=\"500\" data-id=\"4325\" src=\"https:\/\/tianhuipackingmachine.com\/wp-content\/uploads\/2021\/12\/material-hopper-750x500.jpg\" alt=\"hopper ya nyenzo\" class=\"wp-image-4325\" srcset=\"https:\/\/tianhuipackingmachine.com\/wp-content\/uploads\/2021\/12\/material-hopper.jpg 750w, https:\/\/tianhuipackingmachine.com\/wp-content\/uploads\/2021\/12\/material-hopper-480x320.jpg 480w\" sizes=\"auto, (max-width: 750px) 100vw, 750px\" \/><figcaption>Hopper ya Nyenzo<\/figcaption><\/figure>    <figure class=\"wp-block-image size-large\"><img loading=\"lazy\" decoding=\"async\" width=\"750\" height=\"500\" data-id=\"4326\" src=\"https:\/\/tianhuipackingmachine.com\/wp-content\/uploads\/2021\/12\/top-material-holder-750x500.jpg\" alt=\"mmiliki wa nyenzo za juu\" class=\"wp-image-4326\" srcset=\"https:\/\/tianhuipackingmachine.com\/wp-content\/uploads\/2021\/12\/top-material-holder.jpg 750w, https:\/\/tianhuipackingmachine.com\/wp-content\/uploads\/2021\/12\/top-material-holder-480x320.jpg 480w\" sizes=\"auto, (max-width: 750px) 100vw, 750px\" \/><figcaption>Juu Nyenzo Holder<\/figcaption><\/figure> <\/figure> <\/div>    <div class=\"wp-block-column is-layout-flow wp-block-column-is-layout-flow\"> <figure class=\"wp-block-gallery has-nested-images columns-default is-cropped wp-block-gallery-5 is-layout-flex wp-block-gallery-is-layout-flex\"> <figure class=\"wp-block-image size-large\"><img loading=\"lazy\" decoding=\"async\" width=\"750\" height=\"500\" data-id=\"4320\" src=\"https:\/\/tianhuipackingmachine.com\/wp-content\/uploads\/2021\/12\/control-panel-750x500.jpg\" alt=\"jopo la kudhibiti\" class=\"wp-image-4320\" srcset=\"https:\/\/tianhuipackingmachine.com\/wp-content\/uploads\/2021\/12\/control-panel.jpg 750w, https:\/\/tianhuipackingmachine.com\/wp-content\/uploads\/2021\/12\/control-panel-480x320.jpg 480w\" sizes=\"auto, (max-width: 750px) 100vw, 750px\" \/><figcaption>Jopo la Kudhibiti<\/figcaption><\/figure>    <figure class=\"wp-block-image size-large\"><img loading=\"lazy\" decoding=\"async\" width=\"750\" height=\"500\" data-id=\"4319\" src=\"https:\/\/tianhuipackingmachine.com\/wp-content\/uploads\/2021\/12\/coding-printer-750x500.jpg\" alt=\"printer coding\" class=\"wp-image-4319\" srcset=\"https:\/\/tianhuipackingmachine.com\/wp-content\/uploads\/2021\/12\/coding-printer.jpg 750w, https:\/\/tianhuipackingmachine.com\/wp-content\/uploads\/2021\/12\/coding-printer-480x320.jpg 480w\" sizes=\"auto, (max-width: 750px) 100vw, 750px\" \/><figcaption>Printa ya Usimbaji<\/figcaption><\/figure> <\/figure> <\/div> <\/div>    <div class=\"wp-block-columns is-layout-flex wp-container-core-columns-is-layout-28f84493 wp-block-columns-is-layout-flex\"> <div class=\"wp-block-column is-layout-flow wp-block-column-is-layout-flow\"> <figure class=\"wp-block-gallery has-nested-images columns-default is-cropped wp-block-gallery-6 is-layout-flex wp-block-gallery-is-layout-flex\"> <figure class=\"wp-block-image size-large\"><img loading=\"lazy\" decoding=\"async\" width=\"750\" height=\"500\" data-id=\"4324\" src=\"https:\/\/tianhuipackingmachine.com\/wp-content\/uploads\/2021\/12\/heat-sealing-750x500.jpg\" alt=\"kuziba joto\" class=\"wp-image-4324\" srcset=\"https:\/\/tianhuipackingmachine.com\/wp-content\/uploads\/2021\/12\/heat-sealing.jpg 750w, https:\/\/tianhuipackingmachine.com\/wp-content\/uploads\/2021\/12\/heat-sealing-480x320.jpg 480w\" sizes=\"auto, (max-width: 750px) 100vw, 750px\" \/><figcaption>Kufunika kwa joto<\/figcaption><\/figure>    <figure class=\"wp-block-image size-large\"><img loading=\"lazy\" decoding=\"async\" width=\"750\" height=\"500\" data-id=\"4323\" src=\"https:\/\/tianhuipackingmachine.com\/wp-content\/uploads\/2021\/12\/forming-part-750x500.jpg\" alt=\"kutengeneza sehemu\" class=\"wp-image-4323\" srcset=\"https:\/\/tianhuipackingmachine.com\/wp-content\/uploads\/2021\/12\/forming-part.jpg 750w, https:\/\/tianhuipackingmachine.com\/wp-content\/uploads\/2021\/12\/forming-part-480x320.jpg 480w\" sizes=\"auto, (max-width: 750px) 100vw, 750px\" \/><figcaption>Kuunda Sehemu<\/figcaption><\/figure> <\/figure> <\/div>    <div class=\"wp-block-column is-layout-flow wp-block-column-is-layout-flow\"> <figure class=\"wp-block-gallery has-nested-images columns-default is-cropped wp-block-gallery-7 is-layout-flex wp-block-gallery-is-layout-flex\"> <figure class=\"wp-block-image size-large\"><img loading=\"lazy\" decoding=\"async\" width=\"750\" height=\"500\" data-id=\"4321\" src=\"https:\/\/tianhuipackingmachine.com\/wp-content\/uploads\/2021\/12\/cursor-position-tracker-750x500.jpg\" alt=\"kifuatilia nafasi ya mshale\" class=\"wp-image-4321\" srcset=\"https:\/\/tianhuipackingmachine.com\/wp-content\/uploads\/2021\/12\/cursor-position-tracker.jpg 750w, https:\/\/tianhuipackingmachine.com\/wp-content\/uploads\/2021\/12\/cursor-position-tracker-480x320.jpg 480w\" sizes=\"auto, (max-width: 750px) 100vw, 750px\" \/><figcaption>Kifuatiliaji cha Nafasi ya Mshale<\/figcaption><\/figure>    <figure class=\"wp-block-image size-large\"><img loading=\"lazy\" decoding=\"async\" width=\"750\" height=\"500\" data-id=\"4322\" src=\"https:\/\/tianhuipackingmachine.com\/wp-content\/uploads\/2021\/12\/feeding-clamp-wheel-750x500.jpg\" alt=\"gurudumu la kulisha\" class=\"wp-image-4322\" srcset=\"https:\/\/tianhuipackingmachine.com\/wp-content\/uploads\/2021\/12\/feeding-clamp-wheel.jpg 750w, https:\/\/tianhuipackingmachine.com\/wp-content\/uploads\/2021\/12\/feeding-clamp-wheel-480x320.jpg 480w\" sizes=\"auto, (max-width: 750px) 100vw, 750px\" \/><figcaption>Gurudumu la Kulisha Clamp<\/figcaption><\/figure> <\/figure> <\/div> <\/div>    <h2 class=\"has-text-color wp-block-heading\" id=\"h-electric-side-seal-vertical-packaging-machine-parameters\" style=\"color:#ff5200\">Upande wa umeme muhuri vigezo vya mashine ya ufungaji wima<\/h2>    <figure class=\"wp-block-table is-style-stripes\"><table><tbody><tr><td>Mfano<\/td><td>CF-200<\/td><td>CF-260<\/td><td>CF-300<\/td><\/tr><tr><td>Nguvu<\/td><td>600W<\/td><td>700W<\/td><td>800W<\/td><\/tr><tr><td>Kasi ya ufungaji<\/td><td>Mifuko 700-1200 \/ h<\/td><td>Mifuko 650-1000 \/ h<\/td><td>Mifuko 650-1000 \/ h<\/td><\/tr><tr><td>Upana wa filamu ya ufungaji<\/td><td>5-20cm<\/td><td>21-26cm<\/td><td>27-30 cm<\/td><\/tr><tr><td>Urefu wa mfuko<\/td><td>3-17cm<\/td><td>3-22cm<\/td><td>3-22cm<\/td><\/tr><tr><td>Ukubwa wa mashine<\/td><td>45*55*148cm<\/td><td>56*63*168cm<\/td><td>56*63*168<\/td><\/tr><\/tbody><\/table><\/figure>    <h2 class=\"has-text-color wp-block-heading\" id=\"h-electric-back-seal-vertical-packaging-machine-parameters\" style=\"color:#ff5200\">Vigezo vya mashine ya ufungaji ya wima ya nyuma ya umeme<\/h2>    <figure class=\"wp-block-table is-style-stripes\"><table><tbody><tr><td>Mfano<\/td><td>BF-200<\/td><td>BF-260<\/td><td>BF-340<\/td><td>BF-440<\/td><\/tr><tr><td>Nguvu<\/td><td>600W<\/td><td>700W<\/td><td>800W<\/td><td>900W<\/td><\/tr><tr><td>Kasi ya ufungaji<\/td><td>Mifuko 700-1200 \/ h<\/td><td>Mifuko 650-1000 \/ h<\/td><td>Mifuko 650-1000 \/ h<\/td><td>Mifuko 600-950 \/ h<\/td><\/tr><tr><td>Upana wa filamu ya ufungaji<\/td><td>5-20cm<\/td><td>21-26cm<\/td><td>27-34cm<\/td><td>35-44cm<\/td><\/tr><tr><td>Urefu wa mfuko<\/td><td>3-17cm<\/td><td>3-22cm<\/td><td>3-22cm<\/td><td>5-27cm<\/td><\/tr><tr><td>Ukubwa wa mashine<\/td><td>45*55*148cm<\/td><td>56*63*168cm<\/td><td>56*63*168cm<\/td><td>66*77*180cm<\/td><\/tr><\/tbody><\/table><\/figure>    <h2 class=\"wp-block-heading\" id=\"h-conclusion\">Hitimisho<\/h2>    <p class=\"translation-block\">Den elektriska vertikalf\u00f6rpackningsmaskinen kan automatiskt slutf\u00f6ra f\u00f6rpackningsprocessen. Dess arbetshastighet \u00e4r l\u00e5ngsammare \u00e4n en standard kornf\u00f6rpackare och <strong><a href=\"https:\/\/tianhuipackingmachine.com\/sw\/powder-packing-machine\/\">pulverf\u00f6rpackare<\/a><\/strong>, men dess fyllnoggrannhet \u00e4r h\u00f6gre eftersom maskinen anv\u00e4nder kvantitativ v\u00e4gning och fyllning, inte m\u00e5ttkoppar eller k\u00e4rnor. Dessutom har den f\u00f6rdelar som l\u00e5gt pris, \u00f6verkomligt pris, l\u00e4mplig f\u00f6r sm\u00e5 och medelstora f\u00f6retag. Om du vill <strong><a href=\"https:\/\/tianhuipackingmachine.com\/sw\/contact\/\">ha fler detaljer<\/a><\/strong> eller bli \u00e5terf\u00f6rs\u00e4ljare kan du kontakta oss och vi svarar dig s\u00e5 snart som m\u00f6jligt.<\/p>","protected":false},"excerpt":{"rendered":"<p>Electric vertical packing machine mainly consists of two parts, feeding system, and packaging system. The feeding system is a small filling machine for powder, granule, or two-in-one. Many filling scopes are optional. The packaging system is used to make bags to package falling materials from the feeding system. Compared with a standard granule or powder [&hellip;]<\/p>\n","protected":false},"author":1,"featured_media":2743,"parent":0,"template":"","tags":[199],"product-type":[145],"class_list":["post-2733","product","type-product","status-publish","has-post-thumbnail","hentry","tag-vertical-packing-machine","product-type-other-products"],"_links":{"self":[{"href":"https:\/\/tianhuipackingmachine.com\/sw\/wp-json\/wp\/v2\/product\/2733","targetHints":{"allow":["GET"]}}],"collection":[{"href":"https:\/\/tianhuipackingmachine.com\/sw\/wp-json\/wp\/v2\/product"}],"about":[{"href":"https:\/\/tianhuipackingmachine.com\/sw\/wp-json\/wp\/v2\/types\/product"}],"author":[{"embeddable":true,"href":"https:\/\/tianhuipackingmachine.com\/sw\/wp-json\/wp\/v2\/users\/1"}],"wp:featuredmedia":[{"embeddable":true,"href":"https:\/\/tianhuipackingmachine.com\/sw\/wp-json\/wp\/v2\/media\/2743"}],"wp:attachment":[{"href":"https:\/\/tianhuipackingmachine.com\/sw\/wp-json\/wp\/v2\/media?parent=2733"}],"wp:term":[{"taxonomy":"post_tag","embeddable":true,"href":"https:\/\/tianhuipackingmachine.com\/sw\/wp-json\/wp\/v2\/tags?post=2733"},{"taxonomy":"product-type","embeddable":true,"href":"https:\/\/tianhuipackingmachine.com\/sw\/wp-json\/wp\/v2\/product-type?post=2733"}],"curies":[{"name":"wp","href":"https:\/\/api.w.org\/{rel}","templated":true}]}}