{"id":2692,"date":"2021-09-23T11:35:54","date_gmt":"2021-09-23T03:35:54","guid":{"rendered":"https:\/\/tianhuipackingmachine.com\/?page_id=2692"},"modified":"2025-05-07T15:12:27","modified_gmt":"2025-05-07T07:12:27","slug":"small-filling-machine","status":"publish","type":"product","link":"https:\/\/tianhuipackingmachine.com\/sw\/small-filling-machine\/","title":{"rendered":"Mashine ndogo ya kujaza"},"content":{"rendered":"<p class=\"translation-block\"><strong>Klein fyllmaskin<\/strong> \u00e4r en typ av liten kvantitativ maskin f\u00f6r v\u00e4gning och fyllning av material. Den har f\u00f6rdelen av liten plats, exakt v\u00e4gning, l\u00e5ga kostnader, breda till\u00e4mpningar etc., l\u00e4mplig f\u00f6r olika korn, pulver, v\u00e4tska eller pasta, oavsett p\u00e5sar eller flaskor. Denna maskin kan anv\u00e4ndas ensam eller som en del av en f\u00f6rpackningslinje. Den kan matchas med en f\u00f6rpackningsdel f\u00f6r att genomf\u00f6ra hela packningsprocessen. Till exempel \u00e4r en vanlig matchning en kedjebucket-fyllmaskin med flera sm\u00e5 kvantitativa kornfyllmaskiner f\u00f6r att paketera doftande te. Dessutom finns anpassningstj\u00e4nst tillg\u00e4nglig enligt dina behov.<\/p>   <figure class=\"wp-block-embed-youtube wp-block-embed is-type-video is-provider-youtube wp-embed-aspect-16-9 wp-has-aspect-ratio\"><div class=\"lyte-wrapper\" title=\"Maskin f\u00f6r automatisk p\u00e5fyllning av pulver, granuler | Liten fyllare f\u00f6r exakt kvantitativ f\u00f6rpackning\" style=\"width:853px;max-width:100%;margin:5px auto;\"><div class=\"lyMe\" id=\"WYL_pBURm4vka_Q\" itemprop=\"video\" itemscope itemtype=\"https:\/\/schema.org\/VideoObject\"><div><meta itemprop=\"thumbnailUrl\" content=\"https:\/\/i.ytimg.com\/vi\/pBURm4vka_Q\/hqdefault.jpg\" \/><meta itemprop=\"embedURL\" content=\"https:\/\/www.youtube.com\/embed\/pBURm4vka_Q\" \/><meta itemprop=\"duration\" content=\"PT1M17S\" \/><meta itemprop=\"uploadDate\" content=\"2025-04-17T05:39:35Z\" \/><\/div><div id=\"lyte_pBURm4vka_Q\" data-src=\"https:\/\/i.ytimg.com\/vi\/pBURm4vka_Q\/hqdefault.jpg\" class=\"pL\"><div class=\"tC\"><div class=\"tT\" itemprop=\"name\">Maskin f\u00f6r automatisk p\u00e5fyllning av pulver, granuler | Liten fyllare f\u00f6r exakt kvantitativ f\u00f6rpackning<\/div><\/div><div class=\"play\"><\/div><div class=\"ctrl\"><div class=\"Lctrl\"><\/div><div class=\"Rctrl\"><\/div><\/div><\/div><noscript><a href=\"https:\/\/youtu.be\/pBURm4vka_Q\" rel=\"nofollow noopener\" target=\"_blank\"><img loading=\"lazy\" decoding=\"async\" src=\"https:\/\/i.ytimg.com\/vi\/pBURm4vka_Q\/0.jpg\" alt=\"Maskin f\u00f6r automatisk p\u00e5fyllning av pulver, granuler | Liten fyllare f\u00f6r exakt kvantitativ f\u00f6rpackning\" width=\"853\" height=\"460\" \/><\/a><\/noscript><meta itemprop=\"description\" content=\"WhatsApp No.: https:\/\/wa.me\/+8613673689272 WeChat\/Tel No.:+8613673689272 Email: info@tianhuipackingmachine.com Website: https:\/\/tianhuipackingmachine.com\/small-filling-machine\/ Want to improve your powder filling efficiency? Check out our high-precision automatic filling machine, specially designed for filling fine powder and small particle products such as milk powder, protein powder, flour, coffee powder, spice, cocoa powder, chemical powder, rice, coffee beans, and more. \ud83d\udca1 Features of our powder filling machine: Accurate dosing with minimal error Adjustable filling weight Easy to clean and operate Applicable to jars, bottles, pouches, and cans Optional screw feeder and dust collection system available \ud83c\udfaf Ideal for food, pharmaceutical, and chemical industries. \ud83d\udcde Contact us now to get the best price and customized solution for your production line! \ud83c\udf10 Learn more on our website or leave a comment below for more machine details! WhatsApp No.: https:\/\/wa.me\/+8613673689272 WeChat\/Tel No.:+8613673689272 Email: info@tianhuipackingmachine.com Website: https:\/\/tianhuipackingmachine.com\/small-filling-machine\/\"><\/div><\/div><div class=\"lL\" style=\"max-width:100%;width:853px;margin:5px auto;\"> <a href=\"https:\/\/youtu.be\/pBURm4vka_Q\" target=\"_blank\" rel=\"noopener\">Tazama video hii kwenye YouTube<\/a>.<\/div><figcaption>video ya mashine ndogo ya kujaza<\/figcaption><\/figure>   <h2 class=\"wp-block-heading\" id=\"h-small-filling-machine-for-sale\">Mashine ndogo ya kujaza inauzwa<\/h2>    <p>Mashine ndogo ya kujaza kiasi cha kompyuta kwenye Mashine ya Ufungashaji ya Juu(Henan) inauzwa ni pamoja na kichungi cha kujaza chembechembe, kichungi cha poda, kichungi na kichungi cha poda katika moja, kichujio cha kioevu, kichungi cha kubandika. Wote wana sifa za nafasi ndogo iliyochukuliwa, kujaza kiasi, gharama ya chini, urahisi wa kufanya kazi. Kiasi kikubwa cha kujaza kinapatikana. Unaweza kuchagua kulingana na mahitaji yako. Je, unavutiwa nao? Je, unataka kuwa msambazaji wetu? Ikiwa ndio, tutatoa bei pinzani zaidi unaponunua zaidi. Karibu uwasiliane nasi ili kupata maelezo zaidi.<\/p>    <div class=\"wp-block-columns is-layout-flex wp-container-core-columns-is-layout-28f84493 wp-block-columns-is-layout-flex\"> <div class=\"wp-block-column is-layout-flow wp-block-column-is-layout-flow\"> <figure class=\"wp-block-image aligncenter size-full\"><img loading=\"lazy\" decoding=\"async\" width=\"750\" height=\"500\" src=\"https:\/\/tianhuipackingmachine.com\/wp-content\/uploads\/2021\/09\/granule-powder-two-in-one-desktop-filling-machine.jpg\" alt=\"granule, poda na mashine ya kujaza ya eneo-kazi mbili-katika-moja\" class=\"wp-image-2705\" srcset=\"https:\/\/tianhuipackingmachine.com\/wp-content\/uploads\/2021\/09\/granule-powder-two-in-one-desktop-filling-machine.jpg 750w, https:\/\/tianhuipackingmachine.com\/wp-content\/uploads\/2021\/09\/granule-powder-two-in-one-desktop-filling-machine-300x200.jpg 300w\" sizes=\"auto, (max-width: 750px) 100vw, 750px\" \/><figcaption class=\"wp-element-caption\">Mashine ya Kujaza Chembe, Unga &amp; Mbili-Katika-Moja ya Mezani<\/figcaption><\/figure> <\/div> <\/div>    <h2 class=\"wp-block-heading\" id=\"h-small-granule-filling-machine\">Mashine ndogo ya kujaza granule<\/h2>    <p class=\"translation-block\">Desktop granule filler<strong>\u00a0<\/strong>\u00e4r kostnadseffektiv, tar upp lite plats, portabel, l\u00e4mplig f\u00f6r olika granuler, s\u00e5som spannm\u00e5l, te, smycken, ris, spannm\u00e5l, fr\u00f6n, torkad frukt, doftande te, rock candy, rosente, jasmin, krysantemum te, gr\u00f6na b\u00f6nor, r\u00f6da b\u00f6nor, jordn\u00f6tter, melonk\u00e4rnor, n\u00f6tter, etc. Det kvantitativa fyllningsomr\u00e5det inkluderar 0,3-20 g, 0,5-50 g, 0,5-99 g och 1-200 g.&nbsp;<\/p>    <figure class=\"wp-block-image aligncenter size-full\"><img loading=\"lazy\" decoding=\"async\" width=\"750\" height=\"500\" src=\"https:\/\/tianhuipackingmachine.com\/wp-content\/uploads\/2021\/09\/small-granule-filler.jpg\" alt=\"filler ndogo ya granule\" class=\"wp-image-2697\" srcset=\"https:\/\/tianhuipackingmachine.com\/wp-content\/uploads\/2021\/09\/small-granule-filler.jpg 750w, https:\/\/tianhuipackingmachine.com\/wp-content\/uploads\/2021\/09\/small-granule-filler-300x200.jpg 300w\" sizes=\"auto, (max-width: 750px) 100vw, 750px\" \/><figcaption class=\"wp-element-caption\">Kujaza Granuli Ndogo<\/figcaption><\/figure>    <h2 class=\"wp-block-heading has-text-color\" id=\"h-desktop-granule-filler-parameters\" style=\"color:#ff5200\">Vigezo vya kujaza granule kwenye eneo-kazi<\/h2>    <figure class=\"wp-block-table is-style-stripes\"><table><tbody><tr><td>Mfano<\/td><td>KL-20<\/td><td>KL-50<\/td><td>KL-100<\/td><td>KL-200<\/td><\/tr><tr><td>Nguvu<\/td><td>100W<\/td><td>100W<\/td><td>100W<\/td><td>120W<\/td><\/tr><tr><td>Upeo wa kujaza<\/td><td>0.3-20g<\/td><td>0.5-50g<\/td><td>0.5-99.9g<\/td><td>1-200g<\/td><\/tr><tr><td>Mkengeuko<\/td><td>\u00b10.1-0.3g<\/td><td>\u00b10.1-0.3g<\/td><td>\u00b10.1-0.3g<\/td><td>\u00b10.1-0.5g<\/td><\/tr><tr><td>Ukubwa wa mashine<\/td><td>38*24*49cm<\/td><td>38*24*49cm<\/td><td>38*24*51cm<\/td><td>38*24*51cm<\/td><\/tr><\/tbody><\/table><\/figure>    <h2 class=\"wp-block-heading\" id=\"h-desktop-powder-filling-machine\">Mashine ya kujaza poda ya Desktop<\/h2>    <p>Mashine ndogo ya kujaza poda\u00a0inatumika kwa aina mbalimbali za poda, kama vile unga, unga wa maziwa, unga wa kahawa, unga wa viungo, unga wa mahindi, unga wa mchele, unga wa rangi, unga wa lishe, kitoweo, poda ya kakao, unga wa kemikali, unga wa pilipili, unga wa pilipili nyeusi, poda ya mimea, nk. Upeo wa kujaza wa 0.3-20g, 0.5-50g, 0.5-99.9g, na 1-200g ni chaguo. Hitilafu ya kujaza ni \u00b1 0.1-0.3g.<\/p>    <figure class=\"wp-block-image aligncenter size-full\"><img loading=\"lazy\" decoding=\"async\" width=\"750\" height=\"500\" src=\"https:\/\/tianhuipackingmachine.com\/wp-content\/uploads\/2021\/09\/desktop-powder-weighing-and-filling-machine.jpg\" alt=\"poda ya mezani ya kupima uzito na mashine ya kujaza\" class=\"wp-image-2699\" srcset=\"https:\/\/tianhuipackingmachine.com\/wp-content\/uploads\/2021\/09\/desktop-powder-weighing-and-filling-machine.jpg 750w, https:\/\/tianhuipackingmachine.com\/wp-content\/uploads\/2021\/09\/desktop-powder-weighing-and-filling-machine-300x200.jpg 300w\" sizes=\"auto, (max-width: 750px) 100vw, 750px\" \/><figcaption class=\"wp-element-caption\">Mashine ya Kupima na Kujaza Poda ya Meza<\/figcaption><\/figure>    <h2 class=\"wp-block-heading has-text-color\" id=\"h-small-powder-filler-parameters\" style=\"color:#ff5200\">Vigezo vya kujaza poda ndogo<\/h2>    <figure class=\"wp-block-table is-style-stripes\"><table><tbody><tr><td>Mfano<\/td><td>F-20<\/td><td>F-50<\/td><td>F-100<\/td><td>F-200<\/td><\/tr><tr><td>Nguvu<\/td><td>100W<\/td><td>100W<\/td><td>100W<\/td><td>120W<\/td><\/tr><tr><td>Upeo wa kujaza<\/td><td>0.3-20g<\/td><td>0.5-50g<\/td><td>0.5-99.9g<\/td><td>1-200g<\/td><\/tr><tr><td>Mkengeuko<\/td><td>\u00b10.1-0.3g<\/td><td>\u00b10.1-0.3g<\/td><td>\u00b10.1-0.3g<\/td><td>\u00b10.1-0.5g<\/td><\/tr><tr><td>Ukubwa wa mashine<\/td><td>38*24*51cm<\/td><td>38*24*51cm<\/td><td>38*24*51cm\/38*24*56cm(hopa ya mraba)<\/td><td>42*26*62cm<\/td><\/tr><\/tbody><\/table><\/figure>    <h2 class=\"wp-block-heading\" id=\"h-desktop-granule-and-powder-filling-machine-in-one\">Granule ya mezani na mashine ya kujaza poda katika moja<\/h2>    <p>Aina hii ya mashine ni mashine ya kujaza mbili-katika-moja kwa granules na poda. Haiwezi tu kupima na kujaza poda lakini pia granules. Ikiwa nyenzo za kujaza ni unga, uzito wa juu wa kujaza unaweza kuwa 500g. Wakati kwa mchele, inaweza kufikia 999g. Miongoni mwa mashine hizi tatu za kujaza kiasi cha desktop, zote zinaungwa mkono ubinafsishaji, na voltage inaweza kubadilishwa. &nbsp;<\/p>    <figure class=\"wp-block-image aligncenter size-full\"><img loading=\"lazy\" decoding=\"async\" width=\"750\" height=\"500\" src=\"https:\/\/tianhuipackingmachine.com\/wp-content\/uploads\/2021\/09\/small-granule-and-powder-quantitative-filler.jpg\" alt=\"chembechembe ndogo na kichungi cha kujaza poda\" class=\"wp-image-2701\" srcset=\"https:\/\/tianhuipackingmachine.com\/wp-content\/uploads\/2021\/09\/small-granule-and-powder-quantitative-filler.jpg 750w, https:\/\/tianhuipackingmachine.com\/wp-content\/uploads\/2021\/09\/small-granule-and-powder-quantitative-filler-300x200.jpg 300w\" sizes=\"auto, (max-width: 750px) 100vw, 750px\" \/><figcaption class=\"wp-element-caption\">Kujaza Granuli Ndogo na Poda kwa Kiasi<\/figcaption><\/figure>    <h2 class=\"wp-block-heading has-text-color\" id=\"h-desktop-powder-and-granule-filler-parameters\" style=\"color:#ff5200\">Poda ya eneo-kazi na vigezo vya kujaza granule<\/h2>    <figure class=\"wp-block-table is-style-stripes\"><table><tbody><tr><td>Mfano<\/td><td>F-500<\/td><\/tr><tr><td>Nguvu<\/td><td>200W<\/td><\/tr><tr><td>Upeo wa kujaza<\/td><td>1-500g(unga)\/1-999g(mchele)<\/td><\/tr><tr><td>Mkengeuko<\/td><td>\u00b11-3g<\/td><\/tr><tr><td>Ukubwa wa mashine<\/td><td>40*27*80cm<\/td><\/tr><\/tbody><\/table><\/figure>    <h2 class=\"wp-block-heading\" id=\"h-desktop-quantitative-liquid-filling-machine\">Mashine ya kujaza kioevu ya Desktop<\/h2>    <p>Mashine ya kujaza kioevu ya desktop inaendeshwa na silinda ili kutoa na kutoa nyenzo. Saizi nyingi za pampu za kioevu kwa hiari, na wigo wa mifano ya kujaza ni pamoja na 1-10ml, 10-100ml, 100-1000ml, 5-50ml, 50-500ml, 500-5000ml, 30-300ml, 300-300-30, 300-3000000ml nk Inafaa kwa kioevu kinachoweza kutiririka vizuri. Mashine hii ni maarufu kwa biashara ndogo na za kati kwa sababu ya nafasi yake ndogo iliyochukuliwa, kubebeka, kufanya kazi rahisi na gharama ya chini. Mashine ya kawaida ya kujaza kioevu ya desktop ni kichungi kimoja cha duka. Ikiwa unahitaji kichungi cha kioevu cha pua mbili, inaweza kubinafsishwa kulingana na mahitaji yako.<\/p>    <figure class=\"wp-block-image aligncenter size-full\"><img loading=\"lazy\" decoding=\"async\" width=\"750\" height=\"500\" src=\"https:\/\/tianhuipackingmachine.com\/wp-content\/uploads\/2021\/09\/semi-automatic-single-outlet-liquid-filler.jpg\" alt=\"kichujio cha kioevu cha nusu-otomatiki moja\" class=\"wp-image-2563\" srcset=\"https:\/\/tianhuipackingmachine.com\/wp-content\/uploads\/2021\/09\/semi-automatic-single-outlet-liquid-filler.jpg 750w, https:\/\/tianhuipackingmachine.com\/wp-content\/uploads\/2021\/09\/semi-automatic-single-outlet-liquid-filler-300x200.jpg 300w\" sizes=\"auto, (max-width: 750px) 100vw, 750px\" \/><figcaption class=\"wp-element-caption\">Kijazaji cha Kioevu cha Nusu-Otomatiki Moja<\/figcaption><\/figure>    <h2 class=\"wp-block-heading\" id=\"h-desktop-paste-filling-machine\">Mashine ya kujaza bandika kwenye eneo-kazi<\/h2>    <p>Kijazaji kidogo cha kuweka ni pamoja na aina mbili zao, kichujio cha kuweka hopa chenye umbo la koni, na kichungi cha kubandika cha aina ya U. Kama majina yanavyoashiria, hutofautiana katika kulisha hoppers. Ya kwanza ina hopper yenye umbo la koni, inayofaa kwa kuweka na fluidity nzuri na hakuna granules au sediments. Ikiwa nyenzo za kujaza ni mbaya, ni bora kufanana na kifaa cha kuchochea na kazi ya joto ili kusaidia kujaza. Wakati mwisho unatumika kwa kuweka na chembe au mchanga. Kifaa cha kuchochea katika hopa ya aina ya U hufanya nyenzo zilizo na chembe au mchanga kuchanganyika vizuri na sawasawa.<\/p>    <div class=\"wp-block-columns is-layout-flex wp-container-core-columns-is-layout-28f84493 wp-block-columns-is-layout-flex\"> <div class=\"wp-block-column is-layout-flow wp-block-column-is-layout-flow\"> <figure class=\"wp-block-image size-full\"><img loading=\"lazy\" decoding=\"async\" width=\"750\" height=\"500\" src=\"https:\/\/tianhuipackingmachine.com\/wp-content\/uploads\/2021\/09\/semi-automatic-cone-shaped-hopper-paste-filler.jpg\" alt=\"kichujio cha kubandika cha hopa chenye umbo la koni-otomatiki\" class=\"wp-image-2573\" srcset=\"https:\/\/tianhuipackingmachine.com\/wp-content\/uploads\/2021\/09\/semi-automatic-cone-shaped-hopper-paste-filler.jpg 750w, https:\/\/tianhuipackingmachine.com\/wp-content\/uploads\/2021\/09\/semi-automatic-cone-shaped-hopper-paste-filler-300x200.jpg 300w\" sizes=\"auto, (max-width: 750px) 100vw, 750px\" \/><figcaption class=\"wp-element-caption\">Kijazaji cha Kubandika cha Koni yenye Umbo la Nusu-Otomatiki<\/figcaption><\/figure> <\/div>    <div class=\"wp-block-column is-layout-flow wp-block-column-is-layout-flow\"> <figure class=\"wp-block-image size-full\"><img loading=\"lazy\" decoding=\"async\" width=\"750\" height=\"500\" src=\"https:\/\/tianhuipackingmachine.com\/wp-content\/uploads\/2021\/09\/semi-automatic-U-type-paste-filling-machine.jpg\" alt=\"mashine ya kujaza kubandika ya aina ya U ya nusu otomatiki\" class=\"wp-image-2574\" srcset=\"https:\/\/tianhuipackingmachine.com\/wp-content\/uploads\/2021\/09\/semi-automatic-U-type-paste-filling-machine.jpg 750w, https:\/\/tianhuipackingmachine.com\/wp-content\/uploads\/2021\/09\/semi-automatic-U-type-paste-filling-machine-300x200.jpg 300w\" sizes=\"auto, (max-width: 750px) 100vw, 750px\" \/><figcaption class=\"wp-element-caption\">Mashine ya Kujaza ya U-Aina ya U-Otomatiki ya Kujaza<\/figcaption><\/figure> <\/div> <\/div>    <h2 class=\"wp-block-heading has-text-color\" id=\"h-semi-automatic-paste-filler-parameters\" style=\"color:#ff5200\">Vigezo vya kujaza nusu-otomatiki<\/h2>    <figure class=\"wp-block-table is-style-stripes\"><table><tbody><tr><td>Mfano<\/td><td>500 (miundo 8 kwa jumla)<\/td><\/tr><tr><td>Nyenzo ya kujaza<\/td><td>Bandika<\/td><\/tr><tr><td>Safu ya kujaza<\/td><td>50-500ml (jumla ya safu 8)<\/td><\/tr><tr><td>Shinikizo la hewa<\/td><td>0.4-0.6Mpa<\/td><\/tr><tr><td>Upeo wa uvumilivu<\/td><td>0.50%<\/td><\/tr><tr><td>Kujaza kichwa<\/td><td>Mtu mmoja<\/td><\/tr><\/tbody><\/table><\/figure>    <h2 class=\"wp-block-heading\" id=\"h-characteristics-of-desktop-filling-machine\">Tabia za mashine ya kujaza desktop<\/h2>    <ol class=\"wp-block-list\"> <li>Nafasi ndogo iliyochukuliwa, kubebeka, gharama ya chini, bei ya bei nafuu, matumizi mengi<\/li>    <li>Endesha kwa utulivu na vizuri, kelele ya chini, nguvu ndogo, uzani mwepesi, uhifadhi wa nishati<\/li>    <li>Udhibiti wa kompyuta ndogo, usahihi wa juu, uzani sahihi na kujaza<\/li>    <li>Uzito wa kiasi na kujaza, kupotoka kwa chini, kupungua kwa taka ya nyenzo<\/li>    <li>Aina nyingi za wigo wa kujaza ni chaguo kwa mahitaji tofauti<\/li>    <li>Tumia chuma cha pua kwa sehemu za nyenzo za mawasiliano, zinazodumu na rahisi kusafisha<\/li>    <li>Support OEM huduma, ikiwa ni pamoja na kubadilisha voltage kulingana na mahitaji yako<\/li> <\/ol>    <h2 class=\"wp-block-heading\" id=\"h-structure-of-small-filler-for-powder-and-granules\">Muundo wa filler ndogo kwa poda na granules<\/h2>    <p>Granule ya eneo-kazi na muundo wa mashine ya kujaza ya kompyuta ya mezani ni pamoja na hopa ya kuhifadhi, jopo la kudhibiti akili, pedi ya miguu, kituo, kihisi cha infrared, bandari ya data. Hopper ya kuhifadhi inaweza kupakia vifaa vingi, kuokoa muda wa kulisha. Jopo la udhibiti wa akili ni rahisi kufanya kazi, rahisi kusanidi vigezo mbalimbali, sahihi sana, na sahihi. Sehemu ya nyenzo ya mawasiliano imetengenezwa kwa chuma cha pua cha kudumu, cha usafi na safi. Kamba ya nguvu ya bidhaa imetengwa sana ili kuzuia kuvuja. Voltage iliyobinafsishwa inapatikana.<\/p>    <figure class=\"wp-block-image aligncenter size-full\"><img loading=\"lazy\" decoding=\"async\" width=\"750\" height=\"500\" src=\"https:\/\/tianhuipackingmachine.com\/wp-content\/uploads\/2021\/09\/small-quantitative-powder-filler-structure.jpg\" alt=\"muundo mdogo wa kujaza poda\" class=\"wp-image-2702\" srcset=\"https:\/\/tianhuipackingmachine.com\/wp-content\/uploads\/2021\/09\/small-quantitative-powder-filler-structure.jpg 750w, https:\/\/tianhuipackingmachine.com\/wp-content\/uploads\/2021\/09\/small-quantitative-powder-filler-structure-300x200.jpg 300w\" sizes=\"auto, (max-width: 750px) 100vw, 750px\" \/><figcaption class=\"wp-element-caption\">Muundo wa Kujaza Poda kwa Kiasi Ndogo<\/figcaption><\/figure>    <h2 class=\"wp-block-heading\" id=\"h-why-choose-us-as-your-top-supplier\">Kwa nini uchague sisi kama wasambazaji wako wakuu?<\/h2>    <p class=\"translation-block\">F\u00f6rst och fr\u00e4mst \u00e4r v\u00e5rt f\u00f6retag, Top(Henan) Packing Machinery Co., Ltd <strong><a href=\"https:\/\/tianhuipackingmachine.com\/sw\/\">en tillverkare och leverant\u00f6r<\/a><\/strong>. Maskinen levereras direkt fr\u00e5n fabriken, och vi kan erbjuda kunderna ett bra pris. Innan leverans kommer vi att skicka bilder och videor till k\u00f6paren. F\u00f6r den operativa maskinen kommer vi att tillhandah\u00e5lla en engelsk manual och video. Om v\u00e5ra kunder har problem n\u00e4r de anv\u00e4nder v\u00e5r utrustning, finns 24-timmars online service tillg\u00e4nglig. Dessutom st\u00f6der vi OEM-service enligt dina specifika krav.<\/p>    <h2 class=\"wp-block-heading\" id=\"h-related-machines\">Mashine zinazohusiana<\/h2>    <p class=\"translation-block\">Allt ovan \u00e4r sm\u00e5 fyllningsmaskiner f\u00f6r pulver, granuler, v\u00e4tska eller pasta. Dessutom erbjuder vi \u00e4ven 5-50 kg pulverfyllningsmaskiner, automatisk pulverf\u00f6rpackningsmaskin, <strong><a href=\"https:\/\/tianhuipackingmachine.com\/sw\/5-50kg-granule-filling-machine\/\">5-50 kg granule filling machine<\/a><\/strong>, helt automatisk granule f\u00f6rpackningsmaskin, multi-head v\u00e4gningsmaskin, kedjebucket f\u00f6rpackningsmaskin, multi-head munstycke pasta fyllningsmaskin, multi-head utg\u00e5ng <strong><a href=\"https:\/\/tianhuipackingmachine.com\/sw\/liquid-filling-machines\/\">v\u00e4tska fyllningsmaskin<\/a><\/strong>, v\u00e4tskep\u00e5se f\u00f6rpackningsmaskin, s\u00e5s p\u00e5se f\u00f6rpackningsmaskin. M\u00e5nga fyllvolymer \u00e4r valfria. Du kan v\u00e4lja enligt dina behov, eller <strong><a href=\"https:\/\/tianhuipackingmachine.com\/sw\/contact\/\">kontakta oss<\/a><\/strong> f\u00f6r att f\u00e5 anv\u00e4ndbara f\u00f6rslag.<\/p>    <figure class=\"wp-block-image aligncenter size-full\"><img loading=\"lazy\" decoding=\"async\" width=\"600\" height=\"450\" src=\"https:\/\/tianhuipackingmachine.com\/wp-content\/uploads\/2021\/07\/multi-head-liquid-bottle-packaging-machine.jpg\" alt=\"mashine ya ufungaji ya chupa ya kioevu yenye vichwa vingi\" class=\"wp-image-1959\" srcset=\"https:\/\/tianhuipackingmachine.com\/wp-content\/uploads\/2021\/07\/multi-head-liquid-bottle-packaging-machine.jpg 600w, https:\/\/tianhuipackingmachine.com\/wp-content\/uploads\/2021\/07\/multi-head-liquid-bottle-packaging-machine-300x225.jpg 300w\" sizes=\"auto, (max-width: 600px) 100vw, 600px\" \/><figcaption class=\"wp-element-caption\">Maskin f\u00f6r f\u00f6rpackning av v\u00e4tska i flaska med flera huvuden<\/figcaption><\/figure>    <h2 class=\"wp-block-heading\" id=\"h-conclusion\">Hitimisho<\/h2>    <p class=\"translation-block\">Som tillverkare och leverant\u00f6r av f\u00f6rpackningsmaskiner tillhandah\u00e5ller Top(Henan) packing machinery alla typer av f\u00f6rpackningsmaskiner, f\u00f6rseglingsmaskiner, <strong><a href=\"https:\/\/tianhuipackingmachine.com\/sw\/filling-machines\/\">fyllningsmaskiner<\/a><\/strong>, kapslingsmaskiner, etiketteringsmaskiner, <strong><a href=\"https:\/\/tianhuipackingmachine.com\/sw\/shrink-packing-machine\/\">shrink wrapping machines<\/a><\/strong>, etc. Dessutom \u00e4r m\u00e5nga st\u00f6dmachines till salu, s\u00e5som lastmaskiner, transportband, kodningsskrivare, och s\u00e5 vidare. Vidare st\u00f6der vi anpassningstj\u00e4nst baserat p\u00e5 dina krav. Vi kommer att g\u00f6ra v\u00e5rt b\u00e4sta f\u00f6r att m\u00f6ta dina behov av maskiner. Vill du ha mer information och det b\u00e4sta priset? Kontakta oss f\u00f6r vidare kommunikation, s\u00e5 kommer vi att svara dig s\u00e5 snart som m\u00f6jligt.<\/p>","protected":false},"excerpt":{"rendered":"<p>Small filling machine is a kind of small quantitative machine for weighing and filling materials. It has the advantages of small occupied place, accurate weighing, low cost, wide applications, etc., suitable for various granule, powder, liquid, or paste, no matter bags or bottles. This machine can be used individually or as a part of a [&hellip;]<\/p>\n","protected":false},"author":1,"featured_media":2705,"parent":0,"template":"","tags":[162],"product-type":[141],"class_list":["post-2692","product","type-product","status-publish","has-post-thumbnail","hentry","tag-filling-machine","product-type-filling-machines"],"_links":{"self":[{"href":"https:\/\/tianhuipackingmachine.com\/sw\/wp-json\/wp\/v2\/product\/2692","targetHints":{"allow":["GET"]}}],"collection":[{"href":"https:\/\/tianhuipackingmachine.com\/sw\/wp-json\/wp\/v2\/product"}],"about":[{"href":"https:\/\/tianhuipackingmachine.com\/sw\/wp-json\/wp\/v2\/types\/product"}],"author":[{"embeddable":true,"href":"https:\/\/tianhuipackingmachine.com\/sw\/wp-json\/wp\/v2\/users\/1"}],"wp:featuredmedia":[{"embeddable":true,"href":"https:\/\/tianhuipackingmachine.com\/sw\/wp-json\/wp\/v2\/media\/2705"}],"wp:attachment":[{"href":"https:\/\/tianhuipackingmachine.com\/sw\/wp-json\/wp\/v2\/media?parent=2692"}],"wp:term":[{"taxonomy":"post_tag","embeddable":true,"href":"https:\/\/tianhuipackingmachine.com\/sw\/wp-json\/wp\/v2\/tags?post=2692"},{"taxonomy":"product-type","embeddable":true,"href":"https:\/\/tianhuipackingmachine.com\/sw\/wp-json\/wp\/v2\/product-type?post=2692"}],"curies":[{"name":"wp","href":"https:\/\/api.w.org\/{rel}","templated":true}]}}