{"id":2510,"date":"2021-09-08T11:10:06","date_gmt":"2021-09-08T03:10:06","guid":{"rendered":"https:\/\/tianhuipackingmachine.com\/?page_id=2510"},"modified":"2026-03-11T15:10:18","modified_gmt":"2026-03-11T07:10:18","slug":"1-10kg-powder-filling-machine","status":"publish","type":"product","link":"https:\/\/tianhuipackingmachine.com\/sw\/1-10kg-powder-filling-machine\/","title":{"rendered":"Mashine ya Kujaza Poda 1-10kg"},"content":{"rendered":"<p class=\"translation-block\"><strong>Maskin f\u00f6r p\u00e5fyllning av pulver<\/strong> h\u00e4r \u00e4r ett verktyg f\u00f6r att fylla pulver inom 1-10 kg effektivt och p\u00e5litligt. Precis som andra maskiner f\u00f6r f\u00f6rpackning av pulver \u00e4r den utrustad med en skruv som m\u00e4ter volymen av fyllmaterialet. Utrustningen \u00e4r l\u00e4mplig f\u00f6r olika typer av pulver, s\u00e5som mj\u00f6lkpulver, mj\u00f6l, st\u00e4rkelse, kryddor, chilipulver, tv\u00e4ttpulver, kemiskt pulver, jordbruksprodukter och sidoprodukter, tillsatspulver, f\u00e4rgpulver, foderpulver, etc. <\/p>    <p>Ili kupakia kwa ufanisi zaidi, unaweza kuitumia kwa kuilinganisha na baadhi ya vifaa. Kwa mfano, ni bora kununua mashine ya kuziba begi pamoja ikiwa unataka kufunga begi. Wakati kama unatumia chupa kwa ajili ya ufungaji, unaweza kununua conveyor belt kuokoa kazi. Zaidi ya hayo, huduma ya OEM inapatikana kulingana na mahitaji yako.<\/p>    <figure class=\"wp-block-image size-full\"><img loading=\"lazy\" decoding=\"async\" width=\"750\" height=\"500\" src=\"https:\/\/tianhuipackingmachine.com\/wp-content\/uploads\/2021\/09\/powder-weighing-and-filing-machine.jpg\" alt=\"uzani wa unga na mashine ya kujaza\" class=\"wp-image-6246\"\/><figcaption class=\"wp-element-caption\">Mashine ya Kupima Uzito na Kujaza Poda<\/figcaption><\/figure>    <h2 class=\"has-black-color has-text-color wp-block-heading\" id=\"h-features-benefits-of-1-10kg-powder-filling-machine\">Vipengele na faida za mashine ya uzani na kujaza poda kavu<\/h2>    <ol class=\"wp-block-list\" type=\"1\"> <li>Ubunifu wa busara, muundo rahisi, rahisi kufunga, kufanya kazi na kudumisha<\/li>    <li>Hitilafu ya upimaji wa upimaji kiotomatiki, kujaza na kurekebisha mita<\/li>    <li>Vifunguo na skrini ya mguso ya PLC ni ya hiari kulingana na mahitaji yako<\/li>    <li>Ongeza kibano kikubwa kwenye mlango wa kutolea maji ili kurekebisha mfuko wa kifungashio kwa ajili ya kujaza kiasi kikubwa<\/li>    <li>Kubadilisha ukubwa tofauti wa auger kunaweza kudhibiti kufunga kiasi tofauti cha nyenzo<\/li>    <li>Pitisha mfumo wa upimaji wa kiasi, kwa usahihi, kwa ufanisi na kwa urahisi<\/li>    <li>Tumia teknolojia ya uzani wa stepper motor na elektroniki, usahihi wa juu<\/li>    <li>Yanafaa kwa ajili ya kujaza mfuko wa ufungaji, chupa, na makopo<\/li>    <li>Huduma ya ubinafsishaji inapatikana<\/li> <\/ol>    <h2 class=\"has-text-color wp-block-heading\" id=\"h-semi-automatic-1-10-kg-powder-packing-equipment-parameters\" style=\"color:#ff5200\">Vigezo vya mashine ya kujaza poda ya nusu-otomatiki<\/h2>    <figure class=\"wp-block-table is-style-stripes\"><table><tbody><tr><td>Nguvu<\/td><td>AC380V \u00a0900W<\/td><\/tr><tr><td>Vipimo vya ufungaji<\/td><td>1-10kg<\/td><\/tr><tr><td>Usahihi wa ufungaji<\/td><td>\u00b11%<\/td><\/tr><tr><td>Kasi ya kufunga<\/td><td>Mifuko 500-1500\/h (kulingana na saizi ya kifurushi na bidhaa)<\/td><\/tr><tr><td>Dimension<\/td><td>1000*850*1850mm<\/td><\/tr><tr><td>Uzito<\/td><td>280kg<\/td><\/tr><\/tbody><\/table><\/figure>    <h2 class=\"has-black-color has-text-color wp-block-heading\" id=\"h-1-10kg-powder-auger-filler-structure\">Muundo wa mashine ya kujaza unga wa 1-10kg<\/h2>    <p>Kichujio cha auger kinajumuisha hopa ya nyenzo, sehemu ya kutokeza maji, paneli ya kidhibiti ya kielektroniki, trei, kidhibiti skrubu chenye hopa na injini. Hopper ya nyenzo hutumiwa kuhifadhi poda kwa kujaza. Sehemu ya kutokwa na tanga ni kudhibiti ujazo wa ujazo. Kwa kujaza mfuko mkubwa, itakuwa na kifaa cha clamp ili kufunga mfuko. Tray ina kazi ya kusaidia kwa mifuko, chupa, au makopo. Kuna aina mbili za paneli za kudhibiti ambazo ni hiari, funguo na skrini ya mguso ya PLC. Screw conveyor husafirisha nyenzo ndani ya hopa ya mashine ya kujaza kwa nguvu ya motor yake mwenyewe. <\/p>    <p class=\"translation-block\">Dessutom st\u00f6djer vi anpassade maskiner enligt dina behov. Du kan <strong><a href=\"https:\/\/tianhuipackingmachine.com\/sw\/contact\/\">kontakta oss<\/a><\/strong> f\u00f6r att f\u00e5 mer information genom att fylla i formul\u00e4ret l\u00e4ngst ner i denna artikel.<\/p>    <figure class=\"wp-block-image aligncenter size-full\"><img loading=\"lazy\" decoding=\"async\" width=\"750\" height=\"500\" src=\"https:\/\/tianhuipackingmachine.com\/wp-content\/uploads\/2021\/09\/1-10kg-powder-filling-equipment-structure.jpg\" alt=\"Muundo wa vifaa vya kujaza poda 1-10kg\" class=\"wp-image-2512\" srcset=\"https:\/\/tianhuipackingmachine.com\/wp-content\/uploads\/2021\/09\/1-10kg-powder-filling-equipment-structure.jpg 750w, https:\/\/tianhuipackingmachine.com\/wp-content\/uploads\/2021\/09\/1-10kg-powder-filling-equipment-structure-300x200.jpg 300w\" sizes=\"auto, (max-width: 750px) 100vw, 750px\" \/><figcaption class=\"wp-element-caption\">1-10Kg Muundo wa Vifaa vya Kujaza Poda<\/figcaption><\/figure>    <h2 class=\"has-text-color wp-block-heading\" id=\"h-screw-conveyor-parameters\" style=\"color:#ff5200\">Vigezo vya screw conveyor<\/h2>    <figure class=\"wp-block-table is-style-stripes\"><table><tbody><tr><td>Nguvu<\/td><td>AC380V \u00a01100W<\/td><\/tr><tr><td>Kuinua uwezo<\/td><td>1000-3000kg\/h<\/td><\/tr><tr><td>Uwezo wa hopper<\/td><td>100-300kg<\/td><\/tr><tr><td>Urefu wa kifaa cha kujaza<\/td><td>2000mm (huduma maalum ya usaidizi)<\/td><\/tr><tr><td>Nyenzo ya vifaa<\/td><td>Chuma cha pua<\/td><\/tr><tr><td>Uzito<\/td><td>150kg<\/td><\/tr><\/tbody><\/table><\/figure>    <h2 class=\"has-black-color has-text-color wp-block-heading\" id=\"h-wide-applications-in-food-non-food-bags-bottles-or-cans\">Utumizi mpana katika vyakula na visivyo vya chakula, mifuko, chupa, au makopo<\/h2>    <p class=\"translation-block\">Maskinen f\u00f6r p\u00e5fyllning av pulver f\u00f6r 1-10 kg \u00e4r l\u00e4mplig f\u00f6r en m\u00e4ngd olika pulver, s\u00e5som mj\u00f6lkpulver, kaffepulver, mj\u00f6l, majsmj\u00f6l, rispulver, mj\u00f6lktepulver, \u00e4ggvitepulver, st\u00e4rkelse, <strong><a href=\"https:\/\/tianhuipackingmachine.com\/sw\/spice-packaging-machine\/\">kryddor<\/a><\/strong>, matchapulver, kakao, peppar, <strong><a href=\"https:\/\/tianhuipackingmachine.com\/sw\/chilli-powder-packing-machine\/\">chilipulver<\/a><\/strong>, svartpeppar, spiskummin, curry, masala, f\u00e4rgpulver, bek\u00e4mpningsmedelspulver, tillsats, foderpulver, etc. Och fyllutrustningen passar f\u00f6r p\u00e5sar, flaskor och burkar. <\/p>    <figure class=\"wp-block-image size-large\"><img loading=\"lazy\" decoding=\"async\" width=\"750\" height=\"500\" src=\"https:\/\/tianhuipackingmachine.com\/wp-content\/uploads\/2021\/12\/applicable-powder-750x500.jpg\" alt=\"poda husika\" class=\"wp-image-4449\" srcset=\"https:\/\/tianhuipackingmachine.com\/wp-content\/uploads\/2021\/12\/applicable-powder.jpg 750w, https:\/\/tianhuipackingmachine.com\/wp-content\/uploads\/2021\/12\/applicable-powder-480x320.jpg 480w\" sizes=\"auto, (max-width: 750px) 100vw, 750px\" \/><figcaption class=\"wp-element-caption\">Poda Inayotumika<\/figcaption><\/figure>    <h2 class=\"has-black-color has-text-color wp-block-heading\" id=\"h-related-machines-in-top-packing-machinery\">Mashine zinazohusiana kutoka kwa Henan Top Packing Machinery<\/h2>    <p class=\"translation-block\">Om du vill ha en produktionslinje med maskinen f\u00f6r p\u00e5fyllning av pulver 1-10 kg, finns det m\u00e5nga val av maskiner i <strong><a href=\"https:\/\/tianhuipackingmachine.com\/sw\/\">Henan Top Packing Machinery<\/a><\/strong>, s\u00e5som transportband f\u00f6r flaskor eller burkar, <strong><a href=\"https:\/\/tianhuipackingmachine.com\/sw\/continuous-bag-sealing-machine\/\">maskin f\u00f6r kontinuerlig p\u00e5sef\u00f6rsegling<\/a><\/strong>, kapslingsmaskiner, vakuumf\u00f6rseglingsmaskin, datummaskin, kartongf\u00f6rseglingsmaskin, och s\u00e5 vidare. Dessutom erbjuder vi ocks\u00e5 <strong><a href=\"https:\/\/tianhuipackingmachine.com\/sw\/powder-packing-machine\/\">maskiner f\u00f6r p\u00e5fyllning av pulver<\/a><\/strong> f\u00f6r 0-80 g\/p\u00e5se, 20-200 g\/p\u00e5se, 500-1000 g\/p\u00e5se, 1000-3000 g\/p\u00e5se, 5-50 kg\/p\u00e5se, etc. Vidare st\u00f6djer vi anpassningstj\u00e4nster. Kontakta oss f\u00f6r mer information och det b\u00e4sta priset.<\/p>    <figure class=\"wp-block-image size-full\"><img loading=\"lazy\" decoding=\"async\" width=\"750\" height=\"500\" src=\"https:\/\/tianhuipackingmachine.com\/wp-content\/uploads\/2021\/09\/powder-filling-machine-factory.jpg\" alt=\"kiwanda cha mashine ya kujaza poda\" class=\"wp-image-6240\"\/><figcaption class=\"wp-element-caption\">Kiwanda cha Mashine ya Kujaza Poda<\/figcaption><\/figure>    <h2 class=\"wp-block-heading\">Hitimisho <\/h2>    <p class=\"translation-block\"><strong>Maskiner f\u00f6r p\u00e5fyllning av pulver<\/strong> \u00e4r ett viktigt verktyg inom olika industrier s\u00e5som l\u00e4kemedel, livsmedel och drycker, kemikalier och jordbruk. Dessa maskiner anv\u00e4nds f\u00f6r att fylla pulver i beh\u00e5llare med h\u00f6g noggrannhet och konsekvens. De finns i olika typer, inklusive skruvfyllare, volymfyllare och gravimetriska fyllare, var och en med sina egna unika egenskaper och anv\u00e4ndningsomr\u00e5den. Nyckelfunktioner f\u00f6r maskiner f\u00f6r p\u00e5fyllning av pulver inkluderar hastighet och noggrannhet, precision och konsekvens, anv\u00e4ndarv\u00e4nlighet och underh\u00e5ll, samt s\u00e4kerhetsfunktioner. Med den fortsatta tillv\u00e4xten och utvecklingen av teknologin kommer maskiner f\u00f6r p\u00e5fyllning av pulver att forts\u00e4tta spela en avg\u00f6rande roll f\u00f6r att s\u00e4kerst\u00e4lla effektiv och effektiv produktion inom olika industrier.<\/p>","protected":false},"excerpt":{"rendered":"<p>Powder filling machine here is a tool to fill powder within 1-10kg efficiently and reliably. The same as other powder packing machines, it\u2019s equipped with an auger that measures the volume of filling material. The equipment is suitable for various kinds of powders, such as milk powder, flour, starch, condiment, chili powder, detergent powder, chemical [&hellip;]<\/p>\n","protected":false},"author":1,"featured_media":6238,"parent":0,"template":"","tags":[162],"product-type":[141],"class_list":["post-2510","product","type-product","status-publish","has-post-thumbnail","hentry","tag-filling-machine","product-type-filling-machines"],"_links":{"self":[{"href":"https:\/\/tianhuipackingmachine.com\/sw\/wp-json\/wp\/v2\/product\/2510","targetHints":{"allow":["GET"]}}],"collection":[{"href":"https:\/\/tianhuipackingmachine.com\/sw\/wp-json\/wp\/v2\/product"}],"about":[{"href":"https:\/\/tianhuipackingmachine.com\/sw\/wp-json\/wp\/v2\/types\/product"}],"author":[{"embeddable":true,"href":"https:\/\/tianhuipackingmachine.com\/sw\/wp-json\/wp\/v2\/users\/1"}],"wp:featuredmedia":[{"embeddable":true,"href":"https:\/\/tianhuipackingmachine.com\/sw\/wp-json\/wp\/v2\/media\/6238"}],"wp:attachment":[{"href":"https:\/\/tianhuipackingmachine.com\/sw\/wp-json\/wp\/v2\/media?parent=2510"}],"wp:term":[{"taxonomy":"post_tag","embeddable":true,"href":"https:\/\/tianhuipackingmachine.com\/sw\/wp-json\/wp\/v2\/tags?post=2510"},{"taxonomy":"product-type","embeddable":true,"href":"https:\/\/tianhuipackingmachine.com\/sw\/wp-json\/wp\/v2\/product-type?post=2510"}],"curies":[{"name":"wp","href":"https:\/\/api.w.org\/{rel}","templated":true}]}}