{"id":2386,"date":"2021-09-02T10:56:12","date_gmt":"2021-09-02T02:56:12","guid":{"rendered":"https:\/\/tianhuipackingmachine.com\/?page_id=2386"},"modified":"2022-12-08T13:46:24","modified_gmt":"2022-12-08T05:46:24","slug":"horizontal-pouch-feeding-machine","status":"publish","type":"product","link":"https:\/\/tianhuipackingmachine.com\/sw\/horizontal-pouch-feeding-machine\/","title":{"rendered":"Mashine ya kulisha pochi ya usawa"},"content":{"rendered":"<p class=\"translation-block\"><strong>Horisontell p\u00e5se matningsmaskin<\/strong> \u00e4r en typ av maskin f\u00f6r f\u00f6rpackning av f\u00f6rberedda p\u00e5sar, som huvudsakligen best\u00e5r av ett materialmatningssystem och ett p\u00e5smatningssystem. Utrustningen kan f\u00f6rpacka olika tillst\u00e5nd av material, pulver, granulat, v\u00e4tska, pasta, etc., genom att byta ut olika matningssystem. F\u00f6rpackningsp\u00e5sen m\u00e5ste f\u00f6rberedas och placeras p\u00e5 en viss plats innan maskinen startas. Den \u00e4r l\u00e4mplig f\u00f6r olika typer av p\u00e5sar, s\u00e5som st\u00e5ende p\u00e5sar, zip-p\u00e5sar, tre-sidiga f\u00f6rseglade p\u00e5sar, fyra-sidiga f\u00f6rseglade p\u00e5sar, pappersp\u00e5sar, och s\u00e5 vidare. F\u00f6rpackningshastigheten \u00e4r n\u00e4ra relaterad till fyllnadshastigheten och kapaciteten hos f\u00f6rpackningsp\u00e5sarna. Dessutom erbjuder vi ocks\u00e5 roterande p\u00e5smatningsmaskiner. Alla maskinstorlekar kan anpassas efter dina behov.<\/p>    <figure class=\"wp-block-image aligncenter size-full\"><img loading=\"lazy\" decoding=\"async\" width=\"750\" height=\"500\" src=\"https:\/\/tianhuipackingmachine.com\/wp-content\/uploads\/2021\/09\/horizontal-bag-feeding-machine.jpg\" alt=\"mashine ya kulisha mifuko ya usawa\" class=\"wp-image-2388\" srcset=\"https:\/\/tianhuipackingmachine.com\/wp-content\/uploads\/2021\/09\/horizontal-bag-feeding-machine.jpg 750w, https:\/\/tianhuipackingmachine.com\/wp-content\/uploads\/2021\/09\/horizontal-bag-feeding-machine-300x200.jpg 300w\" sizes=\"auto, (max-width: 750px) 100vw, 750px\" \/><figcaption class=\"wp-element-caption\">Mashine ya Kulisha Mifuko ya Mlalo<\/figcaption><\/figure>    <h2 class=\"wp-block-heading\" id=\"h-horizontal-pouch-feeding-machine-for-sale\">Mashine ya kulisha pochi ya mlalo inauzwa<\/h2>    <p>Mashine za kujaza pochi zilizotayarishwa mapema na mashine za kuziba zinaweza kuwa na vifaa tofauti vya kulisha ili kujaza hali tofauti za nyenzo. Kwa mfano, ikiwa unataka kufunga poda, sehemu ya kulisha ni hopa yenye gigi la ond ili kudhibiti ujazo wa kujaza. Vile vile, turntable yenye vikombe vya kupimia hutumiwa kwa ajili ya ufungaji wa granules ndogo, uzito wa vichwa vingi kwa granules kubwa, mabomba ya kioevu kwa ajili ya vinywaji, pipa ya kuweka kwa pastes. Mashine ya kulisha ya pochi ya usawa inachukua mfumo wa kulisha wa pochi wa usawa, kupitisha nafasi kadhaa za kufanya kazi kwa kujaza na kuziba. Mbali na hilo, pia tunatoa mashine ya kulisha pochi ya mzunguko. Kwa kuongeza, huduma ya OEM inapatikana kulingana na mahitaji yako. Wasiliana nasi ili kupata maelezo zaidi, na tutakujibu haraka iwezekanavyo. &nbsp;<\/p>    <figure class=\"wp-block-gallery has-nested-images columns-default is-cropped wp-block-gallery-2 is-layout-flex wp-block-gallery-is-layout-flex\"> <figure class=\"wp-block-image size-large\"><img loading=\"lazy\" decoding=\"async\" width=\"750\" height=\"500\" data-id=\"4446\" src=\"https:\/\/tianhuipackingmachine.com\/wp-content\/uploads\/2021\/12\/pre-made-powder-bag-packing-machine-750x500.jpg\" alt=\"mashine ya kufunga mifuko ya poda iliyotengenezwa tayari\" class=\"wp-image-4446\" srcset=\"https:\/\/tianhuipackingmachine.com\/wp-content\/uploads\/2021\/12\/pre-made-powder-bag-packing-machine.jpg 750w, https:\/\/tianhuipackingmachine.com\/wp-content\/uploads\/2021\/12\/pre-made-powder-bag-packing-machine-480x320.jpg 480w\" sizes=\"auto, (max-width: 750px) 100vw, 750px\" \/><figcaption class=\"wp-element-caption\">Mashine ya Kufunga Mifuko ya Poda Iliyotengenezwa Awali<\/figcaption><\/figure>    <figure class=\"wp-block-image size-large\"><img loading=\"lazy\" decoding=\"async\" width=\"750\" height=\"500\" data-id=\"4443\" src=\"https:\/\/tianhuipackingmachine.com\/wp-content\/uploads\/2021\/12\/horizontal-pouch-feeding-equipment-for-granule-750x500.jpg\" alt=\"kulisha pochi ya usawa e\" class=\"wp-image-4443\" srcset=\"https:\/\/tianhuipackingmachine.com\/wp-content\/uploads\/2021\/12\/horizontal-pouch-feeding-equipment-for-granule.jpg 750w, https:\/\/tianhuipackingmachine.com\/wp-content\/uploads\/2021\/12\/horizontal-pouch-feeding-equipment-for-granule-480x320.jpg 480w\" sizes=\"auto, (max-width: 750px) 100vw, 750px\" \/><figcaption class=\"wp-element-caption\">Kulisha Mifuko Mlalo E<\/figcaption><\/figure> <\/figure>    <figure class=\"wp-block-gallery has-nested-images columns-default is-cropped wp-block-gallery-3 is-layout-flex wp-block-gallery-is-layout-flex\"> <figure class=\"wp-block-image size-large\"><img loading=\"lazy\" decoding=\"async\" width=\"750\" height=\"500\" data-id=\"4444\" src=\"https:\/\/tianhuipackingmachine.com\/wp-content\/uploads\/2021\/12\/multi-head-weigher-pre-made-bag-packer-750x500.jpg\" alt=\"kipima uzito cha vichwa vingi na kifungashio cha mifuko kilichotengenezwa awali\" class=\"wp-image-4444\" srcset=\"https:\/\/tianhuipackingmachine.com\/wp-content\/uploads\/2021\/12\/multi-head-weigher-pre-made-bag-packer.jpg 750w, https:\/\/tianhuipackingmachine.com\/wp-content\/uploads\/2021\/12\/multi-head-weigher-pre-made-bag-packer-480x320.jpg 480w\" sizes=\"auto, (max-width: 750px) 100vw, 750px\" \/><figcaption class=\"wp-element-caption\">Kipimo cha Vichwa vingi &amp;Amp; Kifungashio cha Begi Kilichotengenezwa Awali<\/figcaption><\/figure>    <figure class=\"wp-block-image size-large\"><img loading=\"lazy\" decoding=\"async\" width=\"750\" height=\"500\" data-id=\"4445\" src=\"https:\/\/tianhuipackingmachine.com\/wp-content\/uploads\/2021\/12\/pre-made-liquid-packing-machine-750x500.jpg\" alt=\"mashine ya kufunga kioevu iliyotengenezwa tayari\" class=\"wp-image-4445\" srcset=\"https:\/\/tianhuipackingmachine.com\/wp-content\/uploads\/2021\/12\/pre-made-liquid-packing-machine.jpg 750w, https:\/\/tianhuipackingmachine.com\/wp-content\/uploads\/2021\/12\/pre-made-liquid-packing-machine-480x320.jpg 480w\" sizes=\"auto, (max-width: 750px) 100vw, 750px\" \/><figcaption class=\"wp-element-caption\">Mashine ya Kufunga Kimiminika Iliyotengenezwa Awali<\/figcaption><\/figure>    <figure class=\"wp-block-image size-large\"><img loading=\"lazy\" decoding=\"async\" width=\"750\" height=\"500\" data-id=\"4447\" src=\"https:\/\/tianhuipackingmachine.com\/wp-content\/uploads\/2021\/12\/quantitative-weighing-pre-made-pouch-feeding-packer-750x500.jpg\" alt=\"kifungashio cha kulisha cha pochi kilichotengenezwa tayari\" class=\"wp-image-4447\" srcset=\"https:\/\/tianhuipackingmachine.com\/wp-content\/uploads\/2021\/12\/quantitative-weighing-pre-made-pouch-feeding-packer.jpg 750w, https:\/\/tianhuipackingmachine.com\/wp-content\/uploads\/2021\/12\/quantitative-weighing-pre-made-pouch-feeding-packer-480x320.jpg 480w\" sizes=\"auto, (max-width: 750px) 100vw, 750px\" \/><figcaption class=\"wp-element-caption\">Kifungashio cha Kulisha Kifuko Kilichotengenezwa Awali cha Kupima Uzito<\/figcaption><\/figure> <\/figure>    <h2 class=\"has-text-color wp-block-heading\" id=\"h-horizontal-pouch-feeding-machine-parameters\" style=\"color:#ff5200\">Vigezo vya mashine ya kulisha pochi ya usawa<\/h2>    <figure class=\"wp-block-table is-style-stripes\"><table><tbody><tr><td>Aina<\/td><td>TH-200<\/td><td>D-150<\/td><td>D-200<\/td><td>D-250<\/td><\/tr><tr><td>Nguvu<\/td><td>380V\/2.5KW<\/td><td>380V\/50-60HZ (awamu 3)<\/td><td>380V\/50-60HZ (awamu 3)<\/td><td>380V\/50-60HZ (awamu 3)<\/td><\/tr><tr><td>Kasi ya ufungaji<\/td><td>Mifuko 20-50 kwa dakika<\/td><td>Mifuko 25-45\/dak<\/td><td>Mifuko 25-45\/dak<\/td><td>Mifuko 25-45\/dak<\/td><\/tr><tr><td>Ukubwa wa ufungaji<\/td><td>100-210mm\/110-320mm<\/td><td>W60-160mm, L100-250mm<\/td><td>W80-210mm, L100-320mm<\/td><td>W100-260mm, L110-350mm<\/td><\/tr><tr><td>Uwezo wa ufungaji<\/td><td>20-1000g (inategemea nyenzo za kujaza)<\/td><td>800 ml<\/td><td>1200 ml<\/td><td>2000 ml<\/td><\/tr><tr><td>Matumizi ya hewa<\/td><td> 0.7m<sup>3<\/sup>\/min <\/td><td>0.3m<sup>3<\/sup>\/min<\/td><td>0.3m<sup>3<\/sup>\/min<\/td><td>0.3m<sup>3<\/sup>\/min<\/td><\/tr><tr><td>Uzito wa mashine<\/td><td>600kg<\/td><td>\/<\/td><td>\/<\/td><td>\/<\/td><\/tr><tr><td>Ukubwa wa mashine<\/td><td>\/<\/td><td>L1700*W1050*H1100mm<\/td><td>L2150*W1350*H1300mm<\/td><td>L2450*W1200*H1200mm<\/td><\/tr><\/tbody><\/table><\/figure>    <h2 class=\"wp-block-heading\" id=\"h-features-of-horizontal-premade-pouch-filling-machine\">Vipengele vya mashine ya kujaza pochi iliyopangwa ya usawa<\/h2>    <ol class=\"wp-block-list\" type=\"1\"> <li>Ubunifu wa busara, ufungaji wa kiotomatiki, operesheni rahisi, programu pana<\/li>    <li>Inafaa kwa aina anuwai ya mifuko iliyotengenezwa tayari katika wigo wa saizi za ufungaji kwa mashine.<\/li>    <li>Ina vifaa tofauti vya kulisha kulingana na hali ya nyenzo, kama vile poda, punjepunje, kioevu au kuweka, nk.<\/li>    <li>Skrini ya kugusa rangi ya PLC yenye muundo wa kazi nyingi, usaidizi wa lugha nyingi, kuweka vigezo vya ufungaji kwa urahisi.<\/li>    <li>Kupitisha kigunduzi kilichoagizwa kutoka nje, hakuna nyenzo ya kujaza hakuna kuziba, kuhifadhi mfuko wa vifungashio, kuhakikisha mchakato wa kufanya kazi unakwenda vizuri.<\/li>    <li>Nafasi ya kuweka begi iliyorekebishwa ni rahisi, iliyo na kifaa cha kushinikiza kiotomatiki.<\/li>    <li>Sahani ndefu ya kukokota kwenye muhuri ina jukumu la kuhifadhi vitu vilivyowekwa kwa kiwango fulani.<\/li>    <li>Mashine ya kulisha pochi ya usawa inakidhi viwango vya usafi vya mashine za usindikaji wa chakula, na sehemu zake zinazogusana na nyenzo ni 304 chuma cha pua au vifaa vingine vinavyokidhi mahitaji ya usafi wa chakula ili kuhakikisha usafi na usalama wa chakula.<\/li>    <li>Huduma ya ubinafsishaji inapatikana<\/li> <\/ol>    <div class=\"wp-block-columns is-layout-flex wp-container-core-columns-is-layout-28f84493 wp-block-columns-is-layout-flex\"> <div class=\"wp-block-column is-layout-flow wp-block-column-is-layout-flow\"><figure class=\"wp-block-embed-youtube wp-block-embed is-type-video is-provider-youtube wp-embed-aspect-16-9 wp-has-aspect-ratio\"><div class=\"lyte-wrapper\" title=\"Mashine ya Kupakia Kioevu Iliyotengenezwa Awali | Mashine ya Kulisha Mifuko Mlalo ya Kujaza na Kufunga\" style=\"width:853px;max-width:100%;margin:5px auto;\"><div class=\"lyMe\" id=\"WYL_9nTvuS5Nm-I\" itemprop=\"video\" itemscope itemtype=\"https:\/\/schema.org\/VideoObject\"><div><meta itemprop=\"thumbnailUrl\" content=\"https:\/\/i.ytimg.com\/vi\/9nTvuS5Nm-I\/hqdefault.jpg\" \/><meta itemprop=\"embedURL\" content=\"https:\/\/www.youtube.com\/embed\/9nTvuS5Nm-I\" \/><meta itemprop=\"duration\" content=\"PT1M58S\" \/><meta itemprop=\"uploadDate\" content=\"2021-09-02T07:06:46Z\" \/><\/div><div id=\"lyte_9nTvuS5Nm-I\" data-src=\"https:\/\/i.ytimg.com\/vi\/9nTvuS5Nm-I\/hqdefault.jpg\" class=\"pL\"><div class=\"tC\"><div class=\"tT\" itemprop=\"name\">Mashine ya Kupakia Kioevu Iliyotengenezwa Awali | Mashine ya Kulisha Mifuko Mlalo ya Kujaza na Kufunga<\/div><\/div><div class=\"play\"><\/div><div class=\"ctrl\"><div class=\"Lctrl\"><\/div><div class=\"Rctrl\"><\/div><\/div><\/div><noscript><a href=\"https:\/\/youtu.be\/9nTvuS5Nm-I\" rel=\"nofollow noopener\" target=\"_blank\"><img loading=\"lazy\" decoding=\"async\" src=\"https:\/\/i.ytimg.com\/vi\/9nTvuS5Nm-I\/0.jpg\" alt=\"Mashine ya Kupakia Kioevu Iliyotengenezwa Awali | Mashine ya Kulisha Mifuko Mlalo ya Kujaza na Kufunga\" width=\"853\" height=\"460\" \/><\/a><\/noscript><meta itemprop=\"description\" content=\"For more design visit our website: https:\/\/tianhuipackingmachine.com\/ Email: sales@toppackingmachine.com Whatsapp\/Tel: +86 17329326135 Premade pouch packing machine has very wide applications, it is suitable for packing granule, powder, and liquid items with different feeding systems. The equipment in this video is the pre-made bag liquid packaging machine. The horizontal bag feeding machine has the benefits of a PLC touch screen, 304 stainless steel, and multi-language design. Besides, it is suitable for various kinds of preformed pouches, such as stand-up bags, 4-side seal bags, irregular bags, etc. For more design visit our website: https:\/\/tianhuipackingmachine.com\/ Email: sales@toppackingmachine.com Whatsapp\/Tel: +86 17329326135\"><\/div><\/div><div class=\"lL\" style=\"max-width:100%;width:853px;margin:5px auto;\"> <a href=\"https:\/\/youtu.be\/9nTvuS5Nm-I\" target=\"_blank\" rel=\"noopener\">Tazama video hii kwenye YouTube<\/a>.<\/div><figcaption><\/figcaption><\/figure><\/div>    <div class=\"wp-block-column is-layout-flow wp-block-column-is-layout-flow\"><figure class=\"wp-block-embed-youtube wp-block-embed is-type-video is-provider-youtube wp-embed-aspect-16-9 wp-has-aspect-ratio\"><div class=\"lyte-wrapper\" title=\"Mashine 10 ya Kupima Kichwa &amp; Mashine ya Kufunga Mifuko Iliyotengenezwa Awali ya Karanga | Simama Kifaa cha Kufungashia Kifuko\" style=\"width:853px;max-width:100%;margin:5px auto;\"><div class=\"lyMe\" id=\"WYL_gSZ43wJ7sFw\" itemprop=\"video\" itemscope itemtype=\"https:\/\/schema.org\/VideoObject\"><div><meta itemprop=\"thumbnailUrl\" content=\"https:\/\/i.ytimg.com\/vi\/gSZ43wJ7sFw\/hqdefault.jpg\" \/><meta itemprop=\"embedURL\" content=\"https:\/\/www.youtube.com\/embed\/gSZ43wJ7sFw\" \/><meta itemprop=\"duration\" content=\"PT2M58S\" \/><meta itemprop=\"uploadDate\" content=\"2021-11-26T06:46:43Z\" \/><\/div><div id=\"lyte_gSZ43wJ7sFw\" data-src=\"https:\/\/i.ytimg.com\/vi\/gSZ43wJ7sFw\/hqdefault.jpg\" class=\"pL\"><div class=\"tC\"><div class=\"tT\" itemprop=\"name\">Mashine 10 ya Kupima Kichwa &amp; Mashine ya Kufunga Mifuko Iliyotengenezwa Awali ya Karanga | Simama Kifaa cha Kufungashia Kifuko<\/div><\/div><div class=\"play\"><\/div><div class=\"ctrl\"><div class=\"Lctrl\"><\/div><div class=\"Rctrl\"><\/div><\/div><\/div><noscript><a href=\"https:\/\/youtu.be\/gSZ43wJ7sFw\" rel=\"nofollow noopener\" target=\"_blank\"><img loading=\"lazy\" decoding=\"async\" src=\"https:\/\/i.ytimg.com\/vi\/gSZ43wJ7sFw\/0.jpg\" alt=\"Mashine 10 ya Kupima Kichwa &amp; Mashine ya Kufunga Mifuko Iliyotengenezwa Awali ya Karanga | Simama Kifaa cha Kufungashia Kifuko\" width=\"853\" height=\"460\" \/><\/a><\/noscript><meta itemprop=\"description\" content=\"Email: sales@toppackingmachine.com Whatsapp\/Tel: +86 17329326135 The 10 head weigher &amp; pre-made bag packing machine is suitable for various preformed pouches, such as stand-up bags, block bottom bags, back center seal bags, 3-side seal sachets, 4-side seal sachets, irregular bags, etc. 10-head scale weighs precisely. The pre-made pouch packaging system can automatically feed bags, fill materials into bags, vibrate the packaging bags, and seal the mouth. If you are interested in the equipment, welcome consult us. Email: sales@toppackingmachine.com Whatsapp\/Tel: +86 17329326135\"><\/div><\/div><div class=\"lL\" style=\"max-width:100%;width:853px;margin:5px auto;\"> <a href=\"https:\/\/youtu.be\/gSZ43wJ7sFw\" target=\"_blank\" rel=\"noopener\">Tazama video hii kwenye YouTube<\/a>.<\/div><figcaption><\/figcaption><\/figure><\/div> <\/div>    <h2 class=\"wp-block-heading\" id=\"h-wide-applications-of-premade-pouch-filling-sealing-machine\">Utumizi mpana wa kujaza pochi na mashine ya kuziba<\/h2>    <p>Mashine ya kulisha pochi ya usawa ina matumizi mengi katika chakula, viungo, bidhaa za kemikali, sabuni, michuzi, vitafunio, vipodozi, vinywaji, mahitaji ya kila siku, na kadhalika.<\/p>    <ul class=\"wp-block-list\"> <li><strong>Poda<\/strong>: unga wa maziwa, unga wa kahawa, unga wa lishe, kitoweo, unga wa kakao, unga wa kari, unga wa vanilla, unga wa jager, unga wa masalajat, <a href=\"https:\/\/tianhuipackingmachine.com\/sw\/chilli-powder-packing-machine\/\"><strong>pilipili ya unga<\/strong><\/a>, rangi, <strong><a href=\"https:\/\/tianhuipackingmachine.com\/sw\/detergent-powder-packing-machine\/\">poda ya sabuni<\/a><\/strong>, unga, unga wa mahindi, unga wa kemikali n.k.<\/li>    <li><strong>Granule<\/strong>: <strong><a href=\"https:\/\/tianhuipackingmachine.com\/sw\/candy-packaging-machine\/\">pipi<\/a><\/strong>, karanga, maharagwe ya kijani, mchanganyiko wa nafaka, <strong><a href=\"https:\/\/tianhuipackingmachine.com\/sw\/tea-packaging-machine\/\">chai<\/a><\/strong>, chips, mbegu za melon, glutamate ya monosodiamu, chumvi, punje ya mahindi, karanga za pistachio, chakula kilichopuliwa, nafaka, popcorn, nk.<\/li>    <li><strong>Kioevu<\/strong>: maziwa, juisi, kinywaji, mchuzi, <strong><a href=\"https:\/\/tianhuipackingmachine.com\/sw\/water-packing-machine\/\">maji<\/a><\/strong>, mafuta ya kula, mafuta ya karanga, soda, siki ya mchele, kioevu cha sabuni, vipodozi, antiseptics, nk.<\/li>    <li><strong>Bandika<\/strong>: mchuzi wa nyanya, mavazi ya saladi, siagi ya karanga, asali, jamu, shampoo, vipodozi, sanitizer ya mikono, nk.<\/li> <\/ul>    <figure class=\"wp-block-gallery has-nested-images columns-default is-cropped wp-block-gallery-4 is-layout-flex wp-block-gallery-is-layout-flex\"> <figure class=\"wp-block-image size-large\"><img loading=\"lazy\" decoding=\"async\" width=\"750\" height=\"500\" data-id=\"4448\" src=\"https:\/\/tianhuipackingmachine.com\/wp-content\/uploads\/2021\/12\/suitable-for-granules-750x500.jpg\" alt=\"yanafaa kwa granules\" class=\"wp-image-4448\" srcset=\"https:\/\/tianhuipackingmachine.com\/wp-content\/uploads\/2021\/12\/suitable-for-granules.jpg 750w, https:\/\/tianhuipackingmachine.com\/wp-content\/uploads\/2021\/12\/suitable-for-granules-480x320.jpg 480w\" sizes=\"auto, (max-width: 750px) 100vw, 750px\" \/><figcaption class=\"wp-element-caption\">Inafaa kwa Granules<\/figcaption><\/figure>    <figure class=\"wp-block-image size-large\"><img loading=\"lazy\" decoding=\"async\" width=\"750\" height=\"500\" data-id=\"4449\" src=\"https:\/\/tianhuipackingmachine.com\/wp-content\/uploads\/2021\/12\/applicable-powder-750x500.jpg\" alt=\"poda husika\" class=\"wp-image-4449\" srcset=\"https:\/\/tianhuipackingmachine.com\/wp-content\/uploads\/2021\/12\/applicable-powder.jpg 750w, https:\/\/tianhuipackingmachine.com\/wp-content\/uploads\/2021\/12\/applicable-powder-480x320.jpg 480w\" sizes=\"auto, (max-width: 750px) 100vw, 750px\" \/><figcaption class=\"wp-element-caption\">Poda Inayotumika<\/figcaption><\/figure>    <figure class=\"wp-block-image size-large\"><img loading=\"lazy\" decoding=\"async\" width=\"750\" height=\"500\" data-id=\"4450\" src=\"https:\/\/tianhuipackingmachine.com\/wp-content\/uploads\/2021\/12\/liquid-applications-750x500.jpg\" alt=\"maombi ya kioevu\" class=\"wp-image-4450\" srcset=\"https:\/\/tianhuipackingmachine.com\/wp-content\/uploads\/2021\/12\/liquid-applications.jpg 750w, https:\/\/tianhuipackingmachine.com\/wp-content\/uploads\/2021\/12\/liquid-applications-480x320.jpg 480w\" sizes=\"auto, (max-width: 750px) 100vw, 750px\" \/><figcaption class=\"wp-element-caption\">Maombi ya Kioevu<\/figcaption><\/figure>    <figure class=\"wp-block-image size-large\"><img loading=\"lazy\" decoding=\"async\" width=\"750\" height=\"500\" data-id=\"4451\" src=\"https:\/\/tianhuipackingmachine.com\/wp-content\/uploads\/2021\/12\/pre-formed-packaging-bag-for-granules-750x500.jpg\" alt=\"mfuko wa ufungaji wa awali wa granules\" class=\"wp-image-4451\" srcset=\"https:\/\/tianhuipackingmachine.com\/wp-content\/uploads\/2021\/12\/pre-formed-packaging-bag-for-granules.jpg 750w, https:\/\/tianhuipackingmachine.com\/wp-content\/uploads\/2021\/12\/pre-formed-packaging-bag-for-granules-480x320.jpg 480w\" sizes=\"auto, (max-width: 750px) 100vw, 750px\" \/><figcaption class=\"wp-element-caption\">Mfuko wa Ufungaji Ulioundwa Hapo Kwa Chembechembe<\/figcaption><\/figure>    <figure class=\"wp-block-image size-large\"><img loading=\"lazy\" decoding=\"async\" width=\"750\" height=\"500\" data-id=\"4453\" src=\"https:\/\/tianhuipackingmachine.com\/wp-content\/uploads\/2021\/12\/various-pre-made-bags-display-750x500.jpg\" alt=\"maonyesho ya mifuko mbalimbali iliyotengenezwa awali\" class=\"wp-image-4453\" srcset=\"https:\/\/tianhuipackingmachine.com\/wp-content\/uploads\/2021\/12\/various-pre-made-bags-display.jpg 750w, https:\/\/tianhuipackingmachine.com\/wp-content\/uploads\/2021\/12\/various-pre-made-bags-display-480x320.jpg 480w\" sizes=\"auto, (max-width: 750px) 100vw, 750px\" \/><figcaption class=\"wp-element-caption\">Maonyesho ya Mifuko Mbalimbali Iliyotengenezwa Awali<\/figcaption><\/figure>    <figure class=\"wp-block-image size-large\"><img loading=\"lazy\" decoding=\"async\" width=\"750\" height=\"500\" data-id=\"4452\" src=\"https:\/\/tianhuipackingmachine.com\/wp-content\/uploads\/2021\/12\/pre-made-liquid-packaging-bags-750x500.jpg\" alt=\"mifuko ya ufungaji ya kioevu iliyotengenezwa tayari\" class=\"wp-image-4452\" srcset=\"https:\/\/tianhuipackingmachine.com\/wp-content\/uploads\/2021\/12\/pre-made-liquid-packaging-bags.jpg 750w, https:\/\/tianhuipackingmachine.com\/wp-content\/uploads\/2021\/12\/pre-made-liquid-packaging-bags-480x320.jpg 480w\" sizes=\"auto, (max-width: 750px) 100vw, 750px\" \/><figcaption class=\"wp-element-caption\">Mifuko ya Ufungaji Kimiminika Iliyotengenezwa Awali<\/figcaption><\/figure> <\/figure>    <h2 class=\"wp-block-heading\" id=\"h-horizontal-pouch-feeding-machine-structure\">Muundo wa mashine ya kulisha pochi ya usawa<\/h2>    <p class=\"translation-block\">En horisontell maskin f\u00f6r f\u00f6rpackning av f\u00f6rberedda p\u00e5sar best\u00e5r huvudsakligen av en materialmatningsanordning och en p\u00e5smatningsanordning. Materialmatningssystemet inkluderar enheter f\u00f6r pulverfyllning, granulatfyllning, v\u00e4tskefyllning, pastafyllning, etc. P\u00e5smatningssystemet har funktioner f\u00f6r att ta upp p\u00e5sen, dataprintning (valfritt), \u00f6ppna p\u00e5sen f\u00f6r fyllning, h\u00e5lla p\u00e5sen, reng\u00f6ra material runt p\u00e5sens mun (valfritt), f\u00f6rsegla p\u00e5sen, etc. Om materialet \u00e4r sv\u00e5rt att fylla \u00e4r det b\u00e4ttre att l\u00e4gga till en vibrationsanordning f\u00f6r att hj\u00e4lpa till att fylla materialet i p\u00e5sarna. Zip-p\u00e5sen kr\u00e4ver ett extra verktyg f\u00f6r att \u00f6ppna dragkedjan. Dessutom m\u00e5ste utrustningen matchas med en luftkompressor n\u00e4r den arbetar. Bredden p\u00e5 p\u00e5sen \u00e4r mindre \u00e4n 20 cm. Dessutom finns det n\u00e5gra valfria enheter, bandprinter, bl\u00e4ckstr\u00e5leskrivare, borste f\u00f6r reng\u00f6ring av p\u00e5smun, stansare, verktyg f\u00f6r att \u00f6ppna dragkedjan, etc. <strong><a href=\"https:\/\/tianhuipackingmachine.com\/sw\/contact\/\">Kontakta oss<\/a><\/strong> f\u00f6r mer information.<\/p>    <h2 class=\"wp-block-heading\" id=\"h-the-functions-of-photoelectric-eye-detectors-on-the-equipment\">Kazi za vigunduzi vya macho vya picha kwenye vifaa<\/h2>    <ol class=\"wp-block-list\" type=\"1\"> <li>Tambua ikiwa mkono wa mitambo unachukua mfuko au la. Ikiwa sivyo, mashine ya kulisha nyenzo haitajaza nyenzo, na mfuko utatolewa moja kwa moja.<\/li>    <li>Angalia ikiwa begi limefunguliwa au la. Ikiwa begi haijafunguliwa, bado itasafirisha begi moja kwa moja.<\/li>    <li>Angalia mfumo wa kulisha, ikiwa mfuko haujaza nyenzo, basi hatua ya kuziba haitafanya.<\/li>    <li>Mfuko wa plastiki ni rahisi kuyeyuka katika joto la juu. Ikiwa plastiki itashikamana na kizuizi cha shaba ya joto, itatisha kiotomatiki ili kuhakikisha usindikaji ukiwa thabiti na kuepuka upotevu wa mfuko.<\/li> <\/ol>    <h2 class=\"has-text-color wp-block-heading\" id=\"h-electric-components-brand-list\" style=\"color:#ff5200\">Orodha ya chapa ya vipengele vya umeme<\/h2>    <figure class=\"wp-block-table is-style-stripes\"><table><tbody><tr><td>Kipengee<\/td><td>Jina la chapa<\/td><td>Mahali pa uzalishaji<\/td><\/tr><tr><td>PLC<\/td><td>Siemens<\/td><td>Japani<\/td><\/tr><tr><td>Skrini ya kugusa<\/td><td>Wenview<\/td><td>Taiwan<\/td><\/tr><tr><td>Mdhibiti wa joto<\/td><td>Omroni<\/td><td>Japani<\/td><\/tr><tr><td>Kufunga silinda ya hewa<\/td><td>Airtac<\/td><td>Taiwan<\/td><\/tr><tr><td>Valve ya utupu ya Solenoid<\/td><td>Airtac<\/td><td>Taiwan<\/td><\/tr><tr><td>Mita ya shinikizo la utupu<\/td><td>SMC<\/td><td>Japani<\/td><\/tr><tr><td>Kubadili nguvu<\/td><td>Mingwei<\/td><td>China<\/td><\/tr><\/tbody><\/table><\/figure>","protected":false},"excerpt":{"rendered":"<p>Horizontal pouch feeding machine is one kind of pre-made bag packing machine, mainly consisting of a material feeding system and a bag feeding system. The equipment can package different statuses of material, powder, granule, liquid, paste, etc., by changing different feeding systems. The packaging bag needs to be prepared and put in a certain place [&hellip;]<\/p>\n","protected":false},"author":1,"featured_media":3638,"parent":0,"template":"","tags":[210],"product-type":[142],"class_list":["post-2386","product","type-product","status-publish","has-post-thumbnail","hentry","tag-premade-bag-packing-machine","product-type-pre-made-bag-filling-machines"],"_links":{"self":[{"href":"https:\/\/tianhuipackingmachine.com\/sw\/wp-json\/wp\/v2\/product\/2386","targetHints":{"allow":["GET"]}}],"collection":[{"href":"https:\/\/tianhuipackingmachine.com\/sw\/wp-json\/wp\/v2\/product"}],"about":[{"href":"https:\/\/tianhuipackingmachine.com\/sw\/wp-json\/wp\/v2\/types\/product"}],"author":[{"embeddable":true,"href":"https:\/\/tianhuipackingmachine.com\/sw\/wp-json\/wp\/v2\/users\/1"}],"wp:featuredmedia":[{"embeddable":true,"href":"https:\/\/tianhuipackingmachine.com\/sw\/wp-json\/wp\/v2\/media\/3638"}],"wp:attachment":[{"href":"https:\/\/tianhuipackingmachine.com\/sw\/wp-json\/wp\/v2\/media?parent=2386"}],"wp:term":[{"taxonomy":"post_tag","embeddable":true,"href":"https:\/\/tianhuipackingmachine.com\/sw\/wp-json\/wp\/v2\/tags?post=2386"},{"taxonomy":"product-type","embeddable":true,"href":"https:\/\/tianhuipackingmachine.com\/sw\/wp-json\/wp\/v2\/product-type?post=2386"}],"curies":[{"name":"wp","href":"https:\/\/api.w.org\/{rel}","templated":true}]}}