{"id":2241,"date":"2021-08-24T14:31:39","date_gmt":"2021-08-24T06:31:39","guid":{"rendered":"https:\/\/tianhuipackingmachine.com\/?page_id=2241"},"modified":"2022-12-08T14:11:07","modified_gmt":"2022-12-08T06:11:07","slug":"automatic-capping-machine","status":"publish","type":"product","link":"https:\/\/tianhuipackingmachine.com\/sw\/automatic-capping-machine\/","title":{"rendered":"Mashine ya kuweka kiotomatiki"},"content":{"rendered":"<p class=\"translation-block\"><strong>Automatisk kapselmaskin<\/strong> \u00e4r l\u00e4mplig f\u00f6r olika plastiga runda kapslar med g\u00e4ngor. Den till\u00e4mpas i stor utstr\u00e4ckning p\u00e5 m\u00e5nga livsmedel, drycker, dagligvaror, kosmetika, l\u00e4kemedel, olja, etc. Utrustningen \u00e4r tillverkad av rostfritt st\u00e5l, vilket \u00e4r h\u00e5llbart och praktiskt f\u00f6r underh\u00e5ll. Den automatiska kapselmaskinen med fyra friktionshjul roterar och \u00e5tdrar runda kapslar genom en vanlig motor. Kapslingshastigheten \u00e4r justerbar baserat p\u00e5 produktionsutg\u00e5ngen. Dessutom st\u00f6der vi OEM-tj\u00e4nst enligt dina krav.<\/p>    <figure class=\"wp-block-image aligncenter size-full\"><img loading=\"lazy\" decoding=\"async\" width=\"750\" height=\"500\" src=\"https:\/\/tianhuipackingmachine.com\/wp-content\/uploads\/2021\/08\/automatic-capping-machine-1.jpg\" alt=\"mashine ya kuweka capping otomatiki\" class=\"wp-image-2256\" srcset=\"https:\/\/tianhuipackingmachine.com\/wp-content\/uploads\/2021\/08\/automatic-capping-machine-1.jpg 750w, https:\/\/tianhuipackingmachine.com\/wp-content\/uploads\/2021\/08\/automatic-capping-machine-1-300x200.jpg 300w\" sizes=\"auto, (max-width: 750px) 100vw, 750px\" \/><figcaption class=\"wp-element-caption\">Mashine ya Kufunga Kiotomatiki<\/figcaption><\/figure>    <h2 class=\"wp-block-heading\">Kigezo cha mashine ya kuweka alama kiotomatiki<\/h2>    <figure class=\"wp-block-table is-style-stripes\"><table><tbody><tr><td>Nguvu<\/td><td>300W &nbsp;<\/td><\/tr><tr><td>Voltage<\/td><td>AC220V\/50hz<\/td><\/tr><tr><td>Ukubwa unaotumika wa kofia<\/td><td>15 - 70 mm \u00a0\u00a040-100mm<\/td><\/tr><tr><td>Kasi ya kufunga<\/td><td>0 - 40 chupa \/ min<\/td><\/tr><tr><td>Kipenyo cha chupa<\/td><td>50 - 280 mm<\/td><\/tr><tr><td>Shinikizo la hewa<\/td><td>0.4 - 0.6 MPa<\/td><\/tr><tr><td>Uzito<\/td><td>108kg<\/td><\/tr><tr><td>Dimension<\/td><td>3500*470*1600mm<\/td><\/tr><\/tbody><\/table><\/figure>    <h2 class=\"wp-block-heading\">Vipengele vya mashine ya capping moja kwa moja<\/h2>    <ol class=\"wp-block-list\" type=\"1\"> <li>Muundo wa kompakt, muundo mzuri, ulichukua nafasi ndogo, rahisi kufanya kazi<\/li>    <li>Endesha kwa utulivu, ukiweka vifuniko moja kwa moja, ukiimarisha kwa uthabiti, ukifunga kifuniko kwa ufanisi<\/li>    <li>Ina onyesho la skrini ya kugusa ambayo inaweza kurekebisha kasi ya uendeshaji ya ukanda wa conveyor.<\/li>    <li>Matumizi mengi ni ya hiari: matumizi ya kujitegemea au vinavyolingana na mashine ya kujaza, mashine ya kuweka lebo, printa ya tarehe, nk.<\/li>    <li>Gari kuu inachukua kibadilishaji cha masafa ya nje na kazi ya hakuna kasi ya marekebisho ya daraja.<\/li>    <li>Huduma ya ubinafsishaji inapatikana.<\/li> <\/ol>    <h2 class=\"wp-block-heading\">Utumizi mpana wa capper ya screw otomatiki<\/h2>    <p class=\"translation-block\">Automatisk kapselmaskin anv\u00e4nds vanligtvis f\u00f6r olika flaskor med plastiga runda kapslar, till\u00e4mpas i stor utstr\u00e4ckning p\u00e5 godis, snacks, vatten, juice, mj\u00f6lk, yoghurt, honung, olja, flytande tv\u00e4ttmedel, handsprit, schampo, kosmetika, l\u00e4kemedel, bek\u00e4mpningsmedel, etc. Den kan ocks\u00e5 matchas med fyllningsmaskin och etiketteringsmaskin f\u00f6r att komponera produktionslinje. Vill du veta mer detaljer? <strong><a href=\"https:\/\/tianhuipackingmachine.com\/sw\/contact\/\">Kontakta oss<\/a><\/strong> s\u00e5 svarar vi s\u00e5 snart som m\u00f6jligt.<\/p>    <figure class=\"wp-block-image aligncenter size-full\"><img loading=\"lazy\" decoding=\"async\" width=\"750\" height=\"500\" src=\"https:\/\/tianhuipackingmachine.com\/wp-content\/uploads\/2021\/09\/applications-of-automatic-capping-equipment.jpg\" alt=\"matumizi ya vifaa vya kuweka capping otomatiki\" class=\"wp-image-2862\" srcset=\"https:\/\/tianhuipackingmachine.com\/wp-content\/uploads\/2021\/09\/applications-of-automatic-capping-equipment.jpg 750w, https:\/\/tianhuipackingmachine.com\/wp-content\/uploads\/2021\/09\/applications-of-automatic-capping-equipment-300x200.jpg 300w\" sizes=\"auto, (max-width: 750px) 100vw, 750px\" \/><figcaption class=\"wp-element-caption\">Utumizi wa Vifaa vya Kufunga Kiotomatiki<\/figcaption><\/figure>    <h2 class=\"wp-block-heading\">Muundo wa mashine ya kuweka kiotomatiki<\/h2>    <p>Kifaa cha kufungia kina skrini ya kugusa, ukanda wa conveyor na baffle, motor ya kawaida, motor stepper, magurudumu manne ya msuguano, upana wa kofia ya shinikizo, gurudumu la kurekebisha urefu wa gurudumu la msuguano, ukanda wa conveyor upande, gurudumu la kurekebisha urefu kwa kuweka ukanda wa kusafirisha chupa, pana. gurudumu la kurekebisha kwa kuweka chupa ukanda wa kusafirisha, nk Mwili wake umetengenezwa kwa chuma cha pua.<\/p>    <h2 class=\"wp-block-heading\">Baadhi ya maelezo ya vifaa vya capping <\/h2>    <ul class=\"wp-block-list\"> <li><strong>Magurudumu ya msuguano<\/strong><\/li> <\/ul>    <p>Kofia imefungwa kwa nguvu na magurudumu ya msuguano chini ya udhibiti wa motor. Magurudumu ya taya nne ya msuguano hubana na kuzungusha kofia ya skrubu ya plastiki wakati kigunduzi kinapokagua chupa kwa ajili ya kufungwa.<\/p>    <ul class=\"wp-block-list\"> <li><strong>Jicho la umeme<\/strong><\/li> <\/ul>    <p>Jicho la photoelectric hutumiwa kuchunguza chupa. Inapogundua chupa, magurudumu ya msuguano yataanza kufanya kazi.<\/p>    <ul class=\"wp-block-list\"> <li><strong>Bonyeza wijeti ya kofia<\/strong><\/li> <\/ul>    <p>Wijeti ndogo katika magurudumu ya msuguano ya taya nne inaweza kubofya kifuniko cha chupa ili kuzuia chupa kuteleza wakati wa mchakato wa kukokotoa. Kwa hivyo vifaa vinafaa kwa chupa ngumu zaidi.<\/p>    <ul class=\"wp-block-list\"> <li><strong>Ukanda wa conveyor na motor<\/strong><\/li> <\/ul>    <p>Ukanda wa conveyor husogea kupitia uendeshaji wa injini, na huduma ya ubinafsishaji inapatikana kwa ukanda wa conveyor kulingana na saizi ya chupa au makopo.<\/p>    <ul class=\"wp-block-list\"> <li>Gurudumu la kurekebisha urefu wa gurudumu la msuguano<\/li> <\/ul>    <p>Gurudumu la kurekebisha urefu wa gurudumu la msuguano linaweza kurekebisha urefu wa gurudumu la msuguano wa taya nne kulingana na urefu wa mdomo wa chupa.<\/p>    <ul class=\"wp-block-list\"> <li><strong>Ukanda wa upande wa conveyor na kifaa cha kurekebisha<\/strong><\/li> <\/ul>    <p>Ukanda wa conveyor wa upande unaendeshwa na motor inayozidi, ambayo inaweza kulisha chupa kwa usahihi chini ya gurudumu la screw ya taya nne. Gurudumu la kurekebisha upana wa ukanda wa kusafirisha chupa unaweza kurekebisha upana wa baffle ya upande ili kuwezesha kubana kwa chupa ili kukokotwa. Gurudumu la kurekebisha urefu kwa ukanda wa conveyor unaweza kurekebisha urefu wa ukanda wa conveyor wa upande.<\/p>    <ul class=\"wp-block-list\"> <li><strong>Skrini ya kugusa<\/strong><\/li> <\/ul>    <p>Skrini ya kugusa inaweza kuweka kasi ya kukimbia ya ukanda wa conveyor, muda wa kuweka kizuizi, na umbali wa kukimbia wa ukanda wa conveyor wa upande.<\/p>","protected":false},"excerpt":{"rendered":"<p>Automatic capping machine is suitable for various plastic round caps with screw threads. It widely applies to many foods, beverages, daily necessities, cosmetics, medicines, oil, etc. The equipment adopts stainless steel, which is durable and convenient for maintenance. The automatic capping machine with four frictional wheels rotates and tightens round caps through ordinary motor. The [&hellip;]<\/p>\n","protected":false},"author":1,"featured_media":2256,"parent":0,"template":"","tags":[168],"product-type":[144],"class_list":["post-2241","product","type-product","status-publish","has-post-thumbnail","hentry","tag-capping-machine","product-type-supporting-equipment"],"_links":{"self":[{"href":"https:\/\/tianhuipackingmachine.com\/sw\/wp-json\/wp\/v2\/product\/2241","targetHints":{"allow":["GET"]}}],"collection":[{"href":"https:\/\/tianhuipackingmachine.com\/sw\/wp-json\/wp\/v2\/product"}],"about":[{"href":"https:\/\/tianhuipackingmachine.com\/sw\/wp-json\/wp\/v2\/types\/product"}],"author":[{"embeddable":true,"href":"https:\/\/tianhuipackingmachine.com\/sw\/wp-json\/wp\/v2\/users\/1"}],"wp:featuredmedia":[{"embeddable":true,"href":"https:\/\/tianhuipackingmachine.com\/sw\/wp-json\/wp\/v2\/media\/2256"}],"wp:attachment":[{"href":"https:\/\/tianhuipackingmachine.com\/sw\/wp-json\/wp\/v2\/media?parent=2241"}],"wp:term":[{"taxonomy":"post_tag","embeddable":true,"href":"https:\/\/tianhuipackingmachine.com\/sw\/wp-json\/wp\/v2\/tags?post=2241"},{"taxonomy":"product-type","embeddable":true,"href":"https:\/\/tianhuipackingmachine.com\/sw\/wp-json\/wp\/v2\/product-type?post=2241"}],"curies":[{"name":"wp","href":"https:\/\/api.w.org\/{rel}","templated":true}]}}