{"id":1704,"date":"2021-07-02T18:39:31","date_gmt":"2021-07-02T10:39:31","guid":{"rendered":"https:\/\/tianhuipackingmachine.com\/?page_id=1704"},"modified":"2024-12-03T16:23:14","modified_gmt":"2024-12-03T08:23:14","slug":"soap-packaging-machines","status":"publish","type":"product","link":"https:\/\/tianhuipackingmachine.com\/sw\/soap-packaging-machines\/","title":{"rendered":"Mashine ya kupakia sabuni"},"content":{"rendered":"<p class=\"translation-block\">Shuliy <strong>maskins f\u00f6r f\u00f6rpackning av tv\u00e5l<\/strong> \u00e4r en kuddf\u00f6rpackningsmaskin som helt automatiskt paketerar olika former av tv\u00e5l, s\u00e5som sopa kub, toalett-tv\u00e5l, rund tv\u00e5l osv. i p\u00e5sar. Den anv\u00e4nds i stor utstr\u00e4ckning inom branscherna f\u00f6r dagligvaror och reng\u00f6ringsmedel<\/p>    <p>Kasi ya upakiaji ni mifuko 5-200 kwa dakika, inaweza kubadilishwa kulingana na mahitaji ya biashara yako. Kwa ufanisi wake wa juu, bei nzuri na ubinafsishaji, mashine hii ya kufunga sabuni ya bar imesafirishwa kwenda UAE, Georgia, Uganda, nk.<\/p>    <p>Je, unatafuta mashine ya kufunga sabun? Karibu uwasiliane nasi kwa maelezo zaidi.<\/p>   <figure class=\"wp-block-embed-youtube wp-block-embed is-type-video is-provider-youtube wp-embed-aspect-16-9 wp-has-aspect-ratio\"><div class=\"lyte-wrapper\" title=\"Mashine ya kufungasha sabuni otomatiki | Mashine ya kufunga sabuni ya kasi ya juu #soapping\" style=\"width:853px;max-width:100%;margin:5px auto;\"><div class=\"lyMe\" id=\"WYL_tHWV9_ADpxs\" itemprop=\"video\" itemscope itemtype=\"https:\/\/schema.org\/VideoObject\"><div><meta itemprop=\"thumbnailUrl\" content=\"https:\/\/i.ytimg.com\/vi\/tHWV9_ADpxs\/hqdefault.jpg\" \/><meta itemprop=\"embedURL\" content=\"https:\/\/www.youtube.com\/embed\/tHWV9_ADpxs\" \/><meta itemprop=\"duration\" content=\"PT2M32S\" \/><meta itemprop=\"uploadDate\" content=\"2024-12-03T03:46:36Z\" \/><\/div><div id=\"lyte_tHWV9_ADpxs\" data-src=\"https:\/\/i.ytimg.com\/vi\/tHWV9_ADpxs\/hqdefault.jpg\" class=\"pL\"><div class=\"tC\"><div class=\"tT\" itemprop=\"name\">Mashine ya kufungasha sabuni otomatiki | Mashine ya kufunga sabuni ya kasi ya juu #soapping<\/div><\/div><div class=\"play\"><\/div><div class=\"ctrl\"><div class=\"Lctrl\"><\/div><div class=\"Rctrl\"><\/div><\/div><\/div><noscript><a href=\"https:\/\/youtu.be\/tHWV9_ADpxs\" rel=\"nofollow noopener\" target=\"_blank\"><img loading=\"lazy\" decoding=\"async\" src=\"https:\/\/i.ytimg.com\/vi\/tHWV9_ADpxs\/0.jpg\" alt=\"Mashine ya kufungasha sabuni otomatiki | Mashine ya kufunga sabuni ya kasi ya juu #soapping\" width=\"853\" height=\"460\" \/><\/a><\/noscript><meta itemprop=\"description\" content=\"#soapwrapper #soappacking #packagingmachine #horizontalpackingmachine WhatsApp No.: https:\/\/wa.me\/+8613673689272 WeChat\/Tel No.:+8613673689272 Email: info@tianhuipackingmachine.com Website: https:\/\/tianhuipackingmachine.com\/soap-packaging-machines\/ Discover the efficiency of our automatic soap packaging machine in this high-speed demonstration. Perfect for packing bar soap, round soap, or custom-shaped soap, this machine ensures precise wrapping, durability, and attractive presentation. Designed for optimal performance, it supports a variety of packaging materials and styles, including transparent and printed film. Whether you&#039;re in cosmetics or cleaning product manufacturing, this machine adapts to your production needs. Contact us today for more details or a personalized solution for your packaging requirements! WhatsApp No.: https:\/\/wa.me\/+8613673689272 WeChat\/Tel No.:+8613673689272 Email: info@tianhuipackingmachine.com Website: https:\/\/tianhuipackingmachine.com\/soap-packaging-machines\/\"><\/div><\/div><div class=\"lL\" style=\"max-width:100%;width:853px;margin:5px auto;\"> <a href=\"https:\/\/youtu.be\/tHWV9_ADpxs\" target=\"_blank\" rel=\"noopener\">Tazama video hii kwenye YouTube<\/a>.<\/div><figcaption>video ya mashine ya kufunga baa<\/figcaption><\/figure>   <h2 class=\"wp-block-heading\" id=\"h-soap-packaging-machine-for-sale\"><strong>Mashine ya kufunga mchemraba wa sabuni yenye ubora wa juu inauzwa<\/strong><\/h2>    <p>Kama mtengenezaji na muuzaji mtaalamu wa mashine ya kufungashia, mashine mbalimbali za ufungaji wa sabuni zinapatikana kwa ajili ya kuuza. Mifano kuu ni pamoja na SL-250, SL-350, SL-450 na SL-600. Ifuatayo ni maelezo ya kigezo cha mashine ya kufunga sabuni ya SL-350 kwa marejeleo yako.<\/p>    <p>Ikiwa unataka kujua zaidi kuhusu vigezo vya mashine, karibu kuwasiliana nasi!<\/p>    <div class=\"wp-block-columns is-layout-flex wp-container-core-columns-is-layout-28f84493 wp-block-columns-is-layout-flex\"> <div class=\"wp-block-column is-layout-flow wp-block-column-is-layout-flow\"> <figure class=\"wp-block-image size-full\"><img loading=\"lazy\" decoding=\"async\" width=\"600\" height=\"450\" src=\"https:\/\/tianhuipackingmachine.com\/wp-content\/uploads\/2021\/12\/soap-packaging-machine.jpg\" alt=\"mashine ya kupakia sabuni\" class=\"wp-image-3590\" srcset=\"https:\/\/tianhuipackingmachine.com\/wp-content\/uploads\/2021\/12\/soap-packaging-machine.jpg 600w, https:\/\/tianhuipackingmachine.com\/wp-content\/uploads\/2021\/12\/soap-packaging-machine-480x360.jpg 480w\" sizes=\"auto, (max-width: 600px) 100vw, 600px\" \/><figcaption class=\"wp-element-caption\">Mashine ya Kufunga Sabuni<\/figcaption><\/figure> <\/div>    <div class=\"wp-block-column is-vertically-aligned-center is-layout-flow wp-block-column-is-layout-flow\"> <h3 class=\"wp-block-heading has-text-color\" id=\"h-th-250-pillow-packing-equipment-parameters\" style=\"color:#ff5200\">SL-350 Vigezo vya Vifaa vya Kufunga Mto<\/h3>    <ul class=\"wp-block-list\"> <li>Urefu wa mfuko: 100-600mm<\/li>    <li>Upana wa mfuko: 50-160mm<\/li>    <li>Urefu wa bidhaa: max.70mm<\/li>    <li>Kasi ya Ufungashaji: Mifuko 5-200\/min<\/li>    <li>Nguvu:220V, 50\/60Hz, 2.4KVA<\/li>    <li>Uzito: 800kg<\/li>    <li>Kipimo: (L)4020*(W)720*(H)1450mm<\/li>    <li>Kumbuka: inaweza kubinafsishwa<\/li> <\/ul> <\/div> <\/div>    <h2 class=\"wp-block-heading\" id=\"h-features-of-soap-wrapping-machine\"><strong>Manufaa ya mashine ya kufunga sabuni otomatiki<\/strong><\/h2>    <ul class=\"wp-block-list\"> <li>Inaweza <strong>mfuko 5-200 mifuko ya sabuni ndani ya dakika moja<\/strong>, ambayo ina ufanisi mkubwa.<\/li>    <li>Mashine ya kufunga mifuko ya sabuni ya Shuliy ina <strong>urefu wa juu wa bidhaa ni 100mm, urefu wa mfuko wa 100-600mm, na upana wa mfuko wa 50-280mm.<\/strong>.<\/li>    <li>Vifaa vya kufunika vya sabuni vinaweza kuwa tofauti, kusaidia <strong>filamu ya uwazi, filamu iliyochapishwa<\/strong>, nk.<\/li>    <li>Unaweza <strong>rekebisha vigezo kwenye paneli ya kudhibiti PLC<\/strong>, rahisi na rahisi kutumia.<\/li>    <li>Kulingana na mahitaji yako, <strong>kisu kimoja, kisu mara mbili na kisu tatu<\/strong> ni hiari.<\/li>    <li>Tunaweza <strong>Customize voltage ya mashine, nguvu, rangi<\/strong>, nk ili kukidhi mahitaji yako.<\/li> <\/ul>    <figure class=\"wp-block-image size-large\"><img loading=\"lazy\" decoding=\"async\" width=\"667\" height=\"500\" src=\"https:\/\/tianhuipackingmachine.com\/wp-content\/uploads\/2024\/05\/soap-packing-machine-667x500.webp\" alt=\"mashine ya kufunga sabuni\" class=\"wp-image-6673\" srcset=\"https:\/\/tianhuipackingmachine.com\/wp-content\/uploads\/2024\/05\/soap-packing-machine-667x500.webp 667w, https:\/\/tianhuipackingmachine.com\/wp-content\/uploads\/2024\/05\/soap-packing-machine-480x360.webp 480w, https:\/\/tianhuipackingmachine.com\/wp-content\/uploads\/2024\/05\/soap-packing-machine-16x12.webp 16w, https:\/\/tianhuipackingmachine.com\/wp-content\/uploads\/2024\/05\/soap-packing-machine.webp 720w\" sizes=\"auto, (max-width: 667px) 100vw, 667px\" \/><figcaption class=\"wp-element-caption\">Mashine ya Kufunga Sabuni<\/figcaption><\/figure>    <h2 class=\"wp-block-heading\" id=\"h-various-applications-of-soap-packaging-machine\"><strong>Matumizi mbalimbali ya mashine ya kupakia sabuni ya baa<\/strong><\/h2>    <p>Mashine yetu ya kupakia sabuni ya choo inatumika sana kwa saizi tofauti za sabuni. Inafaa kwa:<\/p>    <p>Sabuni ya mraba, sabuni ya mviringo, sadun ya mviringo, mchemraba wa sabuni, sabuni ya bar, sabuni ya choo, sabuni ya kuoga, sabuni ya mtoto, na wengine. <\/p>    <p class=\"translation-block\">F\u00f6rutom tv\u00e5lf\u00f6rpackning kan denna <a href=\"https:\/\/tianhuipackingmachine.com\/sw\/pillow-packing-machine\/\">horisontella kuddf\u00f6rpackningsmaskinen<\/a> f\u00f6rpacka masker, handdukar, kl\u00e4der, tr\u00e4arbete, br\u00f6d, m\u00e5nkaka, kex, gr\u00f6nsaker, frukt osv. <\/p>    <p>Ikiwa pia ungependa kufunga bidhaa zingine, unaweza pia kuwasiliana nasi na kupata maelezo zaidi.<\/p>    <figure class=\"wp-block-image size-large\"><img loading=\"lazy\" decoding=\"async\" width=\"750\" height=\"500\" src=\"https:\/\/tianhuipackingmachine.com\/wp-content\/uploads\/2022\/01\/soap-bar-packaging-style-display-750x500.jpg\" alt=\"onyesho la mtindo wa upakiaji wa upau wa sabuni\" class=\"wp-image-4787\" srcset=\"https:\/\/tianhuipackingmachine.com\/wp-content\/uploads\/2022\/01\/soap-bar-packaging-style-display.jpg 750w, https:\/\/tianhuipackingmachine.com\/wp-content\/uploads\/2022\/01\/soap-bar-packaging-style-display-480x320.jpg 480w\" sizes=\"auto, (max-width: 750px) 100vw, 750px\" \/><figcaption class=\"wp-element-caption\">Onyesho la Mtindo wa Ufungaji wa Baa ya Sabuni<\/figcaption><\/figure>    <h2 class=\"wp-block-heading\" id=\"h-structures-and-details-about-soap-packing-machine\"><strong>Maelezo ya kimuundo kuhusu mashine ya kufunga sabuni ya kuoga<\/strong><\/h2>    <p>Mashine hii ya kupakia sabun ina paneli ya kudhibiti PLC, jukwaa la kulisha chuma cha pua, ukanda wa kusafirisha, kifaa cha roll ya filamu, mfuko wa zamani, magurudumu ya filamu ya kuvuta, kikata cha kuziba joto, nk. <\/p>    <ul class=\"wp-block-list\"> <li>Paneli dhibiti ya PLC: sanidi lugha, kasi ya upakiaji, urefu wa begi, swichi ya ufuatiliaji wa macho ya picha, halijoto ya kati na mwisho ya kuziba, n.k. <\/li>    <li>Jukwaa la kulisha na ukanda wa conveyor: kutoa huduma kwa kuweka vifaa katika safu.<\/li>    <li>Ukanda wa conveyor wa filamu ya Servo: akili zaidi, hugundua urefu wa nyenzo na filamu ya kuokoa.<\/li>    <li>Kifaa cha roll ya filamu: weka filamu tayari kwa ufungaji wa sabuni ya mikono.<\/li>    <li>Kuvuta magurudumu ya filamu: kuwajibika kwa kuvuta filamu, kuhakikisha filamu inasonga mbele.<\/li>    <li>Mkataji wa kuziba joto: kata filamu ili kufanana na urefu tofauti wa mfuko.<\/li> <\/ul>    <figure class=\"wp-block-gallery has-nested-images columns-default is-cropped wp-block-gallery-2 is-layout-flex wp-block-gallery-is-layout-flex\"> <figure class=\"wp-block-image size-large\"><img loading=\"lazy\" decoding=\"async\" width=\"600\" height=\"450\" data-id=\"4040\" src=\"https:\/\/tianhuipackingmachine.com\/wp-content\/uploads\/2021\/12\/servo-belt-conveying-type.jpg\" alt=\"aina ya kusambaza ukanda wa servo\" class=\"wp-image-4040\" srcset=\"https:\/\/tianhuipackingmachine.com\/wp-content\/uploads\/2021\/12\/servo-belt-conveying-type.jpg 600w, https:\/\/tianhuipackingmachine.com\/wp-content\/uploads\/2021\/12\/servo-belt-conveying-type-480x360.jpg 480w\" sizes=\"auto, (max-width: 600px) 100vw, 600px\" \/><figcaption class=\"wp-element-caption\">Aina ya Usafirishaji wa Ukanda wa Servo<\/figcaption><\/figure>    <figure class=\"wp-block-image size-large\"><img loading=\"lazy\" decoding=\"async\" width=\"600\" height=\"450\" data-id=\"4034\" src=\"https:\/\/tianhuipackingmachine.com\/wp-content\/uploads\/2021\/12\/chain-and-lock-catches-feeding-type.jpg\" alt=\"mnyororo na kufuli hushika aina ya kulisha\" class=\"wp-image-4034\" srcset=\"https:\/\/tianhuipackingmachine.com\/wp-content\/uploads\/2021\/12\/chain-and-lock-catches-feeding-type.jpg 600w, https:\/\/tianhuipackingmachine.com\/wp-content\/uploads\/2021\/12\/chain-and-lock-catches-feeding-type-480x360.jpg 480w\" sizes=\"auto, (max-width: 600px) 100vw, 600px\" \/><figcaption class=\"wp-element-caption\">Aina ya Kulisha Chain Na Lock Catch<\/figcaption><\/figure>    <figure class=\"wp-block-image size-large\"><img loading=\"lazy\" decoding=\"async\" width=\"750\" height=\"500\" data-id=\"4035\" src=\"https:\/\/tianhuipackingmachine.com\/wp-content\/uploads\/2021\/12\/end-sealing-and-cutting-device-three-cutters-750x500.jpg\" alt=\"kifaa cha mwisho cha kuziba na kukata (vikataji vitatu)\" class=\"wp-image-4035\" srcset=\"https:\/\/tianhuipackingmachine.com\/wp-content\/uploads\/2021\/12\/end-sealing-and-cutting-device-three-cutters.jpg 750w, https:\/\/tianhuipackingmachine.com\/wp-content\/uploads\/2021\/12\/end-sealing-and-cutting-device-three-cutters-480x320.jpg 480w\" sizes=\"auto, (max-width: 750px) 100vw, 750px\" \/><figcaption class=\"wp-element-caption\">Maliza Kifaa cha Kufunga na Kukata (Vikata Tatu)<\/figcaption><\/figure> <\/figure>    <figure class=\"wp-block-gallery has-nested-images columns-default is-cropped wp-block-gallery-3 is-layout-flex wp-block-gallery-is-layout-flex\"> <figure class=\"wp-block-image size-large\"><img loading=\"lazy\" decoding=\"async\" width=\"750\" height=\"500\" data-id=\"4039\" src=\"https:\/\/tianhuipackingmachine.com\/wp-content\/uploads\/2021\/12\/PLC-control-panel-of-pillow-packaging-equipment-750x500.jpg\" alt=\"Jopo la kudhibiti PLC la vifaa vya ufungaji vya mto\" class=\"wp-image-4039\" srcset=\"https:\/\/tianhuipackingmachine.com\/wp-content\/uploads\/2021\/12\/PLC-control-panel-of-pillow-packaging-equipment.jpg 750w, https:\/\/tianhuipackingmachine.com\/wp-content\/uploads\/2021\/12\/PLC-control-panel-of-pillow-packaging-equipment-480x320.jpg 480w\" sizes=\"auto, (max-width: 750px) 100vw, 750px\" \/><figcaption class=\"wp-element-caption\">Paneli ya Kudhibiti ya Plc ya Vifaa vya Ufungaji vya Mto<\/figcaption><\/figure>    <figure class=\"wp-block-image size-large\"><img loading=\"lazy\" decoding=\"async\" width=\"600\" height=\"450\" data-id=\"4038\" src=\"https:\/\/tianhuipackingmachine.com\/wp-content\/uploads\/2021\/12\/mid-sealing-device-for-upper-film-equipment.jpg\" alt=\"kifaa cha kuziba katikati kwa vifaa vya filamu ya juu\" class=\"wp-image-4038\" srcset=\"https:\/\/tianhuipackingmachine.com\/wp-content\/uploads\/2021\/12\/mid-sealing-device-for-upper-film-equipment.jpg 600w, https:\/\/tianhuipackingmachine.com\/wp-content\/uploads\/2021\/12\/mid-sealing-device-for-upper-film-equipment-480x360.jpg 480w\" sizes=\"auto, (max-width: 600px) 100vw, 600px\" \/><figcaption class=\"wp-element-caption\">Kifaa cha Kufunga cha Kati cha Vifaa vya Filamu ya Juu<\/figcaption><\/figure>    <figure class=\"wp-block-image size-large\"><img loading=\"lazy\" decoding=\"async\" width=\"600\" height=\"450\" data-id=\"4037\" src=\"https:\/\/tianhuipackingmachine.com\/wp-content\/uploads\/2021\/12\/mid-sealing-device-for-down-film-roll-equipment.jpg\" alt=\"kifaa cha kuziba cha kati kwa vifaa vya roll ya chini-filamu\" class=\"wp-image-4037\" srcset=\"https:\/\/tianhuipackingmachine.com\/wp-content\/uploads\/2021\/12\/mid-sealing-device-for-down-film-roll-equipment.jpg 600w, https:\/\/tianhuipackingmachine.com\/wp-content\/uploads\/2021\/12\/mid-sealing-device-for-down-film-roll-equipment-480x360.jpg 480w\" sizes=\"auto, (max-width: 600px) 100vw, 600px\" \/><figcaption class=\"wp-element-caption\">Kifaa cha Kufunga cha Kati cha Vifaa vya Roll-Film Roll<\/figcaption><\/figure> <\/figure>    <h2 class=\"wp-block-heading\" id=\"h-what-affects-the-soap-packing-machine-price\"><strong>Ni nini kinachoathiri bei ya mashine ya kufunga sabuni?<\/strong><\/h2>    <p>Bei ya mashine ya ufungaji wa sabuni ya moja kwa moja inahusiana kwa karibu na vipengele vya vifaa. <\/p>    <ul class=\"wp-block-list\"> <li>Kwanza, upana wa ukanda wa conveyor na mfuko wa zamani umeundwa kwa ajili ya vitu vya kufunga. Gharama zao hutofautiana kwa ukubwa. <\/li>    <li>Pili, kuna ukanda wa conveyor wa filamu ya servo na ukanda wa kupitisha na mnyororo na vitalu vya kufuli kwa hiari. Ya kwanza ni ghali zaidi kuliko ya mwisho. <\/li>    <li>Tatu, gharama ya cutter moja, cutter mbili na tatu cutter inatofautiana. Zaidi ya visu za kukata ina, bei ya juu.<\/li>    <li>Nne, unahitaji vifaa vingine? Kama vile vichapishi vya tarehe, sifongo, brashi, na kadhalika. Vifaa vya ziada zaidi unavyo, bei ya juu.<\/li> <\/ul>    <p>Yote hapo juu ni sababu zinazoweza kuathiri bei ya mwisho ya mashine ndogo ya kufungia sabuni. Wasiliana nasi kwa bei nzuri zaidi.<\/p>    <figure class=\"wp-block-image size-large\"><img loading=\"lazy\" decoding=\"async\" width=\"667\" height=\"500\" src=\"https:\/\/tianhuipackingmachine.com\/wp-content\/uploads\/2024\/05\/automatic-soap-packing-machine-for-sale-667x500.webp\" alt=\"mashine ya kufunga sabuni otomatiki inauzwa\" class=\"wp-image-6674\" srcset=\"https:\/\/tianhuipackingmachine.com\/wp-content\/uploads\/2024\/05\/automatic-soap-packing-machine-for-sale-667x500.webp 667w, https:\/\/tianhuipackingmachine.com\/wp-content\/uploads\/2024\/05\/automatic-soap-packing-machine-for-sale-480x360.webp 480w, https:\/\/tianhuipackingmachine.com\/wp-content\/uploads\/2024\/05\/automatic-soap-packing-machine-for-sale-16x12.webp 16w, https:\/\/tianhuipackingmachine.com\/wp-content\/uploads\/2024\/05\/automatic-soap-packing-machine-for-sale.webp 720w\" sizes=\"auto, (max-width: 667px) 100vw, 667px\" \/><figcaption class=\"wp-element-caption\">Mashine ya Kufunga Sabuni ya Kiotomatiki Inauzwa<\/figcaption><\/figure>    <h2 class=\"wp-block-heading\" id=\"h-why-choose-us-as-your-top-manufacturer-and-supplier\"><strong>Kwa nini utuchague kama mtengenezaji wako wa juu wa mashine ya ufungaji wa sabuni?<\/strong><\/h2>    <p>Kuna watengenezaji wengi wa mashine za kufunga sabuni otomatiki sokoni, lakini kwa nini tuchague sisi kama wasambazaji? Pointi kuu ni kama ifuatavyo:<\/p>    <ul class=\"wp-block-list\"> <li>Uzoefu tajiri katika kubuni, kutafiti, kutengeneza, na kusambaza aina mbali mbali za mashine za kufunga <ul class=\"wp-block-list\"> <li>Ilianzishwa mwaka 1992, Shuliy imekuwa katika sekta ya kufunga mashine kwa zaidi ya miongo ya miaka. Mashine yetu ya kufunga mchemraba wa sabuni ya kuoga ina sifa nzuri kwa ubora wake mzuri na bei ya ushindani.<\/li> <\/ul> <\/li>    <li>Ukaguzi mkali na mfumo wa utoaji wa mashine zetu <ul class=\"wp-block-list\"> <li>Kabla ya usafirishaji, tutakutumia picha na video ili uangalie. Kwa kawaida, tunapakia mashine kwenye masanduku ya mbao ili kuzuia uharibifu wakati wa usafirishaji.<\/li> <\/ul> <\/li> <\/ul>    <figure class=\"wp-block-gallery has-nested-images columns-default is-cropped wp-block-gallery-4 is-layout-flex wp-block-gallery-is-layout-flex\"> <figure class=\"wp-block-image size-large\"><img loading=\"lazy\" decoding=\"async\" width=\"750\" height=\"500\" data-id=\"4080\" src=\"https:\/\/tianhuipackingmachine.com\/wp-content\/uploads\/2021\/12\/packing-display-of-the-machine-before-shipment-750x500.jpg\" alt=\"maonyesho ya kufunga ya mashine kabla ya usafirishaji\" class=\"wp-image-4080\" srcset=\"https:\/\/tianhuipackingmachine.com\/wp-content\/uploads\/2021\/12\/packing-display-of-the-machine-before-shipment.jpg 750w, https:\/\/tianhuipackingmachine.com\/wp-content\/uploads\/2021\/12\/packing-display-of-the-machine-before-shipment-480x320.jpg 480w\" sizes=\"auto, (max-width: 750px) 100vw, 750px\" \/><figcaption class=\"wp-element-caption\">Kupakia Onyesho la Mashine Kabla ya Kusafirishwa<\/figcaption><\/figure>    <figure class=\"wp-block-image size-large\"><img loading=\"lazy\" decoding=\"async\" width=\"750\" height=\"500\" data-id=\"4078\" src=\"https:\/\/tianhuipackingmachine.com\/wp-content\/uploads\/2021\/12\/packaged-in-wooden-cases-750x500.jpg\" alt=\"vifurushi katika kesi za mbao\" class=\"wp-image-4078\" srcset=\"https:\/\/tianhuipackingmachine.com\/wp-content\/uploads\/2021\/12\/packaged-in-wooden-cases.jpg 750w, https:\/\/tianhuipackingmachine.com\/wp-content\/uploads\/2021\/12\/packaged-in-wooden-cases-480x320.jpg 480w\" sizes=\"auto, (max-width: 750px) 100vw, 750px\" \/><figcaption class=\"wp-element-caption\">Imefungwa Katika Kesi za Mbao<\/figcaption><\/figure> <\/figure>    <ul class=\"wp-block-list\"> <li>Huduma ya baada ya mauzo <ul class=\"wp-block-list\"> <li>Mwongozo wa Kiingereza na video zimetolewa ili kukusaidia kusakinisha na kuendesha mashine. Ikiwa una maswali yoyote kuhusu bidhaa zetu, huduma ya mtandaoni ya saa 24 inapatikana.<\/li> <\/ul> <\/li>    <li>Huduma ya ubinafsishaji <ul class=\"wp-block-list\"> <li>Tunaweza kubinafsisha mashine ya kufunga sabuni ya choo kulingana na mahitaji yako maalum. Na tunaweza kubinafsisha voltage kulingana na nchi yako.<\/li> <\/ul> <\/li> <\/ul>    <h2 class=\"wp-block-heading\" id=\"h-get-in-touch-with-us\"><strong>Wasiliana nasi!<\/strong><\/h2>    <p class=\"translation-block\">Om du har fr\u00e5gor eller vill veta mer om v\u00e5r f\u00f6rpackningsmaskin f\u00f6r <a href=\"https:\/\/en.wikipedia.org\/wiki\/Soap\" target=\"_blank\" rel=\"noopener\">tv\u00e5l<\/a>, v\u00e4nligen kontakta oss. Vi kommer att ge dig professionella svar och kvalitetstj\u00e4nster!<\/p>   <figure class=\"wp-block-embed-youtube wp-block-embed is-type-video is-provider-youtube wp-embed-aspect-16-9 wp-has-aspect-ratio lyte-align aligncenter\"><div class=\"lyte-wrapper\" title=\"Mashine ya Kufunga Sabuni | Mashine ya Kufunga Mtiririko wa Sabuni Mlalo\" style=\"width:853px;max-width:100%;margin:5px auto;\"><div class=\"lyMe\" id=\"WYL_NqpZTmjrjgc\" itemprop=\"video\" itemscope itemtype=\"https:\/\/schema.org\/VideoObject\"><div><meta itemprop=\"thumbnailUrl\" content=\"https:\/\/i.ytimg.com\/vi\/NqpZTmjrjgc\/hqdefault.jpg\" \/><meta itemprop=\"embedURL\" content=\"https:\/\/www.youtube.com\/embed\/NqpZTmjrjgc\" \/><meta itemprop=\"duration\" content=\"PT44S\" \/><meta itemprop=\"uploadDate\" content=\"2021-10-22T05:55:46Z\" \/><\/div><div id=\"lyte_NqpZTmjrjgc\" data-src=\"https:\/\/i.ytimg.com\/vi\/NqpZTmjrjgc\/hqdefault.jpg\" class=\"pL\"><div class=\"tC\"><div class=\"tT\" itemprop=\"name\">Mashine ya Kufunga Sabuni | Mashine ya Kufunga Mtiririko wa Sabuni Mlalo<\/div><\/div><div class=\"play\"><\/div><div class=\"ctrl\"><div class=\"Lctrl\"><\/div><div class=\"Rctrl\"><\/div><\/div><\/div><noscript><a href=\"https:\/\/youtu.be\/NqpZTmjrjgc\" rel=\"nofollow noopener\" target=\"_blank\"><img loading=\"lazy\" decoding=\"async\" src=\"https:\/\/i.ytimg.com\/vi\/NqpZTmjrjgc\/0.jpg\" alt=\"Mashine ya Kufunga Sabuni | Mashine ya Kufunga Mtiririko wa Sabuni Mlalo\" width=\"853\" height=\"460\" \/><\/a><\/noscript><meta itemprop=\"description\" content=\"For more details: https:\/\/tianhuipackingmachine.com\/soap-packaging-machines\/ sales@toppackingmachine.com Whatsapp\/Tel: +86 17329326135 Soap packing machine is a kind of horizontal flow wrapping machine. It is widely used to package various shapes of soaps. With two electric motors and intelligent PLC control system, the soap wrapping machine is easy to operate and is super-efficient. Besides, different models of soap packing machine are available to fit different soap sizes. And we support customization service. Henan Top Packing Machinery Co., Ltd is a professional packing machine manufacturer and supplier. Our soap packaging machines have the features of good performance and affordable price. Welcome to get in touch with us for more details.\"><\/div><\/div><div class=\"lL\" style=\"max-width:100%;width:853px;margin:5px auto;\"> <a href=\"https:\/\/youtu.be\/NqpZTmjrjgc\" target=\"_blank\" rel=\"noopener\">Tazama video hii kwenye YouTube<\/a>.<\/div><figcaption>Video ya kazi ya mashine ya kufunga sabuni ya mviringo<\/figcaption><\/figure>","protected":false},"excerpt":{"rendered":"<p>Mashine ya kufungashia sabuni ya Shuliy inapakia kiotomatiki maumbo mbalimbali ya sabuni, kama vile mchemraba wa sopa, sabuni ya choo, sabuni ya mviringo, n.k. kwenye mifuko.<\/p>","protected":false},"author":1,"featured_media":3590,"parent":0,"template":"","tags":[213],"product-type":[139],"class_list":["post-1704","product","type-product","status-publish","has-post-thumbnail","hentry","tag-flow-wrapping-machine","product-type-pillow-packing-machines"],"_links":{"self":[{"href":"https:\/\/tianhuipackingmachine.com\/sw\/wp-json\/wp\/v2\/product\/1704","targetHints":{"allow":["GET"]}}],"collection":[{"href":"https:\/\/tianhuipackingmachine.com\/sw\/wp-json\/wp\/v2\/product"}],"about":[{"href":"https:\/\/tianhuipackingmachine.com\/sw\/wp-json\/wp\/v2\/types\/product"}],"author":[{"embeddable":true,"href":"https:\/\/tianhuipackingmachine.com\/sw\/wp-json\/wp\/v2\/users\/1"}],"wp:featuredmedia":[{"embeddable":true,"href":"https:\/\/tianhuipackingmachine.com\/sw\/wp-json\/wp\/v2\/media\/3590"}],"wp:attachment":[{"href":"https:\/\/tianhuipackingmachine.com\/sw\/wp-json\/wp\/v2\/media?parent=1704"}],"wp:term":[{"taxonomy":"post_tag","embeddable":true,"href":"https:\/\/tianhuipackingmachine.com\/sw\/wp-json\/wp\/v2\/tags?post=1704"},{"taxonomy":"product-type","embeddable":true,"href":"https:\/\/tianhuipackingmachine.com\/sw\/wp-json\/wp\/v2\/product-type?post=1704"}],"curies":[{"name":"wp","href":"https:\/\/api.w.org\/{rel}","templated":true}]}}