{"id":1455,"date":"2021-06-25T10:31:26","date_gmt":"2021-06-25T02:31:26","guid":{"rendered":"https:\/\/tianhuipackingmachine.com\/?page_id=1455"},"modified":"2022-09-26T14:04:22","modified_gmt":"2022-09-26T06:04:22","slug":"automatic-packing-machine","status":"publish","type":"product","link":"https:\/\/tianhuipackingmachine.com\/sw\/automatic-packing-machine\/","title":{"rendered":"Mashine ya ufungaji otomatiki"},"content":{"rendered":"<p class=\"translation-block\"><strong>Automatiserad f\u00f6rpackningsmaskin<\/strong> har till\u00e4mpats p\u00e5 livsmedel, drycker, medicin, h\u00e5rdvara, snickeri, etc. Vi kan se f\u00f6rpackade produkter \u00f6verallt i v\u00e5rt dagliga liv. Olika f\u00f6rpackningstyper och storlekar har i h\u00f6g grad tillfredsst\u00e4llt m\u00e4nniskors behov. M\u00e4nniskor kommer inte bara att l\u00e4gga m\u00e4rke till produkten i sig utan ocks\u00e5 \u00f6verv\u00e4ga dess f\u00f6rpackning n\u00e4r de k\u00f6per n\u00e5got. En snygg och prydlig f\u00f6rpackning skulle attrahera m\u00e5nga kunder. Dessutom kan en utm\u00e4rkt automatiserad f\u00f6rpackningsmaskin kraftigt f\u00f6rb\u00e4ttra effektiviteten och spara arbetskraft. Enligt graden av automatisering delas f\u00f6rpackningsutrustningen in i helt automatiserade f\u00f6rpackningsmaskiner och semi-automatiska f\u00f6rpackningsmaskiner. Du kan v\u00e4lja en l\u00e4mplig f\u00f6rpackningsmaskin baserat p\u00e5 dina behov. Och vi erbjuder skr\u00e4ddarsydd service. Kontakta oss f\u00f6r att f\u00e5 mer information.<\/p>    <h2 class=\"wp-block-heading\" id=\"h-various-types-of-automatic-packing-machine-for-sale\"><strong>Aina mbalimbali za mashine ya kufunga moja kwa moja kwa ajili ya kuuza<\/strong><\/h2>    <p>Mashine ya ufungashaji otomatiki inayouzwa katika Mashine ya Ufungashaji ya TOP hasa ni mashine ya kupakia poda, vifaa vya upakiaji wa chembechembe, vifaa vya upakiaji kioevu, mashine ya kufunga utupu, vifaa vya ufungaji wima, mashine ya kufunga mto, nk. Poda, punjepunje, mashine za kufunga kioevu kawaida ni vifaa vya ufungaji vya wima. Mashine ya kupakia utupu hutumika kwa ajili ya kufungashia chakula kinachoharibika, kama vile nyama, matunda, mboga mboga, n.k. Wakati mashine ya kufunga mto inafaa kwa maumbo ya kawaida ya bidhaa, kama vile mkate, keki ya mwezi, biskuti, barakoa, nguo, na kadhalika. Ikiwa unataka kufunga mifuko kadhaa ndogo kwenye mfuko mmoja, ni vyema kuchagua vifaa vya ufungaji vya mto. Kando na hilo, pia tunatoa mashine maalum ya kufungasha kiotomatiki, kama mashine ya kiotomatiki ya kufunga begi ya chai ambayo inaweza kukamilisha mchakato mzima wa begi la ndani na upakiaji wa begi la nje kiotomatiki. Wakati huo huo, huduma ya ubinafsishaji inapatikana. Ikiwa una nia ya bidhaa zetu, wasiliana nasi kwa maelezo zaidi.<\/p>    <div class=\"wp-block-columns is-layout-flex wp-container-core-columns-is-layout-28f84493 wp-block-columns-is-layout-flex\"> <div class=\"wp-block-column is-layout-flow wp-block-column-is-layout-flow\"> <figure class=\"wp-block-image size-large\"><img loading=\"lazy\" decoding=\"async\" width=\"600\" height=\"450\" src=\"https:\/\/tianhuipackingmachine.com\/wp-content\/uploads\/2021\/06\/powder-pouch-packing-machine-2.jpg\" alt=\"poda pouch kufunga mashine wasambazaji\" class=\"wp-image-1351\" srcset=\"https:\/\/tianhuipackingmachine.com\/wp-content\/uploads\/2021\/06\/powder-pouch-packing-machine-2.jpg 600w, https:\/\/tianhuipackingmachine.com\/wp-content\/uploads\/2021\/06\/powder-pouch-packing-machine-2-300x225.jpg 300w\" sizes=\"auto, (max-width: 600px) 100vw, 600px\" \/><figcaption>Mashine ya Kufunga Kifuko cha Poda<\/figcaption><\/figure> <\/div>    <div class=\"wp-block-column is-layout-flow wp-block-column-is-layout-flow\"> <h3 class=\"has-text-color wp-block-heading\" id=\"h-1-80g-automatic-powder-packing-machine-parameters\" style=\"color:#ff5200\">1-80g vigezo vya mashine ya kufunga poda moja kwa moja<\/h3>    <ul class=\"wp-block-list\"><li>Mtindo wa Ufungashaji (Mtindo wa Mfuko): Muhuri wa pande 3 \/ muhuri wa nyuma \/ muhuri wa upande 4<\/li><li>Kasi ya kufunga: 20-80 mfuko \/ min<\/li><li>Matumizi ya Nguvu: 1.8kw<\/li><li>Matumizi ya Nguvu: 1.8kw<\/li><li>Uzito:\u00a0250kg<\/li><li>Vipimo: 650 * 1050 * 1950mm<\/li><li>Uzito wa pakiti: 0-80g<\/li><li>Upana wa begi: 20-150mm (badilisha begi la zamani)<\/li><li>Urefu wa mfuko: 30-180mm kurekebisha<\/li><li>Kumbuka: huduma maalum inapatikana<\/li><\/ul> <\/div> <\/div>    <div class=\"wp-block-columns is-layout-flex wp-container-core-columns-is-layout-28f84493 wp-block-columns-is-layout-flex\"> <div class=\"wp-block-column is-layout-flow wp-block-column-is-layout-flow\"> <figure class=\"wp-block-image size-large\"><img loading=\"lazy\" decoding=\"async\" width=\"600\" height=\"450\" src=\"https:\/\/tianhuipackingmachine.com\/wp-content\/uploads\/2021\/06\/automatic-granule-packing-machine.jpg\" alt=\"mashine ya kufunga granule moja kwa moja\" class=\"wp-image-1457\" srcset=\"https:\/\/tianhuipackingmachine.com\/wp-content\/uploads\/2021\/06\/automatic-granule-packing-machine.jpg 600w, https:\/\/tianhuipackingmachine.com\/wp-content\/uploads\/2021\/06\/automatic-granule-packing-machine-300x225.jpg 300w\" sizes=\"auto, (max-width: 600px) 100vw, 600px\" \/><figcaption>Mashine ya Kufunga Granule ya Kiotomatiki<\/figcaption><\/figure> <\/div>    <div class=\"wp-block-column is-layout-flow wp-block-column-is-layout-flow\"> <h3 class=\"has-text-color wp-block-heading\" id=\"h-th-320-granule-packing-machine-parameters\" style=\"color:#ff5200\">Vigezo vya Mashine ya Ufungashaji wa Granule ya TH-320<\/h3>    <ul class=\"wp-block-list\"><li>Mtindo wa mfuko: Muhuri wa nyuma<\/li><li>Kasi ya kufunga: 32-72 mfuko\/dak au \u00a050-100 mfuko\/dak<\/li><li>Urefu wa mfuko: 30-180 mm<\/li><li>Upana wa mfuko: 25-145mm (Inahitaji kubadilisha\u00a0\u00a0Ya Zamani)<\/li><li>Aina ya kujaza:\u00a022-220ml<\/li><li>Matumizi ya Nguvu: 1.8 KW<\/li><li>Uzito: 250kg<\/li><li>Vipimo: 650 * 1050 * 1950mm<\/li><li>Ukubwa wa katoni: 1100 * 750 * 1820mm<\/li><li>Kumbuka: Kifaa cha OEM kinapatikana<\/li><\/ul> <\/div> <\/div>    <div class=\"wp-block-columns is-layout-flex wp-container-core-columns-is-layout-28f84493 wp-block-columns-is-layout-flex\"> <div class=\"wp-block-column is-layout-flow wp-block-column-is-layout-flow\"> <figure class=\"wp-block-image size-large\"><img loading=\"lazy\" decoding=\"async\" width=\"600\" height=\"450\" src=\"https:\/\/tianhuipackingmachine.com\/wp-content\/uploads\/2021\/06\/automatic-liquid-packing-machine.jpg\" alt=\"mashine ya kufunga kioevu kiotomatiki\" class=\"wp-image-1460\" srcset=\"https:\/\/tianhuipackingmachine.com\/wp-content\/uploads\/2021\/06\/automatic-liquid-packing-machine.jpg 600w, https:\/\/tianhuipackingmachine.com\/wp-content\/uploads\/2021\/06\/automatic-liquid-packing-machine-300x225.jpg 300w\" sizes=\"auto, (max-width: 600px) 100vw, 600px\" \/><figcaption>Mashine ya Kupakia Kioevu Kiotomatiki<\/figcaption><\/figure> <\/div>    <div class=\"wp-block-column is-layout-flow wp-block-column-is-layout-flow\"> <h3 class=\"has-text-color wp-block-heading\" id=\"h-th-420-liquid-packaging-machine-parameters\" style=\"color:#ff5200\">Vigezo vya Mashine ya Ufungaji Kioevu ya TH-420<\/h3>    <ul class=\"wp-block-list\"><li>Aina: Mashine ya kufunga kioevu ya TH-420<\/li><li>Urefu wa mfuko: 80-300mm(L)<\/li><li>Upana wa mfuko: 50-200mm(W)<\/li><li>Kasi ya Ufungashaji: Mifuko 5-30\/min<\/li><li>Kiwango cha kupima: 5-1000ml<\/li><li>Matumizi ya hewa: 0.65mpa<\/li><li>Matumizi ya gesi:0.3m\u00b3\/dak<\/li><li>Voltage: 220V<\/li><li>Nguvu: 2.2KW<\/li><li>Kipimo:(L)1320mm\u00d7(W)950mm\u00d7(H)1360mm<\/li><li>Uzito: 540Kg<\/li><li>Kumbuka: Huduma maalum inapatikana<\/li><\/ul> <\/div> <\/div>    <div class=\"wp-block-columns is-layout-flex wp-container-core-columns-is-layout-28f84493 wp-block-columns-is-layout-flex\"> <div class=\"wp-block-column is-layout-flow wp-block-column-is-layout-flow\"> <figure class=\"wp-block-image size-full\"><img loading=\"lazy\" decoding=\"async\" width=\"600\" height=\"450\" src=\"https:\/\/tianhuipackingmachine.com\/wp-content\/uploads\/2021\/12\/automatic-pillow-packing-machine.jpg\" alt=\"mashine ya kufunga mto moja kwa moja\" class=\"wp-image-3611\" srcset=\"https:\/\/tianhuipackingmachine.com\/wp-content\/uploads\/2021\/12\/automatic-pillow-packing-machine.jpg 600w, https:\/\/tianhuipackingmachine.com\/wp-content\/uploads\/2021\/12\/automatic-pillow-packing-machine-480x360.jpg 480w\" sizes=\"auto, (max-width: 600px) 100vw, 600px\" \/><figcaption>Mashine ya Kufunga Mito ya Kiotomatiki<\/figcaption><\/figure> <\/div>    <div class=\"wp-block-column is-layout-flow wp-block-column-is-layout-flow\"> <h3 class=\"has-text-color wp-block-heading\" id=\"h-th-450-pillow-packing-equipment-parameters\" style=\"color:#ff5200\">Vigezo vya Vifaa vya Ufungashaji wa Pillow TH-450<\/h3>    <ul class=\"wp-block-list\" id=\"block-2b2732e3-9ecb-491e-b7cd-ef8fd6cac921\"><li>Upana wa filamu: upeo wa 450 mm<\/li><li>Urefu wa Mfuko: 130-450 mm<\/li><li>Upana wa Mfuko: 50-80 mm<\/li><li>Urefu wa Bidhaa: Max.70 mm<\/li><li>Ufungaji wa kasi: 30-180 mifuko \/ min<\/li><li>Nguvu:220V,50\/60HZ,2.6KVA<\/li><li>Uzito: 900 kg<\/li><li>Kipimo: 4020 * 745 * 1450 mm<\/li><li>Kumbuka: Ubinafsishaji unapatikana<\/li><\/ul> <\/div> <\/div>    <h2 class=\"wp-block-heading\" id=\"h-fully-automatic-packaging-machine-vs-semi-automatic-packing-machine\"><strong>Mashine ya ufungashaji otomatiki kabisa VS mashine ya kufunga otomatiki nusu<\/strong><\/h2>    <p>Kuna kufanana na tofauti kati ya vifaa vya upakiaji kamili-otomatiki na vifaa vya ufungashaji vya nusu otomatiki kama ifuatavyo. Kwanza, haijalishi mashine za kufungasha kiotomatiki kabisa au nusu otomatiki, ikilinganishwa na kazi\u00a0ya\u00a0kudhibitiwa kikamilifu, zote mbili huboresha ufanisi wa kazi kwa kiwango fulani. Pili, uzani wao na kujaza ni sahihi kabisa na rahisi. Tatu, mashine ya kufungasha kiotomatiki kikamilifu inaweza kukamilisha mchakato mzima wa kutengeneza begi, uchapishaji wa tarehe, uzani, kujaza, kuziba, kukata na kuhesabu. Wakati vifaa vya ufungashaji vya nusu-otomatiki vinahitaji wafanyikazi kuweka begi kwenye mashine kwa kujaza na kuziba. Kwa kifupi, kifaa cha upakiaji kiotomatiki kikamilifu huokoa muda zaidi, wafanyakazi, na kufanya kazi kwa ufanisi zaidi kuliko mashine ya upakiaji nusu otomatiki.<\/p>    <h2 class=\"wp-block-heading\" id=\"h-wide-applications-of-automatic-packing-machine\"><strong>Utumizi mpana wa mashine ya kufunga kiotomatiki<\/strong><\/h2>    <p>Vifaa vya kufunga kiotomatiki vinatumika sana katika aina mbalimbali za viwanda, kama vile viwanda vya chakula, matumizi ya kila siku ya kemikali, vipodozi, dawa, tumbaku, chai, vifaa, mkate, mavazi, kinywaji, mchuzi, nk Kulingana na hali ya kujaza. vifaa, vifaa vya ufungashaji otomatiki ni pamoja na poda, granule, kubandika, na mashine ya kufunga kioevu.<\/p>    <ul class=\"wp-block-list\"><li><strong><a href=\"https:\/\/tianhuipackingmachine.com\/sw\/powder-packing-machine\/\">Mashine ya kufunga poda<\/a><\/strong> inatumika kwa unga wa maziwa, unga wa kahawa, unga wa pilipili nyeusi, unga wa cumin, unga wa masala, unga wa dawa, unga, unga wa mahindi, nk.<\/li><li>The <strong><a href=\"https:\/\/tianhuipackingmachine.com\/sw\/granule-packing-machine\/\">mashine ya ufungaji ya granule<\/a><\/strong> yanafaa kwa kufunga maharagwe ya kahawa, chakula cha vitafunio, popcorn, chips, crackers za kamba, mchele, pipi, mbegu, nafaka, vidonge, mipira ndogo ya chuma, sabuni, nk.<\/li><li>The <strong><a href=\"https:\/\/tianhuipackingmachine.com\/sw\/liquid-packing-machine\/\">mashine ya kufunga kioevu<\/a><\/strong> afadhali pakiti kioevu chenye maji mengi, kama vile maji, maziwa, kahawa, juisi, bia, divai, mafuta ya kula, siki, mchuzi wa soya, na kadhalika.<\/li><li>Wakati kuweka vifaa vya kufunga hutumika kwa mchuzi wa chokoleti, mchuzi wa nyanya, mchuzi wa tambi, mavazi ya saladi, siagi ya karanga, jam, nk.<\/li><\/ul>    <p class=\"translation-block\">Dessutom kan fasta f\u00f6rem\u00e5l med regelbundna former packas av kuddformade f\u00f6rpackningsmaskiner, s\u00e5som handduk, mask, kl\u00e4der, br\u00f6d, kex, etc. Och det \u00e4r en bra id\u00e9 att anv\u00e4nda <strong><a href=\"https:\/\/tianhuipackingmachine.com\/sw\/vacuum-packaging-machine\/\">vakuumf\u00f6rpackningsmaskin<\/a><\/strong> f\u00f6r l\u00e4ttf\u00f6rg\u00e4ngliga livsmedel, som f\u00e4rskt k\u00f6tt, frukt och gr\u00f6nsaker, vilket f\u00f6rl\u00e4nger deras h\u00e5llbarhet.<\/p>    <div class=\"wp-block-columns is-layout-flex wp-container-core-columns-is-layout-28f84493 wp-block-columns-is-layout-flex\"> <div class=\"wp-block-column is-layout-flow wp-block-column-is-layout-flow\"> <figure class=\"wp-block-image size-large\"><img loading=\"lazy\" decoding=\"async\" width=\"600\" height=\"450\" src=\"https:\/\/tianhuipackingmachine.com\/wp-content\/uploads\/2021\/05\/powder-packing-equipment-applications.jpg\" alt=\"maombi ya vifaa vya kufunga poda\" class=\"wp-image-700\" srcset=\"https:\/\/tianhuipackingmachine.com\/wp-content\/uploads\/2021\/05\/powder-packing-equipment-applications.jpg 600w, https:\/\/tianhuipackingmachine.com\/wp-content\/uploads\/2021\/05\/powder-packing-equipment-applications-300x225.jpg 300w\" sizes=\"auto, (max-width: 600px) 100vw, 600px\" \/><figcaption>Maombi ya Vifaa vya Ufungashaji wa Poda<\/figcaption><\/figure> <\/div>    <div class=\"wp-block-column is-layout-flow wp-block-column-is-layout-flow\"> <figure class=\"wp-block-image size-large\"><img loading=\"lazy\" decoding=\"async\" width=\"600\" height=\"450\" src=\"https:\/\/tianhuipackingmachine.com\/wp-content\/uploads\/2021\/05\/horizontal-packing-machine-applications.jpg\" alt=\"maombi ya mashine ya kufunga ya usawa\" class=\"wp-image-748\" srcset=\"https:\/\/tianhuipackingmachine.com\/wp-content\/uploads\/2021\/05\/horizontal-packing-machine-applications.jpg 600w, https:\/\/tianhuipackingmachine.com\/wp-content\/uploads\/2021\/05\/horizontal-packing-machine-applications-300x225.jpg 300w\" sizes=\"auto, (max-width: 600px) 100vw, 600px\" \/><figcaption>Maombi ya Mashine ya Kufunga Mlalo<\/figcaption><\/figure> <\/div> <\/div>    <h2 class=\"wp-block-heading\" id=\"h-how-to-choose-a-satisfactory-automatic-packing-machine\"><strong>Jinsi ya kuchagua mashine ya kufunga moja kwa moja ya kuridhisha?<\/strong><strong><\/strong><\/h2>    <p class=\"translation-block\">N\u00e4r du v\u00e4ljer och k\u00f6per en automatisk f\u00f6rpackningsmaskin b\u00f6r du \u00f6verv\u00e4ga f\u00f6ljande punkter. F\u00f6r det f\u00f6rsta, vilka fyllnadsmaterial f\u00f6rbereder du att f\u00f6rpacka? Du kan v\u00e4lja utifr\u00e5n dess status, pulver, fast, v\u00e4tska eller pasta. F\u00f6r det andra, vilken f\u00f6rpackningshastighet och storlek vill du ha? Olika typer av automatiska f\u00f6rpackningsmaskiner har olika f\u00f6rpackningshastigheter och storlekar. Du b\u00f6r v\u00e4lja den som passar b\u00e4st f\u00f6r dina produkter. F\u00f6r det tredje, vilken f\u00f6rpackningsstil v\u00e4ljer du? Det finns bakf\u00f6rseglade, 3-sidiga f\u00f6rseglade, 4-sidiga f\u00f6rseglade, pyramidp\u00e5sar, etc. G\u00f6r ett val bland dem. Dessutom kan du ocks\u00e5 hitta <strong><a href=\"https:\/\/tianhuipackingmachine.com\/sw\/\">en p\u00e5litlig tillverkare och leverant\u00f6r<\/a><\/strong> f\u00f6r att skr\u00e4ddarsy utrustning enligt dina faktiska behov.<\/p>    <h2 class=\"wp-block-heading\" id=\"h-what-s-the-automatic-packing-equipment-price\"><strong>Nini<\/strong><strong>'<\/strong><strong>Je, ni bei ya vifaa vya kufunga kiotomatiki?<\/strong><strong><\/strong><\/h2>    <p>Mashine ya ufungaji wa moja kwa moja huathiriwa na mambo mengi, hasa aina za mashine ya kufunga. Kwa mfano, vifaa vya kufunga poda, mashine ya kufunga granule, mashine ya kufunga kioevu ni mashine ya kufunga wima. Kujaza poda kunahitaji skrubu, chembechembe yenye kikombe cha kupimia, na kioevu kilicho na bomba na pampu. Mbali na hilo, vifaa vya ufungaji wa utupu huchukua chumba kimoja au chumba mbili. Mashine ya kupakia mito hutoa aina mbili za mikanda ya kusafirisha kwa hiari, aina ya mkanda wa kupitisha wenye minyororo na kufuli, na aina ya mkanda wa kusafirisha filamu wa servo. Tofauti hizi hufanya bei kuwa tofauti. Kwa kuongezea, tunakupa huduma maalum. Bei inategemea mahitaji yako halisi.<\/p>    <h2 class=\"wp-block-heading\" id=\"h-different-structures-of-automatic-packing-equipment\"><strong>Miundo tofauti ya vifaa vya kufunga moja kwa moja<\/strong><strong><\/strong><\/h2>    <p class=\"translation-block\">Semi-automatisk f\u00f6rpackningsutrustning \u00e4r utrustad med en tratt, v\u00e4gningsenhet, fyllningsenhet, f\u00f6rseglings- och sk\u00e4ranordning. Medan helt automatiserade f\u00f6rpackningsmaskiner erbjuder PLC, tratt, f\u00f6rpackningsfilmsh\u00e5llare, p\u00e5sbildare, filmdragande hjul, f\u00f6rseglings- och sk\u00e4ranordning. Bland den helt automatiska f\u00f6rpackningsutrustningen anv\u00e4nder pulverf\u00f6rpackningsmaskinen en skruv f\u00f6r att kontrollera volymen av fyllning. Granul\u00e4r f\u00f6rpackningsmaskin antar m\u00e4tkopp p\u00e5 plattformen f\u00f6r fyllning. V\u00e4tskef\u00f6rpackningsmaskin fyller materialen med en pump. Medan vakuumf\u00f6rpackningsmaskinen \u00e4r indelad i <strong><a href=\"https:\/\/tianhuipackingmachine.com\/sw\/single-chamber-vacuum-packaging-machine\/\">enkelkamma vakuumf\u00f6rpackningsutrustning<\/a><\/strong> och <strong><a href=\"https:\/\/tianhuipackingmachine.com\/sw\/double-chamber-vacuum-packaging-machine\/\">dubbelkamma vakuumf\u00f6rpackningsutrustning<\/a><\/strong>. Och det finns tv\u00e5 typer av transportband som \u00e4r valfria f\u00f6r kuddformade f\u00f6rpackningsmaskiner, det ena \u00e4r ett transportband med kedja och l\u00e5sande f\u00e5ngst, och det andra \u00e4r ett servofilmtransportband. Det senare \u00e4r mer intelligent \u00e4n det f\u00f6rra.<\/p>    <div class=\"wp-block-columns is-layout-flex wp-container-core-columns-is-layout-28f84493 wp-block-columns-is-layout-flex\"> <div class=\"wp-block-column is-layout-flow wp-block-column-is-layout-flow\"> <figure class=\"wp-block-image size-large\"><img loading=\"lazy\" decoding=\"async\" width=\"600\" height=\"450\" src=\"https:\/\/tianhuipackingmachine.com\/wp-content\/uploads\/2021\/05\/powder-packing-equipment-parts.jpg\" alt=\"sehemu za vifaa vya kufunga poda\" class=\"wp-image-701\" srcset=\"https:\/\/tianhuipackingmachine.com\/wp-content\/uploads\/2021\/05\/powder-packing-equipment-parts.jpg 600w, https:\/\/tianhuipackingmachine.com\/wp-content\/uploads\/2021\/05\/powder-packing-equipment-parts-300x225.jpg 300w\" sizes=\"auto, (max-width: 600px) 100vw, 600px\" \/><figcaption>Sehemu za Vifaa vya Ufungashaji wa Poda<\/figcaption><\/figure> <\/div>    <div class=\"wp-block-column is-layout-flow wp-block-column-is-layout-flow\"> <figure class=\"wp-block-image size-large\"><img loading=\"lazy\" decoding=\"async\" width=\"600\" height=\"450\" src=\"https:\/\/tianhuipackingmachine.com\/wp-content\/uploads\/2021\/06\/rotary-table-and-measuring-cup.jpg\" alt=\"kikombe cha kupimia cha mashine ya kufunga\" class=\"wp-image-1053\" srcset=\"https:\/\/tianhuipackingmachine.com\/wp-content\/uploads\/2021\/06\/rotary-table-and-measuring-cup.jpg 600w, https:\/\/tianhuipackingmachine.com\/wp-content\/uploads\/2021\/06\/rotary-table-and-measuring-cup-300x225.jpg 300w\" sizes=\"auto, (max-width: 600px) 100vw, 600px\" \/><figcaption>Jedwali la Rotary na Kombe la Kupima<\/figcaption><\/figure> <\/div> <\/div>    <h2 class=\"wp-block-heading\" id=\"h-features-benefits-of-automatic-packing-equipment\"><strong>Vipengele na faida za vifaa vya kufunga kiotomatiki<\/strong><strong><\/strong><\/h2>    <ol class=\"wp-block-list\" type=\"1\"><li>Muundo rahisi, rahisi kufunga na kufanya kazi;<\/li><li>Vipengele vya kudhibiti motors za mashine tofauti, zinazoendesha kwa utulivu na kwa ufanisi;<\/li><li>Mashine kamili ya kufunga kiotomatiki inachukua PLC ili kuweka kasi ya ufungaji, urefu wa begi, halijoto ya kuziba, n.k.;<\/li><li>Vifaa vya ufungaji wa moja kwa moja vina kifuniko cha kioo cha uwazi karibu na vifaa vya kuziba na kukata tahadhari ya usalama;<\/li><li>Vifungo vya kuacha dharura na hatua vimeundwa kwa hali maalum;<\/li><li>Screw hutumiwa katika mashine ya kufunga poda ya moja kwa moja ili kudhibiti kiasi cha vifaa vya kujaza;<\/li><li>Magurudumu mawili ya kuchora filamu huvuta filamu ili kuziba, kuhakikisha harakati za filamu;<\/li><li>Mitindo mbalimbali ya ufungashaji ni ya hiari, kama vile muhuri wa nyuma, muhuri wa pande 3, muhuri wa upande 4, piramidi, n.k.;<\/li><li>Magurudumu manne chini ya mashine ya kufunga wima, kwa urahisi kusonga.<\/li><li>Huduma ya OEM inapatikana<\/li><\/ol>    <h2 class=\"wp-block-heading\" id=\"h-contact-us-and-get-a-custom-automatic-packing-machine\"><strong>Wasiliana nasi na g<\/strong><strong>na<\/strong><strong>&nbsp;<\/strong><strong>desturi<\/strong><strong>&nbsp;mashine ya kufunga moja kwa moja<\/strong><strong><\/strong><\/h2>    <p class=\"translation-block\">En utm\u00e4rkt automatisk f\u00f6rpackningsmaskin skulle skydda produkter fr\u00e5n skador, attrahera ett antal kunder att k\u00f6pa, kraftigt f\u00f6rb\u00e4ttra arbetsproduktiviteten och noggrannheten. Ser du dessa automatiska f\u00f6rpackningsmaskiner, hittar du en eller flera maskiner som du \u00e4r intresserad av? <strong><a href=\"https:\/\/tianhuipackingmachine.com\/sw\/contact\/\">Kontakta oss och f\u00e5 mer information<\/a><\/strong> om v\u00e5ra produkter. Om du vill skr\u00e4ddarsy din egen automatiska f\u00f6rpackningsutrustning kommer vi att tillverka den enligt dina faktiska krav. V\u00e4lkommen att kontakta oss, och vi kommer att g\u00f6ra v\u00e5rt b\u00e4sta f\u00f6r att m\u00f6ta dina behov.<\/p>","protected":false},"excerpt":{"rendered":"<p>Automatic packaging machine has been applied to food, drink, medicine, hardware, woodwork, etc. We can see packing products everywhere in our daily life. Different packaging types and sizes have greatly satisfied people&#8217;s needs. People will not only notice the product itself but also consider its packaging when they purchase something. A pretty and neat packing [&hellip;]<\/p>\n","protected":false},"author":1,"featured_media":1351,"parent":0,"template":"","tags":[171],"product-type":[145],"class_list":["post-1455","product","type-product","status-publish","has-post-thumbnail","hentry","tag-automatic-packing-machine","product-type-other-products"],"_links":{"self":[{"href":"https:\/\/tianhuipackingmachine.com\/sw\/wp-json\/wp\/v2\/product\/1455","targetHints":{"allow":["GET"]}}],"collection":[{"href":"https:\/\/tianhuipackingmachine.com\/sw\/wp-json\/wp\/v2\/product"}],"about":[{"href":"https:\/\/tianhuipackingmachine.com\/sw\/wp-json\/wp\/v2\/types\/product"}],"author":[{"embeddable":true,"href":"https:\/\/tianhuipackingmachine.com\/sw\/wp-json\/wp\/v2\/users\/1"}],"wp:featuredmedia":[{"embeddable":true,"href":"https:\/\/tianhuipackingmachine.com\/sw\/wp-json\/wp\/v2\/media\/1351"}],"wp:attachment":[{"href":"https:\/\/tianhuipackingmachine.com\/sw\/wp-json\/wp\/v2\/media?parent=1455"}],"wp:term":[{"taxonomy":"post_tag","embeddable":true,"href":"https:\/\/tianhuipackingmachine.com\/sw\/wp-json\/wp\/v2\/tags?post=1455"},{"taxonomy":"product-type","embeddable":true,"href":"https:\/\/tianhuipackingmachine.com\/sw\/wp-json\/wp\/v2\/product-type?post=1455"}],"curies":[{"name":"wp","href":"https:\/\/api.w.org\/{rel}","templated":true}]}}