{"id":365,"date":"2021-05-12T07:20:48","date_gmt":"2021-05-12T07:20:48","guid":{"rendered":"https:\/\/tianhuipackingmachine.com\/?page_id=365"},"modified":"2025-09-12T09:46:19","modified_gmt":"2025-09-12T01:46:19","slug":"be-agent","status":"publish","type":"page","link":"https:\/\/tianhuipackingmachine.com\/sw\/be-agent\/","title":{"rendered":"Kuwa Wakala"},"content":{"rendered":"<h2 class=\"wp-block-heading has-text-color\" id=\"h-who-we-are\" style=\"color:#ff4301\"><strong>Sisi ni nani<\/strong><\/h2>    <p>Ilianzishwa mwaka 1993, sisi ni mmoja wa wazalishaji wa kitaalamu wa kufunga mashine nchini China. Kwa uzoefu mzuri katika muundo, utafiti, utengenezaji, na uuzaji wa vifaa vya ufungaji, mashine za TOP za kufunga zimesafirishwa kwa zaidi ya nchi 80 na mikoa kote ulimwenguni. Sasa, tunatafuta wasambazaji kama washirika wetu wa kimkakati wa kimataifa kwa hali ya kushinda na kushinda.<\/p>    <h2 class=\"wp-block-heading has-text-color\" id=\"h-what-we-supply\" style=\"color:#ff4301\"><strong>Nini sisi ugavi<\/strong><\/h2>    <p class=\"translation-block\">Vi \u00e4r en professionell tillverkare av f\u00f6rpackningsmaskiner. V\u00e5ra produkter omfattar <a href=\"https:\/\/tianhuipackingmachine.com\/sw\/powder-packing-machine\/\">pulverf\u00f6rpackningsmaskin<\/a>, <a href=\"https:\/\/tianhuipackingmachine.com\/sw\/granule-packing-machine\/\">granul\u00e4r f\u00f6rpackningsmaskin<\/a>, <a href=\"https:\/\/tianhuipackingmachine.com\/sw\/liquid-packing-machine\/\">v\u00e4tskef\u00f6rpackningsmaskin<\/a>, pasta f\u00f6rpackningsmaskin. N\u00e4r det g\u00e4ller maskinens struktur finns det <a href=\"https:\/\/tianhuipackingmachine.com\/sw\/vertical-packaging-machine\/\">vertikal f\u00f6rpackningsmaskin<\/a> och <a href=\"https:\/\/tianhuipackingmachine.com\/sw\/pillow-packing-machine\/\">kuddformad f\u00f6rpackningsmaskin<\/a>. Med andra ord, vi tillhandah\u00e5ller olika typer av f\u00f6rpackningsutrustning f\u00f6r livsmedel och icke-livsmedelsmaterial, s\u00e5som te, kaffe, chips, snacks, choklad, ris, gr\u00f6nsaker, popcorn, godis, socker, piller, olja, mj\u00f6lk, juice, bageri, kakor, etc.<\/p>    <h2 class=\"wp-block-heading has-text-color\" id=\"h-what-we-support\" style=\"color:#ff4301\"><strong>Tunachounga mkono<\/strong><\/h2>    <p>Mfumo wa ugavi unaoendelea na thabiti<\/p>    <p>Mfumo kamili na wa ushindani wa bei<\/p>    <p>Usaidizi kamili wa ukuzaji: Maonyesho ya Ulimwenguni, Wavuti Rasmi, Mitandao ya Kijamii, Tangazo la Ulimwenguni Pote<\/p>    <p>Logistics: Usafirishaji duniani kote na vifaa vilivyoteuliwa na mteja<\/p>    <p>Mkakati wa chapa na ujenzi: uuzaji wa chapa kulingana na chapa yetu wenyewe au OEM\/ODM<\/p>    <h2 class=\"wp-block-heading has-text-color\" id=\"h-how-to-start\" style=\"color:#ff4301\"><strong>Jinsi ya kuanza<\/strong><\/h2>    <ol class=\"wp-block-list\" style=\"list-style-type:1\"> <li>Taarifa na nia ya mwombaji kuwasilisha<\/li>    <li>Tathmini na mapitio<\/li>    <li>Pendekezo la biashara na mpango<\/li>    <li>Agizo kutekeleza na mchakato<\/li> <\/ol>    <hr class=\"wp-block-separator has-text-color has-css-opacity has-background is-style-wide\" style=\"background-color:#ff4301;color:#ff4301\"\/>    <p class=\"has-black-color has-text-color translation-block\"><strong>HENAN TOP PACKING MACHINERY CO., LTD<\/strong><\/p>    <p class=\"translation-block\">Webbplats: <a href=\"https:\/\/tianhuipackingmachine.com\/sw\/\">https:\/\/tianhuipackingmachine.com\/<\/a><\/p>    <p><\/p>    <p class=\"translation-block\">E-post: <u><\/u><u><a href=\"mailto:sales@tianhuipackingmachine.com\" target=\"_blank\" rel=\"noreferrer noopener\">sales@tianhuipackingmachine.com<\/a><\/u><\/p>    <p>Tel\/ WhatsApp: +8613673689272 (Ms. Malinda)<\/p>    <h3 class=\"wp-block-heading has-text-align-center has-text-color has-background\" id=\"h-want-to-start-your-successful-business\" style=\"color:#ff5200;background-color:#eeeeee\"><strong>Je, ungependa Kuanzisha Biashara yako yenye Mafanikio Sasa? <\/strong><\/h3>    <p>Usisite kutuachia ujumbe! Kulingana na ujumbe na maelezo yako, tutawasiliana nawe haraka iwezekanavyo.<\/p>","protected":false},"excerpt":{"rendered":"<p>Who we are Founded in 1993, we are one of the leading professional packing machine manufacturers in China. With rich experience in the design, research, manufacturing, and marketing of packaging equipment, TOP packing machines have been exported to more than 80 countries and regions around the world. Now, we are looking for distributors as our [&hellip;]<\/p>\n","protected":false},"author":1,"featured_media":0,"parent":0,"menu_order":0,"comment_status":"closed","ping_status":"closed","template":"","meta":{"footnotes":""},"class_list":["post-365","page","type-page","status-publish","hentry"],"_links":{"self":[{"href":"https:\/\/tianhuipackingmachine.com\/sw\/wp-json\/wp\/v2\/pages\/365","targetHints":{"allow":["GET"]}}],"collection":[{"href":"https:\/\/tianhuipackingmachine.com\/sw\/wp-json\/wp\/v2\/pages"}],"about":[{"href":"https:\/\/tianhuipackingmachine.com\/sw\/wp-json\/wp\/v2\/types\/page"}],"author":[{"embeddable":true,"href":"https:\/\/tianhuipackingmachine.com\/sw\/wp-json\/wp\/v2\/users\/1"}],"replies":[{"embeddable":true,"href":"https:\/\/tianhuipackingmachine.com\/sw\/wp-json\/wp\/v2\/comments?post=365"}],"version-history":[{"count":0,"href":"https:\/\/tianhuipackingmachine.com\/sw\/wp-json\/wp\/v2\/pages\/365\/revisions"}],"wp:attachment":[{"href":"https:\/\/tianhuipackingmachine.com\/sw\/wp-json\/wp\/v2\/media?parent=365"}],"curies":[{"name":"wp","href":"https:\/\/api.w.org\/{rel}","templated":true}]}}