{"id":9350,"date":"2026-04-10T16:00:17","date_gmt":"2026-04-10T08:00:17","guid":{"rendered":"https:\/\/tianhuipackingmachine.com\/?post_type=product&#038;p=9350"},"modified":"2026-04-10T16:42:15","modified_gmt":"2026-04-10T08:42:15","slug":"vacuum-skin-packaging-machine","status":"publish","type":"product","link":"https:\/\/tianhuipackingmachine.com\/pt\/vacuum-skin-packaging-machine\/","title":{"rendered":"M\u00e1quina de embalagem a v\u00e1cuo de pele"},"content":{"rendered":"<p class=\"translation-block\">A <strong>m\u00e1quina de embalagem de pele a v\u00e1cuo<\/strong> \u00e9 um tipo de m\u00e1quina de embalagem MAP, uma solu\u00e7\u00e3o avan\u00e7ada que usa press\u00e3o de v\u00e1cuo para selar firmemente uma pel\u00edcula pl\u00e1stica aquecida sobre um produto colocado numa bandeja ou base. A pel\u00edcula adapta-se perfeitamente \u00e0 forma do produto, criando uma <strong>embalagem de pele 3D apertada<\/strong> que combina prote\u00e7\u00e3o, frescura e apelo visual.<\/p>    <p class=\"translation-block\">Tem uma capacidade de <strong>180-500 caixas por hora<\/strong> e pode concluir <strong>um ciclo em 12-15 segundos<\/strong>. Esta tecnologia de embalagem inovadora oferece tr\u00eas benef\u00edcios principais: <strong>prote\u00e7\u00e3o apertada do produto, preserva\u00e7\u00e3o a v\u00e1cuo e apresenta\u00e7\u00e3o visual 3D<\/strong>, amplamente utilizada no processamento de alimentos, embalagem de varejo e prote\u00e7\u00e3o de produtos industriais.<\/p>    <h2 class=\"wp-block-heading\"><strong>V\u00eddeo de funcionamento da m\u00e1quina de embalagem de pele a v\u00e1cuo<\/strong><\/h2>   <figure class=\"wp-block-embed-youtube wp-block-embed is-type-video is-provider-youtube wp-embed-aspect-16-9 wp-has-aspect-ratio\"><div class=\"lyte-wrapper\" title=\"V\u00eddeo de funcionamento da m\u00e1quina de embalagem de pele a v\u00e1cuo | Solu\u00e7\u00e3o de embalagem de alimentos em 3D perfeita \u2013 Contacte para pre\u00e7o!\" style=\"width:853px;max-width:100%;margin:5px auto;\"><div class=\"lyMe\" id=\"WYL_XR3KQcHGhuc\" itemprop=\"video\" itemscope itemtype=\"https:\/\/schema.org\/VideoObject\"><div><meta itemprop=\"thumbnailUrl\" content=\"https:\/\/i.ytimg.com\/vi\/XR3KQcHGhuc\/hqdefault.jpg\" \/><meta itemprop=\"embedURL\" content=\"https:\/\/www.youtube.com\/embed\/XR3KQcHGhuc\" \/><meta itemprop=\"duration\" content=\"PT1M22S\" \/><meta itemprop=\"uploadDate\" content=\"2026-04-10T07:00:16Z\" \/><\/div><div id=\"lyte_XR3KQcHGhuc\" data-src=\"https:\/\/i.ytimg.com\/vi\/XR3KQcHGhuc\/hqdefault.jpg\" class=\"pL\"><div class=\"tC\"><div class=\"tT\" itemprop=\"name\">V\u00eddeo de funcionamento da m\u00e1quina de embalagem de pele a v\u00e1cuo | Solu\u00e7\u00e3o de embalagem de alimentos em 3D perfeita \u2013 Contacte para pre\u00e7o!<\/div><\/div><div class=\"play\"><\/div><div class=\"ctrl\"><div class=\"Lctrl\"><\/div><div class=\"Rctrl\"><\/div><\/div><\/div><noscript><a href=\"https:\/\/youtu.be\/XR3KQcHGhuc\" rel=\"nofollow noopener\" target=\"_blank\"><img loading=\"lazy\" decoding=\"async\" src=\"https:\/\/i.ytimg.com\/vi\/XR3KQcHGhuc\/0.jpg\" alt=\"V\u00eddeo de funcionamento da m\u00e1quina de embalagem de pele a v\u00e1cuo | Solu\u00e7\u00e3o de embalagem de alimentos em 3D perfeita \u2013 Contacte para pre\u00e7o!\" width=\"853\" height=\"460\" \/><\/a><\/noscript><meta itemprop=\"description\" content=\"#skinpack #vacuumpackaging #vacuumpacking WhatsApp No.: https:\/\/wa.me\/+8613673689272 WeChat\/Tel No.:+8613673689272 Email: sales@tianhuipackingmachine.com Website: https:\/\/tianhuipackingmachine.com\/vacuum-skin-packaging-machine\/ This video shows the working process of a vacuum skin packaging machine, designed for high-quality packaging of fresh food and industrial products. The machine uses vacuum pressure to tightly seal a heated film over the product, creating a 3D skin-tight package that enhances product appearance, extends shelf life, and prevents movement or damage during transport. \u2728 Key Features: Perfect 3D display for better product presentation Strong vacuum sealing for freshness and protection Suitable for meat, seafood, frozen food, and hardware Stable performance with high efficiency Widely used in supermarkets, food processing plants, and industrial packaging. \ud83d\udc49 Looking for a reliable vacuum skin packaging machine? Contact us now for detailed specifications, working videos, and the latest price! WhatsApp No.: https:\/\/wa.me\/+8613673689272 WeChat\/Tel No.:+8613673689272 Email: sales@tianhuipackingmachine.com Website: https:\/\/tianhuipackingmachine.com\/vacuum-skin-packaging-machine\/\"><\/div><\/div><div class=\"lL\" style=\"max-width:100%;width:853px;margin:5px auto;\"> <a href=\"https:\/\/youtu.be\/XR3KQcHGhuc\" target=\"_blank\" rel=\"noopener\">Assista a este v\u00eddeo no YouTube<\/a>.<\/div><figcaption>v\u00eddeo da m\u00e1quina manual de selagem de bandejas de alimentos<\/figcaption><\/figure>   <h2 class=\"wp-block-heading\"><strong>Par\u00e2metros t\u00e9cnicos da m\u00e1quina de embalagem de pele a v\u00e1cuo<\/strong><\/h2>    <p class=\"translation-block\">Na Shuliy, existem dois modelos de m\u00e1quinas de embalagem de pele a v\u00e1cuo vertical \u00e0 venda: <strong>JRB-M380V<\/strong> e <strong>JRB-M450V<\/strong>. <\/p>    <p>O tamanho da bandeja pode ser personalizado para atender \u00e0s necessidades reais. <\/p>    <figure class=\"wp-block-table\"><table class=\"has-fixed-layout\"><tbody><tr><td><strong>Modelo<\/strong><\/td><td><strong>JRB-M380V<\/strong><\/td><td><strong>JRB-M450V<\/strong><\/td><\/tr><tr><td><strong>Largura m\u00e1xima do filme<\/strong><\/td><td>380 mm<\/td><td>450 mm<\/td><\/tr><tr><td><strong>Di\u00e2metro m\u00e1ximo do filme<\/strong><\/td><td>240 mm<\/td><td> 240 mm<\/td><\/tr><tr><td><strong>Velocidade de embalagem<\/strong><\/td><td>12\u201315 segundos\/ciclo<\/td><td>12\u201315 segundos\/ciclo<\/td><\/tr><tr><td><strong>Capacidade de produ\u00e7\u00e3o<\/strong><\/td><td>2 bandejas: \u2248300 bandejas\/hora<br>4 bandejas: \u2248500 bandejas\/hora<\/td><td>1 bandeja: \u2248180 bandejas\/hora<br>2 bandejas: \u2248300 bandejas\/hora<br>4 bandejas: \u2248500 bandejas\/hora<\/td><\/tr><tr><td><strong>Capacidade da bomba de v\u00e1cuo<\/strong><\/td><td>63 m\u00b3\/h<\/td><td>100 m\u00b3\/h<\/td><\/tr><tr><td><strong>Fonte de energia<\/strong><\/td><td>380V \/ 50Hz <\/td><td>380V \/ 50Hz<\/td><\/tr><tr><td><strong>Pot\u00eancia total<\/strong><\/td><td>4,5 kW<\/td><td>6,5 kW <\/td><\/tr><tr><td><strong>Press\u00e3o do ar<\/strong><\/td><td> 0,6\u20130,8 MPa<\/td><td> 0,6\u20130,8 MPa<\/td><\/tr><tr><td><strong>Peso da m\u00e1quina<\/strong><\/td><td>330 kg<\/td><td>447 kg<\/td><\/tr><tr><td><strong>Tamanho da m\u00e1quina<\/strong><\/td><td>1120 \u00d7 1100 \u00d7 1600 mm<\/td><td>1250 \u00d7 1200 \u00d7 1600 mm<\/td><\/tr><tr><td><strong>Tamanho m\u00e1ximo da bandeja<\/strong><\/td><td>2 bandejas: 310 \u00d7 200 \u00d7 60 mm<br>4 bandejas: 200 \u00d7 140 \u00d7 60 mm<\/td><td>2 bandejas: 380 \u00d7 260 \u00d7 60 mm<br>4 bandejas: 260 \u00d7 175 \u00d7 60 mm<\/td><\/tr><\/tbody><\/table><figcaption class=\"wp-element-caption\">par\u00e2metros da m\u00e1quina de selagem de bandejas de alimentos vertical VSP<\/figcaption><\/figure>    <figure class=\"wp-block-image aligncenter size-large\"><img loading=\"lazy\" decoding=\"async\" width=\"667\" height=\"500\" src=\"https:\/\/tianhuipackingmachine.com\/wp-content\/uploads\/2026\/04\/commercial-vacuum-tray-sealing-machine-for-skin-packing-667x500.webp\" alt=\"commercial vacuum tray sealing machine for skin packing\" class=\"wp-image-9361\" srcset=\"https:\/\/tianhuipackingmachine.com\/wp-content\/uploads\/2026\/04\/commercial-vacuum-tray-sealing-machine-for-skin-packing-667x500.webp 667w, https:\/\/tianhuipackingmachine.com\/wp-content\/uploads\/2026\/04\/commercial-vacuum-tray-sealing-machine-for-skin-packing-480x360.webp 480w, https:\/\/tianhuipackingmachine.com\/wp-content\/uploads\/2026\/04\/commercial-vacuum-tray-sealing-machine-for-skin-packing-16x12.webp 16w, https:\/\/tianhuipackingmachine.com\/wp-content\/uploads\/2026\/04\/commercial-vacuum-tray-sealing-machine-for-skin-packing.webp 720w\" sizes=\"auto, (max-width: 667px) 100vw, 667px\" \/><figcaption class=\"wp-element-caption\">M\u00e1quina comercial de selagem de bandejas a v\u00e1cuo para embalagem de pele<\/figcaption><\/figure>    <h2 class=\"wp-block-heading\"><strong>Como funciona a m\u00e1quina de embalagem de pele a v\u00e1cuo Shuliy?<\/strong><\/h2>    <p>O processo de funcionamento de uma m\u00e1quina de embalagem de pele a v\u00e1cuo \u00e9 simples, mas altamente eficiente:<\/p>   <div id=\"rank-math-howto\" class=\"rank-math-block\" > <div class=\"rank-math-howto-description\">  <\/div>  <div class=\"rank-math-steps\"> <div id=\"howto-step-1775803819391\" class=\"rank-math-step\"> <h3 class=\"rank-math-step-title\"> <strong>Posicionamento do produto<\/strong><\/h3> <div class=\"rank-math-step-content\"><p>O produto \u00e9 colocado numa base, como um cart\u00e3o respir\u00e1vel ou bandeja perfurada.<\/p> <\/div> <\/div> <div id=\"howto-step-1775803893070\" class=\"rank-math-step\"> <h3 class=\"rank-math-step-title\"><strong>Aquecimento do filme<\/strong><\/h3> <div class=\"rank-math-step-content\"><p>A pel\u00edcula de embalagem \u00e9 aquecida at\u00e9 uma temperatura de amolecimento, permitindo que se torne flex\u00edvel e mold\u00e1vel.<\/p> <\/div> <\/div> <div id=\"howto-step-1775803912682\" class=\"rank-math-step\"> <h3 class=\"rank-math-step-title\"><strong>Selagem a v\u00e1cuo<\/strong><\/h3> <div class=\"rank-math-step-content\"><p>Um sistema de v\u00e1cuo remove o ar da c\u00e2mara. Sob press\u00e3o negativa, a pel\u00edcula aquecida envolve firmemente o produto e liga-se \u00e0 base.<\/p> <\/div> <\/div> <div id=\"howto-step-1775803933822\" class=\"rank-math-step\"> <h3 class=\"rank-math-step-title\"><strong>Resfriamento e moldagem<\/strong><\/h3> <div class=\"rank-math-step-content\"><img loading=\"lazy\" decoding=\"async\" width=\"639\" height=\"540\" src=\"https:\/\/tianhuipackingmachine.com\/wp-content\/uploads\/2026\/04\/vacuum-skin-packaging-effect.webp\" class=\"attachment-full size-full\" alt=\"vacuum skin packaging effect\" srcset=\"https:\/\/tianhuipackingmachine.com\/wp-content\/uploads\/2026\/04\/vacuum-skin-packaging-effect.webp 639w, https:\/\/tianhuipackingmachine.com\/wp-content\/uploads\/2026\/04\/vacuum-skin-packaging-effect-426x360.webp 426w, https:\/\/tianhuipackingmachine.com\/wp-content\/uploads\/2026\/04\/vacuum-skin-packaging-effect-592x500.webp 592w, https:\/\/tianhuipackingmachine.com\/wp-content\/uploads\/2026\/04\/vacuum-skin-packaging-effect-14x12.webp 14w\" sizes=\"auto, (max-width: 639px) 100vw, 639px\" \/><p>A pel\u00edcula arrefece e solidifica enquanto mant\u00e9m uma veda\u00e7\u00e3o apertada, criando uma embalagem dur\u00e1vel e visualmente apelativa (3D).<\/p> <\/div> <\/div> <\/div> <\/div>       <h2 class=\"wp-block-heading\"><strong>Principais benef\u00edcios da embalagem de pele a v\u00e1cuo<\/strong><\/h2>    <ul class=\"wp-block-list\"> <li><strong>Exibi\u00e7\u00e3o visual 3D para melhores vendas<\/strong> <ul class=\"wp-block-list\"> <li>Products are displayed like a &#8220;sculpture,&#8221; enhancing shelf appeal and allowing customers to clearly see product details.<\/li> <\/ul> <\/li>    <li><strong>Frescor e preserva\u00e7\u00e3o superiores<\/strong> <ul class=\"wp-block-list\"> <li>A embalagem de pele a v\u00e1cuo ajuda a manter a cor, textura e frescura, tornando-se ideal para: <ul class=\"wp-block-list\"> <li>Carne fresca<\/li>    <li>Marisco<\/li>    <li>Alimentos congelados<\/li> <\/ul> <\/li>    <li>Tamb\u00e9m reduz a forma\u00e7\u00e3o de cristais de gelo e queimaduras de congelador.<\/li> <\/ul> <\/li>    <li><strong>Prote\u00e7\u00e3o e estabilidade excelentes<\/strong> <ul class=\"wp-block-list\"> <li>A embalagem apertada impede o movimento do produto, tornando-a adequada para: <ul class=\"wp-block-list\"> <li>Ferramentas de hardware<\/li>    <li>Componentes eletr\u00f3nicos<\/li>    <li>Itens fr\u00e1geis<\/li> <\/ul> <\/li> <\/ul> <\/li> <\/ul>    <h2 class=\"wp-block-heading\"><strong>Aplica\u00e7\u00f5es da m\u00e1quina de embalagem de pele a v\u00e1cuo comercial<\/strong><\/h2>    <p>A m\u00e1quina de embalagem de pele para alimentos \u00e9 amplamente utilizada em:<\/p>    <h3 class=\"wp-block-heading\"><strong>Ind\u00fastria alimentar<\/strong><\/h3>    <ul class=\"wp-block-list\"> <li>Carne fresca e bovina<\/li>    <li>Mariscos e peixe<\/li>    <li>Alimentos congelados<\/li>    <li>Refei\u00e7\u00f5es prontas<\/li> <\/ul>    <figure class=\"wp-block-gallery has-nested-images columns-default is-cropped wp-block-gallery-2 is-layout-flex wp-block-gallery-is-layout-flex\"> <figure class=\"wp-block-image size-large\"><img loading=\"lazy\" decoding=\"async\" width=\"375\" height=\"500\" data-id=\"9357\" src=\"https:\/\/tianhuipackingmachine.com\/wp-content\/uploads\/2026\/04\/vacuum-skin-packaging-VSP-machine-for-food-375x500.webp\" alt=\"vacuum skin packaging (VSP) machine for food\" class=\"wp-image-9357\" srcset=\"https:\/\/tianhuipackingmachine.com\/wp-content\/uploads\/2026\/04\/vacuum-skin-packaging-VSP-machine-for-food-375x500.webp 375w, https:\/\/tianhuipackingmachine.com\/wp-content\/uploads\/2026\/04\/vacuum-skin-packaging-VSP-machine-for-food-270x360.webp 270w, https:\/\/tianhuipackingmachine.com\/wp-content\/uploads\/2026\/04\/vacuum-skin-packaging-VSP-machine-for-food-768x1024.webp 768w, https:\/\/tianhuipackingmachine.com\/wp-content\/uploads\/2026\/04\/vacuum-skin-packaging-VSP-machine-for-food-9x12.webp 9w, https:\/\/tianhuipackingmachine.com\/wp-content\/uploads\/2026\/04\/vacuum-skin-packaging-VSP-machine-for-food.webp 1080w\" sizes=\"auto, (max-width: 375px) 100vw, 375px\" \/><figcaption class=\"wp-element-caption\">M\u00e1quina de embalagem de pele a v\u00e1cuo (Vsp) para alimentos<\/figcaption><\/figure>    <figure class=\"wp-block-image size-large\"><img loading=\"lazy\" decoding=\"async\" width=\"375\" height=\"500\" data-id=\"9358\" src=\"https:\/\/tianhuipackingmachine.com\/wp-content\/uploads\/2026\/04\/vacuum-skin-packaging-machine-for-foodstuffs-375x500.webp\" alt=\"vacuum skin packaging machine for foodstuffs\" class=\"wp-image-9358\" srcset=\"https:\/\/tianhuipackingmachine.com\/wp-content\/uploads\/2026\/04\/vacuum-skin-packaging-machine-for-foodstuffs-375x500.webp 375w, https:\/\/tianhuipackingmachine.com\/wp-content\/uploads\/2026\/04\/vacuum-skin-packaging-machine-for-foodstuffs-270x360.webp 270w, https:\/\/tianhuipackingmachine.com\/wp-content\/uploads\/2026\/04\/vacuum-skin-packaging-machine-for-foodstuffs-768x1024.webp 768w, https:\/\/tianhuipackingmachine.com\/wp-content\/uploads\/2026\/04\/vacuum-skin-packaging-machine-for-foodstuffs-9x12.webp 9w, https:\/\/tianhuipackingmachine.com\/wp-content\/uploads\/2026\/04\/vacuum-skin-packaging-machine-for-foodstuffs.webp 960w\" sizes=\"auto, (max-width: 375px) 100vw, 375px\" \/><figcaption class=\"wp-element-caption\">M\u00e1quina de embalagem de pele a v\u00e1cuo para alimentos<\/figcaption><\/figure>    <figure class=\"wp-block-image size-large\"><img loading=\"lazy\" decoding=\"async\" width=\"375\" height=\"500\" data-id=\"9359\" src=\"https:\/\/tianhuipackingmachine.com\/wp-content\/uploads\/2026\/04\/manual-vacuum-skin-packaging-machine-for-meat-375x500.webp\" alt=\"manual vacuum skin packaging machine for meat\" class=\"wp-image-9359\" srcset=\"https:\/\/tianhuipackingmachine.com\/wp-content\/uploads\/2026\/04\/manual-vacuum-skin-packaging-machine-for-meat-375x500.webp 375w, https:\/\/tianhuipackingmachine.com\/wp-content\/uploads\/2026\/04\/manual-vacuum-skin-packaging-machine-for-meat-270x360.webp 270w, https:\/\/tianhuipackingmachine.com\/wp-content\/uploads\/2026\/04\/manual-vacuum-skin-packaging-machine-for-meat-768x1024.webp 768w, https:\/\/tianhuipackingmachine.com\/wp-content\/uploads\/2026\/04\/manual-vacuum-skin-packaging-machine-for-meat-9x12.webp 9w, https:\/\/tianhuipackingmachine.com\/wp-content\/uploads\/2026\/04\/manual-vacuum-skin-packaging-machine-for-meat.webp 1080w\" sizes=\"auto, (max-width: 375px) 100vw, 375px\" \/><figcaption class=\"wp-element-caption\">M\u00e1quina manual de embalagem de pele a v\u00e1cuo para carne<\/figcaption><\/figure> <\/figure>    <h3 class=\"wp-block-heading\"><strong>Ind\u00fastria n\u00e3o aliment\u00edcia<\/strong><\/h3>    <ul class=\"wp-block-list\"> <li>Ferramentas de hardware e produtos DIY<\/li>    <li>Pe\u00e7as eletr\u00f3nicas<\/li>    <li>Componentes industriais<\/li>    <li>Produtos de cosm\u00e9tica e cuidados pessoais<\/li> <\/ul>    <h2 class=\"wp-block-heading\"><strong>What&#8217;s the Vacuum Skin Packaging Machine Price?<\/strong><\/h2>    <p>O pre\u00e7o da m\u00e1quina de embalagem de g\u00e1s depende de:<\/p>    <ul class=\"wp-block-list\"> <li>Modelo e tamanho da m\u00e1quina (por exemplo, M380 vs M450)<\/li>    <li>Capacidade da bomba de v\u00e1cuo<\/li>    <li>Capacidade de produ\u00e7\u00e3o (bandejas por hora)<\/li>    <li>Largura do filme e tamanho da bandeja<\/li>    <li>Recursos de personaliza\u00e7\u00e3o opcionais<\/li> <\/ul>    <p>Contacte a nossa equipa de vendas para pre\u00e7os precisos com base no seu volume de produ\u00e7\u00e3o, especifica\u00e7\u00f5es do produto e requisitos de entrega. Oferecemos cota\u00e7\u00f5es competitivas para unidades individuais e pedidos em grande quantidade, com envio mundial para mais de 50 pa\u00edses.<\/p>    <h2 class=\"wp-block-heading\"><strong>Por que escolher a m\u00e1quina de embalagem de pele a v\u00e1cuo Shuliy?<\/strong><\/h2>    <ul class=\"wp-block-list\"> <li>Sistema de v\u00e1cuo de alto desempenho para veda\u00e7\u00e3o apertada<\/li>    <li>Opera\u00e7\u00e3o est\u00e1vel com qualidade de embalagem consistente<\/li>    <li>Ampla aplica\u00e7\u00e3o para alimentos e produtos industriais<\/li>    <li>Configura\u00e7\u00f5es personaliz\u00e1veis com base nas necessidades de produ\u00e7\u00e3o<\/li>    <li>Suporte profissional e experi\u00eancia de exporta\u00e7\u00e3o global<\/li> <\/ul>    <figure class=\"wp-block-gallery has-nested-images columns-default is-cropped wp-block-gallery-3 is-layout-flex wp-block-gallery-is-layout-flex\"> <figure class=\"wp-block-image size-large\"><img loading=\"lazy\" decoding=\"async\" width=\"667\" height=\"500\" data-id=\"9364\" src=\"https:\/\/tianhuipackingmachine.com\/wp-content\/uploads\/2026\/04\/skin-vacuum-packaging-machine-for-sale-667x500.webp\" alt=\"skin vacuum packaging machine for sale\" class=\"wp-image-9364\" srcset=\"https:\/\/tianhuipackingmachine.com\/wp-content\/uploads\/2026\/04\/skin-vacuum-packaging-machine-for-sale-667x500.webp 667w, https:\/\/tianhuipackingmachine.com\/wp-content\/uploads\/2026\/04\/skin-vacuum-packaging-machine-for-sale-480x360.webp 480w, https:\/\/tianhuipackingmachine.com\/wp-content\/uploads\/2026\/04\/skin-vacuum-packaging-machine-for-sale-16x12.webp 16w, https:\/\/tianhuipackingmachine.com\/wp-content\/uploads\/2026\/04\/skin-vacuum-packaging-machine-for-sale.webp 720w\" sizes=\"auto, (max-width: 667px) 100vw, 667px\" \/><figcaption class=\"wp-element-caption\">M\u00e1quina de embalagem de pele a v\u00e1cuo para venda<\/figcaption><\/figure>    <figure class=\"wp-block-image size-large\"><img loading=\"lazy\" decoding=\"async\" width=\"500\" height=\"500\" data-id=\"9363\" src=\"https:\/\/tianhuipackingmachine.com\/wp-content\/uploads\/2026\/04\/meat-skin-packaging-with-3D-effect-500x500.webp\" alt=\"meat skin packaging with 3D effect\" class=\"wp-image-9363\" srcset=\"https:\/\/tianhuipackingmachine.com\/wp-content\/uploads\/2026\/04\/meat-skin-packaging-with-3D-effect-500x500.webp 500w, https:\/\/tianhuipackingmachine.com\/wp-content\/uploads\/2026\/04\/meat-skin-packaging-with-3D-effect-360x360.webp 360w, https:\/\/tianhuipackingmachine.com\/wp-content\/uploads\/2026\/04\/meat-skin-packaging-with-3D-effect-150x150.webp 150w, https:\/\/tianhuipackingmachine.com\/wp-content\/uploads\/2026\/04\/meat-skin-packaging-with-3D-effect-768x768.webp 768w, https:\/\/tianhuipackingmachine.com\/wp-content\/uploads\/2026\/04\/meat-skin-packaging-with-3D-effect-12x12.webp 12w, https:\/\/tianhuipackingmachine.com\/wp-content\/uploads\/2026\/04\/meat-skin-packaging-with-3D-effect.webp 924w\" sizes=\"auto, (max-width: 500px) 100vw, 500px\" \/><figcaption class=\"wp-element-caption\">Embalagem de pele de carne com efeito 3D<\/figcaption><\/figure> <\/figure>    <h2 class=\"wp-block-heading\"><strong>Contacte-nos para solu\u00e7\u00f5es de embalagem de pele<\/strong><\/h2>    <p class=\"translation-block\">Uma <strong>m\u00e1quina de embalagem de pele a v\u00e1cuo<\/strong> \u00e9 uma solu\u00e7\u00e3o ideal para empresas que procuram melhorar a frescura, prote\u00e7\u00e3o e apelo visual do produto. Com tecnologia de v\u00e1cuo avan\u00e7ada e desempenho eficiente, ajuda a aumentar o valor do produto e a competitividade no mercado.<\/p>    <p class=\"translation-block\">&#x1f449; <strong>Contact us today to get detailed specifications, videos, and the best price for your vacuum skin packaging solution.<\/strong><\/p>    <h2 class=\"wp-block-heading\"><strong>produtos relacionados<\/strong><\/h2>    <ul class=\"wp-block-list\"> <li><strong><a href=\"https:\/\/tianhuipackingmachine.com\/pt\/modified-atmosphere-packaging-machine-map-tray-sealer\/\">M\u00e1quina de embalagem de atmosfera modificada vertical<\/a><\/strong><\/li>    <li><strong>M\u00e1quina de embalagem a v\u00e1cuo de c\u00e2mara dupla<\/strong><\/li>    <li><strong>M\u00e1quina de embalagem de atmosfera modificada de mesa<\/strong><\/li> <\/ul>","protected":false},"excerpt":{"rendered":"<p>Shuliy vacuum skin packaging machine creates 3D tight-fitting packages with superior product presentation. Perfect for premium meat, seafood, and retail display packaging.<\/p>","protected":false},"author":1,"featured_media":9351,"parent":0,"template":"","tags":[239,243,193,242,244],"product-type":[140],"class_list":["post-9350","product","type-product","status-publish","has-post-thumbnail","hentry","tag-map-packaging","tag-skin-packaging-machine","tag-vacuum-packaging","tag-vacuum-skin-packaging-machine","tag-vsp-packaging","product-type-vacuum-packaging-machines"],"_links":{"self":[{"href":"https:\/\/tianhuipackingmachine.com\/pt\/wp-json\/wp\/v2\/product\/9350","targetHints":{"allow":["GET"]}}],"collection":[{"href":"https:\/\/tianhuipackingmachine.com\/pt\/wp-json\/wp\/v2\/product"}],"about":[{"href":"https:\/\/tianhuipackingmachine.com\/pt\/wp-json\/wp\/v2\/types\/product"}],"author":[{"embeddable":true,"href":"https:\/\/tianhuipackingmachine.com\/pt\/wp-json\/wp\/v2\/users\/1"}],"wp:featuredmedia":[{"embeddable":true,"href":"https:\/\/tianhuipackingmachine.com\/pt\/wp-json\/wp\/v2\/media\/9351"}],"wp:attachment":[{"href":"https:\/\/tianhuipackingmachine.com\/pt\/wp-json\/wp\/v2\/media?parent=9350"}],"wp:term":[{"taxonomy":"post_tag","embeddable":true,"href":"https:\/\/tianhuipackingmachine.com\/pt\/wp-json\/wp\/v2\/tags?post=9350"},{"taxonomy":"product-type","embeddable":true,"href":"https:\/\/tianhuipackingmachine.com\/pt\/wp-json\/wp\/v2\/product-type?post=9350"}],"curies":[{"name":"wp","href":"https:\/\/api.w.org\/{rel}","templated":true}]}}