{"id":6402,"date":"2023-03-22T18:10:21","date_gmt":"2023-03-22T10:10:21","guid":{"rendered":"https:\/\/tianhuipackingmachine.com\/?post_type=product&#038;p=6402"},"modified":"2023-04-03T09:49:30","modified_gmt":"2023-04-03T01:49:30","slug":"jumbo-bag-filling-machine","status":"publish","type":"product","link":"https:\/\/tianhuipackingmachine.com\/pt\/jumbo-bag-filling-machine\/","title":{"rendered":"M\u00e1quina de enchimento de sacos enormes"},"content":{"rendered":"<p class=\"translation-block\"><strong>M\u00e1quina de enchimento de sacos jumbo<\/strong>, tamb\u00e9m chamada de m\u00e1quina de embalagem de sacos ton, \u00e9 projetada para simplificar e agilizar seu processo de manuseio de materiais. A m\u00e1quina que oferecemos \u00e9 perfeita para ind\u00fastrias que requerem embalagem eficiente, precisa e automatizada de uma ampla gama de materiais, incluindo gr\u00e2nulos, p\u00f3s e pellets. Ao automatizar o processo de embalagem, a m\u00e1quina de enchimento de sacos jumbo pode melhorar significativamente a efici\u00eancia da produ\u00e7\u00e3o e reduzir os custos com m\u00e3o de obra.<\/p>    <figure class=\"wp-block-image size-full\"><img loading=\"lazy\" decoding=\"async\" width=\"720\" height=\"540\" src=\"https:\/\/tianhuipackingmachine.com\/wp-content\/uploads\/2023\/03\/jumbo-bag-filling-station.jpg\" alt=\"esta\u00e7\u00e3o de enchimento de sacos enormes\" class=\"wp-image-6406\"\/><figcaption class=\"wp-element-caption\">Esta\u00e7\u00e3o de enchimento de sacos enormes<\/figcaption><\/figure>    <h2 class=\"wp-block-heading\">Caracter\u00edsticas de desempenho da m\u00e1quina de enchimento de sacos jumbo<\/h2>    <ol class=\"wp-block-list\" type=\"1\"> <li>Alta precis\u00e3o e velocidade de enchimento<\/li>    <li>Toda a estrutura do corpo da m\u00e1quina em a\u00e7o inoxid\u00e1vel, dur\u00e1vel e confi\u00e1vel<\/li>    <li>Capacidade de lidar com uma ampla variedade de tamanhos e pesos de sacos<\/li>    <li>Adote tela de toque LCD, f\u00e1cil de operar<\/li>    <li>Flexibilidade para acomodar diferentes tipos de materiais, como p\u00f3s, gr\u00e2nulos ou l\u00edquidos<\/li>    <li>Integra\u00e7\u00e3o com sistemas de pesagem e transporte para processos automatizados<\/li>    <li>Conformidade com padr\u00f5es e regulamentos de seguran\u00e7a<\/li>    <li>O servi\u00e7o de personaliza\u00e7\u00e3o est\u00e1 dispon\u00edvel para atender aos requisitos espec\u00edficos de embalagem<\/li> <\/ol>    <h2 class=\"wp-block-heading has-luminous-vivid-orange-color has-text-color\">Par\u00e2metros da m\u00e1quina de enchimento de sacos a granel<\/h2>    <figure class=\"wp-block-table\"><table><tbody><tr><td>Modelo<\/td><td>ph-2000T<\/td><td>ph-2000T<\/td><\/tr><tr><td>Formul\u00e1rios<\/td><td>Part\u00edculas<\/td><td>p\u00f3<\/td><\/tr><tr><td>Faixa de pesagem<\/td><td>200-1000kg<\/td><td>200-1500kg<\/td><\/tr><tr><td>Grau de precis\u00e3o<\/td><td>\u00b10,2%<\/td><td>\u00b10,5%<\/td><\/tr><tr><td>Velocidade de embalagem<\/td><td>Por saco\/2~3min<\/td><td>Min 15 sacos\/hora<\/td><\/tr><tr><td>M\u00e9todo de alimenta\u00e7\u00e3o<\/td><td>Alimenta\u00e7\u00e3o por gravidade<\/td><td>Alimenta\u00e7\u00e3o sem-fim<\/td><\/tr><tr><td>\u00a0Press\u00e3o do ar<\/td><td>0,6-0,8Mpa<\/td><td>0,8Mpa<\/td><\/tr><tr><td>Consumo de ar<\/td><td>1 m3\/h<\/td><td>1 m3\/h<\/td><\/tr><tr><td>Consumo de energia<\/td><td>380V\/8KW<\/td><td>380 V\/8 KW, 50 Hz<\/td><\/tr><tr><td>Tamanho da m\u00e1quina (mm)<\/td><td>2.000\u00d72.000\u00d73.000<\/td><td>2.000\u00d72.000\u00d73.400<\/td><\/tr><\/tbody><\/table><\/figure>    <h2 class=\"wp-block-heading\">O que s\u00e3o sacolas jumbo?<\/h2>    <p class=\"translation-block\">Sacos jumbo, tamb\u00e9m conhecidos como sacos a granel ou <a href=\"https:\/\/en.wikipedia.org\/wiki\/Flexible_intermediate_bulk_container\" target=\"_blank\" rel=\"noopener\">FIBCs<\/a> (Cont\u00eaineres Flex\u00edveis Intermedi\u00e1rios a Granel), s\u00e3o grandes cont\u00eaineres industriais usados para o armazenamento e transporte de produtos secos e flu\u00eddos, como areia, cimento, gr\u00e3os, produtos qu\u00edmicos e minerais. Eles geralmente t\u00eam uma capacidade que varia de 500 kg a v\u00e1rias toneladas e s\u00e3o feitos de tecido de polipropileno tecido com la\u00e7os de eleva\u00e7\u00e3o para f\u00e1cil manuseio com guindastes ou empilhadeiras. Sacos jumbo s\u00e3o uma alternativa econ\u00f4mica e ecol\u00f3gica a sacos menores e tambores, pois reduzem o desperd\u00edcio de embalagem e melhoram a efici\u00eancia log\u00edstica.<\/p>    <figure class=\"wp-block-image size-full\"><img loading=\"lazy\" decoding=\"async\" width=\"720\" height=\"540\" src=\"https:\/\/tianhuipackingmachine.com\/wp-content\/uploads\/2023\/03\/ton-bags.jpg\" alt=\"sacos de tonelada\" class=\"wp-image-6407\"\/><figcaption class=\"wp-element-caption\">Sacos de tonelada<\/figcaption><\/figure>    <h2 class=\"wp-block-heading\">Benef\u00edcios de usar a m\u00e1quina de enchimento de sacos Jumbo<\/h2>    <p>Um dos principais benef\u00edcios do uso da m\u00e1quina de envase de sacos jumbo \u00e9 o aumento de efici\u00eancia que ela proporciona. Essas m\u00e1quinas s\u00e3o capazes de encher sacos com rapidez e precis\u00e3o, o que significa que podem reduzir significativamente o tempo e o trabalho necess\u00e1rios para o enchimento manual dos sacos. Isso resulta em taxas de produ\u00e7\u00e3o mais altas, maior produtividade e menores custos de m\u00e3o de obra.<\/p>    <p>A m\u00e1quina embaladora de sacos Jumbo tamb\u00e9m \u00e9 altamente precisa, garantindo que cada saco seja preenchido com o peso e volume corretos. Isto \u00e9 particularmente importante para ind\u00fastrias que exigem medi\u00e7\u00f5es precisas, como as ind\u00fastrias qu\u00edmica e farmac\u00eautica.<\/p>    <p>Al\u00e9m disso, as m\u00e1quinas de envase de sacos jumbo s\u00e3o projetadas para lidar com uma ampla variedade de materiais, incluindo materiais abrasivos e dif\u00edceis de manusear. Isso significa que eles podem ser usados \u200b\u200bem uma variedade de ind\u00fastrias, incluindo minera\u00e7\u00e3o, constru\u00e7\u00e3o, agricultura e processamento de alimentos.<\/p>    <figure class=\"wp-block-image size-full\"><img loading=\"lazy\" decoding=\"async\" width=\"720\" height=\"540\" src=\"https:\/\/tianhuipackingmachine.com\/wp-content\/uploads\/2023\/03\/jumbo-bag-packing-machine-parts.jpg\" alt=\"pe\u00e7as para m\u00e1quinas de embalagem de sacos enormes\" class=\"wp-image-6408\"\/><figcaption class=\"wp-element-caption\">Pe\u00e7as para m\u00e1quinas de embalagem de sacos enormes<\/figcaption><\/figure>    <h2 class=\"wp-block-heading\">Principais fatores a serem considerados ao escolher uma m\u00e1quina de enchimento de sacos Jumbo<\/h2>    <p>Ao escolher uma m\u00e1quina de envase de sacos jumbo, h\u00e1 v\u00e1rios fatores a serem considerados, incluindo:<\/p>    <p class=\"translation-block\"><strong>Tipo de material:<\/strong> O tipo de material que voc\u00ea ir\u00e1 encher determinar\u00e1 o tipo de m\u00e1quina que voc\u00ea precisa. Por exemplo, se voc\u00ea estiver enchendo materiais abrasivos, precisar\u00e1 de uma m\u00e1quina projetada para lidar com esses materiais.<\/p>    <p class=\"translation-block\"><strong>Tamanho e peso do saco:<\/strong> M\u00e1quinas de enchimento de sacos jumbo podem lidar com sacos de diferentes tamanhos e pesos, portanto, \u00e9 importante escolher uma m\u00e1quina que possa acomodar os sacos que voc\u00ea ir\u00e1 usar.<\/p>    <p class=\"translation-block\"><strong>Taxa de enchimento: <\/strong>A taxa de enchimento de uma m\u00e1quina determina qu\u00e3o rapidamente ela pode encher sacos. Esta \u00e9 uma considera\u00e7\u00e3o importante se voc\u00ea precisar encher um grande n\u00famero de sacos em um curto per\u00edodo de tempo.<\/p>    <p class=\"translation-block\"><strong>N\u00edvel de automa\u00e7\u00e3o:<\/strong> M\u00e1quinas de enchimento de sacos jumbo podem ser totalmente automatizadas ou semi-automatizadas. M\u00e1quinas totalmente automatizadas requerem menos entrada do operador, enquanto m\u00e1quinas semi-automatizadas requerem mais entrada do operador, mas normalmente s\u00e3o menos caras.<\/p>    <figure class=\"wp-block-image size-full\"><img loading=\"lazy\" decoding=\"async\" width=\"720\" height=\"540\" src=\"https:\/\/tianhuipackingmachine.com\/wp-content\/uploads\/2023\/03\/big-bag-filling-machine-factory.jpg\" alt=\"f\u00e1brica de m\u00e1quinas de enchimento de big bags\" class=\"wp-image-6409\"\/><figcaption class=\"wp-element-caption\">F\u00e1brica de m\u00e1quinas de enchimento de big bags<\/figcaption><\/figure>    <h2 class=\"wp-block-heading\">Conclus\u00e3o<\/h2>    <p>A m\u00e1quina envasadora de sacos Jumbo \u00e9 uma ferramenta essencial para muitas ind\u00fastrias, fornecendo uma maneira r\u00e1pida, precisa e eficiente de embalar materiais a granel. Ao automatizar o processo de envase, essas m\u00e1quinas podem melhorar significativamente as taxas de produ\u00e7\u00e3o e reduzir os custos de m\u00e3o de obra. Ao escolher uma m\u00e1quina de envase de sacos jumbo, \u00e9 importante considerar fatores como tipo de material, tamanho e peso do saco, taxa de enchimento e n\u00edvel de automa\u00e7\u00e3o.  <\/p>    <p class=\"translation-block\">Henan Top Packaging Machinery Co., Ltd fornece solu\u00e7\u00f5es profissionais de <a href=\"https:\/\/tianhuipackingmachine.com\/pt\/product\/\">embalagem e enchimento<\/a> para clientes globais. Nossa m\u00e1quina de enchimento de sacos jumbo \u00e0 venda \u00e9 famosa por seu excelente desempenho e bom pre\u00e7o. Se voc\u00ea est\u00e1 procurando um sistema de enchimento de sacos grandes, entre em contato conosco para mais detalhes \u00fateis sobre a m\u00e1quina. <\/p>","protected":false},"excerpt":{"rendered":"<p>Jumbo bag filling machine, also named ton bag packing machine, is designed to simplify and streamline your material handling process. The machine from us is perfect for industries that require efficient, accurate, and automated packaging of a wide range of materials, including granules, powders, and pellets. By automating the packaging process, jumbo bag filling machine [&hellip;]<\/p>\n","protected":false},"author":1,"featured_media":6404,"parent":0,"template":"","tags":[162],"product-type":[141],"class_list":["post-6402","product","type-product","status-publish","has-post-thumbnail","hentry","tag-filling-machine","product-type-filling-machines"],"_links":{"self":[{"href":"https:\/\/tianhuipackingmachine.com\/pt\/wp-json\/wp\/v2\/product\/6402","targetHints":{"allow":["GET"]}}],"collection":[{"href":"https:\/\/tianhuipackingmachine.com\/pt\/wp-json\/wp\/v2\/product"}],"about":[{"href":"https:\/\/tianhuipackingmachine.com\/pt\/wp-json\/wp\/v2\/types\/product"}],"author":[{"embeddable":true,"href":"https:\/\/tianhuipackingmachine.com\/pt\/wp-json\/wp\/v2\/users\/1"}],"wp:featuredmedia":[{"embeddable":true,"href":"https:\/\/tianhuipackingmachine.com\/pt\/wp-json\/wp\/v2\/media\/6404"}],"wp:attachment":[{"href":"https:\/\/tianhuipackingmachine.com\/pt\/wp-json\/wp\/v2\/media?parent=6402"}],"wp:term":[{"taxonomy":"post_tag","embeddable":true,"href":"https:\/\/tianhuipackingmachine.com\/pt\/wp-json\/wp\/v2\/tags?post=6402"},{"taxonomy":"product-type","embeddable":true,"href":"https:\/\/tianhuipackingmachine.com\/pt\/wp-json\/wp\/v2\/product-type?post=6402"}],"curies":[{"name":"wp","href":"https:\/\/api.w.org\/{rel}","templated":true}]}}