{"id":6356,"date":"2023-03-03T15:28:21","date_gmt":"2023-03-03T07:28:21","guid":{"rendered":"https:\/\/tianhuipackingmachine.com\/?post_type=product&#038;p=6356"},"modified":"2023-03-03T17:19:30","modified_gmt":"2023-03-03T09:19:30","slug":"soap-making-machine","status":"publish","type":"product","link":"https:\/\/tianhuipackingmachine.com\/pt\/soap-making-machine\/","title":{"rendered":"M\u00e1quina de fazer sab\u00e3o"},"content":{"rendered":"<p class=\"translation-block\">A <strong>m\u00e1quina de fazer sab\u00e3o<\/strong> \u00e9 uma \u00f3tima ferramenta usada para automatizar o processo de fabrico de sab\u00e3o. A m\u00e1quina \u00e9 concebida para misturar, amalgamar, extrudar e cortar sab\u00f5es. A m\u00e1quina de fazer sab\u00e3o pode ser usada para fabricar v\u00e1rios produtos de sab\u00e3o, como sab\u00e3o em barra, sab\u00e3o para lavanderia, sab\u00e3o de banho, sab\u00e3o de toucador e sab\u00e3o transparente. \u00a0<\/p>    <p>O sab\u00e3o tem sido uma parte essencial da higiene e limpeza humana h\u00e1 s\u00e9culos. E a m\u00e1quina de fazer sab\u00e3o revoluciona a forma como os sabonetes s\u00e3o produzidos. Tornou poss\u00edvel aos fabricantes de sabonetes produzir sabonetes em maior escala, com maior efici\u00eancia e confiabilidade.<\/p>    <figure class=\"wp-block-image size-full\"><img loading=\"lazy\" decoding=\"async\" width=\"720\" height=\"540\" src=\"https:\/\/tianhuipackingmachine.com\/wp-content\/uploads\/2023\/03\/soap-making-machine.jpg\" alt=\"m\u00e1quina de fazer sab\u00e3o\" class=\"wp-image-6357\"\/><figcaption class=\"wp-element-caption\">M\u00e1quina de fazer sab\u00e3o<\/figcaption><\/figure>    <h2 class=\"wp-block-heading\"><strong>Tipos de m\u00e1quinas para fazer sab\u00e3o em barra para venda<\/strong><\/h2>    <p>Para realizar um processo de fabrica\u00e7\u00e3o de sab\u00e3o totalmente autom\u00e1tico, existem v\u00e1rios tipos de m\u00e1quinas de fabrica\u00e7\u00e3o de sab\u00e3o dispon\u00edveis no mercado global, cada uma projetada para atender a necessidades espec\u00edficas de fabrica\u00e7\u00e3o. E eles se combinaram para formar uma linha completa de fabrica\u00e7\u00e3o de sabonetes. Aqui est\u00e3o alguns dos tipos mais comuns de m\u00e1quinas de fazer sab\u00e3o:<\/p>    <p class=\"translation-block\"><strong>M\u00e1quina de misturar sab\u00e3o:<\/strong> A m\u00e1quina de misturar sab\u00e3o \u00e9 usada para misturar ingredientes antes de os moer. O material da estrutura da m\u00e1quina \u00e9 feito de a\u00e7o carbono Q235 de boa qualidade, e a parte que entra em contacto com o granulado de sab\u00e3o \u00e9 feita de a\u00e7o inoxid\u00e1vel.<\/p>    <p class=\"translation-block\"><strong>M\u00e1quina de moer sab\u00e3o: <\/strong> A m\u00e1quina de moer sab\u00e3o \u00e9 aplicada para moer o granulado de sab\u00e3o em part\u00edculas menores. Este \u00e9 um passo fundamental na prepara\u00e7\u00e3o do material de sab\u00e3o. A pot\u00eancia do motor da m\u00e1quina \u00e9 de 4 kW. &nbsp;<\/p>    <p class=\"translation-block\"><strong>M\u00e1quina extrusora de sab\u00e3o: <\/strong> A m\u00e1quina extrusora de sab\u00e3o \u00e9 usada para fabricar granulados de sab\u00e3o, que s\u00e3o utilizados para fazer v\u00e1rios tipos de produtos de sab\u00e3o. A capacidade de produ\u00e7\u00e3o da extrusora de sab\u00e3o pode atingir 100 kg por hora.<\/p>    <p class=\"translation-block\"><strong>M\u00e1quina de cortar sab\u00e3o:<\/strong> A m\u00e1quina de cortar sab\u00e3o \u00e9 usada para cortar barras de sab\u00e3o em formas e tamanhos uniformes. E podem ser personalizadas de acordo com os seus requisitos. A sua capacidade pode atingir 200 barras de sab\u00e3o por minuto.<\/p>    <p class=\"translation-block\"><strong>M\u00e1quina de estampar sab\u00e3o:<\/strong> A m\u00e1quina de estampar sab\u00e3o \u00e9 aplicada para imprimir log\u00f3tipos ou desenhos em barras de sab\u00e3o. As ventosas recolhem o sab\u00e3o original e colocam-no no molde, ap\u00f3s a forma\u00e7\u00e3o, retiram as barras de sab\u00e3o acabadas para o transportador. Todo o processo \u00e9 totalmente autom\u00e1tico, de alta efici\u00eancia e com desempenho fi\u00e1vel.<\/p>    <p class=\"translation-block\"><strong>M\u00e1quina de embalar sab\u00e3o: <\/strong> A <a href=\"https:\/\/tianhuipackingmachine.com\/pt\/soap-packaging-machines\/\" target=\"_blank\" rel=\"noreferrer noopener\">m\u00e1quina de embalar sab\u00e3o<\/a> \u00e9 usada para embrulhar barras de sab\u00e3o acabadas em embalagens. Este \u00e9 um passo necess\u00e1rio antes de exibir os seus produtos de sab\u00e3o na prateleira do supermercado. \u00a0<\/p>    <h2 class=\"wp-block-heading\"><strong>Processo de produ\u00e7\u00e3o da linha de m\u00e1quinas para fabrica\u00e7\u00e3o de sab\u00e3o<\/strong><\/h2>    <p>Uma linha de fabrica\u00e7\u00e3o de sab\u00e3o consiste em diversas m\u00e1quinas de fabrica\u00e7\u00e3o de sab\u00e3o. E o processo de produ\u00e7\u00e3o de toda a linha de fabrica\u00e7\u00e3o de sabonetes \u00e9 detalhado a seguir:<\/p>    <p class=\"translation-block\"><strong>Mistura de ingredientes de sab\u00e3o \u2192 moagem <strong>\u2192<\/strong><\/strong> <strong>extrus\u00e3o de granulados de sab\u00e3o <strong><strong><strong>\u2192<\/strong><\/strong><\/strong> corte de barras de sab\u00e3o <strong><strong>\u2192<\/strong><\/strong> estampagem <strong><strong>\u2192<\/strong><\/strong> embalagem de produtos acabados.<\/strong><\/p>    <figure class=\"wp-block-image size-full\"><img loading=\"lazy\" decoding=\"async\" width=\"720\" height=\"540\" src=\"https:\/\/tianhuipackingmachine.com\/wp-content\/uploads\/2023\/03\/soap-making-line.jpg\" alt=\"linha de fabrica\u00e7\u00e3o de sab\u00e3o\" class=\"wp-image-6363\"\/><figcaption class=\"wp-element-caption\">Linha de fabrica\u00e7\u00e3o de sab\u00e3o<\/figcaption><\/figure>    <h2 class=\"wp-block-heading\"><strong>Caracter\u00edsticas desta m\u00e1quina autom\u00e1tica de fabrica\u00e7\u00e3o de sab\u00e3o<\/strong><\/h2>    <ol class=\"wp-block-list\" type=\"1\"> <li>Estrutura corporal simples. Todas as m\u00e1quinas de fazer sab\u00e3o s\u00e3o projetadas com estruturas simples. O que \u00e9 f\u00e1cil de instalar e manter.<\/li>    <li>Materiais corporais de alta qualidade. Todas as m\u00e1quinas s\u00e3o utilizadas em a\u00e7o inoxid\u00e1vel, que \u00e9 dur\u00e1vel e f\u00e1cil de limpar.<\/li>    <li>F\u00e1cil de operar. Com um sistema de controle avan\u00e7ado, \u00e9 f\u00e1cil de operar e apenas um homem pode lidar com isso.<\/li>    <li>Grande variedade. Esta linha de m\u00e1quinas para fabrica\u00e7\u00e3o de sab\u00e3o em barra pode fabricar uma ampla gama de produtos de sab\u00e3o, como sab\u00e3o em p\u00f3, sabonete, sabonete para banho, etc.<\/li>    <li>Qualidade consistente. A m\u00e1quina autom\u00e1tica de fabrica\u00e7\u00e3o de sab\u00e3o pode produzir sabonetes com qualidade consistente, o que garante que cada sabonete em barra atenda aos mesmos padr\u00f5es elevados.<\/li>    <li>O servi\u00e7o OEM est\u00e1 dispon\u00edvel. Com vasta experi\u00eancia, oferecemos excelentes servi\u00e7os de personaliza\u00e7\u00e3o, como pot\u00eancia da m\u00e1quina, materiais, componentes, logotipos, formas e tamanhos no sabonete.<\/li> <\/ol>    <h2 class=\"wp-block-heading\"><strong>Partes principais da linha de m\u00e1quinas autom\u00e1ticas para fabrica\u00e7\u00e3o de sab\u00e3o<\/strong><\/h2>    <p>As partes principais de uma linha completa de fabrica\u00e7\u00e3o de sab\u00e3o autom\u00e1tica incluem uma m\u00e1quina misturadora de material, m\u00e1quina trituradora, m\u00e1quina de corte a v\u00e1cuo, m\u00e1quina de corte, impressora de sab\u00e3o, gabinete de controle, correia transportadora, etc.<\/p>    <div class=\"wp-block-group is-layout-constrained wp-block-group-is-layout-constrained\"> <div class=\"wp-block-columns is-layout-flex wp-container-core-columns-is-layout-28f84493 wp-block-columns-is-layout-flex\"> <div class=\"wp-block-column is-layout-flow wp-block-column-is-layout-flow\"> <figure class=\"wp-block-gallery has-nested-images columns-default is-cropped wp-block-gallery-2 is-layout-flex wp-block-gallery-is-layout-flex\"> <figure class=\"wp-block-image size-full\"><img loading=\"lazy\" decoding=\"async\" width=\"720\" height=\"540\" data-id=\"6364\" src=\"https:\/\/tianhuipackingmachine.com\/wp-content\/uploads\/2023\/03\/soap-mixing-and-grinding-machine.jpg\" alt=\"m\u00e1quina de misturar e moer sab\u00e3o\" class=\"wp-image-6364\"\/><figcaption class=\"wp-element-caption\">M\u00e1quina de mistura e moagem de sab\u00e3o<\/figcaption><\/figure> <\/figure> <\/div>    <div class=\"wp-block-column is-layout-flow wp-block-column-is-layout-flow\"> <figure class=\"wp-block-gallery has-nested-images columns-default is-cropped wp-block-gallery-3 is-layout-flex wp-block-gallery-is-layout-flex\"> <figure class=\"wp-block-image size-full\"><img loading=\"lazy\" decoding=\"async\" width=\"720\" height=\"540\" data-id=\"6366\" src=\"https:\/\/tianhuipackingmachine.com\/wp-content\/uploads\/2023\/03\/soap-extruder.jpg\" alt=\"extrusora de sab\u00e3o\" class=\"wp-image-6366\"\/><figcaption class=\"wp-element-caption\">Extrusora de sab\u00e3o<\/figcaption><\/figure> <\/figure> <\/div>    <div class=\"wp-block-column is-layout-flow wp-block-column-is-layout-flow\"> <figure class=\"wp-block-gallery has-nested-images columns-default is-cropped wp-block-gallery-4 is-layout-flex wp-block-gallery-is-layout-flex\"> <figure class=\"wp-block-image size-full\"><img loading=\"lazy\" decoding=\"async\" width=\"720\" height=\"540\" data-id=\"6367\" src=\"https:\/\/tianhuipackingmachine.com\/wp-content\/uploads\/2023\/03\/soap-cutter-machine.jpg\" alt=\"m\u00e1quina de cortar sab\u00e3o\" class=\"wp-image-6367\"\/><figcaption class=\"wp-element-caption\">M\u00e1quina cortadora de sab\u00e3o<\/figcaption><\/figure> <\/figure> <\/div> <\/div> <\/div>    <h2 class=\"wp-block-heading\"><strong>Qual \u00e9 o custo da m\u00e1quina de fazer sab\u00e3o?<\/strong><\/h2>    <p>O pre\u00e7o da m\u00e1quina para fazer sab\u00e3o varia dependendo das diferentes configura\u00e7\u00f5es, capacidades e materiais da m\u00e1quina. Al\u00e9m disso, o pre\u00e7o da m\u00e1quina de fazer sab\u00e3o \u00e9 diferente quando enviado para porto diferente, porque o custo de envio \u00e9 diferente. Fornecemos uma linha completa de produ\u00e7\u00e3o de sab\u00e3o e uma \u00fanica m\u00e1quina de fazer sab\u00e3o. Ent\u00e3o, se voc\u00ea deseja comprar uma linha completa de fabrica\u00e7\u00e3o de sabonetes ou apenas uma m\u00e1quina que voc\u00ea precisa, \u00e9 \u00f3timo entrar em contato conosco para mais detalhes e lista de pre\u00e7os.<\/p>    <h2 class=\"wp-block-heading\"><strong>Aplica\u00e7\u00f5es de m\u00e1quinas de fazer sab\u00e3o<\/strong><\/h2>    <p>Na verdade, esta m\u00e1quina de fazer sabonete foi projetada para fazer sabonetes em barra, e n\u00e3o sabonetes l\u00edquidos. Com diversos carimbos e moldes, a linha de produ\u00e7\u00e3o de sabonetes pode produzir uma gama completa de sabonetes em barra, podendo ser desenhadas em diversos tamanhos, formatos, cores e logotipos. Al\u00e9m disso, com diferentes formula\u00e7\u00f5es de sabonetes, pode fabricar sabonete detergente, sabonete, sab\u00e3o em p\u00f3, sabonete de limpeza, sabonete de banho, sabonete transparente, etc.<\/p>    <figure class=\"wp-block-image size-full\"><img loading=\"lazy\" decoding=\"async\" width=\"720\" height=\"540\" src=\"https:\/\/tianhuipackingmachine.com\/wp-content\/uploads\/2023\/03\/finished-soap-products.jpg\" alt=\"produtos de sab\u00e3o acabados\" class=\"wp-image-6360\"\/><figcaption class=\"wp-element-caption\">Sabonetes Acabados<\/figcaption><\/figure>    <h2 class=\"wp-block-heading\"><strong>Usando m\u00e1quinas de fabrica\u00e7\u00e3o de sab\u00e3o para agilizar a produ\u00e7\u00e3o de sab\u00e3o<\/strong><\/h2>    <p>A m\u00e1quina de fazer sab\u00e3o pode ser aplicada para agilizar a produ\u00e7\u00e3o de sab\u00e3o de v\u00e1rias maneiras. Aqui est\u00e3o algumas maneiras pelas quais a m\u00e1quina de fabrica\u00e7\u00e3o de sab\u00e3o pode ser usada para agilizar a produ\u00e7\u00e3o de sab\u00e3o em grande escala:<\/p>    <h3 class=\"wp-block-heading\">1. <strong>Melhorar a efici\u00eancia<\/strong><\/h3>    <p>A m\u00e1quina de fazer sab\u00e3o pode melhorar a efici\u00eancia ao automatizar o processo de fabrica\u00e7\u00e3o de sab\u00e3o. Isso significa que \u00e9 necess\u00e1rio menos esfor\u00e7o e tempo para produzir sab\u00e3o, o que pode ajudar a reduzir custos e aumentar o lucro do seu neg\u00f3cio.<\/p>    <h3 class=\"wp-block-heading\">2. <strong>Aumentar a capacidade de produ\u00e7\u00e3o<\/strong><\/h3>    <p>A m\u00e1quina de fazer sab\u00e3o totalmente autom\u00e1tica pode aumentar muito a capacidade de produ\u00e7\u00e3o. Isto significa que mais sab\u00e3o pode ser produzido em menos tempo. O que pode aumentar a competitividade de seus sabonetes no mercado.<\/p>    <h3 class=\"wp-block-heading\">3. <strong>Reduzir custos trabalhistas<\/strong><\/h3>    <p>Comparada com a fabrica\u00e7\u00e3o manual de sab\u00e3o, a m\u00e1quina autom\u00e1tica de fabrica\u00e7\u00e3o de sab\u00e3o requer menos m\u00e3o de obra e \u00e9 muito f\u00e1cil de operar. \u00a0\u00a0<\/p>    <h2 class=\"wp-block-heading\"><strong>Contate-nos hoje para iniciar seu neg\u00f3cio de fabrica\u00e7\u00e3o de sabonetes<\/strong><\/h2>    <p class=\"translation-block\">Como um <a href=\"https:\/\/tianhuipackingmachine.com\/pt\/\">fabricante abrangente de m\u00e1quinas<\/a>, as nossas m\u00e1quinas de fazer sab\u00e3o foram exportadas com sucesso para mais de 15 pa\u00edses e regi\u00f5es, como \u00c1frica do Sul, Qu\u00e9nia, Zimbabu\u00e9, Gana, Nig\u00e9ria, Filipinas, Eti\u00f3pia, EUA, Nova Zel\u00e2ndia, etc. Se pretende iniciar o seu projeto de fabrico de sab\u00e3o, \u00e9 hora de nos contactar para obter detalhes \u00fateis sobre as m\u00e1quinas e a lista de pre\u00e7os mais recente.<\/p>","protected":false},"excerpt":{"rendered":"<p>Soap making machine is a great tool used to automate the soap making process. The machine is designed to mix, blend, extrude, and cut of soaps. The soap making machine can be used to manufacture various soap products, such as bar soap, laundry soap, bath soap, toilet soap, and transparent soap. \u00a0 Soap has been [&hellip;]<\/p>\n","protected":false},"author":1,"featured_media":6357,"parent":0,"template":"","tags":[],"product-type":[145],"class_list":["post-6356","product","type-product","status-publish","has-post-thumbnail","hentry","product-type-other-products"],"_links":{"self":[{"href":"https:\/\/tianhuipackingmachine.com\/pt\/wp-json\/wp\/v2\/product\/6356","targetHints":{"allow":["GET"]}}],"collection":[{"href":"https:\/\/tianhuipackingmachine.com\/pt\/wp-json\/wp\/v2\/product"}],"about":[{"href":"https:\/\/tianhuipackingmachine.com\/pt\/wp-json\/wp\/v2\/types\/product"}],"author":[{"embeddable":true,"href":"https:\/\/tianhuipackingmachine.com\/pt\/wp-json\/wp\/v2\/users\/1"}],"wp:featuredmedia":[{"embeddable":true,"href":"https:\/\/tianhuipackingmachine.com\/pt\/wp-json\/wp\/v2\/media\/6357"}],"wp:attachment":[{"href":"https:\/\/tianhuipackingmachine.com\/pt\/wp-json\/wp\/v2\/media?parent=6356"}],"wp:term":[{"taxonomy":"post_tag","embeddable":true,"href":"https:\/\/tianhuipackingmachine.com\/pt\/wp-json\/wp\/v2\/tags?post=6356"},{"taxonomy":"product-type","embeddable":true,"href":"https:\/\/tianhuipackingmachine.com\/pt\/wp-json\/wp\/v2\/product-type?post=6356"}],"curies":[{"name":"wp","href":"https:\/\/api.w.org\/{rel}","templated":true}]}}