{"id":5923,"date":"2022-06-20T17:25:29","date_gmt":"2022-06-20T09:25:29","guid":{"rendered":"https:\/\/tianhuipackingmachine.com\/?post_type=product&#038;p=5923"},"modified":"2025-05-14T15:45:52","modified_gmt":"2025-05-14T07:45:52","slug":"sunflower-seed-packing-machine","status":"publish","type":"product","link":"https:\/\/tianhuipackingmachine.com\/pt\/sunflower-seed-packing-machine\/","title":{"rendered":"M\u00e1quina embaladora de sementes de girassol"},"content":{"rendered":"<p class=\"translation-block\">A <strong>m\u00e1quina de embalagem de sementes de girassol Shuliy<\/strong> \u00e9 um tipo de m\u00e1quina de embalagem autom\u00e1tica de sacos para sementes de girassol, sementes de vegetais, etc., em sacos, atrav\u00e9s de pesagem autom\u00e1tica, enchimento, fabrica\u00e7\u00e3o de sacos, selagem e sa\u00edda. Possui uma velocidade de embalagem de 5-100 sacos por minuto. O peso de embalagem comum por saco \u00e9 de 20g, 50g, 100g, 200g, 250g, 500g, 1kg, 5kg, 10kg, etc.<\/p>    <p>Ap\u00f3s a embalagem, as sementes de girassol podem prolongar sua vida \u00fatil e s\u00e3o f\u00e1ceis de armazenar e transportar. Elas tamb\u00e9m t\u00eam uma apar\u00eancia bonita e arrumada, o que pode atrair os consumidores. Assim, esta m\u00e1quina \u00e9 amplamente utilizada na ind\u00fastria de alimentos de lazer.<\/p>    <p>\u00a0Como um fabricante forte de m\u00e1quinas de embalagem, fornecemos v\u00e1rias m\u00e1quinas de embalagem de sementes de girassol para atender \u00e0s suas necessidades espec\u00edficas de produ\u00e7\u00e3o. Se estiver interessado, entre em contato conosco para uma lista de pre\u00e7os gratuita.<\/p>   <figure class=\"wp-block-embed-youtube wp-block-embed is-type-video is-provider-youtube wp-embed-aspect-16-9 wp-has-aspect-ratio\"><div class=\"lyte-wrapper\" title=\"M\u00e1quina de embalagem para entrega\" style=\"width:853px;max-width:100%;margin:5px auto;\"><div class=\"lyMe\" id=\"WYL_029yLx8sBaU\" itemprop=\"video\" itemscope itemtype=\"https:\/\/schema.org\/VideoObject\"><div><meta itemprop=\"thumbnailUrl\" content=\"https:\/\/i.ytimg.com\/vi\/029yLx8sBaU\/hqdefault.jpg\" \/><meta itemprop=\"embedURL\" content=\"https:\/\/www.youtube.com\/embed\/029yLx8sBaU\" \/><meta itemprop=\"duration\" content=\"PT1M53S\" \/><meta itemprop=\"uploadDate\" content=\"2024-03-20T08:50:42Z\" \/><\/div><div id=\"lyte_029yLx8sBaU\" data-src=\"https:\/\/i.ytimg.com\/vi\/029yLx8sBaU\/hqdefault.jpg\" class=\"pL\"><div class=\"tC\"><div class=\"tT\" itemprop=\"name\">M\u00e1quina de embalagem para entrega<\/div><\/div><div class=\"play\"><\/div><div class=\"ctrl\"><div class=\"Lctrl\"><\/div><div class=\"Rctrl\"><\/div><\/div><\/div><noscript><a href=\"https:\/\/youtu.be\/029yLx8sBaU\" rel=\"nofollow noopener\" target=\"_blank\"><img loading=\"lazy\" decoding=\"async\" src=\"https:\/\/i.ytimg.com\/vi\/029yLx8sBaU\/0.jpg\" alt=\"M\u00e1quina de embalagem para entrega\" width=\"853\" height=\"460\" \/><\/a><\/noscript><meta itemprop=\"description\" content=\"#granulepackingmachine #packing #packingmachine WhatsApp No.: https:\/\/wa.me\/+8613673689272 WeChat\/Tel No.:+8613673689272 Email: sales@tianhuipackingmachine.com Website: https:\/\/tianhuipackingmachine.com\/sunflower-seed-packing-machine\/ Welcome to our channel! In this video, we showcase our advanced granule packing machine in action, specifically designed for packaging sunflower seeds. Our granule packaging machine offers precise and efficient packaging, ensuring consistent weights and high-quality sealing for each packet of sunflower seeds. With its user-friendly interface and reliable performance, our automatic granule packing machine is the perfect solution for sunflower seed producers looking to streamline their packaging process and enhance productivity. Watch the video to see our machine in operation and discover how it can benefit your packaging needs! WhatsApp No.: https:\/\/wa.me\/+8613673689272 WeChat\/Tel No.:+8613673689272 Email: sales@tianhuipackingmachine.com Website: https:\/\/tianhuipackingmachine.com\/sunflower-seed-packing-machine\/\"><\/div><\/div><div class=\"lL\" style=\"max-width:100%;width:853px;margin:5px auto;\"> <a href=\"https:\/\/youtu.be\/029yLx8sBaU\" target=\"_blank\" rel=\"noopener\">Assista a este v\u00eddeo no YouTube<\/a>.<\/div><figcaption>v\u00eddeo de trabalho da m\u00e1quina de embalagem de sementes<\/figcaption><\/figure>   <h2 class=\"wp-block-heading\" id=\"h-what-is-sunflower-seed-packing-machine\"><strong>3 tipos diferentes de m\u00e1quinas de embalagem de sementes de girassol \u00e0 venda<\/strong><\/h2>    <p>Para diferentes requisitos de produ\u00e7\u00e3o dos nossos consumidores, pesquisamos e fabricamos 3 tipos diferentes de m\u00e1quinas de embalagem de sementes de girassol. Elas t\u00eam diferentes vantagens e caracter\u00edsticas para atender a diferentes demandas de produ\u00e7\u00e3o, efici\u00eancia de embalagem e or\u00e7amentos. D\u00ea uma olhada nessas m\u00e1quinas abaixo para escolher a melhor para o seu projeto.<\/p>    <h3 class=\"wp-block-heading\"><strong>Tipo 1: M\u00e1quina de embalagem de saquetas de sementes de girassol vertical pequena<\/strong><\/h3>    <p class=\"translation-block\">Esta m\u00e1quina de selagem e enchimento de sementes de girassol vertical \u00e9 uma m\u00e1quina de embalagem totalmente autom\u00e1tica. Possui um tamanho pequeno, um pre\u00e7o acess\u00edvel e bom desempenho. A <a href=\"https:\/\/tianhuipackingmachine.com\/pt\/granule-packing-machine\/\">m\u00e1quina de embalagem de gr\u00e2nulos pequena<\/a> \u00e9 ideal para pequenas necessidades de produ\u00e7\u00e3o. Selagem traseira, selagem de tr\u00eas lados e selagem de quatro lados est\u00e3o dispon\u00edveis nesta m\u00e1quina. \u00c9 adequada para um peso de embalagem de 0-600g.<\/p>    <figure class=\"wp-block-image size-full\"><img loading=\"lazy\" decoding=\"async\" width=\"720\" height=\"540\" src=\"https:\/\/tianhuipackingmachine.com\/wp-content\/uploads\/2022\/06\/small-sunflower-seed-packing-machine.jpg\" alt=\"pequena m\u00e1quina de embalagem de sementes de girassol\" class=\"wp-image-5926\"\/><figcaption class=\"wp-element-caption\">M\u00e1quina de embalagem pequena de sementes de girassol<\/figcaption><\/figure>    <h4 class=\"wp-block-heading\"><strong>Par\u00e2metros da m\u00e1quina de selagem e enchimento de tipo vertical pequeno<\/strong><\/h4>    <figure class=\"wp-block-table\"><table><tbody><tr><td>Tipo<\/td><td>SL-320<\/td><td>SL-450<\/td><\/tr><tr><td>Estilo de bolsa<\/td><td>Veda\u00e7\u00e3o traseira\/veda\u00e7\u00e3o de 3 lados\/veda\u00e7\u00e3o de 4 lados<\/td><td>Veda\u00e7\u00e3o traseira \/selo de 3 lados \/veda\u00e7\u00e3o de 4 lados<\/td><\/tr><tr><td>Velocidade de embalagem<\/td><td>32-72 sacos\/min ou 50-100 sacos\/min<\/td><td>20-80 sacos\/min<\/td><\/tr><tr><td>Comprimento do saco<\/td><td>30-180 mm<\/td><td>30-180 mm<\/td><\/tr><tr><td>Largura da bolsa<\/td><td>20-145mm (precisa substituir o anterior)<\/td><td>20-200 mm<\/td><\/tr><tr><td>Consumo de energia<\/td><td>1,8 kW<\/td><td>1,8 kW<\/td><\/tr><tr><td>Peso<\/td><td>250kg<\/td><td>420kg<\/td><\/tr><tr><td>Dimens\u00f5es<\/td><td>650*1050*1950mm<\/td><td>750*750*2100mm<\/td><\/tr><\/tbody><\/table><figcaption class=\"wp-element-caption\">especifica\u00e7\u00f5es da m\u00e1quina de embalagem de gr\u00e2nulos para sementes de girassol<\/figcaption><\/figure>    <h3 class=\"wp-block-heading\"><strong>Tipo 2: M\u00e1quina de embalagem de sementes multihead super eficiente<\/strong><\/h3>    <p class=\"translation-block\">Esta m\u00e1quina de embalagem com balan\u00e7a multihead para sementes de girassol \u00e9 tamb\u00e9m um equipamento de embalagem autom\u00e1tico. Possui super efici\u00eancia e excelente desempenho. A <a href=\"https:\/\/tianhuipackingmachine.com\/pt\/multi-head-weigher-packing-machine\/\">m\u00e1quina de embalagem com balan\u00e7a multihead<\/a> \u00e9 adequada para grandes necessidades de produ\u00e7\u00e3o. A m\u00e1quina consiste principalmente em um elevador em Z, uma m\u00e1quina de embalagem vertical, uma balan\u00e7a multihead e um transportador. \u00c9 adequada para 0-6000g de sementes de girassol por saco.<\/p>    <figure class=\"wp-block-image size-full\"><img loading=\"lazy\" decoding=\"async\" width=\"720\" height=\"540\" src=\"https:\/\/tianhuipackingmachine.com\/wp-content\/uploads\/2022\/06\/multi-head-weigher-machine-for-sunflower-seed.jpg\" alt=\"m\u00e1quina de pesagem multicabe\u00e7a para semente de girassol\" class=\"wp-image-5928\"\/><figcaption class=\"wp-element-caption\">M\u00e1quina de pesagem de m\u00faltiplas cabe\u00e7as para sementes de girassol<\/figcaption><\/figure>    <h4 class=\"wp-block-heading\"><strong>Par\u00e2metros da m\u00e1quina de embalagem de sementes de girassol com pesagem multihead<\/strong><\/h4>    <figure class=\"wp-block-table\"><table><tbody><tr><td>Modelo<\/td><td>SL-420<\/td><td>SL-520<\/td><td>SL-720<\/td><\/tr><tr><td>Tipos de sacos de embalagem<\/td><td>Selo traseiro<\/td><td>Selo traseiro<\/td><td>Selo traseiro<\/td><\/tr><tr><td>Velocidade de embalagem<\/td><td>5-30 sacos\/min<\/td><td>5-50 sacos\/min<\/td><td>5-50 sacos\/min<\/td><\/tr><tr><td>Consumo de energia<\/td><td>220V, 2,2KW<\/td><td>220 VCA\/50 Hz<\/td><td>220 VCA\/50 Hz, 5KW<\/td><\/tr><tr><td>Dimens\u00e3o<\/td><td>(C)1320*(L)950*(A)1360mm<\/td><td>(C)1150*(L)1795*(A)1650mm<\/td><td>(C)1780*(L)1350*(A)1950mm<\/td><\/tr><tr><td>Comprimento do saco<\/td><td>80-300 mm<\/td><td>80-400 mm<\/td><td>100-400mm<\/td><\/tr><tr><td>Largura da bolsa<\/td><td>80-200 mm<\/td><td>80-250 mm<\/td><td>180-350mm<\/td><\/tr><tr><td>Consumo de ar<\/td><td>0,65Mpa<\/td><td>0,65Mpa<\/td><td>0,65Mpa<\/td><\/tr><tr><td>Consumo de g\u00e1s<\/td><td>0,4m3\/min<\/td><td>0,4m3\/min<\/td><td>0,4m3\/min<\/td><\/tr><\/tbody><\/table><figcaption class=\"wp-element-caption\">Par\u00e2metros da m\u00e1quina de embalagem de balan\u00e7a multi-cabe\u00e7a<\/figcaption><\/figure>    <h3 class=\"wp-block-heading\"><strong>Tipo 3: M\u00e1quina de enchimento de sementes de girassol semi-autom\u00e1tica<\/strong><\/h3>    <p>Esta m\u00e1quina de embalagem de sementes de girassol tem a fun\u00e7\u00e3o de encher e selar e precisa ser usada com sacos preparados. A m\u00e1quina de embalagem de sementes de girassol \u00e9 adequada para embalar produtos de 5 kg a 50 kg. Tem um bom desempenho e alta efici\u00eancia. Ao mesmo tempo, a m\u00e1quina de enchimento de sementes de girassol tem um custo favor\u00e1vel.<\/p>    <figure class=\"wp-block-image size-full\"><img loading=\"lazy\" decoding=\"async\" width=\"720\" height=\"540\" src=\"https:\/\/tianhuipackingmachine.com\/wp-content\/uploads\/2022\/06\/sunflower-seed-filling-machine.jpg\" alt=\"m\u00e1quina de enchimento de sementes de girassol\" class=\"wp-image-5929\"\/><figcaption class=\"wp-element-caption\">M\u00e1quina de enchimento de sementes de girassol<\/figcaption><\/figure>    <h2 class=\"wp-block-heading\"><strong>Por que voc\u00ea precisa de uma m\u00e1quina embaladora de sementes de girassol?<\/strong><\/h2>    <p>Diferente dos m\u00e9todos tradicionais de embalagem de sementes, a embalagem autom\u00e1tica \u00e9 uma tend\u00eancia e pode beneficiar muito o seu neg\u00f3cio. Uma m\u00e1quina de embalagem autom\u00e1tica de sementes de girassol tem muitas vantagens.<\/p>    <ol style=\"list-style-type:1\" class=\"wp-block-list\"> <li>Alta efici\u00eancia. Tem uma velocidade de embalagem de 5-100 sacos por minuto, e a efici\u00eancia da m\u00e1quina \u00e9 10 vezes a de um humano.<\/li>    <li>Reduza os seus custos. Com alta efici\u00eancia, pode substituir 10 trabalhadores ou mais. Al\u00e9m disso, pode embalar durante v\u00e1rias horas sem parar. Portanto, pode economizar muitos custos com m\u00e3o de obra.<\/li>    <li>Atrair mais consumidores. A m\u00e1quina pode fazer com que as sementes de girassol tenham um design de embalagem excelente, tornando seus produtos \u00fanicos e atraentes.<\/li>    <li>Prolongar a vida \u00fatil das sementes de girassol. Ap\u00f3s a embalagem, as sementes podem ter uma embalagem de alta veda\u00e7\u00e3o, isolando efetivamente o ar e a umidade, e prolongando a vida \u00fatil das sementes de girassol.<\/li>    <li>F\u00e1ceis de armazenar, mover e vender. Os produtos embalados s\u00e3o f\u00e1ceis de empilhar, f\u00e1ceis de transportar e bons para colocar, o que \u00e9 adequado para supermercados, e-commerce e cen\u00e1rios de vendas m\u00faltiplas por atacado.<\/li> <\/ol>    <figure class=\"wp-block-gallery has-nested-images columns-default is-cropped wp-block-gallery-2 is-layout-flex wp-block-gallery-is-layout-flex\"> <figure class=\"wp-block-image size-large\"><img loading=\"lazy\" decoding=\"async\" width=\"667\" height=\"500\" data-id=\"7265\" src=\"https:\/\/tianhuipackingmachine.com\/wp-content\/uploads\/2024\/11\/granules-packing-machine-667x500.webp\" alt=\"m\u00e1quina de embalagem de gr\u00e2nulos\" class=\"wp-image-7265\" srcset=\"https:\/\/tianhuipackingmachine.com\/wp-content\/uploads\/2024\/11\/granules-packing-machine-667x500.webp 667w, https:\/\/tianhuipackingmachine.com\/wp-content\/uploads\/2024\/11\/granules-packing-machine-480x360.webp 480w, https:\/\/tianhuipackingmachine.com\/wp-content\/uploads\/2024\/11\/granules-packing-machine-16x12.webp 16w, https:\/\/tianhuipackingmachine.com\/wp-content\/uploads\/2024\/11\/granules-packing-machine.webp 720w\" sizes=\"auto, (max-width: 667px) 100vw, 667px\" \/><figcaption class=\"wp-element-caption\">M\u00e1quina de embalagem de gr\u00e2nulos<\/figcaption><\/figure>    <figure class=\"wp-block-image size-large\"><img loading=\"lazy\" decoding=\"async\" width=\"667\" height=\"500\" data-id=\"8650\" src=\"https:\/\/tianhuipackingmachine.com\/wp-content\/uploads\/2025\/03\/Shuliy-automatic-granule-packaging-machine-667x500.webp\" alt=\"M\u00e1quina de embalagem de gr\u00e2nulos autom\u00e1ticos Shuliy\" class=\"wp-image-8650\" srcset=\"https:\/\/tianhuipackingmachine.com\/wp-content\/uploads\/2025\/03\/Shuliy-automatic-granule-packaging-machine-667x500.webp 667w, https:\/\/tianhuipackingmachine.com\/wp-content\/uploads\/2025\/03\/Shuliy-automatic-granule-packaging-machine-480x360.webp 480w, https:\/\/tianhuipackingmachine.com\/wp-content\/uploads\/2025\/03\/Shuliy-automatic-granule-packaging-machine-16x12.webp 16w, https:\/\/tianhuipackingmachine.com\/wp-content\/uploads\/2025\/03\/Shuliy-automatic-granule-packaging-machine.webp 720w\" sizes=\"auto, (max-width: 667px) 100vw, 667px\" \/><figcaption class=\"wp-element-caption\">M\u00e1quina de embalagem de gr\u00e2nulos autom\u00e1ticos Shuliy<\/figcaption><\/figure> <\/figure>    <h2 class=\"wp-block-heading\"><strong>Especifica\u00e7\u00f5es de embalagem adequadas para o tipo de semente e especifica\u00e7\u00f5es de embalagem comuns<\/strong><\/h2>    <p class=\"translation-block\"><strong>Sementes adequadas para serem embaladas<\/strong><\/p>    <ul class=\"wp-block-list\"> <li>sementes de girassol descascadas<\/li>    <li>Sementes de girassol com casca<\/li>    <li>Sementes de girassol mistas e aromatizadas<\/li>    <li>Embalagem a granel ou combina\u00e7\u00e3o de m\u00faltiplos sacos<\/li> <\/ul>    <p class=\"translation-block\"><strong>Especifica\u00e7\u00f5es comuns de embalagem de sementes<\/strong><\/p>    <ul class=\"wp-block-list\"> <li><strong>20g \u2013 50g<\/strong>Varejo em supermercados, combina\u00e7\u00f5es de pacotes pequenos, pacotes de degusta\u00e7\u00e3o<\/li>    <li><strong>100g \u2013 150g<\/strong>Lojas de conveni\u00eancia, supermercados, vendas de sacos individuais<\/li>    <li><strong>200g \u2013 250g<\/strong>: Pacote familiar, especifica\u00e7\u00f5es de vendas convencionais<\/li>    <li><strong>300g \u2013 500g<\/strong>: Pacote familiar, embalagem econ\u00f4mica<\/li>    <li><strong>1kg \u2013 2,5kg<\/strong>Mercados grossistas, e-commerce, entrega de caixa inteira<\/li>    <li><strong>Embalagem grande personalizada<\/strong>: Mat\u00e9rias-primas industriais e rotulagem OEM<\/li> <\/ul>    <p>Os tipos de sacos incluem sacos com selagem traseira, sacos com selagem em 3 lados, sacos com selagem em 4 lados, sacos com fecho zip, sacos combinados, sacos a v\u00e1cuo\/sacos preenchidos com nitrog\u00eanio, etc. A nossa m\u00e1quina de embalagem de sementes de girassol pode ajud\u00e1-lo a alcan\u00e7ar o pacote acima.<\/p>    <figure class=\"wp-block-image size-large\"><img loading=\"lazy\" decoding=\"async\" width=\"750\" height=\"187\" src=\"https:\/\/tianhuipackingmachine.com\/wp-content\/uploads\/2022\/06\/applications-of-sunflower-seed-packaging-machine-750x187.webp\" alt=\"aplica\u00e7\u00f5es da m\u00e1quina de embalagem de sementes de girassol\" class=\"wp-image-8981\" srcset=\"https:\/\/tianhuipackingmachine.com\/wp-content\/uploads\/2022\/06\/applications-of-sunflower-seed-packaging-machine-750x187.webp 750w, https:\/\/tianhuipackingmachine.com\/wp-content\/uploads\/2022\/06\/applications-of-sunflower-seed-packaging-machine-480x119.webp 480w, https:\/\/tianhuipackingmachine.com\/wp-content\/uploads\/2022\/06\/applications-of-sunflower-seed-packaging-machine-768x191.webp 768w, https:\/\/tianhuipackingmachine.com\/wp-content\/uploads\/2022\/06\/applications-of-sunflower-seed-packaging-machine-1536x382.webp 1536w, https:\/\/tianhuipackingmachine.com\/wp-content\/uploads\/2022\/06\/applications-of-sunflower-seed-packaging-machine-2048x510.webp 2048w, https:\/\/tianhuipackingmachine.com\/wp-content\/uploads\/2022\/06\/applications-of-sunflower-seed-packaging-machine-18x4.webp 18w\" sizes=\"auto, (max-width: 750px) 100vw, 750px\" \/><figcaption class=\"wp-element-caption\">Aplica\u00e7\u00f5es da m\u00e1quina de embalagem de sementes de girassol<\/figcaption><\/figure>    <h2 class=\"wp-block-heading\"><strong>Qual \u00e9 o pre\u00e7o da m\u00e1quina de embalagem de sementes de girassol?<\/strong><\/h2>    <p>Para ser honesto, o custo da m\u00e1quina de contagem e embalagem de sementes de girassol \u00e9 afetado por muitos fatores, como modelos de m\u00e1quinas, materiais, marcas de motores e at\u00e9 mesmo taxas de c\u00e2mbio internacionais. No entanto, a m\u00e1quina de embalagem de sementes de girassol \u00e0 venda conosco tem boa qualidade e um pre\u00e7o competitivo. Bem-vindo a entrar em contato conosco para uma lista de pre\u00e7os gratuita da m\u00e1quina de embalagem de sementes de girassol.<\/p>    <h2 class=\"wp-block-heading\"><strong>Como escolher a m\u00e1quina embaladora de sementes de girassol certa?<\/strong><\/h2>    <p>Quando voc\u00ea quer come\u00e7ar um neg\u00f3cio de m\u00e1quina de embalagem de sementes de girassol, precisa escolher a correta e confi\u00e1vel para beneficiar seu projeto. Aqui est\u00e3o 3 dicas a seguir para sua refer\u00eancia:<\/p>    <ol class=\"wp-block-list\"> <li>Tamanho do saco. Diferentes tamanhos de saco requerem diferentes m\u00e1quinas de embalagem. Por exemplo, se o comprimento do seu saco for de 30-100mm e a largura do saco for de 25-80mm, \u00e9 ideal que voc\u00ea selecione uma m\u00e1quina de embalagem de sementes pequena.<\/li>    <li>Requisitos de produ\u00e7\u00e3o. Se voc\u00ea tem um grande projeto com alta demanda de produ\u00e7\u00e3o, uma m\u00e1quina de embalagem com pesagem m\u00faltipla de sementes \u00e9 adequada para voc\u00ea.<\/li>    <li>Or\u00e7amento. Diferentes m\u00e1quinas de embalagem t\u00eam custos diferentes.<\/li> <\/ol>    <div class=\"wp-block-columns is-layout-flex wp-container-core-columns-is-layout-28f84493 wp-block-columns-is-layout-flex\"> <div class=\"wp-block-column is-layout-flow wp-block-column-is-layout-flow\"> <figure class=\"wp-block-image size-large\"><img loading=\"lazy\" decoding=\"async\" width=\"750\" height=\"500\" src=\"https:\/\/tianhuipackingmachine.com\/wp-content\/uploads\/2021\/12\/lots-of-customers-from-different-countries-750x500.jpg\" alt=\"muitos clientes de diferentes pa\u00edses\" class=\"wp-image-4727\" srcset=\"https:\/\/tianhuipackingmachine.com\/wp-content\/uploads\/2021\/12\/lots-of-customers-from-different-countries.jpg 750w, https:\/\/tianhuipackingmachine.com\/wp-content\/uploads\/2021\/12\/lots-of-customers-from-different-countries-480x320.jpg 480w\" sizes=\"auto, (max-width: 750px) 100vw, 750px\" \/><figcaption class=\"wp-element-caption\">Muitos clientes de diferentes pa\u00edses<\/figcaption><\/figure> <\/div> <\/div>    <p class=\"translation-block\">Como fabricante e fornecedor profissional de m\u00e1quinas autom\u00e1ticas de embalagem de sementes, temos rica experi\u00eancia em embalagem, m\u00e1quinas com alta rela\u00e7\u00e3o custo-benef\u00edcio, solu\u00e7\u00f5es de linha completa, personaliza\u00e7\u00e3o e servi\u00e7o p\u00f3s-venda perfeito. Se voc\u00ea est\u00e1 procurando uma m\u00e1quina de embalagem altamente eficiente, precisa e autom\u00e1tica para <a href=\"https:\/\/en.wikipedia.org\/wiki\/Sunflower_seed\" target=\"_blank\" rel=\"noopener\">sementes de girassol<\/a>, seja bem-vindo a deixar uma mensagem ou entrar em contato conosco para mais informa\u00e7\u00f5es.<\/p>","protected":false},"excerpt":{"rendered":"<p>A m\u00e1quina de embalagem de sementes de girassol \u00e9 uma embalagem autom\u00e1tica em saco para sementes de girassol, sementes de vegetais, etc., em sacos, atrav\u00e9s de pesagem autom\u00e1tica, enchimento, fabrica\u00e7\u00e3o de sacos, selagem e sa\u00edda. <\/p>","protected":false},"author":1,"featured_media":5926,"parent":0,"template":"","tags":[166,234,233],"product-type":[136],"class_list":["post-5923","product","type-product","status-publish","has-post-thumbnail","hentry","tag-granule","tag-seeds","tag-sunflower-seeds","product-type-granule-packing-machines"],"_links":{"self":[{"href":"https:\/\/tianhuipackingmachine.com\/pt\/wp-json\/wp\/v2\/product\/5923","targetHints":{"allow":["GET"]}}],"collection":[{"href":"https:\/\/tianhuipackingmachine.com\/pt\/wp-json\/wp\/v2\/product"}],"about":[{"href":"https:\/\/tianhuipackingmachine.com\/pt\/wp-json\/wp\/v2\/types\/product"}],"author":[{"embeddable":true,"href":"https:\/\/tianhuipackingmachine.com\/pt\/wp-json\/wp\/v2\/users\/1"}],"wp:featuredmedia":[{"embeddable":true,"href":"https:\/\/tianhuipackingmachine.com\/pt\/wp-json\/wp\/v2\/media\/5926"}],"wp:attachment":[{"href":"https:\/\/tianhuipackingmachine.com\/pt\/wp-json\/wp\/v2\/media?parent=5923"}],"wp:term":[{"taxonomy":"post_tag","embeddable":true,"href":"https:\/\/tianhuipackingmachine.com\/pt\/wp-json\/wp\/v2\/tags?post=5923"},{"taxonomy":"product-type","embeddable":true,"href":"https:\/\/tianhuipackingmachine.com\/pt\/wp-json\/wp\/v2\/product-type?post=5923"}],"curies":[{"name":"wp","href":"https:\/\/api.w.org\/{rel}","templated":true}]}}