{"id":5705,"date":"2022-04-20T11:27:19","date_gmt":"2022-04-20T03:27:19","guid":{"rendered":"https:\/\/tianhuipackingmachine.com\/?post_type=product&#038;p=5705"},"modified":"2025-05-13T15:11:42","modified_gmt":"2025-05-13T07:11:42","slug":"snacks-packing-machine","status":"publish","type":"product","link":"https:\/\/tianhuipackingmachine.com\/pt\/snacks-packing-machine\/","title":{"rendered":"M\u00e1quina de embalagem de salgadinhos"},"content":{"rendered":"<p class=\"translation-block\">Shuliy <strong>maquina de embalar lanches<\/strong> \u00e9 amplamente aplicada na embalagem quantitativa de v\u00e1rios alimentos fumados, nozes, doces, frutos secos, biscoitos, crackers de arroz, pipoca, pequenas massas e outros snacks. Possui uma velocidade de embalagem de 5-80 sacos por minuto, e um peso de embalagem de 0-6000g por saco. <\/p>    <p>Seja materiais granulares, flocos ou em peda\u00e7os, pode realizar pesagem precisa, embalagem autom\u00e1tica e selagem bonita. Esta m\u00e1quina de embalagem atende \u00e0s necessidades diversificadas de pequenas e m\u00e9dias empresas de processamento de alimentos, marcas de snacks e f\u00e1bricas. Se voc\u00ea estiver interessado, entre em contato conosco para mais detalhes!<\/p>   <figure class=\"wp-block-embed-youtube wp-block-embed is-type-video is-provider-youtube wp-embed-aspect-16-9 wp-has-aspect-ratio\"><div class=\"lyte-wrapper\" title=\"M\u00e1quina de embalagem com pesador multi-cabe\u00e7a para embalagem eficiente de snacks | M\u00e1quina de embalagem Shuliy\" style=\"width:853px;max-width:100%;margin:5px auto;\"><div class=\"lyMe\" id=\"WYL_-8sideZWr70\" itemprop=\"video\" itemscope itemtype=\"https:\/\/schema.org\/VideoObject\"><div><meta itemprop=\"thumbnailUrl\" content=\"https:\/\/i.ytimg.com\/vi\/-8sideZWr70\/hqdefault.jpg\" \/><meta itemprop=\"embedURL\" content=\"https:\/\/www.youtube.com\/embed\/-8sideZWr70\" \/><meta itemprop=\"duration\" content=\"PT1M4S\" \/><meta itemprop=\"uploadDate\" content=\"2024-10-16T07:34:44Z\" \/><\/div><div id=\"lyte_-8sideZWr70\" data-src=\"https:\/\/i.ytimg.com\/vi\/-8sideZWr70\/hqdefault.jpg\" class=\"pL\"><div class=\"tC\"><div class=\"tT\" itemprop=\"name\">M\u00e1quina de embalagem com pesador multi-cabe\u00e7a para embalagem eficiente de snacks | M\u00e1quina de embalagem Shuliy<\/div><\/div><div class=\"play\"><\/div><div class=\"ctrl\"><div class=\"Lctrl\"><\/div><div class=\"Rctrl\"><\/div><\/div><\/div><noscript><a href=\"https:\/\/youtu.be\/-8sideZWr70\" rel=\"nofollow noopener\" target=\"_blank\"><img loading=\"lazy\" decoding=\"async\" src=\"https:\/\/i.ytimg.com\/vi\/-8sideZWr70\/0.jpg\" alt=\"M\u00e1quina de embalagem com pesador multi-cabe\u00e7a para embalagem eficiente de snacks | M\u00e1quina de embalagem Shuliy\" width=\"853\" height=\"460\" \/><\/a><\/noscript><meta itemprop=\"description\" content=\"#snacks #snackpack #packingmachine #packagingsolution #foodpackagingmachine WhatsApp No.: https:\/\/wa.me\/+8613673689272 WeChat\/Tel No.:+8613673689272 Email: sales@tianhuipackingmachine.com Website: https:\/\/tianhuipackingmachine.com\/multi-head-weigher-packing-machine\/ In this video, the Shuliy Multihead Scale Wrapper demonstrates how quickly and accurately snacks can be packaged. The machine is able to automatically weigh different weights of snacks and package them efficiently, ensuring consistent product quality and appearance. Suitable for a variety of snack product packaging needs, this multihead scale packaging machine helps food companies improve productivity and save labor costs. Watch the video to see this packaging machine in action and in action! WhatsApp No.: https:\/\/wa.me\/+8613673689272 WeChat\/Tel No.:+8613673689272 Email: sales@tianhuipackingmachine.com Website: https:\/\/tianhuipackingmachine.com\/multi-head-weigher-packing-machine\/\"><\/div><\/div><div class=\"lL\" style=\"max-width:100%;width:853px;margin:5px auto;\"> <a href=\"https:\/\/youtu.be\/-8sideZWr70\" target=\"_blank\" rel=\"noopener\">Assista a este v\u00eddeo no YouTube<\/a>.<\/div><figcaption>v\u00eddeo de trabalho da m\u00e1quina de embalagem de snacks<\/figcaption><\/figure>   <h2 class=\"wp-block-heading\" id=\"h-various-types-of-snacks-packing-machine-for-sale\"><strong>V\u00e1rios tipos de m\u00e1quinas de embalagem de snacks \u00e0 venda<\/strong><\/h2>    <p>A Shuliy Machinery tem uma equipe altamente profissional envolvida na fabrica\u00e7\u00e3o de m\u00e1quinas de embalagem h\u00e1 quase 30 anos. Para a m\u00e1quina de embalagem de snacks, n\u00f3s fornecemos:<\/p>    <ul class=\"wp-block-list\"> <li>M\u00e1quina de embalagem de gr\u00e2nulos VFFS (SL-320, SL-450 e SL-420)<\/li>    <li>M\u00e1quina de embalagem de lapela de balan\u00e7a multicheia (SL-420, SL-520 e SL-720)<\/li>    <li>M\u00e1quina de embalagem tipo travesseiro (SL-250, SL-350, SL-450 e SL-600)<\/li>    <li>M\u00e1quina de embalagem a v\u00e1cuo (seladora a v\u00e1cuo de c\u00e2mara \u00fanica e seladora a v\u00e1cuo de c\u00e2mara dupla)<\/li> <\/ul>    <p>As 2 primeiras m\u00e1quinas de embalagem de snacks s\u00e3o apresentadas aqui principalmente para sua refer\u00eancia.<\/p>    <h3 class=\"wp-block-heading\"><strong>Tipo 1: M\u00e1quina de embalagem de alimentos para snacks tipo saco rotativo<\/strong><\/h3>    <div class=\"wp-block-columns is-layout-flex wp-container-core-columns-is-layout-28f84493 wp-block-columns-is-layout-flex\"> <div class=\"wp-block-column is-layout-flow wp-block-column-is-layout-flow\"> <figure class=\"wp-block-image size-large\"><img loading=\"lazy\" decoding=\"async\" width=\"750\" height=\"500\" src=\"https:\/\/tianhuipackingmachine.com\/wp-content\/uploads\/2021\/12\/vertical-snacks-granule-packaging-machine-750x500.jpg\" alt=\"m\u00e1quina de embalagem vertical de gr\u00e2nulos de lanches\" class=\"wp-image-4534\" srcset=\"https:\/\/tianhuipackingmachine.com\/wp-content\/uploads\/2021\/12\/vertical-snacks-granule-packaging-machine.jpg 750w, https:\/\/tianhuipackingmachine.com\/wp-content\/uploads\/2021\/12\/vertical-snacks-granule-packaging-machine-480x320.jpg 480w\" sizes=\"auto, (max-width: 750px) 100vw, 750px\" \/><figcaption class=\"wp-element-caption\">M\u00e1quina vertical de embalagem de gr\u00e2nulos de lanches<\/figcaption><\/figure> <\/div>    <div class=\"wp-block-column is-vertically-aligned-center is-layout-flow wp-block-column-is-layout-flow\"> <ul class=\"wp-block-list\"> <li>Modelo: SL-450<\/li>    <li>Estilo do saco de embalagem: selagem traseira\/selagem de 3 lados<\/li>    <li>Velocidade de embalagem: 20-80 sacos\/min<\/li>    <li>Peso de embalagem: \u2264600g<\/li>    <li>Largura do saco: 20-200mm<\/li>    <li>Comprimento do saco: 30-180mm, ajust\u00e1vel<\/li>    <li>Consumo de energia: 2,2 kW<\/li>    <li>Peso: 420kg<\/li>    <li>Dimens\u00f5es: 750*750*21000mm<\/li> <\/ul> <\/div> <\/div>    <figure class=\"wp-block-gallery has-nested-images columns-4 is-cropped wp-block-gallery-2 is-layout-flex wp-block-gallery-is-layout-flex\"> <figure class=\"wp-block-image size-large\"><img loading=\"lazy\" decoding=\"async\" width=\"750\" height=\"500\" data-id=\"4508\" src=\"https:\/\/tianhuipackingmachine.com\/wp-content\/uploads\/2021\/12\/bag-maker-750x500.jpg\" alt=\"fabricante de sacolas\" class=\"wp-image-4508\" srcset=\"https:\/\/tianhuipackingmachine.com\/wp-content\/uploads\/2021\/12\/bag-maker.jpg 750w, https:\/\/tianhuipackingmachine.com\/wp-content\/uploads\/2021\/12\/bag-maker-480x320.jpg 480w\" sizes=\"auto, (max-width: 750px) 100vw, 750px\" \/><figcaption class=\"wp-element-caption\">Fabricante de sacolas<\/figcaption><\/figure>    <figure class=\"wp-block-image size-large\"><img loading=\"lazy\" decoding=\"async\" width=\"750\" height=\"500\" data-id=\"4513\" src=\"https:\/\/tianhuipackingmachine.com\/wp-content\/uploads\/2021\/12\/turntable-with-measuring-cups-750x500.jpg\" alt=\"prato girat\u00f3rio com copos medidores\" class=\"wp-image-4513\" srcset=\"https:\/\/tianhuipackingmachine.com\/wp-content\/uploads\/2021\/12\/turntable-with-measuring-cups.jpg 750w, https:\/\/tianhuipackingmachine.com\/wp-content\/uploads\/2021\/12\/turntable-with-measuring-cups-480x320.jpg 480w\" sizes=\"auto, (max-width: 750px) 100vw, 750px\" \/><figcaption class=\"wp-element-caption\">Plataforma girat\u00f3ria com copos medidores<\/figcaption><\/figure>    <figure class=\"wp-block-image size-large\"><img loading=\"lazy\" decoding=\"async\" width=\"750\" height=\"500\" data-id=\"4516\" src=\"https:\/\/tianhuipackingmachine.com\/wp-content\/uploads\/2021\/12\/vertical-sealing-end-sealing-and-cutting-device-750x500.jpg\" alt=\"dispositivo de veda\u00e7\u00e3o vertical e veda\u00e7\u00e3o final e corte\" class=\"wp-image-4516\" srcset=\"https:\/\/tianhuipackingmachine.com\/wp-content\/uploads\/2021\/12\/vertical-sealing-end-sealing-and-cutting-device.jpg 750w, https:\/\/tianhuipackingmachine.com\/wp-content\/uploads\/2021\/12\/vertical-sealing-end-sealing-and-cutting-device-480x320.jpg 480w\" sizes=\"auto, (max-width: 750px) 100vw, 750px\" \/><figcaption class=\"wp-element-caption\">Veda\u00e7\u00e3o Vertical &amp;Amp; Dispositivo de veda\u00e7\u00e3o e corte final<\/figcaption><\/figure>    <figure class=\"wp-block-image size-large\"><img loading=\"lazy\" decoding=\"async\" width=\"750\" height=\"500\" data-id=\"4511\" src=\"https:\/\/tianhuipackingmachine.com\/wp-content\/uploads\/2021\/12\/ribbon-coding-printer-750x500.jpg\" alt=\"impressora de codifica\u00e7\u00e3o de fita\" class=\"wp-image-4511\" srcset=\"https:\/\/tianhuipackingmachine.com\/wp-content\/uploads\/2021\/12\/ribbon-coding-printer.jpg 750w, https:\/\/tianhuipackingmachine.com\/wp-content\/uploads\/2021\/12\/ribbon-coding-printer-480x320.jpg 480w\" sizes=\"auto, (max-width: 750px) 100vw, 750px\" \/><figcaption class=\"wp-element-caption\">Impressora de codifica\u00e7\u00e3o de fita<\/figcaption><\/figure> <\/figure>    <p class=\"translation-block\"><strong>M\u00e1quina de embalagem de corrente de balde para produtos alimentares<\/strong><\/p>    <div class=\"wp-block-columns is-layout-flex wp-container-core-columns-is-layout-28f84493 wp-block-columns-is-layout-flex\"> <div class=\"wp-block-column is-layout-flow wp-block-column-is-layout-flow\"> <figure class=\"wp-block-image size-large\"><img loading=\"lazy\" decoding=\"async\" width=\"750\" height=\"500\" src=\"https:\/\/tianhuipackingmachine.com\/wp-content\/uploads\/2021\/12\/chain-bucket-packing-machine-for-snacks-750x500.jpg\" alt=\"m\u00e1quina de embalagem de balde de corrente para lanches\" class=\"wp-image-4527\" srcset=\"https:\/\/tianhuipackingmachine.com\/wp-content\/uploads\/2021\/12\/chain-bucket-packing-machine-for-snacks.jpg 750w, https:\/\/tianhuipackingmachine.com\/wp-content\/uploads\/2021\/12\/chain-bucket-packing-machine-for-snacks-480x320.jpg 480w\" sizes=\"auto, (max-width: 750px) 100vw, 750px\" \/><figcaption class=\"wp-element-caption\">M\u00e1quina embaladora de balde de corrente para lanches<\/figcaption><\/figure> <\/div>    <div class=\"wp-block-column is-vertically-aligned-center is-layout-flow wp-block-column-is-layout-flow\"> <ul class=\"wp-block-list\"> <li>Modelo: SL-420<\/li>    <li>Estilo do saco de embalagem: selagem traseira\/selagem de 3 lados\/selagem de 4 lados<\/li>    <li>Velocidade de embalagem: 30-60 sacos\/min<\/li>    <li>Peso de embalagem: 100-1000g<\/li>    <li>Comprimento do saco: 30-280mm<\/li>    <li>Consumo de energia: 2,2 kW<\/li>    <li>Peso: 400kg<\/li>    <li>Dimens\u00f5es: 870*1350*1850mm<\/li> <\/ul> <\/div> <\/div>    <h3 class=\"wp-block-heading\"><strong>Tipo 2: M\u00e1quina de embalagem de snacks com balan\u00e7a multihead<\/strong><\/h3>    <div class=\"wp-block-columns is-layout-flex wp-container-core-columns-is-layout-28f84493 wp-block-columns-is-layout-flex\"> <div class=\"wp-block-column is-layout-flow wp-block-column-is-layout-flow\"> <figure class=\"wp-block-image size-large\"><img loading=\"lazy\" decoding=\"async\" width=\"750\" height=\"500\" src=\"https:\/\/tianhuipackingmachine.com\/wp-content\/uploads\/2021\/12\/multi-head-combination-weigher-packing-equipment-750x500.jpg\" alt=\"equipamento de embalagem e balan\u00e7a combinada com m\u00faltiplas cabe\u00e7as\" class=\"wp-image-4528\" srcset=\"https:\/\/tianhuipackingmachine.com\/wp-content\/uploads\/2021\/12\/multi-head-combination-weigher-packing-equipment.jpg 750w, https:\/\/tianhuipackingmachine.com\/wp-content\/uploads\/2021\/12\/multi-head-combination-weigher-packing-equipment-480x320.jpg 480w\" sizes=\"auto, (max-width: 750px) 100vw, 750px\" \/><figcaption class=\"wp-element-caption\">Equipamento de embalagem de balan\u00e7a combinada de m\u00faltiplas cabe\u00e7as<\/figcaption><\/figure> <\/div>    <div class=\"wp-block-column is-vertically-aligned-center is-layout-flow wp-block-column-is-layout-flow\"> <p>Aqui est\u00e3o os par\u00e2metros da m\u00e1quina de embalagem de lapela SL-520 para sua refer\u00eancia.<\/p>    <ul class=\"wp-block-list\"> <li>Modelo: SL-520<\/li>    <li>Velocidade de embalagem: 5-50 sacos\/min<\/li>    <li>Faixa de medi\u00e7\u00e3o: M\u00e1x. 3000ml<\/li>    <li>Comprimento do saco: 80-400mm<\/li>    <li>Largura do saco: 80-250mm<\/li>    <li>Pot\u00eancia: 4 kW<\/li>    <li>Peso: 600kg<\/li>    <li>Dimens\u00e3o: 1150*1795*1650mm<\/li> <\/ul> <\/div> <\/div>    <figure class=\"wp-block-gallery has-nested-images columns-default is-cropped wp-block-gallery-3 is-layout-flex wp-block-gallery-is-layout-flex\"> <figure class=\"wp-block-image size-large\"><img loading=\"lazy\" decoding=\"async\" width=\"600\" height=\"450\" data-id=\"4362\" src=\"https:\/\/tianhuipackingmachine.com\/wp-content\/uploads\/2021\/12\/ten-head-weighing-feeding-system.jpg\" alt=\"sistema de pesagem e alimenta\u00e7\u00e3o de dez cabe\u00e7as\" class=\"wp-image-4362\" srcset=\"https:\/\/tianhuipackingmachine.com\/wp-content\/uploads\/2021\/12\/ten-head-weighing-feeding-system.jpg 600w, https:\/\/tianhuipackingmachine.com\/wp-content\/uploads\/2021\/12\/ten-head-weighing-feeding-system-480x360.jpg 480w\" sizes=\"auto, (max-width: 600px) 100vw, 600px\" \/><figcaption class=\"wp-element-caption\">Pesagem de dez cabe\u00e7as e Amp; Sistema de alimenta\u00e7\u00e3o<\/figcaption><\/figure>    <figure class=\"wp-block-image size-large\"><img loading=\"lazy\" decoding=\"async\" width=\"600\" height=\"450\" data-id=\"4364\" src=\"https:\/\/tianhuipackingmachine.com\/wp-content\/uploads\/2021\/12\/feeding-material-system.jpg\" alt=\"sistema de material de alimenta\u00e7\u00e3o\" class=\"wp-image-4364\" srcset=\"https:\/\/tianhuipackingmachine.com\/wp-content\/uploads\/2021\/12\/feeding-material-system.jpg 600w, https:\/\/tianhuipackingmachine.com\/wp-content\/uploads\/2021\/12\/feeding-material-system-480x360.jpg 480w\" sizes=\"auto, (max-width: 600px) 100vw, 600px\" \/><figcaption class=\"wp-element-caption\">Sistema de material de alimenta\u00e7\u00e3o<\/figcaption><\/figure>    <figure class=\"wp-block-image size-large\"><img loading=\"lazy\" decoding=\"async\" width=\"600\" height=\"450\" data-id=\"4366\" src=\"https:\/\/tianhuipackingmachine.com\/wp-content\/uploads\/2021\/12\/packaging-system-by-pneumatic-drive.jpg\" alt=\"sistema de embalagem por acionamento pneum\u00e1tico\" class=\"wp-image-4366\" srcset=\"https:\/\/tianhuipackingmachine.com\/wp-content\/uploads\/2021\/12\/packaging-system-by-pneumatic-drive.jpg 600w, https:\/\/tianhuipackingmachine.com\/wp-content\/uploads\/2021\/12\/packaging-system-by-pneumatic-drive-480x360.jpg 480w\" sizes=\"auto, (max-width: 600px) 100vw, 600px\" \/><figcaption class=\"wp-element-caption\">Sistema de embalagem por acionamento pneum\u00e1tico<\/figcaption><\/figure> <\/figure>    <h2 class=\"wp-block-heading\" id=\"h-features-of-top-snacks-packing-machine\"><strong>Caracter\u00edsticas da m\u00e1quina de embalagem de snacks Shuliy<\/strong><\/h2>    <ul class=\"wp-block-list\"> <li>Alto grau de automa\u00e7\u00e3o <ul class=\"wp-block-list\"> <li>Suporta pesagem eletr\u00f4nica multi-head, sistema servo e opera\u00e7\u00e3o por toque PLC. Uma pessoa pode operar facilmente, reduzindo significativamente os custos de m\u00e3o de obra.<\/li> <\/ul> <\/li>    <li>Velocidade de embalagem r\u00e1pida e alta precis\u00e3o <ul class=\"wp-block-list\"> <li>Uma variedade de modelos de m\u00e1quinas de embalagem de barras de snacks pode ser selecionada. A velocidade de embalagem chega a 5-80 sacos\/minuto, com controle de erro de pesagem dentro de \u00b1 1 grama, protegendo efetivamente a qualidade.<\/li> <\/ul> <\/li>    <li>Fun\u00e7\u00f5es opcionais <ul class=\"wp-block-list\"> <li>Suporta preserva\u00e7\u00e3o de nitrog\u00eanio, codifica\u00e7\u00e3o, f\u00e1cil de rasgar a boca, furos para pendurar, corte cont\u00ednuo de sacos e outras fun\u00e7\u00f5es adicionais para atender \u00e0s diversas necessidades de embalagem de marca.<\/li> <\/ul> <\/li>    <li>Solu\u00e7\u00e3o de linha inteira personaliz\u00e1vel <ul class=\"wp-block-list\"> <li>Shuliy apoia a personaliza\u00e7\u00e3o da linha inteira de embalagem de snacks para clientes, incluindo m\u00e1quina de carregamento, m\u00e1quina de pesagem, vertical\/<a href=\"https:\/\/tianhuipackingmachine.com\/pt\/pillow-packing-machine\/\">m\u00e1quina de embalagem de travesseiros<\/a>, esteira transportadora de produtos acabados, selagem e codifica\u00e7\u00e3o, etc., para atender diferentes capacidades e layouts de oficina.<\/li> <\/ul> <\/li> <\/ul>    <figure class=\"wp-block-gallery has-nested-images columns-default is-cropped wp-block-gallery-4 is-layout-flex wp-block-gallery-is-layout-flex\"> <figure class=\"wp-block-image size-large\"><img loading=\"lazy\" decoding=\"async\" width=\"750\" height=\"500\" data-id=\"4515\" src=\"https:\/\/tianhuipackingmachine.com\/wp-content\/uploads\/2021\/12\/vertical-granule-packing-machine-in-factory-750x500.jpg\" alt=\"m\u00e1quina de embalagem vertical de gr\u00e2nulos na f\u00e1brica\" class=\"wp-image-4515\" srcset=\"https:\/\/tianhuipackingmachine.com\/wp-content\/uploads\/2021\/12\/vertical-granule-packing-machine-in-factory.jpg 750w, https:\/\/tianhuipackingmachine.com\/wp-content\/uploads\/2021\/12\/vertical-granule-packing-machine-in-factory-480x320.jpg 480w\" sizes=\"auto, (max-width: 750px) 100vw, 750px\" \/><figcaption class=\"wp-element-caption\">M\u00e1quina de embalagem vertical de gr\u00e2nulos na f\u00e1brica<\/figcaption><\/figure>    <figure class=\"wp-block-image size-large\"><img loading=\"lazy\" decoding=\"async\" width=\"750\" height=\"500\" data-id=\"4514\" src=\"https:\/\/tianhuipackingmachine.com\/wp-content\/uploads\/2021\/12\/vertical-granule-packaging-equipment-in-factory-750x500.jpg\" alt=\"equipamento de embalagem vertical de gr\u00e2nulos na f\u00e1brica\" class=\"wp-image-4514\" srcset=\"https:\/\/tianhuipackingmachine.com\/wp-content\/uploads\/2021\/12\/vertical-granule-packaging-equipment-in-factory.jpg 750w, https:\/\/tianhuipackingmachine.com\/wp-content\/uploads\/2021\/12\/vertical-granule-packaging-equipment-in-factory-480x320.jpg 480w\" sizes=\"auto, (max-width: 750px) 100vw, 750px\" \/><figcaption class=\"wp-element-caption\">Equipamento de embalagem vertical de gr\u00e2nulos na f\u00e1brica<\/figcaption><\/figure> <\/figure>    <h2 class=\"wp-block-heading\" id=\"h-applications-of-snacks-packing-equipment\"><strong>Aplica\u00e7\u00f5es da m\u00e1quina de embalagem de snacks<\/strong><\/h2>    <p>Nossa m\u00e1quina de embalagem de alimentos para snacks tem uma ampla gama de aplica\u00e7\u00f5es, descritas a seguir:<\/p>    <ul class=\"wp-block-list\"> <li>Snacks granulados <ul class=\"wp-block-list\"> <li>Amendoins, sementes de mel\u00e3o, favas, pipoca, aveia, crosta de arroz, gr\u00e3os de caf\u00e9, a\u00e7\u00facar granulado, t\u00e2maras, nimko garri, bala de ameixa, etc.<\/li> <\/ul> <\/li>    <li>Snacks em peda\u00e7os ou de forma regular <ul class=\"wp-block-list\"> <li>P\u00e3o, bolo su\u00ed\u00e7o, bolo da lua, chocolate, biscoitos, <a href=\"https:\/\/en.wikipedia.org\/wiki\/Pastry\" target=\"_blank\" rel=\"noopener\">past\u00e9is<\/a>, etc.<\/li> <\/ul> <\/li>    <li>snacks inflados <ul class=\"wp-block-list\"> <li>Chips inflados, flocos de milho, frutas secas, etc.<\/li> <\/ul> <\/li> <\/ul>    <p>Os estilos de sacos de embalagem podem ser saco de travesseiro, saco de travesseiro com um buraco, saco de travesseiro com um slot, selagem de tr\u00eas lados, selagem de quatro lados, saco adesivo, saco pir\u00e2mide, saco com fundo, saco de corrente, etc.\u00a0<\/p>    <figure class=\"wp-block-gallery has-nested-images columns-default is-cropped wp-block-gallery-5 is-layout-flex wp-block-gallery-is-layout-flex\"> <figure class=\"wp-block-image size-large\"><img loading=\"lazy\" decoding=\"async\" width=\"750\" height=\"500\" data-id=\"4530\" src=\"https:\/\/tianhuipackingmachine.com\/wp-content\/uploads\/2021\/12\/small-snacks-packaging-pouches-display-750x500.jpg\" alt=\"exibi\u00e7\u00e3o de bolsas para embalagens de pequenos lanches\" class=\"wp-image-4530\" srcset=\"https:\/\/tianhuipackingmachine.com\/wp-content\/uploads\/2021\/12\/small-snacks-packaging-pouches-display.jpg 750w, https:\/\/tianhuipackingmachine.com\/wp-content\/uploads\/2021\/12\/small-snacks-packaging-pouches-display-480x320.jpg 480w\" sizes=\"auto, (max-width: 750px) 100vw, 750px\" \/><figcaption class=\"wp-element-caption\">Exibi\u00e7\u00e3o de bolsas para embalagens de pequenos lanches<\/figcaption><\/figure>    <figure class=\"wp-block-image size-large\"><img loading=\"lazy\" decoding=\"async\" width=\"750\" height=\"500\" data-id=\"4529\" src=\"https:\/\/tianhuipackingmachine.com\/wp-content\/uploads\/2021\/12\/packaged-puffed-food-with-nitrigen-filling-750x500.jpg\" alt=\"alimentos tufados embalados com recheio de nitrog\u00eanio\" class=\"wp-image-4529\" srcset=\"https:\/\/tianhuipackingmachine.com\/wp-content\/uploads\/2021\/12\/packaged-puffed-food-with-nitrigen-filling.jpg 750w, https:\/\/tianhuipackingmachine.com\/wp-content\/uploads\/2021\/12\/packaged-puffed-food-with-nitrigen-filling-480x320.jpg 480w\" sizes=\"auto, (max-width: 750px) 100vw, 750px\" \/><figcaption class=\"wp-element-caption\">Alimentos tufados embalados com recheio de nitrog\u00eanio<\/figcaption><\/figure> <\/figure>    <h2 class=\"wp-block-heading\" id=\"h-snacks-packing-machine-price\"><strong>Qual \u00e9 o pre\u00e7o da m\u00e1quina de embalagem de snacks?<\/strong><\/h2>    <p>O pre\u00e7o da nossa m\u00e1quina de embalagem de snacks varia de acordo com o tipo de embalagem, caracter\u00edsticas de configura\u00e7\u00e3o, grau de automa\u00e7\u00e3o e outros fatores. O pre\u00e7o de uma m\u00e1quina de embalagem de pouch para snacks varia de alguns milhares a dezenas de milhares de d\u00f3lares, o importante est\u00e1 nas necessidades reais de embalagem e requisitos de produ\u00e7\u00e3o do cliente. Bem-vindo a entrar em contato conosco para conselhos profissionais de sele\u00e7\u00e3o e cota\u00e7\u00f5es em tempo real.<\/p>    <h2 class=\"wp-block-heading\" id=\"h-why-choose-us-as-your-top-packing-machine-supplier\"><strong>Por que escolher a Shuliy como seu fornecedor de m\u00e1quinas de embalagem de snacks?<\/strong><\/h2>    <p>Como fabricante e fornecedor profissional de m\u00e1quinas de embalagem de snacks, temos uma equipe profissional com rica experi\u00eancia e temos nos concentrado na pesquisa, desenvolvimento e fabrica\u00e7\u00e3o de m\u00e1quinas de embalagem por um longo tempo. Dependendo da excelente qualidade, tecnologia avan\u00e7ada, pre\u00e7o razo\u00e1vel e servi\u00e7o atencioso, nossos produtos foram amplamente exportados para todo o mundo.<\/p>    <p>Todas as m\u00e1quinas passam por rigorosa inspe\u00e7\u00e3o de qualidade antes do envio para garantir que os clientes recebam m\u00e1quinas de alta qualidade e alto desempenho. Fornecemos v\u00eddeos e manuais de opera\u00e7\u00e3o em ingl\u00eas para facilitar a r\u00e1pida instala\u00e7\u00e3o e uso pelos clientes, e estamos equipados com servi\u00e7o online 7\u00d724 horas para responder a demandas a qualquer momento.<\/p>    <p>Se voc\u00ea tiver requisitos especiais, tamb\u00e9m fornecemos solu\u00e7\u00f5es personalizadas. Bem-vindo a entrar em contato conosco. De acordo com suas necessidades, forneceremos conselhos e solu\u00e7\u00f5es profissionais.<\/p>    <figure class=\"wp-block-gallery has-nested-images columns-default is-cropped wp-block-gallery-6 is-layout-flex wp-block-gallery-is-layout-flex\"> <figure class=\"wp-block-image size-large\"><img loading=\"lazy\" decoding=\"async\" width=\"750\" height=\"500\" data-id=\"4509\" src=\"https:\/\/tianhuipackingmachine.com\/wp-content\/uploads\/2021\/12\/packaging-process-before-transportation-750x500.jpg\" alt=\"processo de embalagem antes do transporte\" class=\"wp-image-4509\" srcset=\"https:\/\/tianhuipackingmachine.com\/wp-content\/uploads\/2021\/12\/packaging-process-before-transportation.jpg 750w, https:\/\/tianhuipackingmachine.com\/wp-content\/uploads\/2021\/12\/packaging-process-before-transportation-480x320.jpg 480w\" sizes=\"auto, (max-width: 750px) 100vw, 750px\" \/><figcaption class=\"wp-element-caption\">Processo de embalagem antes do transporte<\/figcaption><\/figure>    <figure class=\"wp-block-image size-large\"><img loading=\"lazy\" decoding=\"async\" width=\"750\" height=\"500\" data-id=\"4510\" src=\"https:\/\/tianhuipackingmachine.com\/wp-content\/uploads\/2021\/12\/placing-the-machine-into-the-truck-750x500.jpg\" alt=\"colocando a m\u00e1quina no caminh\u00e3o\" class=\"wp-image-4510\" srcset=\"https:\/\/tianhuipackingmachine.com\/wp-content\/uploads\/2021\/12\/placing-the-machine-into-the-truck.jpg 750w, https:\/\/tianhuipackingmachine.com\/wp-content\/uploads\/2021\/12\/placing-the-machine-into-the-truck-480x320.jpg 480w\" sizes=\"auto, (max-width: 750px) 100vw, 750px\" \/><figcaption class=\"wp-element-caption\">Colocando a m\u00e1quina no caminh\u00e3o<\/figcaption><\/figure> <\/figure>","protected":false},"excerpt":{"rendered":"<p>A m\u00e1quina de embalagem de snacks Shuliy \u00e9 aplicada na embalagem quantitativa de v\u00e1rios alimentos expandidos, nozes, etc., com uma velocidade de embalagem de 5-80 pacotes por minuto e um peso de embalagem de 0-6000g por pacote.<\/p>","protected":false},"author":1,"featured_media":1061,"parent":0,"template":"","tags":[206,166,232],"product-type":[136],"class_list":["post-5705","product","type-product","status-publish","has-post-thumbnail","hentry","tag-food-packing-machine","tag-granule","tag-snacks","product-type-granule-packing-machines"],"_links":{"self":[{"href":"https:\/\/tianhuipackingmachine.com\/pt\/wp-json\/wp\/v2\/product\/5705","targetHints":{"allow":["GET"]}}],"collection":[{"href":"https:\/\/tianhuipackingmachine.com\/pt\/wp-json\/wp\/v2\/product"}],"about":[{"href":"https:\/\/tianhuipackingmachine.com\/pt\/wp-json\/wp\/v2\/types\/product"}],"author":[{"embeddable":true,"href":"https:\/\/tianhuipackingmachine.com\/pt\/wp-json\/wp\/v2\/users\/1"}],"wp:featuredmedia":[{"embeddable":true,"href":"https:\/\/tianhuipackingmachine.com\/pt\/wp-json\/wp\/v2\/media\/1061"}],"wp:attachment":[{"href":"https:\/\/tianhuipackingmachine.com\/pt\/wp-json\/wp\/v2\/media?parent=5705"}],"wp:term":[{"taxonomy":"post_tag","embeddable":true,"href":"https:\/\/tianhuipackingmachine.com\/pt\/wp-json\/wp\/v2\/tags?post=5705"},{"taxonomy":"product-type","embeddable":true,"href":"https:\/\/tianhuipackingmachine.com\/pt\/wp-json\/wp\/v2\/product-type?post=5705"}],"curies":[{"name":"wp","href":"https:\/\/api.w.org\/{rel}","templated":true}]}}