{"id":5685,"date":"2022-04-19T09:28:57","date_gmt":"2022-04-19T01:28:57","guid":{"rendered":"http:\/\/tianhuipackingmachine.local\/?post_type=product&#038;p=5685"},"modified":"2024-09-20T18:32:44","modified_gmt":"2024-09-20T10:32:44","slug":"rice-vacuum-packing-machine-2","status":"publish","type":"product","link":"https:\/\/tianhuipackingmachine.com\/pt\/rice-vacuum-packing-machine\/","title":{"rendered":"M\u00e1quina de embalagem a v\u00e1cuo de arroz"},"content":{"rendered":"<p class=\"translation-block\">A <strong>m\u00e1quina de embalagem a v\u00e1cuo para arroz<\/strong> Shuliy \u00e9 um selador a v\u00e1cuo espec\u00edfico para a embalagem de arroz em formas de tijolo com pesos de 0,5-20 kg por tijolo. <\/p>    <p>Esta m\u00e1quina pode embalar a v\u00e1cuo de 1 a 20 pacotes de tijolos de arroz por minuto. A embalagem a v\u00e1cuo por esta m\u00e1quina pode efetivamente estender a vida \u00fatil dos alimentos, resistindo \u00e0 oxida\u00e7\u00e3o, insetos, mofo e umidade.<\/p>    <p>Al\u00e9m disso, tamb\u00e9m pode embalar a v\u00e1cuo v\u00e1rios materiais pulverulentos e granulares, como farinha, fermento seco fermentado em p\u00f3, ch\u00e1, amendoim, castanha de caju, etc. <\/p>    <figure class=\"wp-block-image aligncenter size-large\"><img loading=\"lazy\" decoding=\"async\" width=\"750\" height=\"500\" src=\"https:\/\/tianhuipackingmachine.com\/wp-content\/uploads\/2021\/12\/rice-vacuum-packing-machine-750x500.jpg\" alt=\"m\u00e1quina de embalagem a v\u00e1cuo de arroz\" class=\"wp-image-3870\" srcset=\"https:\/\/tianhuipackingmachine.com\/wp-content\/uploads\/2021\/12\/rice-vacuum-packing-machine.jpg 750w, https:\/\/tianhuipackingmachine.com\/wp-content\/uploads\/2021\/12\/rice-vacuum-packing-machine-480x320.jpg 480w\" sizes=\"auto, (max-width: 750px) 100vw, 750px\" \/><figcaption class=\"wp-element-caption\">M\u00e1quina de embalagem a v\u00e1cuo de arroz<\/figcaption><\/figure>    <h2 class=\"wp-block-heading\" id=\"h-what-raw-materials-can-be-packaged-into-brick-shape-by-this-machine\">Quais mat\u00e9rias-primas podem ser embaladas em formatos de tijolos por esta m\u00e1quina?<\/h2>    <p>A m\u00e1quina comercial de embalagem a v\u00e1cuo de arroz em forma de tijolo aplica-se a v\u00e1rios itens, como: <\/p>    <ul class=\"wp-block-list\"> <li><strong>Gr\u00e3os<\/strong> <ul class=\"wp-block-list\"> <li>Arroz, milho, feij\u00e3o verde, feij\u00e3o vermelho, aveia, gr\u00e3os de trigo, cereais grosseiros mistos, etc.<\/li> <\/ul> <\/li>    <li><strong>Nozes<\/strong> <ul class=\"wp-block-list\"> <li>Amendoim, castanha de caju, pistache, <a href=\"https:\/\/en.wikipedia.org\/wiki\/Macadamia_nuts\" target=\"_blank\" rel=\"noopener\">nozes de macad\u00e2mia<\/a>, am\u00eandoas, t\u00e2maras vermelhas e assim por diante.<\/li> <\/ul> <\/li>    <li><strong>P\u00f3<\/strong> <ul class=\"wp-block-list\"> <li>Fermento seco cozido em p\u00f3, farinha e outros.<\/li> <\/ul> <\/li>    <li><strong>Outros<\/strong> <ul class=\"wp-block-list\"> <li>Ch\u00e1, lentilhas, frutos do mar, etc.<\/li> <\/ul> <\/li> <\/ul>    <p>Al\u00e9m disso, nossa m\u00e1quina de embalagem a v\u00e1cuo de arroz tem uma variedade de sacos e moldes de tijolos de arroz, como 250g, 500g, 1000g, 1500g, 2500g e assim por diante. Voc\u00ea pode escolh\u00ea-lo de acordo com suas necessidades reais.<\/p>    <figure class=\"wp-block-gallery has-nested-images columns-default is-cropped wp-block-gallery-2 is-layout-flex wp-block-gallery-is-layout-flex\"> <figure class=\"wp-block-image size-large\"><img loading=\"lazy\" decoding=\"async\" width=\"750\" height=\"500\" data-id=\"4623\" src=\"https:\/\/tianhuipackingmachine.com\/wp-content\/uploads\/2021\/12\/rice-brick-mold-and-packing-effect-750x500.jpg\" alt=\"molde de tijolo de arroz e efeito de embalagem\" class=\"wp-image-4623\" srcset=\"https:\/\/tianhuipackingmachine.com\/wp-content\/uploads\/2021\/12\/rice-brick-mold-and-packing-effect.jpg 750w, https:\/\/tianhuipackingmachine.com\/wp-content\/uploads\/2021\/12\/rice-brick-mold-and-packing-effect-480x320.jpg 480w\" sizes=\"auto, (max-width: 750px) 100vw, 750px\" \/><figcaption class=\"wp-element-caption\">Molde de tijolo de arroz e efeito de embalagem<\/figcaption><\/figure>    <figure class=\"wp-block-image size-large\"><img loading=\"lazy\" decoding=\"async\" width=\"750\" height=\"500\" data-id=\"4626\" src=\"https:\/\/tianhuipackingmachine.com\/wp-content\/uploads\/2021\/12\/rice-brick-molds-sealing-effect-750x500.jpg\" alt=\"moldes de tijolo de arroz e efeito de veda\u00e7\u00e3o\" class=\"wp-image-4626\" srcset=\"https:\/\/tianhuipackingmachine.com\/wp-content\/uploads\/2021\/12\/rice-brick-molds-sealing-effect.jpg 750w, https:\/\/tianhuipackingmachine.com\/wp-content\/uploads\/2021\/12\/rice-brick-molds-sealing-effect-480x320.jpg 480w\" sizes=\"auto, (max-width: 750px) 100vw, 750px\" \/><figcaption class=\"wp-element-caption\">Moldes para tijolos de arroz e efeito de veda\u00e7\u00e3o<\/figcaption><\/figure> <\/figure>    <h2 class=\"wp-block-heading\" id=\"h-characteristics-advantages-of-rice-vacuum-packing-machine\">Caracter\u00edsticas da m\u00e1quina de embalagem a v\u00e1cuo de arroz Shuliy<\/h2>    <ol style=\"list-style-type:1\" class=\"wp-block-list\"> <li>Ele pode processar <strong>1-20 sacos de tijolos de arroz a v\u00e1cuo por minuto<\/strong>, o que \u00e9 eficiente.<\/li>    <li>A m\u00e1quina tem um <strong>placa acr\u00edlica<\/strong>, que \u00e9 plexiglass transparente incolor. Possui excelente transpar\u00eancia e seu <strong>a transmit\u00e2ncia de luz pode atingir mais de 92%<\/strong>. <\/li>    <li>Tanto a borda frontal quanto a traseira est\u00e3o equipadas com o <strong>tira de veda\u00e7\u00e3o<\/strong>.<\/li>    <li>Nossa m\u00e1quina de embalagem a v\u00e1cuo de tijolos de arroz est\u00e1 equipada com <strong>quatro rodas<\/strong>, movendo-se de maneira conveniente e\u00a0flex\u00edvel.<\/li>    <li>Opera\u00e7\u00e3o simples, estrutura compacta, pequeno espa\u00e7o ocupado, baixo custo.<\/li>    <li>Preserva\u00e7\u00e3o duradoura, veda\u00e7\u00e3o \u00e0 prova de vazamentos, prolongando efetivamente a vida \u00fatil.<\/li> <\/ol>    <figure class=\"wp-block-image size-large\"><img loading=\"lazy\" decoding=\"async\" width=\"750\" height=\"500\" src=\"https:\/\/tianhuipackingmachine.com\/wp-content\/uploads\/2021\/12\/rice-brick-packing-machine-750x500.jpg\" alt=\"m\u00e1quina de embalagem de tijolos de arroz\" class=\"wp-image-4624\" srcset=\"https:\/\/tianhuipackingmachine.com\/wp-content\/uploads\/2021\/12\/rice-brick-packing-machine.jpg 750w, https:\/\/tianhuipackingmachine.com\/wp-content\/uploads\/2021\/12\/rice-brick-packing-machine-480x320.jpg 480w\" sizes=\"auto, (max-width: 750px) 100vw, 750px\" \/><figcaption class=\"wp-element-caption\">M\u00e1quina de embalagem de tijolos de arroz<\/figcaption><\/figure>    <h2 class=\"wp-block-heading has-black-color has-text-color\" id=\"h-technical-data-of-vacuum-packing-machine-for-rice-brick\">Dados t\u00e9cnicos da m\u00e1quina de embalagem a v\u00e1cuo para tijolo de arroz<\/h2>    <p>Temos dois tipos de selantes a v\u00e1cuo para tijolos de arroz \u00e0 venda, SL-660 e SL-850. O n\u00famero indica o comprimento das tiras de veda\u00e7\u00e3o. Voc\u00ea tamb\u00e9m pode saber sua pot\u00eancia, peso, tamanho, etc. A tabela a seguir cont\u00e9m informa\u00e7\u00f5es detalhadas dos par\u00e2metros para sua refer\u00eancia.<\/p>    <figure class=\"wp-block-table is-style-stripes\"><table><tbody><tr><td>Modelo<\/td><td>SL-660<\/td><td>SL-850<\/td><\/tr><tr><td>Tens\u00e3o<\/td><td>CA220V\/50Hz<\/td><td>CA220V\/50Hz<\/td><\/tr><tr><td>Pot\u00eancia do motor<\/td><td>1000W<\/td><td>1000W<\/td><\/tr><tr><td>Poder de selagem<\/td><td>1200 W<\/td><td>1600W<\/td><\/tr><tr><td>N\u00famero de barras de veda\u00e7\u00e3o para cada c\u00e2mara<\/td><td>2 unidades<\/td><td>2 unidades<\/td><\/tr><tr><td>Press\u00e3o final de v\u00e1cuo<\/td><td>1Kpa<\/td><td>1Kpa<\/td><\/tr><tr><td>Dimens\u00e3o da C\u00e2mara<\/td><td>680 (C)*210(L)*350(A)mm <\/td><td>900(L)*210(L)*350(A)mm<\/td><\/tr><tr><td>Tamanho da fita de veda\u00e7\u00e3o<\/td><td>660(L)*10(L)mm<\/td><td>850(L)*10(L)mm<\/td><\/tr><tr><td>Taxa da bomba de v\u00e1cuo<\/td><td>20*1m<sup>3<\/sup>\/h<\/td><td>20*1m<sup>3<\/sup>\/h<\/td><\/tr><tr><td>Material para c\u00e2mara de v\u00e1cuo<\/td><td>A\u00e7o inoxid\u00e1vel 201<\/td><td>A\u00e7o inoxid\u00e1vel 201<\/td><\/tr><tr><td>Dimens\u00e3o<\/td><td>740*480*800mm<\/td><td>930*450*800mm<\/td><\/tr><tr><td>Peso l\u00edquido<\/td><td>88kg<\/td><td>100kg<\/td><\/tr><tr><td>A dist\u00e2ncia central entre duas barras de veda\u00e7\u00e3o<\/td><td>280mm<\/td><td>280mm<\/td><\/tr><\/tbody><\/table><figcaption class=\"wp-element-caption\">dados da m\u00e1quina de embalagem a v\u00e1cuo de arroz<\/figcaption><\/figure>    <h2 class=\"wp-block-heading\" id=\"h-main-parts-of-rice-vacuum-packing-machine\">Partes principais da m\u00e1quina de embalagem a v\u00e1cuo de arroz totalmente autom\u00e1tica<\/h2>    <p>A m\u00e1quina \u00e9 composta principalmente por um painel de controle, um motor, uma sala de v\u00e1cuo, tiras de veda\u00e7\u00e3o duplas, uma tampa acr\u00edlica transparente, uma bomba de v\u00e1cuo, quatro rodas, etc.<\/p>    <ul class=\"wp-block-list\"> <li>Primeiramente, voc\u00ea pode definir e verificar os par\u00e2metros no painel de controle. <ul class=\"wp-block-list\"> <li>Defina o tempo de aspira\u00e7\u00e3o e selagem e a temperatura de selagem.<\/li>    <li>H\u00e1 um medidor de v\u00e1cuo e um display de tempo para aspira\u00e7\u00e3o, veda\u00e7\u00e3o, temperatura constante e resfriamento.<\/li> <\/ul> <\/li> <\/ul>    <figure class=\"wp-block-image size-large\"><img loading=\"lazy\" decoding=\"async\" width=\"750\" height=\"500\" src=\"https:\/\/tianhuipackingmachine.com\/wp-content\/uploads\/2021\/12\/the-control-panel-of-rice-brick-vacuum-sealer-750x500.jpg\" alt=\"o painel de controle do selador a v\u00e1cuo de tijolo de arroz\" class=\"wp-image-3859\" srcset=\"https:\/\/tianhuipackingmachine.com\/wp-content\/uploads\/2021\/12\/the-control-panel-of-rice-brick-vacuum-sealer.jpg 750w, https:\/\/tianhuipackingmachine.com\/wp-content\/uploads\/2021\/12\/the-control-panel-of-rice-brick-vacuum-sealer-480x320.jpg 480w\" sizes=\"auto, (max-width: 750px) 100vw, 750px\" \/><figcaption class=\"wp-element-caption\">O painel de controle da seladora a v\u00e1cuo de tijolos de arroz<\/figcaption><\/figure>    <ul class=\"wp-block-list\"> <li>Em segundo lugar, sua c\u00e2mara de v\u00e1cuo foi especialmente projetada para embalagens a v\u00e1cuo de tijolos de arroz.  <ul class=\"wp-block-list\"> <li>A capacidade \u00e9 mais longa e profunda do que um normal <a href=\"https:\/\/tianhuipackingmachine.com\/pt\/single-chamber-vacuum-packaging-machine\/\">seladora a v\u00e1cuo de c\u00e2mara \u00fanica<\/a>. <\/li>    <li>Seu tamanho pode ser personalizado de acordo com o tamanho do saco a v\u00e1cuo. <\/li> <\/ul> <\/li>    <li>Em terceiro lugar, a seladora a v\u00e1cuo de arroz est\u00e1 equipada com tiras de veda\u00e7\u00e3o na frente e atr\u00e1s.  <ul class=\"wp-block-list\"> <li>Duas tiras de veda\u00e7\u00e3o possuem grande capacidade de processamento e alta efici\u00eancia. <\/li> <\/ul> <\/li> <\/ul>    <figure class=\"wp-block-image size-large\"><img loading=\"lazy\" decoding=\"async\" width=\"750\" height=\"500\" src=\"https:\/\/tianhuipackingmachine.com\/wp-content\/uploads\/2021\/12\/two-sealing-strips-in-the-vacuum-chamber-1-750x500.jpg\" alt=\"duas tiras de veda\u00e7\u00e3o na c\u00e2mara de v\u00e1cuo\" class=\"wp-image-3860\" srcset=\"https:\/\/tianhuipackingmachine.com\/wp-content\/uploads\/2021\/12\/two-sealing-strips-in-the-vacuum-chamber-1.jpg 750w, https:\/\/tianhuipackingmachine.com\/wp-content\/uploads\/2021\/12\/two-sealing-strips-in-the-vacuum-chamber-1-480x320.jpg 480w\" sizes=\"auto, (max-width: 750px) 100vw, 750px\" \/><figcaption class=\"wp-element-caption\">Duas tiras de veda\u00e7\u00e3o na c\u00e2mara de v\u00e1cuo<\/figcaption><\/figure>    <ul class=\"wp-block-list\"> <li>A tampa transparente de acr\u00edlico \u00e9 popular por sua forte resist\u00eancia ao impacto, boa tenacidade, excelente desempenho de isolamento e leveza. <\/li> <\/ul>    <figure class=\"wp-block-gallery has-nested-images columns-default is-cropped wp-block-gallery-3 is-layout-flex wp-block-gallery-is-layout-flex\"> <figure class=\"wp-block-image size-large\"><img loading=\"lazy\" decoding=\"async\" width=\"750\" height=\"500\" data-id=\"3861\" src=\"https:\/\/tianhuipackingmachine.com\/wp-content\/uploads\/2021\/12\/acrylic-transparent-cover-1-750x500.jpg\" alt=\"capa transparente acr\u00edlica\" class=\"wp-image-3861\" srcset=\"https:\/\/tianhuipackingmachine.com\/wp-content\/uploads\/2021\/12\/acrylic-transparent-cover-1.jpg 750w, https:\/\/tianhuipackingmachine.com\/wp-content\/uploads\/2021\/12\/acrylic-transparent-cover-1-480x320.jpg 480w\" sizes=\"auto, (max-width: 750px) 100vw, 750px\" \/><figcaption class=\"wp-element-caption\">Capa Transparente Acr\u00edlica<\/figcaption><\/figure>    <figure class=\"wp-block-image size-large\"><img loading=\"lazy\" decoding=\"async\" width=\"750\" height=\"500\" data-id=\"3862\" src=\"https:\/\/tianhuipackingmachine.com\/wp-content\/uploads\/2021\/12\/suitable-for-various-sizes-of-rice-bricks-1-750x500.jpg\" alt=\"adequado para v\u00e1rios tamanhos de tijolos de arroz\" class=\"wp-image-3862\" srcset=\"https:\/\/tianhuipackingmachine.com\/wp-content\/uploads\/2021\/12\/suitable-for-various-sizes-of-rice-bricks-1.jpg 750w, https:\/\/tianhuipackingmachine.com\/wp-content\/uploads\/2021\/12\/suitable-for-various-sizes-of-rice-bricks-1-480x320.jpg 480w\" sizes=\"auto, (max-width: 750px) 100vw, 750px\" \/><figcaption class=\"wp-element-caption\">Adequado para v\u00e1rios tamanhos de tijolos de arroz<\/figcaption><\/figure> <\/figure>    <h2 class=\"wp-block-heading\"><strong>Como funciona a m\u00e1quina de embalagem a v\u00e1cuo de arroz?<\/strong><\/h2>    <p>A embaladora a v\u00e1cuo de arroz funciona extraindo o ar do saco para formar um v\u00e1cuo e selando-o rapidamente.<\/p>    <ul class=\"wp-block-list\"> <li>Primeiro, o arroz \u00e9 carregado automaticamente no saco.<\/li>    <li>Em seguida, a m\u00e1quina come\u00e7a a extrair ar para formar uma press\u00e3o negativa dentro da bolsa, reduzindo o teor de oxig\u00eanio.<\/li>    <li>Finalmente, a m\u00e1quina selar\u00e1 a abertura do saco para garantir a veda\u00e7\u00e3o e prolongar a vida \u00fatil do arroz.<\/li> <\/ul>    <p>Todo o processo \u00e9 altamente automatizado, simples de operar e altamente eficiente. A m\u00e1quina \u00e9 adequada para pequenas e m\u00e9dias empresas de processamento de arroz.<\/p>   <figure class=\"wp-block-embed-youtube wp-block-embed is-type-video is-provider-youtube wp-embed-aspect-16-9 wp-has-aspect-ratio\"><div class=\"lyte-wrapper\" title=\"Seladora a v\u00e1cuo para embalagem de frutos do mar do Marrocos | Testando m\u00e1quina de embalagem a v\u00e1cuo na f\u00e1brica\" style=\"width:853px;max-width:100%;margin:5px auto;\"><div class=\"lyMe\" id=\"WYL_2r2CLlFwGMk\" itemprop=\"video\" itemscope itemtype=\"https:\/\/schema.org\/VideoObject\"><div><meta itemprop=\"thumbnailUrl\" content=\"https:\/\/i.ytimg.com\/vi\/2r2CLlFwGMk\/hqdefault.jpg\" \/><meta itemprop=\"embedURL\" content=\"https:\/\/www.youtube.com\/embed\/2r2CLlFwGMk\" \/><meta itemprop=\"duration\" content=\"PT1M30S\" \/><meta itemprop=\"uploadDate\" content=\"2024-07-31T03:18:23Z\" \/><\/div><div id=\"lyte_2r2CLlFwGMk\" data-src=\"https:\/\/i.ytimg.com\/vi\/2r2CLlFwGMk\/hqdefault.jpg\" class=\"pL\"><div class=\"tC\"><div class=\"tT\" itemprop=\"name\">Seladora a v\u00e1cuo para embalagem de frutos do mar do Marrocos | Testando m\u00e1quina de embalagem a v\u00e1cuo na f\u00e1brica<\/div><\/div><div class=\"play\"><\/div><div class=\"ctrl\"><div class=\"Lctrl\"><\/div><div class=\"Rctrl\"><\/div><\/div><\/div><noscript><a href=\"https:\/\/youtu.be\/2r2CLlFwGMk\" rel=\"nofollow noopener\" target=\"_blank\"><img loading=\"lazy\" decoding=\"async\" src=\"https:\/\/i.ytimg.com\/vi\/2r2CLlFwGMk\/0.jpg\" alt=\"Seladora a v\u00e1cuo para embalagem de frutos do mar do Marrocos | Testando m\u00e1quina de embalagem a v\u00e1cuo na f\u00e1brica\" width=\"853\" height=\"460\" \/><\/a><\/noscript><meta itemprop=\"description\" content=\"WhatsApp No.: https:\/\/wa.me\/+8613673689272 WeChat\/Tel No.:+8613673689272 Email: sales@tianhuipackingmachine.com Website: https:\/\/tianhuipackingmachine.com\/double-chamber-vacuum-packaging-machine\/ In this video, we show the trial process of the vacuum packaging machine customized for Moroccan customers. This vacuum sealer will be used for seafood packaging to ensure that seafood remains fresh and high quality during transportation and storage. Through the trial machine, we verified the performance and effect of the machine to ensure that it can meet the needs of customers. Thank you for your trust and support, and hope that this vacuum packing machine can help their seafood business flourish. WhatsApp No.: https:\/\/wa.me\/+8613673689272 WeChat\/Tel No.:+8613673689272 Email: sales@tianhuipackingmachine.com Website: https:\/\/tianhuipackingmachine.com\/double-chamber-vacuum-packaging-machine\/\"><\/div><\/div><div class=\"lL\" style=\"max-width:100%;width:853px;margin:5px auto;\"> <a href=\"https:\/\/youtu.be\/2r2CLlFwGMk\" target=\"_blank\" rel=\"noopener\">Assista a este v\u00eddeo no YouTube<\/a>.<\/div><figcaption>v\u00eddeo da m\u00e1quina seladora a v\u00e1cuo<\/figcaption><\/figure>   <h2 class=\"wp-block-heading\"><strong>Qual \u00e9 o pre\u00e7o da m\u00e1quina seladora a v\u00e1cuo de arroz?<\/strong><\/h2>    <p>O pre\u00e7o da m\u00e1quina embaladora a v\u00e1cuo de tijolos de arroz Shuliy varia de acordo com sua capacidade, marca, configura\u00e7\u00e3o, servi\u00e7o p\u00f3s-venda, etc.<\/p>    <p>O pre\u00e7o de uma m\u00e1quina de grande produ\u00e7\u00e3o \u00e9 superior ao de uma pequena. Os pre\u00e7os tamb\u00e9m podem subir ainda mais se houver necessidades especiais de embalagem ou personaliza\u00e7\u00e3o.<\/p>    <p>Quer pre\u00e7os detalhados da m\u00e1quina? Contacte-nos rapidamente e iremos fornecer-lhe um or\u00e7amento detalhado.<\/p>    <figure class=\"wp-block-image size-large\"><img loading=\"lazy\" decoding=\"async\" width=\"750\" height=\"500\" src=\"https:\/\/tianhuipackingmachine.com\/wp-content\/uploads\/2021\/12\/the-rice-vacuum-sealer-display-750x500.jpg\" alt=\"o display do selador a v\u00e1cuo de arroz\" class=\"wp-image-4625\" srcset=\"https:\/\/tianhuipackingmachine.com\/wp-content\/uploads\/2021\/12\/the-rice-vacuum-sealer-display.jpg 750w, https:\/\/tianhuipackingmachine.com\/wp-content\/uploads\/2021\/12\/the-rice-vacuum-sealer-display-480x320.jpg 480w\" sizes=\"auto, (max-width: 750px) 100vw, 750px\" \/><figcaption class=\"wp-element-caption\">O display selador a v\u00e1cuo de arroz<\/figcaption><\/figure>    <h2 class=\"wp-block-heading\"><strong>Informe-se sobre m\u00e1quinas de embalagem a v\u00e1cuo agora!<\/strong><\/h2>    <p>Quer armazenar seus alimentos por mais tempo? Se sim, entre em contato conosco agora! Forneceremos o melhor or\u00e7amento para sua necessidade!<\/p>","protected":false},"excerpt":{"rendered":"<p>A m\u00e1quina embaladora a v\u00e1cuo de arroz Shuliy \u00e9 uma seladora a v\u00e1cuo espec\u00edfica para aspira\u00e7\u00e3o de arroz com formatos de tijolos e pesos de 0,5-20 kg por tijolo. <\/p>","protected":false},"author":1,"featured_media":3870,"parent":0,"template":"","tags":[218,194],"product-type":[140],"class_list":["post-5685","product","type-product","status-publish","has-post-thumbnail","hentry","tag-rice-vacuum-packing","tag-vacuum-packing-machine","product-type-vacuum-packaging-machines"],"_links":{"self":[{"href":"https:\/\/tianhuipackingmachine.com\/pt\/wp-json\/wp\/v2\/product\/5685","targetHints":{"allow":["GET"]}}],"collection":[{"href":"https:\/\/tianhuipackingmachine.com\/pt\/wp-json\/wp\/v2\/product"}],"about":[{"href":"https:\/\/tianhuipackingmachine.com\/pt\/wp-json\/wp\/v2\/types\/product"}],"author":[{"embeddable":true,"href":"https:\/\/tianhuipackingmachine.com\/pt\/wp-json\/wp\/v2\/users\/1"}],"wp:featuredmedia":[{"embeddable":true,"href":"https:\/\/tianhuipackingmachine.com\/pt\/wp-json\/wp\/v2\/media\/3870"}],"wp:attachment":[{"href":"https:\/\/tianhuipackingmachine.com\/pt\/wp-json\/wp\/v2\/media?parent=5685"}],"wp:term":[{"taxonomy":"post_tag","embeddable":true,"href":"https:\/\/tianhuipackingmachine.com\/pt\/wp-json\/wp\/v2\/tags?post=5685"},{"taxonomy":"product-type","embeddable":true,"href":"https:\/\/tianhuipackingmachine.com\/pt\/wp-json\/wp\/v2\/product-type?post=5685"}],"curies":[{"name":"wp","href":"https:\/\/api.w.org\/{rel}","templated":true}]}}