{"id":5536,"date":"2022-04-15T09:51:58","date_gmt":"2022-04-15T01:51:58","guid":{"rendered":"http:\/\/tianhuipackingmachine.local\/?post_type=product&#038;p=5536"},"modified":"2023-01-12T14:23:28","modified_gmt":"2023-01-12T06:23:28","slug":"food-packaging-solution-2","status":"publish","type":"product","link":"https:\/\/tianhuipackingmachine.com\/pt\/food-packaging-solution-2\/","title":{"rendered":"Solu\u00e7\u00e3o de embalagem de alimentos"},"content":{"rendered":"<p>HENAN TOP PACKING MACHINERY CO., LTD fornece uma ampla gama de solu\u00e7\u00f5es de embalagem de alimentos, como p\u00e3o, padaria, biscoito, chocolate, etc. O m\u00e9todo de pesagem adota copo medidor, balan\u00e7a de 2 cabe\u00e7as, balan\u00e7a de 4 cabe\u00e7as, combina\u00e7\u00e3o de m\u00faltiplas cabe\u00e7as balan\u00e7a ou pesagem quantitativa el\u00e9trica. Os tipos de sacos de embalagem incluem saco com veda\u00e7\u00e3o central traseira, bolsa com selo de 3 lados, sach\u00ea de 4 lados, sacos cont\u00ednuos, saco de refor\u00e7o, saco vertical, bolsa com furo, saco de corte plano, saco de corte dente de serra, saco plano, canto redondo bolsa, saco de enchimento de nitrog\u00eanio, etc.<\/p>","protected":false},"excerpt":{"rendered":"<p>HENAN TOP PACKING MACHINERY CO., LTD provides a wide range of food packaging solutions, such as for bread, bakery, biscuit, chocolate, etc. The weighting method adopts measuring cup, 2 head weigher, 4-head weigher, multi-head combination scale, or electric quantitative weighing. The packaging bag types include the back center seal bag, 3-side seal pouch, 4-side sachet, [&hellip;]<\/p>\n","protected":false},"author":1,"featured_media":0,"parent":0,"template":"","tags":[],"product-type":[135],"class_list":["post-5536","product","type-product","status-publish","hentry","product-type-solutions"],"_links":{"self":[{"href":"https:\/\/tianhuipackingmachine.com\/pt\/wp-json\/wp\/v2\/product\/5536","targetHints":{"allow":["GET"]}}],"collection":[{"href":"https:\/\/tianhuipackingmachine.com\/pt\/wp-json\/wp\/v2\/product"}],"about":[{"href":"https:\/\/tianhuipackingmachine.com\/pt\/wp-json\/wp\/v2\/types\/product"}],"author":[{"embeddable":true,"href":"https:\/\/tianhuipackingmachine.com\/pt\/wp-json\/wp\/v2\/users\/1"}],"wp:attachment":[{"href":"https:\/\/tianhuipackingmachine.com\/pt\/wp-json\/wp\/v2\/media?parent=5536"}],"wp:term":[{"taxonomy":"post_tag","embeddable":true,"href":"https:\/\/tianhuipackingmachine.com\/pt\/wp-json\/wp\/v2\/tags?post=5536"},{"taxonomy":"product-type","embeddable":true,"href":"https:\/\/tianhuipackingmachine.com\/pt\/wp-json\/wp\/v2\/product-type?post=5536"}],"curies":[{"name":"wp","href":"https:\/\/api.w.org\/{rel}","templated":true}]}}