{"id":5535,"date":"2022-04-15T09:51:38","date_gmt":"2022-04-15T01:51:38","guid":{"rendered":"http:\/\/tianhuipackingmachine.local\/?post_type=product&#038;p=5535"},"modified":"2022-09-28T18:40:31","modified_gmt":"2022-09-28T10:40:31","slug":"liquid-paste-packaging-solution-2","status":"publish","type":"product","link":"https:\/\/tianhuipackingmachine.com\/pt\/liquid-paste-packaging-solution\/","title":{"rendered":"Solu\u00e7\u00e3o de embalagem de l\u00edquido\/pasta"},"content":{"rendered":"<p>HENAN TOP PACKING MACHINERY CO., LTD fornece muitas solu\u00e7\u00f5es de embalagem de l\u00edquidos e pastas para diferentes produtos l\u00edquidos e pastosos. Nossa equipe profissional projetar\u00e1 e fabricar\u00e1 equipamentos de embalagem de l\u00edquidos e pastas de acordo com as propriedades espec\u00edficas do l\u00edquido, pasta e outras demandas. Por exemplo, refere-se \u00e0 liquidez, viscosidade, peso da embalagem, ensacada ou engarrafada, e assim por diante. Os tipos de embalagem final incluem saco com selo central traseiro, saco com selo de 3 lados, sach\u00ea com selo de 4 lados, saco de corte plano, saco vertical, bolsa com bico, saco irregular, garrafas, latas, copos, etc.<\/p>","protected":false},"excerpt":{"rendered":"<p>HENAN TOP PACKING MACHINERY CO., LTD provides a lot of liquid and paste packing solutions for different liquids and paste products. Our professional team will design and manufacture the liquid and paste packing equipment according to the properties of the specific liquid, paste, and other demands. For instance, it refers to liquidity, viscosity, packaging weight, [&hellip;]<\/p>\n","protected":false},"author":1,"featured_media":0,"parent":0,"template":"","tags":[],"product-type":[135],"class_list":["post-5535","product","type-product","status-publish","hentry","product-type-solutions"],"_links":{"self":[{"href":"https:\/\/tianhuipackingmachine.com\/pt\/wp-json\/wp\/v2\/product\/5535","targetHints":{"allow":["GET"]}}],"collection":[{"href":"https:\/\/tianhuipackingmachine.com\/pt\/wp-json\/wp\/v2\/product"}],"about":[{"href":"https:\/\/tianhuipackingmachine.com\/pt\/wp-json\/wp\/v2\/types\/product"}],"author":[{"embeddable":true,"href":"https:\/\/tianhuipackingmachine.com\/pt\/wp-json\/wp\/v2\/users\/1"}],"wp:attachment":[{"href":"https:\/\/tianhuipackingmachine.com\/pt\/wp-json\/wp\/v2\/media?parent=5535"}],"wp:term":[{"taxonomy":"post_tag","embeddable":true,"href":"https:\/\/tianhuipackingmachine.com\/pt\/wp-json\/wp\/v2\/tags?post=5535"},{"taxonomy":"product-type","embeddable":true,"href":"https:\/\/tianhuipackingmachine.com\/pt\/wp-json\/wp\/v2\/product-type?post=5535"}],"curies":[{"name":"wp","href":"https:\/\/api.w.org\/{rel}","templated":true}]}}