{"id":5534,"date":"2022-04-15T09:51:10","date_gmt":"2022-04-15T01:51:10","guid":{"rendered":"http:\/\/tianhuipackingmachine.local\/?post_type=product&#038;p=5534"},"modified":"2022-06-21T10:51:05","modified_gmt":"2022-06-21T02:51:05","slug":"powder-packaging-solution-2","status":"publish","type":"product","link":"https:\/\/tianhuipackingmachine.com\/pt\/powder-packaging-solution\/","title":{"rendered":"Solu\u00e7\u00e3o de embalagem em p\u00f3"},"content":{"rendered":"<p>HENAN TOP PACKING MACHINERY CO., LTD fornece v\u00e1rias solu\u00e7\u00f5es de embalagem de p\u00f3 para diferentes produtos em p\u00f3. Nossa equipe profissional ir\u00e1 projetar e fabricar o equipamento de embalagem de p\u00f3 de acordo com as propriedades do p\u00f3 espec\u00edfico e outras demandas. Por exemplo, refere-se \u00e0 finura, viscosidade, peso da embalagem, tipos de embalagem e assim por diante. Os sacos de embalagem finais s\u00e3o muito opcionais, incluindo o saco stick, saco com selo central traseiro, bolsa com selo de 3 lados, sach\u00ea de 4 lados, sacos cont\u00ednuos, saco de refor\u00e7o, saco stand up, bolsa com furo, bolsa f\u00e1cil de rasgar, saco de corte plano, saco de corte dente de serra, saco plano, bolsa de canto redondo, saco de tecido, etc.<\/p>","protected":false},"excerpt":{"rendered":"<p>HENAN TOP PACKING MACHINERY CO., LTD provides various powder packing solutions for different powder products. Our professional team will design and manufacture the powder packing equipment according to the properties of the specific powder and other demands. For instance, it refers to the fineness, viscosity, packaging weight, the types of the packaging bag, and so [&hellip;]<\/p>\n","protected":false},"author":1,"featured_media":0,"parent":0,"template":"","tags":[],"product-type":[135],"class_list":["post-5534","product","type-product","status-publish","hentry","product-type-solutions"],"_links":{"self":[{"href":"https:\/\/tianhuipackingmachine.com\/pt\/wp-json\/wp\/v2\/product\/5534","targetHints":{"allow":["GET"]}}],"collection":[{"href":"https:\/\/tianhuipackingmachine.com\/pt\/wp-json\/wp\/v2\/product"}],"about":[{"href":"https:\/\/tianhuipackingmachine.com\/pt\/wp-json\/wp\/v2\/types\/product"}],"author":[{"embeddable":true,"href":"https:\/\/tianhuipackingmachine.com\/pt\/wp-json\/wp\/v2\/users\/1"}],"wp:attachment":[{"href":"https:\/\/tianhuipackingmachine.com\/pt\/wp-json\/wp\/v2\/media?parent=5534"}],"wp:term":[{"taxonomy":"post_tag","embeddable":true,"href":"https:\/\/tianhuipackingmachine.com\/pt\/wp-json\/wp\/v2\/tags?post=5534"},{"taxonomy":"product-type","embeddable":true,"href":"https:\/\/tianhuipackingmachine.com\/pt\/wp-json\/wp\/v2\/product-type?post=5534"}],"curies":[{"name":"wp","href":"https:\/\/api.w.org\/{rel}","templated":true}]}}