{"id":5526,"date":"2022-04-14T10:52:52","date_gmt":"2022-04-14T02:52:52","guid":{"rendered":"http:\/\/tianhuipackingmachine.local\/?post_type=product&#038;p=5526"},"modified":"2022-06-21T11:26:49","modified_gmt":"2022-06-21T03:26:49","slug":"granule-food-packaging-solution-3","status":"publish","type":"product","link":"https:\/\/tianhuipackingmachine.com\/pt\/granule-food-packaging-solution\/","title":{"rendered":"Solu\u00e7\u00e3o de embalagem de alimentos granulados"},"content":{"rendered":"<p>HENAN TOP PACKING MACHINERY CO., LTD fornece v\u00e1rias solu\u00e7\u00f5es de embalagem de gr\u00e2nulos para diferentes produtos granulados. O sistema de pesagem possui copo medidor, balan\u00e7a de 2 cabe\u00e7as, balan\u00e7a de 4 cabe\u00e7as, balan\u00e7a combinada de m\u00faltiplas cabe\u00e7as, pesagem quantitativa el\u00e9trica opcional. Os tipos de sacos de embalagem incluem saco stick, bolsa com selo central traseiro, sach\u00ea com selo de 3 lados, saco com selo de 4 lados, sacos cont\u00ednuos, bolsa de refor\u00e7o, saco de p\u00e9, bolsa com furo, bolsa f\u00e1cil de rasgar, saco de corte plano, dente de serra saco de corte, bolsa de canto redondo, saco plano, saco de enchimento de nitrog\u00eanio, etc.<\/p>","protected":false},"excerpt":{"rendered":"<p>HENAN TOP PACKING MACHINERY CO., LTD supplies various granule packaging solutions for different granule products. The weighing system has the measuring cup, 2 head weigher, 4-head weigher, multi-head combination scale, electric quantitative weighing optional. Packaging bag types include the stick bag, back center seal pouch, 3-side seal sachet, 4-side seal bag, continuous bags, gusset pouch, [&hellip;]<\/p>\n","protected":false},"author":1,"featured_media":0,"parent":0,"template":"","tags":[],"product-type":[135],"class_list":["post-5526","product","type-product","status-publish","hentry","product-type-solutions"],"_links":{"self":[{"href":"https:\/\/tianhuipackingmachine.com\/pt\/wp-json\/wp\/v2\/product\/5526","targetHints":{"allow":["GET"]}}],"collection":[{"href":"https:\/\/tianhuipackingmachine.com\/pt\/wp-json\/wp\/v2\/product"}],"about":[{"href":"https:\/\/tianhuipackingmachine.com\/pt\/wp-json\/wp\/v2\/types\/product"}],"author":[{"embeddable":true,"href":"https:\/\/tianhuipackingmachine.com\/pt\/wp-json\/wp\/v2\/users\/1"}],"wp:attachment":[{"href":"https:\/\/tianhuipackingmachine.com\/pt\/wp-json\/wp\/v2\/media?parent=5526"}],"wp:term":[{"taxonomy":"post_tag","embeddable":true,"href":"https:\/\/tianhuipackingmachine.com\/pt\/wp-json\/wp\/v2\/tags?post=5526"},{"taxonomy":"product-type","embeddable":true,"href":"https:\/\/tianhuipackingmachine.com\/pt\/wp-json\/wp\/v2\/product-type?post=5526"}],"curies":[{"name":"wp","href":"https:\/\/api.w.org\/{rel}","templated":true}]}}