{"id":485,"date":"2021-05-13T11:03:45","date_gmt":"2021-05-13T03:03:45","guid":{"rendered":"https:\/\/tianhuipackingmachine.com\/?page_id=485"},"modified":"2022-12-08T10:01:58","modified_gmt":"2022-12-08T02:01:58","slug":"vertical-packaging-machine","status":"publish","type":"product","link":"https:\/\/tianhuipackingmachine.com\/pt\/vertical-packaging-machine\/","title":{"rendered":"M\u00e1quina de embalagem vertical"},"content":{"rendered":"<p class=\"translation-block\"><strong>M\u00e1quina de embalagem vertical<\/strong> ou m\u00e1quina de formar, encher e selar verticalmente \u00e9 um novo tipo de m\u00e1quina de embalagem que pode ser utilizada em alimentos, bebidas, medicamentos, produtos qu\u00edmicos e muitas outras ind\u00fastrias. Inclui principalmente m\u00e1quinas de embalagem vertical l\u00edquidas, m\u00e1quinas de embalagem vertical de gr\u00e2nulos e m\u00e1quinas de embalagem vertical de p\u00f3. Elas s\u00e3o basicamente iguais na estrutura principal. Exceto pelo funil, a primeira \u00e9 adequada para materiais de embalagem de diferentes tamanhos. Nossa m\u00e1quina de embalagem adota uma tecnologia avan\u00e7ada de controle de sistema microcomputador e possui caracter\u00edsticas de apar\u00eancia bonita, alta precis\u00e3o e velocidade r\u00e1pida. Podemos personaliz\u00e1-la de acordo com as diferentes necessidades e recomendar a m\u00e1quina de embalagem mais adequada para voc\u00ea. Al\u00e9m disso, a qualidade \u00e9 garantida e acreditamos que voc\u00ea nunca se arrepender\u00e1 de investir em nossa m\u00e1quina de embalagem vertical.<\/p>    <h2 class=\"has-contrast-color has-text-color wp-block-heading\" id=\"h-different-types-of-vertical-packaging-machine-for-sale\">Diferentes tipos de m\u00e1quinas de embalagem vertical para venda <\/h2>    <p class=\"translation-block\">Temos quatro tipos diferentes de m\u00e1quinas de embalagem vertical para voc\u00ea escolher, <a href=\"https:\/\/tianhuipackingmachine.com\/pt\/powder-packing-machine\/\"><strong>m\u00e1quina de embalagem de p\u00f3<\/strong><\/a>, <a href=\"https:\/\/tianhuipackingmachine.com\/pt\/granule-packing-machine\/\"><strong>m\u00e1quina de embalagem de gr\u00e2nulos<\/strong><\/a>, <a href=\"https:\/\/tianhuipackingmachine.com\/pt\/liquid-packing-machine\/\"><strong>m\u00e1quina de embalagem l\u00edquida<\/strong><\/a> e m\u00e1quina de embalagem de pasta. A maioria das suas pe\u00e7as s\u00e3o as mesmas, apenas os sistemas de alimenta\u00e7\u00e3o s\u00e3o diferentes. Portanto, se voc\u00ea deseja comprar uma m\u00e1quina de embalagem vertical, fornecemos v\u00e1rios tipos de m\u00e1quinas para voc\u00ea. Mas diferentes m\u00e1quinas de embalagem t\u00eam diferentes aplica\u00e7\u00f5es. Antes de comprar equipamentos de embalagem vertical, voc\u00ea precisa nos informar qual material voc\u00ea est\u00e1 embalando, velocidade de embalagem, or\u00e7amento, etc. Para que possamos sugerir a m\u00e1quina mais adequada para a sua situa\u00e7\u00e3o real. E apoiamos servi\u00e7os de personaliza\u00e7\u00e3o. Entre em contato conosco hoje para iniciar seu neg\u00f3cio de sucesso. <\/p>    <div class=\"wp-block-columns is-layout-flex wp-container-core-columns-is-layout-28f84493 wp-block-columns-is-layout-flex\"> <div class=\"wp-block-column is-layout-flow wp-block-column-is-layout-flow\"> <figure class=\"wp-block-image size-large\"><img loading=\"lazy\" decoding=\"async\" width=\"600\" height=\"450\" src=\"https:\/\/tianhuipackingmachine.com\/wp-content\/uploads\/2021\/07\/coffee-granule-packing-machine.jpg\" alt=\"m\u00e1quina de embalagem de gr\u00e2nulos de caf\u00e9\" class=\"wp-image-1819\" srcset=\"https:\/\/tianhuipackingmachine.com\/wp-content\/uploads\/2021\/07\/coffee-granule-packing-machine.jpg 600w, https:\/\/tianhuipackingmachine.com\/wp-content\/uploads\/2021\/07\/coffee-granule-packing-machine-300x225.jpg 300w\" sizes=\"auto, (max-width: 600px) 100vw, 600px\" \/><figcaption class=\"wp-element-caption\">M\u00e1quina de embalagem de gr\u00e2nulos de caf\u00e9<\/figcaption><\/figure> <\/div>    <div class=\"wp-block-column is-layout-flow wp-block-column-is-layout-flow\"> <p><\/p>    <h3 class=\"has-text-color wp-block-heading\" id=\"h-th-320-granule-packing-machine-parameters\" style=\"color:#ff5200\">Par\u00e2metros da m\u00e1quina de embalagem de gr\u00e2nulos TH-320<\/h3>    <ul class=\"wp-block-list\"> <li>Estilo do saco: veda\u00e7\u00e3o traseira\/selagem de tr\u00eas lados\/selagem de quatro lados<\/li>    <li>Velocidade de embalagem: 32-72 sacos\/min ou 50-100 sacos\/min<\/li>    <li>Comprimento do saco: 30-180mm<\/li>    <li>Largura do saco: 25-145 mm (precisa substituir o\u00a0\u00a0antigo)<\/li>    <li>Faixa de enchimento:\u00a022-220ml<\/li>    <li>Consumo de energia: 1,8 kW<\/li>    <li>Peso: 250kg<\/li>    <li>Dimens\u00f5es: 650*1050*1950mm<\/li>    <li>Tamanho da caixa: 1100*750*1820mm<\/li>    <li>Nota: Servi\u00e7o personalizado dispon\u00edvel<\/li> <\/ul> <\/div> <\/div>    <div class=\"wp-block-columns is-layout-flex wp-container-core-columns-is-layout-28f84493 wp-block-columns-is-layout-flex\"> <div class=\"wp-block-column is-layout-flow wp-block-column-is-layout-flow\"> <figure class=\"wp-block-image size-large\"><img loading=\"lazy\" decoding=\"async\" width=\"600\" height=\"450\" src=\"https:\/\/tianhuipackingmachine.com\/wp-content\/uploads\/2021\/06\/powder-pouch-packing-machine-2.jpg\" alt=\"fornecedor de m\u00e1quina de embalagem de bolsa de p\u00f3\" class=\"wp-image-1351\" srcset=\"https:\/\/tianhuipackingmachine.com\/wp-content\/uploads\/2021\/06\/powder-pouch-packing-machine-2.jpg 600w, https:\/\/tianhuipackingmachine.com\/wp-content\/uploads\/2021\/06\/powder-pouch-packing-machine-2-300x225.jpg 300w\" sizes=\"auto, (max-width: 600px) 100vw, 600px\" \/><figcaption class=\"wp-element-caption\">M\u00e1quina de embalagem de bolsas de p\u00f3<\/figcaption><\/figure> <\/div>    <div class=\"wp-block-column is-layout-flow wp-block-column-is-layout-flow\"> <p><\/p>    <h3 class=\"has-text-color wp-block-heading\" id=\"h-vertical-powder-packing-machine-parameters\" style=\"color:#ff5200\">Par\u00e2metros verticais da m\u00e1quina de embalagem de p\u00f3 <\/h3>    <ul class=\"wp-block-list\"> <li>Estilo de embalagem (estilo saco): veda\u00e7\u00e3o de 3 lados \/ veda\u00e7\u00e3o traseira \/ veda\u00e7\u00e3o de 4 lados<\/li>    <li>Velocidade de embalagem: 20-80 sacos\/min<\/li>    <li>Consumo de energia: 1,8 kW<\/li>    <li>Consumo de energia: 1,8 kW<\/li>    <li>Peso:\u00a0250kg<\/li>    <li>Dimens\u00f5es: 650*1050*1950mm<\/li>    <li>Peso da embalagem: 0-100g<\/li>    <li>Largura do saco: 20-150 mm (substituir o anterior do saco)<\/li>    <li>Comprimento do saco: ajuste de 30-180 mm<\/li>    <li>Nota: servi\u00e7o personalizado dispon\u00edvel<\/li> <\/ul> <\/div> <\/div>    <div class=\"wp-block-columns is-layout-flex wp-container-core-columns-is-layout-28f84493 wp-block-columns-is-layout-flex\"> <div class=\"wp-block-column is-layout-flow wp-block-column-is-layout-flow\"> <figure class=\"wp-block-image size-large\"><img loading=\"lazy\" decoding=\"async\" width=\"600\" height=\"450\" src=\"https:\/\/tianhuipackingmachine.com\/wp-content\/uploads\/2021\/05\/TH-liquid-packaging-machine.jpg\" alt=\"m\u00e1quina de embalagem de l\u00edquidos\" class=\"wp-image-721\" srcset=\"https:\/\/tianhuipackingmachine.com\/wp-content\/uploads\/2021\/05\/TH-liquid-packaging-machine.jpg 600w, https:\/\/tianhuipackingmachine.com\/wp-content\/uploads\/2021\/05\/TH-liquid-packaging-machine-300x225.jpg 300w\" sizes=\"auto, (max-width: 600px) 100vw, 600px\" \/><figcaption class=\"wp-element-caption\">M\u00e1quina vertical de embalagem de l\u00edquidos<\/figcaption><\/figure> <\/div>    <div class=\"wp-block-column is-layout-flow wp-block-column-is-layout-flow\"> <p><\/p>    <h3 class=\"has-text-color wp-block-heading\" id=\"h-vertical-liquid-packing-machine-parameters\" style=\"color:#ff5200\">Par\u00e2metros verticais da m\u00e1quina de embalagem de l\u00edquidos <\/h3>    <ul class=\"wp-block-list\"> <li>Comprimento do saco: 80-300 mm (L)<\/li>    <li>Largura do saco: 50-200 mm (L)<\/li>    <li>Velocidade de embalagem: 5-30 sacos\/min<\/li>    <li>Faixa de medi\u00e7\u00e3o: 5-1000ml<\/li>    <li>Consumo de ar: 0,65mpa<\/li>    <li>Consumo de g\u00e1s:0,3m\u00b3\/min<\/li>    <li>Tens\u00e3o: 220V<\/li>    <li>Pot\u00eancia: 2,2KW<\/li>    <li>Dimens\u00e3o:(L)1320mm\u00d7(L)950mm\u00d7(A)1360mm<\/li>    <li>Peso: 540Kg<\/li>    <li>Nota: personalizado dispon\u00edvel<\/li> <\/ul> <\/div> <\/div>    <div class=\"wp-block-columns is-layout-flex wp-container-core-columns-is-layout-28f84493 wp-block-columns-is-layout-flex\"> <div class=\"wp-block-column is-layout-flow wp-block-column-is-layout-flow\"> <figure class=\"wp-block-image size-large\"><a href=\"https:\/\/tianhuipackingmachine.com\/pt\/candy-packaging-machine\/\"><img loading=\"lazy\" decoding=\"async\" width=\"600\" height=\"450\" src=\"https:\/\/tianhuipackingmachine.com\/wp-content\/uploads\/2021\/06\/multi-head-weigher-candy-packaging-machine.jpg\" alt=\"m\u00e1quina de embalagem de doces com balan\u00e7a multi-cabe\u00e7a\" class=\"wp-image-1338\" srcset=\"https:\/\/tianhuipackingmachine.com\/wp-content\/uploads\/2021\/06\/multi-head-weigher-candy-packaging-machine.jpg 600w, https:\/\/tianhuipackingmachine.com\/wp-content\/uploads\/2021\/06\/multi-head-weigher-candy-packaging-machine-300x225.jpg 300w\" sizes=\"auto, (max-width: 600px) 100vw, 600px\" \/><\/a><figcaption class=\"wp-element-caption\">M\u00e1quina de embalagem de doces com balan\u00e7a multicabe\u00e7a<\/figcaption><\/figure> <\/div>    <div class=\"wp-block-column is-layout-flow wp-block-column-is-layout-flow\"> <h3 class=\"has-text-color wp-block-heading\" id=\"h-tz-520-multi-head-weigher-packaging-machine-parameters\" style=\"color:#ff5200\">Par\u00e2metros da m\u00e1quina de embalagem de balan\u00e7a multi-cabe\u00e7a TZ-520<\/h3>    <ul class=\"wp-block-list\"> <li>Largura do filme: Max.520<\/li>    <li>Comprimento da bolsa\u00a0(mm):80-350<\/li>    <li>Largura do saco\u00a0(mm):100-250<\/li>    <li>Di\u00e2metro do filme\u00a0(mm): M\u00e1x.320<\/li>    <li>Velocidade de embalagem\u00a0(P\/min):5-60<\/li>    <li>Faixa de medi\u00e7\u00e3o: 2000<\/li>    <li>Pot\u00eancia (220v 50\/60Hz):3KW<\/li>    <li>Dimens\u00e3o (mm):1488*1080*1490<\/li>    <li>Nota: servi\u00e7o OEM dispon\u00edvel<\/li> <\/ul> <\/div> <\/div>    <h2 class=\"has-contrast-color has-text-color wp-block-heading\" id=\"h-features-of-henan-top-vertical-form-filling-sealing-machine\">Caracter\u00edsticas da m\u00e1quina vertical de enchimento e selagem Henan Top <\/h2>    <ul class=\"wp-block-list\"> <li>Estrutura de alta precis\u00e3o, f\u00e1cil opera\u00e7\u00e3o e manuten\u00e7\u00e3o;<\/li>    <li>Toda a m\u00e1quina \u00e9 feita de a\u00e7o inoxid\u00e1vel 304, exceto molas e cortadores, que n\u00e3o s\u00e3o adequados para a fabrica\u00e7\u00e3o de a\u00e7o inoxid\u00e1vel 304;<\/li>    <li>Ele pode concluir automaticamente a fabrica\u00e7\u00e3o de sacos, medi\u00e7\u00e3o, supress\u00e3o, selagem, corte, contagem e outras fun\u00e7\u00f5es, e pode imprimir n\u00fameros de lote de acordo com os requisitos do cliente;<\/li>    <li>Forte aplicabilidade e amplas aplica\u00e7\u00f5es;<\/li>    <li>Adotando um controlador de microcomputador avan\u00e7ado e motor de passo para controlar o comprimento da bolsa, o desempenho \u00e9 est\u00e1vel, o ajuste \u00e9 conveniente e a detec\u00e7\u00e3o \u00e9 precisa.<\/li> <\/ul>    <h2 class=\"has-contrast-color has-text-color wp-block-heading\" id=\"h-wide-applications-of-vertical-packaging-machine\">Amplas aplica\u00e7\u00f5es de m\u00e1quina de embalagem vertical <\/h2>    <p class=\"translation-block\"><strong>A m\u00e1quina de embalagem vertical<\/strong> \u00e9 adequada para embalar v\u00e1rios materiais, como <strong><a href=\"https:\/\/tianhuipackingmachine.com\/pt\/popcorn-packaging-machine\/\">pipoca<\/a><\/strong>, sementes, nozes e outras part\u00edculas, ou l\u00edquidos e pastas, como \u00e1gua, bebidas, \u00f3leo de pimenta, tamb\u00e9m pode atender a v\u00e1rios materiais de embalagem em p\u00f3. Ela pode satisfazer as diversas necessidades dos usu\u00e1rios e possui uma ampla gama de aplica\u00e7\u00f5es.<\/p>    <div class=\"wp-block-columns is-layout-flex wp-container-core-columns-is-layout-28f84493 wp-block-columns-is-layout-flex\"> <div class=\"wp-block-column is-layout-flow wp-block-column-is-layout-flow\"> <figure class=\"wp-block-image size-large\"><img loading=\"lazy\" decoding=\"async\" width=\"600\" height=\"450\" src=\"https:\/\/tianhuipackingmachine.com\/wp-content\/uploads\/2021\/07\/applications-of-powder-packaging-machine.jpg\" alt=\"aplica\u00e7\u00f5es da m\u00e1quina de embalagem de p\u00f3\" class=\"wp-image-1742\" srcset=\"https:\/\/tianhuipackingmachine.com\/wp-content\/uploads\/2021\/07\/applications-of-powder-packaging-machine.jpg 600w, https:\/\/tianhuipackingmachine.com\/wp-content\/uploads\/2021\/07\/applications-of-powder-packaging-machine-300x225.jpg 300w\" sizes=\"auto, (max-width: 600px) 100vw, 600px\" \/><figcaption class=\"wp-element-caption\">Aplica\u00e7\u00f5es da m\u00e1quina de embalagem de p\u00f3<\/figcaption><\/figure> <\/div>    <div class=\"wp-block-column is-layout-flow wp-block-column-is-layout-flow\"> <figure class=\"wp-block-image size-large\"><img loading=\"lazy\" decoding=\"async\" width=\"600\" height=\"450\" src=\"https:\/\/tianhuipackingmachine.com\/wp-content\/uploads\/2021\/07\/snacks-packing-equipment-applications.jpg\" alt=\"aplica\u00e7\u00f5es de equipamentos de embalagem de gr\u00e2nulos\" class=\"wp-image-1712\" srcset=\"https:\/\/tianhuipackingmachine.com\/wp-content\/uploads\/2021\/07\/snacks-packing-equipment-applications.jpg 600w, https:\/\/tianhuipackingmachine.com\/wp-content\/uploads\/2021\/07\/snacks-packing-equipment-applications-300x225.jpg 300w\" sizes=\"auto, (max-width: 600px) 100vw, 600px\" \/><figcaption class=\"wp-element-caption\">Aplica\u00e7\u00f5es de equipamentos de embalagem de gr\u00e2nulos<\/figcaption><\/figure> <\/div>    <div class=\"wp-block-column is-layout-flow wp-block-column-is-layout-flow\"> <figure class=\"wp-block-image size-large\"><img loading=\"lazy\" decoding=\"async\" width=\"720\" height=\"484\" src=\"https:\/\/tianhuipackingmachine.com\/wp-content\/uploads\/2021\/05\/liquid-packing-products-display.jpg\" alt=\"exposi\u00e7\u00e3o de produtos de embalagem l\u00edquida\" class=\"wp-image-720\" srcset=\"https:\/\/tianhuipackingmachine.com\/wp-content\/uploads\/2021\/05\/liquid-packing-products-display.jpg 720w, https:\/\/tianhuipackingmachine.com\/wp-content\/uploads\/2021\/05\/liquid-packing-products-display-300x202.jpg 300w, https:\/\/tianhuipackingmachine.com\/wp-content\/uploads\/2021\/05\/liquid-packing-products-display-272x182.jpg 272w\" sizes=\"auto, (max-width: 720px) 100vw, 720px\" \/><figcaption class=\"wp-element-caption\">Exibi\u00e7\u00e3o de produtos de embalagem l\u00edquida<\/figcaption><\/figure> <\/div> <\/div>    <h2 class=\"has-contrast-color has-text-color wp-block-heading\" id=\"h-what-is-the-cost-of-vertical-form-packing-equipment\">Qual \u00e9 o custo do equipamento de embalagem vertical? <\/h2>    <p>De acordo com o entendimento das condi\u00e7\u00f5es de mercado, a embaladora vertical tem uma variedade de estilos e o pre\u00e7o \u00e9 muito diferente. Entre eles, os fatores que afetam o pre\u00e7o da m\u00e1quina de embalagem vertical s\u00e3o principalmente dois aspectos: modelo e par\u00e2metros. O custo da m\u00e1quina de embalagem vertical est\u00e1 relacionado principalmente \u00e0 sua estrutura interna, incluindo o barril, o formador, o cortador e a estrutura do material de a\u00e7o inoxid\u00e1vel 304, e o tamanho do formador e do cortador s\u00e3o diferentes, e o custo de fabrica\u00e7\u00e3o \u00e9 diferente.<\/p>    <p class=\"translation-block\"><a href=\"https:\/\/tianhuipackingmachine.com\/pt\/about-us\/\"><strong>Henan TOP Machinery<\/strong><\/a> \u00e9 um fabricante profissional de m\u00e1quinas de embalagem. Quando voc\u00ea compra nossa m\u00e1quina de embalagem, n\u00e3o apenas a qualidade do equipamento \u00e9 garantida, mas tamb\u00e9m o servi\u00e7o p\u00f3s-venda \u00e9 garantido. Claro, tamb\u00e9m recomendaremos a m\u00e1quina de embalagem que melhor atende aos seus requisitos, de acordo com suas necessidades reais. Para que voc\u00ea n\u00e3o tenha preocupa\u00e7\u00f5es, n\u00e3o se preocupe com quaisquer problemas de qualidade.<\/p>    <h2 class=\"has-contrast-color has-text-color wp-block-heading\" id=\"h-vertical-packing-machine-vs-pillow-packing-machine\">M\u00e1quina de embalagem vertical vs m\u00e1quina de embalagem de travesseiros <\/h2>    <p class=\"translation-block\"><strong>A m\u00e1quina de embalagem vertical<\/strong> refere-se a uma m\u00e1quina de formar, encher e selar verticalmente (m\u00e1quina VFFS), a bobina est\u00e1 geralmente na extremidade superior da m\u00e1quina. A bobina \u00e9 transformada em um saco de embalagem moldado pelo fabricante de sacos, e ent\u00e3o o processo de enchimento, embalagem e selagem \u00e9 realizado. Pode ser usada para gr\u00e2nulos, p\u00f3s, l\u00edquidos e pastas. Possui uma ampla gama e pode economizar muito espa\u00e7o na f\u00e1brica.<\/p>    <p class=\"translation-block\"><strong>A m\u00e1quina de embalagem em pillow<\/strong> refere-se a uma m\u00e1quina de formar, encher e selar horizontalmente (m\u00e1quina HFFS), os itens embalados s\u00e3o transportados horizontalmente pelo transportador at\u00e9 a entrada do filme (neste momento o filme j\u00e1 est\u00e1 cil\u00edndrico atrav\u00e9s do fabricante de sacos, e os itens embalados entrar\u00e3o no material de embalagem cil\u00edndrico), e ent\u00e3o passam pelo processo de selagem a quente, bombeamento ou aspira\u00e7\u00e3o, corte, etc. completa a embalagem. Alimentos como p\u00e3es, chocolates, biscoitos, macarr\u00e3o instant\u00e2neo, etc. s\u00e3o todos embalados por m\u00e1quinas de embalagem em pillow. Comparado com a embalagem vertical, <a href=\"https:\/\/tianhuipackingmachine.com\/pt\/pillow-packing-machine\/\"><strong>o equipamento de embalagem em pillow<\/strong><\/a> \u00e9 usado principalmente para embalar itens individuais relativamente elegantes ou itens integrados, como blocos, tiras e bolas.&nbsp;<\/p>    <div class=\"wp-block-columns is-layout-flex wp-container-core-columns-is-layout-28f84493 wp-block-columns-is-layout-flex\"> <div class=\"wp-block-column is-layout-flow wp-block-column-is-layout-flow\"> <figure class=\"wp-block-image size-large\"><img loading=\"lazy\" decoding=\"async\" width=\"600\" height=\"450\" src=\"https:\/\/tianhuipackingmachine.com\/wp-content\/uploads\/2021\/07\/vertical-packing-machines-in-stock.jpg\" alt=\"m\u00e1quinas de embalagem vertical em estoque\" class=\"wp-image-1825\" srcset=\"https:\/\/tianhuipackingmachine.com\/wp-content\/uploads\/2021\/07\/vertical-packing-machines-in-stock.jpg 600w, https:\/\/tianhuipackingmachine.com\/wp-content\/uploads\/2021\/07\/vertical-packing-machines-in-stock-300x225.jpg 300w\" sizes=\"auto, (max-width: 600px) 100vw, 600px\" \/><figcaption class=\"wp-element-caption\">M\u00e1quinas de embalagem vertical em estoque<\/figcaption><\/figure> <\/div>    <div class=\"wp-block-column is-layout-flow wp-block-column-is-layout-flow\"> <figure class=\"wp-block-image size-large\"><img loading=\"lazy\" decoding=\"async\" width=\"600\" height=\"450\" src=\"https:\/\/tianhuipackingmachine.com\/wp-content\/uploads\/2021\/07\/pillow-packaging-machine-in-stock.jpg\" alt=\"m\u00e1quina de embalagem de travesseiros em estoque\" class=\"wp-image-1770\" srcset=\"https:\/\/tianhuipackingmachine.com\/wp-content\/uploads\/2021\/07\/pillow-packaging-machine-in-stock.jpg 600w, https:\/\/tianhuipackingmachine.com\/wp-content\/uploads\/2021\/07\/pillow-packaging-machine-in-stock-300x225.jpg 300w\" sizes=\"auto, (max-width: 600px) 100vw, 600px\" \/><figcaption class=\"wp-element-caption\">M\u00e1quina de embalagem de travesseiros em estoque<\/figcaption><\/figure> <\/div> <\/div>    <h2 class=\"has-contrast-color has-text-color wp-block-heading\" id=\"h-how-to-choose-a-reliable-vertical-packing-machine-manufacturer\">Como escolher um fabricante confi\u00e1vel de m\u00e1quinas de embalagem vertical? <\/h2>    <p>Presumivelmente, voc\u00ea tamb\u00e9m est\u00e1 muito preocupado com v\u00e1rios problemas ao comprar produtos, portanto, escolher um fabricante confi\u00e1vel de m\u00e1quinas de embalagem pode lhe trazer grande comodidade. Voc\u00ea pode considerar os seguintes pontos ao escolher um fabricante confi\u00e1vel:<\/p>    <p>1. Em primeiro lugar, o desempenho de alto custo \u00e9 o primeiro princ\u00edpio. Ao escolher um fabricante de m\u00e1quinas de embalagem, devemos prestar aten\u00e7\u00e3o \u00e0 escolha de um fabricante com tecnologia de produ\u00e7\u00e3o madura e qualidade est\u00e1vel, para que a embalagem possa ser mais r\u00e1pida e est\u00e1vel, de modo a alcan\u00e7ar baixo consumo de energia, baixo trabalho manual e baixo \u00edndice de desperd\u00edcio ;<\/p>    <p>2. Em termos de servi\u00e7o p\u00f3s-venda, \u00e9 necess\u00e1rio escolher \u201cno c\u00edrculo\u201d para ter uma boa reputa\u00e7\u00e3o. Servi\u00e7o p\u00f3s-venda oportuno, dispon\u00edvel de plant\u00e3o para garantir que o servi\u00e7o p\u00f3s-venda seja garantido;<\/p>    <p>3. A m\u00e1quina de embalagem de confian\u00e7a da ind\u00fastria pode ter prioridade, devendo ser distinguida se \u00e9 um fabricante ou uma empresa comercial;<\/p>    <p>4. Procurando fabricantes profissionais de design personalizado. Ele pode personalizar o design da linha de montagem de acordo com as caracter\u00edsticas do produto, materiais de embalagem e condi\u00e7\u00f5es do local, e a linha de produ\u00e7\u00e3o est\u00e1 madura e completa.<\/p>    <p class=\"translation-block\">A Henan TOP Machinery Company \u00e9 uma <a href=\"https:\/\/tianhuipackingmachine.com\/pt\/\"><strong>f\u00e1brica de m\u00e1quinas de embalagem profissional<\/strong><\/a>. Estamos envolvidos na ind\u00fastria de fabrica\u00e7\u00e3o de m\u00e1quinas de embalagem h\u00e1 muitos anos. Nossos produtos s\u00e3o amados por clientes em todo o mundo. E somos dignos da sua confian\u00e7a!<\/p>    <h2 class=\"has-contrast-color has-text-color wp-block-heading\" id=\"h-tips-to-choose-a-correct-vertical-form-filling-sealing-machine\">Dicas para escolher uma m\u00e1quina de enchimento e selagem vertical correta<\/h2>    <p>Muitos compradores s\u00e3o novatos e n\u00e3o sabem como comprar uma m\u00e1quina de embalagem vertical, portanto, informe-nos as seguintes informa\u00e7\u00f5es importantes quando perguntar sobre o plano da m\u00e1quina de embalagem, para que possamos fornecer solu\u00e7\u00f5es de embalagem adequadas para o seu neg\u00f3cio. O esquema \u00e9 para sua refer\u00eancia e escolha:<\/p>    <p>1. Quais s\u00e3o os materiais que voc\u00ea precisa embalar?<\/p>    <p>2. Que tipo de bolsa \u00e9 necess\u00e1ria? (Saco com selo traseiro, selo de tr\u00eas lados, selo de quatro lados ou qualquer outra coisa)<\/p>    <p>3. Precisa embalar mais de um pacote? Ou quantos\/pacote?<\/p>    <p>4. Preciso imprimir a data de produ\u00e7\u00e3o?<\/p>    <p>5. Existe algum requisito para a fuselagem? Todos os corpos de a\u00e7o inoxid\u00e1vel s\u00e3o necess\u00e1rios? Ou a parte de contato com o material deve ser feita de corpo de a\u00e7o inoxid\u00e1vel?<\/p>    <p>6. A precis\u00e3o da medi\u00e7\u00e3o \u00e9 alta? (Para m\u00e1quina de embalagem autom\u00e1tica)<\/p>    <h2 class=\"has-contrast-color has-text-color wp-block-heading\" id=\"h-contact-us-today-for-the-best-price\">Contate-nos hoje para o melhor pre\u00e7o <\/h2>    <p class=\"translation-block\"><strong>A m\u00e1quina de embalagem vertical<\/strong> \u00e0 venda pela nossa f\u00e1brica tem bom desempenho e um servi\u00e7o p\u00f3s-venda absolutamente excelente. Al\u00e9m disso, possui custos operacionais mais baixos e pre\u00e7os de f\u00e1brica, e tamb\u00e9m pode economizar espa\u00e7o na sua planta, al\u00e9m de uma opera\u00e7\u00e3o simples e eficiente, ent\u00e3o escolher uma m\u00e1quina de embalagem vertical de qualidade pode beneficiar muito o seu neg\u00f3cio. Al\u00e9m disso, tamb\u00e9m fornecemos outros tipos diferentes de m\u00e1quinas de embalagem, como m\u00e1quinas de embalagem em pillow, <a href=\"https:\/\/tianhuipackingmachine.com\/pt\/vacuum-packaging-machine\/\"><strong>m\u00e1quina de embalagem a v\u00e1cuo<\/strong><\/a>, etc. Entre em contato conosco hoje e aguardamos ansiosamente seu retorno.<\/p>","protected":false},"excerpt":{"rendered":"<p>Vertical packaging machine&nbsp;or vertical form fill seal machine is a new type of packaging machine that can be used in food, beverage, medicine, chemical, and many other industries.&nbsp;It&nbsp;mainly includes liquid vertical packaging machines, granule&nbsp;vertical packaging machines, and powder vertical packaging machines. They are all basically the same in the main structure. Except for the hopper, [&hellip;]<\/p>\n","protected":false},"author":1,"featured_media":1819,"parent":0,"template":"","tags":[199],"product-type":[145],"class_list":["post-485","product","type-product","status-publish","has-post-thumbnail","hentry","tag-vertical-packing-machine","product-type-other-products"],"_links":{"self":[{"href":"https:\/\/tianhuipackingmachine.com\/pt\/wp-json\/wp\/v2\/product\/485","targetHints":{"allow":["GET"]}}],"collection":[{"href":"https:\/\/tianhuipackingmachine.com\/pt\/wp-json\/wp\/v2\/product"}],"about":[{"href":"https:\/\/tianhuipackingmachine.com\/pt\/wp-json\/wp\/v2\/types\/product"}],"author":[{"embeddable":true,"href":"https:\/\/tianhuipackingmachine.com\/pt\/wp-json\/wp\/v2\/users\/1"}],"wp:featuredmedia":[{"embeddable":true,"href":"https:\/\/tianhuipackingmachine.com\/pt\/wp-json\/wp\/v2\/media\/1819"}],"wp:attachment":[{"href":"https:\/\/tianhuipackingmachine.com\/pt\/wp-json\/wp\/v2\/media?parent=485"}],"wp:term":[{"taxonomy":"post_tag","embeddable":true,"href":"https:\/\/tianhuipackingmachine.com\/pt\/wp-json\/wp\/v2\/tags?post=485"},{"taxonomy":"product-type","embeddable":true,"href":"https:\/\/tianhuipackingmachine.com\/pt\/wp-json\/wp\/v2\/product-type?post=485"}],"curies":[{"name":"wp","href":"https:\/\/api.w.org\/{rel}","templated":true}]}}