{"id":4793,"date":"2022-01-12T09:55:21","date_gmt":"2022-01-12T01:55:21","guid":{"rendered":"https:\/\/tianhuipackingmachine.com\/?page_id=4793"},"modified":"2023-12-22T15:04:45","modified_gmt":"2023-12-22T07:04:45","slug":"counting-packing-machine","status":"publish","type":"product","link":"https:\/\/tianhuipackingmachine.com\/pt\/counting-packing-machine\/","title":{"rendered":"Contando m\u00e1quina de embalagem"},"content":{"rendered":"<p class=\"translation-block\">A <strong>m\u00e1quina de embalagem por contagem<\/strong> \u00e9 adequada para embalar um \u00fanico tipo ou v\u00e1rios tipos de pe\u00e7as pequenas, combinando diferentes n\u00fameros de alimentadores de ta\u00e7a. \u00c9 composta principalmente por um sistema de contagem e um sistema de embalagem. O sistema de contagem tem dois tipos. Um \u00e9 um sensor de indu\u00e7\u00e3o de raio infravermelho e o outro \u00e9 um dispositivo personalizado para um determinado n\u00famero por saco. O sistema de embalagem pode completar automaticamente o processo de fabrico de sacos, enchimento, selagem e corte. Tem as vantagens de alta automa\u00e7\u00e3o, intelig\u00eancia, efici\u00eancia, precis\u00e3o e assim por diante. O alimentador de contagem \u00e9 personalizado de acordo com o tamanho e n\u00famero de objetos. Se pretender melhorar a velocidade de embalagem ou embalar diferentes tipos de materiais numa \u00fanica bolsa, adicionar alimentadores vibrat\u00f3rios \u00e9 uma boa ideia.<\/p>    <figure class=\"wp-block-image aligncenter size-large\"><img loading=\"lazy\" decoding=\"async\" width=\"667\" height=\"500\" src=\"https:\/\/tianhuipackingmachine.com\/wp-content\/uploads\/2022\/01\/counting-packaging-machine-667x500.webp\" alt=\"contando m\u00e1quina de embalagem\" class=\"wp-image-6525\" srcset=\"https:\/\/tianhuipackingmachine.com\/wp-content\/uploads\/2022\/01\/counting-packaging-machine-667x500.webp 667w, https:\/\/tianhuipackingmachine.com\/wp-content\/uploads\/2022\/01\/counting-packaging-machine-480x360.webp 480w, https:\/\/tianhuipackingmachine.com\/wp-content\/uploads\/2022\/01\/counting-packaging-machine.webp 720w\" sizes=\"auto, (max-width: 667px) 100vw, 667px\" \/><figcaption class=\"wp-element-caption\">M\u00e1quina de embalagem de contagem<\/figcaption><\/figure>    <h2 class=\"wp-block-heading\" id=\"h-what-are-the-characteristics-of-the-counting-packing-machine\">Quais s\u00e3o as caracter\u00edsticas da m\u00e1quina de embalagem e contagem?<\/h2>    <ol class=\"wp-block-list\"> <li>Estrutura simples, f\u00e1cil para instala\u00e7\u00e3o, opera\u00e7\u00e3o e manuten\u00e7\u00e3o<\/li>    <li>Efeito de embalagem excelente, veda\u00e7\u00e3o t\u00e9rmica com firmeza, suavidade e organiza\u00e7\u00e3o<\/li>    <li>Alta velocidade de produ\u00e7\u00e3o, qualidade, efici\u00eancia e durabilidade,<\/li>    <li>A m\u00e1quina embaladora de pregos usa uma tela de controle PLC que \u00e9 conveniente para definir v\u00e1rios dados de execu\u00e7\u00e3o relacionados.<\/li>    <li>Disco de alimenta\u00e7\u00e3o de rosca customizado de acordo com as pe\u00e7as, enchendo-as no saco uma por uma<\/li>    <li>Estar equipado com dispositivo de prote\u00e7\u00e3o de seguran\u00e7a para pe\u00e7as perigosas, como uma cobertura ao redor do cortador.<\/li>    <li>O design de alimenta\u00e7\u00e3o vibrat\u00f3ria garante que os materiais estejam dispostos para contagem autom\u00e1tica<\/li>    <li>Pode corresponder a um n\u00famero diferente de alimentadores de rosca de acordo com as necessidades do cliente.<\/li>    <li>Ser capaz de combinar com impressora de data, etiquetadora, transportador de sa\u00edda e outros dispositivos de suporte.<\/li> <\/ol>    <figure class=\"wp-block-gallery has-nested-images columns-default is-cropped wp-block-gallery-2 is-layout-flex wp-block-gallery-is-layout-flex\"> <figure class=\"wp-block-image size-large\"><img loading=\"lazy\" decoding=\"async\" width=\"667\" height=\"500\" data-id=\"6529\" src=\"https:\/\/tianhuipackingmachine.com\/wp-content\/uploads\/2022\/01\/multiple-feeder-of-counting-packing-machine-667x500.webp\" alt=\"alimentador m\u00faltiplo de m\u00e1quina de embalagem de contagem\" class=\"wp-image-6529\" srcset=\"https:\/\/tianhuipackingmachine.com\/wp-content\/uploads\/2022\/01\/multiple-feeder-of-counting-packing-machine-667x500.webp 667w, https:\/\/tianhuipackingmachine.com\/wp-content\/uploads\/2022\/01\/multiple-feeder-of-counting-packing-machine-480x360.webp 480w, https:\/\/tianhuipackingmachine.com\/wp-content\/uploads\/2022\/01\/multiple-feeder-of-counting-packing-machine.webp 720w\" sizes=\"auto, (max-width: 667px) 100vw, 667px\" \/><figcaption class=\"wp-element-caption\">Alimentador m\u00faltiplo de m\u00e1quina de embalagem e contagem<\/figcaption><\/figure>    <figure class=\"wp-block-image size-large\"><img loading=\"lazy\" decoding=\"async\" width=\"750\" height=\"500\" data-id=\"4811\" src=\"https:\/\/tianhuipackingmachine.com\/wp-content\/uploads\/2022\/01\/screw-bowl-feeders-750x500.jpg\" alt=\"alimentadores de tigela de parafuso\" class=\"wp-image-4811\" srcset=\"https:\/\/tianhuipackingmachine.com\/wp-content\/uploads\/2022\/01\/screw-bowl-feeders.jpg 750w, https:\/\/tianhuipackingmachine.com\/wp-content\/uploads\/2022\/01\/screw-bowl-feeders-480x320.jpg 480w\" sizes=\"auto, (max-width: 750px) 100vw, 750px\" \/><figcaption class=\"wp-element-caption\">Alimentadores de tigela de parafuso<\/figcaption><\/figure> <\/figure>    <h2 class=\"wp-block-heading\" id=\"h-main-components-of-screw-nail-packing-machine\">Principais componentes da m\u00e1quina embaladora de pregos de parafuso<\/h2>    <p class=\"translation-block\">A m\u00e1quina de embalagem de parafusos \u00e9 composta por um alimentador vibrat\u00f3rio de parafusos, sistema de transporte de pel\u00edcula de embalagem, fabricante de sacos, painel de controlo, dispositivo de selagem, cortador, rodas duplas para puxar a pel\u00edcula, uma palete e assim por diante. Um alimentador vibrat\u00f3rio em espiral \u00e9 usado para organizar os itens. Tal como as <strong><a href=\"https:\/\/tianhuipackingmachine.com\/pt\/chain-bucket-packing-machine\/\">m\u00e1quinas de embalagem de corrente de balde<\/a><\/strong>, \u00e9 capaz de combinar m\u00faltiplos alimentadores de parafuso para embalar diferentes tipos de objetos numa \u00fanica bolsa. O sistema de transporte de pel\u00edcula de embalagem inclui v\u00e1rios rolos e dispositivos de puxar pel\u00edcula, ben\u00e9ficos para embalar continuamente. Ecr\u00e3 t\u00e1til PLC, visor do dispositivo de selagem a quente, bot\u00e3o de emerg\u00eancia e interruptor de in\u00edcio e paragem est\u00e3o no painel de controlo. Semelhante a outras m\u00e1quinas de embalagem, est\u00e1 equipada com selagem horizontal e dispositivos de selagem e corte de extremidade. Para proteger o produto final, existe uma palete na parte inferior do equipamento. Al\u00e9m disso, muitos clientes combinam um transportador de sa\u00edda sob a palete. <\/p>    <h2 class=\"wp-block-heading\" id=\"h-wide-applications-of-counting-and-packaging-equipment\">Amplas aplica\u00e7\u00f5es de equipamentos de contagem e embalagem<\/h2>    <p class=\"translation-block\">A m\u00e1quina de embalagem por contagem com alimentador de parafuso aplica-se a uma variedade de ind\u00fastrias n\u00e3o alimentares e alimentares. Os itens de embalagem comuns incluem kit de fixadores, parafuso de m\u00f3veis, bucha de pl\u00e1stico, <a href=\"https:\/\/en.wikipedia.org\/wiki\/Bolt_(fastener)\" target=\"_blank\" rel=\"noopener\">parafuso<\/a>, tampa de garrafa de pl\u00e1stico, anel O de borracha, ferragens, bugigangas, anilha, prego, pequenos acess\u00f3rios, brinquedos, blocos de constru\u00e7\u00e3o, bot\u00e3o, medicamentos, doces, comprimido de leite, nozes e outros itens pequenos, etc.<\/p>    <figure class=\"wp-block-gallery has-nested-images columns-default is-cropped wp-block-gallery-3 is-layout-flex wp-block-gallery-is-layout-flex\"> <figure class=\"wp-block-image size-large\"><img loading=\"lazy\" decoding=\"async\" width=\"750\" height=\"500\" data-id=\"4808\" src=\"https:\/\/tianhuipackingmachine.com\/wp-content\/uploads\/2022\/01\/widely-applicable-raw-material-750x500.jpg\" alt=\"mat\u00e9ria-prima amplamente aplic\u00e1vel\" class=\"wp-image-4808\" srcset=\"https:\/\/tianhuipackingmachine.com\/wp-content\/uploads\/2022\/01\/widely-applicable-raw-material.jpg 750w, https:\/\/tianhuipackingmachine.com\/wp-content\/uploads\/2022\/01\/widely-applicable-raw-material-480x320.jpg 480w\" sizes=\"auto, (max-width: 750px) 100vw, 750px\" \/><figcaption class=\"wp-element-caption\">Mat\u00e9ria-prima amplamente aplic\u00e1vel<\/figcaption><\/figure>    <figure class=\"wp-block-image size-large\"><img loading=\"lazy\" decoding=\"async\" width=\"750\" height=\"500\" data-id=\"4807\" src=\"https:\/\/tianhuipackingmachine.com\/wp-content\/uploads\/2022\/01\/fastener-parts-packaging-effect-750x500.jpg\" alt=\"efeito de embalagem de pe\u00e7as de fixa\u00e7\u00e3o\" class=\"wp-image-4807\" srcset=\"https:\/\/tianhuipackingmachine.com\/wp-content\/uploads\/2022\/01\/fastener-parts-packaging-effect.jpg 750w, https:\/\/tianhuipackingmachine.com\/wp-content\/uploads\/2022\/01\/fastener-parts-packaging-effect-480x320.jpg 480w\" sizes=\"auto, (max-width: 750px) 100vw, 750px\" \/><figcaption class=\"wp-element-caption\">Efeito de embalagem de pe\u00e7as de fixa\u00e7\u00e3o<\/figcaption><\/figure> <\/figure>    <h2 class=\"wp-block-heading\" id=\"h-how-does-the-hardware-counting-packing-machine-work\">Como funciona a m\u00e1quina de embalagem e contagem de hardware?<\/h2>    <ol class=\"wp-block-list\"> <li>Instale cada parte da m\u00e1quina de embalagem com contagem autom\u00e1tica e conecte-a \u00e0 energia.<\/li>    <li>Certifique-se de que o filme de embalagem tenha sido instalado e coloque os objetos de embalagem no alimentador vibrat\u00f3rio.<\/li>    <li>Configure os par\u00e2metros de embalagem no painel de controle, como idioma, comprimento do saco, temperatura de selagem, etc.<\/li>    <li>Iniciando o equipamento, ele finalizar\u00e1 automaticamente o transporte das embalagens at\u00e9 a sa\u00edda, moldando a embalagem, colocando os itens nos sacos, selando e cortando.<\/li>    <li>A tela sens\u00edvel ao toque exibir\u00e1 a quantidade de produtos finalizados.<\/li>    <li>Desligue a embaladora ao terminar o trabalho.<\/li>    <li>Mantenha-o em um per\u00edodo regular.<\/li> <\/ol>    <h2 class=\"wp-block-heading\" id=\"h-automatic-counting-packaging-equipment-working-video\">V\u00eddeo de funcionamento do equipamento de embalagem de contagem autom\u00e1tica <\/h2>   <figure class=\"wp-block-embed-youtube wp-block-embed is-type-video is-provider-youtube wp-embed-aspect-16-9 wp-has-aspect-ratio\"><div class=\"lyte-wrapper\" title=\"M\u00e1quina autom\u00e1tica de contagem e embalagem | Pe\u00e7as Pequenas, Hareware, Parafuso, Pastilha de Leite, Componentes\" style=\"width:853px;max-width:100%;margin:5px auto;\"><div class=\"lyMe\" id=\"WYL_KaRf02S05d4\" itemprop=\"video\" itemscope itemtype=\"https:\/\/schema.org\/VideoObject\"><div><meta itemprop=\"thumbnailUrl\" content=\"https:\/\/i.ytimg.com\/vi\/KaRf02S05d4\/hqdefault.jpg\" \/><meta itemprop=\"embedURL\" content=\"https:\/\/www.youtube.com\/embed\/KaRf02S05d4\" \/><meta itemprop=\"duration\" content=\"PT3M27S\" \/><meta itemprop=\"uploadDate\" content=\"2022-01-07T05:57:22Z\" \/><\/div><div id=\"lyte_KaRf02S05d4\" data-src=\"https:\/\/i.ytimg.com\/vi\/KaRf02S05d4\/hqdefault.jpg\" class=\"pL\"><div class=\"tC\"><div class=\"tT\" itemprop=\"name\">M\u00e1quina autom\u00e1tica de contagem e embalagem | Pe\u00e7as Pequenas, Hareware, Parafuso, Pastilha de Leite, Componentes<\/div><\/div><div class=\"play\"><\/div><div class=\"ctrl\"><div class=\"Lctrl\"><\/div><div class=\"Rctrl\"><\/div><\/div><\/div><noscript><a href=\"https:\/\/youtu.be\/KaRf02S05d4\" rel=\"nofollow noopener\" target=\"_blank\"><img loading=\"lazy\" decoding=\"async\" src=\"https:\/\/i.ytimg.com\/vi\/KaRf02S05d4\/0.jpg\" alt=\"M\u00e1quina autom\u00e1tica de contagem e embalagem | Pe\u00e7as Pequenas, Hareware, Parafuso, Pastilha de Leite, Componentes\" width=\"853\" height=\"460\" \/><\/a><\/noscript><meta itemprop=\"description\" content=\"If you are interested in it, welcome to contact us. Website: https:\/\/tianhuipackingmachine.com\/counting-packing-machine\/ Whatsapp\/Tel: +86 17329326135 Email: sales@toppackingmachine.com The automatic counting and packing machine is composed of vibratory feeders counting system and bag packaging system. It applies to small parts, hardware, screw, milk tablet, components, and other granular materials. The number of vibratory feeders depends on the packaging objects and actual requirements for packing speed. Each vibrating tray is customized in accordance with the size of the packaging things. TH-320 granule packing machine: https:\/\/youtu.be\/WL8gU11AWqI Electric vertical packing machine: https:\/\/youtu.be\/7TSMlFBWPOY Four-head weigher packing machine: https:\/\/youtu.be\/m3XHQ9LlhgY Email: sales@toppackingmachine.com Whatsapp\/Tel: +86 17329326135\"><\/div><\/div><div class=\"lL\" style=\"max-width:100%;width:853px;margin:5px auto;\"> <a href=\"https:\/\/youtu.be\/KaRf02S05d4\" target=\"_blank\" rel=\"noopener\">Assista a este v\u00eddeo no YouTube<\/a>.<\/div><figcaption><\/figcaption><\/figure>   <h2 class=\"wp-block-heading\" id=\"h-technical-data-of-automatic-counting-packaging-machine\">Dados t\u00e9cnicos da m\u00e1quina de embalagem com contagem autom\u00e1tica<\/h2>    <figure class=\"wp-block-table is-style-stripes\"><table><tbody><tr><td>Modelo<\/td><td>TH-320<\/td><\/tr><tr><td>Poder<\/td><td>220V, 50\/60Hz, 2KW<\/td><\/tr><tr><td>Velocidade de embalagem<\/td><td>30-60 sacos\/min<\/td><\/tr><tr><td>Comprimento do saco<\/td><td>50-180mm<\/td><\/tr><tr><td>Largura da bolsa<\/td><td>40-150 mm<\/td><\/tr><tr><td>Largura m\u00e1xima do filme de embalagem<\/td><td>320 mm<\/td><\/tr><tr><td>Peso<\/td><td>300kg<\/td><\/tr><tr><td>Dimens\u00e3o<\/td><td>1200*1000*1600mm<\/td><\/tr><\/tbody><\/table><\/figure>    <p>O par\u00e2metro \u00e9 apenas uma refer\u00eancia para a m\u00e1quina embaladora de contagem padr\u00e3o TH-320. O equipamento final depende dos requisitos do cliente. E seu alimentador de rosca geralmente \u00e9 personalizado de acordo com o tamanho da embalagem e a quantidade por saco. <\/p>","protected":false},"excerpt":{"rendered":"<p>Counting packing machine&nbsp;is suitable for single kind or several kinds of small parts packaging by matching different numbers of bowl feeders. It mainly consists of a counting system and a packaging system. The counting system has two types. One is an infrared ray induction sensor, and the other one is a customized device for a [&hellip;]<\/p>\n","protected":false},"author":1,"featured_media":6525,"parent":0,"template":"","tags":[164],"product-type":[136],"class_list":["post-4793","product","type-product","status-publish","has-post-thumbnail","hentry","tag-packing-machine","product-type-granule-packing-machines"],"_links":{"self":[{"href":"https:\/\/tianhuipackingmachine.com\/pt\/wp-json\/wp\/v2\/product\/4793","targetHints":{"allow":["GET"]}}],"collection":[{"href":"https:\/\/tianhuipackingmachine.com\/pt\/wp-json\/wp\/v2\/product"}],"about":[{"href":"https:\/\/tianhuipackingmachine.com\/pt\/wp-json\/wp\/v2\/types\/product"}],"author":[{"embeddable":true,"href":"https:\/\/tianhuipackingmachine.com\/pt\/wp-json\/wp\/v2\/users\/1"}],"wp:featuredmedia":[{"embeddable":true,"href":"https:\/\/tianhuipackingmachine.com\/pt\/wp-json\/wp\/v2\/media\/6525"}],"wp:attachment":[{"href":"https:\/\/tianhuipackingmachine.com\/pt\/wp-json\/wp\/v2\/media?parent=4793"}],"wp:term":[{"taxonomy":"post_tag","embeddable":true,"href":"https:\/\/tianhuipackingmachine.com\/pt\/wp-json\/wp\/v2\/tags?post=4793"},{"taxonomy":"product-type","embeddable":true,"href":"https:\/\/tianhuipackingmachine.com\/pt\/wp-json\/wp\/v2\/product-type?post=4793"}],"curies":[{"name":"wp","href":"https:\/\/api.w.org\/{rel}","templated":true}]}}