{"id":3035,"date":"2021-10-29T17:39:09","date_gmt":"2021-10-29T09:39:09","guid":{"rendered":"https:\/\/tianhuipackingmachine.com\/?page_id=3035"},"modified":"2023-03-17T16:23:44","modified_gmt":"2023-03-17T08:23:44","slug":"food-grinding-machine","status":"publish","type":"product","link":"https:\/\/tianhuipackingmachine.com\/pt\/food-grinding-machine\/","title":{"rendered":"M\u00e1quina de moagem de alimentos"},"content":{"rendered":"<p class=\"translation-block\"><strong>A m\u00e1quina de moagem de alimentos<\/strong> \u00e9 um moedor usado para v\u00e1rios alimentos secos, como gr\u00e3os, arroz, soja, a\u00e7\u00facar, pimenta, especiarias, pimenta-do-reino, ervas, amendoim, etc. O transporte a press\u00e3o negativa faz com que o calor gerado na cavidade da m\u00e1quina seja continuamente expelido durante o processo de moagem, tornando-a tamb\u00e9m adequada para a moagem de materiais sens\u00edveis ao calor. Usando a opera\u00e7\u00e3o de velocidade relativamente alta entre o disco dentado m\u00f3vel e a roda de engrenagem fixa, o material \u00e9 submetido ao impacto do disco dentado, atrito e colis\u00e3o entre os materiais para obter o p\u00f3.<\/p>    <h2 class=\"wp-block-heading\" id=\"h-types-of-food-grinding-machine\">Tipos de m\u00e1quina de moer alimentos para venda<\/h2>    <p class=\"translation-block\">A m\u00e1quina de moagem de alimentos secos \u00e0 venda em <strong><a href=\"https:\/\/tianhuipackingmachine.com\/pt\/\">Henan Top Packing Machinery<\/a><\/strong> inclui tipo l\u00e2mina, tipo martelo cruzado, tipo turbo, tipo engrenagem e tipo peneira. Para os tipos de peneira, est\u00e3o dispon\u00edveis malhas de 40, 60, 80, 100 e 120. A malha refere-se ao n\u00famero de buracos por polegada. Quanto maior o n\u00famero de malhas por polegada, mais buracos e menor o tamanho das part\u00edculas que passam. Portanto, voc\u00ea pode escolher o tipo de peneira com mais malha se quiser obter um p\u00f3 mais fino.<\/p>    <figure class=\"wp-block-image aligncenter size-full\"><img loading=\"lazy\" decoding=\"async\" width=\"750\" height=\"500\" src=\"https:\/\/tianhuipackingmachine.com\/wp-content\/uploads\/2021\/10\/grinding-machine-for-food.jpg\" alt=\"m\u00e1quina de moer para alimentos\" class=\"wp-image-3036\" srcset=\"https:\/\/tianhuipackingmachine.com\/wp-content\/uploads\/2021\/10\/grinding-machine-for-food.jpg 750w, https:\/\/tianhuipackingmachine.com\/wp-content\/uploads\/2021\/10\/grinding-machine-for-food-300x200.jpg 300w\" sizes=\"auto, (max-width: 750px) 100vw, 750px\" \/><figcaption class=\"wp-element-caption\">M\u00e1quina de moagem para alimentos<\/figcaption><\/figure>    <h2 class=\"wp-block-heading\" id=\"h-food-grinding-machine-working-video\">V\u00eddeo de funcionamento da m\u00e1quina de moer alimentos <\/h2>   <figure class=\"wp-block-embed-youtube wp-block-embed is-type-video is-provider-youtube wp-embed-aspect-16-9 wp-has-aspect-ratio\"><div class=\"lyte-wrapper\" title=\"M\u00e1quina de moer alimentos secos | Como funciona um moedor de moagem de alimentos? | M\u00e1quina moedora de alimentos para venda\" style=\"width:853px;max-width:100%;margin:5px auto;\"><div class=\"lyMe\" id=\"WYL_6Wacp-y2C6A\" itemprop=\"video\" itemscope itemtype=\"https:\/\/schema.org\/VideoObject\"><div><meta itemprop=\"thumbnailUrl\" content=\"https:\/\/i.ytimg.com\/vi\/6Wacp-y2C6A\/hqdefault.jpg\" \/><meta itemprop=\"embedURL\" content=\"https:\/\/www.youtube.com\/embed\/6Wacp-y2C6A\" \/><meta itemprop=\"duration\" content=\"PT3M8S\" \/><meta itemprop=\"uploadDate\" content=\"2021-11-01T05:59:07Z\" \/><\/div><div id=\"lyte_6Wacp-y2C6A\" data-src=\"https:\/\/i.ytimg.com\/vi\/6Wacp-y2C6A\/hqdefault.jpg\" class=\"pL\"><div class=\"tC\"><div class=\"tT\" itemprop=\"name\">M\u00e1quina de moer alimentos secos | Como funciona um moedor de moagem de alimentos? | M\u00e1quina moedora de alimentos para venda<\/div><\/div><div class=\"play\"><\/div><div class=\"ctrl\"><div class=\"Lctrl\"><\/div><div class=\"Rctrl\"><\/div><\/div><\/div><noscript><a href=\"https:\/\/youtu.be\/6Wacp-y2C6A\" rel=\"nofollow noopener\" target=\"_blank\"><img loading=\"lazy\" decoding=\"async\" src=\"https:\/\/i.ytimg.com\/vi\/6Wacp-y2C6A\/0.jpg\" alt=\"M\u00e1quina de moer alimentos secos | Como funciona um moedor de moagem de alimentos? | M\u00e1quina moedora de alimentos para venda\" width=\"853\" height=\"460\" \/><\/a><\/noscript><meta itemprop=\"description\" content=\"More information here: https:\/\/tianhuipackingmachine.com\/food-grinding-machine\/ sales@toppackingmachine.com Whatsapp\/Tel: +86 17329326135 Dry food grinding machine is suitable for various dry food milling, such as grains, sugar, ginger, chilli, black pepper, bean, rice, seasoning, etc. It has the features of compact structure, reasonable design, simple operation, wide applications, and efficient working. The machine is made of stainless steel, durable and convenient to clean and maintain.\"><\/div><\/div><div class=\"lL\" style=\"max-width:100%;width:853px;margin:5px auto;\"> <a href=\"https:\/\/youtu.be\/6Wacp-y2C6A\" target=\"_blank\" rel=\"noopener\">Assista a este v\u00eddeo no YouTube<\/a>.<\/div><figcaption><\/figcaption><\/figure>   <h2 class=\"has-text-color wp-block-heading\" id=\"h-parameters-of-food-grinding-machine\" style=\"color:#ff5200\">Par\u00e2metros da m\u00e1quina de moer alimentos<\/h2>    <figure class=\"wp-block-table is-style-stripes\"><table><tbody><tr><td>modelo<\/td><td>TZ-18<\/td><td>TZ-20<\/td><td>TZ-30<\/td><td>TZ-40<\/td><td>TZ-60<\/td><\/tr><tr><td>Finura de processamento<\/td><td>Malha 5-120<\/td><td>Malha 5-120<\/td><td>Malha 5-120<\/td><td>Malha 5-120<\/td><td>Malha 5-120<\/td><\/tr><tr><td>Capacidade<\/td><td>5-60 kg\/hora<\/td><td>6-150 kg\/hora<\/td><td>100-200 kg\/hora<\/td><td>160-800 kg\/hora<\/td><td>500-1500 kg\/hora<\/td><\/tr><tr><td>Poder<\/td><td>2,2 kw\/h<\/td><td>4kw\/h<\/td><td>5,5 kw\/h<\/td><td>7,5 kw\/h<\/td><td>15kw\/h<\/td><\/tr><tr><td>Tamanho<\/td><td>550*600*1000mm<\/td><td>550*600*1250mm<\/td><td>600*700*1450mm<\/td><td>800*900*1550mm<\/td><td>1000*900*1680mm<\/td><\/tr><\/tbody><\/table><\/figure>    <h2 class=\"wp-block-heading\" id=\"h-features-of-food-grinder\">Caracter\u00edsticas da m\u00e1quina moedora de alimentos<\/h2>    <ol class=\"wp-block-list\" type=\"1\"> <li>Design razo\u00e1vel, estrutura compacta, opera\u00e7\u00e3o simples<\/li>    <li>Execute de forma est\u00e1vel, trabalhando de forma eficiente, moendo com alta velocidade<\/li>    <li>Ser feito de a\u00e7o inoxid\u00e1vel, dur\u00e1vel, conveniente para limpeza e manuten\u00e7\u00e3o<\/li>    <li>Adequado para uma variedade de materiais, como arroz, soja, a\u00e7\u00facar, pimenta, gr\u00e3os, condimentos, etc.<\/li>    <li>Muitos tipos de moedor de alimentos s\u00e3o opcionais<\/li> <\/ol>    <h2 class=\"wp-block-heading\" id=\"h-applications-of-grinding-miller\">Aplica\u00e7\u00f5es do moinho<\/h2>    <p>A m\u00e1quina comercial de moagem de alimentos\u00a0\u00e9 usada principalmente em todos os tipos de cereais, temperos, fitoter\u00e1picos chineses com ra\u00edzes, galhos, material de bloco e outros materiais secos, duros ou quebradi\u00e7os com baixo teor de \u00f3leo. Os materiais aplic\u00e1veis \u200b\u200bincluem feij\u00e3o, trigo, arroz, milho, cevada, arroz preto, trigo sarraceno, sorgo, gr\u00e3o de milho, pimenta preta, pimenta, feij\u00e3o de cacau, gengibre, sementes de erva-doce e assim por diante. Al\u00e9m disso, tamb\u00e9m pode ser aplicado nas ind\u00fastrias de materiais qu\u00edmicos, farmac\u00eauticos e pesticidas.<\/p>    <div class=\"wp-block-columns is-layout-flex wp-container-core-columns-is-layout-28f84493 wp-block-columns-is-layout-flex\"> <div class=\"wp-block-column is-layout-flow wp-block-column-is-layout-flow\"> <figure class=\"wp-block-image size-full\"><img loading=\"lazy\" decoding=\"async\" width=\"750\" height=\"500\" src=\"https:\/\/tianhuipackingmachine.com\/wp-content\/uploads\/2021\/10\/applications-of-food-grinder.jpg\" alt=\"aplica\u00e7\u00f5es de moedor de alimentos\" class=\"wp-image-3039\" srcset=\"https:\/\/tianhuipackingmachine.com\/wp-content\/uploads\/2021\/10\/applications-of-food-grinder.jpg 750w, https:\/\/tianhuipackingmachine.com\/wp-content\/uploads\/2021\/10\/applications-of-food-grinder-300x200.jpg 300w\" sizes=\"auto, (max-width: 750px) 100vw, 750px\" \/><figcaption class=\"wp-element-caption\">Aplica\u00e7\u00f5es do moedor de alimentos<\/figcaption><\/figure> <\/div>    <div class=\"wp-block-column is-layout-flow wp-block-column-is-layout-flow\"> <figure class=\"wp-block-image size-full\"><img loading=\"lazy\" decoding=\"async\" width=\"750\" height=\"500\" src=\"https:\/\/tianhuipackingmachine.com\/wp-content\/uploads\/2021\/10\/food-grinder-applications.jpg\" alt=\"aplica\u00e7\u00f5es de moedor de alimentos\" class=\"wp-image-3040\" srcset=\"https:\/\/tianhuipackingmachine.com\/wp-content\/uploads\/2021\/10\/food-grinder-applications.jpg 750w, https:\/\/tianhuipackingmachine.com\/wp-content\/uploads\/2021\/10\/food-grinder-applications-300x200.jpg 300w\" sizes=\"auto, (max-width: 750px) 100vw, 750px\" \/><figcaption class=\"wp-element-caption\">Aplica\u00e7\u00f5es para moedores de alimentos<\/figcaption><\/figure> <\/div> <\/div>    <h2 class=\"wp-block-heading\" id=\"h-structure-of-food-grinder\">Estrutura do equipamento moedor de alimentos<\/h2>    <p>A m\u00e1quina de tritura\u00e7\u00e3o de alimentos\u00a0consiste em entrada, dispositivo de ajuste de velocidade, parafuso de travamento, cavidade de tritura\u00e7\u00e3o, bot\u00e3o interruptor e sa\u00edda. Antes de utilizar a m\u00e1quina, deve-se certificar-se de que a cavidade de britagem esteja fechada e o parafuso travado. O principal processo de trabalho \u00e9 colocar o material no moinho pela entrada, ent\u00e3o o material fluir\u00e1 para a cavidade de britagem para moer at\u00e9 virar p\u00f3, finalmente obtendo o p\u00f3 correspondente na sa\u00edda. \u00c9 melhor preparar um saco limpo para fixar na sa\u00edda, que n\u00e3o s\u00f3 pode coletar o p\u00f3 facilmente, mas tamb\u00e9m manter o local de trabalho melhor limpo.<\/p>    <figure class=\"wp-block-image aligncenter size-full\"><img loading=\"lazy\" decoding=\"async\" width=\"750\" height=\"500\" src=\"https:\/\/tianhuipackingmachine.com\/wp-content\/uploads\/2021\/11\/structure-of-grinding-miller.jpg\" alt=\"estrutura do moinho\" class=\"wp-image-3050\" srcset=\"https:\/\/tianhuipackingmachine.com\/wp-content\/uploads\/2021\/11\/structure-of-grinding-miller.jpg 750w, https:\/\/tianhuipackingmachine.com\/wp-content\/uploads\/2021\/11\/structure-of-grinding-miller-300x200.jpg 300w\" sizes=\"auto, (max-width: 750px) 100vw, 750px\" \/><figcaption class=\"wp-element-caption\">Estrutura do moinho de moagem<\/figcaption><\/figure>    <h2 class=\"wp-block-heading\" id=\"h-related-machines\">M\u00e1quinas relacionadas<\/h2>    <p class=\"translation-block\">O equipamento de moagem de alimentos pode ser usado n\u00e3o apenas de forma isolada, mas tamb\u00e9m combinado com um liquidificador (misturador de tambor, misturador horizontal opcional) e <strong><a href=\"https:\/\/tianhuipackingmachine.com\/pt\/powder-packing-machine\/\">m\u00e1quina de embalagem de p\u00f3<\/a><\/strong> para compor uma linha de produ\u00e7\u00e3o totalmente autom\u00e1tica. A linha pode completar o processo de moagem, mistura, embalagem, selagem e contagem. Se voc\u00ea estiver interessado, pode entrar em contato conosco em breve para obter mais detalhes e o melhor pre\u00e7o.<\/p>","protected":false},"excerpt":{"rendered":"<p>Food grinding machine&nbsp;is a grinder&nbsp;used for various dry food, like grains, rice, soybean, sugar, chili, spice, black pepper, herbs, peanut, etc. Negative pressure conveying causes the heat generated in the machine cavity to be continuously discharged during the grinding process, so it is also suitable for the milling of heat-sensitive materials. Local using the relatively [&hellip;]<\/p>\n","protected":false},"author":1,"featured_media":3036,"parent":0,"template":"","tags":[203],"product-type":[144],"class_list":["post-3035","product","type-product","status-publish","has-post-thumbnail","hentry","tag-food-grinding-machine","product-type-supporting-equipment"],"_links":{"self":[{"href":"https:\/\/tianhuipackingmachine.com\/pt\/wp-json\/wp\/v2\/product\/3035","targetHints":{"allow":["GET"]}}],"collection":[{"href":"https:\/\/tianhuipackingmachine.com\/pt\/wp-json\/wp\/v2\/product"}],"about":[{"href":"https:\/\/tianhuipackingmachine.com\/pt\/wp-json\/wp\/v2\/types\/product"}],"author":[{"embeddable":true,"href":"https:\/\/tianhuipackingmachine.com\/pt\/wp-json\/wp\/v2\/users\/1"}],"wp:featuredmedia":[{"embeddable":true,"href":"https:\/\/tianhuipackingmachine.com\/pt\/wp-json\/wp\/v2\/media\/3036"}],"wp:attachment":[{"href":"https:\/\/tianhuipackingmachine.com\/pt\/wp-json\/wp\/v2\/media?parent=3035"}],"wp:term":[{"taxonomy":"post_tag","embeddable":true,"href":"https:\/\/tianhuipackingmachine.com\/pt\/wp-json\/wp\/v2\/tags?post=3035"},{"taxonomy":"product-type","embeddable":true,"href":"https:\/\/tianhuipackingmachine.com\/pt\/wp-json\/wp\/v2\/product-type?post=3035"}],"curies":[{"name":"wp","href":"https:\/\/api.w.org\/{rel}","templated":true}]}}