{"id":2876,"date":"2021-10-11T14:28:12","date_gmt":"2021-10-11T06:28:12","guid":{"rendered":"https:\/\/tianhuipackingmachine.com\/?page_id=2876"},"modified":"2024-03-08T15:03:08","modified_gmt":"2024-03-08T07:03:08","slug":"multi-head-filling-machine","status":"publish","type":"product","link":"https:\/\/tianhuipackingmachine.com\/pt\/multi-head-filling-machine\/","title":{"rendered":"M\u00e1quina de enchimento com m\u00faltiplas cabe\u00e7as"},"content":{"rendered":"<p class=\"translation-block\"><strong>A m\u00e1quina de enchimento multi-cabe\u00e7a<\/strong> est\u00e1 equipada com m\u00faltiplos pesadores ou sa\u00eddas para encher materiais. \u00c9 um tipo de m\u00e1quina de enchimento quantitativo. A m\u00e1quina pode encher materiais em sacos, garrafas, latas, etc. Existem v\u00e1rios tipos de m\u00e1quinas de enchimento multi-cabe\u00e7a para p\u00f3, gr\u00e2nulos, l\u00edquidos ou pastas. Al\u00e9m disso, o equipamento de enchimento multi-cabe\u00e7a pode ser combinado com um sistema de embalagem correspondente para se tornar m\u00e1quinas de embalagem. As m\u00e1quinas de embalagem em sacos multi-cabe\u00e7a incluem a m\u00e1quina de embalagem de bolsas pneum\u00e1tica multi-cabe\u00e7a e a m\u00e1quina de embalagem de combina\u00e7\u00e3o multi-cabe\u00e7a. A pneum\u00e1tica \u00e9 acionada por for\u00e7a pneum\u00e1tica, funcionando de forma est\u00e1vel. Al\u00e9m disso, o servi\u00e7o de personaliza\u00e7\u00e3o est\u00e1 dispon\u00edvel de acordo com suas necessidades reais.<\/p>    <h2 class=\"wp-block-heading\" id=\"h-multi-head-filling-machine-for-sale\">Venda m\u00e1quina de envase com v\u00e1rias cabe\u00e7as<\/h2>    <h3 class=\"wp-block-heading\" id=\"h-pneumatic-electronic-scale-filling-machine\">M\u00e1quina pneum\u00e1tica de envase de balan\u00e7a eletr\u00f4nica<\/h3>    <p>As m\u00e1quinas de envase pneum\u00e1tica com balan\u00e7a eletr\u00f4nica s\u00e3o opcionais de cabe\u00e7a dupla, tr\u00eas cabe\u00e7as, quatro e cinco cabe\u00e7as. Diferentes tipos de materiais podem ser colocados em diferentes funis com balan\u00e7as para pesar diferentes gramas separadamente, e esses materiais podem ser colocados no mesmo saco, garrafa ou lata. Para o mesmo produto, as sa\u00eddas de enchimento com m\u00faltiplas cabe\u00e7as podem ser configuradas para se revezar, de modo a melhorar a efici\u00eancia da produ\u00e7\u00e3o. \u00c9 adequado para v\u00e1rias part\u00edculas e p\u00f3s, como leite em p\u00f3, caf\u00e9 em p\u00f3, farinha, gr\u00e3os, ch\u00e1 perfumado, gr\u00e3o de caf\u00e9, arroz, milho, pipoca, salgadinhos, nozes, sementes, alimentos tufados, wolfberry, cereais, frutas secas, castanha , comida de cachorro, bugigangas, acess\u00f3rios de hardware e assim por diante. Al\u00e9m disso, a m\u00e1quina de pesagem e envase pode ser equipada com um sistema de embalagem, completando pesagem, confec\u00e7\u00e3o de sacos, enchimento, selagem e corte. A veda\u00e7\u00e3o traseira e a veda\u00e7\u00e3o lateral s\u00e3o opcionais.<\/p>    <div class=\"wp-block-image\"><figure class=\"aligncenter size-full\"><img loading=\"lazy\" decoding=\"async\" width=\"750\" height=\"500\" src=\"https:\/\/tianhuipackingmachine.com\/wp-content\/uploads\/2021\/10\/pneumatic-multi-head-weigher-filler.jpg\" alt=\"enchimento pneum\u00e1tico de balan\u00e7a multicabe\u00e7a\" class=\"wp-image-2879\" srcset=\"https:\/\/tianhuipackingmachine.com\/wp-content\/uploads\/2021\/10\/pneumatic-multi-head-weigher-filler.jpg 750w, https:\/\/tianhuipackingmachine.com\/wp-content\/uploads\/2021\/10\/pneumatic-multi-head-weigher-filler-300x200.jpg 300w\" sizes=\"auto, (max-width: 750px) 100vw, 750px\" \/><figcaption>enchimento pneum\u00e1tico de balan\u00e7a multicabe\u00e7a<\/figcaption><\/figure><\/div>    <h3 class=\"wp-block-heading\" id=\"h-multi-head-liquid-filling-machine\">M\u00e1quina de envase de l\u00edquidos com v\u00e1rias cabe\u00e7as<\/h3>    <p class=\"translation-block\">O equipamento de <strong><a href=\"https:\/\/tianhuipackingmachine.com\/pt\/liquid-filling-machines\/\">enchimento de l\u00edquidos multi-sa\u00edda<\/a><\/strong> pode ser usado de forma independente ou como parte da linha de produ\u00e7\u00e3o. Ele pode encher v\u00e1rias garrafas ou latas ao mesmo tempo. O alcance de enchimento dos modelos de bomba inclui 10-100ml, 50-500ml, 100-1000ml, 500-3000ml, 1000-5000ml, etc. E o n\u00famero de sa\u00eddas de enchimento pode ser personalizado com base em suas necessidades. O enchimento l\u00edquido multi-cabe\u00e7a adota um dispositivo anti-gotejamento para garantir a precis\u00e3o do enchimento sem gotejamento. Al\u00e9m disso, ele pode ser combinado com outras m\u00e1quinas para compor uma linha de produ\u00e7\u00e3o completa, como m\u00e1quina de desorganiza\u00e7\u00e3o de garrafas, <strong><a href=\"https:\/\/tianhuipackingmachine.com\/pt\/vacuum-capping-machines\/\">m\u00e1quina de tampagem<\/a><\/strong>, m\u00e1quina de rotulagem, <strong><a href=\"https:\/\/tianhuipackingmachine.com\/pt\/carton-sealing-machine\/\">m\u00e1quina de selagem de cartonagem<\/a><\/strong>, etc. Se voc\u00ea deseja encher pastas, existem enchimentos de pasta que est\u00e3o equipados com bombas de pasta. E o servi\u00e7o de personaliza\u00e7\u00e3o \u00e9 fornecido.<\/p>    <div class=\"wp-block-image\"><figure class=\"aligncenter size-full\"><img loading=\"lazy\" decoding=\"async\" width=\"750\" height=\"500\" src=\"https:\/\/tianhuipackingmachine.com\/wp-content\/uploads\/2021\/09\/multi-head-automatic-liquid-filler.jpg\" alt=\"enchedor de l\u00edquidos autom\u00e1tico com m\u00faltiplas cabe\u00e7as\" class=\"wp-image-2564\" srcset=\"https:\/\/tianhuipackingmachine.com\/wp-content\/uploads\/2021\/09\/multi-head-automatic-liquid-filler.jpg 750w, https:\/\/tianhuipackingmachine.com\/wp-content\/uploads\/2021\/09\/multi-head-automatic-liquid-filler-300x200.jpg 300w\" sizes=\"auto, (max-width: 750px) 100vw, 750px\" \/><figcaption>enchedor de l\u00edquidos autom\u00e1tico com m\u00faltiplas cabe\u00e7as<\/figcaption><\/figure><\/div>    <h2 class=\"wp-block-heading\" id=\"h-pneumatic-multi-head-pouch-packing-machine-chain-bucket-packing-machine\">M\u00e1quina pneum\u00e1tica de embalagem de bolsas de m\u00faltiplas cabe\u00e7as e m\u00e1quina de embalagem de balde de corrente<\/h2>    <p class=\"translation-block\">As m\u00e1quinas de embalagem de bolsas pneum\u00e1ticas multitrack n\u00e3o s\u00f3 podem configurar sa\u00eddas de enchimento para revezar o enchimento do mesmo material, mas tamb\u00e9m podem pesar diferentes tipos de materiais em gramas diferentes separadamente e embal\u00e1-los em um \u00fanico saco. Enquanto a m\u00e1quina de embalagem de balde de corrente n\u00e3o possui a fun\u00e7\u00e3o de pesagem. Ela pode ser combinada com v\u00e1rias pequenas <strong><a href=\"https:\/\/tianhuipackingmachine.com\/pt\/small-filling-machine\/\">m\u00e1quinas de enchimento quantitativo de mesa<\/a><\/strong> para gr\u00e2nulos ou p\u00f3s para embalar um certo peso de diferentes materiais, como ch\u00e1 aromatizado, gr\u00e3os e outros produtos mistos. Comparado com a anterior, a <strong><a href=\"https:\/\/tianhuipackingmachine.com\/pt\/chain-bucket-packing-machine\/\">m\u00e1quina de embalagem de balde de corrente<\/a><\/strong> requer mais custos. Ambas podem trabalhar juntas com m\u00e1quinas de apoio, como m\u00e1quinas de alimenta\u00e7\u00e3o, transportadores de sa\u00edda, impressoras de data, dispositivos de enchimento de nitrog\u00eanio, etc.<\/p>    <div class=\"wp-block-columns is-layout-flex wp-container-core-columns-is-layout-28f84493 wp-block-columns-is-layout-flex\"> <div class=\"wp-block-column is-layout-flow wp-block-column-is-layout-flow\"> <figure class=\"wp-block-image size-full\"><img loading=\"lazy\" decoding=\"async\" width=\"600\" height=\"450\" src=\"https:\/\/tianhuipackingmachine.com\/wp-content\/uploads\/2021\/10\/pneumatic-multitrack-pouch-packing-machine.jpg\" alt=\"m\u00e1quina de embalagem pneum\u00e1tica de bolsas multitrack\" class=\"wp-image-2880\" srcset=\"https:\/\/tianhuipackingmachine.com\/wp-content\/uploads\/2021\/10\/pneumatic-multitrack-pouch-packing-machine.jpg 600w, https:\/\/tianhuipackingmachine.com\/wp-content\/uploads\/2021\/10\/pneumatic-multitrack-pouch-packing-machine-300x225.jpg 300w\" sizes=\"auto, (max-width: 600px) 100vw, 600px\" \/><figcaption>M\u00e1quina pneum\u00e1tica de embalagem de bolsas multitrack<\/figcaption><\/figure> <\/div>    <div class=\"wp-block-column is-layout-flow wp-block-column-is-layout-flow\"> <figure class=\"wp-block-image size-full\"><img loading=\"lazy\" decoding=\"async\" width=\"600\" height=\"450\" src=\"https:\/\/tianhuipackingmachine.com\/wp-content\/uploads\/2021\/09\/chain-bucket-packing-machine.jpg\" alt=\"m\u00e1quina de embalagem de balde de corrente\" class=\"wp-image-2605\" srcset=\"https:\/\/tianhuipackingmachine.com\/wp-content\/uploads\/2021\/09\/chain-bucket-packing-machine.jpg 600w, https:\/\/tianhuipackingmachine.com\/wp-content\/uploads\/2021\/09\/chain-bucket-packing-machine-300x225.jpg 300w\" sizes=\"auto, (max-width: 600px) 100vw, 600px\" \/><figcaption>M\u00e1quina embaladora de balde de corrente<\/figcaption><\/figure> <\/div> <\/div>    <h2 class=\"wp-block-heading\" id=\"h-conclusion\">Conclus\u00e3o<\/h2>    <p class=\"translation-block\">A m\u00e1quina de enchimento multi-cabe\u00e7a \u00e9 o equipamento para encher material. O pesador el\u00e9trico multi-cabe\u00e7a pneum\u00e1tico pode revezar o enchimento de um \u00fanico material, ou pesar diferentes gramas de materiais separadamente e encher ao mesmo tempo juntos. N\u00e3o importa se \u00e9 p\u00f3, gr\u00e2nulo, l\u00edquido ou pasta, existem sistemas de enchimento e sistemas de embalagem correspondentes dispon\u00edveis. Como <strong><a href=\"https:\/\/tianhuipackingmachine.com\/pt\/\">fabricante e fornecedor de m\u00e1quinas de embalagem<\/a><\/strong>, tamb\u00e9m fornecemos m\u00e1quinas de embalagem em pillow, <strong><a href=\"https:\/\/tianhuipackingmachine.com\/pt\/vacuum-packaging-machine\/\">m\u00e1quinas de embalagem a v\u00e1cuo<\/a><\/strong>, m\u00e1quinas de selagem cont\u00ednua, m\u00e1quinas de tampagem, <strong><a href=\"https:\/\/tianhuipackingmachine.com\/pt\/semi-automatic-round-bottle-labeling-machine\/\">m\u00e1quinas de rotulagem<\/a><\/strong>, m\u00e1quinas de selagem de cartonagem, transportadores de carga, cintas transportadoras de sa\u00edda, impressoras de codifica\u00e7\u00e3o, e assim por diante. Al\u00e9m disso, apoiamos servi\u00e7os OEM com base em suas necessidades espec\u00edficas. <strong><a href=\"https:\/\/tianhuipackingmachine.com\/pt\/contact\/\">Entre em contato conosco<\/a><\/strong> para obter mais detalhes e o melhor pre\u00e7o, e responderemos a voc\u00ea o mais r\u00e1pido poss\u00edvel.<\/p>","protected":false},"excerpt":{"rendered":"<p>Multi-head filling machine is equipped with multiple weighers or outlets to fill materials. It\u2019s one kind of quantitative filling machine. The machine can fill materials into bags, bottles, cans, etc. There are a variety of multi-head filling machines for powder, granules, liquid, or paste. Besides, the multi-head filling equipment can match with accordant packaging system [&hellip;]<\/p>\n","protected":false},"author":1,"featured_media":2879,"parent":0,"template":"","tags":[162],"product-type":[141],"class_list":["post-2876","product","type-product","status-publish","has-post-thumbnail","hentry","tag-filling-machine","product-type-filling-machines"],"_links":{"self":[{"href":"https:\/\/tianhuipackingmachine.com\/pt\/wp-json\/wp\/v2\/product\/2876","targetHints":{"allow":["GET"]}}],"collection":[{"href":"https:\/\/tianhuipackingmachine.com\/pt\/wp-json\/wp\/v2\/product"}],"about":[{"href":"https:\/\/tianhuipackingmachine.com\/pt\/wp-json\/wp\/v2\/types\/product"}],"author":[{"embeddable":true,"href":"https:\/\/tianhuipackingmachine.com\/pt\/wp-json\/wp\/v2\/users\/1"}],"wp:featuredmedia":[{"embeddable":true,"href":"https:\/\/tianhuipackingmachine.com\/pt\/wp-json\/wp\/v2\/media\/2879"}],"wp:attachment":[{"href":"https:\/\/tianhuipackingmachine.com\/pt\/wp-json\/wp\/v2\/media?parent=2876"}],"wp:term":[{"taxonomy":"post_tag","embeddable":true,"href":"https:\/\/tianhuipackingmachine.com\/pt\/wp-json\/wp\/v2\/tags?post=2876"},{"taxonomy":"product-type","embeddable":true,"href":"https:\/\/tianhuipackingmachine.com\/pt\/wp-json\/wp\/v2\/product-type?post=2876"}],"curies":[{"name":"wp","href":"https:\/\/api.w.org\/{rel}","templated":true}]}}