{"id":2827,"date":"2021-09-28T16:17:47","date_gmt":"2021-09-28T08:17:47","guid":{"rendered":"https:\/\/tianhuipackingmachine.com\/?page_id=2827"},"modified":"2024-03-08T14:44:22","modified_gmt":"2024-03-08T06:44:22","slug":"flat-label-applicator","status":"publish","type":"product","link":"https:\/\/tianhuipackingmachine.com\/pt\/flat-label-applicator\/","title":{"rendered":"Aplicador de etiqueta plana"},"content":{"rendered":"<p class=\"translation-block\"><strong>Aplicador de r\u00f3tulos plano<\/strong> inclui m\u00e1quina de etiquetagem plana de mesa e uma m\u00e1quina de etiquetagem plana vertical. \u00c9 uma m\u00e1quina de etiquetagem autom\u00e1tica, adequada para v\u00e1rias superf\u00edcies planas, como sacos planos, caixas ou latas com tampas planas, cart\u00f5es, etc. A m\u00e1quina pode ser usada sozinha ou combinada com outras m\u00e1quinas para compor uma linha de produ\u00e7\u00e3o completa, como m\u00e1quina de enchimento, m\u00e1quina de selagem, m\u00e1quina de embalamento, m\u00e1quina de tampagem, m\u00e1quina de carga, transportador, impressora de data, e assim por diante. Voc\u00ea pode escolher de acordo com suas necessidades sobre o tamanho dos r\u00f3tulos, os tamanhos dos objetos a serem etiquetados, a velocidade de etiquetagem, etc. Al\u00e9m disso, voc\u00ea tamb\u00e9m pode nos contatar para obter sugest\u00f5es \u00fateis com base em seus requisitos.<\/p>    <h2 class=\"wp-block-heading\" id=\"h-flat-label-applicator-for-sale\">Aplicador de etiqueta plana para venda<\/h2>    <p>A etiquetadora autom\u00e1tica para superf\u00edcie plana na Top (Henan) Machinery \u00e0 venda \u00e9 chamada de aplicador de etiquetagem plana vertical e de mesa. O primeiro \u00e9 superior ao \u00faltimo. Uma m\u00e1quina vertical \u00e9 conveniente para operar em uma altura adequada. E a m\u00e1quina desktop \u00e9 port\u00e1til e amig\u00e1vel para pequenas e m\u00e9dias empresas. Para bolsas planas, pode combinar com m\u00e1quinas de envase de p\u00f3, gr\u00e2nulos, l\u00edquidos ou pasta, e m\u00e1quinas seladoras cont\u00ednuas de sacos para compor uma linha de produ\u00e7\u00e3o. J\u00e1 se voc\u00ea deseja etiquetar latas, pode escolher uma m\u00e1quina de envase de l\u00edquidos ou pastas e uma tampadora para compor uma linha de produ\u00e7\u00e3o. Entre em contato conosco para mais detalhes.<\/p>    <div class=\"wp-block-columns is-layout-flex wp-container-core-columns-is-layout-28f84493 wp-block-columns-is-layout-flex\"> <div class=\"wp-block-column is-layout-flow wp-block-column-is-layout-flow\"> <figure class=\"wp-block-image size-full\"><img loading=\"lazy\" decoding=\"async\" width=\"750\" height=\"500\" src=\"https:\/\/tianhuipackingmachine.com\/wp-content\/uploads\/2021\/09\/vertical-automatic-flat-labeling-machine.jpg\" alt=\"m\u00e1quina de etiquetagem plana autom\u00e1tica vertical\" class=\"wp-image-2830\" srcset=\"https:\/\/tianhuipackingmachine.com\/wp-content\/uploads\/2021\/09\/vertical-automatic-flat-labeling-machine.jpg 750w, https:\/\/tianhuipackingmachine.com\/wp-content\/uploads\/2021\/09\/vertical-automatic-flat-labeling-machine-300x200.jpg 300w\" sizes=\"auto, (max-width: 750px) 100vw, 750px\" \/><figcaption class=\"wp-element-caption\">M\u00e1quina de etiquetagem plana autom\u00e1tica vertical<\/figcaption><\/figure> <\/div>    <div class=\"wp-block-column is-layout-flow wp-block-column-is-layout-flow\"> <figure class=\"wp-block-image size-full\"><img loading=\"lazy\" decoding=\"async\" width=\"750\" height=\"500\" src=\"https:\/\/tianhuipackingmachine.com\/wp-content\/uploads\/2021\/09\/desktop-flat-labeling-machine.jpg\" alt=\"m\u00e1quina de etiquetagem plana de mesa\" class=\"wp-image-2831\" srcset=\"https:\/\/tianhuipackingmachine.com\/wp-content\/uploads\/2021\/09\/desktop-flat-labeling-machine.jpg 750w, https:\/\/tianhuipackingmachine.com\/wp-content\/uploads\/2021\/09\/desktop-flat-labeling-machine-300x200.jpg 300w\" sizes=\"auto, (max-width: 750px) 100vw, 750px\" \/><figcaption class=\"wp-element-caption\">M\u00e1quina de etiquetagem plana de mesa<\/figcaption><\/figure> <\/div> <\/div>    <h2 class=\"wp-block-heading\" id=\"h-features-of-flat-surface-labeling-machine\">Caracter\u00edsticas da etiquetadora de superf\u00edcie plana<\/h2>    <ol class=\"wp-block-list\"> <li>Design razo\u00e1vel, estrutura simples, alta efici\u00eancia, ampla aplica\u00e7\u00e3o, baixo ru\u00eddo<\/li>    <li>Execute de forma est\u00e1vel, trabalhando de forma eficiente, rotulando bem, completando automaticamente<\/li>    <li>Est\u00e3o dispon\u00edveis aplicadores de etiquetas verticais de superf\u00edcie plana e de mesa.<\/li>    <li>Ajust\u00e1vel a altura da etiqueta, a largura da correia transportadora e o comprimento revelador da etiqueta<\/li>    <li>O painel de controle inteligente pode configurar muitos par\u00e2metros para completar a etiquetagem.<\/li>    <li>A velocidade de etiquetagem \u00e9 automaticamente sincronizada com a velocidade da correia transportadora.<\/li>    <li>O bot\u00e3o de parada de emerg\u00eancia foi projetado como medida de seguran\u00e7a.<\/li>    <li>Servi\u00e7o de personaliza\u00e7\u00e3o dispon\u00edvel<\/li> <\/ol>    <h2 class=\"wp-block-heading\" id=\"h-applicable-objects-of-flat-label-applicator\">Objetos aplic\u00e1veis \u200b\u200bde aplicador de etiqueta plana<\/h2>    <p class=\"translation-block\">Um aplicador de r\u00f3tulos para superf\u00edcies planas \u00e9 adequado para todos os tipos de objetos com superf\u00edcies planas em v\u00e1rias ind\u00fastrias, como alimentos, entrega, brinquedos, cosm\u00e9ticos, produtos de uso di\u00e1rio, papelaria, medicamentos e outras ind\u00fastrias. A <strong><a href=\"https:\/\/tianhuipackingmachine.com\/pt\/automatic-round-bottle-labeling-machine-sale\/\">m\u00e1quina de etiquetagem<\/a><\/strong> aplica amplamente a sach\u00eas planos, caixas e cart\u00f5es para embalar lanches, nozes, doces, frutas, verduras, roupas, sapatos, gel de aloe vera, cosm\u00e9ticos, xampu, gel de banho, detergente para roupas, papel, pastas, marmitas, caixas de presente, etc.<\/p>    <figure class=\"wp-block-image aligncenter size-full\"><img loading=\"lazy\" decoding=\"async\" width=\"750\" height=\"500\" src=\"https:\/\/tianhuipackingmachine.com\/wp-content\/uploads\/2021\/09\/applications-of-flat-label-applicator.jpg\" alt=\"aplica\u00e7\u00f5es de aplicador de etiqueta plana\" class=\"wp-image-2832\" srcset=\"https:\/\/tianhuipackingmachine.com\/wp-content\/uploads\/2021\/09\/applications-of-flat-label-applicator.jpg 750w, https:\/\/tianhuipackingmachine.com\/wp-content\/uploads\/2021\/09\/applications-of-flat-label-applicator-300x200.jpg 300w\" sizes=\"auto, (max-width: 750px) 100vw, 750px\" \/><figcaption class=\"wp-element-caption\">Aplica\u00e7\u00f5es de aplicador de etiqueta plana<\/figcaption><\/figure>    <h2 class=\"wp-block-heading\" id=\"h-automatic-flat-labeling-machine-structure\">Estrutura autom\u00e1tica da etiquetadora plana<\/h2>    <p>O aplicador de etiqueta para superf\u00edcie plana consiste em estrutura de etiquetagem, porta-etiqueta, bot\u00e3o girat\u00f3rio, painel de opera\u00e7\u00e3o, olho el\u00e9trico, motor, bot\u00e3o de parada de emerg\u00eancia, etc. A estrutura de etiquetagem \u00e9 o local para etiquetar objetos, porta-etiqueta para fixar a etiqueta do rolo, bot\u00e3o rotativo para ajustar a altura da etiquetagem, painel de controle para definir v\u00e1rios par\u00e2metros. O olho el\u00e9trico \u00e9 sens\u00edvel para detectar material, melhorando a precis\u00e3o do trabalho. Um aplicador de etiqueta plana padr\u00e3o \u00e9 equipado com um porta-etiqueta, mas o servi\u00e7o OEM est\u00e1 dispon\u00edvel de acordo com suas necessidades. Por exemplo, se voc\u00ea deseja etiquetar a parte superior e lateral de uma lata redonda, um aplicador de etiqueta integrado pode realiz\u00e1-lo. <\/p>    <figure class=\"wp-block-image aligncenter size-full\"><img loading=\"lazy\" decoding=\"async\" width=\"750\" height=\"500\" src=\"https:\/\/tianhuipackingmachine.com\/wp-content\/uploads\/2021\/09\/the-structure-of-labeling-machine-for-flat-surfaces.jpg\" alt=\"a estrutura da etiquetadora para superf\u00edcies planas\" class=\"wp-image-2833\" srcset=\"https:\/\/tianhuipackingmachine.com\/wp-content\/uploads\/2021\/09\/the-structure-of-labeling-machine-for-flat-surfaces.jpg 750w, https:\/\/tianhuipackingmachine.com\/wp-content\/uploads\/2021\/09\/the-structure-of-labeling-machine-for-flat-surfaces-300x200.jpg 300w\" sizes=\"auto, (max-width: 750px) 100vw, 750px\" \/><figcaption class=\"wp-element-caption\">A estrutura da etiquetadora para superf\u00edcies planas<\/figcaption><\/figure>    <h2 class=\"wp-block-heading\" id=\"h-related-machines\">M\u00e1quinas relacionadas<\/h2>    <p class=\"translation-block\">Para m\u00e1quinas de etiquetagem, h\u00e1 <strong><a href=\"https:\/\/tianhuipackingmachine.com\/pt\/automatic-round-bottle-labeling-machine-sale\/\">m\u00e1quinas de etiquetagem autom\u00e1tica para garrafas redondas<\/a><\/strong> e <strong><a href=\"https:\/\/tianhuipackingmachine.com\/pt\/semi-automatic-round-bottle-labeling-machine\/\">m\u00e1quinas de etiquetagem semi-autom\u00e1ticas para garrafas redondas<\/a><\/strong> \u00e0 venda na Top(Henen) Packing Machinery tamb\u00e9m, al\u00e9m do aplicador de r\u00f3tulos planos. Esses etiquetadores podem ser usados sozinhos ou combinados com outras m\u00e1quinas para compor uma linha de produ\u00e7\u00e3o, como m\u00e1quinas de enchimento, m\u00e1quinas de tampagem, m\u00e1quinas de selagem, m\u00e1quinas de embalagem retr\u00e1til a quente, seladoras a v\u00e1cuo, <strong><a href=\"https:\/\/tianhuipackingmachine.com\/pt\/\">m\u00e1quinas de embalagem<\/a><\/strong>, etc. Se voc\u00ea quiser saber mais informa\u00e7\u00f5es, pode <strong><a href=\"https:\/\/tianhuipackingmachine.com\/pt\/contact\/\">entrar em contato conosco<\/a><\/strong> e n\u00f3s iremos responder o mais r\u00e1pido poss\u00edvel.<\/p>","protected":false},"excerpt":{"rendered":"<p>Flat label applicator includes desktop flat labeling machine and a vertical flat labeling machine. It\u2019s an automatic labeling machine, suitable for various flat surfaces, such as flat bags, boxes, or cans with flat covers, cartons, etc. The machine can be used alone or matched with other machines to compose a whole production line, like filling [&hellip;]<\/p>\n","protected":false},"author":1,"featured_media":2831,"parent":0,"template":"","tags":[172],"product-type":[144],"class_list":["post-2827","product","type-product","status-publish","has-post-thumbnail","hentry","tag-labeling-machine","product-type-supporting-equipment"],"_links":{"self":[{"href":"https:\/\/tianhuipackingmachine.com\/pt\/wp-json\/wp\/v2\/product\/2827","targetHints":{"allow":["GET"]}}],"collection":[{"href":"https:\/\/tianhuipackingmachine.com\/pt\/wp-json\/wp\/v2\/product"}],"about":[{"href":"https:\/\/tianhuipackingmachine.com\/pt\/wp-json\/wp\/v2\/types\/product"}],"author":[{"embeddable":true,"href":"https:\/\/tianhuipackingmachine.com\/pt\/wp-json\/wp\/v2\/users\/1"}],"wp:featuredmedia":[{"embeddable":true,"href":"https:\/\/tianhuipackingmachine.com\/pt\/wp-json\/wp\/v2\/media\/2831"}],"wp:attachment":[{"href":"https:\/\/tianhuipackingmachine.com\/pt\/wp-json\/wp\/v2\/media?parent=2827"}],"wp:term":[{"taxonomy":"post_tag","embeddable":true,"href":"https:\/\/tianhuipackingmachine.com\/pt\/wp-json\/wp\/v2\/tags?post=2827"},{"taxonomy":"product-type","embeddable":true,"href":"https:\/\/tianhuipackingmachine.com\/pt\/wp-json\/wp\/v2\/product-type?post=2827"}],"curies":[{"name":"wp","href":"https:\/\/api.w.org\/{rel}","templated":true}]}}